{"id":30205,"date":"2022-03-01T14:50:42","date_gmt":"2022-03-01T07:50:42","guid":{"rendered":"https:\/\/mouldking.store\/?post_type=product&#038;p=30205"},"modified":"2022-03-01T14:50:43","modified_gmt":"2022-03-01T07:50:43","slug":"tgl-6006-optimus-prime-with-2068-pieces","status":"publish","type":"product","link":"https:\/\/mouldking.store\/vi\/shop\/tgl-6006-optimus-prime-with-2068-pieces\/","title":{"rendered":"TGL 6006 Optimus Prime v\u1edbi 2068 m\u1ea3nh gh\u00e9p"},"content":{"rendered":"<p>Th\u00f4ng tin s\u1ea3n ph\u1ea9m:<\/p>\n<ol>\n<li>Th\u01b0\u01a1ng hi\u1ec7u: TGL<\/li>\n<li>Gi\u1edbi t\u00ednh: Unisex<\/li>\n<li>Name: Optimus Prime<\/li>\n<li>\u0110\u1ed9 tu\u1ed5i: &gt; 6 tu\u1ed5i<\/li>\n<li>Model Number: 6006<\/li>\n<li>Ph\u00e2n lo\u1ea1i: T\u1eadp h\u1ee3p<\/li>\n<li>H\u00ecnh d\u1ea1ng kh\u1ed1i nh\u1ef1a: G\u1ea1ch t\u1ef1 kh\u00f3a<\/li>\n<li>Ch\u1ea5t li\u1ec7u: Nh\u1ef1a<\/li>\n<li>Lo\u1ea1i nh\u1ef1a: ABS<\/li>\n<li>Bricks Blocks: 2068 PCS<\/li>\n<li>Ch\u1ee9a h\u01b0\u1edbng d\u1eabn l\u1eafp r\u00e1p chi ti\u1ebft.<\/li>\n<\/ol>\n<p>\u0110\u1ec3 \u00fd:<br \/>\n1. Kh\u00f4ng c\u00f3 h\u1ed9p ban \u0111\u1ea7u, nh\u01b0ng ch\u00fang t\u00f4i \u0111\u1ea3m b\u1ea3o s\u1ea3n ph\u1ea9m c\u1ee7a ch\u00fang t\u00f4i c\u00f3 ch\u1ea5t l\u01b0\u1ee3ng \u0111\u1ea3m b\u1ea3o v\u00e0 bao b\u00ec \u0111\u1eb9p.<br \/>\n2. V\u00ec t\u1ea5t c\u1ea3 c\u00e1c b\u1ed9 ph\u1eadn ch\u00fang t\u00f4i \u0111\u00e3 ki\u1ec3m tra tr\u01b0\u1edbc khi v\u1eadn chuy\u1ec3n, v\u00ec v\u1eady n\u1ebfu b\u1ea1n th\u1ea5y m\u1ed9t s\u1ed1 b\u1ed9 ph\u1eadn b\u1ecb thi\u1ebfu ho\u1eb7c h\u01b0 h\u1ecfng, \u0111\u1eebng lo l\u1eafng v\u00e0 ch\u1ec9 c\u1ea7n vui l\u00f2ng li\u00ean h\u1ec7 v\u1edbi ch\u00fang t\u00f4i v\u00e0 ch\u00fang t\u00f4i c\u00f3 th\u1ec3 g\u1eedi l\u1ea1i mi\u1ec5n ph\u00ed cho b\u1ea1n ngay l\u1eadp t\u1ee9c.<\/p>\n<figure id=\"attachment_30211\" aria-describedby=\"caption-attachment-30211\" style=\"width: 700px\" class=\"wp-caption aligncenter\"><img fetchpriority=\"high\" decoding=\"async\" class=\"wp-image-30211 size-full\" src=\"https:\/\/mouldking.store\/wp-content\/uploads\/2022\/03\/TGL-6006-Optimus-Prime-with-2068-pieces-6.jpg\" alt=\"TGL 6006 Optimus Prime with 2068 pieces\" width=\"700\" height=\"1024\" title=\"-\" srcset=\"https:\/\/mouldking.store\/wp-content\/uploads\/2022\/03\/TGL-6006-Optimus-Prime-with-2068-pieces-6.jpg 700w, https:\/\/mouldking.store\/wp-content\/uploads\/2022\/03\/TGL-6006-Optimus-Prime-with-2068-pieces-6-205x300.jpg 205w, https:\/\/mouldking.store\/wp-content\/uploads\/2022\/03\/TGL-6006-Optimus-Prime-with-2068-pieces-6-300x439.jpg 300w, https:\/\/mouldking.store\/wp-content\/uploads\/2022\/03\/TGL-6006-Optimus-Prime-with-2068-pieces-6-600x878.jpg 600w, https:\/\/mouldking.store\/wp-content\/uploads\/2022\/03\/TGL-6006-Optimus-Prime-with-2068-pieces-6-103x150.jpg 103w\" sizes=\"(max-width: 700px) 100vw, 700px\" \/><figcaption id=\"caption-attachment-30211\" class=\"wp-caption-text\">TGL 6006 Optimus Prime v\u1edbi 2068 m\u1ea3nh gh\u00e9p<\/figcaption><\/figure>\n<figure id=\"attachment_30210\" aria-describedby=\"caption-attachment-30210\" style=\"width: 549px\" class=\"wp-caption aligncenter\"><img decoding=\"async\" class=\"wp-image-30210 size-full\" src=\"https:\/\/mouldking.store\/wp-content\/uploads\/2022\/03\/TGL-6006-Optimus-Prime-with-2068-pieces-5.jpg\" alt=\"TGL 6006 Optimus Prime with 2068 pieces\" width=\"549\" height=\"1024\" title=\"-\" srcset=\"https:\/\/mouldking.store\/wp-content\/uploads\/2022\/03\/TGL-6006-Optimus-Prime-with-2068-pieces-5.jpg 549w, https:\/\/mouldking.store\/wp-content\/uploads\/2022\/03\/TGL-6006-Optimus-Prime-with-2068-pieces-5-161x300.jpg 161w, https:\/\/mouldking.store\/wp-content\/uploads\/2022\/03\/TGL-6006-Optimus-Prime-with-2068-pieces-5-300x560.jpg 300w, https:\/\/mouldking.store\/wp-content\/uploads\/2022\/03\/TGL-6006-Optimus-Prime-with-2068-pieces-5-80x150.jpg 80w\" sizes=\"(max-width: 549px) 100vw, 549px\" \/><figcaption id=\"caption-attachment-30210\" class=\"wp-caption-text\">TGL 6006 Optimus Prime v\u1edbi 2068 m\u1ea3nh gh\u00e9p<\/figcaption><\/figure>\n<figure id=\"attachment_30209\" aria-describedby=\"caption-attachment-30209\" style=\"width: 590px\" class=\"wp-caption aligncenter\"><img decoding=\"async\" class=\"wp-image-30209 size-full\" src=\"https:\/\/mouldking.store\/wp-content\/uploads\/2022\/03\/TGL-6006-Optimus-Prime-with-2068-pieces-4.jpg\" alt=\"TGL 6006 Optimus Prime with 2068 pieces\" width=\"590\" height=\"1024\" title=\"-\" srcset=\"https:\/\/mouldking.store\/wp-content\/uploads\/2022\/03\/TGL-6006-Optimus-Prime-with-2068-pieces-4.jpg 590w, https:\/\/mouldking.store\/wp-content\/uploads\/2022\/03\/TGL-6006-Optimus-Prime-with-2068-pieces-4-173x300.jpg 173w, https:\/\/mouldking.store\/wp-content\/uploads\/2022\/03\/TGL-6006-Optimus-Prime-with-2068-pieces-4-300x521.jpg 300w, https:\/\/mouldking.store\/wp-content\/uploads\/2022\/03\/TGL-6006-Optimus-Prime-with-2068-pieces-4-86x150.jpg 86w\" sizes=\"(max-width: 590px) 100vw, 590px\" \/><figcaption id=\"caption-attachment-30209\" class=\"wp-caption-text\">TGL 6006 Optimus Prime v\u1edbi 2068 m\u1ea3nh gh\u00e9p<\/figcaption><\/figure>\n<figure id=\"attachment_30213\" aria-describedby=\"caption-attachment-30213\" style=\"width: 595px\" class=\"wp-caption aligncenter\"><img loading=\"lazy\" decoding=\"async\" class=\"wp-image-30213 size-full\" src=\"https:\/\/mouldking.store\/wp-content\/uploads\/2022\/03\/TGL-6006-Optimus-Prime-with-2068-pieces-8.jpg\" alt=\"TGL 6006 Optimus Prime with 2068 pieces\" width=\"595\" height=\"1024\" title=\"-\" srcset=\"https:\/\/mouldking.store\/wp-content\/uploads\/2022\/03\/TGL-6006-Optimus-Prime-with-2068-pieces-8.jpg 595w, https:\/\/mouldking.store\/wp-content\/uploads\/2022\/03\/TGL-6006-Optimus-Prime-with-2068-pieces-8-174x300.jpg 174w, https:\/\/mouldking.store\/wp-content\/uploads\/2022\/03\/TGL-6006-Optimus-Prime-with-2068-pieces-8-300x516.jpg 300w, https:\/\/mouldking.store\/wp-content\/uploads\/2022\/03\/TGL-6006-Optimus-Prime-with-2068-pieces-8-87x150.jpg 87w\" sizes=\"(max-width: 595px) 100vw, 595px\" \/><figcaption id=\"caption-attachment-30213\" class=\"wp-caption-text\">TGL 6006 Optimus Prime v\u1edbi 2068 m\u1ea3nh gh\u00e9p<\/figcaption><\/figure>\n<figure id=\"attachment_30215\" aria-describedby=\"caption-attachment-30215\" style=\"width: 647px\" class=\"wp-caption aligncenter\"><img loading=\"lazy\" decoding=\"async\" class=\"wp-image-30215 size-full\" src=\"https:\/\/mouldking.store\/wp-content\/uploads\/2022\/03\/TGL-6006-Optimus-Prime-with-2068-pieces-10.jpg\" alt=\"TGL 6006 Optimus Prime with 2068 pieces\" width=\"647\" height=\"1024\" title=\"-\" srcset=\"https:\/\/mouldking.store\/wp-content\/uploads\/2022\/03\/TGL-6006-Optimus-Prime-with-2068-pieces-10.jpg 647w, https:\/\/mouldking.store\/wp-content\/uploads\/2022\/03\/TGL-6006-Optimus-Prime-with-2068-pieces-10-190x300.jpg 190w, https:\/\/mouldking.store\/wp-content\/uploads\/2022\/03\/TGL-6006-Optimus-Prime-with-2068-pieces-10-300x475.jpg 300w, https:\/\/mouldking.store\/wp-content\/uploads\/2022\/03\/TGL-6006-Optimus-Prime-with-2068-pieces-10-600x950.jpg 600w, https:\/\/mouldking.store\/wp-content\/uploads\/2022\/03\/TGL-6006-Optimus-Prime-with-2068-pieces-10-95x150.jpg 95w\" sizes=\"(max-width: 647px) 100vw, 647px\" \/><figcaption id=\"caption-attachment-30215\" class=\"wp-caption-text\">TGL 6006 Optimus Prime v\u1edbi 2068 m\u1ea3nh gh\u00e9p<\/figcaption><\/figure>\n<figure id=\"attachment_30212\" aria-describedby=\"caption-attachment-30212\" style=\"width: 629px\" class=\"wp-caption aligncenter\"><img loading=\"lazy\" decoding=\"async\" class=\"wp-image-30212 size-full\" src=\"https:\/\/mouldking.store\/wp-content\/uploads\/2022\/03\/TGL-6006-Optimus-Prime-with-2068-pieces-7.jpg\" alt=\"TGL 6006 Optimus Prime with 2068 pieces\" width=\"629\" height=\"1024\" title=\"-\" srcset=\"https:\/\/mouldking.store\/wp-content\/uploads\/2022\/03\/TGL-6006-Optimus-Prime-with-2068-pieces-7.jpg 629w, https:\/\/mouldking.store\/wp-content\/uploads\/2022\/03\/TGL-6006-Optimus-Prime-with-2068-pieces-7-184x300.jpg 184w, https:\/\/mouldking.store\/wp-content\/uploads\/2022\/03\/TGL-6006-Optimus-Prime-with-2068-pieces-7-300x488.jpg 300w, https:\/\/mouldking.store\/wp-content\/uploads\/2022\/03\/TGL-6006-Optimus-Prime-with-2068-pieces-7-600x977.jpg 600w, https:\/\/mouldking.store\/wp-content\/uploads\/2022\/03\/TGL-6006-Optimus-Prime-with-2068-pieces-7-92x150.jpg 92w\" sizes=\"(max-width: 629px) 100vw, 629px\" \/><figcaption id=\"caption-attachment-30212\" class=\"wp-caption-text\">TGL 6006 Optimus Prime v\u1edbi 2068 m\u1ea3nh gh\u00e9p<\/figcaption><\/figure>\n<figure id=\"attachment_30207\" aria-describedby=\"caption-attachment-30207\" style=\"width: 517px\" class=\"wp-caption aligncenter\"><img loading=\"lazy\" decoding=\"async\" class=\"wp-image-30207 size-full\" src=\"https:\/\/mouldking.store\/wp-content\/uploads\/2022\/03\/TGL-6006-Optimus-Prime-with-2068-pieces-2.jpg\" alt=\"TGL 6006 Optimus Prime with 2068 pieces\" width=\"517\" height=\"1024\" title=\"-\" srcset=\"https:\/\/mouldking.store\/wp-content\/uploads\/2022\/03\/TGL-6006-Optimus-Prime-with-2068-pieces-2.jpg 517w, https:\/\/mouldking.store\/wp-content\/uploads\/2022\/03\/TGL-6006-Optimus-Prime-with-2068-pieces-2-151x300.jpg 151w, https:\/\/mouldking.store\/wp-content\/uploads\/2022\/03\/TGL-6006-Optimus-Prime-with-2068-pieces-2-300x594.jpg 300w, https:\/\/mouldking.store\/wp-content\/uploads\/2022\/03\/TGL-6006-Optimus-Prime-with-2068-pieces-2-76x150.jpg 76w\" sizes=\"(max-width: 517px) 100vw, 517px\" \/><figcaption id=\"caption-attachment-30207\" class=\"wp-caption-text\">TGL 6006 Optimus Prime v\u1edbi 2068 m\u1ea3nh gh\u00e9p<\/figcaption><\/figure>\n<figure id=\"attachment_30214\" aria-describedby=\"caption-attachment-30214\" style=\"width: 1024px\" class=\"wp-caption aligncenter\"><img loading=\"lazy\" decoding=\"async\" class=\"wp-image-30214 size-full\" src=\"https:\/\/mouldking.store\/wp-content\/uploads\/2022\/03\/TGL-6006-Optimus-Prime-with-2068-pieces-9.jpg\" alt=\"TGL 6006 Optimus Prime with 2068 pieces\" width=\"1024\" height=\"985\" title=\"-\" srcset=\"https:\/\/mouldking.store\/wp-content\/uploads\/2022\/03\/TGL-6006-Optimus-Prime-with-2068-pieces-9.jpg 1024w, https:\/\/mouldking.store\/wp-content\/uploads\/2022\/03\/TGL-6006-Optimus-Prime-with-2068-pieces-9-300x289.jpg 300w, https:\/\/mouldking.store\/wp-content\/uploads\/2022\/03\/TGL-6006-Optimus-Prime-with-2068-pieces-9-768x739.jpg 768w, https:\/\/mouldking.store\/wp-content\/uploads\/2022\/03\/TGL-6006-Optimus-Prime-with-2068-pieces-9-600x577.jpg 600w, https:\/\/mouldking.store\/wp-content\/uploads\/2022\/03\/TGL-6006-Optimus-Prime-with-2068-pieces-9-150x144.jpg 150w\" sizes=\"(max-width: 1024px) 100vw, 1024px\" \/><figcaption id=\"caption-attachment-30214\" class=\"wp-caption-text\">TGL 6006 Optimus Prime v\u1edbi 2068 m\u1ea3nh gh\u00e9p<\/figcaption><\/figure>\n<figure id=\"attachment_30208\" aria-describedby=\"caption-attachment-30208\" style=\"width: 635px\" class=\"wp-caption aligncenter\"><img loading=\"lazy\" decoding=\"async\" class=\"wp-image-30208 size-full\" src=\"https:\/\/mouldking.store\/wp-content\/uploads\/2022\/03\/TGL-6006-Optimus-Prime-with-2068-pieces-3.jpg\" alt=\"TGL 6006 Optimus Prime with 2068 pieces\" width=\"635\" height=\"1024\" title=\"-\" srcset=\"https:\/\/mouldking.store\/wp-content\/uploads\/2022\/03\/TGL-6006-Optimus-Prime-with-2068-pieces-3.jpg 635w, https:\/\/mouldking.store\/wp-content\/uploads\/2022\/03\/TGL-6006-Optimus-Prime-with-2068-pieces-3-186x300.jpg 186w, https:\/\/mouldking.store\/wp-content\/uploads\/2022\/03\/TGL-6006-Optimus-Prime-with-2068-pieces-3-300x484.jpg 300w, https:\/\/mouldking.store\/wp-content\/uploads\/2022\/03\/TGL-6006-Optimus-Prime-with-2068-pieces-3-600x968.jpg 600w, https:\/\/mouldking.store\/wp-content\/uploads\/2022\/03\/TGL-6006-Optimus-Prime-with-2068-pieces-3-93x150.jpg 93w\" sizes=\"(max-width: 635px) 100vw, 635px\" \/><figcaption id=\"caption-attachment-30208\" class=\"wp-caption-text\">TGL 6006 Optimus Prime v\u1edbi 2068 m\u1ea3nh gh\u00e9p<\/figcaption><\/figure>","protected":false},"excerpt":{"rendered":"<p>Product information: Brand: TGL Gender: Unisex Name: Optimus Prime Age Range: &gt; 6 years old Model Number: 6006 Classification: Assemblage Plastic Block Shape: Self-Locking Bricks Material: Plastic Plastic Type: ABS Bricks Blocks: 2068 PCS Contains detailed assembly instructions. Notice: 1. Without an original box, but we guarantee our products have quality assurance and nice packaging. [&hellip;]<\/p>","protected":false},"featured_media":30206,"comment_status":"closed","ping_status":"closed","template":"","meta":{"_acf_changed":false},"product_cat":[371],"product_tag":[1571,4907,4906,4905],"class_list":["product","first","instock","shipping-taxable","purchasable","product-type-simple"],"acf":[],"_links":{"self":[{"href":"https:\/\/mouldking.store\/vi\/wp-json\/wp\/v2\/product\/30205","targetHints":{"allow":["GET"]}}],"collection":[{"href":"https:\/\/mouldking.store\/vi\/wp-json\/wp\/v2\/product"}],"about":[{"href":"https:\/\/mouldking.store\/vi\/wp-json\/wp\/v2\/types\/product"}],"replies":[{"embeddable":true,"href":"https:\/\/mouldking.store\/vi\/wp-json\/wp\/v2\/comments?post=30205"}],"wp:featuredmedia":[{"embeddable":true,"href":"https:\/\/mouldking.store\/vi\/wp-json\/wp\/v2\/media\/30206"}],"wp:attachment":[{"href":"https:\/\/mouldking.store\/vi\/wp-json\/wp\/v2\/media?parent=30205"}],"wp:term":[{"taxonomy":"product_cat","embeddable":true,"href":"https:\/\/mouldking.store\/vi\/wp-json\/wp\/v2\/product_cat?post=30205"},{"taxonomy":"product_tag","embeddable":true,"href":"https:\/\/mouldking.store\/vi\/wp-json\/wp\/v2\/product_tag?post=30205"}],"curies":[{"name":"wp","href":"https:\/\/api.w.org\/{rel}","templated":true}]}}