{"id":30216,"date":"2022-03-01T14:59:29","date_gmt":"2022-03-01T07:59:29","guid":{"rendered":"https:\/\/mouldking.store\/?post_type=product&#038;p=30216"},"modified":"2022-03-01T14:59:30","modified_gmt":"2022-03-01T07:59:30","slug":"forange-fc8121-fc8125-shaking-head-dinosaur","status":"publish","type":"product","link":"https:\/\/mouldking.store\/vi\/shop\/forange-fc8121-fc8125-shaking-head-dinosaur\/","title":{"rendered":"FORANGE FC8121-FC8125 L\u1eafc \u0110\u1ea7u Kh\u1ee7ng Long"},"content":{"rendered":"<p>Th\u00f4ng tin s\u1ea3n ph\u1ea9m:<\/p>\n<ol>\n<li>Th\u01b0\u01a1ng hi\u1ec7u: FORANGE<\/li>\n<li>Gi\u1edbi t\u00ednh: Unisex<\/li>\n<li>Name: Shaking Head Dinosaur<\/li>\n<li>\u0110\u1ed9 tu\u1ed5i: &gt; 6 tu\u1ed5i<\/li>\n<li>Model Number: FC8121-FC8125<\/li>\n<li>Ph\u00e2n lo\u1ea1i: T\u1eadp h\u1ee3p<\/li>\n<li>H\u00ecnh d\u1ea1ng kh\u1ed1i nh\u1ef1a: G\u1ea1ch t\u1ef1 kh\u00f3a<\/li>\n<li>Ch\u1ea5t li\u1ec7u: Nh\u1ef1a<\/li>\n<li>Lo\u1ea1i nh\u1ef1a: ABS<\/li>\n<li>Bricks Blocks: FC8121 ~289+PCS, FC8122~311+PCS, FC8123~288+PCS, FC8124 ~310+PCS, FC8125~279+PCS<\/li>\n<li>Ch\u1ee9a h\u01b0\u1edbng d\u1eabn l\u1eafp r\u00e1p chi ti\u1ebft.<\/li>\n<\/ol>\n<p>\u0110\u1ec3 \u00fd:<br \/>\n1. Kh\u00f4ng c\u00f3 h\u1ed9p ban \u0111\u1ea7u, nh\u01b0ng ch\u00fang t\u00f4i \u0111\u1ea3m b\u1ea3o s\u1ea3n ph\u1ea9m c\u1ee7a ch\u00fang t\u00f4i c\u00f3 ch\u1ea5t l\u01b0\u1ee3ng \u0111\u1ea3m b\u1ea3o v\u00e0 bao b\u00ec \u0111\u1eb9p.<br \/>\n2. V\u00ec t\u1ea5t c\u1ea3 c\u00e1c b\u1ed9 ph\u1eadn ch\u00fang t\u00f4i \u0111\u00e3 ki\u1ec3m tra tr\u01b0\u1edbc khi v\u1eadn chuy\u1ec3n, v\u00ec v\u1eady n\u1ebfu b\u1ea1n th\u1ea5y m\u1ed9t s\u1ed1 b\u1ed9 ph\u1eadn b\u1ecb thi\u1ebfu ho\u1eb7c h\u01b0 h\u1ecfng, \u0111\u1eebng lo l\u1eafng v\u00e0 ch\u1ec9 c\u1ea7n vui l\u00f2ng li\u00ean h\u1ec7 v\u1edbi ch\u00fang t\u00f4i v\u00e0 ch\u00fang t\u00f4i c\u00f3 th\u1ec3 g\u1eedi l\u1ea1i mi\u1ec5n ph\u00ed cho b\u1ea1n ngay l\u1eadp t\u1ee9c.<\/p>\n<figure id=\"attachment_30217\" aria-describedby=\"caption-attachment-30217\" style=\"width: 800px\" class=\"wp-caption aligncenter\"><img fetchpriority=\"high\" decoding=\"async\" class=\"wp-image-30217 size-full\" src=\"https:\/\/mouldking.store\/wp-content\/uploads\/2022\/03\/FORANGE-FC8121-FC8125-Shaking-Head-Dinosaur-1.jpg\" alt=\"FORANGE FC8121-FC8125 Shaking Head Dinosaur\" width=\"800\" height=\"800\" title=\"-\" srcset=\"https:\/\/mouldking.store\/wp-content\/uploads\/2022\/03\/FORANGE-FC8121-FC8125-Shaking-Head-Dinosaur-1.jpg 800w, https:\/\/mouldking.store\/wp-content\/uploads\/2022\/03\/FORANGE-FC8121-FC8125-Shaking-Head-Dinosaur-1-300x300.jpg 300w, https:\/\/mouldking.store\/wp-content\/uploads\/2022\/03\/FORANGE-FC8121-FC8125-Shaking-Head-Dinosaur-1-768x768.jpg 768w, https:\/\/mouldking.store\/wp-content\/uploads\/2022\/03\/FORANGE-FC8121-FC8125-Shaking-Head-Dinosaur-1-600x600.jpg 600w, https:\/\/mouldking.store\/wp-content\/uploads\/2022\/03\/FORANGE-FC8121-FC8125-Shaking-Head-Dinosaur-1-150x150.jpg 150w\" sizes=\"(max-width: 800px) 100vw, 800px\" \/><figcaption id=\"caption-attachment-30217\" class=\"wp-caption-text\">FORANGE FC8121-FC8125 L\u1eafc \u0110\u1ea7u Kh\u1ee7ng Long<\/figcaption><\/figure>\n<figure id=\"attachment_30218\" aria-describedby=\"caption-attachment-30218\" style=\"width: 388px\" class=\"wp-caption aligncenter\"><img decoding=\"async\" class=\"wp-image-30218 size-full\" src=\"https:\/\/mouldking.store\/wp-content\/uploads\/2022\/03\/FORANGE-FC8121-FC8125-Shaking-Head-Dinosaur-2.jpg\" alt=\"FORANGE FC8121-FC8125 Shaking Head Dinosaur\" width=\"388\" height=\"1024\" title=\"-\" srcset=\"https:\/\/mouldking.store\/wp-content\/uploads\/2022\/03\/FORANGE-FC8121-FC8125-Shaking-Head-Dinosaur-2.jpg 388w, https:\/\/mouldking.store\/wp-content\/uploads\/2022\/03\/FORANGE-FC8121-FC8125-Shaking-Head-Dinosaur-2-114x300.jpg 114w, https:\/\/mouldking.store\/wp-content\/uploads\/2022\/03\/FORANGE-FC8121-FC8125-Shaking-Head-Dinosaur-2-300x792.jpg 300w, https:\/\/mouldking.store\/wp-content\/uploads\/2022\/03\/FORANGE-FC8121-FC8125-Shaking-Head-Dinosaur-2-57x150.jpg 57w\" sizes=\"(max-width: 388px) 100vw, 388px\" \/><figcaption id=\"caption-attachment-30218\" class=\"wp-caption-text\">FORANGE FC8121-FC8125 L\u1eafc \u0110\u1ea7u Kh\u1ee7ng Long<\/figcaption><\/figure>\n<figure id=\"attachment_30219\" aria-describedby=\"caption-attachment-30219\" style=\"width: 430px\" class=\"wp-caption aligncenter\"><img decoding=\"async\" class=\"wp-image-30219 size-full\" src=\"https:\/\/mouldking.store\/wp-content\/uploads\/2022\/03\/FORANGE-FC8121-FC8125-Shaking-Head-Dinosaur-3.jpg\" alt=\"FORANGE FC8121-FC8125 Shaking Head Dinosaur\" width=\"430\" height=\"1024\" title=\"-\" srcset=\"https:\/\/mouldking.store\/wp-content\/uploads\/2022\/03\/FORANGE-FC8121-FC8125-Shaking-Head-Dinosaur-3.jpg 430w, https:\/\/mouldking.store\/wp-content\/uploads\/2022\/03\/FORANGE-FC8121-FC8125-Shaking-Head-Dinosaur-3-126x300.jpg 126w, https:\/\/mouldking.store\/wp-content\/uploads\/2022\/03\/FORANGE-FC8121-FC8125-Shaking-Head-Dinosaur-3-300x714.jpg 300w, https:\/\/mouldking.store\/wp-content\/uploads\/2022\/03\/FORANGE-FC8121-FC8125-Shaking-Head-Dinosaur-3-63x150.jpg 63w\" sizes=\"(max-width: 430px) 100vw, 430px\" \/><figcaption id=\"caption-attachment-30219\" class=\"wp-caption-text\">FORANGE FC8121-FC8125 L\u1eafc \u0110\u1ea7u Kh\u1ee7ng Long<\/figcaption><\/figure>\n<figure id=\"attachment_30226\" aria-describedby=\"caption-attachment-30226\" style=\"width: 800px\" class=\"wp-caption aligncenter\"><img loading=\"lazy\" decoding=\"async\" class=\"wp-image-30226 size-full\" src=\"https:\/\/mouldking.store\/wp-content\/uploads\/2022\/03\/FORANGE-FC8121-FC8125-Shaking-Head-Dinosaur-6.jpg\" alt=\"FORANGE FC8121-FC8125 Shaking Head Dinosaur\" width=\"800\" height=\"800\" title=\"-\" srcset=\"https:\/\/mouldking.store\/wp-content\/uploads\/2022\/03\/FORANGE-FC8121-FC8125-Shaking-Head-Dinosaur-6.jpg 800w, https:\/\/mouldking.store\/wp-content\/uploads\/2022\/03\/FORANGE-FC8121-FC8125-Shaking-Head-Dinosaur-6-300x300.jpg 300w, https:\/\/mouldking.store\/wp-content\/uploads\/2022\/03\/FORANGE-FC8121-FC8125-Shaking-Head-Dinosaur-6-768x768.jpg 768w, https:\/\/mouldking.store\/wp-content\/uploads\/2022\/03\/FORANGE-FC8121-FC8125-Shaking-Head-Dinosaur-6-600x600.jpg 600w, https:\/\/mouldking.store\/wp-content\/uploads\/2022\/03\/FORANGE-FC8121-FC8125-Shaking-Head-Dinosaur-6-150x150.jpg 150w\" sizes=\"(max-width: 800px) 100vw, 800px\" \/><figcaption id=\"caption-attachment-30226\" class=\"wp-caption-text\">FORANGE FC8121-FC8125 L\u1eafc \u0110\u1ea7u Kh\u1ee7ng Long<\/figcaption><\/figure>\n<figure id=\"attachment_30225\" aria-describedby=\"caption-attachment-30225\" style=\"width: 565px\" class=\"wp-caption aligncenter\"><img loading=\"lazy\" decoding=\"async\" class=\"wp-image-30225 size-full\" src=\"https:\/\/mouldking.store\/wp-content\/uploads\/2022\/03\/FORANGE-FC8121-FC8125-Shaking-Head-Dinosaur-4.png\" alt=\"FORANGE FC8121-FC8125 Shaking Head Dinosaur\" width=\"565\" height=\"529\" title=\"-\" srcset=\"https:\/\/mouldking.store\/wp-content\/uploads\/2022\/03\/FORANGE-FC8121-FC8125-Shaking-Head-Dinosaur-4.png 565w, https:\/\/mouldking.store\/wp-content\/uploads\/2022\/03\/FORANGE-FC8121-FC8125-Shaking-Head-Dinosaur-4-300x281.png 300w, https:\/\/mouldking.store\/wp-content\/uploads\/2022\/03\/FORANGE-FC8121-FC8125-Shaking-Head-Dinosaur-4-150x140.png 150w\" sizes=\"(max-width: 565px) 100vw, 565px\" \/><figcaption id=\"caption-attachment-30225\" class=\"wp-caption-text\">FORANGE FC8121-FC8125 L\u1eafc \u0110\u1ea7u Kh\u1ee7ng Long<\/figcaption><\/figure>\n<figure id=\"attachment_30220\" aria-describedby=\"caption-attachment-30220\" style=\"width: 486px\" class=\"wp-caption aligncenter\"><img loading=\"lazy\" decoding=\"async\" class=\"wp-image-30220 size-full\" src=\"https:\/\/mouldking.store\/wp-content\/uploads\/2022\/03\/FORANGE-FC8121-FC8125-Shaking-Head-Dinosaur-4.jpg\" alt=\"FORANGE FC8121-FC8125 Shaking Head Dinosaur\" width=\"486\" height=\"1024\" title=\"-\" srcset=\"https:\/\/mouldking.store\/wp-content\/uploads\/2022\/03\/FORANGE-FC8121-FC8125-Shaking-Head-Dinosaur-4.jpg 486w, https:\/\/mouldking.store\/wp-content\/uploads\/2022\/03\/FORANGE-FC8121-FC8125-Shaking-Head-Dinosaur-4-142x300.jpg 142w, https:\/\/mouldking.store\/wp-content\/uploads\/2022\/03\/FORANGE-FC8121-FC8125-Shaking-Head-Dinosaur-4-300x632.jpg 300w, https:\/\/mouldking.store\/wp-content\/uploads\/2022\/03\/FORANGE-FC8121-FC8125-Shaking-Head-Dinosaur-4-71x150.jpg 71w\" sizes=\"(max-width: 486px) 100vw, 486px\" \/><figcaption id=\"caption-attachment-30220\" class=\"wp-caption-text\">FORANGE FC8121-FC8125 L\u1eafc \u0110\u1ea7u Kh\u1ee7ng Long<\/figcaption><\/figure>\n<figure id=\"attachment_30221\" aria-describedby=\"caption-attachment-30221\" style=\"width: 750px\" class=\"wp-caption aligncenter\"><img loading=\"lazy\" decoding=\"async\" class=\"wp-image-30221 size-full\" src=\"https:\/\/mouldking.store\/wp-content\/uploads\/2022\/03\/FORANGE-FC8121-FC8125-Shaking-Head-Dinosaur-5.jpg\" alt=\"FORANGE FC8121-FC8125 Shaking Head Dinosaur\" width=\"750\" height=\"572\" title=\"-\" srcset=\"https:\/\/mouldking.store\/wp-content\/uploads\/2022\/03\/FORANGE-FC8121-FC8125-Shaking-Head-Dinosaur-5.jpg 750w, https:\/\/mouldking.store\/wp-content\/uploads\/2022\/03\/FORANGE-FC8121-FC8125-Shaking-Head-Dinosaur-5-300x229.jpg 300w, https:\/\/mouldking.store\/wp-content\/uploads\/2022\/03\/FORANGE-FC8121-FC8125-Shaking-Head-Dinosaur-5-600x458.jpg 600w, https:\/\/mouldking.store\/wp-content\/uploads\/2022\/03\/FORANGE-FC8121-FC8125-Shaking-Head-Dinosaur-5-150x114.jpg 150w\" sizes=\"(max-width: 750px) 100vw, 750px\" \/><figcaption id=\"caption-attachment-30221\" class=\"wp-caption-text\">FORANGE FC8121-FC8125 L\u1eafc \u0110\u1ea7u Kh\u1ee7ng Long<\/figcaption><\/figure>\n<figure id=\"attachment_30222\" aria-describedby=\"caption-attachment-30222\" style=\"width: 617px\" class=\"wp-caption aligncenter\"><img loading=\"lazy\" decoding=\"async\" class=\"wp-image-30222 size-full\" src=\"https:\/\/mouldking.store\/wp-content\/uploads\/2022\/03\/FORANGE-FC8121-FC8125-Shaking-Head-Dinosaur-1.png\" alt=\"FORANGE FC8121-FC8125 Shaking Head Dinosaur\" width=\"617\" height=\"471\" title=\"-\" srcset=\"https:\/\/mouldking.store\/wp-content\/uploads\/2022\/03\/FORANGE-FC8121-FC8125-Shaking-Head-Dinosaur-1.png 617w, https:\/\/mouldking.store\/wp-content\/uploads\/2022\/03\/FORANGE-FC8121-FC8125-Shaking-Head-Dinosaur-1-300x229.png 300w, https:\/\/mouldking.store\/wp-content\/uploads\/2022\/03\/FORANGE-FC8121-FC8125-Shaking-Head-Dinosaur-1-600x458.png 600w, https:\/\/mouldking.store\/wp-content\/uploads\/2022\/03\/FORANGE-FC8121-FC8125-Shaking-Head-Dinosaur-1-150x115.png 150w\" sizes=\"(max-width: 617px) 100vw, 617px\" \/><figcaption id=\"caption-attachment-30222\" class=\"wp-caption-text\">FORANGE FC8121-FC8125 L\u1eafc \u0110\u1ea7u Kh\u1ee7ng Long<\/figcaption><\/figure>\n<figure id=\"attachment_30223\" aria-describedby=\"caption-attachment-30223\" style=\"width: 622px\" class=\"wp-caption aligncenter\"><img loading=\"lazy\" decoding=\"async\" class=\"wp-image-30223 size-full\" src=\"https:\/\/mouldking.store\/wp-content\/uploads\/2022\/03\/FORANGE-FC8121-FC8125-Shaking-Head-Dinosaur-2.png\" alt=\"FORANGE FC8121-FC8125 Shaking Head Dinosaur\" width=\"622\" height=\"475\" title=\"-\" srcset=\"https:\/\/mouldking.store\/wp-content\/uploads\/2022\/03\/FORANGE-FC8121-FC8125-Shaking-Head-Dinosaur-2.png 622w, https:\/\/mouldking.store\/wp-content\/uploads\/2022\/03\/FORANGE-FC8121-FC8125-Shaking-Head-Dinosaur-2-300x229.png 300w, https:\/\/mouldking.store\/wp-content\/uploads\/2022\/03\/FORANGE-FC8121-FC8125-Shaking-Head-Dinosaur-2-600x458.png 600w, https:\/\/mouldking.store\/wp-content\/uploads\/2022\/03\/FORANGE-FC8121-FC8125-Shaking-Head-Dinosaur-2-150x115.png 150w\" sizes=\"(max-width: 622px) 100vw, 622px\" \/><figcaption id=\"caption-attachment-30223\" class=\"wp-caption-text\">FORANGE FC8121-FC8125 L\u1eafc \u0110\u1ea7u Kh\u1ee7ng Long<\/figcaption><\/figure>\n<figure id=\"attachment_30224\" aria-describedby=\"caption-attachment-30224\" style=\"width: 555px\" class=\"wp-caption aligncenter\"><img loading=\"lazy\" decoding=\"async\" class=\"wp-image-30224 size-full\" src=\"https:\/\/mouldking.store\/wp-content\/uploads\/2022\/03\/FORANGE-FC8121-FC8125-Shaking-Head-Dinosaur-3.png\" alt=\"FORANGE FC8121-FC8125 Shaking Head Dinosaur\" width=\"555\" height=\"421\" title=\"-\" srcset=\"https:\/\/mouldking.store\/wp-content\/uploads\/2022\/03\/FORANGE-FC8121-FC8125-Shaking-Head-Dinosaur-3.png 555w, https:\/\/mouldking.store\/wp-content\/uploads\/2022\/03\/FORANGE-FC8121-FC8125-Shaking-Head-Dinosaur-3-300x228.png 300w, https:\/\/mouldking.store\/wp-content\/uploads\/2022\/03\/FORANGE-FC8121-FC8125-Shaking-Head-Dinosaur-3-150x114.png 150w\" sizes=\"(max-width: 555px) 100vw, 555px\" \/><figcaption id=\"caption-attachment-30224\" class=\"wp-caption-text\">FORANGE FC8121-FC8125 L\u1eafc \u0110\u1ea7u Kh\u1ee7ng Long<\/figcaption><\/figure>","protected":false},"excerpt":{"rendered":"<p>Product information: Brand: FORANGE Gender: Unisex Name: Shaking Head Dinosaur Age Range: &gt; 6 years old Model Number: FC8121-FC8125 Classification: Assemblage Plastic Block Shape: Self-Locking Bricks Material: Plastic Plastic Type: ABS Bricks Blocks: FC8121 ~289+PCS, FC8122~311+PCS, FC8123~288+PCS, FC8124 ~310+PCS, FC8125~279+PCS Contains detailed assembly instructions. Notice: 1. Without an original box, but we guarantee our products [&hellip;]<\/p>","protected":false},"featured_media":30217,"comment_status":"closed","ping_status":"closed","template":"","meta":{"_acf_changed":false},"product_cat":[371],"product_tag":[2541,4912,4911,4913,4914,4915,4916,2595,4909,4908,4910],"class_list":["product","first","instock","shipping-taxable","purchasable","product-type-variable"],"acf":[],"_links":{"self":[{"href":"https:\/\/mouldking.store\/vi\/wp-json\/wp\/v2\/product\/30216","targetHints":{"allow":["GET"]}}],"collection":[{"href":"https:\/\/mouldking.store\/vi\/wp-json\/wp\/v2\/product"}],"about":[{"href":"https:\/\/mouldking.store\/vi\/wp-json\/wp\/v2\/types\/product"}],"replies":[{"embeddable":true,"href":"https:\/\/mouldking.store\/vi\/wp-json\/wp\/v2\/comments?post=30216"}],"wp:featuredmedia":[{"embeddable":true,"href":"https:\/\/mouldking.store\/vi\/wp-json\/wp\/v2\/media\/30217"}],"wp:attachment":[{"href":"https:\/\/mouldking.store\/vi\/wp-json\/wp\/v2\/media?parent=30216"}],"wp:term":[{"taxonomy":"product_cat","embeddable":true,"href":"https:\/\/mouldking.store\/vi\/wp-json\/wp\/v2\/product_cat?post=30216"},{"taxonomy":"product_tag","embeddable":true,"href":"https:\/\/mouldking.store\/vi\/wp-json\/wp\/v2\/product_tag?post=30216"}],"curies":[{"name":"wp","href":"https:\/\/api.w.org\/{rel}","templated":true}]}}