{"id":30272,"date":"2021-12-01T16:28:25","date_gmt":"2021-12-01T09:28:25","guid":{"rendered":"https:\/\/mouldking.store\/?post_type=product&#038;p=30272"},"modified":"2022-03-01T16:31:58","modified_gmt":"2022-03-01T09:31:58","slug":"sembo-sd-601156-christmas-snowman-gift-house-with-573-pieces","status":"publish","type":"product","link":"https:\/\/mouldking.store\/vi\/shop\/sembo-sd-601156-christmas-snowman-gift-house-with-573-pieces\/","title":{"rendered":"Ng\u00f4i nh\u00e0 qu\u00e0 t\u1eb7ng ng\u01b0\u1eddi tuy\u1ebft Gi\u00e1ng sinh Sembo SD 601156 v\u1edbi 573 m\u1ea3nh gh\u00e9p"},"content":{"rendered":"<p>Th\u00f4ng tin s\u1ea3n ph\u1ea9m:<\/p>\n<ol>\n<li>Th\u01b0\u01a1ng hi\u1ec7u: Sembo<\/li>\n<li>Gi\u1edbi t\u00ednh: Unisex<\/li>\n<li>Name: Christmas Snowman Gift House<\/li>\n<li>\u0110\u1ed9 tu\u1ed5i: &gt; 6 tu\u1ed5i<\/li>\n<li>Model Number: SD 601156<\/li>\n<li>Ph\u00e2n lo\u1ea1i: T\u1eadp h\u1ee3p<\/li>\n<li>H\u00ecnh d\u1ea1ng kh\u1ed1i nh\u1ef1a: G\u1ea1ch t\u1ef1 kh\u00f3a<\/li>\n<li>Ch\u1ea5t li\u1ec7u: Nh\u1ef1a<\/li>\n<li>Lo\u1ea1i nh\u1ef1a: ABS<\/li>\n<li>Bricks Blocks: 573 PCS<\/li>\n<li>Ch\u1ee9a h\u01b0\u1edbng d\u1eabn l\u1eafp r\u00e1p chi ti\u1ebft.<\/li>\n<\/ol>\n<p>\u0110\u1ec3 \u00fd:<br \/>\n1. Kh\u00f4ng c\u00f3 h\u1ed9p ban \u0111\u1ea7u, nh\u01b0ng ch\u00fang t\u00f4i \u0111\u1ea3m b\u1ea3o s\u1ea3n ph\u1ea9m c\u1ee7a ch\u00fang t\u00f4i c\u00f3 ch\u1ea5t l\u01b0\u1ee3ng \u0111\u1ea3m b\u1ea3o v\u00e0 bao b\u00ec \u0111\u1eb9p.<br \/>\n2. V\u00ec t\u1ea5t c\u1ea3 c\u00e1c b\u1ed9 ph\u1eadn ch\u00fang t\u00f4i \u0111\u00e3 ki\u1ec3m tra tr\u01b0\u1edbc khi v\u1eadn chuy\u1ec3n, v\u00ec v\u1eady n\u1ebfu b\u1ea1n th\u1ea5y m\u1ed9t s\u1ed1 b\u1ed9 ph\u1eadn b\u1ecb thi\u1ebfu ho\u1eb7c h\u01b0 h\u1ecfng, \u0111\u1eebng lo l\u1eafng v\u00e0 ch\u1ec9 c\u1ea7n vui l\u00f2ng li\u00ean h\u1ec7 v\u1edbi ch\u00fang t\u00f4i v\u00e0 ch\u00fang t\u00f4i c\u00f3 th\u1ec3 g\u1eedi l\u1ea1i mi\u1ec5n ph\u00ed cho b\u1ea1n ngay l\u1eadp t\u1ee9c.<\/p>\n<figure id=\"attachment_30273\" aria-describedby=\"caption-attachment-30273\" style=\"width: 800px\" class=\"wp-caption aligncenter\"><img fetchpriority=\"high\" decoding=\"async\" class=\"wp-image-30273 size-full\" src=\"https:\/\/mouldking.store\/wp-content\/uploads\/2022\/03\/Sembo-SD-601156-Christmas-Snowman-Gift-House-with-573-pieces-1.jpg\" alt=\"Sembo SD 601156 Christmas Snowman Gift House with 573 pieces\" width=\"800\" height=\"800\" title=\"-\" srcset=\"https:\/\/mouldking.store\/wp-content\/uploads\/2022\/03\/Sembo-SD-601156-Christmas-Snowman-Gift-House-with-573-pieces-1.jpg 800w, https:\/\/mouldking.store\/wp-content\/uploads\/2022\/03\/Sembo-SD-601156-Christmas-Snowman-Gift-House-with-573-pieces-1-300x300.jpg 300w, https:\/\/mouldking.store\/wp-content\/uploads\/2022\/03\/Sembo-SD-601156-Christmas-Snowman-Gift-House-with-573-pieces-1-768x768.jpg 768w, https:\/\/mouldking.store\/wp-content\/uploads\/2022\/03\/Sembo-SD-601156-Christmas-Snowman-Gift-House-with-573-pieces-1-600x600.jpg 600w, https:\/\/mouldking.store\/wp-content\/uploads\/2022\/03\/Sembo-SD-601156-Christmas-Snowman-Gift-House-with-573-pieces-1-150x150.jpg 150w\" sizes=\"(max-width: 800px) 100vw, 800px\" \/><figcaption id=\"caption-attachment-30273\" class=\"wp-caption-text\">Ng\u00f4i nh\u00e0 qu\u00e0 t\u1eb7ng ng\u01b0\u1eddi tuy\u1ebft Gi\u00e1ng sinh Sembo SD 601156 v\u1edbi 573 m\u1ea3nh gh\u00e9p<\/figcaption><\/figure>\n<figure id=\"attachment_30276\" aria-describedby=\"caption-attachment-30276\" style=\"width: 632px\" class=\"wp-caption aligncenter\"><img decoding=\"async\" class=\"wp-image-30276 size-full\" src=\"https:\/\/mouldking.store\/wp-content\/uploads\/2022\/03\/Sembo-SD-601156-Christmas-Snowman-Gift-House-with-573-pieces-4.jpg\" alt=\"Sembo SD 601156 Christmas Snowman Gift House with 573 pieces\" width=\"632\" height=\"1024\" title=\"-\" srcset=\"https:\/\/mouldking.store\/wp-content\/uploads\/2022\/03\/Sembo-SD-601156-Christmas-Snowman-Gift-House-with-573-pieces-4.jpg 632w, https:\/\/mouldking.store\/wp-content\/uploads\/2022\/03\/Sembo-SD-601156-Christmas-Snowman-Gift-House-with-573-pieces-4-185x300.jpg 185w, https:\/\/mouldking.store\/wp-content\/uploads\/2022\/03\/Sembo-SD-601156-Christmas-Snowman-Gift-House-with-573-pieces-4-300x486.jpg 300w, https:\/\/mouldking.store\/wp-content\/uploads\/2022\/03\/Sembo-SD-601156-Christmas-Snowman-Gift-House-with-573-pieces-4-600x972.jpg 600w, https:\/\/mouldking.store\/wp-content\/uploads\/2022\/03\/Sembo-SD-601156-Christmas-Snowman-Gift-House-with-573-pieces-4-93x150.jpg 93w\" sizes=\"(max-width: 632px) 100vw, 632px\" \/><figcaption id=\"caption-attachment-30276\" class=\"wp-caption-text\">Ng\u00f4i nh\u00e0 qu\u00e0 t\u1eb7ng ng\u01b0\u1eddi tuy\u1ebft Gi\u00e1ng sinh Sembo SD 601156 v\u1edbi 573 m\u1ea3nh gh\u00e9p<\/figcaption><\/figure>\n<figure id=\"attachment_30278\" aria-describedby=\"caption-attachment-30278\" style=\"width: 652px\" class=\"wp-caption aligncenter\"><img decoding=\"async\" class=\"wp-image-30278 size-full\" src=\"https:\/\/mouldking.store\/wp-content\/uploads\/2022\/03\/Sembo-SD-601156-Christmas-Snowman-Gift-House-with-573-pieces-6.jpg\" alt=\"Sembo SD 601156 Christmas Snowman Gift House with 573 pieces\" width=\"652\" height=\"1024\" title=\"-\" srcset=\"https:\/\/mouldking.store\/wp-content\/uploads\/2022\/03\/Sembo-SD-601156-Christmas-Snowman-Gift-House-with-573-pieces-6.jpg 652w, https:\/\/mouldking.store\/wp-content\/uploads\/2022\/03\/Sembo-SD-601156-Christmas-Snowman-Gift-House-with-573-pieces-6-191x300.jpg 191w, https:\/\/mouldking.store\/wp-content\/uploads\/2022\/03\/Sembo-SD-601156-Christmas-Snowman-Gift-House-with-573-pieces-6-300x471.jpg 300w, https:\/\/mouldking.store\/wp-content\/uploads\/2022\/03\/Sembo-SD-601156-Christmas-Snowman-Gift-House-with-573-pieces-6-600x942.jpg 600w, https:\/\/mouldking.store\/wp-content\/uploads\/2022\/03\/Sembo-SD-601156-Christmas-Snowman-Gift-House-with-573-pieces-6-96x150.jpg 96w\" sizes=\"(max-width: 652px) 100vw, 652px\" \/><figcaption id=\"caption-attachment-30278\" class=\"wp-caption-text\">Ng\u00f4i nh\u00e0 qu\u00e0 t\u1eb7ng ng\u01b0\u1eddi tuy\u1ebft Gi\u00e1ng sinh Sembo SD 601156 v\u1edbi 573 m\u1ea3nh gh\u00e9p<\/figcaption><\/figure>\n<figure id=\"attachment_30275\" aria-describedby=\"caption-attachment-30275\" style=\"width: 554px\" class=\"wp-caption aligncenter\"><img loading=\"lazy\" decoding=\"async\" class=\"wp-image-30275 size-full\" src=\"https:\/\/mouldking.store\/wp-content\/uploads\/2022\/03\/Sembo-SD-601156-Christmas-Snowman-Gift-House-with-573-pieces-3.jpg\" alt=\"Sembo SD 601156 Christmas Snowman Gift House with 573 pieces\" width=\"554\" height=\"1024\" title=\"-\" srcset=\"https:\/\/mouldking.store\/wp-content\/uploads\/2022\/03\/Sembo-SD-601156-Christmas-Snowman-Gift-House-with-573-pieces-3.jpg 554w, https:\/\/mouldking.store\/wp-content\/uploads\/2022\/03\/Sembo-SD-601156-Christmas-Snowman-Gift-House-with-573-pieces-3-162x300.jpg 162w, https:\/\/mouldking.store\/wp-content\/uploads\/2022\/03\/Sembo-SD-601156-Christmas-Snowman-Gift-House-with-573-pieces-3-300x555.jpg 300w, https:\/\/mouldking.store\/wp-content\/uploads\/2022\/03\/Sembo-SD-601156-Christmas-Snowman-Gift-House-with-573-pieces-3-81x150.jpg 81w\" sizes=\"(max-width: 554px) 100vw, 554px\" \/><figcaption id=\"caption-attachment-30275\" class=\"wp-caption-text\">Ng\u00f4i nh\u00e0 qu\u00e0 t\u1eb7ng ng\u01b0\u1eddi tuy\u1ebft Gi\u00e1ng sinh Sembo SD 601156 v\u1edbi 573 m\u1ea3nh gh\u00e9p<\/figcaption><\/figure>\n<figure id=\"attachment_30277\" aria-describedby=\"caption-attachment-30277\" style=\"width: 512px\" class=\"wp-caption aligncenter\"><img loading=\"lazy\" decoding=\"async\" class=\"wp-image-30277 size-full\" src=\"https:\/\/mouldking.store\/wp-content\/uploads\/2022\/03\/Sembo-SD-601156-Christmas-Snowman-Gift-House-with-573-pieces-5.jpg\" alt=\"Sembo SD 601156 Christmas Snowman Gift House with 573 pieces\" width=\"512\" height=\"1024\" title=\"-\" srcset=\"https:\/\/mouldking.store\/wp-content\/uploads\/2022\/03\/Sembo-SD-601156-Christmas-Snowman-Gift-House-with-573-pieces-5.jpg 512w, https:\/\/mouldking.store\/wp-content\/uploads\/2022\/03\/Sembo-SD-601156-Christmas-Snowman-Gift-House-with-573-pieces-5-150x300.jpg 150w, https:\/\/mouldking.store\/wp-content\/uploads\/2022\/03\/Sembo-SD-601156-Christmas-Snowman-Gift-House-with-573-pieces-5-300x600.jpg 300w, https:\/\/mouldking.store\/wp-content\/uploads\/2022\/03\/Sembo-SD-601156-Christmas-Snowman-Gift-House-with-573-pieces-5-75x150.jpg 75w\" sizes=\"(max-width: 512px) 100vw, 512px\" \/><figcaption id=\"caption-attachment-30277\" class=\"wp-caption-text\">Ng\u00f4i nh\u00e0 qu\u00e0 t\u1eb7ng ng\u01b0\u1eddi tuy\u1ebft Gi\u00e1ng sinh Sembo SD 601156 v\u1edbi 573 m\u1ea3nh gh\u00e9p<\/figcaption><\/figure>\n<figure id=\"attachment_30274\" aria-describedby=\"caption-attachment-30274\" style=\"width: 1024px\" class=\"wp-caption aligncenter\"><img loading=\"lazy\" decoding=\"async\" class=\"wp-image-30274 size-full\" src=\"https:\/\/mouldking.store\/wp-content\/uploads\/2022\/03\/Sembo-SD-601156-Christmas-Snowman-Gift-House-with-573-pieces-2.jpg\" alt=\"Sembo SD 601156 Christmas Snowman Gift House with 573 pieces\" width=\"1024\" height=\"666\" title=\"-\" srcset=\"https:\/\/mouldking.store\/wp-content\/uploads\/2022\/03\/Sembo-SD-601156-Christmas-Snowman-Gift-House-with-573-pieces-2.jpg 1024w, https:\/\/mouldking.store\/wp-content\/uploads\/2022\/03\/Sembo-SD-601156-Christmas-Snowman-Gift-House-with-573-pieces-2-300x195.jpg 300w, https:\/\/mouldking.store\/wp-content\/uploads\/2022\/03\/Sembo-SD-601156-Christmas-Snowman-Gift-House-with-573-pieces-2-768x500.jpg 768w, https:\/\/mouldking.store\/wp-content\/uploads\/2022\/03\/Sembo-SD-601156-Christmas-Snowman-Gift-House-with-573-pieces-2-600x390.jpg 600w, https:\/\/mouldking.store\/wp-content\/uploads\/2022\/03\/Sembo-SD-601156-Christmas-Snowman-Gift-House-with-573-pieces-2-150x98.jpg 150w\" sizes=\"(max-width: 1024px) 100vw, 1024px\" \/><figcaption id=\"caption-attachment-30274\" class=\"wp-caption-text\">Ng\u00f4i nh\u00e0 qu\u00e0 t\u1eb7ng ng\u01b0\u1eddi tuy\u1ebft Gi\u00e1ng sinh Sembo SD 601156 v\u1edbi 573 m\u1ea3nh gh\u00e9p<\/figcaption><\/figure>","protected":false},"excerpt":{"rendered":"<p>Product information: Brand: Sembo Gender: Unisex Name: Christmas Snowman Gift House Age Range: &gt; 6 years old Model Number: SD 601156 Classification: Assemblage Plastic Block Shape: Self-Locking Bricks Material: Plastic Plastic Type: ABS Bricks Blocks: 573 PCS Contains detailed assembly instructions. Notice: 1. Without an original box, but we guarantee our products have quality assurance [&hellip;]<\/p>","protected":false},"featured_media":30273,"comment_status":"closed","ping_status":"closed","template":"","meta":{"_acf_changed":false},"product_cat":[371],"product_tag":[1066,4944,4942,4948,4945,2318,4943,1491,4941,4946,4940,4939,4947],"class_list":["product","first","instock","shipping-taxable","purchasable","product-type-simple"],"acf":[],"_links":{"self":[{"href":"https:\/\/mouldking.store\/vi\/wp-json\/wp\/v2\/product\/30272","targetHints":{"allow":["GET"]}}],"collection":[{"href":"https:\/\/mouldking.store\/vi\/wp-json\/wp\/v2\/product"}],"about":[{"href":"https:\/\/mouldking.store\/vi\/wp-json\/wp\/v2\/types\/product"}],"replies":[{"embeddable":true,"href":"https:\/\/mouldking.store\/vi\/wp-json\/wp\/v2\/comments?post=30272"}],"wp:featuredmedia":[{"embeddable":true,"href":"https:\/\/mouldking.store\/vi\/wp-json\/wp\/v2\/media\/30273"}],"wp:attachment":[{"href":"https:\/\/mouldking.store\/vi\/wp-json\/wp\/v2\/media?parent=30272"}],"wp:term":[{"taxonomy":"product_cat","embeddable":true,"href":"https:\/\/mouldking.store\/vi\/wp-json\/wp\/v2\/product_cat?post=30272"},{"taxonomy":"product_tag","embeddable":true,"href":"https:\/\/mouldking.store\/vi\/wp-json\/wp\/v2\/product_tag?post=30272"}],"curies":[{"name":"wp","href":"https:\/\/api.w.org\/{rel}","templated":true}]}}