{"id":30299,"date":"2022-03-01T16:53:14","date_gmt":"2022-03-01T09:53:14","guid":{"rendered":"https:\/\/mouldking.store\/?post_type=product&#038;p=30299"},"modified":"2022-03-01T16:53:14","modified_gmt":"2022-03-01T09:53:14","slug":"tgl-t5013-mclaren-senna-with-3780-pieces","status":"publish","type":"product","link":"https:\/\/mouldking.store\/vi\/shop\/tgl-t5013-mclaren-senna-with-3780-pieces\/","title":{"rendered":"TGL T5013 McLaren Senna v\u1edbi 3780 chi\u1ebfc"},"content":{"rendered":"<p>Th\u00f4ng tin s\u1ea3n ph\u1ea9m:<\/p>\n<ol>\n<li>Th\u01b0\u01a1ng hi\u1ec7u: TGL<\/li>\n<li>Gi\u1edbi t\u00ednh: Unisex<\/li>\n<li>T\u00ean: McLaren Senna<\/li>\n<li>\u0110\u1ed9 tu\u1ed5i: &gt; 6 tu\u1ed5i<\/li>\n<li>S\u1ed1 m\u00f4 h\u00ecnh: T5013<\/li>\n<li>Ph\u00e2n lo\u1ea1i: T\u1eadp h\u1ee3p<\/li>\n<li>H\u00ecnh d\u1ea1ng kh\u1ed1i nh\u1ef1a: G\u1ea1ch t\u1ef1 kh\u00f3a<\/li>\n<li>Ch\u1ea5t li\u1ec7u: Nh\u1ef1a<\/li>\n<li>Lo\u1ea1i nh\u1ef1a: ABS<\/li>\n<li>Kh\u1ed1i g\u1ea1ch: 3780 C\u00c1I<\/li>\n<li>Ch\u1ee9a h\u01b0\u1edbng d\u1eabn l\u1eafp r\u00e1p chi ti\u1ebft.<\/li>\n<\/ol>\n<p>\u0110\u1ec3 \u00fd:<br \/>\n1. Kh\u00f4ng c\u00f3 h\u1ed9p ban \u0111\u1ea7u, nh\u01b0ng ch\u00fang t\u00f4i \u0111\u1ea3m b\u1ea3o s\u1ea3n ph\u1ea9m c\u1ee7a ch\u00fang t\u00f4i c\u00f3 ch\u1ea5t l\u01b0\u1ee3ng \u0111\u1ea3m b\u1ea3o v\u00e0 bao b\u00ec \u0111\u1eb9p.<br \/>\n2. V\u00ec t\u1ea5t c\u1ea3 c\u00e1c b\u1ed9 ph\u1eadn ch\u00fang t\u00f4i \u0111\u00e3 ki\u1ec3m tra tr\u01b0\u1edbc khi v\u1eadn chuy\u1ec3n, v\u00ec v\u1eady n\u1ebfu b\u1ea1n th\u1ea5y m\u1ed9t s\u1ed1 b\u1ed9 ph\u1eadn b\u1ecb thi\u1ebfu ho\u1eb7c h\u01b0 h\u1ecfng, \u0111\u1eebng lo l\u1eafng v\u00e0 ch\u1ec9 c\u1ea7n vui l\u00f2ng li\u00ean h\u1ec7 v\u1edbi ch\u00fang t\u00f4i v\u00e0 ch\u00fang t\u00f4i c\u00f3 th\u1ec3 g\u1eedi l\u1ea1i mi\u1ec5n ph\u00ed cho b\u1ea1n ngay l\u1eadp t\u1ee9c.<\/p>\n<figure id=\"attachment_30300\" aria-describedby=\"caption-attachment-30300\" style=\"width: 800px\" class=\"wp-caption aligncenter\"><img fetchpriority=\"high\" decoding=\"async\" class=\"wp-image-30300 size-full\" src=\"https:\/\/mouldking.store\/wp-content\/uploads\/2022\/03\/TGL-T5013-McLaren-Senna-with-3780-pieces-1.jpg\" alt=\"TGL T5013 McLaren Senna with 3780 pieces\" width=\"800\" height=\"800\" title=\"-\" srcset=\"https:\/\/mouldking.store\/wp-content\/uploads\/2022\/03\/TGL-T5013-McLaren-Senna-with-3780-pieces-1.jpg 800w, https:\/\/mouldking.store\/wp-content\/uploads\/2022\/03\/TGL-T5013-McLaren-Senna-with-3780-pieces-1-300x300.jpg 300w, https:\/\/mouldking.store\/wp-content\/uploads\/2022\/03\/TGL-T5013-McLaren-Senna-with-3780-pieces-1-768x768.jpg 768w, https:\/\/mouldking.store\/wp-content\/uploads\/2022\/03\/TGL-T5013-McLaren-Senna-with-3780-pieces-1-600x600.jpg 600w, https:\/\/mouldking.store\/wp-content\/uploads\/2022\/03\/TGL-T5013-McLaren-Senna-with-3780-pieces-1-150x150.jpg 150w\" sizes=\"(max-width: 800px) 100vw, 800px\" \/><figcaption id=\"caption-attachment-30300\" class=\"wp-caption-text\">TGL T5013 McLaren Senna v\u1edbi 3780 chi\u1ebfc<\/figcaption><\/figure>\n<figure id=\"attachment_30308\" aria-describedby=\"caption-attachment-30308\" style=\"width: 800px\" class=\"wp-caption aligncenter\"><img decoding=\"async\" class=\"wp-image-30308 size-full\" src=\"https:\/\/mouldking.store\/wp-content\/uploads\/2022\/03\/TGL-T5013-McLaren-Senna-with-3780-pieces-9.jpg\" alt=\"TGL T5013 McLaren Senna with 3780 pieces\" width=\"800\" height=\"800\" title=\"-\" srcset=\"https:\/\/mouldking.store\/wp-content\/uploads\/2022\/03\/TGL-T5013-McLaren-Senna-with-3780-pieces-9.jpg 800w, https:\/\/mouldking.store\/wp-content\/uploads\/2022\/03\/TGL-T5013-McLaren-Senna-with-3780-pieces-9-300x300.jpg 300w, https:\/\/mouldking.store\/wp-content\/uploads\/2022\/03\/TGL-T5013-McLaren-Senna-with-3780-pieces-9-768x768.jpg 768w, https:\/\/mouldking.store\/wp-content\/uploads\/2022\/03\/TGL-T5013-McLaren-Senna-with-3780-pieces-9-600x600.jpg 600w, https:\/\/mouldking.store\/wp-content\/uploads\/2022\/03\/TGL-T5013-McLaren-Senna-with-3780-pieces-9-150x150.jpg 150w\" sizes=\"(max-width: 800px) 100vw, 800px\" \/><figcaption id=\"caption-attachment-30308\" class=\"wp-caption-text\">TGL T5013 McLaren Senna v\u1edbi 3780 chi\u1ebfc<\/figcaption><\/figure>\n<figure id=\"attachment_30307\" aria-describedby=\"caption-attachment-30307\" style=\"width: 565px\" class=\"wp-caption aligncenter\"><img decoding=\"async\" class=\"wp-image-30307 size-full\" src=\"https:\/\/mouldking.store\/wp-content\/uploads\/2022\/03\/TGL-T5013-McLaren-Senna-with-3780-pieces-8.jpg\" alt=\"TGL T5013 McLaren Senna with 3780 pieces\" width=\"565\" height=\"1024\" title=\"-\" srcset=\"https:\/\/mouldking.store\/wp-content\/uploads\/2022\/03\/TGL-T5013-McLaren-Senna-with-3780-pieces-8.jpg 565w, https:\/\/mouldking.store\/wp-content\/uploads\/2022\/03\/TGL-T5013-McLaren-Senna-with-3780-pieces-8-166x300.jpg 166w, https:\/\/mouldking.store\/wp-content\/uploads\/2022\/03\/TGL-T5013-McLaren-Senna-with-3780-pieces-8-300x544.jpg 300w, https:\/\/mouldking.store\/wp-content\/uploads\/2022\/03\/TGL-T5013-McLaren-Senna-with-3780-pieces-8-83x150.jpg 83w\" sizes=\"(max-width: 565px) 100vw, 565px\" \/><figcaption id=\"caption-attachment-30307\" class=\"wp-caption-text\">TGL T5013 McLaren Senna v\u1edbi 3780 chi\u1ebfc<\/figcaption><\/figure>\n<figure id=\"attachment_30305\" aria-describedby=\"caption-attachment-30305\" style=\"width: 710px\" class=\"wp-caption aligncenter\"><img loading=\"lazy\" decoding=\"async\" class=\"wp-image-30305 size-full\" src=\"https:\/\/mouldking.store\/wp-content\/uploads\/2022\/03\/TGL-T5013-McLaren-Senna-with-3780-pieces-6.jpg\" alt=\"TGL T5013 McLaren Senna with 3780 pieces\" width=\"710\" height=\"1024\" title=\"-\" srcset=\"https:\/\/mouldking.store\/wp-content\/uploads\/2022\/03\/TGL-T5013-McLaren-Senna-with-3780-pieces-6.jpg 710w, https:\/\/mouldking.store\/wp-content\/uploads\/2022\/03\/TGL-T5013-McLaren-Senna-with-3780-pieces-6-208x300.jpg 208w, https:\/\/mouldking.store\/wp-content\/uploads\/2022\/03\/TGL-T5013-McLaren-Senna-with-3780-pieces-6-300x433.jpg 300w, https:\/\/mouldking.store\/wp-content\/uploads\/2022\/03\/TGL-T5013-McLaren-Senna-with-3780-pieces-6-600x865.jpg 600w, https:\/\/mouldking.store\/wp-content\/uploads\/2022\/03\/TGL-T5013-McLaren-Senna-with-3780-pieces-6-104x150.jpg 104w\" sizes=\"(max-width: 710px) 100vw, 710px\" \/><figcaption id=\"caption-attachment-30305\" class=\"wp-caption-text\">TGL T5013 McLaren Senna v\u1edbi 3780 chi\u1ebfc<\/figcaption><\/figure>\n<figure id=\"attachment_30303\" aria-describedby=\"caption-attachment-30303\" style=\"width: 650px\" class=\"wp-caption aligncenter\"><img loading=\"lazy\" decoding=\"async\" class=\"wp-image-30303 size-full\" src=\"https:\/\/mouldking.store\/wp-content\/uploads\/2022\/03\/TGL-T5013-McLaren-Senna-with-3780-pieces-4.jpg\" alt=\"TGL T5013 McLaren Senna with 3780 pieces\" width=\"650\" height=\"1024\" title=\"-\" srcset=\"https:\/\/mouldking.store\/wp-content\/uploads\/2022\/03\/TGL-T5013-McLaren-Senna-with-3780-pieces-4.jpg 650w, https:\/\/mouldking.store\/wp-content\/uploads\/2022\/03\/TGL-T5013-McLaren-Senna-with-3780-pieces-4-190x300.jpg 190w, https:\/\/mouldking.store\/wp-content\/uploads\/2022\/03\/TGL-T5013-McLaren-Senna-with-3780-pieces-4-300x473.jpg 300w, https:\/\/mouldking.store\/wp-content\/uploads\/2022\/03\/TGL-T5013-McLaren-Senna-with-3780-pieces-4-600x945.jpg 600w, https:\/\/mouldking.store\/wp-content\/uploads\/2022\/03\/TGL-T5013-McLaren-Senna-with-3780-pieces-4-95x150.jpg 95w\" sizes=\"(max-width: 650px) 100vw, 650px\" \/><figcaption id=\"caption-attachment-30303\" class=\"wp-caption-text\">TGL T5013 McLaren Senna v\u1edbi 3780 chi\u1ebfc<\/figcaption><\/figure>\n<figure id=\"attachment_30306\" aria-describedby=\"caption-attachment-30306\" style=\"width: 790px\" class=\"wp-caption aligncenter\"><img loading=\"lazy\" decoding=\"async\" class=\"wp-image-30306 size-full\" src=\"https:\/\/mouldking.store\/wp-content\/uploads\/2022\/03\/TGL-T5013-McLaren-Senna-with-3780-pieces-7.jpg\" alt=\"TGL T5013 McLaren Senna with 3780 pieces\" width=\"790\" height=\"897\" title=\"-\" srcset=\"https:\/\/mouldking.store\/wp-content\/uploads\/2022\/03\/TGL-T5013-McLaren-Senna-with-3780-pieces-7.jpg 790w, https:\/\/mouldking.store\/wp-content\/uploads\/2022\/03\/TGL-T5013-McLaren-Senna-with-3780-pieces-7-264x300.jpg 264w, https:\/\/mouldking.store\/wp-content\/uploads\/2022\/03\/TGL-T5013-McLaren-Senna-with-3780-pieces-7-768x872.jpg 768w, https:\/\/mouldking.store\/wp-content\/uploads\/2022\/03\/TGL-T5013-McLaren-Senna-with-3780-pieces-7-300x341.jpg 300w, https:\/\/mouldking.store\/wp-content\/uploads\/2022\/03\/TGL-T5013-McLaren-Senna-with-3780-pieces-7-600x681.jpg 600w, https:\/\/mouldking.store\/wp-content\/uploads\/2022\/03\/TGL-T5013-McLaren-Senna-with-3780-pieces-7-132x150.jpg 132w\" sizes=\"(max-width: 790px) 100vw, 790px\" \/><figcaption id=\"caption-attachment-30306\" class=\"wp-caption-text\">TGL T5013 McLaren Senna v\u1edbi 3780 chi\u1ebfc<\/figcaption><\/figure>\n<figure id=\"attachment_30304\" aria-describedby=\"caption-attachment-30304\" style=\"width: 790px\" class=\"wp-caption aligncenter\"><img loading=\"lazy\" decoding=\"async\" class=\"wp-image-30304 size-full\" src=\"https:\/\/mouldking.store\/wp-content\/uploads\/2022\/03\/TGL-T5013-McLaren-Senna-with-3780-pieces-5.jpg\" alt=\"TGL T5013 McLaren Senna with 3780 pieces\" width=\"790\" height=\"921\" title=\"-\" srcset=\"https:\/\/mouldking.store\/wp-content\/uploads\/2022\/03\/TGL-T5013-McLaren-Senna-with-3780-pieces-5.jpg 790w, https:\/\/mouldking.store\/wp-content\/uploads\/2022\/03\/TGL-T5013-McLaren-Senna-with-3780-pieces-5-257x300.jpg 257w, https:\/\/mouldking.store\/wp-content\/uploads\/2022\/03\/TGL-T5013-McLaren-Senna-with-3780-pieces-5-768x895.jpg 768w, https:\/\/mouldking.store\/wp-content\/uploads\/2022\/03\/TGL-T5013-McLaren-Senna-with-3780-pieces-5-300x350.jpg 300w, https:\/\/mouldking.store\/wp-content\/uploads\/2022\/03\/TGL-T5013-McLaren-Senna-with-3780-pieces-5-600x699.jpg 600w, https:\/\/mouldking.store\/wp-content\/uploads\/2022\/03\/TGL-T5013-McLaren-Senna-with-3780-pieces-5-129x150.jpg 129w\" sizes=\"(max-width: 790px) 100vw, 790px\" \/><figcaption id=\"caption-attachment-30304\" class=\"wp-caption-text\">TGL T5013 McLaren Senna v\u1edbi 3780 chi\u1ebfc<\/figcaption><\/figure>\n<figure id=\"attachment_30302\" aria-describedby=\"caption-attachment-30302\" style=\"width: 800px\" class=\"wp-caption aligncenter\"><img loading=\"lazy\" decoding=\"async\" class=\"wp-image-30302 size-full\" src=\"https:\/\/mouldking.store\/wp-content\/uploads\/2022\/03\/TGL-T5013-McLaren-Senna-with-3780-pieces-3.jpg\" alt=\"TGL T5013 McLaren Senna with 3780 pieces\" width=\"800\" height=\"800\" title=\"-\" srcset=\"https:\/\/mouldking.store\/wp-content\/uploads\/2022\/03\/TGL-T5013-McLaren-Senna-with-3780-pieces-3.jpg 800w, https:\/\/mouldking.store\/wp-content\/uploads\/2022\/03\/TGL-T5013-McLaren-Senna-with-3780-pieces-3-300x300.jpg 300w, https:\/\/mouldking.store\/wp-content\/uploads\/2022\/03\/TGL-T5013-McLaren-Senna-with-3780-pieces-3-768x768.jpg 768w, https:\/\/mouldking.store\/wp-content\/uploads\/2022\/03\/TGL-T5013-McLaren-Senna-with-3780-pieces-3-600x600.jpg 600w, https:\/\/mouldking.store\/wp-content\/uploads\/2022\/03\/TGL-T5013-McLaren-Senna-with-3780-pieces-3-150x150.jpg 150w\" sizes=\"(max-width: 800px) 100vw, 800px\" \/><figcaption id=\"caption-attachment-30302\" class=\"wp-caption-text\">TGL T5013 McLaren Senna v\u1edbi 3780 chi\u1ebfc<\/figcaption><\/figure>\n<figure id=\"attachment_30301\" aria-describedby=\"caption-attachment-30301\" style=\"width: 800px\" class=\"wp-caption aligncenter\"><img loading=\"lazy\" decoding=\"async\" class=\"wp-image-30301 size-full\" src=\"https:\/\/mouldking.store\/wp-content\/uploads\/2022\/03\/TGL-T5013-McLaren-Senna-with-3780-pieces-2.jpg\" alt=\"TGL T5013 McLaren Senna with 3780 pieces\" width=\"800\" height=\"800\" title=\"-\" srcset=\"https:\/\/mouldking.store\/wp-content\/uploads\/2022\/03\/TGL-T5013-McLaren-Senna-with-3780-pieces-2.jpg 800w, https:\/\/mouldking.store\/wp-content\/uploads\/2022\/03\/TGL-T5013-McLaren-Senna-with-3780-pieces-2-300x300.jpg 300w, https:\/\/mouldking.store\/wp-content\/uploads\/2022\/03\/TGL-T5013-McLaren-Senna-with-3780-pieces-2-768x768.jpg 768w, https:\/\/mouldking.store\/wp-content\/uploads\/2022\/03\/TGL-T5013-McLaren-Senna-with-3780-pieces-2-600x600.jpg 600w, https:\/\/mouldking.store\/wp-content\/uploads\/2022\/03\/TGL-T5013-McLaren-Senna-with-3780-pieces-2-150x150.jpg 150w\" sizes=\"(max-width: 800px) 100vw, 800px\" \/><figcaption id=\"caption-attachment-30301\" class=\"wp-caption-text\">TGL T5013 McLaren Senna v\u1edbi 3780 chi\u1ebfc<\/figcaption><\/figure>","protected":false},"excerpt":{"rendered":"<p>Product information: Brand: TGL Gender: Unisex Name: McLaren Senna Age Range: &gt; 6 years old Model Number: T5013 Classification: Assemblage Plastic Block Shape: Self-Locking Bricks Material: Plastic Plastic Type: ABS Bricks Blocks: 3780 PCS Contains detailed assembly instructions. Notice: 1. Without an original box, but we guarantee our products have quality assurance and nice packaging. [&hellip;]<\/p>","protected":false},"featured_media":30308,"comment_status":"closed","ping_status":"closed","template":"","meta":{"_acf_changed":false},"product_cat":[364],"product_tag":[1744,1258,3932,4970,2739,4969,4968,4967],"class_list":["product","first","instock","shipping-taxable","purchasable","product-type-variable"],"acf":[],"_links":{"self":[{"href":"https:\/\/mouldking.store\/vi\/wp-json\/wp\/v2\/product\/30299","targetHints":{"allow":["GET"]}}],"collection":[{"href":"https:\/\/mouldking.store\/vi\/wp-json\/wp\/v2\/product"}],"about":[{"href":"https:\/\/mouldking.store\/vi\/wp-json\/wp\/v2\/types\/product"}],"replies":[{"embeddable":true,"href":"https:\/\/mouldking.store\/vi\/wp-json\/wp\/v2\/comments?post=30299"}],"wp:featuredmedia":[{"embeddable":true,"href":"https:\/\/mouldking.store\/vi\/wp-json\/wp\/v2\/media\/30308"}],"wp:attachment":[{"href":"https:\/\/mouldking.store\/vi\/wp-json\/wp\/v2\/media?parent=30299"}],"wp:term":[{"taxonomy":"product_cat","embeddable":true,"href":"https:\/\/mouldking.store\/vi\/wp-json\/wp\/v2\/product_cat?post=30299"},{"taxonomy":"product_tag","embeddable":true,"href":"https:\/\/mouldking.store\/vi\/wp-json\/wp\/v2\/product_tag?post=30299"}],"curies":[{"name":"wp","href":"https:\/\/api.w.org\/{rel}","templated":true}]}}