{"id":30316,"date":"2022-03-02T11:14:27","date_gmt":"2022-03-02T04:14:27","guid":{"rendered":"https:\/\/mouldking.store\/?post_type=product&#038;p=30316"},"modified":"2024-09-03T15:07:07","modified_gmt":"2024-09-03T08:07:07","slug":"mork-033006-medieval-city-church-with-4418-pieces","status":"publish","type":"product","link":"https:\/\/mouldking.store\/vi\/shop\/mork-033006-medieval-city-church-with-4418-pieces\/","title":{"rendered":"Mork 033006 Nh\u00e0 th\u1edd th\u00e0nh ph\u1ed1 th\u1eddi trung c\u1ed5 v\u1edbi 4418 mi\u1ebfng"},"content":{"rendered":"<p>Th\u00f4ng tin s\u1ea3n ph\u1ea9m:<\/p>\n<ol>\n<li>Th\u01b0\u01a1ng hi\u1ec7u: Morks<\/li>\n<li>Gi\u1edbi t\u00ednh: Unisex<\/li>\n<li>T\u00ean: Nh\u00e0 th\u1edd th\u00e0nh ph\u1ed1 th\u1eddi trung c\u1ed5<\/li>\n<li>\u0110\u1ed9 tu\u1ed5i: &gt; 18 tu\u1ed5i<\/li>\n<li>S\u1ed1 m\u00f4 h\u00ecnh: 033006<\/li>\n<li>Ph\u00e2n lo\u1ea1i: T\u1eadp h\u1ee3p<\/li>\n<li>H\u00ecnh d\u1ea1ng kh\u1ed1i nh\u1ef1a: G\u1ea1ch t\u1ef1 kh\u00f3a<\/li>\n<li>Ch\u1ea5t li\u1ec7u: Nh\u1ef1a<\/li>\n<li>Lo\u1ea1i nh\u1ef1a: ABS<\/li>\n<li>Kh\u1ed1i g\u1ea1ch: 4418 C\u00c1I<\/li>\n<li>Ch\u1ee9a h\u01b0\u1edbng d\u1eabn l\u1eafp r\u00e1p chi ti\u1ebft.<\/li>\n<\/ol>\n<p>\u0110\u1ec3 \u00fd:<br \/>\n1. Kh\u00f4ng c\u00f3 h\u1ed9p ban \u0111\u1ea7u, nh\u01b0ng ch\u00fang t\u00f4i \u0111\u1ea3m b\u1ea3o s\u1ea3n ph\u1ea9m c\u1ee7a ch\u00fang t\u00f4i c\u00f3 ch\u1ea5t l\u01b0\u1ee3ng \u0111\u1ea3m b\u1ea3o v\u00e0 bao b\u00ec \u0111\u1eb9p.<br \/>\n2. V\u00ec t\u1ea5t c\u1ea3 c\u00e1c b\u1ed9 ph\u1eadn ch\u00fang t\u00f4i \u0111\u00e3 ki\u1ec3m tra tr\u01b0\u1edbc khi v\u1eadn chuy\u1ec3n, v\u00ec v\u1eady n\u1ebfu b\u1ea1n th\u1ea5y m\u1ed9t s\u1ed1 b\u1ed9 ph\u1eadn b\u1ecb thi\u1ebfu ho\u1eb7c h\u01b0 h\u1ecfng, \u0111\u1eebng lo l\u1eafng v\u00e0 ch\u1ec9 c\u1ea7n vui l\u00f2ng li\u00ean h\u1ec7 v\u1edbi ch\u00fang t\u00f4i v\u00e0 ch\u00fang t\u00f4i c\u00f3 th\u1ec3 g\u1eedi l\u1ea1i mi\u1ec5n ph\u00ed cho b\u1ea1n ngay l\u1eadp t\u1ee9c.<\/p>\n<p>&nbsp;<\/p>\n<figure id=\"attachment_30317\" aria-describedby=\"caption-attachment-30317\" style=\"width: 800px\" class=\"wp-caption aligncenter\"><img fetchpriority=\"high\" decoding=\"async\" class=\"wp-image-30317 size-full\" src=\"https:\/\/mouldking.store\/wp-content\/uploads\/2022\/03\/Mork-033006-Medieval-City-Church-with-4418-pieces-1.png\" alt=\"Mork 033006 Medieval City Church with 4418 pieces\" width=\"800\" height=\"800\" title=\"-\" srcset=\"https:\/\/mouldking.store\/wp-content\/uploads\/2022\/03\/Mork-033006-Medieval-City-Church-with-4418-pieces-1.png 800w, https:\/\/mouldking.store\/wp-content\/uploads\/2022\/03\/Mork-033006-Medieval-City-Church-with-4418-pieces-1-300x300.png 300w, https:\/\/mouldking.store\/wp-content\/uploads\/2022\/03\/Mork-033006-Medieval-City-Church-with-4418-pieces-1-768x768.png 768w, https:\/\/mouldking.store\/wp-content\/uploads\/2022\/03\/Mork-033006-Medieval-City-Church-with-4418-pieces-1-600x600.png 600w, https:\/\/mouldking.store\/wp-content\/uploads\/2022\/03\/Mork-033006-Medieval-City-Church-with-4418-pieces-1-150x150.png 150w\" sizes=\"(max-width: 800px) 100vw, 800px\" \/><figcaption id=\"caption-attachment-30317\" class=\"wp-caption-text\">Mork 033006 Nh\u00e0 th\u1edd th\u00e0nh ph\u1ed1 th\u1eddi trung c\u1ed5 v\u1edbi 4418 mi\u1ebfng<\/figcaption><\/figure>\n<figure id=\"attachment_30325\" aria-describedby=\"caption-attachment-30325\" style=\"width: 750px\" class=\"wp-caption aligncenter\"><img decoding=\"async\" class=\"wp-image-30325 size-full\" src=\"https:\/\/mouldking.store\/wp-content\/uploads\/2022\/03\/Mork-033006-Medieval-City-Church-with-4418-pieces-7.jpg\" alt=\"Mork 033006 Medieval City Church with 4418 pieces\" width=\"750\" height=\"924\" title=\"-\" srcset=\"https:\/\/mouldking.store\/wp-content\/uploads\/2022\/03\/Mork-033006-Medieval-City-Church-with-4418-pieces-7.jpg 750w, https:\/\/mouldking.store\/wp-content\/uploads\/2022\/03\/Mork-033006-Medieval-City-Church-with-4418-pieces-7-244x300.jpg 244w, https:\/\/mouldking.store\/wp-content\/uploads\/2022\/03\/Mork-033006-Medieval-City-Church-with-4418-pieces-7-300x370.jpg 300w, https:\/\/mouldking.store\/wp-content\/uploads\/2022\/03\/Mork-033006-Medieval-City-Church-with-4418-pieces-7-600x739.jpg 600w, https:\/\/mouldking.store\/wp-content\/uploads\/2022\/03\/Mork-033006-Medieval-City-Church-with-4418-pieces-7-122x150.jpg 122w\" sizes=\"(max-width: 750px) 100vw, 750px\" \/><figcaption id=\"caption-attachment-30325\" class=\"wp-caption-text\">Mork 033006 Nh\u00e0 th\u1edd th\u00e0nh ph\u1ed1 th\u1eddi trung c\u1ed5 v\u1edbi 4418 mi\u1ebfng<\/figcaption><\/figure>\n<figure id=\"attachment_30324\" aria-describedby=\"caption-attachment-30324\" style=\"width: 541px\" class=\"wp-caption aligncenter\"><img decoding=\"async\" class=\"wp-image-30324 size-full\" src=\"https:\/\/mouldking.store\/wp-content\/uploads\/2022\/03\/Mork-033006-Medieval-City-Church-with-4418-pieces-6.jpg\" alt=\"Mork 033006 Medieval City Church with 4418 pieces\" width=\"541\" height=\"1024\" title=\"-\" srcset=\"https:\/\/mouldking.store\/wp-content\/uploads\/2022\/03\/Mork-033006-Medieval-City-Church-with-4418-pieces-6.jpg 541w, https:\/\/mouldking.store\/wp-content\/uploads\/2022\/03\/Mork-033006-Medieval-City-Church-with-4418-pieces-6-158x300.jpg 158w, https:\/\/mouldking.store\/wp-content\/uploads\/2022\/03\/Mork-033006-Medieval-City-Church-with-4418-pieces-6-300x568.jpg 300w, https:\/\/mouldking.store\/wp-content\/uploads\/2022\/03\/Mork-033006-Medieval-City-Church-with-4418-pieces-6-79x150.jpg 79w\" sizes=\"(max-width: 541px) 100vw, 541px\" \/><figcaption id=\"caption-attachment-30324\" class=\"wp-caption-text\">Mork 033006 Nh\u00e0 th\u1edd th\u00e0nh ph\u1ed1 th\u1eddi trung c\u1ed5 v\u1edbi 4418 mi\u1ebfng<\/figcaption><\/figure>\n<figure id=\"attachment_30323\" aria-describedby=\"caption-attachment-30323\" style=\"width: 749px\" class=\"wp-caption aligncenter\"><img loading=\"lazy\" decoding=\"async\" class=\"wp-image-30323 size-full\" src=\"https:\/\/mouldking.store\/wp-content\/uploads\/2022\/03\/Mork-033006-Medieval-City-Church-with-4418-pieces-5.jpg\" alt=\"Mork 033006 Medieval City Church with 4418 pieces\" width=\"749\" height=\"1024\" title=\"-\" srcset=\"https:\/\/mouldking.store\/wp-content\/uploads\/2022\/03\/Mork-033006-Medieval-City-Church-with-4418-pieces-5.jpg 749w, https:\/\/mouldking.store\/wp-content\/uploads\/2022\/03\/Mork-033006-Medieval-City-Church-with-4418-pieces-5-219x300.jpg 219w, https:\/\/mouldking.store\/wp-content\/uploads\/2022\/03\/Mork-033006-Medieval-City-Church-with-4418-pieces-5-300x410.jpg 300w, https:\/\/mouldking.store\/wp-content\/uploads\/2022\/03\/Mork-033006-Medieval-City-Church-with-4418-pieces-5-600x820.jpg 600w, https:\/\/mouldking.store\/wp-content\/uploads\/2022\/03\/Mork-033006-Medieval-City-Church-with-4418-pieces-5-110x150.jpg 110w\" sizes=\"(max-width: 749px) 100vw, 749px\" \/><figcaption id=\"caption-attachment-30323\" class=\"wp-caption-text\">Mork 033006 Nh\u00e0 th\u1edd th\u00e0nh ph\u1ed1 th\u1eddi trung c\u1ed5 v\u1edbi 4418 mi\u1ebfng<\/figcaption><\/figure>\n<figure id=\"attachment_30322\" aria-describedby=\"caption-attachment-30322\" style=\"width: 458px\" class=\"wp-caption aligncenter\"><img loading=\"lazy\" decoding=\"async\" class=\"wp-image-30322 size-full\" src=\"https:\/\/mouldking.store\/wp-content\/uploads\/2022\/03\/Mork-033006-Medieval-City-Church-with-4418-pieces-2.png\" alt=\"Mork 033006 Medieval City Church with 4418 pieces\" width=\"458\" height=\"825\" title=\"-\" srcset=\"https:\/\/mouldking.store\/wp-content\/uploads\/2022\/03\/Mork-033006-Medieval-City-Church-with-4418-pieces-2.png 458w, https:\/\/mouldking.store\/wp-content\/uploads\/2022\/03\/Mork-033006-Medieval-City-Church-with-4418-pieces-2-167x300.png 167w, https:\/\/mouldking.store\/wp-content\/uploads\/2022\/03\/Mork-033006-Medieval-City-Church-with-4418-pieces-2-300x540.png 300w, https:\/\/mouldking.store\/wp-content\/uploads\/2022\/03\/Mork-033006-Medieval-City-Church-with-4418-pieces-2-83x150.png 83w\" sizes=\"(max-width: 458px) 100vw, 458px\" \/><figcaption id=\"caption-attachment-30322\" class=\"wp-caption-text\">Mork 033006 Nh\u00e0 th\u1edd th\u00e0nh ph\u1ed1 th\u1eddi trung c\u1ed5 v\u1edbi 4418 mi\u1ebfng<\/figcaption><\/figure>\n<figure id=\"attachment_30320\" aria-describedby=\"caption-attachment-30320\" style=\"width: 734px\" class=\"wp-caption aligncenter\"><img loading=\"lazy\" decoding=\"async\" class=\"wp-image-30320 size-full\" src=\"https:\/\/mouldking.store\/wp-content\/uploads\/2022\/03\/Mork-033006-Medieval-City-Church-with-4418-pieces-3.jpg\" alt=\"Mork 033006 Medieval City Church with 4418 pieces\" width=\"734\" height=\"1024\" title=\"-\" srcset=\"https:\/\/mouldking.store\/wp-content\/uploads\/2022\/03\/Mork-033006-Medieval-City-Church-with-4418-pieces-3.jpg 734w, https:\/\/mouldking.store\/wp-content\/uploads\/2022\/03\/Mork-033006-Medieval-City-Church-with-4418-pieces-3-215x300.jpg 215w, https:\/\/mouldking.store\/wp-content\/uploads\/2022\/03\/Mork-033006-Medieval-City-Church-with-4418-pieces-3-300x419.jpg 300w, https:\/\/mouldking.store\/wp-content\/uploads\/2022\/03\/Mork-033006-Medieval-City-Church-with-4418-pieces-3-600x837.jpg 600w, https:\/\/mouldking.store\/wp-content\/uploads\/2022\/03\/Mork-033006-Medieval-City-Church-with-4418-pieces-3-108x150.jpg 108w\" sizes=\"(max-width: 734px) 100vw, 734px\" \/><figcaption id=\"caption-attachment-30320\" class=\"wp-caption-text\">Mork 033006 Nh\u00e0 th\u1edd th\u00e0nh ph\u1ed1 th\u1eddi trung c\u1ed5 v\u1edbi 4418 mi\u1ebfng<\/figcaption><\/figure>\n<figure id=\"attachment_30319\" aria-describedby=\"caption-attachment-30319\" style=\"width: 800px\" class=\"wp-caption aligncenter\"><img loading=\"lazy\" decoding=\"async\" class=\"wp-image-30319 size-full\" src=\"https:\/\/mouldking.store\/wp-content\/uploads\/2022\/03\/Mork-033006-Medieval-City-Church-with-4418-pieces-2.jpg\" alt=\"Mork 033006 Medieval City Church with 4418 pieces\" width=\"800\" height=\"800\" title=\"-\" srcset=\"https:\/\/mouldking.store\/wp-content\/uploads\/2022\/03\/Mork-033006-Medieval-City-Church-with-4418-pieces-2.jpg 800w, https:\/\/mouldking.store\/wp-content\/uploads\/2022\/03\/Mork-033006-Medieval-City-Church-with-4418-pieces-2-300x300.jpg 300w, https:\/\/mouldking.store\/wp-content\/uploads\/2022\/03\/Mork-033006-Medieval-City-Church-with-4418-pieces-2-768x768.jpg 768w, https:\/\/mouldking.store\/wp-content\/uploads\/2022\/03\/Mork-033006-Medieval-City-Church-with-4418-pieces-2-600x600.jpg 600w, https:\/\/mouldking.store\/wp-content\/uploads\/2022\/03\/Mork-033006-Medieval-City-Church-with-4418-pieces-2-150x150.jpg 150w\" sizes=\"(max-width: 800px) 100vw, 800px\" \/><figcaption id=\"caption-attachment-30319\" class=\"wp-caption-text\">Mork 033006 Nh\u00e0 th\u1edd th\u00e0nh ph\u1ed1 th\u1eddi trung c\u1ed5 v\u1edbi 4418 mi\u1ebfng<\/figcaption><\/figure>\n<figure id=\"attachment_30321\" aria-describedby=\"caption-attachment-30321\" style=\"width: 646px\" class=\"wp-caption aligncenter\"><img loading=\"lazy\" decoding=\"async\" class=\"wp-image-30321 size-full\" src=\"https:\/\/mouldking.store\/wp-content\/uploads\/2022\/03\/Mork-033006-Medieval-City-Church-with-4418-pieces-4.jpg\" alt=\"Mork 033006 Medieval City Church with 4418 pieces\" width=\"646\" height=\"1024\" title=\"-\" srcset=\"https:\/\/mouldking.store\/wp-content\/uploads\/2022\/03\/Mork-033006-Medieval-City-Church-with-4418-pieces-4.jpg 646w, https:\/\/mouldking.store\/wp-content\/uploads\/2022\/03\/Mork-033006-Medieval-City-Church-with-4418-pieces-4-189x300.jpg 189w, https:\/\/mouldking.store\/wp-content\/uploads\/2022\/03\/Mork-033006-Medieval-City-Church-with-4418-pieces-4-300x476.jpg 300w, https:\/\/mouldking.store\/wp-content\/uploads\/2022\/03\/Mork-033006-Medieval-City-Church-with-4418-pieces-4-600x951.jpg 600w, https:\/\/mouldking.store\/wp-content\/uploads\/2022\/03\/Mork-033006-Medieval-City-Church-with-4418-pieces-4-95x150.jpg 95w\" sizes=\"(max-width: 646px) 100vw, 646px\" \/><figcaption id=\"caption-attachment-30321\" class=\"wp-caption-text\">Mork 033006 Nh\u00e0 th\u1edd th\u00e0nh ph\u1ed1 th\u1eddi trung c\u1ed5 v\u1edbi 4418 mi\u1ebfng<\/figcaption><\/figure>\n<figure id=\"attachment_30318\" aria-describedby=\"caption-attachment-30318\" style=\"width: 487px\" class=\"wp-caption aligncenter\"><img loading=\"lazy\" decoding=\"async\" class=\"wp-image-30318 size-full\" src=\"https:\/\/mouldking.store\/wp-content\/uploads\/2022\/03\/Mork-033006-Medieval-City-Church-with-4418-pieces-1.jpg\" alt=\"Mork 033006 Medieval City Church with 4418 pieces\" width=\"487\" height=\"1024\" title=\"-\" srcset=\"https:\/\/mouldking.store\/wp-content\/uploads\/2022\/03\/Mork-033006-Medieval-City-Church-with-4418-pieces-1.jpg 487w, https:\/\/mouldking.store\/wp-content\/uploads\/2022\/03\/Mork-033006-Medieval-City-Church-with-4418-pieces-1-143x300.jpg 143w, https:\/\/mouldking.store\/wp-content\/uploads\/2022\/03\/Mork-033006-Medieval-City-Church-with-4418-pieces-1-300x631.jpg 300w, https:\/\/mouldking.store\/wp-content\/uploads\/2022\/03\/Mork-033006-Medieval-City-Church-with-4418-pieces-1-71x150.jpg 71w\" sizes=\"(max-width: 487px) 100vw, 487px\" \/><figcaption id=\"caption-attachment-30318\" class=\"wp-caption-text\">Mork 033006 Nh\u00e0 th\u1edd th\u00e0nh ph\u1ed1 th\u1eddi trung c\u1ed5 v\u1edbi 4418 mi\u1ebfng<\/figcaption><\/figure>","protected":false},"excerpt":{"rendered":"<p>Product information: Brand: Mork Gender: Unisex Name: Medieval City Church Age Range: &gt; 18 years old Model Number: 033006 Classification: Assemblage Plastic Block Shape: Self-Locking Bricks Material: Plastic Plastic Type: ABS Bricks Blocks: 4418 PCS Contains detailed assembly instructions. Notice: 1. Without an original box, but we guarantee our products have quality assurance and nice [&hellip;]<\/p>","protected":false},"featured_media":30317,"comment_status":"closed","ping_status":"closed","template":"","meta":{"_acf_changed":false},"product_cat":[390],"product_tag":[4975,4977,4976,4974,2352,4973,4972,4971],"class_list":["product","first","instock","shipping-taxable","purchasable","product-type-simple"],"acf":[],"_links":{"self":[{"href":"https:\/\/mouldking.store\/vi\/wp-json\/wp\/v2\/product\/30316","targetHints":{"allow":["GET"]}}],"collection":[{"href":"https:\/\/mouldking.store\/vi\/wp-json\/wp\/v2\/product"}],"about":[{"href":"https:\/\/mouldking.store\/vi\/wp-json\/wp\/v2\/types\/product"}],"replies":[{"embeddable":true,"href":"https:\/\/mouldking.store\/vi\/wp-json\/wp\/v2\/comments?post=30316"}],"wp:featuredmedia":[{"embeddable":true,"href":"https:\/\/mouldking.store\/vi\/wp-json\/wp\/v2\/media\/30317"}],"wp:attachment":[{"href":"https:\/\/mouldking.store\/vi\/wp-json\/wp\/v2\/media?parent=30316"}],"wp:term":[{"taxonomy":"product_cat","embeddable":true,"href":"https:\/\/mouldking.store\/vi\/wp-json\/wp\/v2\/product_cat?post=30316"},{"taxonomy":"product_tag","embeddable":true,"href":"https:\/\/mouldking.store\/vi\/wp-json\/wp\/v2\/product_tag?post=30316"}],"curies":[{"name":"wp","href":"https:\/\/api.w.org\/{rel}","templated":true}]}}