{"id":30327,"date":"2022-03-02T11:18:13","date_gmt":"2022-03-02T04:18:13","guid":{"rendered":"https:\/\/mouldking.store\/?post_type=product&#038;p=30327"},"modified":"2023-12-27T16:03:48","modified_gmt":"2023-12-27T09:03:48","slug":"kaiyu-10002-mercedes-300sl-with-1416-pieces","status":"publish","type":"product","link":"https:\/\/mouldking.store\/vi\/shop\/kaiyu-10002-mercedes-300sl-with-1416-pieces\/","title":{"rendered":"KAIYU 10002 Mercedes 300SL v\u1edbi 1416 chi\u1ebfc"},"content":{"rendered":"<p>Th\u00f4ng tin s\u1ea3n ph\u1ea9m:<\/p>\n<ol>\n<li>Th\u01b0\u01a1ng hi\u1ec7u: KAIYU<\/li>\n<li>Gi\u1edbi t\u00ednh: Unisex<\/li>\n<li>T\u00ean: Mercedes 300SL<\/li>\n<li>\u0110\u1ed9 tu\u1ed5i: &gt; 6 tu\u1ed5i<\/li>\n<li>S\u1ed1 m\u00f4 h\u00ecnh: 10002<\/li>\n<li>Ph\u00e2n lo\u1ea1i: T\u1eadp h\u1ee3p<\/li>\n<li>H\u00ecnh d\u1ea1ng kh\u1ed1i nh\u1ef1a: G\u1ea1ch t\u1ef1 kh\u00f3a<\/li>\n<li>Ch\u1ea5t li\u1ec7u: Nh\u1ef1a<\/li>\n<li>Lo\u1ea1i nh\u1ef1a: ABS<\/li>\n<li>Kh\u1ed1i g\u1ea1ch: 1416 C\u00c1I<\/li>\n<li>Ch\u1ee9a h\u01b0\u1edbng d\u1eabn l\u1eafp r\u00e1p chi ti\u1ebft.<\/li>\n<\/ol>\n<p>\u0110\u1ec3 \u00fd:<br \/>\n1. Kh\u00f4ng c\u00f3 h\u1ed9p ban \u0111\u1ea7u, nh\u01b0ng ch\u00fang t\u00f4i \u0111\u1ea3m b\u1ea3o s\u1ea3n ph\u1ea9m c\u1ee7a ch\u00fang t\u00f4i c\u00f3 ch\u1ea5t l\u01b0\u1ee3ng \u0111\u1ea3m b\u1ea3o v\u00e0 bao b\u00ec \u0111\u1eb9p.<br \/>\n2. V\u00ec t\u1ea5t c\u1ea3 c\u00e1c b\u1ed9 ph\u1eadn ch\u00fang t\u00f4i \u0111\u00e3 ki\u1ec3m tra tr\u01b0\u1edbc khi v\u1eadn chuy\u1ec3n, v\u00ec v\u1eady n\u1ebfu b\u1ea1n th\u1ea5y m\u1ed9t s\u1ed1 b\u1ed9 ph\u1eadn b\u1ecb thi\u1ebfu ho\u1eb7c h\u01b0 h\u1ecfng, \u0111\u1eebng lo l\u1eafng v\u00e0 ch\u1ec9 c\u1ea7n vui l\u00f2ng li\u00ean h\u1ec7 v\u1edbi ch\u00fang t\u00f4i v\u00e0 ch\u00fang t\u00f4i c\u00f3 th\u1ec3 g\u1eedi l\u1ea1i mi\u1ec5n ph\u00ed cho b\u1ea1n ngay l\u1eadp t\u1ee9c.<\/p>\n<figure id=\"attachment_30328\" aria-describedby=\"caption-attachment-30328\" style=\"width: 800px\" class=\"wp-caption aligncenter\"><img fetchpriority=\"high\" decoding=\"async\" class=\"wp-image-30328 size-full\" src=\"https:\/\/mouldking.store\/wp-content\/uploads\/2022\/03\/KAIYU-10002-Mercedes-300SL-with-1416-pieces-1.png\" alt=\"KAIYU 10002 Mercedes 300SL with 1416 pieces\" width=\"800\" height=\"800\" title=\"-\" srcset=\"https:\/\/mouldking.store\/wp-content\/uploads\/2022\/03\/KAIYU-10002-Mercedes-300SL-with-1416-pieces-1.png 800w, https:\/\/mouldking.store\/wp-content\/uploads\/2022\/03\/KAIYU-10002-Mercedes-300SL-with-1416-pieces-1-300x300.png 300w, https:\/\/mouldking.store\/wp-content\/uploads\/2022\/03\/KAIYU-10002-Mercedes-300SL-with-1416-pieces-1-768x768.png 768w, https:\/\/mouldking.store\/wp-content\/uploads\/2022\/03\/KAIYU-10002-Mercedes-300SL-with-1416-pieces-1-600x600.png 600w, https:\/\/mouldking.store\/wp-content\/uploads\/2022\/03\/KAIYU-10002-Mercedes-300SL-with-1416-pieces-1-150x150.png 150w\" sizes=\"(max-width: 800px) 100vw, 800px\" \/><figcaption id=\"caption-attachment-30328\" class=\"wp-caption-text\">KAIYU 10002 Mercedes 300SL v\u1edbi 1416 chi\u1ebfc<\/figcaption><\/figure>\n<figure id=\"attachment_30332\" aria-describedby=\"caption-attachment-30332\" style=\"width: 965px\" class=\"wp-caption aligncenter\"><img decoding=\"async\" class=\"wp-image-30332 size-full\" src=\"https:\/\/mouldking.store\/wp-content\/uploads\/2022\/03\/KAIYU-10002-Mercedes-300SL-with-1416-pieces-3.jpg\" alt=\"KAIYU 10002 Mercedes 300SL with 1416 pieces\" width=\"965\" height=\"961\" title=\"-\" srcset=\"https:\/\/mouldking.store\/wp-content\/uploads\/2022\/03\/KAIYU-10002-Mercedes-300SL-with-1416-pieces-3.jpg 965w, https:\/\/mouldking.store\/wp-content\/uploads\/2022\/03\/KAIYU-10002-Mercedes-300SL-with-1416-pieces-3-300x299.jpg 300w, https:\/\/mouldking.store\/wp-content\/uploads\/2022\/03\/KAIYU-10002-Mercedes-300SL-with-1416-pieces-3-768x765.jpg 768w, https:\/\/mouldking.store\/wp-content\/uploads\/2022\/03\/KAIYU-10002-Mercedes-300SL-with-1416-pieces-3-600x598.jpg 600w, https:\/\/mouldking.store\/wp-content\/uploads\/2022\/03\/KAIYU-10002-Mercedes-300SL-with-1416-pieces-3-150x150.jpg 150w\" sizes=\"(max-width: 965px) 100vw, 965px\" \/><figcaption id=\"caption-attachment-30332\" class=\"wp-caption-text\">KAIYU 10002 Mercedes 300SL v\u1edbi 1416 chi\u1ebfc<\/figcaption><\/figure>\n<figure id=\"attachment_30333\" aria-describedby=\"caption-attachment-30333\" style=\"width: 967px\" class=\"wp-caption aligncenter\"><img decoding=\"async\" class=\"wp-image-30333 size-full\" src=\"https:\/\/mouldking.store\/wp-content\/uploads\/2022\/03\/KAIYU-10002-Mercedes-300SL-with-1416-pieces-4.jpg\" alt=\"KAIYU 10002 Mercedes 300SL with 1416 pieces\" width=\"967\" height=\"751\" title=\"-\" srcset=\"https:\/\/mouldking.store\/wp-content\/uploads\/2022\/03\/KAIYU-10002-Mercedes-300SL-with-1416-pieces-4.jpg 967w, https:\/\/mouldking.store\/wp-content\/uploads\/2022\/03\/KAIYU-10002-Mercedes-300SL-with-1416-pieces-4-300x233.jpg 300w, https:\/\/mouldking.store\/wp-content\/uploads\/2022\/03\/KAIYU-10002-Mercedes-300SL-with-1416-pieces-4-768x596.jpg 768w, https:\/\/mouldking.store\/wp-content\/uploads\/2022\/03\/KAIYU-10002-Mercedes-300SL-with-1416-pieces-4-600x466.jpg 600w, https:\/\/mouldking.store\/wp-content\/uploads\/2022\/03\/KAIYU-10002-Mercedes-300SL-with-1416-pieces-4-150x116.jpg 150w\" sizes=\"(max-width: 967px) 100vw, 967px\" \/><figcaption id=\"caption-attachment-30333\" class=\"wp-caption-text\">KAIYU 10002 Mercedes 300SL v\u1edbi 1416 chi\u1ebfc<\/figcaption><\/figure>\n<figure id=\"attachment_30330\" aria-describedby=\"caption-attachment-30330\" style=\"width: 965px\" class=\"wp-caption aligncenter\"><img loading=\"lazy\" decoding=\"async\" class=\"wp-image-30330 size-full\" src=\"https:\/\/mouldking.store\/wp-content\/uploads\/2022\/03\/KAIYU-10002-Mercedes-300SL-with-1416-pieces-1.jpg\" alt=\"KAIYU 10002 Mercedes 300SL with 1416 pieces\" width=\"965\" height=\"417\" title=\"-\" srcset=\"https:\/\/mouldking.store\/wp-content\/uploads\/2022\/03\/KAIYU-10002-Mercedes-300SL-with-1416-pieces-1.jpg 965w, https:\/\/mouldking.store\/wp-content\/uploads\/2022\/03\/KAIYU-10002-Mercedes-300SL-with-1416-pieces-1-300x130.jpg 300w, https:\/\/mouldking.store\/wp-content\/uploads\/2022\/03\/KAIYU-10002-Mercedes-300SL-with-1416-pieces-1-768x332.jpg 768w, https:\/\/mouldking.store\/wp-content\/uploads\/2022\/03\/KAIYU-10002-Mercedes-300SL-with-1416-pieces-1-600x259.jpg 600w, https:\/\/mouldking.store\/wp-content\/uploads\/2022\/03\/KAIYU-10002-Mercedes-300SL-with-1416-pieces-1-150x65.jpg 150w\" sizes=\"(max-width: 965px) 100vw, 965px\" \/><figcaption id=\"caption-attachment-30330\" class=\"wp-caption-text\">KAIYU 10002 Mercedes 300SL v\u1edbi 1416 chi\u1ebfc<\/figcaption><\/figure>\n<figure id=\"attachment_30329\" aria-describedby=\"caption-attachment-30329\" style=\"width: 497px\" class=\"wp-caption aligncenter\"><img loading=\"lazy\" decoding=\"async\" class=\"wp-image-30329 size-full\" src=\"https:\/\/mouldking.store\/wp-content\/uploads\/2022\/03\/KAIYU-10002-Mercedes-300SL-with-1416-pieces-2.png\" alt=\"KAIYU 10002 Mercedes 300SL with 1416 pieces\" width=\"497\" height=\"459\" title=\"-\" srcset=\"https:\/\/mouldking.store\/wp-content\/uploads\/2022\/03\/KAIYU-10002-Mercedes-300SL-with-1416-pieces-2.png 497w, https:\/\/mouldking.store\/wp-content\/uploads\/2022\/03\/KAIYU-10002-Mercedes-300SL-with-1416-pieces-2-300x277.png 300w, https:\/\/mouldking.store\/wp-content\/uploads\/2022\/03\/KAIYU-10002-Mercedes-300SL-with-1416-pieces-2-150x139.png 150w\" sizes=\"(max-width: 497px) 100vw, 497px\" \/><figcaption id=\"caption-attachment-30329\" class=\"wp-caption-text\">KAIYU 10002 Mercedes 300SL v\u1edbi 1416 chi\u1ebfc<\/figcaption><\/figure>\n<figure id=\"attachment_30331\" aria-describedby=\"caption-attachment-30331\" style=\"width: 928px\" class=\"wp-caption aligncenter\"><img loading=\"lazy\" decoding=\"async\" class=\"wp-image-30331 size-full\" src=\"https:\/\/mouldking.store\/wp-content\/uploads\/2022\/03\/KAIYU-10002-Mercedes-300SL-with-1416-pieces-2.jpg\" alt=\"KAIYU 10002 Mercedes 300SL with 1416 pieces\" width=\"928\" height=\"1024\" title=\"-\" srcset=\"https:\/\/mouldking.store\/wp-content\/uploads\/2022\/03\/KAIYU-10002-Mercedes-300SL-with-1416-pieces-2.jpg 928w, https:\/\/mouldking.store\/wp-content\/uploads\/2022\/03\/KAIYU-10002-Mercedes-300SL-with-1416-pieces-2-272x300.jpg 272w, https:\/\/mouldking.store\/wp-content\/uploads\/2022\/03\/KAIYU-10002-Mercedes-300SL-with-1416-pieces-2-768x847.jpg 768w, https:\/\/mouldking.store\/wp-content\/uploads\/2022\/03\/KAIYU-10002-Mercedes-300SL-with-1416-pieces-2-300x331.jpg 300w, https:\/\/mouldking.store\/wp-content\/uploads\/2022\/03\/KAIYU-10002-Mercedes-300SL-with-1416-pieces-2-600x662.jpg 600w, https:\/\/mouldking.store\/wp-content\/uploads\/2022\/03\/KAIYU-10002-Mercedes-300SL-with-1416-pieces-2-136x150.jpg 136w\" sizes=\"(max-width: 928px) 100vw, 928px\" \/><figcaption id=\"caption-attachment-30331\" class=\"wp-caption-text\">KAIYU 10002 Mercedes 300SL v\u1edbi 1416 chi\u1ebfc<\/figcaption><\/figure>","protected":false},"excerpt":{"rendered":"<p>Product information: Brand: KAIYU Gender: Unisex Name: Mercedes 300SL Age Range: &gt; 6 years old Model Number: 10002 Classification: Assemblage Plastic Block Shape: Self-Locking Bricks Material: Plastic Plastic Type: ABS Bricks Blocks: 1416 PCS Contains detailed assembly instructions. Notice: 1. Without an original box, but we guarantee our products have quality assurance and nice packaging. [&hellip;]<\/p>","protected":false},"featured_media":30328,"comment_status":"closed","ping_status":"closed","template":"","meta":{"_acf_changed":false},"product_cat":[364],"product_tag":[1703,4984,4982,4980,4979,4978,4983,4981],"class_list":["product","first","outofstock","shipping-taxable","purchasable","product-type-simple"],"acf":[],"_links":{"self":[{"href":"https:\/\/mouldking.store\/vi\/wp-json\/wp\/v2\/product\/30327","targetHints":{"allow":["GET"]}}],"collection":[{"href":"https:\/\/mouldking.store\/vi\/wp-json\/wp\/v2\/product"}],"about":[{"href":"https:\/\/mouldking.store\/vi\/wp-json\/wp\/v2\/types\/product"}],"replies":[{"embeddable":true,"href":"https:\/\/mouldking.store\/vi\/wp-json\/wp\/v2\/comments?post=30327"}],"wp:featuredmedia":[{"embeddable":true,"href":"https:\/\/mouldking.store\/vi\/wp-json\/wp\/v2\/media\/30328"}],"wp:attachment":[{"href":"https:\/\/mouldking.store\/vi\/wp-json\/wp\/v2\/media?parent=30327"}],"wp:term":[{"taxonomy":"product_cat","embeddable":true,"href":"https:\/\/mouldking.store\/vi\/wp-json\/wp\/v2\/product_cat?post=30327"},{"taxonomy":"product_tag","embeddable":true,"href":"https:\/\/mouldking.store\/vi\/wp-json\/wp\/v2\/product_tag?post=30327"}],"curies":[{"name":"wp","href":"https:\/\/api.w.org\/{rel}","templated":true}]}}