{"id":30359,"date":"2022-03-02T11:42:19","date_gmt":"2022-03-02T04:42:19","guid":{"rendered":"https:\/\/mouldking.store\/?post_type=product&#038;p=30359"},"modified":"2022-03-02T11:42:19","modified_gmt":"2022-03-02T04:42:19","slug":"qman-w42106-the-era-of-dinosaur-war-3-in-1-with-287-pieces","status":"publish","type":"product","link":"https:\/\/mouldking.store\/vi\/shop\/qman-w42106-the-era-of-dinosaur-war-3-in-1-with-287-pieces\/","title":{"rendered":"Qman W42106 K\u1ef7 Nguy\u00ean Kh\u1ee7ng Long \u0110\u1ea1i Chi\u1ebfn 3 trong 1 v\u1edbi 287 mi\u1ebfng gh\u00e9p"},"content":{"rendered":"<p>Th\u00f4ng tin s\u1ea3n ph\u1ea9m:<\/p>\n<ol>\n<li>Th\u01b0\u01a1ng hi\u1ec7u: Qman<\/li>\n<li>Gi\u1edbi t\u00ednh: Unisex<\/li>\n<li>Name: The Era of Dinosaur War 3 in 1<\/li>\n<li>\u0110\u1ed9 tu\u1ed5i: &gt; 6 tu\u1ed5i<\/li>\n<li>Model Number: W42106<\/li>\n<li>Ph\u00e2n lo\u1ea1i: T\u1eadp h\u1ee3p<\/li>\n<li>H\u00ecnh d\u1ea1ng kh\u1ed1i nh\u1ef1a: G\u1ea1ch t\u1ef1 kh\u00f3a<\/li>\n<li>Ch\u1ea5t li\u1ec7u: Nh\u1ef1a<\/li>\n<li>Lo\u1ea1i nh\u1ef1a: ABS<\/li>\n<li>Bricks Blocks: 287 PCS<\/li>\n<li>Ch\u1ee9a h\u01b0\u1edbng d\u1eabn l\u1eafp r\u00e1p chi ti\u1ebft.<\/li>\n<\/ol>\n<p>\u0110\u1ec3 \u00fd:<br \/>\n1. Kh\u00f4ng c\u00f3 h\u1ed9p ban \u0111\u1ea7u, nh\u01b0ng ch\u00fang t\u00f4i \u0111\u1ea3m b\u1ea3o s\u1ea3n ph\u1ea9m c\u1ee7a ch\u00fang t\u00f4i c\u00f3 ch\u1ea5t l\u01b0\u1ee3ng \u0111\u1ea3m b\u1ea3o v\u00e0 bao b\u00ec \u0111\u1eb9p.<br \/>\n2. V\u00ec t\u1ea5t c\u1ea3 c\u00e1c b\u1ed9 ph\u1eadn ch\u00fang t\u00f4i \u0111\u00e3 ki\u1ec3m tra tr\u01b0\u1edbc khi v\u1eadn chuy\u1ec3n, v\u00ec v\u1eady n\u1ebfu b\u1ea1n th\u1ea5y m\u1ed9t s\u1ed1 b\u1ed9 ph\u1eadn b\u1ecb thi\u1ebfu ho\u1eb7c h\u01b0 h\u1ecfng, \u0111\u1eebng lo l\u1eafng v\u00e0 ch\u1ec9 c\u1ea7n vui l\u00f2ng li\u00ean h\u1ec7 v\u1edbi ch\u00fang t\u00f4i v\u00e0 ch\u00fang t\u00f4i c\u00f3 th\u1ec3 g\u1eedi l\u1ea1i mi\u1ec5n ph\u00ed cho b\u1ea1n ngay l\u1eadp t\u1ee9c.<\/p>\n<figure id=\"attachment_30360\" aria-describedby=\"caption-attachment-30360\" style=\"width: 800px\" class=\"wp-caption aligncenter\"><img fetchpriority=\"high\" decoding=\"async\" class=\"wp-image-30360 size-full\" src=\"https:\/\/mouldking.store\/wp-content\/uploads\/2022\/03\/Qman-W42106-The-Era-of-Dinosaur-War-3-in-1-with-287-pieces-1.png\" alt=\"Qman W42106 The Era of Dinosaur War 3 in 1 with 287 pieces\" width=\"800\" height=\"800\" title=\"-\" srcset=\"https:\/\/mouldking.store\/wp-content\/uploads\/2022\/03\/Qman-W42106-The-Era-of-Dinosaur-War-3-in-1-with-287-pieces-1.png 800w, https:\/\/mouldking.store\/wp-content\/uploads\/2022\/03\/Qman-W42106-The-Era-of-Dinosaur-War-3-in-1-with-287-pieces-1-300x300.png 300w, https:\/\/mouldking.store\/wp-content\/uploads\/2022\/03\/Qman-W42106-The-Era-of-Dinosaur-War-3-in-1-with-287-pieces-1-768x768.png 768w, https:\/\/mouldking.store\/wp-content\/uploads\/2022\/03\/Qman-W42106-The-Era-of-Dinosaur-War-3-in-1-with-287-pieces-1-600x600.png 600w, https:\/\/mouldking.store\/wp-content\/uploads\/2022\/03\/Qman-W42106-The-Era-of-Dinosaur-War-3-in-1-with-287-pieces-1-150x150.png 150w\" sizes=\"(max-width: 800px) 100vw, 800px\" \/><figcaption id=\"caption-attachment-30360\" class=\"wp-caption-text\">Qman W42106 K\u1ef7 Nguy\u00ean Kh\u1ee7ng Long \u0110\u1ea1i Chi\u1ebfn 3 trong 1 v\u1edbi 287 mi\u1ebfng gh\u00e9p<\/figcaption><\/figure>\n<figure id=\"attachment_30363\" aria-describedby=\"caption-attachment-30363\" style=\"width: 460px\" class=\"wp-caption aligncenter\"><img decoding=\"async\" class=\"wp-image-30363 size-full\" src=\"https:\/\/mouldking.store\/wp-content\/uploads\/2022\/03\/Qman-W42106-The-Era-of-Dinosaur-War-3-in-1-with-287-pieces-4.png\" alt=\"Qman W42106 The Era of Dinosaur War 3 in 1 with 287 pieces\" width=\"460\" height=\"813\" title=\"-\" srcset=\"https:\/\/mouldking.store\/wp-content\/uploads\/2022\/03\/Qman-W42106-The-Era-of-Dinosaur-War-3-in-1-with-287-pieces-4.png 460w, https:\/\/mouldking.store\/wp-content\/uploads\/2022\/03\/Qman-W42106-The-Era-of-Dinosaur-War-3-in-1-with-287-pieces-4-170x300.png 170w, https:\/\/mouldking.store\/wp-content\/uploads\/2022\/03\/Qman-W42106-The-Era-of-Dinosaur-War-3-in-1-with-287-pieces-4-300x530.png 300w, https:\/\/mouldking.store\/wp-content\/uploads\/2022\/03\/Qman-W42106-The-Era-of-Dinosaur-War-3-in-1-with-287-pieces-4-85x150.png 85w\" sizes=\"(max-width: 460px) 100vw, 460px\" \/><figcaption id=\"caption-attachment-30363\" class=\"wp-caption-text\">Qman W42106 K\u1ef7 Nguy\u00ean Kh\u1ee7ng Long \u0110\u1ea1i Chi\u1ebfn 3 trong 1 v\u1edbi 287 mi\u1ebfng gh\u00e9p<\/figcaption><\/figure>\n<figure id=\"attachment_30362\" aria-describedby=\"caption-attachment-30362\" style=\"width: 459px\" class=\"wp-caption aligncenter\"><img decoding=\"async\" class=\"wp-image-30362 size-full\" src=\"https:\/\/mouldking.store\/wp-content\/uploads\/2022\/03\/Qman-W42106-The-Era-of-Dinosaur-War-3-in-1-with-287-pieces-3.png\" alt=\"Qman W42106 The Era of Dinosaur War 3 in 1 with 287 pieces\" width=\"459\" height=\"658\" title=\"-\" srcset=\"https:\/\/mouldking.store\/wp-content\/uploads\/2022\/03\/Qman-W42106-The-Era-of-Dinosaur-War-3-in-1-with-287-pieces-3.png 459w, https:\/\/mouldking.store\/wp-content\/uploads\/2022\/03\/Qman-W42106-The-Era-of-Dinosaur-War-3-in-1-with-287-pieces-3-209x300.png 209w, https:\/\/mouldking.store\/wp-content\/uploads\/2022\/03\/Qman-W42106-The-Era-of-Dinosaur-War-3-in-1-with-287-pieces-3-300x430.png 300w, https:\/\/mouldking.store\/wp-content\/uploads\/2022\/03\/Qman-W42106-The-Era-of-Dinosaur-War-3-in-1-with-287-pieces-3-105x150.png 105w\" sizes=\"(max-width: 459px) 100vw, 459px\" \/><figcaption id=\"caption-attachment-30362\" class=\"wp-caption-text\">Qman W42106 K\u1ef7 Nguy\u00ean Kh\u1ee7ng Long \u0110\u1ea1i Chi\u1ebfn 3 trong 1 v\u1edbi 287 mi\u1ebfng gh\u00e9p<\/figcaption><\/figure>\n<figure id=\"attachment_30361\" aria-describedby=\"caption-attachment-30361\" style=\"width: 800px\" class=\"wp-caption aligncenter\"><img loading=\"lazy\" decoding=\"async\" class=\"wp-image-30361 size-full\" src=\"https:\/\/mouldking.store\/wp-content\/uploads\/2022\/03\/Qman-W42106-The-Era-of-Dinosaur-War-3-in-1-with-287-pieces-2.png\" alt=\"Qman W42106 The Era of Dinosaur War 3 in 1 with 287 pieces\" width=\"800\" height=\"800\" title=\"-\" srcset=\"https:\/\/mouldking.store\/wp-content\/uploads\/2022\/03\/Qman-W42106-The-Era-of-Dinosaur-War-3-in-1-with-287-pieces-2.png 800w, https:\/\/mouldking.store\/wp-content\/uploads\/2022\/03\/Qman-W42106-The-Era-of-Dinosaur-War-3-in-1-with-287-pieces-2-300x300.png 300w, https:\/\/mouldking.store\/wp-content\/uploads\/2022\/03\/Qman-W42106-The-Era-of-Dinosaur-War-3-in-1-with-287-pieces-2-768x768.png 768w, https:\/\/mouldking.store\/wp-content\/uploads\/2022\/03\/Qman-W42106-The-Era-of-Dinosaur-War-3-in-1-with-287-pieces-2-600x600.png 600w, https:\/\/mouldking.store\/wp-content\/uploads\/2022\/03\/Qman-W42106-The-Era-of-Dinosaur-War-3-in-1-with-287-pieces-2-150x150.png 150w\" sizes=\"(max-width: 800px) 100vw, 800px\" \/><figcaption id=\"caption-attachment-30361\" class=\"wp-caption-text\">Qman W42106 K\u1ef7 Nguy\u00ean Kh\u1ee7ng Long \u0110\u1ea1i Chi\u1ebfn 3 trong 1 v\u1edbi 287 mi\u1ebfng gh\u00e9p<\/figcaption><\/figure>","protected":false},"excerpt":{"rendered":"<p>Product information: Brand: Qman Gender: Unisex Name: The Era of Dinosaur War 3 in 1 Age Range: &gt; 6 years old Model Number: W42106 Classification: Assemblage Plastic Block Shape: Self-Locking Bricks Material: Plastic Plastic Type: ABS Bricks Blocks: 287 PCS Contains detailed assembly instructions. Notice: 1. Without an original box, but we guarantee our products [&hellip;]<\/p>","protected":false},"featured_media":30360,"comment_status":"closed","ping_status":"closed","template":"","meta":{"_acf_changed":false},"product_cat":[371],"product_tag":[5003,2541,4558,4125,5000,4999,4998,5001,5002],"class_list":["product","first","instock","shipping-taxable","purchasable","product-type-simple"],"acf":[],"_links":{"self":[{"href":"https:\/\/mouldking.store\/vi\/wp-json\/wp\/v2\/product\/30359","targetHints":{"allow":["GET"]}}],"collection":[{"href":"https:\/\/mouldking.store\/vi\/wp-json\/wp\/v2\/product"}],"about":[{"href":"https:\/\/mouldking.store\/vi\/wp-json\/wp\/v2\/types\/product"}],"replies":[{"embeddable":true,"href":"https:\/\/mouldking.store\/vi\/wp-json\/wp\/v2\/comments?post=30359"}],"wp:featuredmedia":[{"embeddable":true,"href":"https:\/\/mouldking.store\/vi\/wp-json\/wp\/v2\/media\/30360"}],"wp:attachment":[{"href":"https:\/\/mouldking.store\/vi\/wp-json\/wp\/v2\/media?parent=30359"}],"wp:term":[{"taxonomy":"product_cat","embeddable":true,"href":"https:\/\/mouldking.store\/vi\/wp-json\/wp\/v2\/product_cat?post=30359"},{"taxonomy":"product_tag","embeddable":true,"href":"https:\/\/mouldking.store\/vi\/wp-json\/wp\/v2\/product_tag?post=30359"}],"curies":[{"name":"wp","href":"https:\/\/api.w.org\/{rel}","templated":true}]}}