{"id":30364,"date":"2022-03-02T11:47:54","date_gmt":"2022-03-02T04:47:54","guid":{"rendered":"https:\/\/mouldking.store\/?post_type=product&#038;p=30364"},"modified":"2022-03-02T11:47:54","modified_gmt":"2022-03-02T04:47:54","slug":"mould-king-12006-rc-class-a4-pacifics-mallard-with-2139-pieces","status":"publish","type":"product","link":"https:\/\/mouldking.store\/vi\/shop\/mould-king-12006-rc-class-a4-pacifics-mallard-with-2139-pieces\/","title":{"rendered":"Mold King 12006 RC Class A4 V\u1ecbt tr\u1eddi Th\u00e1i B\u00ecnh D\u01b0\u01a1ng v\u1edbi 2139 mi\u1ebfng"},"content":{"rendered":"<p>Th\u00f4ng tin s\u1ea3n ph\u1ea9m:<\/p>\n<ol>\n<li>Th\u01b0\u01a1ng hi\u1ec7u: Khu\u00f4n Vua<\/li>\n<li>Gi\u1edbi t\u00ednh: Unisex<\/li>\n<li>Name: RC Class A4 Pacifics Mallard<\/li>\n<li>\u0110\u1ed9 tu\u1ed5i: &gt; 14 tu\u1ed5i<\/li>\n<li>Model Number: 12006<\/li>\n<li>Ph\u00e2n lo\u1ea1i: T\u1eadp h\u1ee3p<\/li>\n<li>H\u00ecnh d\u1ea1ng kh\u1ed1i nh\u1ef1a: G\u1ea1ch t\u1ef1 kh\u00f3a<\/li>\n<li>Ch\u1ea5t li\u1ec7u: Nh\u1ef1a<\/li>\n<li>Lo\u1ea1i nh\u1ef1a: ABS<\/li>\n<li>Kh\u1ed1i g\u1ea1ch: 2139 C\u00c1I<\/li>\n<li>Ch\u1ee9a h\u01b0\u1edbng d\u1eabn l\u1eafp r\u00e1p chi ti\u1ebft.<\/li>\n<\/ol>\n<p>\u0110\u1ec3 \u00fd:<br \/>\n1. Kh\u00f4ng c\u00f3 h\u1ed9p ban \u0111\u1ea7u, nh\u01b0ng ch\u00fang t\u00f4i \u0111\u1ea3m b\u1ea3o s\u1ea3n ph\u1ea9m c\u1ee7a ch\u00fang t\u00f4i c\u00f3 ch\u1ea5t l\u01b0\u1ee3ng \u0111\u1ea3m b\u1ea3o v\u00e0 bao b\u00ec \u0111\u1eb9p.<br \/>\n2. V\u00ec t\u1ea5t c\u1ea3 c\u00e1c b\u1ed9 ph\u1eadn ch\u00fang t\u00f4i \u0111\u00e3 ki\u1ec3m tra tr\u01b0\u1edbc khi v\u1eadn chuy\u1ec3n, v\u00ec v\u1eady n\u1ebfu b\u1ea1n th\u1ea5y m\u1ed9t s\u1ed1 b\u1ed9 ph\u1eadn b\u1ecb thi\u1ebfu ho\u1eb7c h\u01b0 h\u1ecfng, \u0111\u1eebng lo l\u1eafng v\u00e0 ch\u1ec9 c\u1ea7n vui l\u00f2ng li\u00ean h\u1ec7 v\u1edbi ch\u00fang t\u00f4i v\u00e0 ch\u00fang t\u00f4i c\u00f3 th\u1ec3 g\u1eedi l\u1ea1i mi\u1ec5n ph\u00ed cho b\u1ea1n ngay l\u1eadp t\u1ee9c.<\/p>\n<figure id=\"attachment_30370\" aria-describedby=\"caption-attachment-30370\" style=\"width: 790px\" class=\"wp-caption aligncenter\"><img fetchpriority=\"high\" decoding=\"async\" class=\"wp-image-30370 size-full\" src=\"https:\/\/mouldking.store\/wp-content\/uploads\/2022\/03\/Mould-King-12006-RC-Class-A4-Pacifics-Mallard-with-2139-pieces-6.jpg\" alt=\"Mould King 12006 RC Class A4 Pacifics Mallard with 2139 pieces\" width=\"790\" height=\"769\" title=\"-\" srcset=\"https:\/\/mouldking.store\/wp-content\/uploads\/2022\/03\/Mould-King-12006-RC-Class-A4-Pacifics-Mallard-with-2139-pieces-6.jpg 790w, https:\/\/mouldking.store\/wp-content\/uploads\/2022\/03\/Mould-King-12006-RC-Class-A4-Pacifics-Mallard-with-2139-pieces-6-300x292.jpg 300w, https:\/\/mouldking.store\/wp-content\/uploads\/2022\/03\/Mould-King-12006-RC-Class-A4-Pacifics-Mallard-with-2139-pieces-6-768x748.jpg 768w, https:\/\/mouldking.store\/wp-content\/uploads\/2022\/03\/Mould-King-12006-RC-Class-A4-Pacifics-Mallard-with-2139-pieces-6-600x584.jpg 600w, https:\/\/mouldking.store\/wp-content\/uploads\/2022\/03\/Mould-King-12006-RC-Class-A4-Pacifics-Mallard-with-2139-pieces-6-150x146.jpg 150w\" sizes=\"(max-width: 790px) 100vw, 790px\" \/><figcaption id=\"caption-attachment-30370\" class=\"wp-caption-text\">Mold King 12006 RC Class A4 V\u1ecbt tr\u1eddi Th\u00e1i B\u00ecnh D\u01b0\u01a1ng v\u1edbi 2139 mi\u1ebfng<\/figcaption><\/figure>\n<figure id=\"attachment_30365\" aria-describedby=\"caption-attachment-30365\" style=\"width: 800px\" class=\"wp-caption aligncenter\"><img decoding=\"async\" class=\"wp-image-30365 size-full\" src=\"https:\/\/mouldking.store\/wp-content\/uploads\/2022\/03\/Mould-King-12006-RC-Class-A4-Pacifics-Mallard-with-2139-pieces-1.jpg\" alt=\"Mould King 12006 RC Class A4 Pacifics Mallard with 2139 pieces\" width=\"800\" height=\"800\" title=\"-\" srcset=\"https:\/\/mouldking.store\/wp-content\/uploads\/2022\/03\/Mould-King-12006-RC-Class-A4-Pacifics-Mallard-with-2139-pieces-1.jpg 800w, https:\/\/mouldking.store\/wp-content\/uploads\/2022\/03\/Mould-King-12006-RC-Class-A4-Pacifics-Mallard-with-2139-pieces-1-300x300.jpg 300w, https:\/\/mouldking.store\/wp-content\/uploads\/2022\/03\/Mould-King-12006-RC-Class-A4-Pacifics-Mallard-with-2139-pieces-1-768x768.jpg 768w, https:\/\/mouldking.store\/wp-content\/uploads\/2022\/03\/Mould-King-12006-RC-Class-A4-Pacifics-Mallard-with-2139-pieces-1-600x600.jpg 600w, https:\/\/mouldking.store\/wp-content\/uploads\/2022\/03\/Mould-King-12006-RC-Class-A4-Pacifics-Mallard-with-2139-pieces-1-150x150.jpg 150w\" sizes=\"(max-width: 800px) 100vw, 800px\" \/><figcaption id=\"caption-attachment-30365\" class=\"wp-caption-text\">Mold King 12006 RC Class A4 V\u1ecbt tr\u1eddi Th\u00e1i B\u00ecnh D\u01b0\u01a1ng v\u1edbi 2139 mi\u1ebfng<\/figcaption><\/figure>\n<figure id=\"attachment_30369\" aria-describedby=\"caption-attachment-30369\" style=\"width: 790px\" class=\"wp-caption aligncenter\"><img decoding=\"async\" class=\"wp-image-30369 size-full\" src=\"https:\/\/mouldking.store\/wp-content\/uploads\/2022\/03\/Mould-King-12006-RC-Class-A4-Pacifics-Mallard-with-2139-pieces-5.jpg\" alt=\"Mould King 12006 RC Class A4 Pacifics Mallard with 2139 pieces\" width=\"790\" height=\"756\" title=\"-\" srcset=\"https:\/\/mouldking.store\/wp-content\/uploads\/2022\/03\/Mould-King-12006-RC-Class-A4-Pacifics-Mallard-with-2139-pieces-5.jpg 790w, https:\/\/mouldking.store\/wp-content\/uploads\/2022\/03\/Mould-King-12006-RC-Class-A4-Pacifics-Mallard-with-2139-pieces-5-300x287.jpg 300w, https:\/\/mouldking.store\/wp-content\/uploads\/2022\/03\/Mould-King-12006-RC-Class-A4-Pacifics-Mallard-with-2139-pieces-5-768x735.jpg 768w, https:\/\/mouldking.store\/wp-content\/uploads\/2022\/03\/Mould-King-12006-RC-Class-A4-Pacifics-Mallard-with-2139-pieces-5-600x574.jpg 600w, https:\/\/mouldking.store\/wp-content\/uploads\/2022\/03\/Mould-King-12006-RC-Class-A4-Pacifics-Mallard-with-2139-pieces-5-150x144.jpg 150w\" sizes=\"(max-width: 790px) 100vw, 790px\" \/><figcaption id=\"caption-attachment-30369\" class=\"wp-caption-text\">Mold King 12006 RC Class A4 V\u1ecbt tr\u1eddi Th\u00e1i B\u00ecnh D\u01b0\u01a1ng v\u1edbi 2139 mi\u1ebfng<\/figcaption><\/figure>\n<figure id=\"attachment_30368\" aria-describedby=\"caption-attachment-30368\" style=\"width: 790px\" class=\"wp-caption aligncenter\"><img loading=\"lazy\" decoding=\"async\" class=\"wp-image-30368 size-full\" src=\"https:\/\/mouldking.store\/wp-content\/uploads\/2022\/03\/Mould-King-12006-RC-Class-A4-Pacifics-Mallard-with-2139-pieces-4.jpg\" alt=\"Mould King 12006 RC Class A4 Pacifics Mallard with 2139 pieces\" width=\"790\" height=\"932\" title=\"-\" srcset=\"https:\/\/mouldking.store\/wp-content\/uploads\/2022\/03\/Mould-King-12006-RC-Class-A4-Pacifics-Mallard-with-2139-pieces-4.jpg 790w, https:\/\/mouldking.store\/wp-content\/uploads\/2022\/03\/Mould-King-12006-RC-Class-A4-Pacifics-Mallard-with-2139-pieces-4-254x300.jpg 254w, https:\/\/mouldking.store\/wp-content\/uploads\/2022\/03\/Mould-King-12006-RC-Class-A4-Pacifics-Mallard-with-2139-pieces-4-768x906.jpg 768w, https:\/\/mouldking.store\/wp-content\/uploads\/2022\/03\/Mould-King-12006-RC-Class-A4-Pacifics-Mallard-with-2139-pieces-4-300x354.jpg 300w, https:\/\/mouldking.store\/wp-content\/uploads\/2022\/03\/Mould-King-12006-RC-Class-A4-Pacifics-Mallard-with-2139-pieces-4-600x708.jpg 600w, https:\/\/mouldking.store\/wp-content\/uploads\/2022\/03\/Mould-King-12006-RC-Class-A4-Pacifics-Mallard-with-2139-pieces-4-127x150.jpg 127w\" sizes=\"(max-width: 790px) 100vw, 790px\" \/><figcaption id=\"caption-attachment-30368\" class=\"wp-caption-text\">Mold King 12006 RC Class A4 V\u1ecbt tr\u1eddi Th\u00e1i B\u00ecnh D\u01b0\u01a1ng v\u1edbi 2139 mi\u1ebfng<\/figcaption><\/figure>\n<figure id=\"attachment_30367\" aria-describedby=\"caption-attachment-30367\" style=\"width: 640px\" class=\"wp-caption aligncenter\"><img loading=\"lazy\" decoding=\"async\" class=\"wp-image-30367 size-full\" src=\"https:\/\/mouldking.store\/wp-content\/uploads\/2022\/03\/Mould-King-12006-RC-Class-A4-Pacifics-Mallard-with-2139-pieces-3.jpg\" alt=\"Mould King 12006 RC Class A4 Pacifics Mallard with 2139 pieces\" width=\"640\" height=\"640\" title=\"-\" srcset=\"https:\/\/mouldking.store\/wp-content\/uploads\/2022\/03\/Mould-King-12006-RC-Class-A4-Pacifics-Mallard-with-2139-pieces-3.jpg 640w, https:\/\/mouldking.store\/wp-content\/uploads\/2022\/03\/Mould-King-12006-RC-Class-A4-Pacifics-Mallard-with-2139-pieces-3-300x300.jpg 300w, https:\/\/mouldking.store\/wp-content\/uploads\/2022\/03\/Mould-King-12006-RC-Class-A4-Pacifics-Mallard-with-2139-pieces-3-600x600.jpg 600w, https:\/\/mouldking.store\/wp-content\/uploads\/2022\/03\/Mould-King-12006-RC-Class-A4-Pacifics-Mallard-with-2139-pieces-3-150x150.jpg 150w\" sizes=\"(max-width: 640px) 100vw, 640px\" \/><figcaption id=\"caption-attachment-30367\" class=\"wp-caption-text\">Mold King 12006 RC Class A4 V\u1ecbt tr\u1eddi Th\u00e1i B\u00ecnh D\u01b0\u01a1ng v\u1edbi 2139 mi\u1ebfng<\/figcaption><\/figure>\n<figure id=\"attachment_30366\" aria-describedby=\"caption-attachment-30366\" style=\"width: 790px\" class=\"wp-caption aligncenter\"><img loading=\"lazy\" decoding=\"async\" class=\"wp-image-30366 size-full\" src=\"https:\/\/mouldking.store\/wp-content\/uploads\/2022\/03\/Mould-King-12006-RC-Class-A4-Pacifics-Mallard-with-2139-pieces-2.jpg\" alt=\"Mould King 12006 RC Class A4 Pacifics Mallard with 2139 pieces\" width=\"790\" height=\"359\" title=\"-\" srcset=\"https:\/\/mouldking.store\/wp-content\/uploads\/2022\/03\/Mould-King-12006-RC-Class-A4-Pacifics-Mallard-with-2139-pieces-2.jpg 790w, https:\/\/mouldking.store\/wp-content\/uploads\/2022\/03\/Mould-King-12006-RC-Class-A4-Pacifics-Mallard-with-2139-pieces-2-300x136.jpg 300w, https:\/\/mouldking.store\/wp-content\/uploads\/2022\/03\/Mould-King-12006-RC-Class-A4-Pacifics-Mallard-with-2139-pieces-2-768x349.jpg 768w, https:\/\/mouldking.store\/wp-content\/uploads\/2022\/03\/Mould-King-12006-RC-Class-A4-Pacifics-Mallard-with-2139-pieces-2-600x273.jpg 600w, https:\/\/mouldking.store\/wp-content\/uploads\/2022\/03\/Mould-King-12006-RC-Class-A4-Pacifics-Mallard-with-2139-pieces-2-150x68.jpg 150w\" sizes=\"(max-width: 790px) 100vw, 790px\" \/><figcaption id=\"caption-attachment-30366\" class=\"wp-caption-text\">Mold King 12006 RC Class A4 V\u1ecbt tr\u1eddi Th\u00e1i B\u00ecnh D\u01b0\u01a1ng v\u1edbi 2139 mi\u1ebfng<\/figcaption><\/figure>","protected":false},"excerpt":{"rendered":"<p>Product information: Brand: Mould King Gender: Unisex Name: RC Class A4 Pacifics Mallard Age Range: &gt; 14 years old Model Number: 12006 Classification: Assemblage Plastic Block Shape: Self-Locking Bricks Material: Plastic Plastic Type: ABS Bricks Blocks: 2139 PCS Contains detailed assembly instructions. Notice: 1. Without an original box, but we guarantee our products have quality [&hellip;]<\/p>","protected":false},"featured_media":30365,"comment_status":"closed","ping_status":"closed","template":"","meta":{"_acf_changed":false},"product_cat":[364],"product_tag":[5008,5011,5009,615,5006,5005,5004,5010,481,5007],"class_list":["product","first","instock","shipping-taxable","purchasable","product-type-simple"],"acf":[],"_links":{"self":[{"href":"https:\/\/mouldking.store\/vi\/wp-json\/wp\/v2\/product\/30364","targetHints":{"allow":["GET"]}}],"collection":[{"href":"https:\/\/mouldking.store\/vi\/wp-json\/wp\/v2\/product"}],"about":[{"href":"https:\/\/mouldking.store\/vi\/wp-json\/wp\/v2\/types\/product"}],"replies":[{"embeddable":true,"href":"https:\/\/mouldking.store\/vi\/wp-json\/wp\/v2\/comments?post=30364"}],"wp:featuredmedia":[{"embeddable":true,"href":"https:\/\/mouldking.store\/vi\/wp-json\/wp\/v2\/media\/30365"}],"wp:attachment":[{"href":"https:\/\/mouldking.store\/vi\/wp-json\/wp\/v2\/media?parent=30364"}],"wp:term":[{"taxonomy":"product_cat","embeddable":true,"href":"https:\/\/mouldking.store\/vi\/wp-json\/wp\/v2\/product_cat?post=30364"},{"taxonomy":"product_tag","embeddable":true,"href":"https:\/\/mouldking.store\/vi\/wp-json\/wp\/v2\/product_tag?post=30364"}],"curies":[{"name":"wp","href":"https:\/\/api.w.org\/{rel}","templated":true}]}}