{"id":30388,"date":"2022-03-02T12:04:22","date_gmt":"2022-03-02T05:04:22","guid":{"rendered":"https:\/\/mouldking.store\/?post_type=product&#038;p=30388"},"modified":"2022-03-02T12:04:23","modified_gmt":"2022-03-02T05:04:23","slug":"fei-fan-f10002-18-lamborghini-aventador-svj-roadster-with-4038-pieces","status":"publish","type":"product","link":"https:\/\/mouldking.store\/vi\/shop\/fei-fan-f10002-18-lamborghini-aventador-svj-roadster-with-4038-pieces\/","title":{"rendered":"FEI FAN F10002 1:8 Lamborghini Aventador SVJ Roadster v\u1edbi 4038 m\u1ea3nh gh\u00e9p"},"content":{"rendered":"<p>Th\u00f4ng tin s\u1ea3n ph\u1ea9m:<\/p>\n<ol>\n<li>Th\u01b0\u01a1ng hi\u1ec7u: FEI FAN<\/li>\n<li>Gi\u1edbi t\u00ednh: Unisex<\/li>\n<li>Name: 1:8 Lamborghini Aventador SVJ Roadster<\/li>\n<li>\u0110\u1ed9 tu\u1ed5i: &gt; 6 tu\u1ed5i<\/li>\n<li>Model Number: F10002<\/li>\n<li>Ph\u00e2n lo\u1ea1i: T\u1eadp h\u1ee3p<\/li>\n<li>H\u00ecnh d\u1ea1ng kh\u1ed1i nh\u1ef1a: G\u1ea1ch t\u1ef1 kh\u00f3a<\/li>\n<li>Ch\u1ea5t li\u1ec7u: Nh\u1ef1a<\/li>\n<li>Lo\u1ea1i nh\u1ef1a: ABS<\/li>\n<li>Bricks Blocks: 4038 PCS<\/li>\n<li>Ch\u1ee9a h\u01b0\u1edbng d\u1eabn l\u1eafp r\u00e1p chi ti\u1ebft.<\/li>\n<\/ol>\n<p>\u0110\u1ec3 \u00fd:<br \/>\n1. Kh\u00f4ng c\u00f3 h\u1ed9p ban \u0111\u1ea7u, nh\u01b0ng ch\u00fang t\u00f4i \u0111\u1ea3m b\u1ea3o s\u1ea3n ph\u1ea9m c\u1ee7a ch\u00fang t\u00f4i c\u00f3 ch\u1ea5t l\u01b0\u1ee3ng \u0111\u1ea3m b\u1ea3o v\u00e0 bao b\u00ec \u0111\u1eb9p.<br \/>\n2. V\u00ec t\u1ea5t c\u1ea3 c\u00e1c b\u1ed9 ph\u1eadn ch\u00fang t\u00f4i \u0111\u00e3 ki\u1ec3m tra tr\u01b0\u1edbc khi v\u1eadn chuy\u1ec3n, v\u00ec v\u1eady n\u1ebfu b\u1ea1n th\u1ea5y m\u1ed9t s\u1ed1 b\u1ed9 ph\u1eadn b\u1ecb thi\u1ebfu ho\u1eb7c h\u01b0 h\u1ecfng, \u0111\u1eebng lo l\u1eafng v\u00e0 ch\u1ec9 c\u1ea7n vui l\u00f2ng li\u00ean h\u1ec7 v\u1edbi ch\u00fang t\u00f4i v\u00e0 ch\u00fang t\u00f4i c\u00f3 th\u1ec3 g\u1eedi l\u1ea1i mi\u1ec5n ph\u00ed cho b\u1ea1n ngay l\u1eadp t\u1ee9c.<\/p>\n<figure id=\"attachment_30397\" aria-describedby=\"caption-attachment-30397\" style=\"width: 800px\" class=\"wp-caption aligncenter\"><img fetchpriority=\"high\" decoding=\"async\" class=\"wp-image-30397 size-full\" src=\"https:\/\/mouldking.store\/wp-content\/uploads\/2022\/03\/FEI-FAN-F10002-18-Lamborghini-Aventador-SVJ-Roadster-with-4038-pieces-8.jpg\" alt=\"FEI FAN F10002 18 Lamborghini Aventador SVJ Roadster with 4038 pieces\" width=\"800\" height=\"800\" title=\"-\" srcset=\"https:\/\/mouldking.store\/wp-content\/uploads\/2022\/03\/FEI-FAN-F10002-18-Lamborghini-Aventador-SVJ-Roadster-with-4038-pieces-8.jpg 800w, https:\/\/mouldking.store\/wp-content\/uploads\/2022\/03\/FEI-FAN-F10002-18-Lamborghini-Aventador-SVJ-Roadster-with-4038-pieces-8-300x300.jpg 300w, https:\/\/mouldking.store\/wp-content\/uploads\/2022\/03\/FEI-FAN-F10002-18-Lamborghini-Aventador-SVJ-Roadster-with-4038-pieces-8-768x768.jpg 768w, https:\/\/mouldking.store\/wp-content\/uploads\/2022\/03\/FEI-FAN-F10002-18-Lamborghini-Aventador-SVJ-Roadster-with-4038-pieces-8-600x600.jpg 600w, https:\/\/mouldking.store\/wp-content\/uploads\/2022\/03\/FEI-FAN-F10002-18-Lamborghini-Aventador-SVJ-Roadster-with-4038-pieces-8-150x150.jpg 150w\" sizes=\"(max-width: 800px) 100vw, 800px\" \/><figcaption id=\"caption-attachment-30397\" class=\"wp-caption-text\">FEI FAN F10002 1:8 Lamborghini Aventador SVJ Roadster v\u1edbi 4038 m\u1ea3nh gh\u00e9p<\/figcaption><\/figure>\n<figure id=\"attachment_30398\" aria-describedby=\"caption-attachment-30398\" style=\"width: 559px\" class=\"wp-caption aligncenter\"><img decoding=\"async\" class=\"wp-image-30398 size-full\" src=\"https:\/\/mouldking.store\/wp-content\/uploads\/2022\/03\/FEI-FAN-F10002-18-Lamborghini-Aventador-SVJ-Roadster-with-4038-pieces-9.jpg\" alt=\"FEI FAN F10002 18 Lamborghini Aventador SVJ Roadster with 4038 pieces\" width=\"559\" height=\"1024\" title=\"-\" srcset=\"https:\/\/mouldking.store\/wp-content\/uploads\/2022\/03\/FEI-FAN-F10002-18-Lamborghini-Aventador-SVJ-Roadster-with-4038-pieces-9.jpg 559w, https:\/\/mouldking.store\/wp-content\/uploads\/2022\/03\/FEI-FAN-F10002-18-Lamborghini-Aventador-SVJ-Roadster-with-4038-pieces-9-164x300.jpg 164w, https:\/\/mouldking.store\/wp-content\/uploads\/2022\/03\/FEI-FAN-F10002-18-Lamborghini-Aventador-SVJ-Roadster-with-4038-pieces-9-300x550.jpg 300w, https:\/\/mouldking.store\/wp-content\/uploads\/2022\/03\/FEI-FAN-F10002-18-Lamborghini-Aventador-SVJ-Roadster-with-4038-pieces-9-82x150.jpg 82w\" sizes=\"(max-width: 559px) 100vw, 559px\" \/><figcaption id=\"caption-attachment-30398\" class=\"wp-caption-text\">FEI FAN F10002 1:8 Lamborghini Aventador SVJ Roadster v\u1edbi 4038 m\u1ea3nh gh\u00e9p<\/figcaption><\/figure>\n<figure id=\"attachment_30389\" aria-describedby=\"caption-attachment-30389\" style=\"width: 800px\" class=\"wp-caption aligncenter\"><img decoding=\"async\" class=\"wp-image-30389 size-full\" src=\"https:\/\/mouldking.store\/wp-content\/uploads\/2022\/03\/FEI-FAN-F10002-18-Lamborghini-Aventador-SVJ-Roadster-with-4038-pieces-1.jpg\" alt=\"FEI FAN F10002 18 Lamborghini Aventador SVJ Roadster with 4038 pieces\" width=\"800\" height=\"800\" title=\"-\" srcset=\"https:\/\/mouldking.store\/wp-content\/uploads\/2022\/03\/FEI-FAN-F10002-18-Lamborghini-Aventador-SVJ-Roadster-with-4038-pieces-1.jpg 800w, https:\/\/mouldking.store\/wp-content\/uploads\/2022\/03\/FEI-FAN-F10002-18-Lamborghini-Aventador-SVJ-Roadster-with-4038-pieces-1-300x300.jpg 300w, https:\/\/mouldking.store\/wp-content\/uploads\/2022\/03\/FEI-FAN-F10002-18-Lamborghini-Aventador-SVJ-Roadster-with-4038-pieces-1-768x768.jpg 768w, https:\/\/mouldking.store\/wp-content\/uploads\/2022\/03\/FEI-FAN-F10002-18-Lamborghini-Aventador-SVJ-Roadster-with-4038-pieces-1-600x600.jpg 600w, https:\/\/mouldking.store\/wp-content\/uploads\/2022\/03\/FEI-FAN-F10002-18-Lamborghini-Aventador-SVJ-Roadster-with-4038-pieces-1-150x150.jpg 150w\" sizes=\"(max-width: 800px) 100vw, 800px\" \/><figcaption id=\"caption-attachment-30389\" class=\"wp-caption-text\">FEI FAN F10002 1:8 Lamborghini Aventador SVJ Roadster v\u1edbi 4038 m\u1ea3nh gh\u00e9p<\/figcaption><\/figure>\n<figure id=\"attachment_30391\" aria-describedby=\"caption-attachment-30391\" style=\"width: 800px\" class=\"wp-caption aligncenter\"><img loading=\"lazy\" decoding=\"async\" class=\"wp-image-30391 size-full\" src=\"https:\/\/mouldking.store\/wp-content\/uploads\/2022\/03\/FEI-FAN-F10002-18-Lamborghini-Aventador-SVJ-Roadster-with-4038-pieces-2.jpg\" alt=\"FEI FAN F10002 18 Lamborghini Aventador SVJ Roadster with 4038 pieces\" width=\"800\" height=\"800\" title=\"-\" srcset=\"https:\/\/mouldking.store\/wp-content\/uploads\/2022\/03\/FEI-FAN-F10002-18-Lamborghini-Aventador-SVJ-Roadster-with-4038-pieces-2.jpg 800w, https:\/\/mouldking.store\/wp-content\/uploads\/2022\/03\/FEI-FAN-F10002-18-Lamborghini-Aventador-SVJ-Roadster-with-4038-pieces-2-300x300.jpg 300w, https:\/\/mouldking.store\/wp-content\/uploads\/2022\/03\/FEI-FAN-F10002-18-Lamborghini-Aventador-SVJ-Roadster-with-4038-pieces-2-768x768.jpg 768w, https:\/\/mouldking.store\/wp-content\/uploads\/2022\/03\/FEI-FAN-F10002-18-Lamborghini-Aventador-SVJ-Roadster-with-4038-pieces-2-600x600.jpg 600w, https:\/\/mouldking.store\/wp-content\/uploads\/2022\/03\/FEI-FAN-F10002-18-Lamborghini-Aventador-SVJ-Roadster-with-4038-pieces-2-150x150.jpg 150w\" sizes=\"(max-width: 800px) 100vw, 800px\" \/><figcaption id=\"caption-attachment-30391\" class=\"wp-caption-text\">FEI FAN F10002 1:8 Lamborghini Aventador SVJ Roadster v\u1edbi 4038 m\u1ea3nh gh\u00e9p<\/figcaption><\/figure>\n<figure id=\"attachment_30399\" aria-describedby=\"caption-attachment-30399\" style=\"width: 640px\" class=\"wp-caption aligncenter\"><img loading=\"lazy\" decoding=\"async\" class=\"wp-image-30399 size-full\" src=\"https:\/\/mouldking.store\/wp-content\/uploads\/2022\/03\/FEI-FAN-F10002-18-Lamborghini-Aventador-SVJ-Roadster-with-4038-pieces-10.jpg\" alt=\"FEI FAN F10002 18 Lamborghini Aventador SVJ Roadster with 4038 pieces\" width=\"640\" height=\"640\" title=\"-\" srcset=\"https:\/\/mouldking.store\/wp-content\/uploads\/2022\/03\/FEI-FAN-F10002-18-Lamborghini-Aventador-SVJ-Roadster-with-4038-pieces-10.jpg 640w, https:\/\/mouldking.store\/wp-content\/uploads\/2022\/03\/FEI-FAN-F10002-18-Lamborghini-Aventador-SVJ-Roadster-with-4038-pieces-10-300x300.jpg 300w, https:\/\/mouldking.store\/wp-content\/uploads\/2022\/03\/FEI-FAN-F10002-18-Lamborghini-Aventador-SVJ-Roadster-with-4038-pieces-10-600x600.jpg 600w, https:\/\/mouldking.store\/wp-content\/uploads\/2022\/03\/FEI-FAN-F10002-18-Lamborghini-Aventador-SVJ-Roadster-with-4038-pieces-10-150x150.jpg 150w\" sizes=\"(max-width: 640px) 100vw, 640px\" \/><figcaption id=\"caption-attachment-30399\" class=\"wp-caption-text\">FEI FAN F10002 1:8 Lamborghini Aventador SVJ Roadster v\u1edbi 4038 m\u1ea3nh gh\u00e9p<\/figcaption><\/figure>\n<figure id=\"attachment_30395\" aria-describedby=\"caption-attachment-30395\" style=\"width: 750px\" class=\"wp-caption aligncenter\"><img loading=\"lazy\" decoding=\"async\" class=\"wp-image-30395 size-full\" src=\"https:\/\/mouldking.store\/wp-content\/uploads\/2022\/03\/FEI-FAN-F10002-18-Lamborghini-Aventador-SVJ-Roadster-with-4038-pieces-6.jpg\" alt=\"FEI FAN F10002 18 Lamborghini Aventador SVJ Roadster with 4038 pieces\" width=\"750\" height=\"1024\" title=\"-\" srcset=\"https:\/\/mouldking.store\/wp-content\/uploads\/2022\/03\/FEI-FAN-F10002-18-Lamborghini-Aventador-SVJ-Roadster-with-4038-pieces-6.jpg 750w, https:\/\/mouldking.store\/wp-content\/uploads\/2022\/03\/FEI-FAN-F10002-18-Lamborghini-Aventador-SVJ-Roadster-with-4038-pieces-6-220x300.jpg 220w, https:\/\/mouldking.store\/wp-content\/uploads\/2022\/03\/FEI-FAN-F10002-18-Lamborghini-Aventador-SVJ-Roadster-with-4038-pieces-6-300x410.jpg 300w, https:\/\/mouldking.store\/wp-content\/uploads\/2022\/03\/FEI-FAN-F10002-18-Lamborghini-Aventador-SVJ-Roadster-with-4038-pieces-6-600x819.jpg 600w, https:\/\/mouldking.store\/wp-content\/uploads\/2022\/03\/FEI-FAN-F10002-18-Lamborghini-Aventador-SVJ-Roadster-with-4038-pieces-6-110x150.jpg 110w\" sizes=\"(max-width: 750px) 100vw, 750px\" \/><figcaption id=\"caption-attachment-30395\" class=\"wp-caption-text\">FEI FAN F10002 1:8 Lamborghini Aventador SVJ Roadster v\u1edbi 4038 m\u1ea3nh gh\u00e9p<\/figcaption><\/figure>\n<figure id=\"attachment_30394\" aria-describedby=\"caption-attachment-30394\" style=\"width: 510px\" class=\"wp-caption aligncenter\"><img loading=\"lazy\" decoding=\"async\" class=\"wp-image-30394 size-full\" src=\"https:\/\/mouldking.store\/wp-content\/uploads\/2022\/03\/FEI-FAN-F10002-18-Lamborghini-Aventador-SVJ-Roadster-with-4038-pieces-5.jpg\" alt=\"FEI FAN F10002 18 Lamborghini Aventador SVJ Roadster with 4038 pieces\" width=\"510\" height=\"1024\" title=\"-\" srcset=\"https:\/\/mouldking.store\/wp-content\/uploads\/2022\/03\/FEI-FAN-F10002-18-Lamborghini-Aventador-SVJ-Roadster-with-4038-pieces-5.jpg 510w, https:\/\/mouldking.store\/wp-content\/uploads\/2022\/03\/FEI-FAN-F10002-18-Lamborghini-Aventador-SVJ-Roadster-with-4038-pieces-5-149x300.jpg 149w, https:\/\/mouldking.store\/wp-content\/uploads\/2022\/03\/FEI-FAN-F10002-18-Lamborghini-Aventador-SVJ-Roadster-with-4038-pieces-5-300x602.jpg 300w, https:\/\/mouldking.store\/wp-content\/uploads\/2022\/03\/FEI-FAN-F10002-18-Lamborghini-Aventador-SVJ-Roadster-with-4038-pieces-5-75x150.jpg 75w\" sizes=\"(max-width: 510px) 100vw, 510px\" \/><figcaption id=\"caption-attachment-30394\" class=\"wp-caption-text\">FEI FAN F10002 1:8 Lamborghini Aventador SVJ Roadster v\u1edbi 4038 m\u1ea3nh gh\u00e9p<\/figcaption><\/figure>\n<figure id=\"attachment_30392\" aria-describedby=\"caption-attachment-30392\" style=\"width: 410px\" class=\"wp-caption aligncenter\"><img loading=\"lazy\" decoding=\"async\" class=\"wp-image-30392 size-full\" src=\"https:\/\/mouldking.store\/wp-content\/uploads\/2022\/03\/FEI-FAN-F10002-18-Lamborghini-Aventador-SVJ-Roadster-with-4038-pieces-3.jpg\" alt=\"FEI FAN F10002 18 Lamborghini Aventador SVJ Roadster with 4038 pieces\" width=\"410\" height=\"1024\" title=\"-\" srcset=\"https:\/\/mouldking.store\/wp-content\/uploads\/2022\/03\/FEI-FAN-F10002-18-Lamborghini-Aventador-SVJ-Roadster-with-4038-pieces-3.jpg 410w, https:\/\/mouldking.store\/wp-content\/uploads\/2022\/03\/FEI-FAN-F10002-18-Lamborghini-Aventador-SVJ-Roadster-with-4038-pieces-3-120x300.jpg 120w, https:\/\/mouldking.store\/wp-content\/uploads\/2022\/03\/FEI-FAN-F10002-18-Lamborghini-Aventador-SVJ-Roadster-with-4038-pieces-3-300x749.jpg 300w, https:\/\/mouldking.store\/wp-content\/uploads\/2022\/03\/FEI-FAN-F10002-18-Lamborghini-Aventador-SVJ-Roadster-with-4038-pieces-3-60x150.jpg 60w\" sizes=\"(max-width: 410px) 100vw, 410px\" \/><figcaption id=\"caption-attachment-30392\" class=\"wp-caption-text\">FEI FAN F10002 1:8 Lamborghini Aventador SVJ Roadster v\u1edbi 4038 m\u1ea3nh gh\u00e9p<\/figcaption><\/figure>\n<figure id=\"attachment_30396\" aria-describedby=\"caption-attachment-30396\" style=\"width: 486px\" class=\"wp-caption aligncenter\"><img loading=\"lazy\" decoding=\"async\" class=\"wp-image-30396 size-full\" src=\"https:\/\/mouldking.store\/wp-content\/uploads\/2022\/03\/FEI-FAN-F10002-18-Lamborghini-Aventador-SVJ-Roadster-with-4038-pieces-7.jpg\" alt=\"FEI FAN F10002 18 Lamborghini Aventador SVJ Roadster with 4038 pieces\" width=\"486\" height=\"1024\" title=\"-\" srcset=\"https:\/\/mouldking.store\/wp-content\/uploads\/2022\/03\/FEI-FAN-F10002-18-Lamborghini-Aventador-SVJ-Roadster-with-4038-pieces-7.jpg 486w, https:\/\/mouldking.store\/wp-content\/uploads\/2022\/03\/FEI-FAN-F10002-18-Lamborghini-Aventador-SVJ-Roadster-with-4038-pieces-7-142x300.jpg 142w, https:\/\/mouldking.store\/wp-content\/uploads\/2022\/03\/FEI-FAN-F10002-18-Lamborghini-Aventador-SVJ-Roadster-with-4038-pieces-7-300x632.jpg 300w, https:\/\/mouldking.store\/wp-content\/uploads\/2022\/03\/FEI-FAN-F10002-18-Lamborghini-Aventador-SVJ-Roadster-with-4038-pieces-7-71x150.jpg 71w\" sizes=\"(max-width: 486px) 100vw, 486px\" \/><figcaption id=\"caption-attachment-30396\" class=\"wp-caption-text\">FEI FAN F10002 1:8 Lamborghini Aventador SVJ Roadster v\u1edbi 4038 m\u1ea3nh gh\u00e9p<\/figcaption><\/figure>\n<figure id=\"attachment_30390\" aria-describedby=\"caption-attachment-30390\" style=\"width: 640px\" class=\"wp-caption aligncenter\"><img loading=\"lazy\" decoding=\"async\" class=\"wp-image-30390 size-full\" src=\"https:\/\/mouldking.store\/wp-content\/uploads\/2022\/03\/FEI-FAN-F10002-18-Lamborghini-Aventador-SVJ-Roadster-with-4038-pieces-1.png\" alt=\"FEI FAN F10002 18 Lamborghini Aventador SVJ Roadster with 4038 pieces\" width=\"640\" height=\"640\" title=\"-\" srcset=\"https:\/\/mouldking.store\/wp-content\/uploads\/2022\/03\/FEI-FAN-F10002-18-Lamborghini-Aventador-SVJ-Roadster-with-4038-pieces-1.png 640w, https:\/\/mouldking.store\/wp-content\/uploads\/2022\/03\/FEI-FAN-F10002-18-Lamborghini-Aventador-SVJ-Roadster-with-4038-pieces-1-300x300.png 300w, https:\/\/mouldking.store\/wp-content\/uploads\/2022\/03\/FEI-FAN-F10002-18-Lamborghini-Aventador-SVJ-Roadster-with-4038-pieces-1-600x600.png 600w, https:\/\/mouldking.store\/wp-content\/uploads\/2022\/03\/FEI-FAN-F10002-18-Lamborghini-Aventador-SVJ-Roadster-with-4038-pieces-1-150x150.png 150w\" sizes=\"(max-width: 640px) 100vw, 640px\" \/><figcaption id=\"caption-attachment-30390\" class=\"wp-caption-text\">FEI FAN F10002 1:8 Lamborghini Aventador SVJ Roadster v\u1edbi 4038 m\u1ea3nh gh\u00e9p<\/figcaption><\/figure>\n<figure id=\"attachment_30393\" aria-describedby=\"caption-attachment-30393\" style=\"width: 476px\" class=\"wp-caption aligncenter\"><img loading=\"lazy\" decoding=\"async\" class=\"wp-image-30393 size-full\" src=\"https:\/\/mouldking.store\/wp-content\/uploads\/2022\/03\/FEI-FAN-F10002-18-Lamborghini-Aventador-SVJ-Roadster-with-4038-pieces-4.jpg\" alt=\"FEI FAN F10002 18 Lamborghini Aventador SVJ Roadster with 4038 pieces\" width=\"476\" height=\"1024\" title=\"-\" srcset=\"https:\/\/mouldking.store\/wp-content\/uploads\/2022\/03\/FEI-FAN-F10002-18-Lamborghini-Aventador-SVJ-Roadster-with-4038-pieces-4.jpg 476w, https:\/\/mouldking.store\/wp-content\/uploads\/2022\/03\/FEI-FAN-F10002-18-Lamborghini-Aventador-SVJ-Roadster-with-4038-pieces-4-139x300.jpg 139w, https:\/\/mouldking.store\/wp-content\/uploads\/2022\/03\/FEI-FAN-F10002-18-Lamborghini-Aventador-SVJ-Roadster-with-4038-pieces-4-300x645.jpg 300w, https:\/\/mouldking.store\/wp-content\/uploads\/2022\/03\/FEI-FAN-F10002-18-Lamborghini-Aventador-SVJ-Roadster-with-4038-pieces-4-70x150.jpg 70w\" sizes=\"(max-width: 476px) 100vw, 476px\" \/><figcaption id=\"caption-attachment-30393\" class=\"wp-caption-text\">FEI FAN F10002 1:8 Lamborghini Aventador SVJ Roadster v\u1edbi 4038 m\u1ea3nh gh\u00e9p<\/figcaption><\/figure>","protected":false},"excerpt":{"rendered":"<p>Product information: Brand: FEI FAN Gender: Unisex Name: 1:8 Lamborghini Aventador SVJ Roadster Age Range: &gt; 6 years old Model Number: F10002 Classification: Assemblage Plastic Block Shape: Self-Locking Bricks Material: Plastic Plastic Type: ABS Bricks Blocks: 4038 PCS Contains detailed assembly instructions. Notice: 1. Without an original box, but we guarantee our products have quality [&hellip;]<\/p>","protected":false},"featured_media":30397,"comment_status":"closed","ping_status":"closed","template":"","meta":{"_acf_changed":false},"product_cat":[364],"product_tag":[5030,5032,5031,3630,5029,5028,5027,596,5033],"class_list":["product","first","instock","shipping-taxable","purchasable","product-type-variable"],"acf":[],"_links":{"self":[{"href":"https:\/\/mouldking.store\/vi\/wp-json\/wp\/v2\/product\/30388","targetHints":{"allow":["GET"]}}],"collection":[{"href":"https:\/\/mouldking.store\/vi\/wp-json\/wp\/v2\/product"}],"about":[{"href":"https:\/\/mouldking.store\/vi\/wp-json\/wp\/v2\/types\/product"}],"replies":[{"embeddable":true,"href":"https:\/\/mouldking.store\/vi\/wp-json\/wp\/v2\/comments?post=30388"}],"wp:featuredmedia":[{"embeddable":true,"href":"https:\/\/mouldking.store\/vi\/wp-json\/wp\/v2\/media\/30397"}],"wp:attachment":[{"href":"https:\/\/mouldking.store\/vi\/wp-json\/wp\/v2\/media?parent=30388"}],"wp:term":[{"taxonomy":"product_cat","embeddable":true,"href":"https:\/\/mouldking.store\/vi\/wp-json\/wp\/v2\/product_cat?post=30388"},{"taxonomy":"product_tag","embeddable":true,"href":"https:\/\/mouldking.store\/vi\/wp-json\/wp\/v2\/product_tag?post=30388"}],"curies":[{"name":"wp","href":"https:\/\/api.w.org\/{rel}","templated":true}]}}