{"id":30428,"date":"2022-03-02T14:38:21","date_gmt":"2022-03-02T07:38:21","guid":{"rendered":"https:\/\/mouldking.store\/?post_type=product&#038;p=30428"},"modified":"2022-03-02T14:38:21","modified_gmt":"2022-03-02T07:38:21","slug":"achko-50030-royal-carriage-with-1281-pieces","status":"publish","type":"product","link":"https:\/\/mouldking.store\/vi\/shop\/achko-50030-royal-carriage-with-1281-pieces\/","title":{"rendered":"C\u1ed7 xe ho\u00e0ng gia ACHKO 50030 v\u1edbi 1281 chi\u1ebfc"},"content":{"rendered":"<p>Th\u00f4ng tin s\u1ea3n ph\u1ea9m:<\/p>\n<ol>\n<li>Th\u01b0\u01a1ng hi\u1ec7u: ACKO<\/li>\n<li>Gi\u1edbi t\u00ednh: Unisex<\/li>\n<li>T\u00ean: Xe Ho\u00e0ng Gia<\/li>\n<li>\u0110\u1ed9 tu\u1ed5i: &gt; 6 tu\u1ed5i<\/li>\n<li>S\u1ed1 m\u00f4 h\u00ecnh: 50030<\/li>\n<li>Ph\u00e2n lo\u1ea1i: T\u1eadp h\u1ee3p<\/li>\n<li>H\u00ecnh d\u1ea1ng kh\u1ed1i nh\u1ef1a: G\u1ea1ch t\u1ef1 kh\u00f3a<\/li>\n<li>Ch\u1ea5t li\u1ec7u: Nh\u1ef1a<\/li>\n<li>Lo\u1ea1i nh\u1ef1a: ABS<\/li>\n<li>Kh\u1ed1i g\u1ea1ch: 1281 C\u00c1I<\/li>\n<li>Ch\u1ee9a h\u01b0\u1edbng d\u1eabn l\u1eafp r\u00e1p chi ti\u1ebft.<\/li>\n<\/ol>\n<p>\u0110\u1ec3 \u00fd:<br \/>\n1. Kh\u00f4ng c\u00f3 h\u1ed9p ban \u0111\u1ea7u, nh\u01b0ng ch\u00fang t\u00f4i \u0111\u1ea3m b\u1ea3o s\u1ea3n ph\u1ea9m c\u1ee7a ch\u00fang t\u00f4i c\u00f3 ch\u1ea5t l\u01b0\u1ee3ng \u0111\u1ea3m b\u1ea3o v\u00e0 bao b\u00ec \u0111\u1eb9p.<br \/>\n2. V\u00ec t\u1ea5t c\u1ea3 c\u00e1c b\u1ed9 ph\u1eadn ch\u00fang t\u00f4i \u0111\u00e3 ki\u1ec3m tra tr\u01b0\u1edbc khi v\u1eadn chuy\u1ec3n, v\u00ec v\u1eady n\u1ebfu b\u1ea1n th\u1ea5y m\u1ed9t s\u1ed1 b\u1ed9 ph\u1eadn b\u1ecb thi\u1ebfu ho\u1eb7c h\u01b0 h\u1ecfng, \u0111\u1eebng lo l\u1eafng v\u00e0 ch\u1ec9 c\u1ea7n vui l\u00f2ng li\u00ean h\u1ec7 v\u1edbi ch\u00fang t\u00f4i v\u00e0 ch\u00fang t\u00f4i c\u00f3 th\u1ec3 g\u1eedi l\u1ea1i mi\u1ec5n ph\u00ed cho b\u1ea1n ngay l\u1eadp t\u1ee9c.<\/p>\n<figure id=\"attachment_30434\" aria-describedby=\"caption-attachment-30434\" style=\"width: 790px\" class=\"wp-caption aligncenter\"><img fetchpriority=\"high\" decoding=\"async\" class=\"wp-image-30434 size-full\" src=\"https:\/\/mouldking.store\/wp-content\/uploads\/2022\/03\/ACHKO-50030-Royal-Carriage-6.jpg\" alt=\"ACHKO 50030 Royal Carriage with 1281 pieces\" width=\"790\" height=\"1008\" title=\"-\" srcset=\"https:\/\/mouldking.store\/wp-content\/uploads\/2022\/03\/ACHKO-50030-Royal-Carriage-6.jpg 790w, https:\/\/mouldking.store\/wp-content\/uploads\/2022\/03\/ACHKO-50030-Royal-Carriage-6-235x300.jpg 235w, https:\/\/mouldking.store\/wp-content\/uploads\/2022\/03\/ACHKO-50030-Royal-Carriage-6-768x980.jpg 768w, https:\/\/mouldking.store\/wp-content\/uploads\/2022\/03\/ACHKO-50030-Royal-Carriage-6-300x383.jpg 300w, https:\/\/mouldking.store\/wp-content\/uploads\/2022\/03\/ACHKO-50030-Royal-Carriage-6-600x766.jpg 600w, https:\/\/mouldking.store\/wp-content\/uploads\/2022\/03\/ACHKO-50030-Royal-Carriage-6-118x150.jpg 118w\" sizes=\"(max-width: 790px) 100vw, 790px\" \/><figcaption id=\"caption-attachment-30434\" class=\"wp-caption-text\">C\u1ed7 xe ho\u00e0ng gia ACHKO 50030 v\u1edbi 1281 chi\u1ebfc<\/figcaption><\/figure>\n<figure id=\"attachment_30429\" aria-describedby=\"caption-attachment-30429\" style=\"width: 800px\" class=\"wp-caption aligncenter\"><img decoding=\"async\" class=\"wp-image-30429 size-full\" src=\"https:\/\/mouldking.store\/wp-content\/uploads\/2022\/03\/ACHKO-50030-Royal-Carriage-1.jpg\" alt=\"ACHKO 50030 Royal Carriage with 1281 pieces\" width=\"800\" height=\"800\" title=\"-\" srcset=\"https:\/\/mouldking.store\/wp-content\/uploads\/2022\/03\/ACHKO-50030-Royal-Carriage-1.jpg 800w, https:\/\/mouldking.store\/wp-content\/uploads\/2022\/03\/ACHKO-50030-Royal-Carriage-1-300x300.jpg 300w, https:\/\/mouldking.store\/wp-content\/uploads\/2022\/03\/ACHKO-50030-Royal-Carriage-1-768x768.jpg 768w, https:\/\/mouldking.store\/wp-content\/uploads\/2022\/03\/ACHKO-50030-Royal-Carriage-1-600x600.jpg 600w, https:\/\/mouldking.store\/wp-content\/uploads\/2022\/03\/ACHKO-50030-Royal-Carriage-1-150x150.jpg 150w\" sizes=\"(max-width: 800px) 100vw, 800px\" \/><figcaption id=\"caption-attachment-30429\" class=\"wp-caption-text\">C\u1ed7 xe ho\u00e0ng gia ACHKO 50030 v\u1edbi 1281 chi\u1ebfc<\/figcaption><\/figure>\n<figure id=\"attachment_30433\" aria-describedby=\"caption-attachment-30433\" style=\"width: 800px\" class=\"wp-caption aligncenter\"><img decoding=\"async\" class=\"wp-image-30433 size-full\" src=\"https:\/\/mouldking.store\/wp-content\/uploads\/2022\/03\/ACHKO-50030-Royal-Carriage-5.jpg\" alt=\"ACHKO 50030 Royal Carriage with 1281 pieces\" width=\"800\" height=\"800\" title=\"-\" srcset=\"https:\/\/mouldking.store\/wp-content\/uploads\/2022\/03\/ACHKO-50030-Royal-Carriage-5.jpg 800w, https:\/\/mouldking.store\/wp-content\/uploads\/2022\/03\/ACHKO-50030-Royal-Carriage-5-300x300.jpg 300w, https:\/\/mouldking.store\/wp-content\/uploads\/2022\/03\/ACHKO-50030-Royal-Carriage-5-768x768.jpg 768w, https:\/\/mouldking.store\/wp-content\/uploads\/2022\/03\/ACHKO-50030-Royal-Carriage-5-600x600.jpg 600w, https:\/\/mouldking.store\/wp-content\/uploads\/2022\/03\/ACHKO-50030-Royal-Carriage-5-150x150.jpg 150w\" sizes=\"(max-width: 800px) 100vw, 800px\" \/><figcaption id=\"caption-attachment-30433\" class=\"wp-caption-text\">C\u1ed7 xe ho\u00e0ng gia ACHKO 50030 v\u1edbi 1281 chi\u1ebfc<\/figcaption><\/figure>\n<figure id=\"attachment_30431\" aria-describedby=\"caption-attachment-30431\" style=\"width: 800px\" class=\"wp-caption aligncenter\"><img loading=\"lazy\" decoding=\"async\" class=\"wp-image-30431 size-full\" src=\"https:\/\/mouldking.store\/wp-content\/uploads\/2022\/03\/ACHKO-50030-Royal-Carriage-3.jpg\" alt=\"ACHKO 50030 Royal Carriage with 1281 pieces\" width=\"800\" height=\"800\" title=\"-\" srcset=\"https:\/\/mouldking.store\/wp-content\/uploads\/2022\/03\/ACHKO-50030-Royal-Carriage-3.jpg 800w, https:\/\/mouldking.store\/wp-content\/uploads\/2022\/03\/ACHKO-50030-Royal-Carriage-3-300x300.jpg 300w, https:\/\/mouldking.store\/wp-content\/uploads\/2022\/03\/ACHKO-50030-Royal-Carriage-3-768x768.jpg 768w, https:\/\/mouldking.store\/wp-content\/uploads\/2022\/03\/ACHKO-50030-Royal-Carriage-3-600x600.jpg 600w, https:\/\/mouldking.store\/wp-content\/uploads\/2022\/03\/ACHKO-50030-Royal-Carriage-3-150x150.jpg 150w\" sizes=\"(max-width: 800px) 100vw, 800px\" \/><figcaption id=\"caption-attachment-30431\" class=\"wp-caption-text\">C\u1ed7 xe ho\u00e0ng gia ACHKO 50030 v\u1edbi 1281 chi\u1ebfc<\/figcaption><\/figure>\n<figure id=\"attachment_30432\" aria-describedby=\"caption-attachment-30432\" style=\"width: 800px\" class=\"wp-caption aligncenter\"><img loading=\"lazy\" decoding=\"async\" class=\"wp-image-30432 size-full\" src=\"https:\/\/mouldking.store\/wp-content\/uploads\/2022\/03\/ACHKO-50030-Royal-Carriage-4.jpg\" alt=\"ACHKO 50030 Royal Carriage with 1281 pieces\" width=\"800\" height=\"800\" title=\"-\" srcset=\"https:\/\/mouldking.store\/wp-content\/uploads\/2022\/03\/ACHKO-50030-Royal-Carriage-4.jpg 800w, https:\/\/mouldking.store\/wp-content\/uploads\/2022\/03\/ACHKO-50030-Royal-Carriage-4-300x300.jpg 300w, https:\/\/mouldking.store\/wp-content\/uploads\/2022\/03\/ACHKO-50030-Royal-Carriage-4-768x768.jpg 768w, https:\/\/mouldking.store\/wp-content\/uploads\/2022\/03\/ACHKO-50030-Royal-Carriage-4-600x600.jpg 600w, https:\/\/mouldking.store\/wp-content\/uploads\/2022\/03\/ACHKO-50030-Royal-Carriage-4-150x150.jpg 150w\" sizes=\"(max-width: 800px) 100vw, 800px\" \/><figcaption id=\"caption-attachment-30432\" class=\"wp-caption-text\">C\u1ed7 xe ho\u00e0ng gia ACHKO 50030 v\u1edbi 1281 chi\u1ebfc<\/figcaption><\/figure>\n<figure id=\"attachment_30430\" aria-describedby=\"caption-attachment-30430\" style=\"width: 790px\" class=\"wp-caption aligncenter\"><img loading=\"lazy\" decoding=\"async\" class=\"wp-image-30430 size-full\" src=\"https:\/\/mouldking.store\/wp-content\/uploads\/2022\/03\/ACHKO-50030-Royal-Carriage-2.jpg\" alt=\"ACHKO 50030 Royal Carriage with 1281 pieces\" width=\"790\" height=\"572\" title=\"-\" srcset=\"https:\/\/mouldking.store\/wp-content\/uploads\/2022\/03\/ACHKO-50030-Royal-Carriage-2.jpg 790w, https:\/\/mouldking.store\/wp-content\/uploads\/2022\/03\/ACHKO-50030-Royal-Carriage-2-300x217.jpg 300w, https:\/\/mouldking.store\/wp-content\/uploads\/2022\/03\/ACHKO-50030-Royal-Carriage-2-768x556.jpg 768w, https:\/\/mouldking.store\/wp-content\/uploads\/2022\/03\/ACHKO-50030-Royal-Carriage-2-600x434.jpg 600w, https:\/\/mouldking.store\/wp-content\/uploads\/2022\/03\/ACHKO-50030-Royal-Carriage-2-150x109.jpg 150w\" sizes=\"(max-width: 790px) 100vw, 790px\" \/><figcaption id=\"caption-attachment-30430\" class=\"wp-caption-text\">C\u1ed7 xe ho\u00e0ng gia ACHKO 50030 v\u1edbi 1281 chi\u1ebfc<\/figcaption><\/figure>","protected":false},"excerpt":{"rendered":"<p>Product information: Brand: ACHKO Gender: Unisex Name: Royal Carriage Age Range: &gt; 6 years old Model Number: 50030 Classification: Assemblage Plastic Block Shape: Self-Locking Bricks Material: Plastic Plastic Type: ABS Bricks Blocks: 1281 PCS Contains detailed assembly instructions. Notice: 1. Without an original box, but we guarantee our products have quality assurance and nice packaging. [&hellip;]<\/p>","protected":false},"featured_media":30429,"comment_status":"closed","ping_status":"closed","template":"","meta":{"_acf_changed":false},"product_cat":[371],"product_tag":[5061,5060,5058,5057,5056,991,5062,5059],"class_list":["product","first","instock","shipping-taxable","purchasable","product-type-simple"],"acf":[],"_links":{"self":[{"href":"https:\/\/mouldking.store\/vi\/wp-json\/wp\/v2\/product\/30428","targetHints":{"allow":["GET"]}}],"collection":[{"href":"https:\/\/mouldking.store\/vi\/wp-json\/wp\/v2\/product"}],"about":[{"href":"https:\/\/mouldking.store\/vi\/wp-json\/wp\/v2\/types\/product"}],"replies":[{"embeddable":true,"href":"https:\/\/mouldking.store\/vi\/wp-json\/wp\/v2\/comments?post=30428"}],"wp:featuredmedia":[{"embeddable":true,"href":"https:\/\/mouldking.store\/vi\/wp-json\/wp\/v2\/media\/30429"}],"wp:attachment":[{"href":"https:\/\/mouldking.store\/vi\/wp-json\/wp\/v2\/media?parent=30428"}],"wp:term":[{"taxonomy":"product_cat","embeddable":true,"href":"https:\/\/mouldking.store\/vi\/wp-json\/wp\/v2\/product_cat?post=30428"},{"taxonomy":"product_tag","embeddable":true,"href":"https:\/\/mouldking.store\/vi\/wp-json\/wp\/v2\/product_tag?post=30428"}],"curies":[{"name":"wp","href":"https:\/\/api.w.org\/{rel}","templated":true}]}}