{"id":30446,"date":"2022-03-02T14:51:03","date_gmt":"2022-03-02T07:51:03","guid":{"rendered":"https:\/\/mouldking.store\/?post_type=product&#038;p=30446"},"modified":"2025-05-21T09:40:35","modified_gmt":"2025-05-21T02:40:35","slug":"mould-king-21015-minifig-scale-at-at-w-interior-with-6919-pieces","status":"publish","type":"product","link":"https:\/\/mouldking.store\/vi\/shop\/mould-king-21015-minifig-scale-at-at-w-interior-with-6919-pieces\/","title":{"rendered":"Mold King 21015 Minifig Scale AT-AT w\/ N\u1ed9i th\u1ea5t v\u1edbi 6919 chi ti\u1ebft"},"content":{"rendered":"<p>Th\u00f4ng tin s\u1ea3n ph\u1ea9m:<\/p>\n<ol>\n<li>Th\u01b0\u01a1ng hi\u1ec7u: Khu\u00f4n Vua<\/li>\n<li>Gi\u1edbi t\u00ednh: Unisex<\/li>\n<li>T\u00ean: Minifig Scale AT-AT w\/ N\u1ed9i th\u1ea5t<\/li>\n<li>\u0110\u1ed9 tu\u1ed5i: &gt; 14 tu\u1ed5i<\/li>\n<li>S\u1ed1 m\u00f4 h\u00ecnh: 21015<\/li>\n<li>Ph\u00e2n lo\u1ea1i: T\u1eadp h\u1ee3p<\/li>\n<li>H\u00ecnh d\u1ea1ng kh\u1ed1i nh\u1ef1a: G\u1ea1ch t\u1ef1 kh\u00f3a<\/li>\n<li>Ch\u1ea5t li\u1ec7u: Nh\u1ef1a<\/li>\n<li>Lo\u1ea1i nh\u1ef1a: ABS<\/li>\n<li>Kh\u1ed1i g\u1ea1ch: 6919 C\u00c1I<\/li>\n<li>Ch\u1ee9a h\u01b0\u1edbng d\u1eabn l\u1eafp r\u00e1p chi ti\u1ebft.<\/li>\n<\/ol>\n<p>\u0110\u1ec3 \u00fd:<br \/>\n1. Kh\u00f4ng c\u00f3 h\u1ed9p ban \u0111\u1ea7u, nh\u01b0ng ch\u00fang t\u00f4i \u0111\u1ea3m b\u1ea3o s\u1ea3n ph\u1ea9m c\u1ee7a ch\u00fang t\u00f4i c\u00f3 ch\u1ea5t l\u01b0\u1ee3ng \u0111\u1ea3m b\u1ea3o v\u00e0 bao b\u00ec \u0111\u1eb9p.<br \/>\n2. V\u00ec t\u1ea5t c\u1ea3 c\u00e1c b\u1ed9 ph\u1eadn ch\u00fang t\u00f4i \u0111\u00e3 ki\u1ec3m tra tr\u01b0\u1edbc khi v\u1eadn chuy\u1ec3n, v\u00ec v\u1eady n\u1ebfu b\u1ea1n th\u1ea5y m\u1ed9t s\u1ed1 b\u1ed9 ph\u1eadn b\u1ecb thi\u1ebfu ho\u1eb7c h\u01b0 h\u1ecfng, \u0111\u1eebng lo l\u1eafng v\u00e0 ch\u1ec9 c\u1ea7n vui l\u00f2ng li\u00ean h\u1ec7 v\u1edbi ch\u00fang t\u00f4i v\u00e0 ch\u00fang t\u00f4i c\u00f3 th\u1ec3 g\u1eedi l\u1ea1i mi\u1ec5n ph\u00ed cho b\u1ea1n ngay l\u1eadp t\u1ee9c.<\/p>\n<figure id=\"attachment_30447\" aria-describedby=\"caption-attachment-30447\" style=\"width: 800px\" class=\"wp-caption aligncenter\"><img fetchpriority=\"high\" decoding=\"async\" class=\"wp-image-30447 size-full\" src=\"https:\/\/mouldking.store\/wp-content\/uploads\/2022\/03\/Mould-King-21015-Minifig-Scale-AT-AT-w-Interior-with-6919-pieces-1.jpg\" alt=\"Mould King 21015 Minifig Scale AT-AT w\/ Interior with 6919 pieces\" width=\"800\" height=\"800\" title=\"-\" srcset=\"https:\/\/mouldking.store\/wp-content\/uploads\/2022\/03\/Mould-King-21015-Minifig-Scale-AT-AT-w-Interior-with-6919-pieces-1.jpg 800w, https:\/\/mouldking.store\/wp-content\/uploads\/2022\/03\/Mould-King-21015-Minifig-Scale-AT-AT-w-Interior-with-6919-pieces-1-300x300.jpg 300w, https:\/\/mouldking.store\/wp-content\/uploads\/2022\/03\/Mould-King-21015-Minifig-Scale-AT-AT-w-Interior-with-6919-pieces-1-768x768.jpg 768w, https:\/\/mouldking.store\/wp-content\/uploads\/2022\/03\/Mould-King-21015-Minifig-Scale-AT-AT-w-Interior-with-6919-pieces-1-600x600.jpg 600w, https:\/\/mouldking.store\/wp-content\/uploads\/2022\/03\/Mould-King-21015-Minifig-Scale-AT-AT-w-Interior-with-6919-pieces-1-150x150.jpg 150w\" sizes=\"(max-width: 800px) 100vw, 800px\" \/><figcaption id=\"caption-attachment-30447\" class=\"wp-caption-text\">Mold King 21015 Minifig Scale AT-AT w\/ N\u1ed9i th\u1ea5t v\u1edbi 6919 chi ti\u1ebft<\/figcaption><\/figure>\n<figure id=\"attachment_30452\" aria-describedby=\"caption-attachment-30452\" style=\"width: 790px\" class=\"wp-caption aligncenter\"><img decoding=\"async\" class=\"wp-image-30452 size-full\" src=\"https:\/\/mouldking.store\/wp-content\/uploads\/2022\/03\/Mould-King-21015-Minifig-Scale-AT-AT-w-Interior-with-6919-pieces-6.jpg\" alt=\"Mould King 21015 Minifig Scale AT-AT w\/ Interior with 6919 pieces\" width=\"790\" height=\"874\" title=\"-\" srcset=\"https:\/\/mouldking.store\/wp-content\/uploads\/2022\/03\/Mould-King-21015-Minifig-Scale-AT-AT-w-Interior-with-6919-pieces-6.jpg 790w, https:\/\/mouldking.store\/wp-content\/uploads\/2022\/03\/Mould-King-21015-Minifig-Scale-AT-AT-w-Interior-with-6919-pieces-6-271x300.jpg 271w, https:\/\/mouldking.store\/wp-content\/uploads\/2022\/03\/Mould-King-21015-Minifig-Scale-AT-AT-w-Interior-with-6919-pieces-6-768x850.jpg 768w, https:\/\/mouldking.store\/wp-content\/uploads\/2022\/03\/Mould-King-21015-Minifig-Scale-AT-AT-w-Interior-with-6919-pieces-6-300x332.jpg 300w, https:\/\/mouldking.store\/wp-content\/uploads\/2022\/03\/Mould-King-21015-Minifig-Scale-AT-AT-w-Interior-with-6919-pieces-6-600x664.jpg 600w, https:\/\/mouldking.store\/wp-content\/uploads\/2022\/03\/Mould-King-21015-Minifig-Scale-AT-AT-w-Interior-with-6919-pieces-6-136x150.jpg 136w\" sizes=\"(max-width: 790px) 100vw, 790px\" \/><figcaption id=\"caption-attachment-30452\" class=\"wp-caption-text\">Mold King 21015 Minifig Scale AT-AT w\/ N\u1ed9i th\u1ea5t v\u1edbi 6919 chi ti\u1ebft<\/figcaption><\/figure>\n<figure id=\"attachment_30453\" aria-describedby=\"caption-attachment-30453\" style=\"width: 790px\" class=\"wp-caption aligncenter\"><img decoding=\"async\" class=\"wp-image-30453 size-full\" src=\"https:\/\/mouldking.store\/wp-content\/uploads\/2022\/03\/Mould-King-21015-Minifig-Scale-AT-AT-w-Interior-with-6919-pieces-7.jpg\" alt=\"Mould King 21015 Minifig Scale AT-AT w\/ Interior with 6919 pieces\" width=\"790\" height=\"772\" title=\"-\" srcset=\"https:\/\/mouldking.store\/wp-content\/uploads\/2022\/03\/Mould-King-21015-Minifig-Scale-AT-AT-w-Interior-with-6919-pieces-7.jpg 790w, https:\/\/mouldking.store\/wp-content\/uploads\/2022\/03\/Mould-King-21015-Minifig-Scale-AT-AT-w-Interior-with-6919-pieces-7-300x293.jpg 300w, https:\/\/mouldking.store\/wp-content\/uploads\/2022\/03\/Mould-King-21015-Minifig-Scale-AT-AT-w-Interior-with-6919-pieces-7-768x751.jpg 768w, https:\/\/mouldking.store\/wp-content\/uploads\/2022\/03\/Mould-King-21015-Minifig-Scale-AT-AT-w-Interior-with-6919-pieces-7-600x586.jpg 600w, https:\/\/mouldking.store\/wp-content\/uploads\/2022\/03\/Mould-King-21015-Minifig-Scale-AT-AT-w-Interior-with-6919-pieces-7-150x147.jpg 150w\" sizes=\"(max-width: 790px) 100vw, 790px\" \/><figcaption id=\"caption-attachment-30453\" class=\"wp-caption-text\">Mold King 21015 Minifig Scale AT-AT w\/ N\u1ed9i th\u1ea5t v\u1edbi 6919 chi ti\u1ebft<\/figcaption><\/figure>\n<figure id=\"attachment_30451\" aria-describedby=\"caption-attachment-30451\" style=\"width: 790px\" class=\"wp-caption aligncenter\"><img loading=\"lazy\" decoding=\"async\" class=\"wp-image-30451 size-full\" src=\"https:\/\/mouldking.store\/wp-content\/uploads\/2022\/03\/Mould-King-21015-Minifig-Scale-AT-AT-w-Interior-with-6919-pieces-5.jpg\" alt=\"Mould King 21015 Minifig Scale AT-AT w\/ Interior with 6919 pieces\" width=\"790\" height=\"860\" title=\"-\" srcset=\"https:\/\/mouldking.store\/wp-content\/uploads\/2022\/03\/Mould-King-21015-Minifig-Scale-AT-AT-w-Interior-with-6919-pieces-5.jpg 790w, https:\/\/mouldking.store\/wp-content\/uploads\/2022\/03\/Mould-King-21015-Minifig-Scale-AT-AT-w-Interior-with-6919-pieces-5-276x300.jpg 276w, https:\/\/mouldking.store\/wp-content\/uploads\/2022\/03\/Mould-King-21015-Minifig-Scale-AT-AT-w-Interior-with-6919-pieces-5-768x836.jpg 768w, https:\/\/mouldking.store\/wp-content\/uploads\/2022\/03\/Mould-King-21015-Minifig-Scale-AT-AT-w-Interior-with-6919-pieces-5-300x327.jpg 300w, https:\/\/mouldking.store\/wp-content\/uploads\/2022\/03\/Mould-King-21015-Minifig-Scale-AT-AT-w-Interior-with-6919-pieces-5-600x653.jpg 600w, https:\/\/mouldking.store\/wp-content\/uploads\/2022\/03\/Mould-King-21015-Minifig-Scale-AT-AT-w-Interior-with-6919-pieces-5-138x150.jpg 138w\" sizes=\"(max-width: 790px) 100vw, 790px\" \/><figcaption id=\"caption-attachment-30451\" class=\"wp-caption-text\">Mold King 21015 Minifig Scale AT-AT w\/ N\u1ed9i th\u1ea5t v\u1edbi 6919 chi ti\u1ebft<\/figcaption><\/figure>\n<figure id=\"attachment_30450\" aria-describedby=\"caption-attachment-30450\" style=\"width: 790px\" class=\"wp-caption aligncenter\"><img loading=\"lazy\" decoding=\"async\" class=\"wp-image-30450 size-full\" src=\"https:\/\/mouldking.store\/wp-content\/uploads\/2022\/03\/Mould-King-21015-Minifig-Scale-AT-AT-w-Interior-with-6919-pieces-4.jpg\" alt=\"Mould King 21015 Minifig Scale AT-AT w\/ Interior with 6919 pieces\" width=\"790\" height=\"585\" title=\"-\" srcset=\"https:\/\/mouldking.store\/wp-content\/uploads\/2022\/03\/Mould-King-21015-Minifig-Scale-AT-AT-w-Interior-with-6919-pieces-4.jpg 790w, https:\/\/mouldking.store\/wp-content\/uploads\/2022\/03\/Mould-King-21015-Minifig-Scale-AT-AT-w-Interior-with-6919-pieces-4-300x222.jpg 300w, https:\/\/mouldking.store\/wp-content\/uploads\/2022\/03\/Mould-King-21015-Minifig-Scale-AT-AT-w-Interior-with-6919-pieces-4-768x569.jpg 768w, https:\/\/mouldking.store\/wp-content\/uploads\/2022\/03\/Mould-King-21015-Minifig-Scale-AT-AT-w-Interior-with-6919-pieces-4-600x444.jpg 600w, https:\/\/mouldking.store\/wp-content\/uploads\/2022\/03\/Mould-King-21015-Minifig-Scale-AT-AT-w-Interior-with-6919-pieces-4-150x111.jpg 150w\" sizes=\"(max-width: 790px) 100vw, 790px\" \/><figcaption id=\"caption-attachment-30450\" class=\"wp-caption-text\">Mold King 21015 Minifig Scale AT-AT w\/ N\u1ed9i th\u1ea5t v\u1edbi 6919 chi ti\u1ebft<\/figcaption><\/figure>\n<figure id=\"attachment_30449\" aria-describedby=\"caption-attachment-30449\" style=\"width: 790px\" class=\"wp-caption aligncenter\"><img loading=\"lazy\" decoding=\"async\" class=\"wp-image-30449 size-full\" src=\"https:\/\/mouldking.store\/wp-content\/uploads\/2022\/03\/Mould-King-21015-Minifig-Scale-AT-AT-w-Interior-with-6919-pieces-3.jpg\" alt=\"Mould King 21015 Minifig Scale AT-AT w\/ Interior with 6919 pieces\" width=\"790\" height=\"568\" title=\"-\" srcset=\"https:\/\/mouldking.store\/wp-content\/uploads\/2022\/03\/Mould-King-21015-Minifig-Scale-AT-AT-w-Interior-with-6919-pieces-3.jpg 790w, https:\/\/mouldking.store\/wp-content\/uploads\/2022\/03\/Mould-King-21015-Minifig-Scale-AT-AT-w-Interior-with-6919-pieces-3-300x216.jpg 300w, https:\/\/mouldking.store\/wp-content\/uploads\/2022\/03\/Mould-King-21015-Minifig-Scale-AT-AT-w-Interior-with-6919-pieces-3-768x552.jpg 768w, https:\/\/mouldking.store\/wp-content\/uploads\/2022\/03\/Mould-King-21015-Minifig-Scale-AT-AT-w-Interior-with-6919-pieces-3-600x431.jpg 600w, https:\/\/mouldking.store\/wp-content\/uploads\/2022\/03\/Mould-King-21015-Minifig-Scale-AT-AT-w-Interior-with-6919-pieces-3-150x108.jpg 150w\" sizes=\"(max-width: 790px) 100vw, 790px\" \/><figcaption id=\"caption-attachment-30449\" class=\"wp-caption-text\">Mold King 21015 Minifig Scale AT-AT w\/ N\u1ed9i th\u1ea5t v\u1edbi 6919 chi ti\u1ebft<\/figcaption><\/figure>\n<figure id=\"attachment_30448\" aria-describedby=\"caption-attachment-30448\" style=\"width: 726px\" class=\"wp-caption aligncenter\"><img loading=\"lazy\" decoding=\"async\" class=\"wp-image-30448 size-full\" src=\"https:\/\/mouldking.store\/wp-content\/uploads\/2022\/03\/Mould-King-21015-Minifig-Scale-AT-AT-w-Interior-with-6919-pieces-2.jpg\" alt=\"Mould King 21015 Minifig Scale AT-AT w\/ Interior with 6919 pieces\" width=\"726\" height=\"1024\" title=\"-\" srcset=\"https:\/\/mouldking.store\/wp-content\/uploads\/2022\/03\/Mould-King-21015-Minifig-Scale-AT-AT-w-Interior-with-6919-pieces-2.jpg 726w, https:\/\/mouldking.store\/wp-content\/uploads\/2022\/03\/Mould-King-21015-Minifig-Scale-AT-AT-w-Interior-with-6919-pieces-2-213x300.jpg 213w, https:\/\/mouldking.store\/wp-content\/uploads\/2022\/03\/Mould-King-21015-Minifig-Scale-AT-AT-w-Interior-with-6919-pieces-2-300x423.jpg 300w, https:\/\/mouldking.store\/wp-content\/uploads\/2022\/03\/Mould-King-21015-Minifig-Scale-AT-AT-w-Interior-with-6919-pieces-2-600x846.jpg 600w, https:\/\/mouldking.store\/wp-content\/uploads\/2022\/03\/Mould-King-21015-Minifig-Scale-AT-AT-w-Interior-with-6919-pieces-2-106x150.jpg 106w\" sizes=\"(max-width: 726px) 100vw, 726px\" \/><figcaption id=\"caption-attachment-30448\" class=\"wp-caption-text\">Mold King 21015 Minifig Scale AT-AT w\/ N\u1ed9i th\u1ea5t v\u1edbi 6919 chi ti\u1ebft<\/figcaption><\/figure>","protected":false},"excerpt":{"rendered":"<p>Product information: Brand: Mould King Gender: Unisex Name: Minifig Scale AT-AT w\/ Interior Age Range: &gt; 14 years old Model Number: 21015 Classification: Assemblage Plastic Block Shape: Self-Locking Bricks Material: Plastic Plastic Type: ABS Bricks Blocks: 6919 PCS Contains detailed assembly instructions. Notice: 1. Without an original box, but we guarantee our products have quality [&hellip;]<\/p>","protected":false},"featured_media":30447,"comment_status":"closed","ping_status":"closed","template":"","meta":{"_acf_changed":false},"product_cat":[415],"product_tag":[5077,5079,5078,5076,615,5075,5074,5073],"class_list":["product","first","outofstock","shipping-taxable","purchasable","product-type-simple"],"acf":[],"_links":{"self":[{"href":"https:\/\/mouldking.store\/vi\/wp-json\/wp\/v2\/product\/30446","targetHints":{"allow":["GET"]}}],"collection":[{"href":"https:\/\/mouldking.store\/vi\/wp-json\/wp\/v2\/product"}],"about":[{"href":"https:\/\/mouldking.store\/vi\/wp-json\/wp\/v2\/types\/product"}],"replies":[{"embeddable":true,"href":"https:\/\/mouldking.store\/vi\/wp-json\/wp\/v2\/comments?post=30446"}],"wp:featuredmedia":[{"embeddable":true,"href":"https:\/\/mouldking.store\/vi\/wp-json\/wp\/v2\/media\/30447"}],"wp:attachment":[{"href":"https:\/\/mouldking.store\/vi\/wp-json\/wp\/v2\/media?parent=30446"}],"wp:term":[{"taxonomy":"product_cat","embeddable":true,"href":"https:\/\/mouldking.store\/vi\/wp-json\/wp\/v2\/product_cat?post=30446"},{"taxonomy":"product_tag","embeddable":true,"href":"https:\/\/mouldking.store\/vi\/wp-json\/wp\/v2\/product_tag?post=30446"}],"curies":[{"name":"wp","href":"https:\/\/api.w.org\/{rel}","templated":true}]}}