{"id":30454,"date":"2022-03-02T14:55:38","date_gmt":"2022-03-02T07:55:38","guid":{"rendered":"https:\/\/mouldking.store\/?post_type=product&#038;p=30454"},"modified":"2022-03-02T14:55:38","modified_gmt":"2022-03-02T07:55:38","slug":"decool-kc011-super-bugatti-with-2223-pieces","status":"publish","type":"product","link":"https:\/\/mouldking.store\/vi\/shop\/decool-kc011-super-bugatti-with-2223-pieces\/","title":{"rendered":"DECOOL KC011 Si\u00eau xe Bugatti v\u1edbi 2223 m\u1ea3nh gh\u00e9p"},"content":{"rendered":"<p>Th\u00f4ng tin s\u1ea3n ph\u1ea9m:<\/p>\n<ol>\n<li>Th\u01b0\u01a1ng hi\u1ec7u: DECOOL<\/li>\n<li>Gi\u1edbi t\u00ednh: Unisex<\/li>\n<li>T\u00ean: Si\u00eau Bugatti<\/li>\n<li>\u0110\u1ed9 tu\u1ed5i: &gt; 6 tu\u1ed5i<\/li>\n<li>S\u1ed1 m\u00f4 h\u00ecnh: KC011<\/li>\n<li>Ph\u00e2n lo\u1ea1i: T\u1eadp h\u1ee3p<\/li>\n<li>H\u00ecnh d\u1ea1ng kh\u1ed1i nh\u1ef1a: G\u1ea1ch t\u1ef1 kh\u00f3a<\/li>\n<li>Ch\u1ea5t li\u1ec7u: Nh\u1ef1a<\/li>\n<li>Lo\u1ea1i nh\u1ef1a: ABS<\/li>\n<li>Kh\u1ed1i g\u1ea1ch: 2223 C\u00c1I<\/li>\n<li>Ch\u1ee9a h\u01b0\u1edbng d\u1eabn l\u1eafp r\u00e1p chi ti\u1ebft.<\/li>\n<\/ol>\n<p>\u0110\u1ec3 \u00fd:<br \/>\n1. Kh\u00f4ng c\u00f3 h\u1ed9p ban \u0111\u1ea7u, nh\u01b0ng ch\u00fang t\u00f4i \u0111\u1ea3m b\u1ea3o s\u1ea3n ph\u1ea9m c\u1ee7a ch\u00fang t\u00f4i c\u00f3 ch\u1ea5t l\u01b0\u1ee3ng \u0111\u1ea3m b\u1ea3o v\u00e0 bao b\u00ec \u0111\u1eb9p.<br \/>\n2. V\u00ec t\u1ea5t c\u1ea3 c\u00e1c b\u1ed9 ph\u1eadn ch\u00fang t\u00f4i \u0111\u00e3 ki\u1ec3m tra tr\u01b0\u1edbc khi v\u1eadn chuy\u1ec3n, v\u00ec v\u1eady n\u1ebfu b\u1ea1n th\u1ea5y m\u1ed9t s\u1ed1 b\u1ed9 ph\u1eadn b\u1ecb thi\u1ebfu ho\u1eb7c h\u01b0 h\u1ecfng, \u0111\u1eebng lo l\u1eafng v\u00e0 ch\u1ec9 c\u1ea7n vui l\u00f2ng li\u00ean h\u1ec7 v\u1edbi ch\u00fang t\u00f4i v\u00e0 ch\u00fang t\u00f4i c\u00f3 th\u1ec3 g\u1eedi l\u1ea1i mi\u1ec5n ph\u00ed cho b\u1ea1n ngay l\u1eadp t\u1ee9c.<\/p>\n<figure id=\"attachment_30455\" aria-describedby=\"caption-attachment-30455\" style=\"width: 800px\" class=\"wp-caption aligncenter\"><img fetchpriority=\"high\" decoding=\"async\" class=\"wp-image-30455 size-full\" src=\"https:\/\/mouldking.store\/wp-content\/uploads\/2022\/03\/DECOOL-KC011-Super-Bugatti-with-2223-pieces-1.jpg\" alt=\"DECOOL KC011 Super Bugatti with 2223 pieces\" width=\"800\" height=\"800\" title=\"-\" srcset=\"https:\/\/mouldking.store\/wp-content\/uploads\/2022\/03\/DECOOL-KC011-Super-Bugatti-with-2223-pieces-1.jpg 800w, https:\/\/mouldking.store\/wp-content\/uploads\/2022\/03\/DECOOL-KC011-Super-Bugatti-with-2223-pieces-1-300x300.jpg 300w, https:\/\/mouldking.store\/wp-content\/uploads\/2022\/03\/DECOOL-KC011-Super-Bugatti-with-2223-pieces-1-768x768.jpg 768w, https:\/\/mouldking.store\/wp-content\/uploads\/2022\/03\/DECOOL-KC011-Super-Bugatti-with-2223-pieces-1-600x600.jpg 600w, https:\/\/mouldking.store\/wp-content\/uploads\/2022\/03\/DECOOL-KC011-Super-Bugatti-with-2223-pieces-1-150x150.jpg 150w\" sizes=\"(max-width: 800px) 100vw, 800px\" \/><figcaption id=\"caption-attachment-30455\" class=\"wp-caption-text\">DECOOL KC011 Si\u00eau xe Bugatti v\u1edbi 2223 m\u1ea3nh gh\u00e9p<\/figcaption><\/figure>\n<figure id=\"attachment_30461\" aria-describedby=\"caption-attachment-30461\" style=\"width: 790px\" class=\"wp-caption aligncenter\"><img decoding=\"async\" class=\"wp-image-30461 size-full\" src=\"https:\/\/mouldking.store\/wp-content\/uploads\/2022\/03\/DECOOL-KC011-Super-Bugatti-with-2223-pieces-6.jpg\" alt=\"DECOOL KC011 Super Bugatti with 2223 pieces\" width=\"790\" height=\"720\" title=\"-\" srcset=\"https:\/\/mouldking.store\/wp-content\/uploads\/2022\/03\/DECOOL-KC011-Super-Bugatti-with-2223-pieces-6.jpg 790w, https:\/\/mouldking.store\/wp-content\/uploads\/2022\/03\/DECOOL-KC011-Super-Bugatti-with-2223-pieces-6-300x273.jpg 300w, https:\/\/mouldking.store\/wp-content\/uploads\/2022\/03\/DECOOL-KC011-Super-Bugatti-with-2223-pieces-6-768x700.jpg 768w, https:\/\/mouldking.store\/wp-content\/uploads\/2022\/03\/DECOOL-KC011-Super-Bugatti-with-2223-pieces-6-600x547.jpg 600w, https:\/\/mouldking.store\/wp-content\/uploads\/2022\/03\/DECOOL-KC011-Super-Bugatti-with-2223-pieces-6-150x137.jpg 150w\" sizes=\"(max-width: 790px) 100vw, 790px\" \/><figcaption id=\"caption-attachment-30461\" class=\"wp-caption-text\">DECOOL KC011 Si\u00eau xe Bugatti v\u1edbi 2223 m\u1ea3nh gh\u00e9p<\/figcaption><\/figure>\n<figure id=\"attachment_30459\" aria-describedby=\"caption-attachment-30459\" style=\"width: 800px\" class=\"wp-caption aligncenter\"><img decoding=\"async\" class=\"wp-image-30459 size-full\" src=\"https:\/\/mouldking.store\/wp-content\/uploads\/2022\/03\/DECOOL-KC011-Super-Bugatti-with-2223-pieces-1.png\" alt=\"DECOOL KC011 Super Bugatti with 2223 pieces\" width=\"800\" height=\"800\" title=\"-\" srcset=\"https:\/\/mouldking.store\/wp-content\/uploads\/2022\/03\/DECOOL-KC011-Super-Bugatti-with-2223-pieces-1.png 800w, https:\/\/mouldking.store\/wp-content\/uploads\/2022\/03\/DECOOL-KC011-Super-Bugatti-with-2223-pieces-1-300x300.png 300w, https:\/\/mouldking.store\/wp-content\/uploads\/2022\/03\/DECOOL-KC011-Super-Bugatti-with-2223-pieces-1-768x768.png 768w, https:\/\/mouldking.store\/wp-content\/uploads\/2022\/03\/DECOOL-KC011-Super-Bugatti-with-2223-pieces-1-600x600.png 600w, https:\/\/mouldking.store\/wp-content\/uploads\/2022\/03\/DECOOL-KC011-Super-Bugatti-with-2223-pieces-1-150x150.png 150w\" sizes=\"(max-width: 800px) 100vw, 800px\" \/><figcaption id=\"caption-attachment-30459\" class=\"wp-caption-text\">DECOOL KC011 Si\u00eau xe Bugatti v\u1edbi 2223 m\u1ea3nh gh\u00e9p<\/figcaption><\/figure>\n<figure id=\"attachment_30458\" aria-describedby=\"caption-attachment-30458\" style=\"width: 790px\" class=\"wp-caption aligncenter\"><img loading=\"lazy\" decoding=\"async\" class=\"wp-image-30458 size-full\" src=\"https:\/\/mouldking.store\/wp-content\/uploads\/2022\/03\/DECOOL-KC011-Super-Bugatti-with-2223-pieces-4.jpg\" alt=\"DECOOL KC011 Super Bugatti with 2223 pieces\" width=\"790\" height=\"620\" title=\"-\" srcset=\"https:\/\/mouldking.store\/wp-content\/uploads\/2022\/03\/DECOOL-KC011-Super-Bugatti-with-2223-pieces-4.jpg 790w, https:\/\/mouldking.store\/wp-content\/uploads\/2022\/03\/DECOOL-KC011-Super-Bugatti-with-2223-pieces-4-300x235.jpg 300w, https:\/\/mouldking.store\/wp-content\/uploads\/2022\/03\/DECOOL-KC011-Super-Bugatti-with-2223-pieces-4-768x603.jpg 768w, https:\/\/mouldking.store\/wp-content\/uploads\/2022\/03\/DECOOL-KC011-Super-Bugatti-with-2223-pieces-4-600x471.jpg 600w, https:\/\/mouldking.store\/wp-content\/uploads\/2022\/03\/DECOOL-KC011-Super-Bugatti-with-2223-pieces-4-150x118.jpg 150w\" sizes=\"(max-width: 790px) 100vw, 790px\" \/><figcaption id=\"caption-attachment-30458\" class=\"wp-caption-text\">DECOOL KC011 Si\u00eau xe Bugatti v\u1edbi 2223 m\u1ea3nh gh\u00e9p<\/figcaption><\/figure>\n<figure id=\"attachment_30457\" aria-describedby=\"caption-attachment-30457\" style=\"width: 790px\" class=\"wp-caption aligncenter\"><img loading=\"lazy\" decoding=\"async\" class=\"wp-image-30457 size-full\" src=\"https:\/\/mouldking.store\/wp-content\/uploads\/2022\/03\/DECOOL-KC011-Super-Bugatti-with-2223-pieces-3.jpg\" alt=\"DECOOL KC011 Super Bugatti with 2223 pieces\" width=\"790\" height=\"528\" title=\"-\" srcset=\"https:\/\/mouldking.store\/wp-content\/uploads\/2022\/03\/DECOOL-KC011-Super-Bugatti-with-2223-pieces-3.jpg 790w, https:\/\/mouldking.store\/wp-content\/uploads\/2022\/03\/DECOOL-KC011-Super-Bugatti-with-2223-pieces-3-300x201.jpg 300w, https:\/\/mouldking.store\/wp-content\/uploads\/2022\/03\/DECOOL-KC011-Super-Bugatti-with-2223-pieces-3-768x513.jpg 768w, https:\/\/mouldking.store\/wp-content\/uploads\/2022\/03\/DECOOL-KC011-Super-Bugatti-with-2223-pieces-3-600x401.jpg 600w, https:\/\/mouldking.store\/wp-content\/uploads\/2022\/03\/DECOOL-KC011-Super-Bugatti-with-2223-pieces-3-150x100.jpg 150w\" sizes=\"(max-width: 790px) 100vw, 790px\" \/><figcaption id=\"caption-attachment-30457\" class=\"wp-caption-text\">DECOOL KC011 Si\u00eau xe Bugatti v\u1edbi 2223 m\u1ea3nh gh\u00e9p<\/figcaption><\/figure>\n<figure id=\"attachment_30456\" aria-describedby=\"caption-attachment-30456\" style=\"width: 790px\" class=\"wp-caption aligncenter\"><img loading=\"lazy\" decoding=\"async\" class=\"wp-image-30456 size-full\" src=\"https:\/\/mouldking.store\/wp-content\/uploads\/2022\/03\/DECOOL-KC011-Super-Bugatti-with-2223-pieces-2.jpg\" alt=\"DECOOL KC011 Super Bugatti with 2223 pieces\" width=\"790\" height=\"393\" title=\"-\" srcset=\"https:\/\/mouldking.store\/wp-content\/uploads\/2022\/03\/DECOOL-KC011-Super-Bugatti-with-2223-pieces-2.jpg 790w, https:\/\/mouldking.store\/wp-content\/uploads\/2022\/03\/DECOOL-KC011-Super-Bugatti-with-2223-pieces-2-300x149.jpg 300w, https:\/\/mouldking.store\/wp-content\/uploads\/2022\/03\/DECOOL-KC011-Super-Bugatti-with-2223-pieces-2-768x382.jpg 768w, https:\/\/mouldking.store\/wp-content\/uploads\/2022\/03\/DECOOL-KC011-Super-Bugatti-with-2223-pieces-2-600x298.jpg 600w, https:\/\/mouldking.store\/wp-content\/uploads\/2022\/03\/DECOOL-KC011-Super-Bugatti-with-2223-pieces-2-150x75.jpg 150w\" sizes=\"(max-width: 790px) 100vw, 790px\" \/><figcaption id=\"caption-attachment-30456\" class=\"wp-caption-text\">DECOOL KC011 Si\u00eau xe Bugatti v\u1edbi 2223 m\u1ea3nh gh\u00e9p<\/figcaption><\/figure>\n<figure id=\"attachment_30460\" aria-describedby=\"caption-attachment-30460\" style=\"width: 800px\" class=\"wp-caption aligncenter\"><img loading=\"lazy\" decoding=\"async\" class=\"wp-image-30460 size-full\" src=\"https:\/\/mouldking.store\/wp-content\/uploads\/2022\/03\/DECOOL-KC011-Super-Bugatti-with-2223-pieces-5.jpg\" alt=\"DECOOL KC011 Super Bugatti with 2223 pieces\" width=\"800\" height=\"800\" title=\"-\" srcset=\"https:\/\/mouldking.store\/wp-content\/uploads\/2022\/03\/DECOOL-KC011-Super-Bugatti-with-2223-pieces-5.jpg 800w, https:\/\/mouldking.store\/wp-content\/uploads\/2022\/03\/DECOOL-KC011-Super-Bugatti-with-2223-pieces-5-300x300.jpg 300w, https:\/\/mouldking.store\/wp-content\/uploads\/2022\/03\/DECOOL-KC011-Super-Bugatti-with-2223-pieces-5-768x768.jpg 768w, https:\/\/mouldking.store\/wp-content\/uploads\/2022\/03\/DECOOL-KC011-Super-Bugatti-with-2223-pieces-5-600x600.jpg 600w, https:\/\/mouldking.store\/wp-content\/uploads\/2022\/03\/DECOOL-KC011-Super-Bugatti-with-2223-pieces-5-150x150.jpg 150w\" sizes=\"(max-width: 800px) 100vw, 800px\" \/><figcaption id=\"caption-attachment-30460\" class=\"wp-caption-text\">DECOOL KC011 Si\u00eau xe Bugatti v\u1edbi 2223 m\u1ea3nh gh\u00e9p<\/figcaption><\/figure>","protected":false},"excerpt":{"rendered":"<p>Product information: Brand: DECOOL Gender: Unisex Name: Super Bugatti Age Range: &gt; 6 years old Model Number: KC011 Classification: Assemblage Plastic Block Shape: Self-Locking Bricks Material: Plastic Plastic Type: ABS Bricks Blocks: 2223 PCS Contains detailed assembly instructions. Notice: 1. Without an original box, but we guarantee our products have quality assurance and nice packaging. [&hellip;]<\/p>","protected":false},"featured_media":30455,"comment_status":"closed","ping_status":"closed","template":"","meta":{"_acf_changed":false},"product_cat":[364],"product_tag":[1730,2463,5082,5081,5080,5084,5083],"class_list":["product","first","instock","shipping-taxable","purchasable","product-type-simple"],"acf":[],"_links":{"self":[{"href":"https:\/\/mouldking.store\/vi\/wp-json\/wp\/v2\/product\/30454","targetHints":{"allow":["GET"]}}],"collection":[{"href":"https:\/\/mouldking.store\/vi\/wp-json\/wp\/v2\/product"}],"about":[{"href":"https:\/\/mouldking.store\/vi\/wp-json\/wp\/v2\/types\/product"}],"replies":[{"embeddable":true,"href":"https:\/\/mouldking.store\/vi\/wp-json\/wp\/v2\/comments?post=30454"}],"wp:featuredmedia":[{"embeddable":true,"href":"https:\/\/mouldking.store\/vi\/wp-json\/wp\/v2\/media\/30455"}],"wp:attachment":[{"href":"https:\/\/mouldking.store\/vi\/wp-json\/wp\/v2\/media?parent=30454"}],"wp:term":[{"taxonomy":"product_cat","embeddable":true,"href":"https:\/\/mouldking.store\/vi\/wp-json\/wp\/v2\/product_cat?post=30454"},{"taxonomy":"product_tag","embeddable":true,"href":"https:\/\/mouldking.store\/vi\/wp-json\/wp\/v2\/product_tag?post=30454"}],"curies":[{"name":"wp","href":"https:\/\/api.w.org\/{rel}","templated":true}]}}