{"id":30471,"date":"2022-03-02T15:04:38","date_gmt":"2022-03-02T08:04:38","guid":{"rendered":"https:\/\/mouldking.store\/?post_type=product&#038;p=30471"},"modified":"2022-03-02T15:04:38","modified_gmt":"2022-03-02T08:04:38","slug":"zys-19008-heavy-bat-mech-with-2234-pieces","status":"publish","type":"product","link":"https:\/\/mouldking.store\/vi\/shop\/zys-19008-heavy-bat-mech-with-2234-pieces\/","title":{"rendered":"ZYS 19008 Heavy Bat Mech v\u1edbi 2234 m\u1ea3nh gh\u00e9p"},"content":{"rendered":"<p>Th\u00f4ng tin s\u1ea3n ph\u1ea9m:<\/p>\n<ol>\n<li>Brand: ZYS<\/li>\n<li>Gi\u1edbi t\u00ednh: Unisex<\/li>\n<li>Name: Heavy Bat Mech<\/li>\n<li>\u0110\u1ed9 tu\u1ed5i: &gt; 6 tu\u1ed5i<\/li>\n<li>Model Number: 19008<\/li>\n<li>Ph\u00e2n lo\u1ea1i: T\u1eadp h\u1ee3p<\/li>\n<li>H\u00ecnh d\u1ea1ng kh\u1ed1i nh\u1ef1a: G\u1ea1ch t\u1ef1 kh\u00f3a<\/li>\n<li>Ch\u1ea5t li\u1ec7u: Nh\u1ef1a<\/li>\n<li>Lo\u1ea1i nh\u1ef1a: ABS<\/li>\n<li>Bricks Blocks: 2234 PCS<\/li>\n<li>Ch\u1ee9a h\u01b0\u1edbng d\u1eabn l\u1eafp r\u00e1p chi ti\u1ebft.<\/li>\n<\/ol>\n<p>\u0110\u1ec3 \u00fd:<br \/>\n1. Kh\u00f4ng c\u00f3 h\u1ed9p ban \u0111\u1ea7u, nh\u01b0ng ch\u00fang t\u00f4i \u0111\u1ea3m b\u1ea3o s\u1ea3n ph\u1ea9m c\u1ee7a ch\u00fang t\u00f4i c\u00f3 ch\u1ea5t l\u01b0\u1ee3ng \u0111\u1ea3m b\u1ea3o v\u00e0 bao b\u00ec \u0111\u1eb9p.<br \/>\n2. V\u00ec t\u1ea5t c\u1ea3 c\u00e1c b\u1ed9 ph\u1eadn ch\u00fang t\u00f4i \u0111\u00e3 ki\u1ec3m tra tr\u01b0\u1edbc khi v\u1eadn chuy\u1ec3n, v\u00ec v\u1eady n\u1ebfu b\u1ea1n th\u1ea5y m\u1ed9t s\u1ed1 b\u1ed9 ph\u1eadn b\u1ecb thi\u1ebfu ho\u1eb7c h\u01b0 h\u1ecfng, \u0111\u1eebng lo l\u1eafng v\u00e0 ch\u1ec9 c\u1ea7n vui l\u00f2ng li\u00ean h\u1ec7 v\u1edbi ch\u00fang t\u00f4i v\u00e0 ch\u00fang t\u00f4i c\u00f3 th\u1ec3 g\u1eedi l\u1ea1i mi\u1ec5n ph\u00ed cho b\u1ea1n ngay l\u1eadp t\u1ee9c.<\/p>\n<p>&nbsp;<\/p>\n<figure id=\"attachment_30472\" aria-describedby=\"caption-attachment-30472\" style=\"width: 800px\" class=\"wp-caption aligncenter\"><img fetchpriority=\"high\" decoding=\"async\" class=\"wp-image-30472 size-full\" src=\"https:\/\/mouldking.store\/wp-content\/uploads\/2022\/03\/ZYS-19008-Heavy-Bat-Mech-2.jpg\" alt=\"ZYS 19008 Heavy Bat Mech with 2234 pieces\" width=\"800\" height=\"800\" title=\"-\" srcset=\"https:\/\/mouldking.store\/wp-content\/uploads\/2022\/03\/ZYS-19008-Heavy-Bat-Mech-2.jpg 800w, https:\/\/mouldking.store\/wp-content\/uploads\/2022\/03\/ZYS-19008-Heavy-Bat-Mech-2-300x300.jpg 300w, https:\/\/mouldking.store\/wp-content\/uploads\/2022\/03\/ZYS-19008-Heavy-Bat-Mech-2-768x768.jpg 768w, https:\/\/mouldking.store\/wp-content\/uploads\/2022\/03\/ZYS-19008-Heavy-Bat-Mech-2-600x600.jpg 600w, https:\/\/mouldking.store\/wp-content\/uploads\/2022\/03\/ZYS-19008-Heavy-Bat-Mech-2-150x150.jpg 150w\" sizes=\"(max-width: 800px) 100vw, 800px\" \/><figcaption id=\"caption-attachment-30472\" class=\"wp-caption-text\">ZYS 19008 Heavy Bat Mech v\u1edbi 2234 m\u1ea3nh gh\u00e9p<\/figcaption><\/figure>\n<figure id=\"attachment_30476\" aria-describedby=\"caption-attachment-30476\" style=\"width: 800px\" class=\"wp-caption aligncenter\"><img decoding=\"async\" class=\"wp-image-30476 size-full\" src=\"https:\/\/mouldking.store\/wp-content\/uploads\/2022\/03\/ZYS-19008-Heavy-Bat-Mech-1.jpg\" alt=\"ZYS 19008 Heavy Bat Mech with 2234 pieces\" width=\"800\" height=\"800\" title=\"-\" srcset=\"https:\/\/mouldking.store\/wp-content\/uploads\/2022\/03\/ZYS-19008-Heavy-Bat-Mech-1.jpg 800w, https:\/\/mouldking.store\/wp-content\/uploads\/2022\/03\/ZYS-19008-Heavy-Bat-Mech-1-300x300.jpg 300w, https:\/\/mouldking.store\/wp-content\/uploads\/2022\/03\/ZYS-19008-Heavy-Bat-Mech-1-768x768.jpg 768w, https:\/\/mouldking.store\/wp-content\/uploads\/2022\/03\/ZYS-19008-Heavy-Bat-Mech-1-600x600.jpg 600w, https:\/\/mouldking.store\/wp-content\/uploads\/2022\/03\/ZYS-19008-Heavy-Bat-Mech-1-150x150.jpg 150w\" sizes=\"(max-width: 800px) 100vw, 800px\" \/><figcaption id=\"caption-attachment-30476\" class=\"wp-caption-text\">ZYS 19008 Heavy Bat Mech v\u1edbi 2234 m\u1ea3nh gh\u00e9p<\/figcaption><\/figure>\n<figure id=\"attachment_30474\" aria-describedby=\"caption-attachment-30474\" style=\"width: 800px\" class=\"wp-caption aligncenter\"><img decoding=\"async\" class=\"wp-image-30474 size-full\" src=\"https:\/\/mouldking.store\/wp-content\/uploads\/2022\/03\/ZYS-19008-Heavy-Bat-Mech-4.jpg\" alt=\"ZYS 19008 Heavy Bat Mech with 2234 pieces\" width=\"800\" height=\"800\" title=\"-\" srcset=\"https:\/\/mouldking.store\/wp-content\/uploads\/2022\/03\/ZYS-19008-Heavy-Bat-Mech-4.jpg 800w, https:\/\/mouldking.store\/wp-content\/uploads\/2022\/03\/ZYS-19008-Heavy-Bat-Mech-4-300x300.jpg 300w, https:\/\/mouldking.store\/wp-content\/uploads\/2022\/03\/ZYS-19008-Heavy-Bat-Mech-4-768x768.jpg 768w, https:\/\/mouldking.store\/wp-content\/uploads\/2022\/03\/ZYS-19008-Heavy-Bat-Mech-4-600x600.jpg 600w, https:\/\/mouldking.store\/wp-content\/uploads\/2022\/03\/ZYS-19008-Heavy-Bat-Mech-4-150x150.jpg 150w\" sizes=\"(max-width: 800px) 100vw, 800px\" \/><figcaption id=\"caption-attachment-30474\" class=\"wp-caption-text\">ZYS 19008 Heavy Bat Mech v\u1edbi 2234 m\u1ea3nh gh\u00e9p<\/figcaption><\/figure>\n<figure id=\"attachment_30473\" aria-describedby=\"caption-attachment-30473\" style=\"width: 583px\" class=\"wp-caption aligncenter\"><img loading=\"lazy\" decoding=\"async\" class=\"wp-image-30473 size-full\" src=\"https:\/\/mouldking.store\/wp-content\/uploads\/2022\/03\/ZYS-19008-Heavy-Bat-Mech-3.jpg\" alt=\"ZYS 19008 Heavy Bat Mech with 2234 pieces\" width=\"583\" height=\"1024\" title=\"-\" srcset=\"https:\/\/mouldking.store\/wp-content\/uploads\/2022\/03\/ZYS-19008-Heavy-Bat-Mech-3.jpg 583w, https:\/\/mouldking.store\/wp-content\/uploads\/2022\/03\/ZYS-19008-Heavy-Bat-Mech-3-171x300.jpg 171w, https:\/\/mouldking.store\/wp-content\/uploads\/2022\/03\/ZYS-19008-Heavy-Bat-Mech-3-300x527.jpg 300w, https:\/\/mouldking.store\/wp-content\/uploads\/2022\/03\/ZYS-19008-Heavy-Bat-Mech-3-85x150.jpg 85w\" sizes=\"(max-width: 583px) 100vw, 583px\" \/><figcaption id=\"caption-attachment-30473\" class=\"wp-caption-text\">ZYS 19008 Heavy Bat Mech v\u1edbi 2234 m\u1ea3nh gh\u00e9p<\/figcaption><\/figure>\n<figure id=\"attachment_30475\" aria-describedby=\"caption-attachment-30475\" style=\"width: 790px\" class=\"wp-caption aligncenter\"><img loading=\"lazy\" decoding=\"async\" class=\"wp-image-30475 size-full\" src=\"https:\/\/mouldking.store\/wp-content\/uploads\/2022\/03\/ZYS-19008-Heavy-Bat-Mech-5.jpg\" alt=\"ZYS 19008 Heavy Bat Mech with 2234 pieces\" width=\"790\" height=\"740\" title=\"-\" srcset=\"https:\/\/mouldking.store\/wp-content\/uploads\/2022\/03\/ZYS-19008-Heavy-Bat-Mech-5.jpg 790w, https:\/\/mouldking.store\/wp-content\/uploads\/2022\/03\/ZYS-19008-Heavy-Bat-Mech-5-300x281.jpg 300w, https:\/\/mouldking.store\/wp-content\/uploads\/2022\/03\/ZYS-19008-Heavy-Bat-Mech-5-768x719.jpg 768w, https:\/\/mouldking.store\/wp-content\/uploads\/2022\/03\/ZYS-19008-Heavy-Bat-Mech-5-600x562.jpg 600w, https:\/\/mouldking.store\/wp-content\/uploads\/2022\/03\/ZYS-19008-Heavy-Bat-Mech-5-150x141.jpg 150w\" sizes=\"(max-width: 790px) 100vw, 790px\" \/><figcaption id=\"caption-attachment-30475\" class=\"wp-caption-text\">ZYS 19008 Heavy Bat Mech v\u1edbi 2234 m\u1ea3nh gh\u00e9p<\/figcaption><\/figure>","protected":false},"excerpt":{"rendered":"<p>Product information: Brand: ZYS Gender: Unisex Name: Heavy Bat Mech Age Range: &gt; 6 years old Model Number: 19008 Classification: Assemblage Plastic Block Shape: Self-Locking Bricks Material: Plastic Plastic Type: ABS Bricks Blocks: 2234 PCS Contains detailed assembly instructions. Notice: 1. Without an original box, but we guarantee our products have quality assurance and nice [&hellip;]<\/p>","protected":false},"featured_media":30472,"comment_status":"closed","ping_status":"closed","template":"","meta":{"_acf_changed":false},"product_cat":[371],"product_tag":[5094,5093,5092,5091],"class_list":["product","first","instock","shipping-taxable","purchasable","product-type-simple"],"acf":[],"_links":{"self":[{"href":"https:\/\/mouldking.store\/vi\/wp-json\/wp\/v2\/product\/30471","targetHints":{"allow":["GET"]}}],"collection":[{"href":"https:\/\/mouldking.store\/vi\/wp-json\/wp\/v2\/product"}],"about":[{"href":"https:\/\/mouldking.store\/vi\/wp-json\/wp\/v2\/types\/product"}],"replies":[{"embeddable":true,"href":"https:\/\/mouldking.store\/vi\/wp-json\/wp\/v2\/comments?post=30471"}],"wp:featuredmedia":[{"embeddable":true,"href":"https:\/\/mouldking.store\/vi\/wp-json\/wp\/v2\/media\/30472"}],"wp:attachment":[{"href":"https:\/\/mouldking.store\/vi\/wp-json\/wp\/v2\/media?parent=30471"}],"wp:term":[{"taxonomy":"product_cat","embeddable":true,"href":"https:\/\/mouldking.store\/vi\/wp-json\/wp\/v2\/product_cat?post=30471"},{"taxonomy":"product_tag","embeddable":true,"href":"https:\/\/mouldking.store\/vi\/wp-json\/wp\/v2\/product_tag?post=30471"}],"curies":[{"name":"wp","href":"https:\/\/api.w.org\/{rel}","templated":true}]}}