{"id":30477,"date":"2022-03-02T15:08:14","date_gmt":"2022-03-02T08:08:14","guid":{"rendered":"https:\/\/mouldking.store\/?post_type=product&#038;p=30477"},"modified":"2022-03-02T15:08:14","modified_gmt":"2022-03-02T08:08:14","slug":"jie-star-92004-return-to-the-future-with-2716-pieces","status":"publish","type":"product","link":"https:\/\/mouldking.store\/vi\/shop\/jie-star-92004-return-to-the-future-with-2716-pieces\/","title":{"rendered":"JIE STAR 92004 Return To The Future v\u1edbi 2716 m\u1ea3nh gh\u00e9p"},"content":{"rendered":"<p>Th\u00f4ng tin s\u1ea3n ph\u1ea9m:<\/p>\n<ol>\n<li>Th\u01b0\u01a1ng hi\u1ec7u: JIE SAO<\/li>\n<li>Gi\u1edbi t\u00ednh: Unisex<\/li>\n<li>T\u00ean: Tr\u1edf V\u1ec1 T\u01b0\u01a1ng Lai<\/li>\n<li>\u0110\u1ed9 tu\u1ed5i: &gt; 6 tu\u1ed5i<\/li>\n<li>S\u1ed1 m\u00f4 h\u00ecnh: 92004<\/li>\n<li>Ph\u00e2n lo\u1ea1i: T\u1eadp h\u1ee3p<\/li>\n<li>H\u00ecnh d\u1ea1ng kh\u1ed1i nh\u1ef1a: G\u1ea1ch t\u1ef1 kh\u00f3a<\/li>\n<li>Ch\u1ea5t li\u1ec7u: Nh\u1ef1a<\/li>\n<li>Lo\u1ea1i nh\u1ef1a: ABS<\/li>\n<li>Kh\u1ed1i g\u1ea1ch: 2716 C\u00c1I<\/li>\n<li>Ch\u1ee9a h\u01b0\u1edbng d\u1eabn l\u1eafp r\u00e1p chi ti\u1ebft.<\/li>\n<\/ol>\n<p>\u0110\u1ec3 \u00fd:<br \/>\n1. Kh\u00f4ng c\u00f3 h\u1ed9p ban \u0111\u1ea7u, nh\u01b0ng ch\u00fang t\u00f4i \u0111\u1ea3m b\u1ea3o s\u1ea3n ph\u1ea9m c\u1ee7a ch\u00fang t\u00f4i c\u00f3 ch\u1ea5t l\u01b0\u1ee3ng \u0111\u1ea3m b\u1ea3o v\u00e0 bao b\u00ec \u0111\u1eb9p.<br \/>\n2. V\u00ec t\u1ea5t c\u1ea3 c\u00e1c b\u1ed9 ph\u1eadn ch\u00fang t\u00f4i \u0111\u00e3 ki\u1ec3m tra tr\u01b0\u1edbc khi v\u1eadn chuy\u1ec3n, v\u00ec v\u1eady n\u1ebfu b\u1ea1n th\u1ea5y m\u1ed9t s\u1ed1 b\u1ed9 ph\u1eadn b\u1ecb thi\u1ebfu ho\u1eb7c h\u01b0 h\u1ecfng, \u0111\u1eebng lo l\u1eafng v\u00e0 ch\u1ec9 c\u1ea7n vui l\u00f2ng li\u00ean h\u1ec7 v\u1edbi ch\u00fang t\u00f4i v\u00e0 ch\u00fang t\u00f4i c\u00f3 th\u1ec3 g\u1eedi l\u1ea1i mi\u1ec5n ph\u00ed cho b\u1ea1n ngay l\u1eadp t\u1ee9c.<\/p>\n<p>&nbsp;<\/p>\n<figure id=\"attachment_30478\" aria-describedby=\"caption-attachment-30478\" style=\"width: 800px\" class=\"wp-caption aligncenter\"><img fetchpriority=\"high\" decoding=\"async\" class=\"wp-image-30478 size-full\" src=\"https:\/\/mouldking.store\/wp-content\/uploads\/2022\/03\/JIE-STAR-92004-Return-To-The-Future-1.png\" alt=\"JIE STAR 92004 Return To The Future with 2716 pieces\" width=\"800\" height=\"800\" title=\"-\" srcset=\"https:\/\/mouldking.store\/wp-content\/uploads\/2022\/03\/JIE-STAR-92004-Return-To-The-Future-1.png 800w, https:\/\/mouldking.store\/wp-content\/uploads\/2022\/03\/JIE-STAR-92004-Return-To-The-Future-1-300x300.png 300w, https:\/\/mouldking.store\/wp-content\/uploads\/2022\/03\/JIE-STAR-92004-Return-To-The-Future-1-768x768.png 768w, https:\/\/mouldking.store\/wp-content\/uploads\/2022\/03\/JIE-STAR-92004-Return-To-The-Future-1-600x600.png 600w, https:\/\/mouldking.store\/wp-content\/uploads\/2022\/03\/JIE-STAR-92004-Return-To-The-Future-1-150x150.png 150w\" sizes=\"(max-width: 800px) 100vw, 800px\" \/><figcaption id=\"caption-attachment-30478\" class=\"wp-caption-text\">JIE STAR 92004 Return To The Future v\u1edbi 2716 m\u1ea3nh gh\u00e9p<\/figcaption><\/figure>\n<figure id=\"attachment_30483\" aria-describedby=\"caption-attachment-30483\" style=\"width: 781px\" class=\"wp-caption aligncenter\"><img decoding=\"async\" class=\"wp-image-30483 size-full\" src=\"https:\/\/mouldking.store\/wp-content\/uploads\/2022\/03\/JIE-STAR-92004-Return-To-The-Future-6.png\" alt=\"JIE STAR 92004 Return To The Future with 2716 pieces\" width=\"781\" height=\"610\" title=\"-\" srcset=\"https:\/\/mouldking.store\/wp-content\/uploads\/2022\/03\/JIE-STAR-92004-Return-To-The-Future-6.png 781w, https:\/\/mouldking.store\/wp-content\/uploads\/2022\/03\/JIE-STAR-92004-Return-To-The-Future-6-300x234.png 300w, https:\/\/mouldking.store\/wp-content\/uploads\/2022\/03\/JIE-STAR-92004-Return-To-The-Future-6-768x600.png 768w, https:\/\/mouldking.store\/wp-content\/uploads\/2022\/03\/JIE-STAR-92004-Return-To-The-Future-6-600x469.png 600w, https:\/\/mouldking.store\/wp-content\/uploads\/2022\/03\/JIE-STAR-92004-Return-To-The-Future-6-150x117.png 150w\" sizes=\"(max-width: 781px) 100vw, 781px\" \/><figcaption id=\"caption-attachment-30483\" class=\"wp-caption-text\">JIE STAR 92004 Return To The Future v\u1edbi 2716 m\u1ea3nh gh\u00e9p<\/figcaption><\/figure>\n<figure id=\"attachment_30481\" aria-describedby=\"caption-attachment-30481\" style=\"width: 784px\" class=\"wp-caption aligncenter\"><img decoding=\"async\" class=\"wp-image-30481 size-full\" src=\"https:\/\/mouldking.store\/wp-content\/uploads\/2022\/03\/JIE-STAR-92004-Return-To-The-Future-4.png\" alt=\"JIE STAR 92004 Return To The Future with 2716 pieces\" width=\"784\" height=\"545\" title=\"-\" srcset=\"https:\/\/mouldking.store\/wp-content\/uploads\/2022\/03\/JIE-STAR-92004-Return-To-The-Future-4.png 784w, https:\/\/mouldking.store\/wp-content\/uploads\/2022\/03\/JIE-STAR-92004-Return-To-The-Future-4-300x209.png 300w, https:\/\/mouldking.store\/wp-content\/uploads\/2022\/03\/JIE-STAR-92004-Return-To-The-Future-4-768x534.png 768w, https:\/\/mouldking.store\/wp-content\/uploads\/2022\/03\/JIE-STAR-92004-Return-To-The-Future-4-600x417.png 600w, https:\/\/mouldking.store\/wp-content\/uploads\/2022\/03\/JIE-STAR-92004-Return-To-The-Future-4-150x104.png 150w\" sizes=\"(max-width: 784px) 100vw, 784px\" \/><figcaption id=\"caption-attachment-30481\" class=\"wp-caption-text\">JIE STAR 92004 Return To The Future v\u1edbi 2716 m\u1ea3nh gh\u00e9p<\/figcaption><\/figure>\n<figure id=\"attachment_30479\" aria-describedby=\"caption-attachment-30479\" style=\"width: 782px\" class=\"wp-caption aligncenter\"><img loading=\"lazy\" decoding=\"async\" class=\"wp-image-30479 size-full\" src=\"https:\/\/mouldking.store\/wp-content\/uploads\/2022\/03\/JIE-STAR-92004-Return-To-The-Future-2.png\" alt=\"JIE STAR 92004 Return To The Future with 2716 pieces\" width=\"782\" height=\"605\" title=\"-\" srcset=\"https:\/\/mouldking.store\/wp-content\/uploads\/2022\/03\/JIE-STAR-92004-Return-To-The-Future-2.png 782w, https:\/\/mouldking.store\/wp-content\/uploads\/2022\/03\/JIE-STAR-92004-Return-To-The-Future-2-300x232.png 300w, https:\/\/mouldking.store\/wp-content\/uploads\/2022\/03\/JIE-STAR-92004-Return-To-The-Future-2-768x594.png 768w, https:\/\/mouldking.store\/wp-content\/uploads\/2022\/03\/JIE-STAR-92004-Return-To-The-Future-2-600x464.png 600w, https:\/\/mouldking.store\/wp-content\/uploads\/2022\/03\/JIE-STAR-92004-Return-To-The-Future-2-150x116.png 150w\" sizes=\"(max-width: 782px) 100vw, 782px\" \/><figcaption id=\"caption-attachment-30479\" class=\"wp-caption-text\">JIE STAR 92004 Return To The Future v\u1edbi 2716 m\u1ea3nh gh\u00e9p<\/figcaption><\/figure>\n<figure id=\"attachment_30480\" aria-describedby=\"caption-attachment-30480\" style=\"width: 780px\" class=\"wp-caption aligncenter\"><img loading=\"lazy\" decoding=\"async\" class=\"wp-image-30480 size-full\" src=\"https:\/\/mouldking.store\/wp-content\/uploads\/2022\/03\/JIE-STAR-92004-Return-To-The-Future-3.png\" alt=\"JIE STAR 92004 Return To The Future with 2716 pieces\" width=\"780\" height=\"620\" title=\"-\" srcset=\"https:\/\/mouldking.store\/wp-content\/uploads\/2022\/03\/JIE-STAR-92004-Return-To-The-Future-3.png 780w, https:\/\/mouldking.store\/wp-content\/uploads\/2022\/03\/JIE-STAR-92004-Return-To-The-Future-3-300x238.png 300w, https:\/\/mouldking.store\/wp-content\/uploads\/2022\/03\/JIE-STAR-92004-Return-To-The-Future-3-768x610.png 768w, https:\/\/mouldking.store\/wp-content\/uploads\/2022\/03\/JIE-STAR-92004-Return-To-The-Future-3-600x477.png 600w, https:\/\/mouldking.store\/wp-content\/uploads\/2022\/03\/JIE-STAR-92004-Return-To-The-Future-3-150x119.png 150w\" sizes=\"(max-width: 780px) 100vw, 780px\" \/><figcaption id=\"caption-attachment-30480\" class=\"wp-caption-text\">JIE STAR 92004 Return To The Future v\u1edbi 2716 m\u1ea3nh gh\u00e9p<\/figcaption><\/figure>\n<figure id=\"attachment_30482\" aria-describedby=\"caption-attachment-30482\" style=\"width: 786px\" class=\"wp-caption aligncenter\"><img loading=\"lazy\" decoding=\"async\" class=\"wp-image-30482 size-full\" src=\"https:\/\/mouldking.store\/wp-content\/uploads\/2022\/03\/JIE-STAR-92004-Return-To-The-Future-5.png\" alt=\"JIE STAR 92004 Return To The Future with 2716 pieces\" width=\"786\" height=\"541\" title=\"-\" srcset=\"https:\/\/mouldking.store\/wp-content\/uploads\/2022\/03\/JIE-STAR-92004-Return-To-The-Future-5.png 786w, https:\/\/mouldking.store\/wp-content\/uploads\/2022\/03\/JIE-STAR-92004-Return-To-The-Future-5-300x206.png 300w, https:\/\/mouldking.store\/wp-content\/uploads\/2022\/03\/JIE-STAR-92004-Return-To-The-Future-5-768x529.png 768w, https:\/\/mouldking.store\/wp-content\/uploads\/2022\/03\/JIE-STAR-92004-Return-To-The-Future-5-600x413.png 600w, https:\/\/mouldking.store\/wp-content\/uploads\/2022\/03\/JIE-STAR-92004-Return-To-The-Future-5-150x103.png 150w\" sizes=\"(max-width: 786px) 100vw, 786px\" \/><figcaption id=\"caption-attachment-30482\" class=\"wp-caption-text\">JIE STAR 92004 Return To The Future v\u1edbi 2716 m\u1ea3nh gh\u00e9p<\/figcaption><\/figure>","protected":false},"excerpt":{"rendered":"<p>Product information: Brand: JIE STAR Gender: Unisex Name: Return To The Future Age Range: &gt; 6 years old Model Number: 92004 Classification: Assemblage Plastic Block Shape: Self-Locking Bricks Material: Plastic Plastic Type: ABS Bricks Blocks: 2716 PCS Contains detailed assembly instructions. Notice: 1. Without an original box, but we guarantee our products have quality assurance [&hellip;]<\/p>","protected":false},"featured_media":30478,"comment_status":"closed","ping_status":"closed","template":"","meta":{"_acf_changed":false},"product_cat":[364],"product_tag":[5099,2256,5097,5096,5095,5098],"class_list":["product","first","instock","shipping-taxable","purchasable","product-type-simple"],"acf":[],"_links":{"self":[{"href":"https:\/\/mouldking.store\/vi\/wp-json\/wp\/v2\/product\/30477","targetHints":{"allow":["GET"]}}],"collection":[{"href":"https:\/\/mouldking.store\/vi\/wp-json\/wp\/v2\/product"}],"about":[{"href":"https:\/\/mouldking.store\/vi\/wp-json\/wp\/v2\/types\/product"}],"replies":[{"embeddable":true,"href":"https:\/\/mouldking.store\/vi\/wp-json\/wp\/v2\/comments?post=30477"}],"wp:featuredmedia":[{"embeddable":true,"href":"https:\/\/mouldking.store\/vi\/wp-json\/wp\/v2\/media\/30478"}],"wp:attachment":[{"href":"https:\/\/mouldking.store\/vi\/wp-json\/wp\/v2\/media?parent=30477"}],"wp:term":[{"taxonomy":"product_cat","embeddable":true,"href":"https:\/\/mouldking.store\/vi\/wp-json\/wp\/v2\/product_cat?post=30477"},{"taxonomy":"product_tag","embeddable":true,"href":"https:\/\/mouldking.store\/vi\/wp-json\/wp\/v2\/product_tag?post=30477"}],"curies":[{"name":"wp","href":"https:\/\/api.w.org\/{rel}","templated":true}]}}