{"id":30516,"date":"2022-03-02T15:40:08","date_gmt":"2022-03-02T08:40:08","guid":{"rendered":"https:\/\/mouldking.store\/?post_type=product&#038;p=30516"},"modified":"2022-03-02T15:40:09","modified_gmt":"2022-03-02T08:40:09","slug":"mould-king-17033-rc-red-mechanical-excavator-with-1828-pieces","status":"publish","type":"product","link":"https:\/\/mouldking.store\/vi\/shop\/mould-king-17033-rc-red-mechanical-excavator-with-1828-pieces\/","title":{"rendered":"M\u00e1y \u0111\u00e0o c\u01a1 kh\u00ed Mold King 17033 RC Red v\u1edbi 1828 chi ti\u1ebft"},"content":{"rendered":"<p>Th\u00f4ng tin s\u1ea3n ph\u1ea9m:<\/p>\n<ol>\n<li>Th\u01b0\u01a1ng hi\u1ec7u: Khu\u00f4n Vua<\/li>\n<li>Gi\u1edbi t\u00ednh: Unisex<\/li>\n<li>Name: RC Red Mechanical Excavator<\/li>\n<li>\u0110\u1ed9 tu\u1ed5i: &gt; 14 tu\u1ed5i<\/li>\n<li>Model Number: 17033<\/li>\n<li>Ph\u00e2n lo\u1ea1i: T\u1eadp h\u1ee3p<\/li>\n<li>H\u00ecnh d\u1ea1ng kh\u1ed1i nh\u1ef1a: G\u1ea1ch t\u1ef1 kh\u00f3a<\/li>\n<li>Ch\u1ea5t li\u1ec7u: Nh\u1ef1a<\/li>\n<li>Lo\u1ea1i nh\u1ef1a: ABS<\/li>\n<li>Bricks Blocks: 1828 PCS<\/li>\n<li>Ch\u1ee9a h\u01b0\u1edbng d\u1eabn l\u1eafp r\u00e1p chi ti\u1ebft.<\/li>\n<\/ol>\n<p>\u0110\u1ec3 \u00fd:<br \/>\n1. Kh\u00f4ng c\u00f3 h\u1ed9p ban \u0111\u1ea7u, nh\u01b0ng ch\u00fang t\u00f4i \u0111\u1ea3m b\u1ea3o s\u1ea3n ph\u1ea9m c\u1ee7a ch\u00fang t\u00f4i c\u00f3 ch\u1ea5t l\u01b0\u1ee3ng \u0111\u1ea3m b\u1ea3o v\u00e0 bao b\u00ec \u0111\u1eb9p.<br \/>\n2. V\u00ec t\u1ea5t c\u1ea3 c\u00e1c b\u1ed9 ph\u1eadn ch\u00fang t\u00f4i \u0111\u00e3 ki\u1ec3m tra tr\u01b0\u1edbc khi v\u1eadn chuy\u1ec3n, v\u00ec v\u1eady n\u1ebfu b\u1ea1n th\u1ea5y m\u1ed9t s\u1ed1 b\u1ed9 ph\u1eadn b\u1ecb thi\u1ebfu ho\u1eb7c h\u01b0 h\u1ecfng, \u0111\u1eebng lo l\u1eafng v\u00e0 ch\u1ec9 c\u1ea7n vui l\u00f2ng li\u00ean h\u1ec7 v\u1edbi ch\u00fang t\u00f4i v\u00e0 ch\u00fang t\u00f4i c\u00f3 th\u1ec3 g\u1eedi l\u1ea1i mi\u1ec5n ph\u00ed cho b\u1ea1n ngay l\u1eadp t\u1ee9c.<\/p>\n<figure id=\"attachment_30517\" aria-describedby=\"caption-attachment-30517\" style=\"width: 898px\" class=\"wp-caption aligncenter\"><img fetchpriority=\"high\" decoding=\"async\" class=\"wp-image-30517 size-full\" src=\"https:\/\/mouldking.store\/wp-content\/uploads\/2022\/03\/Mould-King-17033-Link-Belt-250-X-3-Mechanical-Excavator-1.jpg\" alt=\"Mould King 17033 RC Red Mechanical Excavator with 1828 pieces\" width=\"898\" height=\"894\" title=\"-\" srcset=\"https:\/\/mouldking.store\/wp-content\/uploads\/2022\/03\/Mould-King-17033-Link-Belt-250-X-3-Mechanical-Excavator-1.jpg 898w, https:\/\/mouldking.store\/wp-content\/uploads\/2022\/03\/Mould-King-17033-Link-Belt-250-X-3-Mechanical-Excavator-1-300x299.jpg 300w, https:\/\/mouldking.store\/wp-content\/uploads\/2022\/03\/Mould-King-17033-Link-Belt-250-X-3-Mechanical-Excavator-1-768x765.jpg 768w, https:\/\/mouldking.store\/wp-content\/uploads\/2022\/03\/Mould-King-17033-Link-Belt-250-X-3-Mechanical-Excavator-1-600x597.jpg 600w, https:\/\/mouldking.store\/wp-content\/uploads\/2022\/03\/Mould-King-17033-Link-Belt-250-X-3-Mechanical-Excavator-1-150x150.jpg 150w\" sizes=\"(max-width: 898px) 100vw, 898px\" \/><figcaption id=\"caption-attachment-30517\" class=\"wp-caption-text\">M\u00e1y \u0111\u00e0o c\u01a1 kh\u00ed Mold King 17033 RC Red v\u1edbi 1828 chi ti\u1ebft<\/figcaption><\/figure>\n<figure id=\"attachment_30518\" aria-describedby=\"caption-attachment-30518\" style=\"width: 893px\" class=\"wp-caption aligncenter\"><img decoding=\"async\" class=\"wp-image-30518 size-full\" src=\"https:\/\/mouldking.store\/wp-content\/uploads\/2022\/03\/Mould-King-17033-Link-Belt-250-X-3-Mechanical-Excavator-2.jpg\" alt=\"Mould King 17033 RC Red Mechanical Excavator with 1828 pieces\" width=\"893\" height=\"896\" title=\"-\" srcset=\"https:\/\/mouldking.store\/wp-content\/uploads\/2022\/03\/Mould-King-17033-Link-Belt-250-X-3-Mechanical-Excavator-2.jpg 893w, https:\/\/mouldking.store\/wp-content\/uploads\/2022\/03\/Mould-King-17033-Link-Belt-250-X-3-Mechanical-Excavator-2-300x301.jpg 300w, https:\/\/mouldking.store\/wp-content\/uploads\/2022\/03\/Mould-King-17033-Link-Belt-250-X-3-Mechanical-Excavator-2-768x771.jpg 768w, https:\/\/mouldking.store\/wp-content\/uploads\/2022\/03\/Mould-King-17033-Link-Belt-250-X-3-Mechanical-Excavator-2-600x602.jpg 600w, https:\/\/mouldking.store\/wp-content\/uploads\/2022\/03\/Mould-King-17033-Link-Belt-250-X-3-Mechanical-Excavator-2-150x150.jpg 150w\" sizes=\"(max-width: 893px) 100vw, 893px\" \/><figcaption id=\"caption-attachment-30518\" class=\"wp-caption-text\">M\u00e1y \u0111\u00e0o c\u01a1 kh\u00ed Mold King 17033 RC Red v\u1edbi 1828 chi ti\u1ebft<\/figcaption><\/figure>\n<figure id=\"attachment_30519\" aria-describedby=\"caption-attachment-30519\" style=\"width: 896px\" class=\"wp-caption aligncenter\"><img decoding=\"async\" class=\"wp-image-30519 size-full\" src=\"https:\/\/mouldking.store\/wp-content\/uploads\/2022\/03\/Mould-King-17033-Link-Belt-250-X-3-Mechanical-Excavator-3.jpg\" alt=\"Mould King 17033 RC Red Mechanical Excavator with 1828 pieces\" width=\"896\" height=\"897\" title=\"-\" srcset=\"https:\/\/mouldking.store\/wp-content\/uploads\/2022\/03\/Mould-King-17033-Link-Belt-250-X-3-Mechanical-Excavator-3.jpg 896w, https:\/\/mouldking.store\/wp-content\/uploads\/2022\/03\/Mould-King-17033-Link-Belt-250-X-3-Mechanical-Excavator-3-300x300.jpg 300w, https:\/\/mouldking.store\/wp-content\/uploads\/2022\/03\/Mould-King-17033-Link-Belt-250-X-3-Mechanical-Excavator-3-768x769.jpg 768w, https:\/\/mouldking.store\/wp-content\/uploads\/2022\/03\/Mould-King-17033-Link-Belt-250-X-3-Mechanical-Excavator-3-600x601.jpg 600w, https:\/\/mouldking.store\/wp-content\/uploads\/2022\/03\/Mould-King-17033-Link-Belt-250-X-3-Mechanical-Excavator-3-150x150.jpg 150w\" sizes=\"(max-width: 896px) 100vw, 896px\" \/><figcaption id=\"caption-attachment-30519\" class=\"wp-caption-text\">M\u00e1y \u0111\u00e0o c\u01a1 kh\u00ed Mold King 17033 RC Red v\u1edbi 1828 chi ti\u1ebft<\/figcaption><\/figure>\n<figure id=\"attachment_30520\" aria-describedby=\"caption-attachment-30520\" style=\"width: 906px\" class=\"wp-caption aligncenter\"><img loading=\"lazy\" decoding=\"async\" class=\"wp-image-30520 size-full\" src=\"https:\/\/mouldking.store\/wp-content\/uploads\/2022\/03\/Mould-King-17033-Link-Belt-250-X-3-Mechanical-Excavator-4.jpg\" alt=\"Mould King 17033 RC Red Mechanical Excavator with 1828 pieces\" width=\"906\" height=\"893\" title=\"-\" srcset=\"https:\/\/mouldking.store\/wp-content\/uploads\/2022\/03\/Mould-King-17033-Link-Belt-250-X-3-Mechanical-Excavator-4.jpg 906w, https:\/\/mouldking.store\/wp-content\/uploads\/2022\/03\/Mould-King-17033-Link-Belt-250-X-3-Mechanical-Excavator-4-300x296.jpg 300w, https:\/\/mouldking.store\/wp-content\/uploads\/2022\/03\/Mould-King-17033-Link-Belt-250-X-3-Mechanical-Excavator-4-768x757.jpg 768w, https:\/\/mouldking.store\/wp-content\/uploads\/2022\/03\/Mould-King-17033-Link-Belt-250-X-3-Mechanical-Excavator-4-600x591.jpg 600w, https:\/\/mouldking.store\/wp-content\/uploads\/2022\/03\/Mould-King-17033-Link-Belt-250-X-3-Mechanical-Excavator-4-150x148.jpg 150w\" sizes=\"(max-width: 906px) 100vw, 906px\" \/><figcaption id=\"caption-attachment-30520\" class=\"wp-caption-text\">M\u00e1y \u0111\u00e0o c\u01a1 kh\u00ed Mold King 17033 RC Red v\u1edbi 1828 chi ti\u1ebft<\/figcaption><\/figure>\n<figure id=\"attachment_30522\" aria-describedby=\"caption-attachment-30522\" style=\"width: 790px\" class=\"wp-caption aligncenter\"><img loading=\"lazy\" decoding=\"async\" class=\"wp-image-30522 size-full\" src=\"https:\/\/mouldking.store\/wp-content\/uploads\/2022\/03\/Mould-King-17033-RC-Red-Mechanical-Excavator-with-1828-pieces-2.jpg\" alt=\"Mould King 17033 RC Red Mechanical Excavator with 1828 pieces\" width=\"790\" height=\"739\" title=\"-\" srcset=\"https:\/\/mouldking.store\/wp-content\/uploads\/2022\/03\/Mould-King-17033-RC-Red-Mechanical-Excavator-with-1828-pieces-2.jpg 790w, https:\/\/mouldking.store\/wp-content\/uploads\/2022\/03\/Mould-King-17033-RC-Red-Mechanical-Excavator-with-1828-pieces-2-300x281.jpg 300w, https:\/\/mouldking.store\/wp-content\/uploads\/2022\/03\/Mould-King-17033-RC-Red-Mechanical-Excavator-with-1828-pieces-2-768x718.jpg 768w, https:\/\/mouldking.store\/wp-content\/uploads\/2022\/03\/Mould-King-17033-RC-Red-Mechanical-Excavator-with-1828-pieces-2-600x561.jpg 600w, https:\/\/mouldking.store\/wp-content\/uploads\/2022\/03\/Mould-King-17033-RC-Red-Mechanical-Excavator-with-1828-pieces-2-150x140.jpg 150w\" sizes=\"(max-width: 790px) 100vw, 790px\" \/><figcaption id=\"caption-attachment-30522\" class=\"wp-caption-text\">M\u00e1y \u0111\u00e0o c\u01a1 kh\u00ed Mold King 17033 RC Red v\u1edbi 1828 chi ti\u1ebft<\/figcaption><\/figure>\n<figure id=\"attachment_30523\" aria-describedby=\"caption-attachment-30523\" style=\"width: 790px\" class=\"wp-caption aligncenter\"><img loading=\"lazy\" decoding=\"async\" class=\"wp-image-30523 size-full\" src=\"https:\/\/mouldking.store\/wp-content\/uploads\/2022\/03\/Mould-King-17033-RC-Red-Mechanical-Excavator-with-1828-pieces-3.jpg\" alt=\"Mould King 17033 RC Red Mechanical Excavator with 1828 pieces\" width=\"790\" height=\"899\" title=\"-\" srcset=\"https:\/\/mouldking.store\/wp-content\/uploads\/2022\/03\/Mould-King-17033-RC-Red-Mechanical-Excavator-with-1828-pieces-3.jpg 790w, https:\/\/mouldking.store\/wp-content\/uploads\/2022\/03\/Mould-King-17033-RC-Red-Mechanical-Excavator-with-1828-pieces-3-264x300.jpg 264w, https:\/\/mouldking.store\/wp-content\/uploads\/2022\/03\/Mould-King-17033-RC-Red-Mechanical-Excavator-with-1828-pieces-3-768x874.jpg 768w, https:\/\/mouldking.store\/wp-content\/uploads\/2022\/03\/Mould-King-17033-RC-Red-Mechanical-Excavator-with-1828-pieces-3-300x341.jpg 300w, https:\/\/mouldking.store\/wp-content\/uploads\/2022\/03\/Mould-King-17033-RC-Red-Mechanical-Excavator-with-1828-pieces-3-600x683.jpg 600w, https:\/\/mouldking.store\/wp-content\/uploads\/2022\/03\/Mould-King-17033-RC-Red-Mechanical-Excavator-with-1828-pieces-3-132x150.jpg 132w\" sizes=\"(max-width: 790px) 100vw, 790px\" \/><figcaption id=\"caption-attachment-30523\" class=\"wp-caption-text\">M\u00e1y \u0111\u00e0o c\u01a1 kh\u00ed Mold King 17033 RC Red v\u1edbi 1828 chi ti\u1ebft<\/figcaption><\/figure>\n<figure id=\"attachment_30524\" aria-describedby=\"caption-attachment-30524\" style=\"width: 707px\" class=\"wp-caption aligncenter\"><img loading=\"lazy\" decoding=\"async\" class=\"wp-image-30524 size-full\" src=\"https:\/\/mouldking.store\/wp-content\/uploads\/2022\/03\/Mould-King-17033-RC-Red-Mechanical-Excavator-with-1828-pieces-4.jpg\" alt=\"Mould King 17033 RC Red Mechanical Excavator with 1828 pieces\" width=\"707\" height=\"1024\" title=\"-\" srcset=\"https:\/\/mouldking.store\/wp-content\/uploads\/2022\/03\/Mould-King-17033-RC-Red-Mechanical-Excavator-with-1828-pieces-4.jpg 707w, https:\/\/mouldking.store\/wp-content\/uploads\/2022\/03\/Mould-King-17033-RC-Red-Mechanical-Excavator-with-1828-pieces-4-207x300.jpg 207w, https:\/\/mouldking.store\/wp-content\/uploads\/2022\/03\/Mould-King-17033-RC-Red-Mechanical-Excavator-with-1828-pieces-4-300x435.jpg 300w, https:\/\/mouldking.store\/wp-content\/uploads\/2022\/03\/Mould-King-17033-RC-Red-Mechanical-Excavator-with-1828-pieces-4-600x869.jpg 600w, https:\/\/mouldking.store\/wp-content\/uploads\/2022\/03\/Mould-King-17033-RC-Red-Mechanical-Excavator-with-1828-pieces-4-104x150.jpg 104w\" sizes=\"(max-width: 707px) 100vw, 707px\" \/><figcaption id=\"caption-attachment-30524\" class=\"wp-caption-text\">M\u00e1y \u0111\u00e0o c\u01a1 kh\u00ed Mold King 17033 RC Red v\u1edbi 1828 chi ti\u1ebft<\/figcaption><\/figure>\n<figure id=\"attachment_30525\" aria-describedby=\"caption-attachment-30525\" style=\"width: 717px\" class=\"wp-caption aligncenter\"><img loading=\"lazy\" decoding=\"async\" class=\"wp-image-30525 size-full\" src=\"https:\/\/mouldking.store\/wp-content\/uploads\/2022\/03\/Mould-King-17033-RC-Red-Mechanical-Excavator-with-1828-pieces-5.jpg\" alt=\"Mould King 17033 RC Red Mechanical Excavator with 1828 pieces\" width=\"717\" height=\"1024\" title=\"-\" srcset=\"https:\/\/mouldking.store\/wp-content\/uploads\/2022\/03\/Mould-King-17033-RC-Red-Mechanical-Excavator-with-1828-pieces-5.jpg 717w, https:\/\/mouldking.store\/wp-content\/uploads\/2022\/03\/Mould-King-17033-RC-Red-Mechanical-Excavator-with-1828-pieces-5-210x300.jpg 210w, https:\/\/mouldking.store\/wp-content\/uploads\/2022\/03\/Mould-King-17033-RC-Red-Mechanical-Excavator-with-1828-pieces-5-300x428.jpg 300w, https:\/\/mouldking.store\/wp-content\/uploads\/2022\/03\/Mould-King-17033-RC-Red-Mechanical-Excavator-with-1828-pieces-5-600x857.jpg 600w, https:\/\/mouldking.store\/wp-content\/uploads\/2022\/03\/Mould-King-17033-RC-Red-Mechanical-Excavator-with-1828-pieces-5-105x150.jpg 105w\" sizes=\"(max-width: 717px) 100vw, 717px\" \/><figcaption id=\"caption-attachment-30525\" class=\"wp-caption-text\">M\u00e1y \u0111\u00e0o c\u01a1 kh\u00ed Mold King 17033 RC Red v\u1edbi 1828 chi ti\u1ebft<\/figcaption><\/figure>\n<figure id=\"attachment_30526\" aria-describedby=\"caption-attachment-30526\" style=\"width: 790px\" class=\"wp-caption aligncenter\"><img loading=\"lazy\" decoding=\"async\" class=\"wp-image-30526 size-full\" src=\"https:\/\/mouldking.store\/wp-content\/uploads\/2022\/03\/Mould-King-17033-RC-Red-Mechanical-Excavator-with-1828-pieces-6.jpg\" alt=\"Mould King 17033 RC Red Mechanical Excavator with 1828 pieces\" width=\"790\" height=\"939\" title=\"-\" srcset=\"https:\/\/mouldking.store\/wp-content\/uploads\/2022\/03\/Mould-King-17033-RC-Red-Mechanical-Excavator-with-1828-pieces-6.jpg 790w, https:\/\/mouldking.store\/wp-content\/uploads\/2022\/03\/Mould-King-17033-RC-Red-Mechanical-Excavator-with-1828-pieces-6-252x300.jpg 252w, https:\/\/mouldking.store\/wp-content\/uploads\/2022\/03\/Mould-King-17033-RC-Red-Mechanical-Excavator-with-1828-pieces-6-768x913.jpg 768w, https:\/\/mouldking.store\/wp-content\/uploads\/2022\/03\/Mould-King-17033-RC-Red-Mechanical-Excavator-with-1828-pieces-6-300x357.jpg 300w, https:\/\/mouldking.store\/wp-content\/uploads\/2022\/03\/Mould-King-17033-RC-Red-Mechanical-Excavator-with-1828-pieces-6-600x713.jpg 600w, https:\/\/mouldking.store\/wp-content\/uploads\/2022\/03\/Mould-King-17033-RC-Red-Mechanical-Excavator-with-1828-pieces-6-126x150.jpg 126w\" sizes=\"(max-width: 790px) 100vw, 790px\" \/><figcaption id=\"caption-attachment-30526\" class=\"wp-caption-text\">M\u00e1y \u0111\u00e0o c\u01a1 kh\u00ed Mold King 17033 RC Red v\u1edbi 1828 chi ti\u1ebft<\/figcaption><\/figure>\n<figure id=\"attachment_30527\" aria-describedby=\"caption-attachment-30527\" style=\"width: 790px\" class=\"wp-caption aligncenter\"><img loading=\"lazy\" decoding=\"async\" class=\"wp-image-30527 size-full\" src=\"https:\/\/mouldking.store\/wp-content\/uploads\/2022\/03\/Mould-King-17033-RC-Red-Mechanical-Excavator-with-1828-pieces-7.jpg\" alt=\"Mould King 17033 RC Red Mechanical Excavator with 1828 pieces\" width=\"790\" height=\"894\" title=\"-\" srcset=\"https:\/\/mouldking.store\/wp-content\/uploads\/2022\/03\/Mould-King-17033-RC-Red-Mechanical-Excavator-with-1828-pieces-7.jpg 790w, https:\/\/mouldking.store\/wp-content\/uploads\/2022\/03\/Mould-King-17033-RC-Red-Mechanical-Excavator-with-1828-pieces-7-265x300.jpg 265w, https:\/\/mouldking.store\/wp-content\/uploads\/2022\/03\/Mould-King-17033-RC-Red-Mechanical-Excavator-with-1828-pieces-7-768x869.jpg 768w, https:\/\/mouldking.store\/wp-content\/uploads\/2022\/03\/Mould-King-17033-RC-Red-Mechanical-Excavator-with-1828-pieces-7-300x339.jpg 300w, https:\/\/mouldking.store\/wp-content\/uploads\/2022\/03\/Mould-King-17033-RC-Red-Mechanical-Excavator-with-1828-pieces-7-600x679.jpg 600w, https:\/\/mouldking.store\/wp-content\/uploads\/2022\/03\/Mould-King-17033-RC-Red-Mechanical-Excavator-with-1828-pieces-7-133x150.jpg 133w\" sizes=\"(max-width: 790px) 100vw, 790px\" \/><figcaption id=\"caption-attachment-30527\" class=\"wp-caption-text\">M\u00e1y \u0111\u00e0o c\u01a1 kh\u00ed Mold King 17033 RC Red v\u1edbi 1828 chi ti\u1ebft<\/figcaption><\/figure>\n<figure id=\"attachment_30528\" aria-describedby=\"caption-attachment-30528\" style=\"width: 790px\" class=\"wp-caption aligncenter\"><img loading=\"lazy\" decoding=\"async\" class=\"wp-image-30528 size-full\" src=\"https:\/\/mouldking.store\/wp-content\/uploads\/2022\/03\/Mould-King-17033-RC-Red-Mechanical-Excavator-with-1828-pieces-8.jpg\" alt=\"Mould King 17033 RC Red Mechanical Excavator with 1828 pieces\" width=\"790\" height=\"955\" title=\"-\" srcset=\"https:\/\/mouldking.store\/wp-content\/uploads\/2022\/03\/Mould-King-17033-RC-Red-Mechanical-Excavator-with-1828-pieces-8.jpg 790w, https:\/\/mouldking.store\/wp-content\/uploads\/2022\/03\/Mould-King-17033-RC-Red-Mechanical-Excavator-with-1828-pieces-8-248x300.jpg 248w, https:\/\/mouldking.store\/wp-content\/uploads\/2022\/03\/Mould-King-17033-RC-Red-Mechanical-Excavator-with-1828-pieces-8-768x928.jpg 768w, https:\/\/mouldking.store\/wp-content\/uploads\/2022\/03\/Mould-King-17033-RC-Red-Mechanical-Excavator-with-1828-pieces-8-300x363.jpg 300w, https:\/\/mouldking.store\/wp-content\/uploads\/2022\/03\/Mould-King-17033-RC-Red-Mechanical-Excavator-with-1828-pieces-8-600x725.jpg 600w, https:\/\/mouldking.store\/wp-content\/uploads\/2022\/03\/Mould-King-17033-RC-Red-Mechanical-Excavator-with-1828-pieces-8-124x150.jpg 124w\" sizes=\"(max-width: 790px) 100vw, 790px\" \/><figcaption id=\"caption-attachment-30528\" class=\"wp-caption-text\">M\u00e1y \u0111\u00e0o c\u01a1 kh\u00ed Mold King 17033 RC Red v\u1edbi 1828 chi ti\u1ebft<\/figcaption><\/figure>\n<figure id=\"attachment_30529\" aria-describedby=\"caption-attachment-30529\" style=\"width: 790px\" class=\"wp-caption aligncenter\"><img loading=\"lazy\" decoding=\"async\" class=\"wp-image-30529 size-full\" src=\"https:\/\/mouldking.store\/wp-content\/uploads\/2022\/03\/Mould-King-17033-RC-Red-Mechanical-Excavator-with-1828-pieces-9.jpg\" alt=\"Mould King 17033 RC Red Mechanical Excavator with 1828 pieces\" width=\"790\" height=\"782\" title=\"-\" srcset=\"https:\/\/mouldking.store\/wp-content\/uploads\/2022\/03\/Mould-King-17033-RC-Red-Mechanical-Excavator-with-1828-pieces-9.jpg 790w, https:\/\/mouldking.store\/wp-content\/uploads\/2022\/03\/Mould-King-17033-RC-Red-Mechanical-Excavator-with-1828-pieces-9-300x297.jpg 300w, https:\/\/mouldking.store\/wp-content\/uploads\/2022\/03\/Mould-King-17033-RC-Red-Mechanical-Excavator-with-1828-pieces-9-768x760.jpg 768w, https:\/\/mouldking.store\/wp-content\/uploads\/2022\/03\/Mould-King-17033-RC-Red-Mechanical-Excavator-with-1828-pieces-9-600x594.jpg 600w, https:\/\/mouldking.store\/wp-content\/uploads\/2022\/03\/Mould-King-17033-RC-Red-Mechanical-Excavator-with-1828-pieces-9-150x148.jpg 150w\" sizes=\"(max-width: 790px) 100vw, 790px\" \/><figcaption id=\"caption-attachment-30529\" class=\"wp-caption-text\">M\u00e1y \u0111\u00e0o c\u01a1 kh\u00ed Mold King 17033 RC Red v\u1edbi 1828 chi ti\u1ebft<\/figcaption><\/figure>\n<figure id=\"attachment_30530\" aria-describedby=\"caption-attachment-30530\" style=\"width: 790px\" class=\"wp-caption aligncenter\"><img loading=\"lazy\" decoding=\"async\" class=\"wp-image-30530 size-full\" src=\"https:\/\/mouldking.store\/wp-content\/uploads\/2022\/03\/Mould-King-17033-RC-Red-Mechanical-Excavator-with-1828-pieces-10.jpg\" alt=\"Mould King 17033 RC Red Mechanical Excavator with 1828 pieces\" width=\"790\" height=\"1013\" title=\"-\" srcset=\"https:\/\/mouldking.store\/wp-content\/uploads\/2022\/03\/Mould-King-17033-RC-Red-Mechanical-Excavator-with-1828-pieces-10.jpg 790w, https:\/\/mouldking.store\/wp-content\/uploads\/2022\/03\/Mould-King-17033-RC-Red-Mechanical-Excavator-with-1828-pieces-10-234x300.jpg 234w, https:\/\/mouldking.store\/wp-content\/uploads\/2022\/03\/Mould-King-17033-RC-Red-Mechanical-Excavator-with-1828-pieces-10-768x985.jpg 768w, https:\/\/mouldking.store\/wp-content\/uploads\/2022\/03\/Mould-King-17033-RC-Red-Mechanical-Excavator-with-1828-pieces-10-300x385.jpg 300w, https:\/\/mouldking.store\/wp-content\/uploads\/2022\/03\/Mould-King-17033-RC-Red-Mechanical-Excavator-with-1828-pieces-10-600x769.jpg 600w, https:\/\/mouldking.store\/wp-content\/uploads\/2022\/03\/Mould-King-17033-RC-Red-Mechanical-Excavator-with-1828-pieces-10-117x150.jpg 117w\" sizes=\"(max-width: 790px) 100vw, 790px\" \/><figcaption id=\"caption-attachment-30530\" class=\"wp-caption-text\">M\u00e1y \u0111\u00e0o c\u01a1 kh\u00ed Mold King 17033 RC Red v\u1edbi 1828 chi ti\u1ebft<\/figcaption><\/figure>","protected":false},"excerpt":{"rendered":"<p>Product information: Brand: Mould King Gender: Unisex Name: RC Red Mechanical Excavator Age Range: &gt; 14 years old Model Number: 17033 Classification: Assemblage Plastic Block Shape: Self-Locking Bricks Material: Plastic Plastic Type: ABS Bricks Blocks: 1828 PCS Contains detailed assembly instructions. Notice: 1. Without an original box, but we guarantee our products have quality assurance [&hellip;]<\/p>","protected":false},"featured_media":30521,"comment_status":"closed","ping_status":"closed","template":"","meta":{"_acf_changed":false},"product_cat":[364],"product_tag":[5116,755,4990,615,5114,5113,5112,5115,5117],"class_list":["product","first","instock","shipping-taxable","purchasable","product-type-simple"],"acf":[],"_links":{"self":[{"href":"https:\/\/mouldking.store\/vi\/wp-json\/wp\/v2\/product\/30516","targetHints":{"allow":["GET"]}}],"collection":[{"href":"https:\/\/mouldking.store\/vi\/wp-json\/wp\/v2\/product"}],"about":[{"href":"https:\/\/mouldking.store\/vi\/wp-json\/wp\/v2\/types\/product"}],"replies":[{"embeddable":true,"href":"https:\/\/mouldking.store\/vi\/wp-json\/wp\/v2\/comments?post=30516"}],"wp:featuredmedia":[{"embeddable":true,"href":"https:\/\/mouldking.store\/vi\/wp-json\/wp\/v2\/media\/30521"}],"wp:attachment":[{"href":"https:\/\/mouldking.store\/vi\/wp-json\/wp\/v2\/media?parent=30516"}],"wp:term":[{"taxonomy":"product_cat","embeddable":true,"href":"https:\/\/mouldking.store\/vi\/wp-json\/wp\/v2\/product_cat?post=30516"},{"taxonomy":"product_tag","embeddable":true,"href":"https:\/\/mouldking.store\/vi\/wp-json\/wp\/v2\/product_tag?post=30516"}],"curies":[{"name":"wp","href":"https:\/\/api.w.org\/{rel}","templated":true}]}}