{"id":30564,"date":"2022-03-02T16:05:51","date_gmt":"2022-03-02T09:05:51","guid":{"rendered":"https:\/\/mouldking.store\/?post_type=product&#038;p=30564"},"modified":"2022-03-02T16:05:51","modified_gmt":"2022-03-02T09:05:51","slug":"mould-king-14014-grenade-toygun-with-1333-pieces","status":"publish","type":"product","link":"https:\/\/mouldking.store\/vi\/shop\/mould-king-14014-grenade-toygun-with-1333-pieces\/","title":{"rendered":"S\u00fang \u0111\u1ed3 ch\u01a1i l\u1ef1u \u0111\u1ea1n Mold King 14014 g\u1ed3m 1333 m\u1ea3nh"},"content":{"rendered":"<p>Th\u00f4ng tin s\u1ea3n ph\u1ea9m:<\/p>\n<ol>\n<li>Th\u01b0\u01a1ng hi\u1ec7u: Khu\u00f4n Vua<\/li>\n<li>Gi\u1edbi t\u00ednh: Unisex<\/li>\n<li>Name: Grenade Toygun<\/li>\n<li>\u0110\u1ed9 tu\u1ed5i: &gt; 14 tu\u1ed5i<\/li>\n<li>Model Number: 14014<\/li>\n<li>Ph\u00e2n lo\u1ea1i: T\u1eadp h\u1ee3p<\/li>\n<li>H\u00ecnh d\u1ea1ng kh\u1ed1i nh\u1ef1a: G\u1ea1ch t\u1ef1 kh\u00f3a<\/li>\n<li>Ch\u1ea5t li\u1ec7u: Nh\u1ef1a<\/li>\n<li>Lo\u1ea1i nh\u1ef1a: ABS<\/li>\n<li>Bricks Blocks: 1333 PCS<\/li>\n<li>Ch\u1ee9a h\u01b0\u1edbng d\u1eabn l\u1eafp r\u00e1p chi ti\u1ebft.<\/li>\n<\/ol>\n<p>\u0110\u1ec3 \u00fd:<br \/>\n1. Kh\u00f4ng c\u00f3 h\u1ed9p ban \u0111\u1ea7u, nh\u01b0ng ch\u00fang t\u00f4i \u0111\u1ea3m b\u1ea3o s\u1ea3n ph\u1ea9m c\u1ee7a ch\u00fang t\u00f4i c\u00f3 ch\u1ea5t l\u01b0\u1ee3ng \u0111\u1ea3m b\u1ea3o v\u00e0 bao b\u00ec \u0111\u1eb9p.<br \/>\n2. V\u00ec t\u1ea5t c\u1ea3 c\u00e1c b\u1ed9 ph\u1eadn ch\u00fang t\u00f4i \u0111\u00e3 ki\u1ec3m tra tr\u01b0\u1edbc khi v\u1eadn chuy\u1ec3n, v\u00ec v\u1eady n\u1ebfu b\u1ea1n th\u1ea5y m\u1ed9t s\u1ed1 b\u1ed9 ph\u1eadn b\u1ecb thi\u1ebfu ho\u1eb7c h\u01b0 h\u1ecfng, \u0111\u1eebng lo l\u1eafng v\u00e0 ch\u1ec9 c\u1ea7n vui l\u00f2ng li\u00ean h\u1ec7 v\u1edbi ch\u00fang t\u00f4i v\u00e0 ch\u00fang t\u00f4i c\u00f3 th\u1ec3 g\u1eedi l\u1ea1i mi\u1ec5n ph\u00ed cho b\u1ea1n ngay l\u1eadp t\u1ee9c.<\/p>\n<figure id=\"attachment_30565\" aria-describedby=\"caption-attachment-30565\" style=\"width: 800px\" class=\"wp-caption aligncenter\"><img fetchpriority=\"high\" decoding=\"async\" class=\"wp-image-30565 size-full\" src=\"https:\/\/mouldking.store\/wp-content\/uploads\/2022\/03\/Mould-King-14014-Grenade-Toygun-1.jpg\" alt=\"Mould King 14014 Grenade Toygun with 1333 pieces\" width=\"800\" height=\"800\" title=\"-\" srcset=\"https:\/\/mouldking.store\/wp-content\/uploads\/2022\/03\/Mould-King-14014-Grenade-Toygun-1.jpg 800w, https:\/\/mouldking.store\/wp-content\/uploads\/2022\/03\/Mould-King-14014-Grenade-Toygun-1-300x300.jpg 300w, https:\/\/mouldking.store\/wp-content\/uploads\/2022\/03\/Mould-King-14014-Grenade-Toygun-1-768x768.jpg 768w, https:\/\/mouldking.store\/wp-content\/uploads\/2022\/03\/Mould-King-14014-Grenade-Toygun-1-600x600.jpg 600w, https:\/\/mouldking.store\/wp-content\/uploads\/2022\/03\/Mould-King-14014-Grenade-Toygun-1-150x150.jpg 150w\" sizes=\"(max-width: 800px) 100vw, 800px\" \/><figcaption id=\"caption-attachment-30565\" class=\"wp-caption-text\">S\u00fang \u0111\u1ed3 ch\u01a1i l\u1ef1u \u0111\u1ea1n Mold King 14014 g\u1ed3m 1333 m\u1ea3nh<\/figcaption><\/figure>\n<figure id=\"attachment_30572\" aria-describedby=\"caption-attachment-30572\" style=\"width: 790px\" class=\"wp-caption aligncenter\"><img decoding=\"async\" class=\"wp-image-30572 size-full\" src=\"https:\/\/mouldking.store\/wp-content\/uploads\/2022\/03\/Mould-King-14014-Grenade-Toygun-8.jpg\" alt=\"Mould King 14014 Grenade Toygun with 1333 pieces\" width=\"790\" height=\"577\" title=\"-\" srcset=\"https:\/\/mouldking.store\/wp-content\/uploads\/2022\/03\/Mould-King-14014-Grenade-Toygun-8.jpg 790w, https:\/\/mouldking.store\/wp-content\/uploads\/2022\/03\/Mould-King-14014-Grenade-Toygun-8-300x219.jpg 300w, https:\/\/mouldking.store\/wp-content\/uploads\/2022\/03\/Mould-King-14014-Grenade-Toygun-8-768x561.jpg 768w, https:\/\/mouldking.store\/wp-content\/uploads\/2022\/03\/Mould-King-14014-Grenade-Toygun-8-600x438.jpg 600w, https:\/\/mouldking.store\/wp-content\/uploads\/2022\/03\/Mould-King-14014-Grenade-Toygun-8-150x110.jpg 150w\" sizes=\"(max-width: 790px) 100vw, 790px\" \/><figcaption id=\"caption-attachment-30572\" class=\"wp-caption-text\">S\u00fang \u0111\u1ed3 ch\u01a1i l\u1ef1u \u0111\u1ea1n Mold King 14014 g\u1ed3m 1333 m\u1ea3nh<\/figcaption><\/figure>\n<figure id=\"attachment_30570\" aria-describedby=\"caption-attachment-30570\" style=\"width: 637px\" class=\"wp-caption aligncenter\"><img decoding=\"async\" class=\"wp-image-30570 size-full\" src=\"https:\/\/mouldking.store\/wp-content\/uploads\/2022\/03\/Mould-King-14014-Grenade-Toygun-6.jpg\" alt=\"Mould King 14014 Grenade Toygun with 1333 pieces\" width=\"637\" height=\"1024\" title=\"-\" srcset=\"https:\/\/mouldking.store\/wp-content\/uploads\/2022\/03\/Mould-King-14014-Grenade-Toygun-6.jpg 637w, https:\/\/mouldking.store\/wp-content\/uploads\/2022\/03\/Mould-King-14014-Grenade-Toygun-6-187x300.jpg 187w, https:\/\/mouldking.store\/wp-content\/uploads\/2022\/03\/Mould-King-14014-Grenade-Toygun-6-300x482.jpg 300w, https:\/\/mouldking.store\/wp-content\/uploads\/2022\/03\/Mould-King-14014-Grenade-Toygun-6-600x965.jpg 600w, https:\/\/mouldking.store\/wp-content\/uploads\/2022\/03\/Mould-King-14014-Grenade-Toygun-6-93x150.jpg 93w\" sizes=\"(max-width: 637px) 100vw, 637px\" \/><figcaption id=\"caption-attachment-30570\" class=\"wp-caption-text\">S\u00fang \u0111\u1ed3 ch\u01a1i l\u1ef1u \u0111\u1ea1n Mold King 14014 g\u1ed3m 1333 m\u1ea3nh<\/figcaption><\/figure>\n<figure id=\"attachment_30569\" aria-describedby=\"caption-attachment-30569\" style=\"width: 675px\" class=\"wp-caption aligncenter\"><img loading=\"lazy\" decoding=\"async\" class=\"wp-image-30569 size-full\" src=\"https:\/\/mouldking.store\/wp-content\/uploads\/2022\/03\/Mould-King-14014-Grenade-Toygun-5.jpg\" alt=\"Mould King 14014 Grenade Toygun with 1333 pieces\" width=\"675\" height=\"1024\" title=\"-\" srcset=\"https:\/\/mouldking.store\/wp-content\/uploads\/2022\/03\/Mould-King-14014-Grenade-Toygun-5.jpg 675w, https:\/\/mouldking.store\/wp-content\/uploads\/2022\/03\/Mould-King-14014-Grenade-Toygun-5-198x300.jpg 198w, https:\/\/mouldking.store\/wp-content\/uploads\/2022\/03\/Mould-King-14014-Grenade-Toygun-5-300x455.jpg 300w, https:\/\/mouldking.store\/wp-content\/uploads\/2022\/03\/Mould-King-14014-Grenade-Toygun-5-600x910.jpg 600w, https:\/\/mouldking.store\/wp-content\/uploads\/2022\/03\/Mould-King-14014-Grenade-Toygun-5-99x150.jpg 99w\" sizes=\"(max-width: 675px) 100vw, 675px\" \/><figcaption id=\"caption-attachment-30569\" class=\"wp-caption-text\">S\u00fang \u0111\u1ed3 ch\u01a1i l\u1ef1u \u0111\u1ea1n Mold King 14014 g\u1ed3m 1333 m\u1ea3nh<\/figcaption><\/figure>\n<figure id=\"attachment_30568\" aria-describedby=\"caption-attachment-30568\" style=\"width: 677px\" class=\"wp-caption aligncenter\"><img loading=\"lazy\" decoding=\"async\" class=\"wp-image-30568 size-full\" src=\"https:\/\/mouldking.store\/wp-content\/uploads\/2022\/03\/Mould-King-14014-Grenade-Toygun-4.jpg\" alt=\"Mould King 14014 Grenade Toygun with 1333 pieces\" width=\"677\" height=\"1024\" title=\"-\" srcset=\"https:\/\/mouldking.store\/wp-content\/uploads\/2022\/03\/Mould-King-14014-Grenade-Toygun-4.jpg 677w, https:\/\/mouldking.store\/wp-content\/uploads\/2022\/03\/Mould-King-14014-Grenade-Toygun-4-198x300.jpg 198w, https:\/\/mouldking.store\/wp-content\/uploads\/2022\/03\/Mould-King-14014-Grenade-Toygun-4-300x454.jpg 300w, https:\/\/mouldking.store\/wp-content\/uploads\/2022\/03\/Mould-King-14014-Grenade-Toygun-4-600x908.jpg 600w, https:\/\/mouldking.store\/wp-content\/uploads\/2022\/03\/Mould-King-14014-Grenade-Toygun-4-99x150.jpg 99w\" sizes=\"(max-width: 677px) 100vw, 677px\" \/><figcaption id=\"caption-attachment-30568\" class=\"wp-caption-text\">S\u00fang \u0111\u1ed3 ch\u01a1i l\u1ef1u \u0111\u1ea1n Mold King 14014 g\u1ed3m 1333 m\u1ea3nh<\/figcaption><\/figure>\n<figure id=\"attachment_30567\" aria-describedby=\"caption-attachment-30567\" style=\"width: 678px\" class=\"wp-caption aligncenter\"><img loading=\"lazy\" decoding=\"async\" class=\"wp-image-30567 size-full\" src=\"https:\/\/mouldking.store\/wp-content\/uploads\/2022\/03\/Mould-King-14014-Grenade-Toygun-3.jpg\" alt=\"Mould King 14014 Grenade Toygun with 1333 pieces\" width=\"678\" height=\"1024\" title=\"-\" srcset=\"https:\/\/mouldking.store\/wp-content\/uploads\/2022\/03\/Mould-King-14014-Grenade-Toygun-3.jpg 678w, https:\/\/mouldking.store\/wp-content\/uploads\/2022\/03\/Mould-King-14014-Grenade-Toygun-3-199x300.jpg 199w, https:\/\/mouldking.store\/wp-content\/uploads\/2022\/03\/Mould-King-14014-Grenade-Toygun-3-300x453.jpg 300w, https:\/\/mouldking.store\/wp-content\/uploads\/2022\/03\/Mould-King-14014-Grenade-Toygun-3-600x906.jpg 600w, https:\/\/mouldking.store\/wp-content\/uploads\/2022\/03\/Mould-King-14014-Grenade-Toygun-3-99x150.jpg 99w\" sizes=\"(max-width: 678px) 100vw, 678px\" \/><figcaption id=\"caption-attachment-30567\" class=\"wp-caption-text\">S\u00fang \u0111\u1ed3 ch\u01a1i l\u1ef1u \u0111\u1ea1n Mold King 14014 g\u1ed3m 1333 m\u1ea3nh<\/figcaption><\/figure>\n<figure id=\"attachment_30571\" aria-describedby=\"caption-attachment-30571\" style=\"width: 790px\" class=\"wp-caption aligncenter\"><img loading=\"lazy\" decoding=\"async\" class=\"wp-image-30571 size-full\" src=\"https:\/\/mouldking.store\/wp-content\/uploads\/2022\/03\/Mould-King-14014-Grenade-Toygun-7.jpg\" alt=\"Mould King 14014 Grenade Toygun with 1333 pieces\" width=\"790\" height=\"847\" title=\"-\" srcset=\"https:\/\/mouldking.store\/wp-content\/uploads\/2022\/03\/Mould-King-14014-Grenade-Toygun-7.jpg 790w, https:\/\/mouldking.store\/wp-content\/uploads\/2022\/03\/Mould-King-14014-Grenade-Toygun-7-280x300.jpg 280w, https:\/\/mouldking.store\/wp-content\/uploads\/2022\/03\/Mould-King-14014-Grenade-Toygun-7-768x823.jpg 768w, https:\/\/mouldking.store\/wp-content\/uploads\/2022\/03\/Mould-King-14014-Grenade-Toygun-7-300x322.jpg 300w, https:\/\/mouldking.store\/wp-content\/uploads\/2022\/03\/Mould-King-14014-Grenade-Toygun-7-600x643.jpg 600w, https:\/\/mouldking.store\/wp-content\/uploads\/2022\/03\/Mould-King-14014-Grenade-Toygun-7-140x150.jpg 140w\" sizes=\"(max-width: 790px) 100vw, 790px\" \/><figcaption id=\"caption-attachment-30571\" class=\"wp-caption-text\">S\u00fang \u0111\u1ed3 ch\u01a1i l\u1ef1u \u0111\u1ea1n Mold King 14014 g\u1ed3m 1333 m\u1ea3nh<\/figcaption><\/figure>\n<figure id=\"attachment_30566\" aria-describedby=\"caption-attachment-30566\" style=\"width: 790px\" class=\"wp-caption aligncenter\"><img loading=\"lazy\" decoding=\"async\" class=\"wp-image-30566 size-full\" src=\"https:\/\/mouldking.store\/wp-content\/uploads\/2022\/03\/Mould-King-14014-Grenade-Toygun-2.jpg\" alt=\"Mould King 14014 Grenade Toygun with 1333 pieces\" width=\"790\" height=\"712\" title=\"-\" srcset=\"https:\/\/mouldking.store\/wp-content\/uploads\/2022\/03\/Mould-King-14014-Grenade-Toygun-2.jpg 790w, https:\/\/mouldking.store\/wp-content\/uploads\/2022\/03\/Mould-King-14014-Grenade-Toygun-2-300x270.jpg 300w, https:\/\/mouldking.store\/wp-content\/uploads\/2022\/03\/Mould-King-14014-Grenade-Toygun-2-768x692.jpg 768w, https:\/\/mouldking.store\/wp-content\/uploads\/2022\/03\/Mould-King-14014-Grenade-Toygun-2-600x541.jpg 600w, https:\/\/mouldking.store\/wp-content\/uploads\/2022\/03\/Mould-King-14014-Grenade-Toygun-2-150x135.jpg 150w\" sizes=\"(max-width: 790px) 100vw, 790px\" \/><figcaption id=\"caption-attachment-30566\" class=\"wp-caption-text\">S\u00fang \u0111\u1ed3 ch\u01a1i l\u1ef1u \u0111\u1ea1n Mold King 14014 g\u1ed3m 1333 m\u1ea3nh<\/figcaption><\/figure>","protected":false},"excerpt":{"rendered":"<p>Product information: Brand: Mould King Gender: Unisex Name: Grenade Toygun Age Range: &gt; 14 years old Model Number: 14014 Classification: Assemblage Plastic Block Shape: Self-Locking Bricks Material: Plastic Plastic Type: ABS Bricks Blocks: 1333 PCS Contains detailed assembly instructions. Notice: 1. Without an original box, but we guarantee our products have quality assurance and nice [&hellip;]<\/p>","protected":false},"featured_media":30565,"comment_status":"closed","ping_status":"closed","template":"","meta":{"_acf_changed":false},"product_cat":[372],"product_tag":[5151,5152,5150,5154,615,5149,5148,5153],"class_list":["product","first","instock","shipping-taxable","purchasable","product-type-simple"],"acf":[],"_links":{"self":[{"href":"https:\/\/mouldking.store\/vi\/wp-json\/wp\/v2\/product\/30564","targetHints":{"allow":["GET"]}}],"collection":[{"href":"https:\/\/mouldking.store\/vi\/wp-json\/wp\/v2\/product"}],"about":[{"href":"https:\/\/mouldking.store\/vi\/wp-json\/wp\/v2\/types\/product"}],"replies":[{"embeddable":true,"href":"https:\/\/mouldking.store\/vi\/wp-json\/wp\/v2\/comments?post=30564"}],"wp:featuredmedia":[{"embeddable":true,"href":"https:\/\/mouldking.store\/vi\/wp-json\/wp\/v2\/media\/30565"}],"wp:attachment":[{"href":"https:\/\/mouldking.store\/vi\/wp-json\/wp\/v2\/media?parent=30564"}],"wp:term":[{"taxonomy":"product_cat","embeddable":true,"href":"https:\/\/mouldking.store\/vi\/wp-json\/wp\/v2\/product_cat?post=30564"},{"taxonomy":"product_tag","embeddable":true,"href":"https:\/\/mouldking.store\/vi\/wp-json\/wp\/v2\/product_tag?post=30564"}],"curies":[{"name":"wp","href":"https:\/\/api.w.org\/{rel}","templated":true}]}}