{"id":30573,"date":"2022-03-02T16:08:44","date_gmt":"2022-03-02T09:08:44","guid":{"rendered":"https:\/\/mouldking.store\/?post_type=product&#038;p=30573"},"modified":"2022-03-02T16:08:44","modified_gmt":"2022-03-02T09:08:44","slug":"decool-33011-track-whirlwind-with-832-pieces","status":"publish","type":"product","link":"https:\/\/mouldking.store\/vi\/shop\/decool-33011-track-whirlwind-with-832-pieces\/","title":{"rendered":"DECOOL 33011 Track Whirlwind with 832 pieces"},"content":{"rendered":"<p>Th\u00f4ng tin s\u1ea3n ph\u1ea9m:<\/p>\n<ol>\n<li>Th\u01b0\u01a1ng hi\u1ec7u: DECOOL<\/li>\n<li>Gi\u1edbi t\u00ednh: Unisex<\/li>\n<li>Name: Track Whirlwind<\/li>\n<li>\u0110\u1ed9 tu\u1ed5i: &gt; 6 tu\u1ed5i<\/li>\n<li>Model Number: 33011<\/li>\n<li>Ph\u00e2n lo\u1ea1i: T\u1eadp h\u1ee3p<\/li>\n<li>H\u00ecnh d\u1ea1ng kh\u1ed1i nh\u1ef1a: G\u1ea1ch t\u1ef1 kh\u00f3a<\/li>\n<li>Ch\u1ea5t li\u1ec7u: Nh\u1ef1a<\/li>\n<li>Lo\u1ea1i nh\u1ef1a: ABS<\/li>\n<li>Bricks Blocks: 832 PCS<\/li>\n<li>Ch\u1ee9a h\u01b0\u1edbng d\u1eabn l\u1eafp r\u00e1p chi ti\u1ebft.<\/li>\n<\/ol>\n<p>\u0110\u1ec3 \u00fd:<br \/>\n1. Kh\u00f4ng c\u00f3 h\u1ed9p ban \u0111\u1ea7u, nh\u01b0ng ch\u00fang t\u00f4i \u0111\u1ea3m b\u1ea3o s\u1ea3n ph\u1ea9m c\u1ee7a ch\u00fang t\u00f4i c\u00f3 ch\u1ea5t l\u01b0\u1ee3ng \u0111\u1ea3m b\u1ea3o v\u00e0 bao b\u00ec \u0111\u1eb9p.<br \/>\n2. V\u00ec t\u1ea5t c\u1ea3 c\u00e1c b\u1ed9 ph\u1eadn ch\u00fang t\u00f4i \u0111\u00e3 ki\u1ec3m tra tr\u01b0\u1edbc khi v\u1eadn chuy\u1ec3n, v\u00ec v\u1eady n\u1ebfu b\u1ea1n th\u1ea5y m\u1ed9t s\u1ed1 b\u1ed9 ph\u1eadn b\u1ecb thi\u1ebfu ho\u1eb7c h\u01b0 h\u1ecfng, \u0111\u1eebng lo l\u1eafng v\u00e0 ch\u1ec9 c\u1ea7n vui l\u00f2ng li\u00ean h\u1ec7 v\u1edbi ch\u00fang t\u00f4i v\u00e0 ch\u00fang t\u00f4i c\u00f3 th\u1ec3 g\u1eedi l\u1ea1i mi\u1ec5n ph\u00ed cho b\u1ea1n ngay l\u1eadp t\u1ee9c.<\/p>\n<figure id=\"attachment_30574\" aria-describedby=\"caption-attachment-30574\" style=\"width: 800px\" class=\"wp-caption aligncenter\"><img fetchpriority=\"high\" decoding=\"async\" class=\"wp-image-30574 size-full\" src=\"https:\/\/mouldking.store\/wp-content\/uploads\/2022\/03\/DECOOL-33011-Track-Whirlwind-1.jpg\" alt=\"DECOOL 33011 Track Whirlwind with 832 pieces\" width=\"800\" height=\"800\" title=\"-\" srcset=\"https:\/\/mouldking.store\/wp-content\/uploads\/2022\/03\/DECOOL-33011-Track-Whirlwind-1.jpg 800w, https:\/\/mouldking.store\/wp-content\/uploads\/2022\/03\/DECOOL-33011-Track-Whirlwind-1-300x300.jpg 300w, https:\/\/mouldking.store\/wp-content\/uploads\/2022\/03\/DECOOL-33011-Track-Whirlwind-1-768x768.jpg 768w, https:\/\/mouldking.store\/wp-content\/uploads\/2022\/03\/DECOOL-33011-Track-Whirlwind-1-600x600.jpg 600w, https:\/\/mouldking.store\/wp-content\/uploads\/2022\/03\/DECOOL-33011-Track-Whirlwind-1-150x150.jpg 150w\" sizes=\"(max-width: 800px) 100vw, 800px\" \/><figcaption id=\"caption-attachment-30574\" class=\"wp-caption-text\">DECOOL 33011 Track Whirlwind with 832 pieces<\/figcaption><\/figure>\n<figure id=\"attachment_30578\" aria-describedby=\"caption-attachment-30578\" style=\"width: 791px\" class=\"wp-caption aligncenter\"><img decoding=\"async\" class=\"wp-image-30578 size-full\" src=\"https:\/\/mouldking.store\/wp-content\/uploads\/2022\/03\/DECOOL-33011-Track-Whirlwind-4.png\" alt=\"DECOOL 33011 Track Whirlwind with 832 pieces\" width=\"791\" height=\"551\" title=\"-\" srcset=\"https:\/\/mouldking.store\/wp-content\/uploads\/2022\/03\/DECOOL-33011-Track-Whirlwind-4.png 791w, https:\/\/mouldking.store\/wp-content\/uploads\/2022\/03\/DECOOL-33011-Track-Whirlwind-4-300x209.png 300w, https:\/\/mouldking.store\/wp-content\/uploads\/2022\/03\/DECOOL-33011-Track-Whirlwind-4-768x535.png 768w, https:\/\/mouldking.store\/wp-content\/uploads\/2022\/03\/DECOOL-33011-Track-Whirlwind-4-600x418.png 600w, https:\/\/mouldking.store\/wp-content\/uploads\/2022\/03\/DECOOL-33011-Track-Whirlwind-4-150x104.png 150w\" sizes=\"(max-width: 791px) 100vw, 791px\" \/><figcaption id=\"caption-attachment-30578\" class=\"wp-caption-text\">DECOOL 33011 Track Whirlwind with 832 pieces<\/figcaption><\/figure>\n<figure id=\"attachment_30575\" aria-describedby=\"caption-attachment-30575\" style=\"width: 914px\" class=\"wp-caption aligncenter\"><img decoding=\"async\" class=\"wp-image-30575 size-full\" src=\"https:\/\/mouldking.store\/wp-content\/uploads\/2022\/03\/DECOOL-33011-Track-Whirlwind-1.png\" alt=\"DECOOL 33011 Track Whirlwind with 832 pieces\" width=\"914\" height=\"787\" title=\"-\" srcset=\"https:\/\/mouldking.store\/wp-content\/uploads\/2022\/03\/DECOOL-33011-Track-Whirlwind-1.png 914w, https:\/\/mouldking.store\/wp-content\/uploads\/2022\/03\/DECOOL-33011-Track-Whirlwind-1-300x258.png 300w, https:\/\/mouldking.store\/wp-content\/uploads\/2022\/03\/DECOOL-33011-Track-Whirlwind-1-768x661.png 768w, https:\/\/mouldking.store\/wp-content\/uploads\/2022\/03\/DECOOL-33011-Track-Whirlwind-1-600x517.png 600w, https:\/\/mouldking.store\/wp-content\/uploads\/2022\/03\/DECOOL-33011-Track-Whirlwind-1-150x129.png 150w\" sizes=\"(max-width: 914px) 100vw, 914px\" \/><figcaption id=\"caption-attachment-30575\" class=\"wp-caption-text\">DECOOL 33011 Track Whirlwind with 832 pieces<\/figcaption><\/figure>\n<figure id=\"attachment_30577\" aria-describedby=\"caption-attachment-30577\" style=\"width: 793px\" class=\"wp-caption aligncenter\"><img loading=\"lazy\" decoding=\"async\" class=\"wp-image-30577 size-full\" src=\"https:\/\/mouldking.store\/wp-content\/uploads\/2022\/03\/DECOOL-33011-Track-Whirlwind-3.png\" alt=\"DECOOL 33011 Track Whirlwind with 832 pieces\" width=\"793\" height=\"547\" title=\"-\" srcset=\"https:\/\/mouldking.store\/wp-content\/uploads\/2022\/03\/DECOOL-33011-Track-Whirlwind-3.png 793w, https:\/\/mouldking.store\/wp-content\/uploads\/2022\/03\/DECOOL-33011-Track-Whirlwind-3-300x207.png 300w, https:\/\/mouldking.store\/wp-content\/uploads\/2022\/03\/DECOOL-33011-Track-Whirlwind-3-768x530.png 768w, https:\/\/mouldking.store\/wp-content\/uploads\/2022\/03\/DECOOL-33011-Track-Whirlwind-3-600x414.png 600w, https:\/\/mouldking.store\/wp-content\/uploads\/2022\/03\/DECOOL-33011-Track-Whirlwind-3-150x103.png 150w\" sizes=\"(max-width: 793px) 100vw, 793px\" \/><figcaption id=\"caption-attachment-30577\" class=\"wp-caption-text\">DECOOL 33011 Track Whirlwind with 832 pieces<\/figcaption><\/figure>\n<figure id=\"attachment_30576\" aria-describedby=\"caption-attachment-30576\" style=\"width: 794px\" class=\"wp-caption aligncenter\"><img loading=\"lazy\" decoding=\"async\" class=\"wp-image-30576 size-full\" src=\"https:\/\/mouldking.store\/wp-content\/uploads\/2022\/03\/DECOOL-33011-Track-Whirlwind-2.png\" alt=\"DECOOL 33011 Track Whirlwind with 832 pieces\" width=\"794\" height=\"470\" title=\"-\" srcset=\"https:\/\/mouldking.store\/wp-content\/uploads\/2022\/03\/DECOOL-33011-Track-Whirlwind-2.png 794w, https:\/\/mouldking.store\/wp-content\/uploads\/2022\/03\/DECOOL-33011-Track-Whirlwind-2-300x178.png 300w, https:\/\/mouldking.store\/wp-content\/uploads\/2022\/03\/DECOOL-33011-Track-Whirlwind-2-768x455.png 768w, https:\/\/mouldking.store\/wp-content\/uploads\/2022\/03\/DECOOL-33011-Track-Whirlwind-2-600x355.png 600w, https:\/\/mouldking.store\/wp-content\/uploads\/2022\/03\/DECOOL-33011-Track-Whirlwind-2-150x89.png 150w\" sizes=\"(max-width: 794px) 100vw, 794px\" \/><figcaption id=\"caption-attachment-30576\" class=\"wp-caption-text\">DECOOL 33011 Track Whirlwind with 832 pieces<\/figcaption><\/figure>","protected":false},"excerpt":{"rendered":"<p>Product information: Brand: DECOOL Gender: Unisex Name: Track Whirlwind Age Range: &gt; 6 years old Model Number: 33011 Classification: Assemblage Plastic Block Shape: Self-Locking Bricks Material: Plastic Plastic Type: ABS Bricks Blocks: 832 PCS Contains detailed assembly instructions. Notice: 1. Without an original box, but we guarantee our products have quality assurance and nice packaging. [&hellip;]<\/p>","protected":false},"featured_media":30574,"comment_status":"closed","ping_status":"closed","template":"","meta":{"_acf_changed":false},"product_cat":[364],"product_tag":[5159,2463,5157,5156,5155,486,5158,5160],"class_list":["product","first","instock","shipping-taxable","purchasable","product-type-simple"],"acf":[],"_links":{"self":[{"href":"https:\/\/mouldking.store\/vi\/wp-json\/wp\/v2\/product\/30573","targetHints":{"allow":["GET"]}}],"collection":[{"href":"https:\/\/mouldking.store\/vi\/wp-json\/wp\/v2\/product"}],"about":[{"href":"https:\/\/mouldking.store\/vi\/wp-json\/wp\/v2\/types\/product"}],"replies":[{"embeddable":true,"href":"https:\/\/mouldking.store\/vi\/wp-json\/wp\/v2\/comments?post=30573"}],"wp:featuredmedia":[{"embeddable":true,"href":"https:\/\/mouldking.store\/vi\/wp-json\/wp\/v2\/media\/30574"}],"wp:attachment":[{"href":"https:\/\/mouldking.store\/vi\/wp-json\/wp\/v2\/media?parent=30573"}],"wp:term":[{"taxonomy":"product_cat","embeddable":true,"href":"https:\/\/mouldking.store\/vi\/wp-json\/wp\/v2\/product_cat?post=30573"},{"taxonomy":"product_tag","embeddable":true,"href":"https:\/\/mouldking.store\/vi\/wp-json\/wp\/v2\/product_tag?post=30573"}],"curies":[{"name":"wp","href":"https:\/\/api.w.org\/{rel}","templated":true}]}}