{"id":30650,"date":"2022-03-08T15:14:33","date_gmt":"2022-03-08T08:14:33","guid":{"rendered":"https:\/\/mouldking.store\/?post_type=product&#038;p=30650"},"modified":"2022-03-08T15:14:34","modified_gmt":"2022-03-08T08:14:34","slug":"urge-50105-medieval-town-stable-with-2645-pieces","status":"publish","type":"product","link":"https:\/\/mouldking.store\/vi\/shop\/urge-50105-medieval-town-stable-with-2645-pieces\/","title":{"rendered":"URGE 50105 Th\u1ecb tr\u1ea5n th\u1eddi trung c\u1ed5 \u1ed4n \u0111\u1ecbnh v\u1edbi 2645 mi\u1ebfng"},"content":{"rendered":"<p>Th\u00f4ng tin s\u1ea3n ph\u1ea9m:<\/p>\n<ol>\n<li>Th\u01b0\u01a1ng hi\u1ec7u: URGE<\/li>\n<li>Gi\u1edbi t\u00ednh: Unisex<\/li>\n<li>T\u00ean: Th\u1ecb tr\u1ea5n th\u1eddi trung c\u1ed5 \u1ed5n \u0111\u1ecbnh<\/li>\n<li>\u0110\u1ed9 tu\u1ed5i: &gt; 6 tu\u1ed5i<\/li>\n<li>S\u1ed1 m\u00f4 h\u00ecnh: 50105<\/li>\n<li>Ph\u00e2n lo\u1ea1i: T\u1eadp h\u1ee3p<\/li>\n<li>H\u00ecnh d\u1ea1ng kh\u1ed1i nh\u1ef1a: G\u1ea1ch t\u1ef1 kh\u00f3a<\/li>\n<li>Ch\u1ea5t li\u1ec7u: Nh\u1ef1a<\/li>\n<li>Lo\u1ea1i nh\u1ef1a: ABS<\/li>\n<li>Kh\u1ed1i g\u1ea1ch: 2645 C\u00c1I<\/li>\n<li>Ch\u1ee9a h\u01b0\u1edbng d\u1eabn l\u1eafp r\u00e1p chi ti\u1ebft.<\/li>\n<\/ol>\n<p>\u0110\u1ec3 \u00fd:<br \/>\n1. Kh\u00f4ng c\u00f3 h\u1ed9p ban \u0111\u1ea7u, nh\u01b0ng ch\u00fang t\u00f4i \u0111\u1ea3m b\u1ea3o s\u1ea3n ph\u1ea9m c\u1ee7a ch\u00fang t\u00f4i c\u00f3 ch\u1ea5t l\u01b0\u1ee3ng \u0111\u1ea3m b\u1ea3o v\u00e0 bao b\u00ec \u0111\u1eb9p.<br \/>\n2. V\u00ec t\u1ea5t c\u1ea3 c\u00e1c b\u1ed9 ph\u1eadn ch\u00fang t\u00f4i \u0111\u00e3 ki\u1ec3m tra tr\u01b0\u1edbc khi v\u1eadn chuy\u1ec3n, v\u00ec v\u1eady n\u1ebfu b\u1ea1n th\u1ea5y m\u1ed9t s\u1ed1 b\u1ed9 ph\u1eadn b\u1ecb thi\u1ebfu ho\u1eb7c h\u01b0 h\u1ecfng, \u0111\u1eebng lo l\u1eafng v\u00e0 ch\u1ec9 c\u1ea7n vui l\u00f2ng li\u00ean h\u1ec7 v\u1edbi ch\u00fang t\u00f4i v\u00e0 ch\u00fang t\u00f4i c\u00f3 th\u1ec3 g\u1eedi l\u1ea1i mi\u1ec5n ph\u00ed cho b\u1ea1n ngay l\u1eadp t\u1ee9c.<\/p>\n<figure id=\"attachment_30651\" aria-describedby=\"caption-attachment-30651\" style=\"width: 800px\" class=\"wp-caption aligncenter\"><img fetchpriority=\"high\" decoding=\"async\" class=\"wp-image-30651 size-full\" src=\"https:\/\/mouldking.store\/wp-content\/uploads\/2022\/03\/URGE-50105-Medieval-Town-Stable-1.png\" alt=\"URGE 50105 Medieval Town Stable with 2645 pieces\" width=\"800\" height=\"800\" title=\"-\" srcset=\"https:\/\/mouldking.store\/wp-content\/uploads\/2022\/03\/URGE-50105-Medieval-Town-Stable-1.png 800w, https:\/\/mouldking.store\/wp-content\/uploads\/2022\/03\/URGE-50105-Medieval-Town-Stable-1-300x300.png 300w, https:\/\/mouldking.store\/wp-content\/uploads\/2022\/03\/URGE-50105-Medieval-Town-Stable-1-768x768.png 768w, https:\/\/mouldking.store\/wp-content\/uploads\/2022\/03\/URGE-50105-Medieval-Town-Stable-1-600x600.png 600w, https:\/\/mouldking.store\/wp-content\/uploads\/2022\/03\/URGE-50105-Medieval-Town-Stable-1-150x150.png 150w\" sizes=\"(max-width: 800px) 100vw, 800px\" \/><figcaption id=\"caption-attachment-30651\" class=\"wp-caption-text\">URGE 50105 Th\u1ecb tr\u1ea5n th\u1eddi trung c\u1ed5 \u1ed4n \u0111\u1ecbnh v\u1edbi 2645 mi\u1ebfng<\/figcaption><\/figure>\n<figure id=\"attachment_30658\" aria-describedby=\"caption-attachment-30658\" style=\"width: 752px\" class=\"wp-caption aligncenter\"><img decoding=\"async\" class=\"wp-image-30658 size-full\" src=\"https:\/\/mouldking.store\/wp-content\/uploads\/2022\/03\/URGE-50105-Medieval-Town-Stable-5.png\" alt=\"URGE 50105 Medieval Town Stable with 2645 pieces\" width=\"752\" height=\"969\" title=\"-\" srcset=\"https:\/\/mouldking.store\/wp-content\/uploads\/2022\/03\/URGE-50105-Medieval-Town-Stable-5.png 752w, https:\/\/mouldking.store\/wp-content\/uploads\/2022\/03\/URGE-50105-Medieval-Town-Stable-5-233x300.png 233w, https:\/\/mouldking.store\/wp-content\/uploads\/2022\/03\/URGE-50105-Medieval-Town-Stable-5-300x387.png 300w, https:\/\/mouldking.store\/wp-content\/uploads\/2022\/03\/URGE-50105-Medieval-Town-Stable-5-600x773.png 600w, https:\/\/mouldking.store\/wp-content\/uploads\/2022\/03\/URGE-50105-Medieval-Town-Stable-5-116x150.png 116w\" sizes=\"(max-width: 752px) 100vw, 752px\" \/><figcaption id=\"caption-attachment-30658\" class=\"wp-caption-text\">URGE 50105 Th\u1ecb tr\u1ea5n th\u1eddi trung c\u1ed5 \u1ed4n \u0111\u1ecbnh v\u1edbi 2645 mi\u1ebfng<\/figcaption><\/figure>\n<figure id=\"attachment_30657\" aria-describedby=\"caption-attachment-30657\" style=\"width: 750px\" class=\"wp-caption aligncenter\"><img decoding=\"async\" class=\"wp-image-30657 size-full\" src=\"https:\/\/mouldking.store\/wp-content\/uploads\/2022\/03\/URGE-50105-Medieval-Town-Stable-4.png\" alt=\"URGE 50105 Medieval Town Stable with 2645 pieces\" width=\"750\" height=\"965\" title=\"-\" srcset=\"https:\/\/mouldking.store\/wp-content\/uploads\/2022\/03\/URGE-50105-Medieval-Town-Stable-4.png 750w, https:\/\/mouldking.store\/wp-content\/uploads\/2022\/03\/URGE-50105-Medieval-Town-Stable-4-233x300.png 233w, https:\/\/mouldking.store\/wp-content\/uploads\/2022\/03\/URGE-50105-Medieval-Town-Stable-4-300x386.png 300w, https:\/\/mouldking.store\/wp-content\/uploads\/2022\/03\/URGE-50105-Medieval-Town-Stable-4-600x772.png 600w, https:\/\/mouldking.store\/wp-content\/uploads\/2022\/03\/URGE-50105-Medieval-Town-Stable-4-117x150.png 117w\" sizes=\"(max-width: 750px) 100vw, 750px\" \/><figcaption id=\"caption-attachment-30657\" class=\"wp-caption-text\">URGE 50105 Th\u1ecb tr\u1ea5n th\u1eddi trung c\u1ed5 \u1ed4n \u0111\u1ecbnh v\u1edbi 2645 mi\u1ebfng<\/figcaption><\/figure>\n<figure id=\"attachment_30656\" aria-describedby=\"caption-attachment-30656\" style=\"width: 824px\" class=\"wp-caption aligncenter\"><img loading=\"lazy\" decoding=\"async\" class=\"wp-image-30656 size-full\" src=\"https:\/\/mouldking.store\/wp-content\/uploads\/2022\/03\/URGE-50105-Medieval-Town-Stable-3.png\" alt=\"URGE 50105 Medieval Town Stable with 2645 pieces\" width=\"824\" height=\"857\" title=\"-\" srcset=\"https:\/\/mouldking.store\/wp-content\/uploads\/2022\/03\/URGE-50105-Medieval-Town-Stable-3.png 824w, https:\/\/mouldking.store\/wp-content\/uploads\/2022\/03\/URGE-50105-Medieval-Town-Stable-3-288x300.png 288w, https:\/\/mouldking.store\/wp-content\/uploads\/2022\/03\/URGE-50105-Medieval-Town-Stable-3-768x799.png 768w, https:\/\/mouldking.store\/wp-content\/uploads\/2022\/03\/URGE-50105-Medieval-Town-Stable-3-300x312.png 300w, https:\/\/mouldking.store\/wp-content\/uploads\/2022\/03\/URGE-50105-Medieval-Town-Stable-3-600x624.png 600w, https:\/\/mouldking.store\/wp-content\/uploads\/2022\/03\/URGE-50105-Medieval-Town-Stable-3-144x150.png 144w\" sizes=\"(max-width: 824px) 100vw, 824px\" \/><figcaption id=\"caption-attachment-30656\" class=\"wp-caption-text\">URGE 50105 Th\u1ecb tr\u1ea5n th\u1eddi trung c\u1ed5 \u1ed4n \u0111\u1ecbnh v\u1edbi 2645 mi\u1ebfng<\/figcaption><\/figure>\n<figure id=\"attachment_30654\" aria-describedby=\"caption-attachment-30654\" style=\"width: 498px\" class=\"wp-caption aligncenter\"><img loading=\"lazy\" decoding=\"async\" class=\"wp-image-30654 size-full\" src=\"https:\/\/mouldking.store\/wp-content\/uploads\/2022\/03\/URGE-50105-Medieval-Town-Stable-2.jpg\" alt=\"URGE 50105 Medieval Town Stable with 2645 pieces\" width=\"498\" height=\"1024\" title=\"-\" srcset=\"https:\/\/mouldking.store\/wp-content\/uploads\/2022\/03\/URGE-50105-Medieval-Town-Stable-2.jpg 498w, https:\/\/mouldking.store\/wp-content\/uploads\/2022\/03\/URGE-50105-Medieval-Town-Stable-2-146x300.jpg 146w, https:\/\/mouldking.store\/wp-content\/uploads\/2022\/03\/URGE-50105-Medieval-Town-Stable-2-300x617.jpg 300w, https:\/\/mouldking.store\/wp-content\/uploads\/2022\/03\/URGE-50105-Medieval-Town-Stable-2-73x150.jpg 73w\" sizes=\"(max-width: 498px) 100vw, 498px\" \/><figcaption id=\"caption-attachment-30654\" class=\"wp-caption-text\">URGE 50105 Th\u1ecb tr\u1ea5n th\u1eddi trung c\u1ed5 \u1ed4n \u0111\u1ecbnh v\u1edbi 2645 mi\u1ebfng<\/figcaption><\/figure>\n<figure id=\"attachment_30655\" aria-describedby=\"caption-attachment-30655\" style=\"width: 609px\" class=\"wp-caption aligncenter\"><img loading=\"lazy\" decoding=\"async\" class=\"wp-image-30655 size-full\" src=\"https:\/\/mouldking.store\/wp-content\/uploads\/2022\/03\/URGE-50105-Medieval-Town-Stable-3.jpg\" alt=\"URGE 50105 Medieval Town Stable with 2645 pieces\" width=\"609\" height=\"1024\" title=\"-\" srcset=\"https:\/\/mouldking.store\/wp-content\/uploads\/2022\/03\/URGE-50105-Medieval-Town-Stable-3.jpg 609w, https:\/\/mouldking.store\/wp-content\/uploads\/2022\/03\/URGE-50105-Medieval-Town-Stable-3-178x300.jpg 178w, https:\/\/mouldking.store\/wp-content\/uploads\/2022\/03\/URGE-50105-Medieval-Town-Stable-3-300x504.jpg 300w, https:\/\/mouldking.store\/wp-content\/uploads\/2022\/03\/URGE-50105-Medieval-Town-Stable-3-600x1009.jpg 600w, https:\/\/mouldking.store\/wp-content\/uploads\/2022\/03\/URGE-50105-Medieval-Town-Stable-3-89x150.jpg 89w\" sizes=\"(max-width: 609px) 100vw, 609px\" \/><figcaption id=\"caption-attachment-30655\" class=\"wp-caption-text\">URGE 50105 Th\u1ecb tr\u1ea5n th\u1eddi trung c\u1ed5 \u1ed4n \u0111\u1ecbnh v\u1edbi 2645 mi\u1ebfng<\/figcaption><\/figure>\n<figure id=\"attachment_30652\" aria-describedby=\"caption-attachment-30652\" style=\"width: 750px\" class=\"wp-caption aligncenter\"><img loading=\"lazy\" decoding=\"async\" class=\"wp-image-30652 size-full\" src=\"https:\/\/mouldking.store\/wp-content\/uploads\/2022\/03\/URGE-50105-Medieval-Town-Stable-1.jpg\" alt=\"URGE 50105 Medieval Town Stable with 2645 pieces\" width=\"750\" height=\"893\" title=\"-\" srcset=\"https:\/\/mouldking.store\/wp-content\/uploads\/2022\/03\/URGE-50105-Medieval-Town-Stable-1.jpg 750w, https:\/\/mouldking.store\/wp-content\/uploads\/2022\/03\/URGE-50105-Medieval-Town-Stable-1-252x300.jpg 252w, https:\/\/mouldking.store\/wp-content\/uploads\/2022\/03\/URGE-50105-Medieval-Town-Stable-1-300x357.jpg 300w, https:\/\/mouldking.store\/wp-content\/uploads\/2022\/03\/URGE-50105-Medieval-Town-Stable-1-600x714.jpg 600w, https:\/\/mouldking.store\/wp-content\/uploads\/2022\/03\/URGE-50105-Medieval-Town-Stable-1-126x150.jpg 126w\" sizes=\"(max-width: 750px) 100vw, 750px\" \/><figcaption id=\"caption-attachment-30652\" class=\"wp-caption-text\">URGE 50105 Th\u1ecb tr\u1ea5n th\u1eddi trung c\u1ed5 \u1ed4n \u0111\u1ecbnh v\u1edbi 2645 mi\u1ebfng<\/figcaption><\/figure>\n<figure id=\"attachment_30653\" aria-describedby=\"caption-attachment-30653\" style=\"width: 377px\" class=\"wp-caption aligncenter\"><img loading=\"lazy\" decoding=\"async\" class=\"wp-image-30653 size-full\" src=\"https:\/\/mouldking.store\/wp-content\/uploads\/2022\/03\/URGE-50105-Medieval-Town-Stable-2.png\" alt=\"URGE 50105 Medieval Town Stable with 2645 pieces\" width=\"377\" height=\"627\" title=\"-\" srcset=\"https:\/\/mouldking.store\/wp-content\/uploads\/2022\/03\/URGE-50105-Medieval-Town-Stable-2.png 377w, https:\/\/mouldking.store\/wp-content\/uploads\/2022\/03\/URGE-50105-Medieval-Town-Stable-2-180x300.png 180w, https:\/\/mouldking.store\/wp-content\/uploads\/2022\/03\/URGE-50105-Medieval-Town-Stable-2-300x499.png 300w, https:\/\/mouldking.store\/wp-content\/uploads\/2022\/03\/URGE-50105-Medieval-Town-Stable-2-90x150.png 90w\" sizes=\"(max-width: 377px) 100vw, 377px\" \/><figcaption id=\"caption-attachment-30653\" class=\"wp-caption-text\">URGE 50105 Th\u1ecb tr\u1ea5n th\u1eddi trung c\u1ed5 \u1ed4n \u0111\u1ecbnh v\u1edbi 2645 mi\u1ebfng<\/figcaption><\/figure>","protected":false},"excerpt":{"rendered":"<p>Product information: Brand: URGE Gender: Unisex Name: Medieval Town Stable Age Range: &gt; 6 years old Model Number: 50105 Classification: Assemblage Plastic Block Shape: Self-Locking Bricks Material: Plastic Plastic Type: ABS Bricks Blocks: 2645 PCS Contains detailed assembly instructions. Notice: 1. Without an original box, but we guarantee our products have quality assurance and nice [&hellip;]<\/p>","protected":false},"featured_media":30651,"comment_status":"closed","ping_status":"closed","template":"","meta":{"_acf_changed":false},"product_cat":[390],"product_tag":[5191,4996,5190,2682,5192,1912,5189,5188,5187],"class_list":["product","first","instock","shipping-taxable","purchasable","product-type-simple"],"acf":[],"_links":{"self":[{"href":"https:\/\/mouldking.store\/vi\/wp-json\/wp\/v2\/product\/30650","targetHints":{"allow":["GET"]}}],"collection":[{"href":"https:\/\/mouldking.store\/vi\/wp-json\/wp\/v2\/product"}],"about":[{"href":"https:\/\/mouldking.store\/vi\/wp-json\/wp\/v2\/types\/product"}],"replies":[{"embeddable":true,"href":"https:\/\/mouldking.store\/vi\/wp-json\/wp\/v2\/comments?post=30650"}],"wp:featuredmedia":[{"embeddable":true,"href":"https:\/\/mouldking.store\/vi\/wp-json\/wp\/v2\/media\/30651"}],"wp:attachment":[{"href":"https:\/\/mouldking.store\/vi\/wp-json\/wp\/v2\/media?parent=30650"}],"wp:term":[{"taxonomy":"product_cat","embeddable":true,"href":"https:\/\/mouldking.store\/vi\/wp-json\/wp\/v2\/product_cat?post=30650"},{"taxonomy":"product_tag","embeddable":true,"href":"https:\/\/mouldking.store\/vi\/wp-json\/wp\/v2\/product_tag?post=30650"}],"curies":[{"name":"wp","href":"https:\/\/api.w.org\/{rel}","templated":true}]}}