{"id":30674,"date":"2022-03-08T15:27:34","date_gmt":"2022-03-08T08:27:34","guid":{"rendered":"https:\/\/mouldking.store\/?post_type=product&#038;p=30674"},"modified":"2023-05-17T14:41:57","modified_gmt":"2023-05-17T07:41:57","slug":"18k-k138-howls-moving-castle-with-1000-pieces","status":"publish","type":"product","link":"https:\/\/mouldking.store\/vi\/shop\/18k-k138-howls-moving-castle-with-1000-pieces\/","title":{"rendered":"18K K138 Howl&#039;s Moving Castle 1000 mi\u1ebfng"},"content":{"rendered":"<p>Th\u00f4ng tin s\u1ea3n ph\u1ea9m:<\/p>\n<ol>\n<li>Th\u01b0\u01a1ng hi\u1ec7u: 18K<\/li>\n<li>Gi\u1edbi t\u00ednh: Unisex<\/li>\n<li>Name: Howl&#8217;s Moving Castle<\/li>\n<li>Age Range: &gt; 7 years old<\/li>\n<li>Model Number: K138<\/li>\n<li>Ph\u00e2n lo\u1ea1i: T\u1eadp h\u1ee3p<\/li>\n<li>H\u00ecnh d\u1ea1ng kh\u1ed1i nh\u1ef1a: G\u1ea1ch t\u1ef1 kh\u00f3a<\/li>\n<li>Ch\u1ea5t li\u1ec7u: Nh\u1ef1a<\/li>\n<li>Lo\u1ea1i nh\u1ef1a: ABS<\/li>\n<li>Kh\u1ed1i g\u1ea1ch: 1000 chi\u1ebfc<\/li>\n<li>Ch\u1ee9a h\u01b0\u1edbng d\u1eabn l\u1eafp r\u00e1p chi ti\u1ebft.<\/li>\n<\/ol>\n<p>\u0110\u1ec3 \u00fd:<br \/>\n1. Kh\u00f4ng c\u00f3 h\u1ed9p ban \u0111\u1ea7u, nh\u01b0ng ch\u00fang t\u00f4i \u0111\u1ea3m b\u1ea3o s\u1ea3n ph\u1ea9m c\u1ee7a ch\u00fang t\u00f4i c\u00f3 ch\u1ea5t l\u01b0\u1ee3ng \u0111\u1ea3m b\u1ea3o v\u00e0 bao b\u00ec \u0111\u1eb9p.<br \/>\n2. V\u00ec t\u1ea5t c\u1ea3 c\u00e1c b\u1ed9 ph\u1eadn ch\u00fang t\u00f4i \u0111\u00e3 ki\u1ec3m tra tr\u01b0\u1edbc khi v\u1eadn chuy\u1ec3n, v\u00ec v\u1eady n\u1ebfu b\u1ea1n th\u1ea5y m\u1ed9t s\u1ed1 b\u1ed9 ph\u1eadn b\u1ecb thi\u1ebfu ho\u1eb7c h\u01b0 h\u1ecfng, \u0111\u1eebng lo l\u1eafng v\u00e0 ch\u1ec9 c\u1ea7n vui l\u00f2ng li\u00ean h\u1ec7 v\u1edbi ch\u00fang t\u00f4i v\u00e0 ch\u00fang t\u00f4i c\u00f3 th\u1ec3 g\u1eedi l\u1ea1i mi\u1ec5n ph\u00ed cho b\u1ea1n ngay l\u1eadp t\u1ee9c.<\/p>\n<figure id=\"attachment_30681\" aria-describedby=\"caption-attachment-30681\" style=\"width: 684px\" class=\"wp-caption aligncenter\"><img fetchpriority=\"high\" decoding=\"async\" class=\"wp-image-30681 size-full\" src=\"https:\/\/mouldking.store\/wp-content\/uploads\/2022\/03\/18K-K138-Howls-Moving-Castle-7.jpg\" alt=\"18K K138 Howl&#039;s Moving Castle with 1000 pieces\" width=\"684\" height=\"1024\" title=\"-\" srcset=\"https:\/\/mouldking.store\/wp-content\/uploads\/2022\/03\/18K-K138-Howls-Moving-Castle-7.jpg 684w, https:\/\/mouldking.store\/wp-content\/uploads\/2022\/03\/18K-K138-Howls-Moving-Castle-7-200x300.jpg 200w, https:\/\/mouldking.store\/wp-content\/uploads\/2022\/03\/18K-K138-Howls-Moving-Castle-7-300x449.jpg 300w, https:\/\/mouldking.store\/wp-content\/uploads\/2022\/03\/18K-K138-Howls-Moving-Castle-7-600x898.jpg 600w, https:\/\/mouldking.store\/wp-content\/uploads\/2022\/03\/18K-K138-Howls-Moving-Castle-7-100x150.jpg 100w\" sizes=\"(max-width: 684px) 100vw, 684px\" \/><figcaption id=\"caption-attachment-30681\" class=\"wp-caption-text\">18K K138 Howl&#039;s Moving Castle 1000 mi\u1ebfng<\/figcaption><\/figure>\n<figure id=\"attachment_30680\" aria-describedby=\"caption-attachment-30680\" style=\"width: 750px\" class=\"wp-caption aligncenter\"><img decoding=\"async\" class=\"wp-image-30680 size-full\" src=\"https:\/\/mouldking.store\/wp-content\/uploads\/2022\/03\/18K-K138-Howls-Moving-Castle-6.jpg\" alt=\"18K K138 Howl&#039;s Moving Castle with 1000 pieces\" width=\"750\" height=\"710\" title=\"-\" srcset=\"https:\/\/mouldking.store\/wp-content\/uploads\/2022\/03\/18K-K138-Howls-Moving-Castle-6.jpg 750w, https:\/\/mouldking.store\/wp-content\/uploads\/2022\/03\/18K-K138-Howls-Moving-Castle-6-300x284.jpg 300w, https:\/\/mouldking.store\/wp-content\/uploads\/2022\/03\/18K-K138-Howls-Moving-Castle-6-600x568.jpg 600w, https:\/\/mouldking.store\/wp-content\/uploads\/2022\/03\/18K-K138-Howls-Moving-Castle-6-150x142.jpg 150w\" sizes=\"(max-width: 750px) 100vw, 750px\" \/><figcaption id=\"caption-attachment-30680\" class=\"wp-caption-text\">18K K138 Howl&#039;s Moving Castle 1000 mi\u1ebfng<\/figcaption><\/figure>\n<figure id=\"attachment_30679\" aria-describedby=\"caption-attachment-30679\" style=\"width: 750px\" class=\"wp-caption aligncenter\"><img decoding=\"async\" class=\"wp-image-30679 size-full\" src=\"https:\/\/mouldking.store\/wp-content\/uploads\/2022\/03\/18K-K138-Howls-Moving-Castle-5.jpg\" alt=\"18K K138 Howl&#039;s Moving Castle with 1000 pieces\" width=\"750\" height=\"656\" title=\"-\" srcset=\"https:\/\/mouldking.store\/wp-content\/uploads\/2022\/03\/18K-K138-Howls-Moving-Castle-5.jpg 750w, https:\/\/mouldking.store\/wp-content\/uploads\/2022\/03\/18K-K138-Howls-Moving-Castle-5-300x262.jpg 300w, https:\/\/mouldking.store\/wp-content\/uploads\/2022\/03\/18K-K138-Howls-Moving-Castle-5-600x525.jpg 600w, https:\/\/mouldking.store\/wp-content\/uploads\/2022\/03\/18K-K138-Howls-Moving-Castle-5-150x131.jpg 150w\" sizes=\"(max-width: 750px) 100vw, 750px\" \/><figcaption id=\"caption-attachment-30679\" class=\"wp-caption-text\">18K K138 Howl&#039;s Moving Castle 1000 mi\u1ebfng<\/figcaption><\/figure>\n<figure id=\"attachment_30678\" aria-describedby=\"caption-attachment-30678\" style=\"width: 710px\" class=\"wp-caption aligncenter\"><img loading=\"lazy\" decoding=\"async\" class=\"wp-image-30678 size-full\" src=\"https:\/\/mouldking.store\/wp-content\/uploads\/2022\/03\/18K-K138-Howls-Moving-Castle-4.jpg\" alt=\"18K K138 Howl&#039;s Moving Castle with 1000 pieces\" width=\"710\" height=\"1024\" title=\"-\" srcset=\"https:\/\/mouldking.store\/wp-content\/uploads\/2022\/03\/18K-K138-Howls-Moving-Castle-4.jpg 710w, https:\/\/mouldking.store\/wp-content\/uploads\/2022\/03\/18K-K138-Howls-Moving-Castle-4-208x300.jpg 208w, https:\/\/mouldking.store\/wp-content\/uploads\/2022\/03\/18K-K138-Howls-Moving-Castle-4-300x433.jpg 300w, https:\/\/mouldking.store\/wp-content\/uploads\/2022\/03\/18K-K138-Howls-Moving-Castle-4-600x865.jpg 600w, https:\/\/mouldking.store\/wp-content\/uploads\/2022\/03\/18K-K138-Howls-Moving-Castle-4-104x150.jpg 104w\" sizes=\"(max-width: 710px) 100vw, 710px\" \/><figcaption id=\"caption-attachment-30678\" class=\"wp-caption-text\">18K K138 Howl&#039;s Moving Castle 1000 mi\u1ebfng<\/figcaption><\/figure>\n<figure id=\"attachment_30677\" aria-describedby=\"caption-attachment-30677\" style=\"width: 750px\" class=\"wp-caption aligncenter\"><img loading=\"lazy\" decoding=\"async\" class=\"wp-image-30677 size-full\" src=\"https:\/\/mouldking.store\/wp-content\/uploads\/2022\/03\/18K-K138-Howls-Moving-Castle-3.jpg\" alt=\"18K K138 Howl&#039;s Moving Castle with 1000 pieces\" width=\"750\" height=\"872\" title=\"-\" srcset=\"https:\/\/mouldking.store\/wp-content\/uploads\/2022\/03\/18K-K138-Howls-Moving-Castle-3.jpg 750w, https:\/\/mouldking.store\/wp-content\/uploads\/2022\/03\/18K-K138-Howls-Moving-Castle-3-258x300.jpg 258w, https:\/\/mouldking.store\/wp-content\/uploads\/2022\/03\/18K-K138-Howls-Moving-Castle-3-300x349.jpg 300w, https:\/\/mouldking.store\/wp-content\/uploads\/2022\/03\/18K-K138-Howls-Moving-Castle-3-600x698.jpg 600w, https:\/\/mouldking.store\/wp-content\/uploads\/2022\/03\/18K-K138-Howls-Moving-Castle-3-129x150.jpg 129w\" sizes=\"(max-width: 750px) 100vw, 750px\" \/><figcaption id=\"caption-attachment-30677\" class=\"wp-caption-text\">18K K138 Howl&#039;s Moving Castle 1000 mi\u1ebfng<\/figcaption><\/figure>\n<figure id=\"attachment_30676\" aria-describedby=\"caption-attachment-30676\" style=\"width: 750px\" class=\"wp-caption aligncenter\"><img loading=\"lazy\" decoding=\"async\" class=\"wp-image-30676 size-full\" src=\"https:\/\/mouldking.store\/wp-content\/uploads\/2022\/03\/18K-K138-Howls-Moving-Castle-2.jpg\" alt=\"18K K138 Howl&#039;s Moving Castle with 1000 pieces\" width=\"750\" height=\"473\" title=\"-\" srcset=\"https:\/\/mouldking.store\/wp-content\/uploads\/2022\/03\/18K-K138-Howls-Moving-Castle-2.jpg 750w, https:\/\/mouldking.store\/wp-content\/uploads\/2022\/03\/18K-K138-Howls-Moving-Castle-2-300x189.jpg 300w, https:\/\/mouldking.store\/wp-content\/uploads\/2022\/03\/18K-K138-Howls-Moving-Castle-2-600x378.jpg 600w, https:\/\/mouldking.store\/wp-content\/uploads\/2022\/03\/18K-K138-Howls-Moving-Castle-2-150x95.jpg 150w\" sizes=\"(max-width: 750px) 100vw, 750px\" \/><figcaption id=\"caption-attachment-30676\" class=\"wp-caption-text\">18K K138 Howl&#039;s Moving Castle 1000 mi\u1ebfng<\/figcaption><\/figure>","protected":false},"excerpt":{"rendered":"<p>Product information: Brand: 18K Gender: Unisex Name: Howl&#8217;s Moving Castle Age Range: &gt; 7 years old Model Number: K138 Classification: Assemblage Plastic Block Shape: Self-Locking Bricks Material: Plastic Plastic Type: ABS Bricks Blocks: 1000 PCS Contains detailed assembly instructions. Notice: 1. Without an original box, but we guarantee our products have quality assurance and nice [&hellip;]<\/p>","protected":false},"featured_media":30675,"comment_status":"closed","ping_status":"closed","template":"","meta":{"_acf_changed":false},"product_cat":[581],"product_tag":[1770,5208,5207,5206,787,5211,5209,5210,5212],"class_list":["product","first","instock","shipping-taxable","purchasable","product-type-simple"],"acf":[],"_links":{"self":[{"href":"https:\/\/mouldking.store\/vi\/wp-json\/wp\/v2\/product\/30674","targetHints":{"allow":["GET"]}}],"collection":[{"href":"https:\/\/mouldking.store\/vi\/wp-json\/wp\/v2\/product"}],"about":[{"href":"https:\/\/mouldking.store\/vi\/wp-json\/wp\/v2\/types\/product"}],"replies":[{"embeddable":true,"href":"https:\/\/mouldking.store\/vi\/wp-json\/wp\/v2\/comments?post=30674"}],"wp:featuredmedia":[{"embeddable":true,"href":"https:\/\/mouldking.store\/vi\/wp-json\/wp\/v2\/media\/30675"}],"wp:attachment":[{"href":"https:\/\/mouldking.store\/vi\/wp-json\/wp\/v2\/media?parent=30674"}],"wp:term":[{"taxonomy":"product_cat","embeddable":true,"href":"https:\/\/mouldking.store\/vi\/wp-json\/wp\/v2\/product_cat?post=30674"},{"taxonomy":"product_tag","embeddable":true,"href":"https:\/\/mouldking.store\/vi\/wp-json\/wp\/v2\/product_tag?post=30674"}],"curies":[{"name":"wp","href":"https:\/\/api.w.org\/{rel}","templated":true}]}}