{"id":30709,"date":"2022-03-08T15:45:24","date_gmt":"2022-03-08T08:45:24","guid":{"rendered":"https:\/\/mouldking.store\/?post_type=product&#038;p=30709"},"modified":"2022-11-01T09:45:01","modified_gmt":"2022-11-01T02:45:01","slug":"dk-1501-v2-bleach-zangetsu-with-936-pieces","status":"publish","type":"product","link":"https:\/\/mouldking.store\/vi\/shop\/dk-1501-v2-bleach-zangetsu-with-936-pieces\/","title":{"rendered":"DK 1501 V2 Bleach Zangetsu v\u1edbi 936 mi\u1ebfng"},"content":{"rendered":"<p>Th\u00f4ng tin s\u1ea3n ph\u1ea9m:<\/p>\n<ol>\n<li>Th\u01b0\u01a1ng hi\u1ec7u: \u0110K<\/li>\n<li>Gi\u1edbi t\u00ednh: Unisex<\/li>\n<li>Name: V2 Bleach Zangetsu<\/li>\n<li>\u0110\u1ed9 tu\u1ed5i: &gt; 8 tu\u1ed5i<\/li>\n<li>Model Number: 1501<\/li>\n<li>Ph\u00e2n lo\u1ea1i: T\u1eadp h\u1ee3p<\/li>\n<li>H\u00ecnh d\u1ea1ng kh\u1ed1i nh\u1ef1a: G\u1ea1ch t\u1ef1 kh\u00f3a<\/li>\n<li>Ch\u1ea5t li\u1ec7u: Nh\u1ef1a<\/li>\n<li>Lo\u1ea1i nh\u1ef1a: ABS<\/li>\n<li>Bricks Blocks: 936 PCS<\/li>\n<li>Ch\u1ee9a h\u01b0\u1edbng d\u1eabn l\u1eafp r\u00e1p chi ti\u1ebft.<\/li>\n<\/ol>\n<p>\u0110\u1ec3 \u00fd:<br \/>\n1. Kh\u00f4ng c\u00f3 h\u1ed9p ban \u0111\u1ea7u, nh\u01b0ng ch\u00fang t\u00f4i \u0111\u1ea3m b\u1ea3o s\u1ea3n ph\u1ea9m c\u1ee7a ch\u00fang t\u00f4i c\u00f3 ch\u1ea5t l\u01b0\u1ee3ng \u0111\u1ea3m b\u1ea3o v\u00e0 bao b\u00ec \u0111\u1eb9p.<br \/>\n2. V\u00ec t\u1ea5t c\u1ea3 c\u00e1c b\u1ed9 ph\u1eadn ch\u00fang t\u00f4i \u0111\u00e3 ki\u1ec3m tra tr\u01b0\u1edbc khi v\u1eadn chuy\u1ec3n, v\u00ec v\u1eady n\u1ebfu b\u1ea1n th\u1ea5y m\u1ed9t s\u1ed1 b\u1ed9 ph\u1eadn b\u1ecb thi\u1ebfu ho\u1eb7c h\u01b0 h\u1ecfng, \u0111\u1eebng lo l\u1eafng v\u00e0 ch\u1ec9 c\u1ea7n vui l\u00f2ng li\u00ean h\u1ec7 v\u1edbi ch\u00fang t\u00f4i v\u00e0 ch\u00fang t\u00f4i c\u00f3 th\u1ec3 g\u1eedi l\u1ea1i mi\u1ec5n ph\u00ed cho b\u1ea1n ngay l\u1eadp t\u1ee9c.<\/p>\n<figure id=\"attachment_30714\" aria-describedby=\"caption-attachment-30714\" style=\"width: 800px\" class=\"wp-caption aligncenter\"><img fetchpriority=\"high\" decoding=\"async\" class=\"wp-image-30714 size-full\" src=\"https:\/\/mouldking.store\/wp-content\/uploads\/2022\/03\/DK-1501-Bleach-Zangetsu-5.jpg\" alt=\"DK 1501 V2 Bleach Zangetsu with 936 pieces\" width=\"800\" height=\"865\" title=\"-\" srcset=\"https:\/\/mouldking.store\/wp-content\/uploads\/2022\/03\/DK-1501-Bleach-Zangetsu-5.jpg 800w, https:\/\/mouldking.store\/wp-content\/uploads\/2022\/03\/DK-1501-Bleach-Zangetsu-5-277x300.jpg 277w, https:\/\/mouldking.store\/wp-content\/uploads\/2022\/03\/DK-1501-Bleach-Zangetsu-5-768x830.jpg 768w, https:\/\/mouldking.store\/wp-content\/uploads\/2022\/03\/DK-1501-Bleach-Zangetsu-5-300x324.jpg 300w, https:\/\/mouldking.store\/wp-content\/uploads\/2022\/03\/DK-1501-Bleach-Zangetsu-5-600x649.jpg 600w, https:\/\/mouldking.store\/wp-content\/uploads\/2022\/03\/DK-1501-Bleach-Zangetsu-5-139x150.jpg 139w\" sizes=\"(max-width: 800px) 100vw, 800px\" \/><figcaption id=\"caption-attachment-30714\" class=\"wp-caption-text\">DK 1501 V2 Bleach Zangetsu v\u1edbi 936 mi\u1ebfng<\/figcaption><\/figure>\n<figure id=\"attachment_30710\" aria-describedby=\"caption-attachment-30710\" style=\"width: 800px\" class=\"wp-caption aligncenter\"><img decoding=\"async\" class=\"wp-image-30710 size-full\" src=\"https:\/\/mouldking.store\/wp-content\/uploads\/2022\/03\/DK-1501-Bleach-Zangetsu-1.jpg\" alt=\"DK 1501 V2 Bleach Zangetsu with 936 pieces\" width=\"800\" height=\"800\" title=\"-\" srcset=\"https:\/\/mouldking.store\/wp-content\/uploads\/2022\/03\/DK-1501-Bleach-Zangetsu-1.jpg 800w, https:\/\/mouldking.store\/wp-content\/uploads\/2022\/03\/DK-1501-Bleach-Zangetsu-1-300x300.jpg 300w, https:\/\/mouldking.store\/wp-content\/uploads\/2022\/03\/DK-1501-Bleach-Zangetsu-1-768x768.jpg 768w, https:\/\/mouldking.store\/wp-content\/uploads\/2022\/03\/DK-1501-Bleach-Zangetsu-1-600x600.jpg 600w, https:\/\/mouldking.store\/wp-content\/uploads\/2022\/03\/DK-1501-Bleach-Zangetsu-1-150x150.jpg 150w\" sizes=\"(max-width: 800px) 100vw, 800px\" \/><figcaption id=\"caption-attachment-30710\" class=\"wp-caption-text\">DK 1501 V2 Bleach Zangetsu v\u1edbi 936 mi\u1ebfng<\/figcaption><\/figure>\n<figure id=\"attachment_30712\" aria-describedby=\"caption-attachment-30712\" style=\"width: 801px\" class=\"wp-caption aligncenter\"><img decoding=\"async\" class=\"wp-image-30712 size-full\" src=\"https:\/\/mouldking.store\/wp-content\/uploads\/2022\/03\/DK-1501-Bleach-Zangetsu-3.jpg\" alt=\"DK 1501 V2 Bleach Zangetsu with 936 pieces\" width=\"801\" height=\"1016\" title=\"-\" srcset=\"https:\/\/mouldking.store\/wp-content\/uploads\/2022\/03\/DK-1501-Bleach-Zangetsu-3.jpg 801w, https:\/\/mouldking.store\/wp-content\/uploads\/2022\/03\/DK-1501-Bleach-Zangetsu-3-237x300.jpg 237w, https:\/\/mouldking.store\/wp-content\/uploads\/2022\/03\/DK-1501-Bleach-Zangetsu-3-768x974.jpg 768w, https:\/\/mouldking.store\/wp-content\/uploads\/2022\/03\/DK-1501-Bleach-Zangetsu-3-300x381.jpg 300w, https:\/\/mouldking.store\/wp-content\/uploads\/2022\/03\/DK-1501-Bleach-Zangetsu-3-600x761.jpg 600w, https:\/\/mouldking.store\/wp-content\/uploads\/2022\/03\/DK-1501-Bleach-Zangetsu-3-118x150.jpg 118w\" sizes=\"(max-width: 801px) 100vw, 801px\" \/><figcaption id=\"caption-attachment-30712\" class=\"wp-caption-text\">DK 1501 V2 Bleach Zangetsu v\u1edbi 936 mi\u1ebfng<\/figcaption><\/figure>\n<figure id=\"attachment_30713\" aria-describedby=\"caption-attachment-30713\" style=\"width: 801px\" class=\"wp-caption aligncenter\"><img loading=\"lazy\" decoding=\"async\" class=\"wp-image-30713 size-full\" src=\"https:\/\/mouldking.store\/wp-content\/uploads\/2022\/03\/DK-1501-Bleach-Zangetsu-4.jpg\" alt=\"DK 1501 V2 Bleach Zangetsu with 936 pieces\" width=\"801\" height=\"1014\" title=\"-\" srcset=\"https:\/\/mouldking.store\/wp-content\/uploads\/2022\/03\/DK-1501-Bleach-Zangetsu-4.jpg 801w, https:\/\/mouldking.store\/wp-content\/uploads\/2022\/03\/DK-1501-Bleach-Zangetsu-4-237x300.jpg 237w, https:\/\/mouldking.store\/wp-content\/uploads\/2022\/03\/DK-1501-Bleach-Zangetsu-4-768x972.jpg 768w, https:\/\/mouldking.store\/wp-content\/uploads\/2022\/03\/DK-1501-Bleach-Zangetsu-4-300x380.jpg 300w, https:\/\/mouldking.store\/wp-content\/uploads\/2022\/03\/DK-1501-Bleach-Zangetsu-4-600x760.jpg 600w, https:\/\/mouldking.store\/wp-content\/uploads\/2022\/03\/DK-1501-Bleach-Zangetsu-4-118x150.jpg 118w\" sizes=\"(max-width: 801px) 100vw, 801px\" \/><figcaption id=\"caption-attachment-30713\" class=\"wp-caption-text\">DK 1501 V2 Bleach Zangetsu v\u1edbi 936 mi\u1ebfng<\/figcaption><\/figure>\n<figure id=\"attachment_30711\" aria-describedby=\"caption-attachment-30711\" style=\"width: 801px\" class=\"wp-caption aligncenter\"><img loading=\"lazy\" decoding=\"async\" class=\"wp-image-30711 size-full\" src=\"https:\/\/mouldking.store\/wp-content\/uploads\/2022\/03\/DK-1501-Bleach-Zangetsu-2.jpg\" alt=\"DK 1501 V2 Bleach Zangetsu with 936 pieces\" width=\"801\" height=\"920\" title=\"-\" srcset=\"https:\/\/mouldking.store\/wp-content\/uploads\/2022\/03\/DK-1501-Bleach-Zangetsu-2.jpg 801w, https:\/\/mouldking.store\/wp-content\/uploads\/2022\/03\/DK-1501-Bleach-Zangetsu-2-261x300.jpg 261w, https:\/\/mouldking.store\/wp-content\/uploads\/2022\/03\/DK-1501-Bleach-Zangetsu-2-768x882.jpg 768w, https:\/\/mouldking.store\/wp-content\/uploads\/2022\/03\/DK-1501-Bleach-Zangetsu-2-300x345.jpg 300w, https:\/\/mouldking.store\/wp-content\/uploads\/2022\/03\/DK-1501-Bleach-Zangetsu-2-600x689.jpg 600w, https:\/\/mouldking.store\/wp-content\/uploads\/2022\/03\/DK-1501-Bleach-Zangetsu-2-131x150.jpg 131w\" sizes=\"(max-width: 801px) 100vw, 801px\" \/><figcaption id=\"caption-attachment-30711\" class=\"wp-caption-text\">DK 1501 V2 Bleach Zangetsu v\u1edbi 936 mi\u1ebfng<\/figcaption><\/figure>","protected":false},"excerpt":{"rendered":"<p>Product information: Brand: DK Gender: Unisex Name: V2 Bleach Zangetsu Age Range: &gt; 8 years old Model Number: 1501 Classification: Assemblage Plastic Block Shape: Self-Locking Bricks Material: Plastic Plastic Type: ABS Bricks Blocks: 936 PCS Contains detailed assembly instructions. Notice: 1. Without an original box, but we guarantee our products have quality assurance and nice [&hellip;]<\/p>","protected":false},"featured_media":30710,"comment_status":"closed","ping_status":"closed","template":"","meta":{"_acf_changed":false},"product_cat":[581],"product_tag":[5239,5240,2914,5237,5236,5235,5238,5241],"class_list":["product","first","instock","shipping-taxable","purchasable","product-type-simple"],"acf":[],"_links":{"self":[{"href":"https:\/\/mouldking.store\/vi\/wp-json\/wp\/v2\/product\/30709","targetHints":{"allow":["GET"]}}],"collection":[{"href":"https:\/\/mouldking.store\/vi\/wp-json\/wp\/v2\/product"}],"about":[{"href":"https:\/\/mouldking.store\/vi\/wp-json\/wp\/v2\/types\/product"}],"replies":[{"embeddable":true,"href":"https:\/\/mouldking.store\/vi\/wp-json\/wp\/v2\/comments?post=30709"}],"wp:featuredmedia":[{"embeddable":true,"href":"https:\/\/mouldking.store\/vi\/wp-json\/wp\/v2\/media\/30710"}],"wp:attachment":[{"href":"https:\/\/mouldking.store\/vi\/wp-json\/wp\/v2\/media?parent=30709"}],"wp:term":[{"taxonomy":"product_cat","embeddable":true,"href":"https:\/\/mouldking.store\/vi\/wp-json\/wp\/v2\/product_cat?post=30709"},{"taxonomy":"product_tag","embeddable":true,"href":"https:\/\/mouldking.store\/vi\/wp-json\/wp\/v2\/product_tag?post=30709"}],"curies":[{"name":"wp","href":"https:\/\/api.w.org\/{rel}","templated":true}]}}