{"id":30736,"date":"2022-03-08T16:15:43","date_gmt":"2022-03-08T09:15:43","guid":{"rendered":"https:\/\/mouldking.store\/?post_type=product&#038;p=30736"},"modified":"2022-03-08T16:15:44","modified_gmt":"2022-03-08T09:15:44","slug":"wange-4005-military-sr-71-blackbird-reconnaissance-aircraft-with-183-pieces","status":"publish","type":"product","link":"https:\/\/mouldking.store\/vi\/shop\/wange-4005-military-sr-71-blackbird-reconnaissance-aircraft-with-183-pieces\/","title":{"rendered":"WANGE 4005 M\u00e1y bay trinh s\u00e1t SR-71 Blackbird qu\u00e2n s\u1ef1 v\u1edbi 183 m\u1ea3nh gh\u00e9p"},"content":{"rendered":"<p>Th\u00f4ng tin s\u1ea3n ph\u1ea9m:<\/p>\n<ol>\n<li>Th\u01b0\u01a1ng hi\u1ec7u: WANGE<\/li>\n<li>Gi\u1edbi t\u00ednh: Unisex<\/li>\n<li>T\u00ean: M\u00e1y bay trinh s\u00e1t qu\u00e2n s\u1ef1 SR-71 Blackbird<\/li>\n<li>\u0110\u1ed9 tu\u1ed5i: &gt; 6 tu\u1ed5i<\/li>\n<li>S\u1ed1 m\u00f4 h\u00ecnh: 4005<\/li>\n<li>Ph\u00e2n lo\u1ea1i: T\u1eadp h\u1ee3p<\/li>\n<li>H\u00ecnh d\u1ea1ng kh\u1ed1i nh\u1ef1a: G\u1ea1ch t\u1ef1 kh\u00f3a<\/li>\n<li>Ch\u1ea5t li\u1ec7u: Nh\u1ef1a<\/li>\n<li>Lo\u1ea1i nh\u1ef1a: ABS<\/li>\n<li>Kh\u1ed1i g\u1ea1ch: 183 C\u00c1I<\/li>\n<li>Ch\u1ee9a h\u01b0\u1edbng d\u1eabn l\u1eafp r\u00e1p chi ti\u1ebft.<\/li>\n<\/ol>\n<p>\u0110\u1ec3 \u00fd:<br \/>\n1. Kh\u00f4ng c\u00f3 h\u1ed9p ban \u0111\u1ea7u, nh\u01b0ng ch\u00fang t\u00f4i \u0111\u1ea3m b\u1ea3o s\u1ea3n ph\u1ea9m c\u1ee7a ch\u00fang t\u00f4i c\u00f3 ch\u1ea5t l\u01b0\u1ee3ng \u0111\u1ea3m b\u1ea3o v\u00e0 bao b\u00ec \u0111\u1eb9p.<br \/>\n2. V\u00ec t\u1ea5t c\u1ea3 c\u00e1c b\u1ed9 ph\u1eadn ch\u00fang t\u00f4i \u0111\u00e3 ki\u1ec3m tra tr\u01b0\u1edbc khi v\u1eadn chuy\u1ec3n, v\u00ec v\u1eady n\u1ebfu b\u1ea1n th\u1ea5y m\u1ed9t s\u1ed1 b\u1ed9 ph\u1eadn b\u1ecb thi\u1ebfu ho\u1eb7c h\u01b0 h\u1ecfng, \u0111\u1eebng lo l\u1eafng v\u00e0 ch\u1ec9 c\u1ea7n vui l\u00f2ng li\u00ean h\u1ec7 v\u1edbi ch\u00fang t\u00f4i v\u00e0 ch\u00fang t\u00f4i c\u00f3 th\u1ec3 g\u1eedi l\u1ea1i mi\u1ec5n ph\u00ed cho b\u1ea1n ngay l\u1eadp t\u1ee9c.<\/p>\n<figure id=\"attachment_30737\" aria-describedby=\"caption-attachment-30737\" style=\"width: 800px\" class=\"wp-caption aligncenter\"><img fetchpriority=\"high\" decoding=\"async\" class=\"wp-image-30737 size-full\" src=\"https:\/\/mouldking.store\/wp-content\/uploads\/2022\/03\/WANGE-4005-SR-71-Military-Blackbird-Reconnaissance-Aircraft-1.jpg\" alt=\"WANGE 4005 Military SR-71 Blackbird Reconnaissance Aircraft with 183 pieces\" width=\"800\" height=\"800\" title=\"-\" srcset=\"https:\/\/mouldking.store\/wp-content\/uploads\/2022\/03\/WANGE-4005-SR-71-Military-Blackbird-Reconnaissance-Aircraft-1.jpg 800w, https:\/\/mouldking.store\/wp-content\/uploads\/2022\/03\/WANGE-4005-SR-71-Military-Blackbird-Reconnaissance-Aircraft-1-300x300.jpg 300w, https:\/\/mouldking.store\/wp-content\/uploads\/2022\/03\/WANGE-4005-SR-71-Military-Blackbird-Reconnaissance-Aircraft-1-768x768.jpg 768w, https:\/\/mouldking.store\/wp-content\/uploads\/2022\/03\/WANGE-4005-SR-71-Military-Blackbird-Reconnaissance-Aircraft-1-600x600.jpg 600w, https:\/\/mouldking.store\/wp-content\/uploads\/2022\/03\/WANGE-4005-SR-71-Military-Blackbird-Reconnaissance-Aircraft-1-150x150.jpg 150w\" sizes=\"(max-width: 800px) 100vw, 800px\" \/><figcaption id=\"caption-attachment-30737\" class=\"wp-caption-text\">WANGE 4005 M\u00e1y bay trinh s\u00e1t SR-71 Blackbird qu\u00e2n s\u1ef1 v\u1edbi 183 m\u1ea3nh gh\u00e9p<\/figcaption><\/figure>\n<figure id=\"attachment_30744\" aria-describedby=\"caption-attachment-30744\" style=\"width: 635px\" class=\"wp-caption aligncenter\"><img decoding=\"async\" class=\"wp-image-30744 size-full\" src=\"https:\/\/mouldking.store\/wp-content\/uploads\/2022\/03\/WANGE-4005-SR-71-Military-Blackbird-Reconnaissance-Aircraft-8.jpg\" alt=\"WANGE 4005 Military SR-71 Blackbird Reconnaissance Aircraft with 183 pieces\" width=\"635\" height=\"1024\" title=\"-\" srcset=\"https:\/\/mouldking.store\/wp-content\/uploads\/2022\/03\/WANGE-4005-SR-71-Military-Blackbird-Reconnaissance-Aircraft-8.jpg 635w, https:\/\/mouldking.store\/wp-content\/uploads\/2022\/03\/WANGE-4005-SR-71-Military-Blackbird-Reconnaissance-Aircraft-8-186x300.jpg 186w, https:\/\/mouldking.store\/wp-content\/uploads\/2022\/03\/WANGE-4005-SR-71-Military-Blackbird-Reconnaissance-Aircraft-8-300x484.jpg 300w, https:\/\/mouldking.store\/wp-content\/uploads\/2022\/03\/WANGE-4005-SR-71-Military-Blackbird-Reconnaissance-Aircraft-8-600x968.jpg 600w, https:\/\/mouldking.store\/wp-content\/uploads\/2022\/03\/WANGE-4005-SR-71-Military-Blackbird-Reconnaissance-Aircraft-8-93x150.jpg 93w\" sizes=\"(max-width: 635px) 100vw, 635px\" \/><figcaption id=\"caption-attachment-30744\" class=\"wp-caption-text\">WANGE 4005 M\u00e1y bay trinh s\u00e1t SR-71 Blackbird qu\u00e2n s\u1ef1 v\u1edbi 183 m\u1ea3nh gh\u00e9p<\/figcaption><\/figure>\n<figure id=\"attachment_30739\" aria-describedby=\"caption-attachment-30739\" style=\"width: 750px\" class=\"wp-caption aligncenter\"><img decoding=\"async\" class=\"wp-image-30739 size-full\" src=\"https:\/\/mouldking.store\/wp-content\/uploads\/2022\/03\/WANGE-4005-SR-71-Military-Blackbird-Reconnaissance-Aircraft-3.jpg\" alt=\"WANGE 4005 Military SR-71 Blackbird Reconnaissance Aircraft with 183 pieces\" width=\"750\" height=\"905\" title=\"-\" srcset=\"https:\/\/mouldking.store\/wp-content\/uploads\/2022\/03\/WANGE-4005-SR-71-Military-Blackbird-Reconnaissance-Aircraft-3.jpg 750w, https:\/\/mouldking.store\/wp-content\/uploads\/2022\/03\/WANGE-4005-SR-71-Military-Blackbird-Reconnaissance-Aircraft-3-249x300.jpg 249w, https:\/\/mouldking.store\/wp-content\/uploads\/2022\/03\/WANGE-4005-SR-71-Military-Blackbird-Reconnaissance-Aircraft-3-300x362.jpg 300w, https:\/\/mouldking.store\/wp-content\/uploads\/2022\/03\/WANGE-4005-SR-71-Military-Blackbird-Reconnaissance-Aircraft-3-600x724.jpg 600w, https:\/\/mouldking.store\/wp-content\/uploads\/2022\/03\/WANGE-4005-SR-71-Military-Blackbird-Reconnaissance-Aircraft-3-124x150.jpg 124w\" sizes=\"(max-width: 750px) 100vw, 750px\" \/><figcaption id=\"caption-attachment-30739\" class=\"wp-caption-text\">WANGE 4005 M\u00e1y bay trinh s\u00e1t SR-71 Blackbird qu\u00e2n s\u1ef1 v\u1edbi 183 m\u1ea3nh gh\u00e9p<\/figcaption><\/figure>\n<figure id=\"attachment_30740\" aria-describedby=\"caption-attachment-30740\" style=\"width: 750px\" class=\"wp-caption aligncenter\"><img loading=\"lazy\" decoding=\"async\" class=\"wp-image-30740 size-full\" src=\"https:\/\/mouldking.store\/wp-content\/uploads\/2022\/03\/WANGE-4005-SR-71-Military-Blackbird-Reconnaissance-Aircraft-4.jpg\" alt=\"WANGE 4005 Military SR-71 Blackbird Reconnaissance Aircraft with 183 pieces\" width=\"750\" height=\"768\" title=\"-\" srcset=\"https:\/\/mouldking.store\/wp-content\/uploads\/2022\/03\/WANGE-4005-SR-71-Military-Blackbird-Reconnaissance-Aircraft-4.jpg 750w, https:\/\/mouldking.store\/wp-content\/uploads\/2022\/03\/WANGE-4005-SR-71-Military-Blackbird-Reconnaissance-Aircraft-4-293x300.jpg 293w, https:\/\/mouldking.store\/wp-content\/uploads\/2022\/03\/WANGE-4005-SR-71-Military-Blackbird-Reconnaissance-Aircraft-4-300x307.jpg 300w, https:\/\/mouldking.store\/wp-content\/uploads\/2022\/03\/WANGE-4005-SR-71-Military-Blackbird-Reconnaissance-Aircraft-4-600x614.jpg 600w, https:\/\/mouldking.store\/wp-content\/uploads\/2022\/03\/WANGE-4005-SR-71-Military-Blackbird-Reconnaissance-Aircraft-4-146x150.jpg 146w\" sizes=\"(max-width: 750px) 100vw, 750px\" \/><figcaption id=\"caption-attachment-30740\" class=\"wp-caption-text\">WANGE 4005 M\u00e1y bay trinh s\u00e1t SR-71 Blackbird qu\u00e2n s\u1ef1 v\u1edbi 183 m\u1ea3nh gh\u00e9p<\/figcaption><\/figure>\n<figure id=\"attachment_30741\" aria-describedby=\"caption-attachment-30741\" style=\"width: 750px\" class=\"wp-caption aligncenter\"><img loading=\"lazy\" decoding=\"async\" class=\"wp-image-30741 size-full\" src=\"https:\/\/mouldking.store\/wp-content\/uploads\/2022\/03\/WANGE-4005-SR-71-Military-Blackbird-Reconnaissance-Aircraft-5.jpg\" alt=\"WANGE 4005 Military SR-71 Blackbird Reconnaissance Aircraft with 183 pieces\" width=\"750\" height=\"972\" title=\"-\" srcset=\"https:\/\/mouldking.store\/wp-content\/uploads\/2022\/03\/WANGE-4005-SR-71-Military-Blackbird-Reconnaissance-Aircraft-5.jpg 750w, https:\/\/mouldking.store\/wp-content\/uploads\/2022\/03\/WANGE-4005-SR-71-Military-Blackbird-Reconnaissance-Aircraft-5-231x300.jpg 231w, https:\/\/mouldking.store\/wp-content\/uploads\/2022\/03\/WANGE-4005-SR-71-Military-Blackbird-Reconnaissance-Aircraft-5-300x389.jpg 300w, https:\/\/mouldking.store\/wp-content\/uploads\/2022\/03\/WANGE-4005-SR-71-Military-Blackbird-Reconnaissance-Aircraft-5-600x778.jpg 600w, https:\/\/mouldking.store\/wp-content\/uploads\/2022\/03\/WANGE-4005-SR-71-Military-Blackbird-Reconnaissance-Aircraft-5-116x150.jpg 116w\" sizes=\"(max-width: 750px) 100vw, 750px\" \/><figcaption id=\"caption-attachment-30741\" class=\"wp-caption-text\">WANGE 4005 M\u00e1y bay trinh s\u00e1t SR-71 Blackbird qu\u00e2n s\u1ef1 v\u1edbi 183 m\u1ea3nh gh\u00e9p<\/figcaption><\/figure>\n<figure id=\"attachment_30742\" aria-describedby=\"caption-attachment-30742\" style=\"width: 750px\" class=\"wp-caption aligncenter\"><img loading=\"lazy\" decoding=\"async\" class=\"wp-image-30742 size-full\" src=\"https:\/\/mouldking.store\/wp-content\/uploads\/2022\/03\/WANGE-4005-SR-71-Military-Blackbird-Reconnaissance-Aircraft-6.jpg\" alt=\"WANGE 4005 Military SR-71 Blackbird Reconnaissance Aircraft with 183 pieces\" width=\"750\" height=\"927\" title=\"-\" srcset=\"https:\/\/mouldking.store\/wp-content\/uploads\/2022\/03\/WANGE-4005-SR-71-Military-Blackbird-Reconnaissance-Aircraft-6.jpg 750w, https:\/\/mouldking.store\/wp-content\/uploads\/2022\/03\/WANGE-4005-SR-71-Military-Blackbird-Reconnaissance-Aircraft-6-243x300.jpg 243w, https:\/\/mouldking.store\/wp-content\/uploads\/2022\/03\/WANGE-4005-SR-71-Military-Blackbird-Reconnaissance-Aircraft-6-300x371.jpg 300w, https:\/\/mouldking.store\/wp-content\/uploads\/2022\/03\/WANGE-4005-SR-71-Military-Blackbird-Reconnaissance-Aircraft-6-600x742.jpg 600w, https:\/\/mouldking.store\/wp-content\/uploads\/2022\/03\/WANGE-4005-SR-71-Military-Blackbird-Reconnaissance-Aircraft-6-121x150.jpg 121w\" sizes=\"(max-width: 750px) 100vw, 750px\" \/><figcaption id=\"caption-attachment-30742\" class=\"wp-caption-text\">WANGE 4005 M\u00e1y bay trinh s\u00e1t SR-71 Blackbird qu\u00e2n s\u1ef1 v\u1edbi 183 m\u1ea3nh gh\u00e9p<\/figcaption><\/figure>\n<figure id=\"attachment_30743\" aria-describedby=\"caption-attachment-30743\" style=\"width: 750px\" class=\"wp-caption aligncenter\"><img loading=\"lazy\" decoding=\"async\" class=\"wp-image-30743 size-full\" src=\"https:\/\/mouldking.store\/wp-content\/uploads\/2022\/03\/WANGE-4005-SR-71-Military-Blackbird-Reconnaissance-Aircraft-7.jpg\" alt=\"WANGE 4005 Military SR-71 Blackbird Reconnaissance Aircraft with 183 pieces\" width=\"750\" height=\"807\" title=\"-\" srcset=\"https:\/\/mouldking.store\/wp-content\/uploads\/2022\/03\/WANGE-4005-SR-71-Military-Blackbird-Reconnaissance-Aircraft-7.jpg 750w, https:\/\/mouldking.store\/wp-content\/uploads\/2022\/03\/WANGE-4005-SR-71-Military-Blackbird-Reconnaissance-Aircraft-7-279x300.jpg 279w, https:\/\/mouldking.store\/wp-content\/uploads\/2022\/03\/WANGE-4005-SR-71-Military-Blackbird-Reconnaissance-Aircraft-7-300x323.jpg 300w, https:\/\/mouldking.store\/wp-content\/uploads\/2022\/03\/WANGE-4005-SR-71-Military-Blackbird-Reconnaissance-Aircraft-7-600x646.jpg 600w, https:\/\/mouldking.store\/wp-content\/uploads\/2022\/03\/WANGE-4005-SR-71-Military-Blackbird-Reconnaissance-Aircraft-7-139x150.jpg 139w\" sizes=\"(max-width: 750px) 100vw, 750px\" \/><figcaption id=\"caption-attachment-30743\" class=\"wp-caption-text\">WANGE 4005 M\u00e1y bay trinh s\u00e1t SR-71 Blackbird qu\u00e2n s\u1ef1 v\u1edbi 183 m\u1ea3nh gh\u00e9p<\/figcaption><\/figure>\n<figure id=\"attachment_30738\" aria-describedby=\"caption-attachment-30738\" style=\"width: 750px\" class=\"wp-caption aligncenter\"><img loading=\"lazy\" decoding=\"async\" class=\"wp-image-30738 size-full\" src=\"https:\/\/mouldking.store\/wp-content\/uploads\/2022\/03\/WANGE-4005-SR-71-Military-Blackbird-Reconnaissance-Aircraft-2.jpg\" alt=\"WANGE 4005 Military SR-71 Blackbird Reconnaissance Aircraft with 183 pieces\" width=\"750\" height=\"694\" title=\"-\" srcset=\"https:\/\/mouldking.store\/wp-content\/uploads\/2022\/03\/WANGE-4005-SR-71-Military-Blackbird-Reconnaissance-Aircraft-2.jpg 750w, https:\/\/mouldking.store\/wp-content\/uploads\/2022\/03\/WANGE-4005-SR-71-Military-Blackbird-Reconnaissance-Aircraft-2-300x278.jpg 300w, https:\/\/mouldking.store\/wp-content\/uploads\/2022\/03\/WANGE-4005-SR-71-Military-Blackbird-Reconnaissance-Aircraft-2-600x555.jpg 600w, https:\/\/mouldking.store\/wp-content\/uploads\/2022\/03\/WANGE-4005-SR-71-Military-Blackbird-Reconnaissance-Aircraft-2-150x139.jpg 150w\" sizes=\"(max-width: 750px) 100vw, 750px\" \/><figcaption id=\"caption-attachment-30738\" class=\"wp-caption-text\">WANGE 4005 M\u00e1y bay trinh s\u00e1t SR-71 Blackbird qu\u00e2n s\u1ef1 v\u1edbi 183 m\u1ea3nh gh\u00e9p<\/figcaption><\/figure>","protected":false},"excerpt":{"rendered":"<p>Product information: Brand: WANGE Gender: Unisex Name: Military SR-71 Blackbird Reconnaissance Aircraft Age Range: &gt; 6 years old Model Number: 4005 Classification: Assemblage Plastic Block Shape: Self-Locking Bricks Material: Plastic Plastic Type: ABS Bricks Blocks: 183 PCS Contains detailed assembly instructions. Notice: 1. Without an original box, but we guarantee our products have quality assurance [&hellip;]<\/p>","protected":false},"featured_media":30737,"comment_status":"closed","ping_status":"closed","template":"","meta":{"_acf_changed":false},"product_cat":[372],"product_tag":[5271,5270,5267,5264,5269,5266,5268,5265,5263,5262,5261],"class_list":["product","first","instock","shipping-taxable","purchasable","product-type-simple"],"acf":[],"_links":{"self":[{"href":"https:\/\/mouldking.store\/vi\/wp-json\/wp\/v2\/product\/30736","targetHints":{"allow":["GET"]}}],"collection":[{"href":"https:\/\/mouldking.store\/vi\/wp-json\/wp\/v2\/product"}],"about":[{"href":"https:\/\/mouldking.store\/vi\/wp-json\/wp\/v2\/types\/product"}],"replies":[{"embeddable":true,"href":"https:\/\/mouldking.store\/vi\/wp-json\/wp\/v2\/comments?post=30736"}],"wp:featuredmedia":[{"embeddable":true,"href":"https:\/\/mouldking.store\/vi\/wp-json\/wp\/v2\/media\/30737"}],"wp:attachment":[{"href":"https:\/\/mouldking.store\/vi\/wp-json\/wp\/v2\/media?parent=30736"}],"wp:term":[{"taxonomy":"product_cat","embeddable":true,"href":"https:\/\/mouldking.store\/vi\/wp-json\/wp\/v2\/product_cat?post=30736"},{"taxonomy":"product_tag","embeddable":true,"href":"https:\/\/mouldking.store\/vi\/wp-json\/wp\/v2\/product_tag?post=30736"}],"curies":[{"name":"wp","href":"https:\/\/api.w.org\/{rel}","templated":true}]}}