{"id":30745,"date":"2022-03-08T16:21:06","date_gmt":"2022-03-08T09:21:06","guid":{"rendered":"https:\/\/mouldking.store\/?post_type=product&#038;p=30745"},"modified":"2022-03-08T16:21:06","modified_gmt":"2022-03-08T09:21:06","slug":"xingbao-06043-gtk-boxer-bundeswehr-with-808-pieces","status":"publish","type":"product","link":"https:\/\/mouldking.store\/vi\/shop\/xingbao-06043-gtk-boxer-bundeswehr-with-808-pieces\/","title":{"rendered":"XINGBAO 06043 GTK Boxer Bundeswehr v\u1edbi 808 mi\u1ebfng"},"content":{"rendered":"<p>Th\u00f4ng tin s\u1ea3n ph\u1ea9m:<\/p>\n<ol>\n<li>Th\u01b0\u01a1ng hi\u1ec7u: XINGBAO<\/li>\n<li>Gi\u1edbi t\u00ednh: Unisex<\/li>\n<li>T\u00ean: GTK Boxer Bundeswehr<\/li>\n<li>\u0110\u1ed9 tu\u1ed5i: &gt; 6 tu\u1ed5i<\/li>\n<li>S\u1ed1 m\u00f4 h\u00ecnh: 06043<\/li>\n<li>Ph\u00e2n lo\u1ea1i: T\u1eadp h\u1ee3p<\/li>\n<li>H\u00ecnh d\u1ea1ng kh\u1ed1i nh\u1ef1a: G\u1ea1ch t\u1ef1 kh\u00f3a<\/li>\n<li>Ch\u1ea5t li\u1ec7u: Nh\u1ef1a<\/li>\n<li>Lo\u1ea1i nh\u1ef1a: ABS<\/li>\n<li>Kh\u1ed1i g\u1ea1ch: 808 C\u00c1I<\/li>\n<li>Ch\u1ee9a h\u01b0\u1edbng d\u1eabn l\u1eafp r\u00e1p chi ti\u1ebft.<\/li>\n<\/ol>\n<p>\u0110\u1ec3 \u00fd:<br \/>\n1. Kh\u00f4ng c\u00f3 h\u1ed9p ban \u0111\u1ea7u, nh\u01b0ng ch\u00fang t\u00f4i \u0111\u1ea3m b\u1ea3o s\u1ea3n ph\u1ea9m c\u1ee7a ch\u00fang t\u00f4i c\u00f3 ch\u1ea5t l\u01b0\u1ee3ng \u0111\u1ea3m b\u1ea3o v\u00e0 bao b\u00ec \u0111\u1eb9p.<br \/>\n2. V\u00ec t\u1ea5t c\u1ea3 c\u00e1c b\u1ed9 ph\u1eadn ch\u00fang t\u00f4i \u0111\u00e3 ki\u1ec3m tra tr\u01b0\u1edbc khi v\u1eadn chuy\u1ec3n, v\u00ec v\u1eady n\u1ebfu b\u1ea1n th\u1ea5y m\u1ed9t s\u1ed1 b\u1ed9 ph\u1eadn b\u1ecb thi\u1ebfu ho\u1eb7c h\u01b0 h\u1ecfng, \u0111\u1eebng lo l\u1eafng v\u00e0 ch\u1ec9 c\u1ea7n vui l\u00f2ng li\u00ean h\u1ec7 v\u1edbi ch\u00fang t\u00f4i v\u00e0 ch\u00fang t\u00f4i c\u00f3 th\u1ec3 g\u1eedi l\u1ea1i mi\u1ec5n ph\u00ed cho b\u1ea1n ngay l\u1eadp t\u1ee9c.<\/p>\n<figure id=\"attachment_30746\" aria-describedby=\"caption-attachment-30746\" style=\"width: 800px\" class=\"wp-caption aligncenter\"><img fetchpriority=\"high\" decoding=\"async\" class=\"wp-image-30746 size-full\" src=\"https:\/\/mouldking.store\/wp-content\/uploads\/2022\/03\/XingBao-06043-06050-Axis-Panthet-Tank.jpg\" alt=\"XINGBAO 06043 GTK Boxer Bundeswehr with 808 pieces\" width=\"800\" height=\"800\" title=\"-\" srcset=\"https:\/\/mouldking.store\/wp-content\/uploads\/2022\/03\/XingBao-06043-06050-Axis-Panthet-Tank.jpg 800w, https:\/\/mouldking.store\/wp-content\/uploads\/2022\/03\/XingBao-06043-06050-Axis-Panthet-Tank-300x300.jpg 300w, https:\/\/mouldking.store\/wp-content\/uploads\/2022\/03\/XingBao-06043-06050-Axis-Panthet-Tank-768x768.jpg 768w, https:\/\/mouldking.store\/wp-content\/uploads\/2022\/03\/XingBao-06043-06050-Axis-Panthet-Tank-600x600.jpg 600w, https:\/\/mouldking.store\/wp-content\/uploads\/2022\/03\/XingBao-06043-06050-Axis-Panthet-Tank-150x150.jpg 150w\" sizes=\"(max-width: 800px) 100vw, 800px\" \/><figcaption id=\"caption-attachment-30746\" class=\"wp-caption-text\">XINGBAO 06043 GTK Boxer Bundeswehr v\u1edbi 808 mi\u1ebfng<\/figcaption><\/figure>\n<figure id=\"attachment_30747\" aria-describedby=\"caption-attachment-30747\" style=\"width: 1000px\" class=\"wp-caption aligncenter\"><img decoding=\"async\" class=\"wp-image-30747 size-full\" src=\"https:\/\/mouldking.store\/wp-content\/uploads\/2022\/03\/XINGBAO-06043-GTK-Boxer-Bundeswehr-with-808-pieces-1.jpg\" alt=\"XINGBAO 06043 GTK Boxer Bundeswehr with 808 pieces\" width=\"1000\" height=\"563\" title=\"-\" srcset=\"https:\/\/mouldking.store\/wp-content\/uploads\/2022\/03\/XINGBAO-06043-GTK-Boxer-Bundeswehr-with-808-pieces-1.jpg 1000w, https:\/\/mouldking.store\/wp-content\/uploads\/2022\/03\/XINGBAO-06043-GTK-Boxer-Bundeswehr-with-808-pieces-1-300x169.jpg 300w, https:\/\/mouldking.store\/wp-content\/uploads\/2022\/03\/XINGBAO-06043-GTK-Boxer-Bundeswehr-with-808-pieces-1-768x432.jpg 768w, https:\/\/mouldking.store\/wp-content\/uploads\/2022\/03\/XINGBAO-06043-GTK-Boxer-Bundeswehr-with-808-pieces-1-600x338.jpg 600w, https:\/\/mouldking.store\/wp-content\/uploads\/2022\/03\/XINGBAO-06043-GTK-Boxer-Bundeswehr-with-808-pieces-1-150x84.jpg 150w\" sizes=\"(max-width: 1000px) 100vw, 1000px\" \/><figcaption id=\"caption-attachment-30747\" class=\"wp-caption-text\">XINGBAO 06043 GTK Boxer Bundeswehr v\u1edbi 808 mi\u1ebfng<\/figcaption><\/figure>\n<figure id=\"attachment_30753\" aria-describedby=\"caption-attachment-30753\" style=\"width: 930px\" class=\"wp-caption aligncenter\"><img decoding=\"async\" class=\"wp-image-30753 size-full\" src=\"https:\/\/mouldking.store\/wp-content\/uploads\/2022\/03\/XINGBAO-06043-GTK-Boxer-Bundeswehr-with-808-pieces-7.jpg\" alt=\"XINGBAO 06043 GTK Boxer Bundeswehr with 808 pieces\" width=\"930\" height=\"930\" title=\"-\" srcset=\"https:\/\/mouldking.store\/wp-content\/uploads\/2022\/03\/XINGBAO-06043-GTK-Boxer-Bundeswehr-with-808-pieces-7.jpg 930w, https:\/\/mouldking.store\/wp-content\/uploads\/2022\/03\/XINGBAO-06043-GTK-Boxer-Bundeswehr-with-808-pieces-7-300x300.jpg 300w, https:\/\/mouldking.store\/wp-content\/uploads\/2022\/03\/XINGBAO-06043-GTK-Boxer-Bundeswehr-with-808-pieces-7-768x768.jpg 768w, https:\/\/mouldking.store\/wp-content\/uploads\/2022\/03\/XINGBAO-06043-GTK-Boxer-Bundeswehr-with-808-pieces-7-600x600.jpg 600w, https:\/\/mouldking.store\/wp-content\/uploads\/2022\/03\/XINGBAO-06043-GTK-Boxer-Bundeswehr-with-808-pieces-7-150x150.jpg 150w\" sizes=\"(max-width: 930px) 100vw, 930px\" \/><figcaption id=\"caption-attachment-30753\" class=\"wp-caption-text\">XINGBAO 06043 GTK Boxer Bundeswehr v\u1edbi 808 mi\u1ebfng<\/figcaption><\/figure>\n<figure id=\"attachment_30755\" aria-describedby=\"caption-attachment-30755\" style=\"width: 930px\" class=\"wp-caption aligncenter\"><img loading=\"lazy\" decoding=\"async\" class=\"wp-image-30755 size-full\" src=\"https:\/\/mouldking.store\/wp-content\/uploads\/2022\/03\/XINGBAO-06043-GTK-Boxer-Bundeswehr-with-808-pieces-9.jpg\" alt=\"XINGBAO 06043 GTK Boxer Bundeswehr with 808 pieces\" width=\"930\" height=\"930\" title=\"-\" srcset=\"https:\/\/mouldking.store\/wp-content\/uploads\/2022\/03\/XINGBAO-06043-GTK-Boxer-Bundeswehr-with-808-pieces-9.jpg 930w, https:\/\/mouldking.store\/wp-content\/uploads\/2022\/03\/XINGBAO-06043-GTK-Boxer-Bundeswehr-with-808-pieces-9-300x300.jpg 300w, https:\/\/mouldking.store\/wp-content\/uploads\/2022\/03\/XINGBAO-06043-GTK-Boxer-Bundeswehr-with-808-pieces-9-768x768.jpg 768w, https:\/\/mouldking.store\/wp-content\/uploads\/2022\/03\/XINGBAO-06043-GTK-Boxer-Bundeswehr-with-808-pieces-9-600x600.jpg 600w, https:\/\/mouldking.store\/wp-content\/uploads\/2022\/03\/XINGBAO-06043-GTK-Boxer-Bundeswehr-with-808-pieces-9-150x150.jpg 150w\" sizes=\"(max-width: 930px) 100vw, 930px\" \/><figcaption id=\"caption-attachment-30755\" class=\"wp-caption-text\">XINGBAO 06043 GTK Boxer Bundeswehr v\u1edbi 808 mi\u1ebfng<\/figcaption><\/figure>\n<figure id=\"attachment_30756\" aria-describedby=\"caption-attachment-30756\" style=\"width: 930px\" class=\"wp-caption aligncenter\"><img loading=\"lazy\" decoding=\"async\" class=\"wp-image-30756 size-full\" src=\"https:\/\/mouldking.store\/wp-content\/uploads\/2022\/03\/XINGBAO-06043-GTK-Boxer-Bundeswehr-with-808-pieces-10.jpg\" alt=\"XINGBAO 06043 GTK Boxer Bundeswehr with 808 pieces\" width=\"930\" height=\"930\" title=\"-\" srcset=\"https:\/\/mouldking.store\/wp-content\/uploads\/2022\/03\/XINGBAO-06043-GTK-Boxer-Bundeswehr-with-808-pieces-10.jpg 930w, https:\/\/mouldking.store\/wp-content\/uploads\/2022\/03\/XINGBAO-06043-GTK-Boxer-Bundeswehr-with-808-pieces-10-300x300.jpg 300w, https:\/\/mouldking.store\/wp-content\/uploads\/2022\/03\/XINGBAO-06043-GTK-Boxer-Bundeswehr-with-808-pieces-10-768x768.jpg 768w, https:\/\/mouldking.store\/wp-content\/uploads\/2022\/03\/XINGBAO-06043-GTK-Boxer-Bundeswehr-with-808-pieces-10-600x600.jpg 600w, https:\/\/mouldking.store\/wp-content\/uploads\/2022\/03\/XINGBAO-06043-GTK-Boxer-Bundeswehr-with-808-pieces-10-150x150.jpg 150w\" sizes=\"(max-width: 930px) 100vw, 930px\" \/><figcaption id=\"caption-attachment-30756\" class=\"wp-caption-text\">XINGBAO 06043 GTK Boxer Bundeswehr v\u1edbi 808 mi\u1ebfng<\/figcaption><\/figure>\n<figure id=\"attachment_30757\" aria-describedby=\"caption-attachment-30757\" style=\"width: 1000px\" class=\"wp-caption aligncenter\"><img loading=\"lazy\" decoding=\"async\" class=\"wp-image-30757 size-full\" src=\"https:\/\/mouldking.store\/wp-content\/uploads\/2022\/03\/XINGBAO-06043-GTK-Boxer-Bundeswehr-with-808-pieces-11.jpg\" alt=\"XINGBAO 06043 GTK Boxer Bundeswehr with 808 pieces\" width=\"1000\" height=\"1000\" title=\"-\" srcset=\"https:\/\/mouldking.store\/wp-content\/uploads\/2022\/03\/XINGBAO-06043-GTK-Boxer-Bundeswehr-with-808-pieces-11.jpg 1000w, https:\/\/mouldking.store\/wp-content\/uploads\/2022\/03\/XINGBAO-06043-GTK-Boxer-Bundeswehr-with-808-pieces-11-300x300.jpg 300w, https:\/\/mouldking.store\/wp-content\/uploads\/2022\/03\/XINGBAO-06043-GTK-Boxer-Bundeswehr-with-808-pieces-11-768x768.jpg 768w, https:\/\/mouldking.store\/wp-content\/uploads\/2022\/03\/XINGBAO-06043-GTK-Boxer-Bundeswehr-with-808-pieces-11-600x600.jpg 600w, https:\/\/mouldking.store\/wp-content\/uploads\/2022\/03\/XINGBAO-06043-GTK-Boxer-Bundeswehr-with-808-pieces-11-150x150.jpg 150w\" sizes=\"(max-width: 1000px) 100vw, 1000px\" \/><figcaption id=\"caption-attachment-30757\" class=\"wp-caption-text\">XINGBAO 06043 GTK Boxer Bundeswehr v\u1edbi 808 mi\u1ebfng<\/figcaption><\/figure>\n<figure id=\"attachment_30754\" aria-describedby=\"caption-attachment-30754\" style=\"width: 930px\" class=\"wp-caption aligncenter\"><img loading=\"lazy\" decoding=\"async\" class=\"wp-image-30754 size-full\" src=\"https:\/\/mouldking.store\/wp-content\/uploads\/2022\/03\/XINGBAO-06043-GTK-Boxer-Bundeswehr-with-808-pieces-8.jpg\" alt=\"XINGBAO 06043 GTK Boxer Bundeswehr with 808 pieces\" width=\"930\" height=\"780\" title=\"-\" srcset=\"https:\/\/mouldking.store\/wp-content\/uploads\/2022\/03\/XINGBAO-06043-GTK-Boxer-Bundeswehr-with-808-pieces-8.jpg 930w, https:\/\/mouldking.store\/wp-content\/uploads\/2022\/03\/XINGBAO-06043-GTK-Boxer-Bundeswehr-with-808-pieces-8-300x252.jpg 300w, https:\/\/mouldking.store\/wp-content\/uploads\/2022\/03\/XINGBAO-06043-GTK-Boxer-Bundeswehr-with-808-pieces-8-768x644.jpg 768w, https:\/\/mouldking.store\/wp-content\/uploads\/2022\/03\/XINGBAO-06043-GTK-Boxer-Bundeswehr-with-808-pieces-8-600x503.jpg 600w, https:\/\/mouldking.store\/wp-content\/uploads\/2022\/03\/XINGBAO-06043-GTK-Boxer-Bundeswehr-with-808-pieces-8-150x126.jpg 150w\" sizes=\"(max-width: 930px) 100vw, 930px\" \/><figcaption id=\"caption-attachment-30754\" class=\"wp-caption-text\">XINGBAO 06043 GTK Boxer Bundeswehr v\u1edbi 808 mi\u1ebfng<\/figcaption><\/figure>\n<figure id=\"attachment_30752\" aria-describedby=\"caption-attachment-30752\" style=\"width: 930px\" class=\"wp-caption aligncenter\"><img loading=\"lazy\" decoding=\"async\" class=\"wp-image-30752 size-full\" src=\"https:\/\/mouldking.store\/wp-content\/uploads\/2022\/03\/XINGBAO-06043-GTK-Boxer-Bundeswehr-with-808-pieces-6.jpg\" alt=\"XINGBAO 06043 GTK Boxer Bundeswehr with 808 pieces\" width=\"930\" height=\"930\" title=\"-\" srcset=\"https:\/\/mouldking.store\/wp-content\/uploads\/2022\/03\/XINGBAO-06043-GTK-Boxer-Bundeswehr-with-808-pieces-6.jpg 930w, https:\/\/mouldking.store\/wp-content\/uploads\/2022\/03\/XINGBAO-06043-GTK-Boxer-Bundeswehr-with-808-pieces-6-300x300.jpg 300w, https:\/\/mouldking.store\/wp-content\/uploads\/2022\/03\/XINGBAO-06043-GTK-Boxer-Bundeswehr-with-808-pieces-6-768x768.jpg 768w, https:\/\/mouldking.store\/wp-content\/uploads\/2022\/03\/XINGBAO-06043-GTK-Boxer-Bundeswehr-with-808-pieces-6-600x600.jpg 600w, https:\/\/mouldking.store\/wp-content\/uploads\/2022\/03\/XINGBAO-06043-GTK-Boxer-Bundeswehr-with-808-pieces-6-150x150.jpg 150w\" sizes=\"(max-width: 930px) 100vw, 930px\" \/><figcaption id=\"caption-attachment-30752\" class=\"wp-caption-text\">XINGBAO 06043 GTK Boxer Bundeswehr v\u1edbi 808 mi\u1ebfng<\/figcaption><\/figure>\n<figure id=\"attachment_30749\" aria-describedby=\"caption-attachment-30749\" style=\"width: 930px\" class=\"wp-caption aligncenter\"><img loading=\"lazy\" decoding=\"async\" class=\"wp-image-30749 size-full\" src=\"https:\/\/mouldking.store\/wp-content\/uploads\/2022\/03\/XINGBAO-06043-GTK-Boxer-Bundeswehr-with-808-pieces-3.jpg\" alt=\"XINGBAO 06043 GTK Boxer Bundeswehr with 808 pieces\" width=\"930\" height=\"619\" title=\"-\" srcset=\"https:\/\/mouldking.store\/wp-content\/uploads\/2022\/03\/XINGBAO-06043-GTK-Boxer-Bundeswehr-with-808-pieces-3.jpg 930w, https:\/\/mouldking.store\/wp-content\/uploads\/2022\/03\/XINGBAO-06043-GTK-Boxer-Bundeswehr-with-808-pieces-3-300x200.jpg 300w, https:\/\/mouldking.store\/wp-content\/uploads\/2022\/03\/XINGBAO-06043-GTK-Boxer-Bundeswehr-with-808-pieces-3-768x511.jpg 768w, https:\/\/mouldking.store\/wp-content\/uploads\/2022\/03\/XINGBAO-06043-GTK-Boxer-Bundeswehr-with-808-pieces-3-600x399.jpg 600w, https:\/\/mouldking.store\/wp-content\/uploads\/2022\/03\/XINGBAO-06043-GTK-Boxer-Bundeswehr-with-808-pieces-3-150x100.jpg 150w\" sizes=\"(max-width: 930px) 100vw, 930px\" \/><figcaption id=\"caption-attachment-30749\" class=\"wp-caption-text\">XINGBAO 06043 GTK Boxer Bundeswehr v\u1edbi 808 mi\u1ebfng<\/figcaption><\/figure>\n<figure id=\"attachment_30750\" aria-describedby=\"caption-attachment-30750\" style=\"width: 930px\" class=\"wp-caption aligncenter\"><img loading=\"lazy\" decoding=\"async\" class=\"wp-image-30750 size-full\" src=\"https:\/\/mouldking.store\/wp-content\/uploads\/2022\/03\/XINGBAO-06043-GTK-Boxer-Bundeswehr-with-808-pieces-4.jpg\" alt=\"XINGBAO 06043 GTK Boxer Bundeswehr with 808 pieces\" width=\"930\" height=\"619\" title=\"-\" srcset=\"https:\/\/mouldking.store\/wp-content\/uploads\/2022\/03\/XINGBAO-06043-GTK-Boxer-Bundeswehr-with-808-pieces-4.jpg 930w, https:\/\/mouldking.store\/wp-content\/uploads\/2022\/03\/XINGBAO-06043-GTK-Boxer-Bundeswehr-with-808-pieces-4-300x200.jpg 300w, https:\/\/mouldking.store\/wp-content\/uploads\/2022\/03\/XINGBAO-06043-GTK-Boxer-Bundeswehr-with-808-pieces-4-768x511.jpg 768w, https:\/\/mouldking.store\/wp-content\/uploads\/2022\/03\/XINGBAO-06043-GTK-Boxer-Bundeswehr-with-808-pieces-4-600x399.jpg 600w, https:\/\/mouldking.store\/wp-content\/uploads\/2022\/03\/XINGBAO-06043-GTK-Boxer-Bundeswehr-with-808-pieces-4-150x100.jpg 150w\" sizes=\"(max-width: 930px) 100vw, 930px\" \/><figcaption id=\"caption-attachment-30750\" class=\"wp-caption-text\">XINGBAO 06043 GTK Boxer Bundeswehr v\u1edbi 808 mi\u1ebfng<\/figcaption><\/figure>\n<figure id=\"attachment_30751\" aria-describedby=\"caption-attachment-30751\" style=\"width: 930px\" class=\"wp-caption aligncenter\"><img loading=\"lazy\" decoding=\"async\" class=\"wp-image-30751 size-full\" src=\"https:\/\/mouldking.store\/wp-content\/uploads\/2022\/03\/XINGBAO-06043-GTK-Boxer-Bundeswehr-with-808-pieces-5.jpg\" alt=\"XINGBAO 06043 GTK Boxer Bundeswehr with 808 pieces\" width=\"930\" height=\"619\" title=\"-\" srcset=\"https:\/\/mouldking.store\/wp-content\/uploads\/2022\/03\/XINGBAO-06043-GTK-Boxer-Bundeswehr-with-808-pieces-5.jpg 930w, https:\/\/mouldking.store\/wp-content\/uploads\/2022\/03\/XINGBAO-06043-GTK-Boxer-Bundeswehr-with-808-pieces-5-300x200.jpg 300w, https:\/\/mouldking.store\/wp-content\/uploads\/2022\/03\/XINGBAO-06043-GTK-Boxer-Bundeswehr-with-808-pieces-5-768x511.jpg 768w, https:\/\/mouldking.store\/wp-content\/uploads\/2022\/03\/XINGBAO-06043-GTK-Boxer-Bundeswehr-with-808-pieces-5-600x399.jpg 600w, https:\/\/mouldking.store\/wp-content\/uploads\/2022\/03\/XINGBAO-06043-GTK-Boxer-Bundeswehr-with-808-pieces-5-150x100.jpg 150w\" sizes=\"(max-width: 930px) 100vw, 930px\" \/><figcaption id=\"caption-attachment-30751\" class=\"wp-caption-text\">XINGBAO 06043 GTK Boxer Bundeswehr v\u1edbi 808 mi\u1ebfng<\/figcaption><\/figure>\n<figure id=\"attachment_30748\" aria-describedby=\"caption-attachment-30748\" style=\"width: 930px\" class=\"wp-caption aligncenter\"><img loading=\"lazy\" decoding=\"async\" class=\"wp-image-30748 size-full\" src=\"https:\/\/mouldking.store\/wp-content\/uploads\/2022\/03\/XINGBAO-06043-GTK-Boxer-Bundeswehr-with-808-pieces-2.jpg\" alt=\"XINGBAO 06043 GTK Boxer Bundeswehr with 808 pieces\" width=\"930\" height=\"619\" title=\"-\" srcset=\"https:\/\/mouldking.store\/wp-content\/uploads\/2022\/03\/XINGBAO-06043-GTK-Boxer-Bundeswehr-with-808-pieces-2.jpg 930w, https:\/\/mouldking.store\/wp-content\/uploads\/2022\/03\/XINGBAO-06043-GTK-Boxer-Bundeswehr-with-808-pieces-2-300x200.jpg 300w, https:\/\/mouldking.store\/wp-content\/uploads\/2022\/03\/XINGBAO-06043-GTK-Boxer-Bundeswehr-with-808-pieces-2-768x511.jpg 768w, https:\/\/mouldking.store\/wp-content\/uploads\/2022\/03\/XINGBAO-06043-GTK-Boxer-Bundeswehr-with-808-pieces-2-600x399.jpg 600w, https:\/\/mouldking.store\/wp-content\/uploads\/2022\/03\/XINGBAO-06043-GTK-Boxer-Bundeswehr-with-808-pieces-2-150x100.jpg 150w\" sizes=\"(max-width: 930px) 100vw, 930px\" \/><figcaption id=\"caption-attachment-30748\" class=\"wp-caption-text\">XINGBAO 06043 GTK Boxer Bundeswehr v\u1edbi 808 mi\u1ebfng<\/figcaption><\/figure>","protected":false},"excerpt":{"rendered":"<p>Product information: Brand: XINGBAO Gender: Unisex Name: GTK Boxer Bundeswehr Age Range: &gt; 6 years old Model Number: 06043 Classification: Assemblage Plastic Block Shape: Self-Locking Bricks Material: Plastic Plastic Type: ABS Bricks Blocks: 808 PCS Contains detailed assembly instructions. Notice: 1. Without an original box, but we guarantee our products have quality assurance and nice [&hellip;]<\/p>","protected":false},"featured_media":30746,"comment_status":"closed","ping_status":"closed","template":"","meta":{"_acf_changed":false},"product_cat":[372],"product_tag":[5276,5278,5279,5277,5275,1512,5274,5273,5272],"class_list":["product","first","instock","shipping-taxable","purchasable","product-type-simple"],"acf":[],"_links":{"self":[{"href":"https:\/\/mouldking.store\/vi\/wp-json\/wp\/v2\/product\/30745","targetHints":{"allow":["GET"]}}],"collection":[{"href":"https:\/\/mouldking.store\/vi\/wp-json\/wp\/v2\/product"}],"about":[{"href":"https:\/\/mouldking.store\/vi\/wp-json\/wp\/v2\/types\/product"}],"replies":[{"embeddable":true,"href":"https:\/\/mouldking.store\/vi\/wp-json\/wp\/v2\/comments?post=30745"}],"wp:featuredmedia":[{"embeddable":true,"href":"https:\/\/mouldking.store\/vi\/wp-json\/wp\/v2\/media\/30746"}],"wp:attachment":[{"href":"https:\/\/mouldking.store\/vi\/wp-json\/wp\/v2\/media?parent=30745"}],"wp:term":[{"taxonomy":"product_cat","embeddable":true,"href":"https:\/\/mouldking.store\/vi\/wp-json\/wp\/v2\/product_cat?post=30745"},{"taxonomy":"product_tag","embeddable":true,"href":"https:\/\/mouldking.store\/vi\/wp-json\/wp\/v2\/product_tag?post=30745"}],"curies":[{"name":"wp","href":"https:\/\/api.w.org\/{rel}","templated":true}]}}