{"id":30767,"date":"2022-03-08T16:35:17","date_gmt":"2022-03-08T09:35:17","guid":{"rendered":"https:\/\/mouldking.store\/?post_type=product&#038;p=30767"},"modified":"2023-05-22T12:06:46","modified_gmt":"2023-05-22T05:06:46","slug":"cada-c61056-rc-heavy-bulldozer-with-2826-pieces","status":"publish","type":"product","link":"https:\/\/mouldking.store\/vi\/shop\/cada-c61056-rc-heavy-bulldozer-with-2826-pieces\/","title":{"rendered":"CADA C61056 RC Heavy Bulldozer v\u1edbi 2826 mi\u1ebfng"},"content":{"rendered":"<p>Th\u00f4ng tin s\u1ea3n ph\u1ea9m:<\/p>\n<ol>\n<li>Th\u01b0\u01a1ng hi\u1ec7u: CADA<\/li>\n<li>Gi\u1edbi t\u00ednh: Unisex<\/li>\n<li>Name: RC Heavy Bulldozer<\/li>\n<li>\u0110\u1ed9 tu\u1ed5i: &gt; 6 tu\u1ed5i<\/li>\n<li>Model Number: C61056<\/li>\n<li>Ph\u00e2n lo\u1ea1i: T\u1eadp h\u1ee3p<\/li>\n<li>H\u00ecnh d\u1ea1ng kh\u1ed1i nh\u1ef1a: G\u1ea1ch t\u1ef1 kh\u00f3a<\/li>\n<li>Ch\u1ea5t li\u1ec7u: Nh\u1ef1a<\/li>\n<li>Lo\u1ea1i nh\u1ef1a: ABS<\/li>\n<li>Bricks Blocks: 2826 PCS<\/li>\n<li>Ch\u1ee9a h\u01b0\u1edbng d\u1eabn l\u1eafp r\u00e1p chi ti\u1ebft.<\/li>\n<\/ol>\n<p>\u0110\u1ec3 \u00fd:<br \/>\n1. Kh\u00f4ng c\u00f3 h\u1ed9p ban \u0111\u1ea7u, nh\u01b0ng ch\u00fang t\u00f4i \u0111\u1ea3m b\u1ea3o s\u1ea3n ph\u1ea9m c\u1ee7a ch\u00fang t\u00f4i c\u00f3 ch\u1ea5t l\u01b0\u1ee3ng \u0111\u1ea3m b\u1ea3o v\u00e0 bao b\u00ec \u0111\u1eb9p.<br \/>\n2. V\u00ec t\u1ea5t c\u1ea3 c\u00e1c b\u1ed9 ph\u1eadn ch\u00fang t\u00f4i \u0111\u00e3 ki\u1ec3m tra tr\u01b0\u1edbc khi v\u1eadn chuy\u1ec3n, v\u00ec v\u1eady n\u1ebfu b\u1ea1n th\u1ea5y m\u1ed9t s\u1ed1 b\u1ed9 ph\u1eadn b\u1ecb thi\u1ebfu ho\u1eb7c h\u01b0 h\u1ecfng, \u0111\u1eebng lo l\u1eafng v\u00e0 ch\u1ec9 c\u1ea7n vui l\u00f2ng li\u00ean h\u1ec7 v\u1edbi ch\u00fang t\u00f4i v\u00e0 ch\u00fang t\u00f4i c\u00f3 th\u1ec3 g\u1eedi l\u1ea1i mi\u1ec5n ph\u00ed cho b\u1ea1n ngay l\u1eadp t\u1ee9c.<\/p>\n<figure id=\"attachment_30783\" aria-describedby=\"caption-attachment-30783\" style=\"width: 800px\" class=\"wp-caption aligncenter\"><img fetchpriority=\"high\" decoding=\"async\" class=\"wp-image-30783 size-full\" src=\"https:\/\/mouldking.store\/wp-content\/uploads\/2022\/03\/CaDA-C61056-Remote-Control-Heavy-Bulldozer-116-1.jpg\" alt=\"CADA C61056 RC Heavy Bulldozer with 2826 pieces\" width=\"800\" height=\"800\" title=\"-\" srcset=\"https:\/\/mouldking.store\/wp-content\/uploads\/2022\/03\/CaDA-C61056-Remote-Control-Heavy-Bulldozer-116-1.jpg 800w, https:\/\/mouldking.store\/wp-content\/uploads\/2022\/03\/CaDA-C61056-Remote-Control-Heavy-Bulldozer-116-1-300x300.jpg 300w, https:\/\/mouldking.store\/wp-content\/uploads\/2022\/03\/CaDA-C61056-Remote-Control-Heavy-Bulldozer-116-1-768x768.jpg 768w, https:\/\/mouldking.store\/wp-content\/uploads\/2022\/03\/CaDA-C61056-Remote-Control-Heavy-Bulldozer-116-1-600x600.jpg 600w, https:\/\/mouldking.store\/wp-content\/uploads\/2022\/03\/CaDA-C61056-Remote-Control-Heavy-Bulldozer-116-1-150x150.jpg 150w\" sizes=\"(max-width: 800px) 100vw, 800px\" \/><figcaption id=\"caption-attachment-30783\" class=\"wp-caption-text\">CADA C61056 RC Heavy Bulldozer v\u1edbi 2826 mi\u1ebfng<\/figcaption><\/figure>\n<figure id=\"attachment_30782\" aria-describedby=\"caption-attachment-30782\" style=\"width: 629px\" class=\"wp-caption aligncenter\"><img decoding=\"async\" class=\"wp-image-30782 size-full\" src=\"https:\/\/mouldking.store\/wp-content\/uploads\/2022\/03\/CaDA-C61056-Remote-Control-Heavy-Bulldozer-116-15.jpg\" alt=\"CADA C61056 RC Heavy Bulldozer with 2826 pieces\" width=\"629\" height=\"1024\" title=\"-\" srcset=\"https:\/\/mouldking.store\/wp-content\/uploads\/2022\/03\/CaDA-C61056-Remote-Control-Heavy-Bulldozer-116-15.jpg 629w, https:\/\/mouldking.store\/wp-content\/uploads\/2022\/03\/CaDA-C61056-Remote-Control-Heavy-Bulldozer-116-15-184x300.jpg 184w, https:\/\/mouldking.store\/wp-content\/uploads\/2022\/03\/CaDA-C61056-Remote-Control-Heavy-Bulldozer-116-15-300x488.jpg 300w, https:\/\/mouldking.store\/wp-content\/uploads\/2022\/03\/CaDA-C61056-Remote-Control-Heavy-Bulldozer-116-15-600x977.jpg 600w, https:\/\/mouldking.store\/wp-content\/uploads\/2022\/03\/CaDA-C61056-Remote-Control-Heavy-Bulldozer-116-15-92x150.jpg 92w\" sizes=\"(max-width: 629px) 100vw, 629px\" \/><figcaption id=\"caption-attachment-30782\" class=\"wp-caption-text\">CADA C61056 RC Heavy Bulldozer v\u1edbi 2826 mi\u1ebfng<\/figcaption><\/figure>\n<figure id=\"attachment_30780\" aria-describedby=\"caption-attachment-30780\" style=\"width: 632px\" class=\"wp-caption aligncenter\"><img decoding=\"async\" class=\"wp-image-30780 size-full\" src=\"https:\/\/mouldking.store\/wp-content\/uploads\/2022\/03\/CaDA-C61056-Remote-Control-Heavy-Bulldozer-116-13.jpg\" alt=\"CADA C61056 RC Heavy Bulldozer with 2826 pieces\" width=\"632\" height=\"1024\" title=\"-\" srcset=\"https:\/\/mouldking.store\/wp-content\/uploads\/2022\/03\/CaDA-C61056-Remote-Control-Heavy-Bulldozer-116-13.jpg 632w, https:\/\/mouldking.store\/wp-content\/uploads\/2022\/03\/CaDA-C61056-Remote-Control-Heavy-Bulldozer-116-13-185x300.jpg 185w, https:\/\/mouldking.store\/wp-content\/uploads\/2022\/03\/CaDA-C61056-Remote-Control-Heavy-Bulldozer-116-13-300x486.jpg 300w, https:\/\/mouldking.store\/wp-content\/uploads\/2022\/03\/CaDA-C61056-Remote-Control-Heavy-Bulldozer-116-13-600x972.jpg 600w, https:\/\/mouldking.store\/wp-content\/uploads\/2022\/03\/CaDA-C61056-Remote-Control-Heavy-Bulldozer-116-13-93x150.jpg 93w\" sizes=\"(max-width: 632px) 100vw, 632px\" \/><figcaption id=\"caption-attachment-30780\" class=\"wp-caption-text\">CADA C61056 RC Heavy Bulldozer v\u1edbi 2826 mi\u1ebfng<\/figcaption><\/figure>\n<figure id=\"attachment_30768\" aria-describedby=\"caption-attachment-30768\" style=\"width: 800px\" class=\"wp-caption aligncenter\"><img loading=\"lazy\" decoding=\"async\" class=\"wp-image-30768 size-full\" src=\"https:\/\/mouldking.store\/wp-content\/uploads\/2022\/03\/CaDA-C61056-Remote-Control-Heavy-Bulldozer-116.jpg\" alt=\"CADA C61056 RC Heavy Bulldozer with 2826 pieces\" width=\"800\" height=\"800\" title=\"-\" srcset=\"https:\/\/mouldking.store\/wp-content\/uploads\/2022\/03\/CaDA-C61056-Remote-Control-Heavy-Bulldozer-116.jpg 800w, https:\/\/mouldking.store\/wp-content\/uploads\/2022\/03\/CaDA-C61056-Remote-Control-Heavy-Bulldozer-116-300x300.jpg 300w, https:\/\/mouldking.store\/wp-content\/uploads\/2022\/03\/CaDA-C61056-Remote-Control-Heavy-Bulldozer-116-768x768.jpg 768w, https:\/\/mouldking.store\/wp-content\/uploads\/2022\/03\/CaDA-C61056-Remote-Control-Heavy-Bulldozer-116-600x600.jpg 600w, https:\/\/mouldking.store\/wp-content\/uploads\/2022\/03\/CaDA-C61056-Remote-Control-Heavy-Bulldozer-116-150x150.jpg 150w\" sizes=\"(max-width: 800px) 100vw, 800px\" \/><figcaption id=\"caption-attachment-30768\" class=\"wp-caption-text\">CADA C61056 RC Heavy Bulldozer v\u1edbi 2826 mi\u1ebfng<\/figcaption><\/figure>\n<figure id=\"attachment_30779\" aria-describedby=\"caption-attachment-30779\" style=\"width: 662px\" class=\"wp-caption aligncenter\"><img loading=\"lazy\" decoding=\"async\" class=\"wp-image-30779 size-full\" src=\"https:\/\/mouldking.store\/wp-content\/uploads\/2022\/03\/CaDA-C61056-Remote-Control-Heavy-Bulldozer-116-12.jpg\" alt=\"CADA C61056 RC Heavy Bulldozer with 2826 pieces\" width=\"662\" height=\"1024\" title=\"-\" srcset=\"https:\/\/mouldking.store\/wp-content\/uploads\/2022\/03\/CaDA-C61056-Remote-Control-Heavy-Bulldozer-116-12.jpg 662w, https:\/\/mouldking.store\/wp-content\/uploads\/2022\/03\/CaDA-C61056-Remote-Control-Heavy-Bulldozer-116-12-194x300.jpg 194w, https:\/\/mouldking.store\/wp-content\/uploads\/2022\/03\/CaDA-C61056-Remote-Control-Heavy-Bulldozer-116-12-300x464.jpg 300w, https:\/\/mouldking.store\/wp-content\/uploads\/2022\/03\/CaDA-C61056-Remote-Control-Heavy-Bulldozer-116-12-600x928.jpg 600w, https:\/\/mouldking.store\/wp-content\/uploads\/2022\/03\/CaDA-C61056-Remote-Control-Heavy-Bulldozer-116-12-97x150.jpg 97w\" sizes=\"(max-width: 662px) 100vw, 662px\" \/><figcaption id=\"caption-attachment-30779\" class=\"wp-caption-text\">CADA C61056 RC Heavy Bulldozer v\u1edbi 2826 mi\u1ebfng<\/figcaption><\/figure>\n<figure id=\"attachment_30778\" aria-describedby=\"caption-attachment-30778\" style=\"width: 591px\" class=\"wp-caption aligncenter\"><img loading=\"lazy\" decoding=\"async\" class=\"wp-image-30778 size-full\" src=\"https:\/\/mouldking.store\/wp-content\/uploads\/2022\/03\/CaDA-C61056-Remote-Control-Heavy-Bulldozer-116-11.jpg\" alt=\"CADA C61056 RC Heavy Bulldozer with 2826 pieces\" width=\"591\" height=\"1024\" title=\"-\" srcset=\"https:\/\/mouldking.store\/wp-content\/uploads\/2022\/03\/CaDA-C61056-Remote-Control-Heavy-Bulldozer-116-11.jpg 591w, https:\/\/mouldking.store\/wp-content\/uploads\/2022\/03\/CaDA-C61056-Remote-Control-Heavy-Bulldozer-116-11-173x300.jpg 173w, https:\/\/mouldking.store\/wp-content\/uploads\/2022\/03\/CaDA-C61056-Remote-Control-Heavy-Bulldozer-116-11-300x520.jpg 300w, https:\/\/mouldking.store\/wp-content\/uploads\/2022\/03\/CaDA-C61056-Remote-Control-Heavy-Bulldozer-116-11-87x150.jpg 87w\" sizes=\"(max-width: 591px) 100vw, 591px\" \/><figcaption id=\"caption-attachment-30778\" class=\"wp-caption-text\">CADA C61056 RC Heavy Bulldozer v\u1edbi 2826 mi\u1ebfng<\/figcaption><\/figure>\n<figure id=\"attachment_30777\" aria-describedby=\"caption-attachment-30777\" style=\"width: 750px\" class=\"wp-caption aligncenter\"><img loading=\"lazy\" decoding=\"async\" class=\"wp-image-30777 size-full\" src=\"https:\/\/mouldking.store\/wp-content\/uploads\/2022\/03\/CaDA-C61056-Remote-Control-Heavy-Bulldozer-116-10.jpg\" alt=\"CADA C61056 RC Heavy Bulldozer with 2826 pieces\" width=\"750\" height=\"1024\" title=\"-\" srcset=\"https:\/\/mouldking.store\/wp-content\/uploads\/2022\/03\/CaDA-C61056-Remote-Control-Heavy-Bulldozer-116-10.jpg 750w, https:\/\/mouldking.store\/wp-content\/uploads\/2022\/03\/CaDA-C61056-Remote-Control-Heavy-Bulldozer-116-10-220x300.jpg 220w, https:\/\/mouldking.store\/wp-content\/uploads\/2022\/03\/CaDA-C61056-Remote-Control-Heavy-Bulldozer-116-10-300x410.jpg 300w, https:\/\/mouldking.store\/wp-content\/uploads\/2022\/03\/CaDA-C61056-Remote-Control-Heavy-Bulldozer-116-10-600x819.jpg 600w, https:\/\/mouldking.store\/wp-content\/uploads\/2022\/03\/CaDA-C61056-Remote-Control-Heavy-Bulldozer-116-10-110x150.jpg 110w\" sizes=\"(max-width: 750px) 100vw, 750px\" \/><figcaption id=\"caption-attachment-30777\" class=\"wp-caption-text\">CADA C61056 RC Heavy Bulldozer v\u1edbi 2826 mi\u1ebfng<\/figcaption><\/figure>\n<figure id=\"attachment_30770\" aria-describedby=\"caption-attachment-30770\" style=\"width: 673px\" class=\"wp-caption aligncenter\"><img loading=\"lazy\" decoding=\"async\" class=\"wp-image-30770 size-full\" src=\"https:\/\/mouldking.store\/wp-content\/uploads\/2022\/03\/CaDA-C61056-Remote-Control-Heavy-Bulldozer-116-3.jpg\" alt=\"CADA C61056 RC Heavy Bulldozer with 2826 pieces\" width=\"673\" height=\"1024\" title=\"-\" srcset=\"https:\/\/mouldking.store\/wp-content\/uploads\/2022\/03\/CaDA-C61056-Remote-Control-Heavy-Bulldozer-116-3.jpg 673w, https:\/\/mouldking.store\/wp-content\/uploads\/2022\/03\/CaDA-C61056-Remote-Control-Heavy-Bulldozer-116-3-197x300.jpg 197w, https:\/\/mouldking.store\/wp-content\/uploads\/2022\/03\/CaDA-C61056-Remote-Control-Heavy-Bulldozer-116-3-300x456.jpg 300w, https:\/\/mouldking.store\/wp-content\/uploads\/2022\/03\/CaDA-C61056-Remote-Control-Heavy-Bulldozer-116-3-600x913.jpg 600w, https:\/\/mouldking.store\/wp-content\/uploads\/2022\/03\/CaDA-C61056-Remote-Control-Heavy-Bulldozer-116-3-99x150.jpg 99w\" sizes=\"(max-width: 673px) 100vw, 673px\" \/><figcaption id=\"caption-attachment-30770\" class=\"wp-caption-text\">CADA C61056 RC Heavy Bulldozer v\u1edbi 2826 mi\u1ebfng<\/figcaption><\/figure>\n<figure id=\"attachment_30773\" aria-describedby=\"caption-attachment-30773\" style=\"width: 717px\" class=\"wp-caption aligncenter\"><img loading=\"lazy\" decoding=\"async\" class=\"wp-image-30773 size-full\" src=\"https:\/\/mouldking.store\/wp-content\/uploads\/2022\/03\/CaDA-C61056-Remote-Control-Heavy-Bulldozer-116-6.jpg\" alt=\"CADA C61056 RC Heavy Bulldozer with 2826 pieces\" width=\"717\" height=\"1024\" title=\"-\" srcset=\"https:\/\/mouldking.store\/wp-content\/uploads\/2022\/03\/CaDA-C61056-Remote-Control-Heavy-Bulldozer-116-6.jpg 717w, https:\/\/mouldking.store\/wp-content\/uploads\/2022\/03\/CaDA-C61056-Remote-Control-Heavy-Bulldozer-116-6-210x300.jpg 210w, https:\/\/mouldking.store\/wp-content\/uploads\/2022\/03\/CaDA-C61056-Remote-Control-Heavy-Bulldozer-116-6-300x428.jpg 300w, https:\/\/mouldking.store\/wp-content\/uploads\/2022\/03\/CaDA-C61056-Remote-Control-Heavy-Bulldozer-116-6-600x857.jpg 600w, https:\/\/mouldking.store\/wp-content\/uploads\/2022\/03\/CaDA-C61056-Remote-Control-Heavy-Bulldozer-116-6-105x150.jpg 105w\" sizes=\"(max-width: 717px) 100vw, 717px\" \/><figcaption id=\"caption-attachment-30773\" class=\"wp-caption-text\">CADA C61056 RC Heavy Bulldozer v\u1edbi 2826 mi\u1ebfng<\/figcaption><\/figure>\n<figure id=\"attachment_30772\" aria-describedby=\"caption-attachment-30772\" style=\"width: 687px\" class=\"wp-caption aligncenter\"><img loading=\"lazy\" decoding=\"async\" class=\"wp-image-30772 size-full\" src=\"https:\/\/mouldking.store\/wp-content\/uploads\/2022\/03\/CaDA-C61056-Remote-Control-Heavy-Bulldozer-116-5.jpg\" alt=\"CADA C61056 RC Heavy Bulldozer with 2826 pieces\" width=\"687\" height=\"1024\" title=\"-\" srcset=\"https:\/\/mouldking.store\/wp-content\/uploads\/2022\/03\/CaDA-C61056-Remote-Control-Heavy-Bulldozer-116-5.jpg 687w, https:\/\/mouldking.store\/wp-content\/uploads\/2022\/03\/CaDA-C61056-Remote-Control-Heavy-Bulldozer-116-5-201x300.jpg 201w, https:\/\/mouldking.store\/wp-content\/uploads\/2022\/03\/CaDA-C61056-Remote-Control-Heavy-Bulldozer-116-5-300x447.jpg 300w, https:\/\/mouldking.store\/wp-content\/uploads\/2022\/03\/CaDA-C61056-Remote-Control-Heavy-Bulldozer-116-5-600x894.jpg 600w, https:\/\/mouldking.store\/wp-content\/uploads\/2022\/03\/CaDA-C61056-Remote-Control-Heavy-Bulldozer-116-5-101x150.jpg 101w\" sizes=\"(max-width: 687px) 100vw, 687px\" \/><figcaption id=\"caption-attachment-30772\" class=\"wp-caption-text\">CADA C61056 RC Heavy Bulldozer v\u1edbi 2826 mi\u1ebfng<\/figcaption><\/figure>\n<figure id=\"attachment_30774\" aria-describedby=\"caption-attachment-30774\" style=\"width: 790px\" class=\"wp-caption aligncenter\"><img loading=\"lazy\" decoding=\"async\" class=\"wp-image-30774 size-full\" src=\"https:\/\/mouldking.store\/wp-content\/uploads\/2022\/03\/CaDA-C61056-Remote-Control-Heavy-Bulldozer-116-7.jpg\" alt=\"CADA C61056 RC Heavy Bulldozer with 2826 pieces\" width=\"790\" height=\"766\" title=\"-\" srcset=\"https:\/\/mouldking.store\/wp-content\/uploads\/2022\/03\/CaDA-C61056-Remote-Control-Heavy-Bulldozer-116-7.jpg 790w, https:\/\/mouldking.store\/wp-content\/uploads\/2022\/03\/CaDA-C61056-Remote-Control-Heavy-Bulldozer-116-7-300x291.jpg 300w, https:\/\/mouldking.store\/wp-content\/uploads\/2022\/03\/CaDA-C61056-Remote-Control-Heavy-Bulldozer-116-7-768x745.jpg 768w, https:\/\/mouldking.store\/wp-content\/uploads\/2022\/03\/CaDA-C61056-Remote-Control-Heavy-Bulldozer-116-7-600x582.jpg 600w, https:\/\/mouldking.store\/wp-content\/uploads\/2022\/03\/CaDA-C61056-Remote-Control-Heavy-Bulldozer-116-7-150x145.jpg 150w\" sizes=\"(max-width: 790px) 100vw, 790px\" \/><figcaption id=\"caption-attachment-30774\" class=\"wp-caption-text\">CADA C61056 RC Heavy Bulldozer v\u1edbi 2826 mi\u1ebfng<\/figcaption><\/figure>\n<figure id=\"attachment_30776\" aria-describedby=\"caption-attachment-30776\" style=\"width: 790px\" class=\"wp-caption aligncenter\"><img loading=\"lazy\" decoding=\"async\" class=\"wp-image-30776 size-full\" src=\"https:\/\/mouldking.store\/wp-content\/uploads\/2022\/03\/CaDA-C61056-Remote-Control-Heavy-Bulldozer-116-9.jpg\" alt=\"CADA C61056 RC Heavy Bulldozer with 2826 pieces\" width=\"790\" height=\"889\" title=\"-\" srcset=\"https:\/\/mouldking.store\/wp-content\/uploads\/2022\/03\/CaDA-C61056-Remote-Control-Heavy-Bulldozer-116-9.jpg 790w, https:\/\/mouldking.store\/wp-content\/uploads\/2022\/03\/CaDA-C61056-Remote-Control-Heavy-Bulldozer-116-9-267x300.jpg 267w, https:\/\/mouldking.store\/wp-content\/uploads\/2022\/03\/CaDA-C61056-Remote-Control-Heavy-Bulldozer-116-9-768x864.jpg 768w, https:\/\/mouldking.store\/wp-content\/uploads\/2022\/03\/CaDA-C61056-Remote-Control-Heavy-Bulldozer-116-9-300x338.jpg 300w, https:\/\/mouldking.store\/wp-content\/uploads\/2022\/03\/CaDA-C61056-Remote-Control-Heavy-Bulldozer-116-9-600x675.jpg 600w, https:\/\/mouldking.store\/wp-content\/uploads\/2022\/03\/CaDA-C61056-Remote-Control-Heavy-Bulldozer-116-9-133x150.jpg 133w\" sizes=\"(max-width: 790px) 100vw, 790px\" \/><figcaption id=\"caption-attachment-30776\" class=\"wp-caption-text\">CADA C61056 RC Heavy Bulldozer v\u1edbi 2826 mi\u1ebfng<\/figcaption><\/figure>\n<figure id=\"attachment_30775\" aria-describedby=\"caption-attachment-30775\" style=\"width: 753px\" class=\"wp-caption aligncenter\"><img loading=\"lazy\" decoding=\"async\" class=\"wp-image-30775 size-full\" src=\"https:\/\/mouldking.store\/wp-content\/uploads\/2022\/03\/CaDA-C61056-Remote-Control-Heavy-Bulldozer-116-8.jpg\" alt=\"CADA C61056 RC Heavy Bulldozer with 2826 pieces\" width=\"753\" height=\"1024\" title=\"-\" srcset=\"https:\/\/mouldking.store\/wp-content\/uploads\/2022\/03\/CaDA-C61056-Remote-Control-Heavy-Bulldozer-116-8.jpg 753w, https:\/\/mouldking.store\/wp-content\/uploads\/2022\/03\/CaDA-C61056-Remote-Control-Heavy-Bulldozer-116-8-221x300.jpg 221w, https:\/\/mouldking.store\/wp-content\/uploads\/2022\/03\/CaDA-C61056-Remote-Control-Heavy-Bulldozer-116-8-300x408.jpg 300w, https:\/\/mouldking.store\/wp-content\/uploads\/2022\/03\/CaDA-C61056-Remote-Control-Heavy-Bulldozer-116-8-600x816.jpg 600w, https:\/\/mouldking.store\/wp-content\/uploads\/2022\/03\/CaDA-C61056-Remote-Control-Heavy-Bulldozer-116-8-110x150.jpg 110w\" sizes=\"(max-width: 753px) 100vw, 753px\" \/><figcaption id=\"caption-attachment-30775\" class=\"wp-caption-text\">CADA C61056 RC Heavy Bulldozer v\u1edbi 2826 mi\u1ebfng<\/figcaption><\/figure>\n<figure id=\"attachment_30771\" aria-describedby=\"caption-attachment-30771\" style=\"width: 504px\" class=\"wp-caption aligncenter\"><img loading=\"lazy\" decoding=\"async\" class=\"wp-image-30771 size-full\" src=\"https:\/\/mouldking.store\/wp-content\/uploads\/2022\/03\/CaDA-C61056-Remote-Control-Heavy-Bulldozer-116-4.jpg\" alt=\"CADA C61056 RC Heavy Bulldozer with 2826 pieces\" width=\"504\" height=\"1024\" title=\"-\" srcset=\"https:\/\/mouldking.store\/wp-content\/uploads\/2022\/03\/CaDA-C61056-Remote-Control-Heavy-Bulldozer-116-4.jpg 504w, https:\/\/mouldking.store\/wp-content\/uploads\/2022\/03\/CaDA-C61056-Remote-Control-Heavy-Bulldozer-116-4-148x300.jpg 148w, https:\/\/mouldking.store\/wp-content\/uploads\/2022\/03\/CaDA-C61056-Remote-Control-Heavy-Bulldozer-116-4-300x610.jpg 300w, https:\/\/mouldking.store\/wp-content\/uploads\/2022\/03\/CaDA-C61056-Remote-Control-Heavy-Bulldozer-116-4-74x150.jpg 74w\" sizes=\"(max-width: 504px) 100vw, 504px\" \/><figcaption id=\"caption-attachment-30771\" class=\"wp-caption-text\">CADA C61056 RC Heavy Bulldozer v\u1edbi 2826 mi\u1ebfng<\/figcaption><\/figure>\n<figure id=\"attachment_30781\" aria-describedby=\"caption-attachment-30781\" style=\"width: 530px\" class=\"wp-caption aligncenter\"><img loading=\"lazy\" decoding=\"async\" class=\"wp-image-30781 size-full\" src=\"https:\/\/mouldking.store\/wp-content\/uploads\/2022\/03\/CaDA-C61056-Remote-Control-Heavy-Bulldozer-116-14.jpg\" alt=\"CADA C61056 RC Heavy Bulldozer with 2826 pieces\" width=\"530\" height=\"1024\" title=\"-\" srcset=\"https:\/\/mouldking.store\/wp-content\/uploads\/2022\/03\/CaDA-C61056-Remote-Control-Heavy-Bulldozer-116-14.jpg 530w, https:\/\/mouldking.store\/wp-content\/uploads\/2022\/03\/CaDA-C61056-Remote-Control-Heavy-Bulldozer-116-14-155x300.jpg 155w, https:\/\/mouldking.store\/wp-content\/uploads\/2022\/03\/CaDA-C61056-Remote-Control-Heavy-Bulldozer-116-14-300x580.jpg 300w, https:\/\/mouldking.store\/wp-content\/uploads\/2022\/03\/CaDA-C61056-Remote-Control-Heavy-Bulldozer-116-14-78x150.jpg 78w\" sizes=\"(max-width: 530px) 100vw, 530px\" \/><figcaption id=\"caption-attachment-30781\" class=\"wp-caption-text\">CADA C61056 RC Heavy Bulldozer v\u1edbi 2826 mi\u1ebfng<\/figcaption><\/figure>\n<figure id=\"attachment_30769\" aria-describedby=\"caption-attachment-30769\" style=\"width: 782px\" class=\"wp-caption aligncenter\"><img loading=\"lazy\" decoding=\"async\" class=\"wp-image-30769 size-full\" src=\"https:\/\/mouldking.store\/wp-content\/uploads\/2022\/03\/CaDA-C61056-Remote-Control-Heavy-Bulldozer-116-2.jpg\" alt=\"CADA C61056 RC Heavy Bulldozer with 2826 pieces\" width=\"782\" height=\"1024\" title=\"-\" srcset=\"https:\/\/mouldking.store\/wp-content\/uploads\/2022\/03\/CaDA-C61056-Remote-Control-Heavy-Bulldozer-116-2.jpg 782w, https:\/\/mouldking.store\/wp-content\/uploads\/2022\/03\/CaDA-C61056-Remote-Control-Heavy-Bulldozer-116-2-229x300.jpg 229w, https:\/\/mouldking.store\/wp-content\/uploads\/2022\/03\/CaDA-C61056-Remote-Control-Heavy-Bulldozer-116-2-768x1006.jpg 768w, https:\/\/mouldking.store\/wp-content\/uploads\/2022\/03\/CaDA-C61056-Remote-Control-Heavy-Bulldozer-116-2-300x393.jpg 300w, https:\/\/mouldking.store\/wp-content\/uploads\/2022\/03\/CaDA-C61056-Remote-Control-Heavy-Bulldozer-116-2-600x786.jpg 600w, https:\/\/mouldking.store\/wp-content\/uploads\/2022\/03\/CaDA-C61056-Remote-Control-Heavy-Bulldozer-116-2-115x150.jpg 115w\" sizes=\"(max-width: 782px) 100vw, 782px\" \/><figcaption id=\"caption-attachment-30769\" class=\"wp-caption-text\">CADA C61056 RC Heavy Bulldozer v\u1edbi 2826 mi\u1ebfng<\/figcaption><\/figure>","protected":false},"excerpt":{"rendered":"<p>Product information: Brand: CADA Gender: Unisex Name: RC Heavy Bulldozer Age Range: &gt; 6 years old Model Number: C61056 Classification: Assemblage Plastic Block Shape: Self-Locking Bricks Material: Plastic Plastic Type: ABS Bricks Blocks: 2826 PCS Contains detailed assembly instructions. Notice: 1. Without an original box, but we guarantee our products have quality assurance and nice [&hellip;]<\/p>","protected":false},"featured_media":30783,"comment_status":"closed","ping_status":"closed","template":"","meta":{"_acf_changed":false},"product_cat":[364],"product_tag":[2211,5290,1916,5288,5287,5286,5291,481,5289],"class_list":["product","first","instock","shipping-taxable","purchasable","product-type-simple"],"acf":[],"_links":{"self":[{"href":"https:\/\/mouldking.store\/vi\/wp-json\/wp\/v2\/product\/30767","targetHints":{"allow":["GET"]}}],"collection":[{"href":"https:\/\/mouldking.store\/vi\/wp-json\/wp\/v2\/product"}],"about":[{"href":"https:\/\/mouldking.store\/vi\/wp-json\/wp\/v2\/types\/product"}],"replies":[{"embeddable":true,"href":"https:\/\/mouldking.store\/vi\/wp-json\/wp\/v2\/comments?post=30767"}],"wp:featuredmedia":[{"embeddable":true,"href":"https:\/\/mouldking.store\/vi\/wp-json\/wp\/v2\/media\/30783"}],"wp:attachment":[{"href":"https:\/\/mouldking.store\/vi\/wp-json\/wp\/v2\/media?parent=30767"}],"wp:term":[{"taxonomy":"product_cat","embeddable":true,"href":"https:\/\/mouldking.store\/vi\/wp-json\/wp\/v2\/product_cat?post=30767"},{"taxonomy":"product_tag","embeddable":true,"href":"https:\/\/mouldking.store\/vi\/wp-json\/wp\/v2\/product_tag?post=30767"}],"curies":[{"name":"wp","href":"https:\/\/api.w.org\/{rel}","templated":true}]}}