{"id":30784,"date":"2022-03-08T16:39:09","date_gmt":"2022-03-08T09:39:09","guid":{"rendered":"https:\/\/mouldking.store\/?post_type=product&#038;p=30784"},"modified":"2023-04-13T18:12:08","modified_gmt":"2023-04-13T11:12:08","slug":"qman-23016-z-20-tactical-utility-helicopter-with-1816-pieces","status":"publish","type":"product","link":"https:\/\/mouldking.store\/vi\/shop\/qman-23016-z-20-tactical-utility-helicopter-with-1816-pieces\/","title":{"rendered":"M\u00e1y bay tr\u1ef1c th\u0103ng chi\u1ebfn thu\u1eadt Qman 23016 Z-20 v\u1edbi 1816 m\u1ea3nh gh\u00e9p"},"content":{"rendered":"<p>Th\u00f4ng tin s\u1ea3n ph\u1ea9m:<\/p>\n<ol>\n<li>Th\u01b0\u01a1ng hi\u1ec7u: Qman<\/li>\n<li>Gi\u1edbi t\u00ednh: Unisex<\/li>\n<li>Name: Z-20 Tactical Utility Helicopter<\/li>\n<li>\u0110\u1ed9 tu\u1ed5i: &gt; 6 tu\u1ed5i<\/li>\n<li>Model Number: 23016<\/li>\n<li>Ph\u00e2n lo\u1ea1i: T\u1eadp h\u1ee3p<\/li>\n<li>H\u00ecnh d\u1ea1ng kh\u1ed1i nh\u1ef1a: G\u1ea1ch t\u1ef1 kh\u00f3a<\/li>\n<li>Ch\u1ea5t li\u1ec7u: Nh\u1ef1a<\/li>\n<li>Lo\u1ea1i nh\u1ef1a: ABS<\/li>\n<li>Bricks Blocks: 1816 PCS<\/li>\n<li>Ch\u1ee9a h\u01b0\u1edbng d\u1eabn l\u1eafp r\u00e1p chi ti\u1ebft.<\/li>\n<\/ol>\n<p>\u0110\u1ec3 \u00fd:<br \/>\n1. Kh\u00f4ng c\u00f3 h\u1ed9p ban \u0111\u1ea7u, nh\u01b0ng ch\u00fang t\u00f4i \u0111\u1ea3m b\u1ea3o s\u1ea3n ph\u1ea9m c\u1ee7a ch\u00fang t\u00f4i c\u00f3 ch\u1ea5t l\u01b0\u1ee3ng \u0111\u1ea3m b\u1ea3o v\u00e0 bao b\u00ec \u0111\u1eb9p.<br \/>\n2. V\u00ec t\u1ea5t c\u1ea3 c\u00e1c b\u1ed9 ph\u1eadn ch\u00fang t\u00f4i \u0111\u00e3 ki\u1ec3m tra tr\u01b0\u1edbc khi v\u1eadn chuy\u1ec3n, v\u00ec v\u1eady n\u1ebfu b\u1ea1n th\u1ea5y m\u1ed9t s\u1ed1 b\u1ed9 ph\u1eadn b\u1ecb thi\u1ebfu ho\u1eb7c h\u01b0 h\u1ecfng, \u0111\u1eebng lo l\u1eafng v\u00e0 ch\u1ec9 c\u1ea7n vui l\u00f2ng li\u00ean h\u1ec7 v\u1edbi ch\u00fang t\u00f4i v\u00e0 ch\u00fang t\u00f4i c\u00f3 th\u1ec3 g\u1eedi l\u1ea1i mi\u1ec5n ph\u00ed cho b\u1ea1n ngay l\u1eadp t\u1ee9c.<\/p>\n<figure id=\"attachment_30785\" aria-describedby=\"caption-attachment-30785\" style=\"width: 800px\" class=\"wp-caption aligncenter\"><img fetchpriority=\"high\" decoding=\"async\" class=\"wp-image-30785 size-full\" src=\"https:\/\/mouldking.store\/wp-content\/uploads\/2022\/03\/Qman-23016-Z-20-Tactical-Utility-Helicopter-1.jpg\" alt=\"Qman 23016 Z-20 Tactical Utility Helicopter with 1816 pieces\" width=\"800\" height=\"800\" title=\"-\" srcset=\"https:\/\/mouldking.store\/wp-content\/uploads\/2022\/03\/Qman-23016-Z-20-Tactical-Utility-Helicopter-1.jpg 800w, https:\/\/mouldking.store\/wp-content\/uploads\/2022\/03\/Qman-23016-Z-20-Tactical-Utility-Helicopter-1-300x300.jpg 300w, https:\/\/mouldking.store\/wp-content\/uploads\/2022\/03\/Qman-23016-Z-20-Tactical-Utility-Helicopter-1-768x768.jpg 768w, https:\/\/mouldking.store\/wp-content\/uploads\/2022\/03\/Qman-23016-Z-20-Tactical-Utility-Helicopter-1-600x600.jpg 600w, https:\/\/mouldking.store\/wp-content\/uploads\/2022\/03\/Qman-23016-Z-20-Tactical-Utility-Helicopter-1-150x150.jpg 150w\" sizes=\"(max-width: 800px) 100vw, 800px\" \/><figcaption id=\"caption-attachment-30785\" class=\"wp-caption-text\">M\u00e1y bay tr\u1ef1c th\u0103ng chi\u1ebfn thu\u1eadt Qman 23016 Z-20 v\u1edbi 1816 m\u1ea3nh gh\u00e9p<\/figcaption><\/figure>\n<figure id=\"attachment_30792\" aria-describedby=\"caption-attachment-30792\" style=\"width: 800px\" class=\"wp-caption aligncenter\"><img decoding=\"async\" class=\"wp-image-30792 size-full\" src=\"https:\/\/mouldking.store\/wp-content\/uploads\/2022\/03\/Qman-23016-Z-20-Tactical-Utility-Helicopter-7.jpg\" alt=\"Qman 23016 Z-20 Tactical Utility Helicopter with 1816 pieces\" width=\"800\" height=\"800\" title=\"-\" srcset=\"https:\/\/mouldking.store\/wp-content\/uploads\/2022\/03\/Qman-23016-Z-20-Tactical-Utility-Helicopter-7.jpg 800w, https:\/\/mouldking.store\/wp-content\/uploads\/2022\/03\/Qman-23016-Z-20-Tactical-Utility-Helicopter-7-300x300.jpg 300w, https:\/\/mouldking.store\/wp-content\/uploads\/2022\/03\/Qman-23016-Z-20-Tactical-Utility-Helicopter-7-768x768.jpg 768w, https:\/\/mouldking.store\/wp-content\/uploads\/2022\/03\/Qman-23016-Z-20-Tactical-Utility-Helicopter-7-600x600.jpg 600w, https:\/\/mouldking.store\/wp-content\/uploads\/2022\/03\/Qman-23016-Z-20-Tactical-Utility-Helicopter-7-150x150.jpg 150w\" sizes=\"(max-width: 800px) 100vw, 800px\" \/><figcaption id=\"caption-attachment-30792\" class=\"wp-caption-text\">M\u00e1y bay tr\u1ef1c th\u0103ng chi\u1ebfn thu\u1eadt Qman 23016 Z-20 v\u1edbi 1816 m\u1ea3nh gh\u00e9p<\/figcaption><\/figure>\n<figure id=\"attachment_30791\" aria-describedby=\"caption-attachment-30791\" style=\"width: 800px\" class=\"wp-caption aligncenter\"><img decoding=\"async\" class=\"wp-image-30791 size-full\" src=\"https:\/\/mouldking.store\/wp-content\/uploads\/2022\/03\/Qman-23016-Z-20-Tactical-Utility-Helicopter-6.jpg\" alt=\"Qman 23016 Z-20 Tactical Utility Helicopter with 1816 pieces\" width=\"800\" height=\"800\" title=\"-\" srcset=\"https:\/\/mouldking.store\/wp-content\/uploads\/2022\/03\/Qman-23016-Z-20-Tactical-Utility-Helicopter-6.jpg 800w, https:\/\/mouldking.store\/wp-content\/uploads\/2022\/03\/Qman-23016-Z-20-Tactical-Utility-Helicopter-6-300x300.jpg 300w, https:\/\/mouldking.store\/wp-content\/uploads\/2022\/03\/Qman-23016-Z-20-Tactical-Utility-Helicopter-6-768x768.jpg 768w, https:\/\/mouldking.store\/wp-content\/uploads\/2022\/03\/Qman-23016-Z-20-Tactical-Utility-Helicopter-6-600x600.jpg 600w, https:\/\/mouldking.store\/wp-content\/uploads\/2022\/03\/Qman-23016-Z-20-Tactical-Utility-Helicopter-6-150x150.jpg 150w\" sizes=\"(max-width: 800px) 100vw, 800px\" \/><figcaption id=\"caption-attachment-30791\" class=\"wp-caption-text\">M\u00e1y bay tr\u1ef1c th\u0103ng chi\u1ebfn thu\u1eadt Qman 23016 Z-20 v\u1edbi 1816 m\u1ea3nh gh\u00e9p<\/figcaption><\/figure>\n<figure id=\"attachment_30790\" aria-describedby=\"caption-attachment-30790\" style=\"width: 743px\" class=\"wp-caption aligncenter\"><img loading=\"lazy\" decoding=\"async\" class=\"wp-image-30790 size-full\" src=\"https:\/\/mouldking.store\/wp-content\/uploads\/2022\/03\/Qman-23016-Z-20-Tactical-Utility-Helicopter-5.jpg\" alt=\"Qman 23016 Z-20 Tactical Utility Helicopter with 1816 pieces\" width=\"743\" height=\"1024\" title=\"-\" srcset=\"https:\/\/mouldking.store\/wp-content\/uploads\/2022\/03\/Qman-23016-Z-20-Tactical-Utility-Helicopter-5.jpg 743w, https:\/\/mouldking.store\/wp-content\/uploads\/2022\/03\/Qman-23016-Z-20-Tactical-Utility-Helicopter-5-218x300.jpg 218w, https:\/\/mouldking.store\/wp-content\/uploads\/2022\/03\/Qman-23016-Z-20-Tactical-Utility-Helicopter-5-300x413.jpg 300w, https:\/\/mouldking.store\/wp-content\/uploads\/2022\/03\/Qman-23016-Z-20-Tactical-Utility-Helicopter-5-600x827.jpg 600w, https:\/\/mouldking.store\/wp-content\/uploads\/2022\/03\/Qman-23016-Z-20-Tactical-Utility-Helicopter-5-109x150.jpg 109w\" sizes=\"(max-width: 743px) 100vw, 743px\" \/><figcaption id=\"caption-attachment-30790\" class=\"wp-caption-text\">M\u00e1y bay tr\u1ef1c th\u0103ng chi\u1ebfn thu\u1eadt Qman 23016 Z-20 v\u1edbi 1816 m\u1ea3nh gh\u00e9p<\/figcaption><\/figure>\n<figure id=\"attachment_30789\" aria-describedby=\"caption-attachment-30789\" style=\"width: 646px\" class=\"wp-caption aligncenter\"><img loading=\"lazy\" decoding=\"async\" class=\"wp-image-30789 size-full\" src=\"https:\/\/mouldking.store\/wp-content\/uploads\/2022\/03\/Qman-23016-Z-20-Tactical-Utility-Helicopter-4.jpg\" alt=\"Qman 23016 Z-20 Tactical Utility Helicopter with 1816 pieces\" width=\"646\" height=\"1024\" title=\"-\" srcset=\"https:\/\/mouldking.store\/wp-content\/uploads\/2022\/03\/Qman-23016-Z-20-Tactical-Utility-Helicopter-4.jpg 646w, https:\/\/mouldking.store\/wp-content\/uploads\/2022\/03\/Qman-23016-Z-20-Tactical-Utility-Helicopter-4-189x300.jpg 189w, https:\/\/mouldking.store\/wp-content\/uploads\/2022\/03\/Qman-23016-Z-20-Tactical-Utility-Helicopter-4-300x476.jpg 300w, https:\/\/mouldking.store\/wp-content\/uploads\/2022\/03\/Qman-23016-Z-20-Tactical-Utility-Helicopter-4-600x951.jpg 600w, https:\/\/mouldking.store\/wp-content\/uploads\/2022\/03\/Qman-23016-Z-20-Tactical-Utility-Helicopter-4-95x150.jpg 95w\" sizes=\"(max-width: 646px) 100vw, 646px\" \/><figcaption id=\"caption-attachment-30789\" class=\"wp-caption-text\">M\u00e1y bay tr\u1ef1c th\u0103ng chi\u1ebfn thu\u1eadt Qman 23016 Z-20 v\u1edbi 1816 m\u1ea3nh gh\u00e9p<\/figcaption><\/figure>\n<figure id=\"attachment_30786\" aria-describedby=\"caption-attachment-30786\" style=\"width: 682px\" class=\"wp-caption aligncenter\"><img loading=\"lazy\" decoding=\"async\" class=\"wp-image-30786 size-full\" src=\"https:\/\/mouldking.store\/wp-content\/uploads\/2022\/03\/Qman-23016-Z-20-Tactical-Utility-Helicopter-1.png\" alt=\"Qman 23016 Z-20 Tactical Utility Helicopter with 1816 pieces\" width=\"682\" height=\"641\" title=\"-\" srcset=\"https:\/\/mouldking.store\/wp-content\/uploads\/2022\/03\/Qman-23016-Z-20-Tactical-Utility-Helicopter-1.png 682w, https:\/\/mouldking.store\/wp-content\/uploads\/2022\/03\/Qman-23016-Z-20-Tactical-Utility-Helicopter-1-300x282.png 300w, https:\/\/mouldking.store\/wp-content\/uploads\/2022\/03\/Qman-23016-Z-20-Tactical-Utility-Helicopter-1-600x564.png 600w, https:\/\/mouldking.store\/wp-content\/uploads\/2022\/03\/Qman-23016-Z-20-Tactical-Utility-Helicopter-1-150x141.png 150w\" sizes=\"(max-width: 682px) 100vw, 682px\" \/><figcaption id=\"caption-attachment-30786\" class=\"wp-caption-text\">M\u00e1y bay tr\u1ef1c th\u0103ng chi\u1ebfn thu\u1eadt Qman 23016 Z-20 v\u1edbi 1816 m\u1ea3nh gh\u00e9p<\/figcaption><\/figure>\n<figure id=\"attachment_30788\" aria-describedby=\"caption-attachment-30788\" style=\"width: 561px\" class=\"wp-caption aligncenter\"><img loading=\"lazy\" decoding=\"async\" class=\"wp-image-30788 size-full\" src=\"https:\/\/mouldking.store\/wp-content\/uploads\/2022\/03\/Qman-23016-Z-20-Tactical-Utility-Helicopter-3.jpg\" alt=\"Qman 23016 Z-20 Tactical Utility Helicopter with 1816 pieces\" width=\"561\" height=\"1024\" title=\"-\" srcset=\"https:\/\/mouldking.store\/wp-content\/uploads\/2022\/03\/Qman-23016-Z-20-Tactical-Utility-Helicopter-3.jpg 561w, https:\/\/mouldking.store\/wp-content\/uploads\/2022\/03\/Qman-23016-Z-20-Tactical-Utility-Helicopter-3-164x300.jpg 164w, https:\/\/mouldking.store\/wp-content\/uploads\/2022\/03\/Qman-23016-Z-20-Tactical-Utility-Helicopter-3-300x548.jpg 300w, https:\/\/mouldking.store\/wp-content\/uploads\/2022\/03\/Qman-23016-Z-20-Tactical-Utility-Helicopter-3-82x150.jpg 82w\" sizes=\"(max-width: 561px) 100vw, 561px\" \/><figcaption id=\"caption-attachment-30788\" class=\"wp-caption-text\">M\u00e1y bay tr\u1ef1c th\u0103ng chi\u1ebfn thu\u1eadt Qman 23016 Z-20 v\u1edbi 1816 m\u1ea3nh gh\u00e9p<\/figcaption><\/figure>\n<figure id=\"attachment_30787\" aria-describedby=\"caption-attachment-30787\" style=\"width: 725px\" class=\"wp-caption aligncenter\"><img loading=\"lazy\" decoding=\"async\" class=\"wp-image-30787 size-full\" src=\"https:\/\/mouldking.store\/wp-content\/uploads\/2022\/03\/Qman-23016-Z-20-Tactical-Utility-Helicopter-2.jpg\" alt=\"Qman 23016 Z-20 Tactical Utility Helicopter with 1816 pieces\" width=\"725\" height=\"1024\" title=\"-\" srcset=\"https:\/\/mouldking.store\/wp-content\/uploads\/2022\/03\/Qman-23016-Z-20-Tactical-Utility-Helicopter-2.jpg 725w, https:\/\/mouldking.store\/wp-content\/uploads\/2022\/03\/Qman-23016-Z-20-Tactical-Utility-Helicopter-2-212x300.jpg 212w, https:\/\/mouldking.store\/wp-content\/uploads\/2022\/03\/Qman-23016-Z-20-Tactical-Utility-Helicopter-2-300x424.jpg 300w, https:\/\/mouldking.store\/wp-content\/uploads\/2022\/03\/Qman-23016-Z-20-Tactical-Utility-Helicopter-2-600x847.jpg 600w, https:\/\/mouldking.store\/wp-content\/uploads\/2022\/03\/Qman-23016-Z-20-Tactical-Utility-Helicopter-2-106x150.jpg 106w\" sizes=\"(max-width: 725px) 100vw, 725px\" \/><figcaption id=\"caption-attachment-30787\" class=\"wp-caption-text\">M\u00e1y bay tr\u1ef1c th\u0103ng chi\u1ebfn thu\u1eadt Qman 23016 Z-20 v\u1edbi 1816 m\u1ea3nh gh\u00e9p<\/figcaption><\/figure>","protected":false},"excerpt":{"rendered":"<p>Product information: Brand: Qman Gender: Unisex Name: Z-20 Tactical Utility Helicopter Age Range: &gt; 6 years old Model Number: 23016 Classification: Assemblage Plastic Block Shape: Self-Locking Bricks Material: Plastic Plastic Type: ABS Bricks Blocks: 1816 PCS Contains detailed assembly instructions. Notice: 1. Without an original box, but we guarantee our products have quality assurance and [&hellip;]<\/p>","protected":false},"featured_media":30785,"comment_status":"closed","ping_status":"closed","template":"","meta":{"_acf_changed":false},"product_cat":[372],"product_tag":[1745,5298,4125,5294,5293,5292,5297,5296,5295],"class_list":["product","first","instock","shipping-taxable","purchasable","product-type-simple"],"acf":[],"_links":{"self":[{"href":"https:\/\/mouldking.store\/vi\/wp-json\/wp\/v2\/product\/30784","targetHints":{"allow":["GET"]}}],"collection":[{"href":"https:\/\/mouldking.store\/vi\/wp-json\/wp\/v2\/product"}],"about":[{"href":"https:\/\/mouldking.store\/vi\/wp-json\/wp\/v2\/types\/product"}],"replies":[{"embeddable":true,"href":"https:\/\/mouldking.store\/vi\/wp-json\/wp\/v2\/comments?post=30784"}],"wp:featuredmedia":[{"embeddable":true,"href":"https:\/\/mouldking.store\/vi\/wp-json\/wp\/v2\/media\/30785"}],"wp:attachment":[{"href":"https:\/\/mouldking.store\/vi\/wp-json\/wp\/v2\/media?parent=30784"}],"wp:term":[{"taxonomy":"product_cat","embeddable":true,"href":"https:\/\/mouldking.store\/vi\/wp-json\/wp\/v2\/product_cat?post=30784"},{"taxonomy":"product_tag","embeddable":true,"href":"https:\/\/mouldking.store\/vi\/wp-json\/wp\/v2\/product_tag?post=30784"}],"curies":[{"name":"wp","href":"https:\/\/api.w.org\/{rel}","templated":true}]}}