{"id":30793,"date":"2022-03-08T16:51:49","date_gmt":"2022-03-08T09:51:49","guid":{"rendered":"https:\/\/mouldking.store\/?post_type=product&#038;p=30793"},"modified":"2022-03-08T16:51:49","modified_gmt":"2022-03-08T09:51:49","slug":"kazi-ky-10010-99a-tank-with-1411-pieces","status":"publish","type":"product","link":"https:\/\/mouldking.store\/vi\/shop\/kazi-ky-10010-99a-tank-with-1411-pieces\/","title":{"rendered":"B\u00ecnh KAZI KY 10010 99A g\u1ed3m 1411 chi ti\u1ebft"},"content":{"rendered":"<p>Th\u00f4ng tin s\u1ea3n ph\u1ea9m:<\/p>\n<ol>\n<li>Th\u01b0\u01a1ng hi\u1ec7u: KAZI<\/li>\n<li>Gi\u1edbi t\u00ednh: Unisex<\/li>\n<li>T\u00ean: Xe t\u0103ng 99A<\/li>\n<li>\u0110\u1ed9 tu\u1ed5i: &gt; 6 tu\u1ed5i<\/li>\n<li>Model Number: KY 10010<\/li>\n<li>Ph\u00e2n lo\u1ea1i: T\u1eadp h\u1ee3p<\/li>\n<li>H\u00ecnh d\u1ea1ng kh\u1ed1i nh\u1ef1a: G\u1ea1ch t\u1ef1 kh\u00f3a<\/li>\n<li>Ch\u1ea5t li\u1ec7u: Nh\u1ef1a<\/li>\n<li>Lo\u1ea1i nh\u1ef1a: ABS<\/li>\n<li>Bricks Blocks: 1411 PCS<\/li>\n<li>Ch\u1ee9a h\u01b0\u1edbng d\u1eabn l\u1eafp r\u00e1p chi ti\u1ebft.<\/li>\n<\/ol>\n<p>\u0110\u1ec3 \u00fd:<br \/>\n1. Kh\u00f4ng c\u00f3 h\u1ed9p ban \u0111\u1ea7u, nh\u01b0ng ch\u00fang t\u00f4i \u0111\u1ea3m b\u1ea3o s\u1ea3n ph\u1ea9m c\u1ee7a ch\u00fang t\u00f4i c\u00f3 ch\u1ea5t l\u01b0\u1ee3ng \u0111\u1ea3m b\u1ea3o v\u00e0 bao b\u00ec \u0111\u1eb9p.<br \/>\n2. V\u00ec t\u1ea5t c\u1ea3 c\u00e1c b\u1ed9 ph\u1eadn ch\u00fang t\u00f4i \u0111\u00e3 ki\u1ec3m tra tr\u01b0\u1edbc khi v\u1eadn chuy\u1ec3n, v\u00ec v\u1eady n\u1ebfu b\u1ea1n th\u1ea5y m\u1ed9t s\u1ed1 b\u1ed9 ph\u1eadn b\u1ecb thi\u1ebfu ho\u1eb7c h\u01b0 h\u1ecfng, \u0111\u1eebng lo l\u1eafng v\u00e0 ch\u1ec9 c\u1ea7n vui l\u00f2ng li\u00ean h\u1ec7 v\u1edbi ch\u00fang t\u00f4i v\u00e0 ch\u00fang t\u00f4i c\u00f3 th\u1ec3 g\u1eedi l\u1ea1i mi\u1ec5n ph\u00ed cho b\u1ea1n ngay l\u1eadp t\u1ee9c.<\/p>\n<figure id=\"attachment_30794\" aria-describedby=\"caption-attachment-30794\" style=\"width: 800px\" class=\"wp-caption aligncenter\"><img fetchpriority=\"high\" decoding=\"async\" class=\"wp-image-30794 size-full\" src=\"https:\/\/mouldking.store\/wp-content\/uploads\/2022\/03\/KAZI-KY-10010-99A-Tank-1.jpg\" alt=\"KAZI KY 10010 99A Tank with 1411 pieces\" width=\"800\" height=\"800\" title=\"-\" srcset=\"https:\/\/mouldking.store\/wp-content\/uploads\/2022\/03\/KAZI-KY-10010-99A-Tank-1.jpg 800w, https:\/\/mouldking.store\/wp-content\/uploads\/2022\/03\/KAZI-KY-10010-99A-Tank-1-300x300.jpg 300w, https:\/\/mouldking.store\/wp-content\/uploads\/2022\/03\/KAZI-KY-10010-99A-Tank-1-768x768.jpg 768w, https:\/\/mouldking.store\/wp-content\/uploads\/2022\/03\/KAZI-KY-10010-99A-Tank-1-600x600.jpg 600w, https:\/\/mouldking.store\/wp-content\/uploads\/2022\/03\/KAZI-KY-10010-99A-Tank-1-150x150.jpg 150w\" sizes=\"(max-width: 800px) 100vw, 800px\" \/><figcaption id=\"caption-attachment-30794\" class=\"wp-caption-text\">B\u00ecnh KAZI KY 10010 99A g\u1ed3m 1411 chi ti\u1ebft<\/figcaption><\/figure>\n<figure id=\"attachment_30806\" aria-describedby=\"caption-attachment-30806\" style=\"width: 800px\" class=\"wp-caption aligncenter\"><img decoding=\"async\" class=\"wp-image-30806 size-full\" src=\"https:\/\/mouldking.store\/wp-content\/uploads\/2022\/03\/KAZI-KY-10010-99A-Tank-13.jpg\" alt=\"KAZI KY 10010 99A Tank with 1411 pieces\" width=\"800\" height=\"800\" title=\"-\" srcset=\"https:\/\/mouldking.store\/wp-content\/uploads\/2022\/03\/KAZI-KY-10010-99A-Tank-13.jpg 800w, https:\/\/mouldking.store\/wp-content\/uploads\/2022\/03\/KAZI-KY-10010-99A-Tank-13-300x300.jpg 300w, https:\/\/mouldking.store\/wp-content\/uploads\/2022\/03\/KAZI-KY-10010-99A-Tank-13-768x768.jpg 768w, https:\/\/mouldking.store\/wp-content\/uploads\/2022\/03\/KAZI-KY-10010-99A-Tank-13-600x600.jpg 600w, https:\/\/mouldking.store\/wp-content\/uploads\/2022\/03\/KAZI-KY-10010-99A-Tank-13-150x150.jpg 150w\" sizes=\"(max-width: 800px) 100vw, 800px\" \/><figcaption id=\"caption-attachment-30806\" class=\"wp-caption-text\">B\u00ecnh KAZI KY 10010 99A g\u1ed3m 1411 chi ti\u1ebft<\/figcaption><\/figure>\n<figure id=\"attachment_30801\" aria-describedby=\"caption-attachment-30801\" style=\"width: 753px\" class=\"wp-caption aligncenter\"><img decoding=\"async\" class=\"wp-image-30801 size-full\" src=\"https:\/\/mouldking.store\/wp-content\/uploads\/2022\/03\/KAZI-KY-10010-99A-Tank-8.jpg\" alt=\"KAZI KY 10010 99A Tank with 1411 pieces\" width=\"753\" height=\"1024\" title=\"-\" srcset=\"https:\/\/mouldking.store\/wp-content\/uploads\/2022\/03\/KAZI-KY-10010-99A-Tank-8.jpg 753w, https:\/\/mouldking.store\/wp-content\/uploads\/2022\/03\/KAZI-KY-10010-99A-Tank-8-221x300.jpg 221w, https:\/\/mouldking.store\/wp-content\/uploads\/2022\/03\/KAZI-KY-10010-99A-Tank-8-300x408.jpg 300w, https:\/\/mouldking.store\/wp-content\/uploads\/2022\/03\/KAZI-KY-10010-99A-Tank-8-600x816.jpg 600w, https:\/\/mouldking.store\/wp-content\/uploads\/2022\/03\/KAZI-KY-10010-99A-Tank-8-110x150.jpg 110w\" sizes=\"(max-width: 753px) 100vw, 753px\" \/><figcaption id=\"caption-attachment-30801\" class=\"wp-caption-text\">B\u00ecnh KAZI KY 10010 99A g\u1ed3m 1411 chi ti\u1ebft<\/figcaption><\/figure>\n<figure id=\"attachment_30802\" aria-describedby=\"caption-attachment-30802\" style=\"width: 790px\" class=\"wp-caption aligncenter\"><img loading=\"lazy\" decoding=\"async\" class=\"wp-image-30802 size-full\" src=\"https:\/\/mouldking.store\/wp-content\/uploads\/2022\/03\/KAZI-KY-10010-99A-Tank-9.jpg\" alt=\"KAZI KY 10010 99A Tank with 1411 pieces\" width=\"790\" height=\"992\" title=\"-\" srcset=\"https:\/\/mouldking.store\/wp-content\/uploads\/2022\/03\/KAZI-KY-10010-99A-Tank-9.jpg 790w, https:\/\/mouldking.store\/wp-content\/uploads\/2022\/03\/KAZI-KY-10010-99A-Tank-9-239x300.jpg 239w, https:\/\/mouldking.store\/wp-content\/uploads\/2022\/03\/KAZI-KY-10010-99A-Tank-9-768x964.jpg 768w, https:\/\/mouldking.store\/wp-content\/uploads\/2022\/03\/KAZI-KY-10010-99A-Tank-9-300x377.jpg 300w, https:\/\/mouldking.store\/wp-content\/uploads\/2022\/03\/KAZI-KY-10010-99A-Tank-9-600x753.jpg 600w, https:\/\/mouldking.store\/wp-content\/uploads\/2022\/03\/KAZI-KY-10010-99A-Tank-9-119x150.jpg 119w\" sizes=\"(max-width: 790px) 100vw, 790px\" \/><figcaption id=\"caption-attachment-30802\" class=\"wp-caption-text\">B\u00ecnh KAZI KY 10010 99A g\u1ed3m 1411 chi ti\u1ebft<\/figcaption><\/figure>\n<figure id=\"attachment_30800\" aria-describedby=\"caption-attachment-30800\" style=\"width: 790px\" class=\"wp-caption aligncenter\"><img loading=\"lazy\" decoding=\"async\" class=\"wp-image-30800 size-full\" src=\"https:\/\/mouldking.store\/wp-content\/uploads\/2022\/03\/KAZI-KY-10010-99A-Tank-7.jpg\" alt=\"KAZI KY 10010 99A Tank with 1411 pieces\" width=\"790\" height=\"929\" title=\"-\" srcset=\"https:\/\/mouldking.store\/wp-content\/uploads\/2022\/03\/KAZI-KY-10010-99A-Tank-7.jpg 790w, https:\/\/mouldking.store\/wp-content\/uploads\/2022\/03\/KAZI-KY-10010-99A-Tank-7-255x300.jpg 255w, https:\/\/mouldking.store\/wp-content\/uploads\/2022\/03\/KAZI-KY-10010-99A-Tank-7-768x903.jpg 768w, https:\/\/mouldking.store\/wp-content\/uploads\/2022\/03\/KAZI-KY-10010-99A-Tank-7-300x353.jpg 300w, https:\/\/mouldking.store\/wp-content\/uploads\/2022\/03\/KAZI-KY-10010-99A-Tank-7-600x706.jpg 600w, https:\/\/mouldking.store\/wp-content\/uploads\/2022\/03\/KAZI-KY-10010-99A-Tank-7-128x150.jpg 128w\" sizes=\"(max-width: 790px) 100vw, 790px\" \/><figcaption id=\"caption-attachment-30800\" class=\"wp-caption-text\">B\u00ecnh KAZI KY 10010 99A g\u1ed3m 1411 chi ti\u1ebft<\/figcaption><\/figure>\n<figure id=\"attachment_30805\" aria-describedby=\"caption-attachment-30805\" style=\"width: 790px\" class=\"wp-caption aligncenter\"><img loading=\"lazy\" decoding=\"async\" class=\"wp-image-30805 size-full\" src=\"https:\/\/mouldking.store\/wp-content\/uploads\/2022\/03\/KAZI-KY-10010-99A-Tank-12.jpg\" alt=\"KAZI KY 10010 99A Tank with 1411 pieces\" width=\"790\" height=\"623\" title=\"-\" srcset=\"https:\/\/mouldking.store\/wp-content\/uploads\/2022\/03\/KAZI-KY-10010-99A-Tank-12.jpg 790w, https:\/\/mouldking.store\/wp-content\/uploads\/2022\/03\/KAZI-KY-10010-99A-Tank-12-300x237.jpg 300w, https:\/\/mouldking.store\/wp-content\/uploads\/2022\/03\/KAZI-KY-10010-99A-Tank-12-768x606.jpg 768w, https:\/\/mouldking.store\/wp-content\/uploads\/2022\/03\/KAZI-KY-10010-99A-Tank-12-600x473.jpg 600w, https:\/\/mouldking.store\/wp-content\/uploads\/2022\/03\/KAZI-KY-10010-99A-Tank-12-150x118.jpg 150w\" sizes=\"(max-width: 790px) 100vw, 790px\" \/><figcaption id=\"caption-attachment-30805\" class=\"wp-caption-text\">B\u00ecnh KAZI KY 10010 99A g\u1ed3m 1411 chi ti\u1ebft<\/figcaption><\/figure>\n<figure id=\"attachment_30804\" aria-describedby=\"caption-attachment-30804\" style=\"width: 790px\" class=\"wp-caption aligncenter\"><img loading=\"lazy\" decoding=\"async\" class=\"wp-image-30804 size-full\" src=\"https:\/\/mouldking.store\/wp-content\/uploads\/2022\/03\/KAZI-KY-10010-99A-Tank-11.jpg\" alt=\"KAZI KY 10010 99A Tank with 1411 pieces\" width=\"790\" height=\"483\" title=\"-\" srcset=\"https:\/\/mouldking.store\/wp-content\/uploads\/2022\/03\/KAZI-KY-10010-99A-Tank-11.jpg 790w, https:\/\/mouldking.store\/wp-content\/uploads\/2022\/03\/KAZI-KY-10010-99A-Tank-11-300x183.jpg 300w, https:\/\/mouldking.store\/wp-content\/uploads\/2022\/03\/KAZI-KY-10010-99A-Tank-11-768x470.jpg 768w, https:\/\/mouldking.store\/wp-content\/uploads\/2022\/03\/KAZI-KY-10010-99A-Tank-11-600x367.jpg 600w, https:\/\/mouldking.store\/wp-content\/uploads\/2022\/03\/KAZI-KY-10010-99A-Tank-11-150x92.jpg 150w\" sizes=\"(max-width: 790px) 100vw, 790px\" \/><figcaption id=\"caption-attachment-30804\" class=\"wp-caption-text\">B\u00ecnh KAZI KY 10010 99A g\u1ed3m 1411 chi ti\u1ebft<\/figcaption><\/figure>\n<figure id=\"attachment_30803\" aria-describedby=\"caption-attachment-30803\" style=\"width: 790px\" class=\"wp-caption aligncenter\"><img loading=\"lazy\" decoding=\"async\" class=\"wp-image-30803 size-full\" src=\"https:\/\/mouldking.store\/wp-content\/uploads\/2022\/03\/KAZI-KY-10010-99A-Tank-10.jpg\" alt=\"KAZI KY 10010 99A Tank with 1411 pieces\" width=\"790\" height=\"657\" title=\"-\" srcset=\"https:\/\/mouldking.store\/wp-content\/uploads\/2022\/03\/KAZI-KY-10010-99A-Tank-10.jpg 790w, https:\/\/mouldking.store\/wp-content\/uploads\/2022\/03\/KAZI-KY-10010-99A-Tank-10-300x249.jpg 300w, https:\/\/mouldking.store\/wp-content\/uploads\/2022\/03\/KAZI-KY-10010-99A-Tank-10-768x639.jpg 768w, https:\/\/mouldking.store\/wp-content\/uploads\/2022\/03\/KAZI-KY-10010-99A-Tank-10-600x499.jpg 600w, https:\/\/mouldking.store\/wp-content\/uploads\/2022\/03\/KAZI-KY-10010-99A-Tank-10-150x125.jpg 150w\" sizes=\"(max-width: 790px) 100vw, 790px\" \/><figcaption id=\"caption-attachment-30803\" class=\"wp-caption-text\">B\u00ecnh KAZI KY 10010 99A g\u1ed3m 1411 chi ti\u1ebft<\/figcaption><\/figure>\n<figure id=\"attachment_30796\" aria-describedby=\"caption-attachment-30796\" style=\"width: 800px\" class=\"wp-caption aligncenter\"><img loading=\"lazy\" decoding=\"async\" class=\"wp-image-30796 size-full\" src=\"https:\/\/mouldking.store\/wp-content\/uploads\/2022\/03\/KAZI-KY-10010-99A-Tank-3.jpg\" alt=\"KAZI KY 10010 99A Tank with 1411 pieces\" width=\"800\" height=\"800\" title=\"-\" srcset=\"https:\/\/mouldking.store\/wp-content\/uploads\/2022\/03\/KAZI-KY-10010-99A-Tank-3.jpg 800w, https:\/\/mouldking.store\/wp-content\/uploads\/2022\/03\/KAZI-KY-10010-99A-Tank-3-300x300.jpg 300w, https:\/\/mouldking.store\/wp-content\/uploads\/2022\/03\/KAZI-KY-10010-99A-Tank-3-768x768.jpg 768w, https:\/\/mouldking.store\/wp-content\/uploads\/2022\/03\/KAZI-KY-10010-99A-Tank-3-600x600.jpg 600w, https:\/\/mouldking.store\/wp-content\/uploads\/2022\/03\/KAZI-KY-10010-99A-Tank-3-150x150.jpg 150w\" sizes=\"(max-width: 800px) 100vw, 800px\" \/><figcaption id=\"caption-attachment-30796\" class=\"wp-caption-text\">B\u00ecnh KAZI KY 10010 99A g\u1ed3m 1411 chi ti\u1ebft<\/figcaption><\/figure>\n<figure id=\"attachment_30795\" aria-describedby=\"caption-attachment-30795\" style=\"width: 800px\" class=\"wp-caption aligncenter\"><img loading=\"lazy\" decoding=\"async\" class=\"wp-image-30795 size-full\" src=\"https:\/\/mouldking.store\/wp-content\/uploads\/2022\/03\/KAZI-KY-10010-99A-Tank-2.jpg\" alt=\"KAZI KY 10010 99A Tank with 1411 pieces\" width=\"800\" height=\"800\" title=\"-\" srcset=\"https:\/\/mouldking.store\/wp-content\/uploads\/2022\/03\/KAZI-KY-10010-99A-Tank-2.jpg 800w, https:\/\/mouldking.store\/wp-content\/uploads\/2022\/03\/KAZI-KY-10010-99A-Tank-2-300x300.jpg 300w, https:\/\/mouldking.store\/wp-content\/uploads\/2022\/03\/KAZI-KY-10010-99A-Tank-2-768x768.jpg 768w, https:\/\/mouldking.store\/wp-content\/uploads\/2022\/03\/KAZI-KY-10010-99A-Tank-2-600x600.jpg 600w, https:\/\/mouldking.store\/wp-content\/uploads\/2022\/03\/KAZI-KY-10010-99A-Tank-2-150x150.jpg 150w\" sizes=\"(max-width: 800px) 100vw, 800px\" \/><figcaption id=\"caption-attachment-30795\" class=\"wp-caption-text\">B\u00ecnh KAZI KY 10010 99A g\u1ed3m 1411 chi ti\u1ebft<\/figcaption><\/figure>\n<figure id=\"attachment_30799\" aria-describedby=\"caption-attachment-30799\" style=\"width: 790px\" class=\"wp-caption aligncenter\"><img loading=\"lazy\" decoding=\"async\" class=\"wp-image-30799 size-full\" src=\"https:\/\/mouldking.store\/wp-content\/uploads\/2022\/03\/KAZI-KY-10010-99A-Tank-6.jpg\" alt=\"KAZI KY 10010 99A Tank with 1411 pieces\" width=\"790\" height=\"694\" title=\"-\" srcset=\"https:\/\/mouldking.store\/wp-content\/uploads\/2022\/03\/KAZI-KY-10010-99A-Tank-6.jpg 790w, https:\/\/mouldking.store\/wp-content\/uploads\/2022\/03\/KAZI-KY-10010-99A-Tank-6-300x264.jpg 300w, https:\/\/mouldking.store\/wp-content\/uploads\/2022\/03\/KAZI-KY-10010-99A-Tank-6-768x675.jpg 768w, https:\/\/mouldking.store\/wp-content\/uploads\/2022\/03\/KAZI-KY-10010-99A-Tank-6-600x527.jpg 600w, https:\/\/mouldking.store\/wp-content\/uploads\/2022\/03\/KAZI-KY-10010-99A-Tank-6-150x132.jpg 150w\" sizes=\"(max-width: 790px) 100vw, 790px\" \/><figcaption id=\"caption-attachment-30799\" class=\"wp-caption-text\">B\u00ecnh KAZI KY 10010 99A g\u1ed3m 1411 chi ti\u1ebft<\/figcaption><\/figure>\n<figure id=\"attachment_30798\" aria-describedby=\"caption-attachment-30798\" style=\"width: 477px\" class=\"wp-caption aligncenter\"><img loading=\"lazy\" decoding=\"async\" class=\"wp-image-30798 size-full\" src=\"https:\/\/mouldking.store\/wp-content\/uploads\/2022\/03\/KAZI-KY-10010-99A-Tank-5.jpg\" alt=\"KAZI KY 10010 99A Tank with 1411 pieces\" width=\"477\" height=\"1024\" title=\"-\" srcset=\"https:\/\/mouldking.store\/wp-content\/uploads\/2022\/03\/KAZI-KY-10010-99A-Tank-5.jpg 477w, https:\/\/mouldking.store\/wp-content\/uploads\/2022\/03\/KAZI-KY-10010-99A-Tank-5-140x300.jpg 140w, https:\/\/mouldking.store\/wp-content\/uploads\/2022\/03\/KAZI-KY-10010-99A-Tank-5-300x644.jpg 300w, https:\/\/mouldking.store\/wp-content\/uploads\/2022\/03\/KAZI-KY-10010-99A-Tank-5-70x150.jpg 70w\" sizes=\"(max-width: 477px) 100vw, 477px\" \/><figcaption id=\"caption-attachment-30798\" class=\"wp-caption-text\">B\u00ecnh KAZI KY 10010 99A g\u1ed3m 1411 chi ti\u1ebft<\/figcaption><\/figure>\n<figure id=\"attachment_30797\" aria-describedby=\"caption-attachment-30797\" style=\"width: 790px\" class=\"wp-caption aligncenter\"><img loading=\"lazy\" decoding=\"async\" class=\"wp-image-30797 size-full\" src=\"https:\/\/mouldking.store\/wp-content\/uploads\/2022\/03\/KAZI-KY-10010-99A-Tank-4.jpg\" alt=\"KAZI KY 10010 99A Tank with 1411 pieces\" width=\"790\" height=\"812\" title=\"-\" srcset=\"https:\/\/mouldking.store\/wp-content\/uploads\/2022\/03\/KAZI-KY-10010-99A-Tank-4.jpg 790w, https:\/\/mouldking.store\/wp-content\/uploads\/2022\/03\/KAZI-KY-10010-99A-Tank-4-292x300.jpg 292w, https:\/\/mouldking.store\/wp-content\/uploads\/2022\/03\/KAZI-KY-10010-99A-Tank-4-768x789.jpg 768w, https:\/\/mouldking.store\/wp-content\/uploads\/2022\/03\/KAZI-KY-10010-99A-Tank-4-300x308.jpg 300w, https:\/\/mouldking.store\/wp-content\/uploads\/2022\/03\/KAZI-KY-10010-99A-Tank-4-600x617.jpg 600w, https:\/\/mouldking.store\/wp-content\/uploads\/2022\/03\/KAZI-KY-10010-99A-Tank-4-146x150.jpg 146w\" sizes=\"(max-width: 790px) 100vw, 790px\" \/><figcaption id=\"caption-attachment-30797\" class=\"wp-caption-text\">B\u00ecnh KAZI KY 10010 99A g\u1ed3m 1411 chi ti\u1ebft<\/figcaption><\/figure>","protected":false},"excerpt":{"rendered":"<p>Product information: Brand: KAZI Gender: Unisex Name: 99A Tank Age Range: &gt; 6 years old Model Number: KY 10010 Classification: Assemblage Plastic Block Shape: Self-Locking Bricks Material: Plastic Plastic Type: ABS Bricks Blocks: 1411 PCS Contains detailed assembly instructions. Notice: 1. Without an original box, but we guarantee our products have quality assurance and nice [&hellip;]<\/p>","protected":false},"featured_media":30794,"comment_status":"closed","ping_status":"closed","template":"","meta":{"_acf_changed":false},"product_cat":[372],"product_tag":[2794,2792,2536,5301,5300,5299,5302,485],"class_list":["product","first","instock","shipping-taxable","purchasable","product-type-simple"],"acf":[],"_links":{"self":[{"href":"https:\/\/mouldking.store\/vi\/wp-json\/wp\/v2\/product\/30793","targetHints":{"allow":["GET"]}}],"collection":[{"href":"https:\/\/mouldking.store\/vi\/wp-json\/wp\/v2\/product"}],"about":[{"href":"https:\/\/mouldking.store\/vi\/wp-json\/wp\/v2\/types\/product"}],"replies":[{"embeddable":true,"href":"https:\/\/mouldking.store\/vi\/wp-json\/wp\/v2\/comments?post=30793"}],"wp:featuredmedia":[{"embeddable":true,"href":"https:\/\/mouldking.store\/vi\/wp-json\/wp\/v2\/media\/30794"}],"wp:attachment":[{"href":"https:\/\/mouldking.store\/vi\/wp-json\/wp\/v2\/media?parent=30793"}],"wp:term":[{"taxonomy":"product_cat","embeddable":true,"href":"https:\/\/mouldking.store\/vi\/wp-json\/wp\/v2\/product_cat?post=30793"},{"taxonomy":"product_tag","embeddable":true,"href":"https:\/\/mouldking.store\/vi\/wp-json\/wp\/v2\/product_tag?post=30793"}],"curies":[{"name":"wp","href":"https:\/\/api.w.org\/{rel}","templated":true}]}}