{"id":30807,"date":"2022-03-08T16:59:18","date_gmt":"2022-03-08T09:59:18","guid":{"rendered":"https:\/\/mouldking.store\/?post_type=product&#038;p=30807"},"modified":"2022-03-08T16:59:19","modified_gmt":"2022-03-08T09:59:19","slug":"quanguan-725-one-piece-twelve-saijo-o-wazamono-with-936-pieces","status":"publish","type":"product","link":"https:\/\/mouldking.store\/vi\/shop\/quanguan-725-one-piece-twelve-saijo-o-wazamono-with-936-pieces\/","title":{"rendered":"QuanGuan 725 One Piece Twelve Saijo O Wazamono v\u1edbi 936 m\u1ea3nh gh\u00e9p"},"content":{"rendered":"<p>Th\u00f4ng tin s\u1ea3n ph\u1ea9m:<\/p>\n<ol>\n<li>Th\u01b0\u01a1ng hi\u1ec7u: QuanGuan<\/li>\n<li>Gi\u1edbi t\u00ednh: Unisex<\/li>\n<li>Name: One Piece Twelve Saijo O Wazamono<\/li>\n<li>\u0110\u1ed9 tu\u1ed5i: &gt; 6 tu\u1ed5i<\/li>\n<li>Model Number: 725<\/li>\n<li>Ph\u00e2n lo\u1ea1i: T\u1eadp h\u1ee3p<\/li>\n<li>H\u00ecnh d\u1ea1ng kh\u1ed1i nh\u1ef1a: G\u1ea1ch t\u1ef1 kh\u00f3a<\/li>\n<li>Ch\u1ea5t li\u1ec7u: Nh\u1ef1a<\/li>\n<li>Lo\u1ea1i nh\u1ef1a: ABS<\/li>\n<li>Bricks Blocks: 936 PCS<\/li>\n<li>Ch\u1ee9a h\u01b0\u1edbng d\u1eabn l\u1eafp r\u00e1p chi ti\u1ebft.<\/li>\n<\/ol>\n<p>\u0110\u1ec3 \u00fd:<br \/>\n1. Kh\u00f4ng c\u00f3 h\u1ed9p ban \u0111\u1ea7u, nh\u01b0ng ch\u00fang t\u00f4i \u0111\u1ea3m b\u1ea3o s\u1ea3n ph\u1ea9m c\u1ee7a ch\u00fang t\u00f4i c\u00f3 ch\u1ea5t l\u01b0\u1ee3ng \u0111\u1ea3m b\u1ea3o v\u00e0 bao b\u00ec \u0111\u1eb9p.<br \/>\n2. V\u00ec t\u1ea5t c\u1ea3 c\u00e1c b\u1ed9 ph\u1eadn ch\u00fang t\u00f4i \u0111\u00e3 ki\u1ec3m tra tr\u01b0\u1edbc khi v\u1eadn chuy\u1ec3n, v\u00ec v\u1eady n\u1ebfu b\u1ea1n th\u1ea5y m\u1ed9t s\u1ed1 b\u1ed9 ph\u1eadn b\u1ecb thi\u1ebfu ho\u1eb7c h\u01b0 h\u1ecfng, \u0111\u1eebng lo l\u1eafng v\u00e0 ch\u1ec9 c\u1ea7n vui l\u00f2ng li\u00ean h\u1ec7 v\u1edbi ch\u00fang t\u00f4i v\u00e0 ch\u00fang t\u00f4i c\u00f3 th\u1ec3 g\u1eedi l\u1ea1i mi\u1ec5n ph\u00ed cho b\u1ea1n ngay l\u1eadp t\u1ee9c.<\/p>\n<p>&nbsp;<\/p>\n<figure id=\"attachment_30808\" aria-describedby=\"caption-attachment-30808\" style=\"width: 800px\" class=\"wp-caption aligncenter\"><img fetchpriority=\"high\" decoding=\"async\" class=\"wp-image-30808 size-full\" src=\"https:\/\/mouldking.store\/wp-content\/uploads\/2022\/03\/QuanGuan-725-One-Piece-Twelve-Saijo-O-Wazamono-1-1.png\" alt=\"QuanGuan 725 One Piece Twelve Saijo O Wazamono with 936 pieces\" width=\"800\" height=\"800\" title=\"-\" srcset=\"https:\/\/mouldking.store\/wp-content\/uploads\/2022\/03\/QuanGuan-725-One-Piece-Twelve-Saijo-O-Wazamono-1-1.png 800w, https:\/\/mouldking.store\/wp-content\/uploads\/2022\/03\/QuanGuan-725-One-Piece-Twelve-Saijo-O-Wazamono-1-1-300x300.png 300w, https:\/\/mouldking.store\/wp-content\/uploads\/2022\/03\/QuanGuan-725-One-Piece-Twelve-Saijo-O-Wazamono-1-1-768x768.png 768w, https:\/\/mouldking.store\/wp-content\/uploads\/2022\/03\/QuanGuan-725-One-Piece-Twelve-Saijo-O-Wazamono-1-1-600x600.png 600w, https:\/\/mouldking.store\/wp-content\/uploads\/2022\/03\/QuanGuan-725-One-Piece-Twelve-Saijo-O-Wazamono-1-1-150x150.png 150w\" sizes=\"(max-width: 800px) 100vw, 800px\" \/><figcaption id=\"caption-attachment-30808\" class=\"wp-caption-text\">QuanGuan 725 One Piece Twelve Saijo O Wazamono v\u1edbi 936 m\u1ea3nh gh\u00e9p<\/figcaption><\/figure>\n<figure id=\"attachment_30811\" aria-describedby=\"caption-attachment-30811\" style=\"width: 512px\" class=\"wp-caption aligncenter\"><img decoding=\"async\" class=\"wp-image-30811 size-full\" src=\"https:\/\/mouldking.store\/wp-content\/uploads\/2022\/03\/QuanGuan-725-One-Piece-Twelve-Saijo-O-Wazamono-4-1.png\" alt=\"QuanGuan 725 One Piece Twelve Saijo O Wazamono with 936 pieces\" width=\"512\" height=\"1024\" title=\"-\" srcset=\"https:\/\/mouldking.store\/wp-content\/uploads\/2022\/03\/QuanGuan-725-One-Piece-Twelve-Saijo-O-Wazamono-4-1.png 512w, https:\/\/mouldking.store\/wp-content\/uploads\/2022\/03\/QuanGuan-725-One-Piece-Twelve-Saijo-O-Wazamono-4-1-150x300.png 150w, https:\/\/mouldking.store\/wp-content\/uploads\/2022\/03\/QuanGuan-725-One-Piece-Twelve-Saijo-O-Wazamono-4-1-300x600.png 300w, https:\/\/mouldking.store\/wp-content\/uploads\/2022\/03\/QuanGuan-725-One-Piece-Twelve-Saijo-O-Wazamono-4-1-75x150.png 75w\" sizes=\"(max-width: 512px) 100vw, 512px\" \/><figcaption id=\"caption-attachment-30811\" class=\"wp-caption-text\">QuanGuan 725 One Piece Twelve Saijo O Wazamono v\u1edbi 936 m\u1ea3nh gh\u00e9p<\/figcaption><\/figure>\n<figure id=\"attachment_30809\" aria-describedby=\"caption-attachment-30809\" style=\"width: 964px\" class=\"wp-caption aligncenter\"><img decoding=\"async\" class=\"wp-image-30809 size-full\" src=\"https:\/\/mouldking.store\/wp-content\/uploads\/2022\/03\/QuanGuan-725-One-Piece-Twelve-Saijo-O-Wazamono-2-1.png\" alt=\"QuanGuan 725 One Piece Twelve Saijo O Wazamono with 936 pieces\" width=\"964\" height=\"1024\" title=\"-\" srcset=\"https:\/\/mouldking.store\/wp-content\/uploads\/2022\/03\/QuanGuan-725-One-Piece-Twelve-Saijo-O-Wazamono-2-1.png 964w, https:\/\/mouldking.store\/wp-content\/uploads\/2022\/03\/QuanGuan-725-One-Piece-Twelve-Saijo-O-Wazamono-2-1-282x300.png 282w, https:\/\/mouldking.store\/wp-content\/uploads\/2022\/03\/QuanGuan-725-One-Piece-Twelve-Saijo-O-Wazamono-2-1-768x816.png 768w, https:\/\/mouldking.store\/wp-content\/uploads\/2022\/03\/QuanGuan-725-One-Piece-Twelve-Saijo-O-Wazamono-2-1-300x319.png 300w, https:\/\/mouldking.store\/wp-content\/uploads\/2022\/03\/QuanGuan-725-One-Piece-Twelve-Saijo-O-Wazamono-2-1-600x637.png 600w, https:\/\/mouldking.store\/wp-content\/uploads\/2022\/03\/QuanGuan-725-One-Piece-Twelve-Saijo-O-Wazamono-2-1-141x150.png 141w\" sizes=\"(max-width: 964px) 100vw, 964px\" \/><figcaption id=\"caption-attachment-30809\" class=\"wp-caption-text\">QuanGuan 725 One Piece Twelve Saijo O Wazamono v\u1edbi 936 m\u1ea3nh gh\u00e9p<\/figcaption><\/figure>\n<figure id=\"attachment_30810\" aria-describedby=\"caption-attachment-30810\" style=\"width: 952px\" class=\"wp-caption aligncenter\"><img loading=\"lazy\" decoding=\"async\" class=\"wp-image-30810 size-full\" src=\"https:\/\/mouldking.store\/wp-content\/uploads\/2022\/03\/QuanGuan-725-One-Piece-Twelve-Saijo-O-Wazamono-3-1.png\" alt=\"QuanGuan 725 One Piece Twelve Saijo O Wazamono with 936 pieces\" width=\"952\" height=\"1024\" title=\"-\" srcset=\"https:\/\/mouldking.store\/wp-content\/uploads\/2022\/03\/QuanGuan-725-One-Piece-Twelve-Saijo-O-Wazamono-3-1.png 952w, https:\/\/mouldking.store\/wp-content\/uploads\/2022\/03\/QuanGuan-725-One-Piece-Twelve-Saijo-O-Wazamono-3-1-279x300.png 279w, https:\/\/mouldking.store\/wp-content\/uploads\/2022\/03\/QuanGuan-725-One-Piece-Twelve-Saijo-O-Wazamono-3-1-768x826.png 768w, https:\/\/mouldking.store\/wp-content\/uploads\/2022\/03\/QuanGuan-725-One-Piece-Twelve-Saijo-O-Wazamono-3-1-300x323.png 300w, https:\/\/mouldking.store\/wp-content\/uploads\/2022\/03\/QuanGuan-725-One-Piece-Twelve-Saijo-O-Wazamono-3-1-600x645.png 600w, https:\/\/mouldking.store\/wp-content\/uploads\/2022\/03\/QuanGuan-725-One-Piece-Twelve-Saijo-O-Wazamono-3-1-139x150.png 139w\" sizes=\"(max-width: 952px) 100vw, 952px\" \/><figcaption id=\"caption-attachment-30810\" class=\"wp-caption-text\">QuanGuan 725 One Piece Twelve Saijo O Wazamono v\u1edbi 936 m\u1ea3nh gh\u00e9p<\/figcaption><\/figure>","protected":false},"excerpt":{"rendered":"<p>Product information: Brand: QuanGuan Gender: Unisex Name: One Piece Twelve Saijo O Wazamono Age Range: &gt; 6 years old Model Number: 725 Classification: Assemblage Plastic Block Shape: Self-Locking Bricks Material: Plastic Plastic Type: ABS Bricks Blocks: 936 PCS Contains detailed assembly instructions. Notice: 1. Without an original box, but we guarantee our products have quality [&hellip;]<\/p>","protected":false},"featured_media":30808,"comment_status":"closed","ping_status":"closed","template":"","meta":{"_acf_changed":false},"product_cat":[581],"product_tag":[5306,1824,5245,2290,5305,5307,5304,5303,5248,5247,5249],"class_list":["product","first","instock","shipping-taxable","purchasable","product-type-simple"],"acf":[],"_links":{"self":[{"href":"https:\/\/mouldking.store\/vi\/wp-json\/wp\/v2\/product\/30807","targetHints":{"allow":["GET"]}}],"collection":[{"href":"https:\/\/mouldking.store\/vi\/wp-json\/wp\/v2\/product"}],"about":[{"href":"https:\/\/mouldking.store\/vi\/wp-json\/wp\/v2\/types\/product"}],"replies":[{"embeddable":true,"href":"https:\/\/mouldking.store\/vi\/wp-json\/wp\/v2\/comments?post=30807"}],"wp:featuredmedia":[{"embeddable":true,"href":"https:\/\/mouldking.store\/vi\/wp-json\/wp\/v2\/media\/30808"}],"wp:attachment":[{"href":"https:\/\/mouldking.store\/vi\/wp-json\/wp\/v2\/media?parent=30807"}],"wp:term":[{"taxonomy":"product_cat","embeddable":true,"href":"https:\/\/mouldking.store\/vi\/wp-json\/wp\/v2\/product_cat?post=30807"},{"taxonomy":"product_tag","embeddable":true,"href":"https:\/\/mouldking.store\/vi\/wp-json\/wp\/v2\/product_tag?post=30807"}],"curies":[{"name":"wp","href":"https:\/\/api.w.org\/{rel}","templated":true}]}}