{"id":30812,"date":"2022-03-08T17:07:39","date_gmt":"2022-03-08T10:07:39","guid":{"rendered":"https:\/\/mouldking.store\/?post_type=product&#038;p=30812"},"modified":"2022-03-08T17:07:40","modified_gmt":"2022-03-08T10:07:40","slug":"quanguan-722-demon-slayer-kimetsu-no-yaiba-nichirin-sword-with-806-pieces","status":"publish","type":"product","link":"https:\/\/mouldking.store\/vi\/shop\/quanguan-722-demon-slayer-kimetsu-no-yaiba-nichirin-sword-with-806-pieces\/","title":{"rendered":"Quanguan 722 Demon Slayer: Kimetsu no Yaiba Nichirin Sword v\u1edbi 806 m\u1ea3nh"},"content":{"rendered":"<p>Th\u00f4ng tin s\u1ea3n ph\u1ea9m:<\/p>\n<ol>\n<li>Th\u01b0\u01a1ng hi\u1ec7u: quangquan<\/li>\n<li>Gi\u1edbi t\u00ednh: Unisex<\/li>\n<li>T\u00ean: S\u00e1t qu\u1ef7: Kimetsu no Yaiba Nichirin Sword<\/li>\n<li>\u0110\u1ed9 tu\u1ed5i: &gt; 6 tu\u1ed5i<\/li>\n<li>S\u1ed1 m\u00f4 h\u00ecnh: 722<\/li>\n<li>Ph\u00e2n lo\u1ea1i: T\u1eadp h\u1ee3p<\/li>\n<li>H\u00ecnh d\u1ea1ng kh\u1ed1i nh\u1ef1a: G\u1ea1ch t\u1ef1 kh\u00f3a<\/li>\n<li>Ch\u1ea5t li\u1ec7u: Nh\u1ef1a<\/li>\n<li>Lo\u1ea1i nh\u1ef1a: ABS<\/li>\n<li>Kh\u1ed1i g\u1ea1ch: 806 C\u00c1I<\/li>\n<li>Ch\u1ee9a h\u01b0\u1edbng d\u1eabn l\u1eafp r\u00e1p chi ti\u1ebft.<\/li>\n<\/ol>\n<p>\u0110\u1ec3 \u00fd:<br \/>\n1. Kh\u00f4ng c\u00f3 h\u1ed9p ban \u0111\u1ea7u, nh\u01b0ng ch\u00fang t\u00f4i \u0111\u1ea3m b\u1ea3o s\u1ea3n ph\u1ea9m c\u1ee7a ch\u00fang t\u00f4i c\u00f3 ch\u1ea5t l\u01b0\u1ee3ng \u0111\u1ea3m b\u1ea3o v\u00e0 bao b\u00ec \u0111\u1eb9p.<br \/>\n2. V\u00ec t\u1ea5t c\u1ea3 c\u00e1c b\u1ed9 ph\u1eadn ch\u00fang t\u00f4i \u0111\u00e3 ki\u1ec3m tra tr\u01b0\u1edbc khi v\u1eadn chuy\u1ec3n, v\u00ec v\u1eady n\u1ebfu b\u1ea1n th\u1ea5y m\u1ed9t s\u1ed1 b\u1ed9 ph\u1eadn b\u1ecb thi\u1ebfu ho\u1eb7c h\u01b0 h\u1ecfng, \u0111\u1eebng lo l\u1eafng v\u00e0 ch\u1ec9 c\u1ea7n vui l\u00f2ng li\u00ean h\u1ec7 v\u1edbi ch\u00fang t\u00f4i v\u00e0 ch\u00fang t\u00f4i c\u00f3 th\u1ec3 g\u1eedi l\u1ea1i mi\u1ec5n ph\u00ed cho b\u1ea1n ngay l\u1eadp t\u1ee9c.<\/p>\n<figure id=\"attachment_30813\" aria-describedby=\"caption-attachment-30813\" style=\"width: 800px\" class=\"wp-caption aligncenter\"><img fetchpriority=\"high\" decoding=\"async\" class=\"wp-image-30813 size-full\" src=\"https:\/\/mouldking.store\/wp-content\/uploads\/2022\/03\/Quanguan-722-Demon-Slayer-Kimetsu-no-Yaiba-Nichirin-Sword-1.jpg\" alt=\"Quanguan 722 Demon Slayer: Kimetsu no Yaiba Nichirin Sword with 806 pieces\" width=\"800\" height=\"800\" title=\"-\" srcset=\"https:\/\/mouldking.store\/wp-content\/uploads\/2022\/03\/Quanguan-722-Demon-Slayer-Kimetsu-no-Yaiba-Nichirin-Sword-1.jpg 800w, https:\/\/mouldking.store\/wp-content\/uploads\/2022\/03\/Quanguan-722-Demon-Slayer-Kimetsu-no-Yaiba-Nichirin-Sword-1-300x300.jpg 300w, https:\/\/mouldking.store\/wp-content\/uploads\/2022\/03\/Quanguan-722-Demon-Slayer-Kimetsu-no-Yaiba-Nichirin-Sword-1-768x768.jpg 768w, https:\/\/mouldking.store\/wp-content\/uploads\/2022\/03\/Quanguan-722-Demon-Slayer-Kimetsu-no-Yaiba-Nichirin-Sword-1-600x600.jpg 600w, https:\/\/mouldking.store\/wp-content\/uploads\/2022\/03\/Quanguan-722-Demon-Slayer-Kimetsu-no-Yaiba-Nichirin-Sword-1-150x150.jpg 150w\" sizes=\"(max-width: 800px) 100vw, 800px\" \/><figcaption id=\"caption-attachment-30813\" class=\"wp-caption-text\">Quanguan 722 Demon Slayer: Kimetsu no Yaiba Nichirin Sword v\u1edbi 806 m\u1ea3nh<\/figcaption><\/figure>\n<figure id=\"attachment_30817\" aria-describedby=\"caption-attachment-30817\" style=\"width: 679px\" class=\"wp-caption aligncenter\"><img decoding=\"async\" class=\"wp-image-30817 size-full\" src=\"https:\/\/mouldking.store\/wp-content\/uploads\/2022\/03\/Quanguan-722-Demon-Slayer-Kimetsu-no-Yaiba-Nichirin-Sword-4.png\" alt=\"Quanguan 722 Demon Slayer: Kimetsu no Yaiba Nichirin Sword with 806 pieces\" width=\"679\" height=\"694\" title=\"-\" srcset=\"https:\/\/mouldking.store\/wp-content\/uploads\/2022\/03\/Quanguan-722-Demon-Slayer-Kimetsu-no-Yaiba-Nichirin-Sword-4.png 679w, https:\/\/mouldking.store\/wp-content\/uploads\/2022\/03\/Quanguan-722-Demon-Slayer-Kimetsu-no-Yaiba-Nichirin-Sword-4-294x300.png 294w, https:\/\/mouldking.store\/wp-content\/uploads\/2022\/03\/Quanguan-722-Demon-Slayer-Kimetsu-no-Yaiba-Nichirin-Sword-4-300x307.png 300w, https:\/\/mouldking.store\/wp-content\/uploads\/2022\/03\/Quanguan-722-Demon-Slayer-Kimetsu-no-Yaiba-Nichirin-Sword-4-600x613.png 600w, https:\/\/mouldking.store\/wp-content\/uploads\/2022\/03\/Quanguan-722-Demon-Slayer-Kimetsu-no-Yaiba-Nichirin-Sword-4-147x150.png 147w\" sizes=\"(max-width: 679px) 100vw, 679px\" \/><figcaption id=\"caption-attachment-30817\" class=\"wp-caption-text\">Quanguan 722 Demon Slayer: Kimetsu no Yaiba Nichirin Sword v\u1edbi 806 m\u1ea3nh<\/figcaption><\/figure>\n<figure id=\"attachment_30816\" aria-describedby=\"caption-attachment-30816\" style=\"width: 684px\" class=\"wp-caption aligncenter\"><img decoding=\"async\" class=\"wp-image-30816 size-full\" src=\"https:\/\/mouldking.store\/wp-content\/uploads\/2022\/03\/Quanguan-722-Demon-Slayer-Kimetsu-no-Yaiba-Nichirin-Sword-3.png\" alt=\"Quanguan 722 Demon Slayer: Kimetsu no Yaiba Nichirin Sword with 806 pieces\" width=\"684\" height=\"689\" title=\"-\" srcset=\"https:\/\/mouldking.store\/wp-content\/uploads\/2022\/03\/Quanguan-722-Demon-Slayer-Kimetsu-no-Yaiba-Nichirin-Sword-3.png 684w, https:\/\/mouldking.store\/wp-content\/uploads\/2022\/03\/Quanguan-722-Demon-Slayer-Kimetsu-no-Yaiba-Nichirin-Sword-3-298x300.png 298w, https:\/\/mouldking.store\/wp-content\/uploads\/2022\/03\/Quanguan-722-Demon-Slayer-Kimetsu-no-Yaiba-Nichirin-Sword-3-300x302.png 300w, https:\/\/mouldking.store\/wp-content\/uploads\/2022\/03\/Quanguan-722-Demon-Slayer-Kimetsu-no-Yaiba-Nichirin-Sword-3-600x604.png 600w, https:\/\/mouldking.store\/wp-content\/uploads\/2022\/03\/Quanguan-722-Demon-Slayer-Kimetsu-no-Yaiba-Nichirin-Sword-3-150x150.png 150w\" sizes=\"(max-width: 684px) 100vw, 684px\" \/><figcaption id=\"caption-attachment-30816\" class=\"wp-caption-text\">Quanguan 722 Demon Slayer: Kimetsu no Yaiba Nichirin Sword v\u1edbi 806 m\u1ea3nh<\/figcaption><\/figure>\n<figure id=\"attachment_30815\" aria-describedby=\"caption-attachment-30815\" style=\"width: 683px\" class=\"wp-caption aligncenter\"><img loading=\"lazy\" decoding=\"async\" class=\"wp-image-30815 size-full\" src=\"https:\/\/mouldking.store\/wp-content\/uploads\/2022\/03\/Quanguan-722-Demon-Slayer-Kimetsu-no-Yaiba-Nichirin-Sword-2.png\" alt=\"Quanguan 722 Demon Slayer: Kimetsu no Yaiba Nichirin Sword with 806 pieces\" width=\"683\" height=\"693\" title=\"-\" srcset=\"https:\/\/mouldking.store\/wp-content\/uploads\/2022\/03\/Quanguan-722-Demon-Slayer-Kimetsu-no-Yaiba-Nichirin-Sword-2.png 683w, https:\/\/mouldking.store\/wp-content\/uploads\/2022\/03\/Quanguan-722-Demon-Slayer-Kimetsu-no-Yaiba-Nichirin-Sword-2-296x300.png 296w, https:\/\/mouldking.store\/wp-content\/uploads\/2022\/03\/Quanguan-722-Demon-Slayer-Kimetsu-no-Yaiba-Nichirin-Sword-2-300x304.png 300w, https:\/\/mouldking.store\/wp-content\/uploads\/2022\/03\/Quanguan-722-Demon-Slayer-Kimetsu-no-Yaiba-Nichirin-Sword-2-600x609.png 600w, https:\/\/mouldking.store\/wp-content\/uploads\/2022\/03\/Quanguan-722-Demon-Slayer-Kimetsu-no-Yaiba-Nichirin-Sword-2-148x150.png 148w\" sizes=\"(max-width: 683px) 100vw, 683px\" \/><figcaption id=\"caption-attachment-30815\" class=\"wp-caption-text\">Quanguan 722 Demon Slayer: Kimetsu no Yaiba Nichirin Sword v\u1edbi 806 m\u1ea3nh<\/figcaption><\/figure>\n<figure id=\"attachment_30814\" aria-describedby=\"caption-attachment-30814\" style=\"width: 680px\" class=\"wp-caption aligncenter\"><img loading=\"lazy\" decoding=\"async\" class=\"wp-image-30814 size-full\" src=\"https:\/\/mouldking.store\/wp-content\/uploads\/2022\/03\/Quanguan-722-Demon-Slayer-Kimetsu-no-Yaiba-Nichirin-Sword-1.png\" alt=\"Quanguan 722 Demon Slayer: Kimetsu no Yaiba Nichirin Sword with 806 pieces\" width=\"680\" height=\"693\" title=\"-\" srcset=\"https:\/\/mouldking.store\/wp-content\/uploads\/2022\/03\/Quanguan-722-Demon-Slayer-Kimetsu-no-Yaiba-Nichirin-Sword-1.png 680w, https:\/\/mouldking.store\/wp-content\/uploads\/2022\/03\/Quanguan-722-Demon-Slayer-Kimetsu-no-Yaiba-Nichirin-Sword-1-294x300.png 294w, https:\/\/mouldking.store\/wp-content\/uploads\/2022\/03\/Quanguan-722-Demon-Slayer-Kimetsu-no-Yaiba-Nichirin-Sword-1-300x306.png 300w, https:\/\/mouldking.store\/wp-content\/uploads\/2022\/03\/Quanguan-722-Demon-Slayer-Kimetsu-no-Yaiba-Nichirin-Sword-1-600x611.png 600w, https:\/\/mouldking.store\/wp-content\/uploads\/2022\/03\/Quanguan-722-Demon-Slayer-Kimetsu-no-Yaiba-Nichirin-Sword-1-147x150.png 147w\" sizes=\"(max-width: 680px) 100vw, 680px\" \/><figcaption id=\"caption-attachment-30814\" class=\"wp-caption-text\">Quanguan 722 Demon Slayer: Kimetsu no Yaiba Nichirin Sword v\u1edbi 806 m\u1ea3nh<\/figcaption><\/figure>","protected":false},"excerpt":{"rendered":"<p>Product information: Brand: Quanguan Gender: Unisex Name: Demon Slayer: Kimetsu no Yaiba Nichirin Sword Age Range: &gt; 6 years old Model Number: 722 Classification: Assemblage Plastic Block Shape: Self-Locking Bricks Material: Plastic Plastic Type: ABS Bricks Blocks: 806 PCS Contains detailed assembly instructions. Notice: 1. Without an original box, but we guarantee our products have [&hellip;]<\/p>","protected":false},"featured_media":30813,"comment_status":"closed","ping_status":"closed","template":"","meta":{"_acf_changed":false},"product_cat":[581],"product_tag":[2977,5311,5315,5313,2975,5310,5312,5309,5308,2981,5314],"class_list":["product","first","instock","shipping-taxable","purchasable","product-type-simple"],"acf":[],"_links":{"self":[{"href":"https:\/\/mouldking.store\/vi\/wp-json\/wp\/v2\/product\/30812","targetHints":{"allow":["GET"]}}],"collection":[{"href":"https:\/\/mouldking.store\/vi\/wp-json\/wp\/v2\/product"}],"about":[{"href":"https:\/\/mouldking.store\/vi\/wp-json\/wp\/v2\/types\/product"}],"replies":[{"embeddable":true,"href":"https:\/\/mouldking.store\/vi\/wp-json\/wp\/v2\/comments?post=30812"}],"wp:featuredmedia":[{"embeddable":true,"href":"https:\/\/mouldking.store\/vi\/wp-json\/wp\/v2\/media\/30813"}],"wp:attachment":[{"href":"https:\/\/mouldking.store\/vi\/wp-json\/wp\/v2\/media?parent=30812"}],"wp:term":[{"taxonomy":"product_cat","embeddable":true,"href":"https:\/\/mouldking.store\/vi\/wp-json\/wp\/v2\/product_cat?post=30812"},{"taxonomy":"product_tag","embeddable":true,"href":"https:\/\/mouldking.store\/vi\/wp-json\/wp\/v2\/product_tag?post=30812"}],"curies":[{"name":"wp","href":"https:\/\/api.w.org\/{rel}","templated":true}]}}