{"id":31309,"date":"2022-05-27T10:48:28","date_gmt":"2022-05-27T03:48:28","guid":{"rendered":"https:\/\/mouldking.store\/?post_type=product&#038;p=31309"},"modified":"2022-05-27T10:48:28","modified_gmt":"2022-05-27T03:48:28","slug":"quanguan-724-assassin-wu-liuqi-qingfeng-sword-with-763-pieces","status":"publish","type":"product","link":"https:\/\/mouldking.store\/vi\/shop\/quanguan-724-assassin-wu-liuqi-qingfeng-sword-with-763-pieces\/","title":{"rendered":"QuanGuan 724 S\u00e1t th\u1ee7 Wu Liuqi Qingfeng Sword v\u1edbi 763 m\u1ea3nh"},"content":{"rendered":"<p>Th\u00f4ng tin s\u1ea3n ph\u1ea9m:<\/p>\n<ol>\n<li>Th\u01b0\u01a1ng hi\u1ec7u: QuanGuan<\/li>\n<li>Gi\u1edbi t\u00ednh: Unisex<\/li>\n<li>Name: Assassin Wu Liuqi Qingfeng Sword<\/li>\n<li>\u0110\u1ed9 tu\u1ed5i: &gt; 6 tu\u1ed5i<\/li>\n<li>Model Number: 724<\/li>\n<li>Ph\u00e2n lo\u1ea1i: T\u1eadp h\u1ee3p<\/li>\n<li>H\u00ecnh d\u1ea1ng kh\u1ed1i nh\u1ef1a: G\u1ea1ch t\u1ef1 kh\u00f3a<\/li>\n<li>Ch\u1ea5t li\u1ec7u: Nh\u1ef1a<\/li>\n<li>Lo\u1ea1i nh\u1ef1a: ABS<\/li>\n<li>Bricks Blocks: 763 PCS<\/li>\n<li>Ch\u1ee9a h\u01b0\u1edbng d\u1eabn l\u1eafp r\u00e1p chi ti\u1ebft.<\/li>\n<\/ol>\n<p>\u0110\u1ec3 \u00fd:<br \/>\n1. Kh\u00f4ng c\u00f3 h\u1ed9p ban \u0111\u1ea7u, nh\u01b0ng ch\u00fang t\u00f4i \u0111\u1ea3m b\u1ea3o s\u1ea3n ph\u1ea9m c\u1ee7a ch\u00fang t\u00f4i c\u00f3 ch\u1ea5t l\u01b0\u1ee3ng \u0111\u1ea3m b\u1ea3o v\u00e0 bao b\u00ec \u0111\u1eb9p.<br \/>\n2. V\u00ec t\u1ea5t c\u1ea3 c\u00e1c b\u1ed9 ph\u1eadn ch\u00fang t\u00f4i \u0111\u00e3 ki\u1ec3m tra tr\u01b0\u1edbc khi v\u1eadn chuy\u1ec3n, v\u00ec v\u1eady n\u1ebfu b\u1ea1n th\u1ea5y m\u1ed9t s\u1ed1 b\u1ed9 ph\u1eadn b\u1ecb thi\u1ebfu ho\u1eb7c h\u01b0 h\u1ecfng, \u0111\u1eebng lo l\u1eafng v\u00e0 ch\u1ec9 c\u1ea7n vui l\u00f2ng li\u00ean h\u1ec7 v\u1edbi ch\u00fang t\u00f4i v\u00e0 ch\u00fang t\u00f4i c\u00f3 th\u1ec3 g\u1eedi l\u1ea1i mi\u1ec5n ph\u00ed cho b\u1ea1n ngay l\u1eadp t\u1ee9c.<\/p>\n<p>&nbsp;<\/p>\n<figure id=\"attachment_31310\" aria-describedby=\"caption-attachment-31310\" style=\"width: 746px\" class=\"wp-caption aligncenter\"><img fetchpriority=\"high\" decoding=\"async\" class=\"wp-image-31310 size-full\" src=\"https:\/\/mouldking.store\/wp-content\/uploads\/2022\/05\/QUANGUAN-724-Assassin-Wu-Liuqi-Qingfeng-Sword-1.jpg\" alt=\"QuanGuan 724 Assassin Wu Liuqi Qingfeng Sword with 763 pieces\" width=\"746\" height=\"755\" title=\"-\" srcset=\"https:\/\/mouldking.store\/wp-content\/uploads\/2022\/05\/QUANGUAN-724-Assassin-Wu-Liuqi-Qingfeng-Sword-1.jpg 746w, https:\/\/mouldking.store\/wp-content\/uploads\/2022\/05\/QUANGUAN-724-Assassin-Wu-Liuqi-Qingfeng-Sword-1-296x300.jpg 296w, https:\/\/mouldking.store\/wp-content\/uploads\/2022\/05\/QUANGUAN-724-Assassin-Wu-Liuqi-Qingfeng-Sword-1-300x304.jpg 300w, https:\/\/mouldking.store\/wp-content\/uploads\/2022\/05\/QUANGUAN-724-Assassin-Wu-Liuqi-Qingfeng-Sword-1-600x607.jpg 600w, https:\/\/mouldking.store\/wp-content\/uploads\/2022\/05\/QUANGUAN-724-Assassin-Wu-Liuqi-Qingfeng-Sword-1-148x150.jpg 148w\" sizes=\"(max-width: 746px) 100vw, 746px\" \/><figcaption id=\"caption-attachment-31310\" class=\"wp-caption-text\">QuanGuan 724 S\u00e1t th\u1ee7 Wu Liuqi Qingfeng Sword v\u1edbi 763 m\u1ea3nh<\/figcaption><\/figure>\n<figure id=\"attachment_31312\" aria-describedby=\"caption-attachment-31312\" style=\"width: 800px\" class=\"wp-caption aligncenter\"><img decoding=\"async\" class=\"wp-image-31312\" src=\"https:\/\/mouldking.store\/wp-content\/uploads\/2022\/05\/QuanGuan-724-Assassin-Wu-Liuqi-Qingfeng-Sword-with-763-pieces-1-300x300.jpg\" alt=\"QuanGuan 724 Assassin Wu Liuqi Qingfeng Sword with 763 pieces\" width=\"800\" height=\"800\" title=\"-\" srcset=\"https:\/\/mouldking.store\/wp-content\/uploads\/2022\/05\/QuanGuan-724-Assassin-Wu-Liuqi-Qingfeng-Sword-with-763-pieces-1-300x300.jpg 300w, https:\/\/mouldking.store\/wp-content\/uploads\/2022\/05\/QuanGuan-724-Assassin-Wu-Liuqi-Qingfeng-Sword-with-763-pieces-1-768x768.jpg 768w, https:\/\/mouldking.store\/wp-content\/uploads\/2022\/05\/QuanGuan-724-Assassin-Wu-Liuqi-Qingfeng-Sword-with-763-pieces-1-600x600.jpg 600w, https:\/\/mouldking.store\/wp-content\/uploads\/2022\/05\/QuanGuan-724-Assassin-Wu-Liuqi-Qingfeng-Sword-with-763-pieces-1-150x150.jpg 150w, https:\/\/mouldking.store\/wp-content\/uploads\/2022\/05\/QuanGuan-724-Assassin-Wu-Liuqi-Qingfeng-Sword-with-763-pieces-1.jpg 1000w\" sizes=\"(max-width: 800px) 100vw, 800px\" \/><figcaption id=\"caption-attachment-31312\" class=\"wp-caption-text\">QuanGuan 724 S\u00e1t th\u1ee7 Wu Liuqi Qingfeng Sword v\u1edbi 763 m\u1ea3nh<\/figcaption><\/figure>\n<figure id=\"attachment_31315\" aria-describedby=\"caption-attachment-31315\" style=\"width: 800px\" class=\"wp-caption aligncenter\"><img decoding=\"async\" class=\"wp-image-31315\" src=\"https:\/\/mouldking.store\/wp-content\/uploads\/2022\/05\/QuanGuan-724-Assassin-Wu-Liuqi-Qingfeng-Sword-with-763-pieces-4-300x300.jpg\" alt=\"QuanGuan 724 Assassin Wu Liuqi Qingfeng Sword with 763 pieces\" width=\"800\" height=\"800\" title=\"-\" srcset=\"https:\/\/mouldking.store\/wp-content\/uploads\/2022\/05\/QuanGuan-724-Assassin-Wu-Liuqi-Qingfeng-Sword-with-763-pieces-4-300x300.jpg 300w, https:\/\/mouldking.store\/wp-content\/uploads\/2022\/05\/QuanGuan-724-Assassin-Wu-Liuqi-Qingfeng-Sword-with-763-pieces-4-768x768.jpg 768w, https:\/\/mouldking.store\/wp-content\/uploads\/2022\/05\/QuanGuan-724-Assassin-Wu-Liuqi-Qingfeng-Sword-with-763-pieces-4-600x600.jpg 600w, https:\/\/mouldking.store\/wp-content\/uploads\/2022\/05\/QuanGuan-724-Assassin-Wu-Liuqi-Qingfeng-Sword-with-763-pieces-4-150x150.jpg 150w, https:\/\/mouldking.store\/wp-content\/uploads\/2022\/05\/QuanGuan-724-Assassin-Wu-Liuqi-Qingfeng-Sword-with-763-pieces-4.jpg 1000w\" sizes=\"(max-width: 800px) 100vw, 800px\" \/><figcaption id=\"caption-attachment-31315\" class=\"wp-caption-text\">QuanGuan 724 S\u00e1t th\u1ee7 Wu Liuqi Qingfeng Sword v\u1edbi 763 m\u1ea3nh<\/figcaption><\/figure>\n<figure id=\"attachment_31314\" aria-describedby=\"caption-attachment-31314\" style=\"width: 800px\" class=\"wp-caption aligncenter\"><img loading=\"lazy\" decoding=\"async\" class=\"wp-image-31314\" src=\"https:\/\/mouldking.store\/wp-content\/uploads\/2022\/05\/QuanGuan-724-Assassin-Wu-Liuqi-Qingfeng-Sword-with-763-pieces-3-300x300.jpg\" alt=\"QuanGuan 724 Assassin Wu Liuqi Qingfeng Sword with 763 pieces\" width=\"800\" height=\"800\" title=\"-\" srcset=\"https:\/\/mouldking.store\/wp-content\/uploads\/2022\/05\/QuanGuan-724-Assassin-Wu-Liuqi-Qingfeng-Sword-with-763-pieces-3-300x300.jpg 300w, https:\/\/mouldking.store\/wp-content\/uploads\/2022\/05\/QuanGuan-724-Assassin-Wu-Liuqi-Qingfeng-Sword-with-763-pieces-3-768x768.jpg 768w, https:\/\/mouldking.store\/wp-content\/uploads\/2022\/05\/QuanGuan-724-Assassin-Wu-Liuqi-Qingfeng-Sword-with-763-pieces-3-600x600.jpg 600w, https:\/\/mouldking.store\/wp-content\/uploads\/2022\/05\/QuanGuan-724-Assassin-Wu-Liuqi-Qingfeng-Sword-with-763-pieces-3-150x150.jpg 150w, https:\/\/mouldking.store\/wp-content\/uploads\/2022\/05\/QuanGuan-724-Assassin-Wu-Liuqi-Qingfeng-Sword-with-763-pieces-3.jpg 1000w\" sizes=\"(max-width: 800px) 100vw, 800px\" \/><figcaption id=\"caption-attachment-31314\" class=\"wp-caption-text\">QuanGuan 724 S\u00e1t th\u1ee7 Wu Liuqi Qingfeng Sword v\u1edbi 763 m\u1ea3nh<\/figcaption><\/figure>\n<figure id=\"attachment_31313\" aria-describedby=\"caption-attachment-31313\" style=\"width: 800px\" class=\"wp-caption aligncenter\"><img loading=\"lazy\" decoding=\"async\" class=\"wp-image-31313\" src=\"https:\/\/mouldking.store\/wp-content\/uploads\/2022\/05\/QuanGuan-724-Assassin-Wu-Liuqi-Qingfeng-Sword-with-763-pieces-2-300x300.jpg\" alt=\"QuanGuan 724 Assassin Wu Liuqi Qingfeng Sword with 763 pieces\" width=\"800\" height=\"800\" title=\"-\" srcset=\"https:\/\/mouldking.store\/wp-content\/uploads\/2022\/05\/QuanGuan-724-Assassin-Wu-Liuqi-Qingfeng-Sword-with-763-pieces-2-300x300.jpg 300w, https:\/\/mouldking.store\/wp-content\/uploads\/2022\/05\/QuanGuan-724-Assassin-Wu-Liuqi-Qingfeng-Sword-with-763-pieces-2-768x768.jpg 768w, https:\/\/mouldking.store\/wp-content\/uploads\/2022\/05\/QuanGuan-724-Assassin-Wu-Liuqi-Qingfeng-Sword-with-763-pieces-2-600x600.jpg 600w, https:\/\/mouldking.store\/wp-content\/uploads\/2022\/05\/QuanGuan-724-Assassin-Wu-Liuqi-Qingfeng-Sword-with-763-pieces-2-150x150.jpg 150w, https:\/\/mouldking.store\/wp-content\/uploads\/2022\/05\/QuanGuan-724-Assassin-Wu-Liuqi-Qingfeng-Sword-with-763-pieces-2.jpg 1000w\" sizes=\"(max-width: 800px) 100vw, 800px\" \/><figcaption id=\"caption-attachment-31313\" class=\"wp-caption-text\">QuanGuan 724 S\u00e1t th\u1ee7 Wu Liuqi Qingfeng Sword v\u1edbi 763 m\u1ea3nh<\/figcaption><\/figure>\n<figure id=\"attachment_31311\" aria-describedby=\"caption-attachment-31311\" style=\"width: 805px\" class=\"wp-caption aligncenter\"><img loading=\"lazy\" decoding=\"async\" class=\"wp-image-31311 size-full\" src=\"https:\/\/mouldking.store\/wp-content\/uploads\/2022\/05\/QUANGUAN-724-Assassin-Wu-Liuqi-Qingfeng-Sword-2.jpg\" alt=\"QuanGuan 724 Assassin Wu Liuqi Qingfeng Sword with 763 pieces\" width=\"805\" height=\"445\" title=\"-\" srcset=\"https:\/\/mouldking.store\/wp-content\/uploads\/2022\/05\/QUANGUAN-724-Assassin-Wu-Liuqi-Qingfeng-Sword-2.jpg 805w, https:\/\/mouldking.store\/wp-content\/uploads\/2022\/05\/QUANGUAN-724-Assassin-Wu-Liuqi-Qingfeng-Sword-2-300x166.jpg 300w, https:\/\/mouldking.store\/wp-content\/uploads\/2022\/05\/QUANGUAN-724-Assassin-Wu-Liuqi-Qingfeng-Sword-2-768x425.jpg 768w, https:\/\/mouldking.store\/wp-content\/uploads\/2022\/05\/QUANGUAN-724-Assassin-Wu-Liuqi-Qingfeng-Sword-2-600x332.jpg 600w, https:\/\/mouldking.store\/wp-content\/uploads\/2022\/05\/QUANGUAN-724-Assassin-Wu-Liuqi-Qingfeng-Sword-2-150x83.jpg 150w\" sizes=\"(max-width: 805px) 100vw, 805px\" \/><figcaption id=\"caption-attachment-31311\" class=\"wp-caption-text\">QuanGuan 724 S\u00e1t th\u1ee7 Wu Liuqi Qingfeng Sword v\u1edbi 763 m\u1ea3nh<\/figcaption><\/figure>","protected":false},"excerpt":{"rendered":"<p>Product information: Brand: QuanGuan Gender: Unisex Name: Assassin Wu Liuqi Qingfeng Sword Age Range: &gt; 6 years old Model Number: 724 Classification: Assemblage Plastic Block Shape: Self-Locking Bricks Material: Plastic Plastic Type: ABS Bricks Blocks: 763 PCS Contains detailed assembly instructions. Notice: 1. Without an original box, but we guarantee our products have quality assurance [&hellip;]<\/p>","protected":false},"featured_media":31310,"comment_status":"closed","ping_status":"closed","template":"","meta":{"_acf_changed":false},"product_cat":[581,1408],"product_tag":[5355,5354,5353,5356,5352,5351,5350],"class_list":["product","first","instock","shipping-taxable","purchasable","product-type-simple"],"acf":[],"_links":{"self":[{"href":"https:\/\/mouldking.store\/vi\/wp-json\/wp\/v2\/product\/31309","targetHints":{"allow":["GET"]}}],"collection":[{"href":"https:\/\/mouldking.store\/vi\/wp-json\/wp\/v2\/product"}],"about":[{"href":"https:\/\/mouldking.store\/vi\/wp-json\/wp\/v2\/types\/product"}],"replies":[{"embeddable":true,"href":"https:\/\/mouldking.store\/vi\/wp-json\/wp\/v2\/comments?post=31309"}],"wp:featuredmedia":[{"embeddable":true,"href":"https:\/\/mouldking.store\/vi\/wp-json\/wp\/v2\/media\/31310"}],"wp:attachment":[{"href":"https:\/\/mouldking.store\/vi\/wp-json\/wp\/v2\/media?parent=31309"}],"wp:term":[{"taxonomy":"product_cat","embeddable":true,"href":"https:\/\/mouldking.store\/vi\/wp-json\/wp\/v2\/product_cat?post=31309"},{"taxonomy":"product_tag","embeddable":true,"href":"https:\/\/mouldking.store\/vi\/wp-json\/wp\/v2\/product_tag?post=31309"}],"curies":[{"name":"wp","href":"https:\/\/api.w.org\/{rel}","templated":true}]}}