{"id":31340,"date":"2022-05-27T11:30:00","date_gmt":"2022-05-27T04:30:00","guid":{"rendered":"https:\/\/mouldking.store\/?post_type=product&#038;p=31340"},"modified":"2022-05-27T11:30:00","modified_gmt":"2022-05-27T04:30:00","slug":"quanguan-726-bleach-zangetsu-with-373-pieces","status":"publish","type":"product","link":"https:\/\/mouldking.store\/vi\/shop\/quanguan-726-bleach-zangetsu-with-373-pieces\/","title":{"rendered":"QuanGuan 726 Bleach Zangetsu v\u1edbi 373 mi\u1ebfng"},"content":{"rendered":"<p>Th\u00f4ng tin s\u1ea3n ph\u1ea9m:<\/p>\n<ol>\n<li>Th\u01b0\u01a1ng hi\u1ec7u: QuanGuan<\/li>\n<li>Gi\u1edbi t\u00ednh: Unisex<\/li>\n<li>T\u00ean: Thu\u1ed1c t\u1ea9y Zangetsu<\/li>\n<li>\u0110\u1ed9 tu\u1ed5i: &gt; 6 tu\u1ed5i<\/li>\n<li>S\u1ed1 m\u00f4 h\u00ecnh: 726<\/li>\n<li>Ph\u00e2n lo\u1ea1i: T\u1eadp h\u1ee3p<\/li>\n<li>H\u00ecnh d\u1ea1ng kh\u1ed1i nh\u1ef1a: G\u1ea1ch t\u1ef1 kh\u00f3a<\/li>\n<li>Ch\u1ea5t li\u1ec7u: Nh\u1ef1a<\/li>\n<li>Lo\u1ea1i nh\u1ef1a: ABS<\/li>\n<li>Kh\u1ed1i g\u1ea1ch: 373 C\u00c1I<\/li>\n<li>Ch\u1ee9a h\u01b0\u1edbng d\u1eabn l\u1eafp r\u00e1p chi ti\u1ebft.<\/li>\n<\/ol>\n<p>\u0110\u1ec3 \u00fd:<br \/>\n1. Kh\u00f4ng c\u00f3 h\u1ed9p ban \u0111\u1ea7u, nh\u01b0ng ch\u00fang t\u00f4i \u0111\u1ea3m b\u1ea3o s\u1ea3n ph\u1ea9m c\u1ee7a ch\u00fang t\u00f4i c\u00f3 ch\u1ea5t l\u01b0\u1ee3ng \u0111\u1ea3m b\u1ea3o v\u00e0 bao b\u00ec \u0111\u1eb9p.<br \/>\n2. V\u00ec t\u1ea5t c\u1ea3 c\u00e1c b\u1ed9 ph\u1eadn ch\u00fang t\u00f4i \u0111\u00e3 ki\u1ec3m tra tr\u01b0\u1edbc khi v\u1eadn chuy\u1ec3n, v\u00ec v\u1eady n\u1ebfu b\u1ea1n th\u1ea5y m\u1ed9t s\u1ed1 b\u1ed9 ph\u1eadn b\u1ecb thi\u1ebfu ho\u1eb7c h\u01b0 h\u1ecfng, \u0111\u1eebng lo l\u1eafng v\u00e0 ch\u1ec9 c\u1ea7n vui l\u00f2ng li\u00ean h\u1ec7 v\u1edbi ch\u00fang t\u00f4i v\u00e0 ch\u00fang t\u00f4i c\u00f3 th\u1ec3 g\u1eedi l\u1ea1i mi\u1ec5n ph\u00ed cho b\u1ea1n ngay l\u1eadp t\u1ee9c.<\/p>\n<p>&nbsp;<\/p>\n<figure id=\"attachment_31345\" aria-describedby=\"caption-attachment-31345\" style=\"width: 900px\" class=\"wp-caption aligncenter\"><img fetchpriority=\"high\" decoding=\"async\" class=\"wp-image-31345 size-full\" src=\"https:\/\/mouldking.store\/wp-content\/uploads\/2022\/05\/QuanGuan-726-Bleach-Zangetsu-1.jpg\" alt=\"QuanGuan 726 Bleach Zangetsu with 373 pieces\" width=\"900\" height=\"900\" title=\"-\" srcset=\"https:\/\/mouldking.store\/wp-content\/uploads\/2022\/05\/QuanGuan-726-Bleach-Zangetsu-1.jpg 900w, https:\/\/mouldking.store\/wp-content\/uploads\/2022\/05\/QuanGuan-726-Bleach-Zangetsu-1-300x300.jpg 300w, https:\/\/mouldking.store\/wp-content\/uploads\/2022\/05\/QuanGuan-726-Bleach-Zangetsu-1-768x768.jpg 768w, https:\/\/mouldking.store\/wp-content\/uploads\/2022\/05\/QuanGuan-726-Bleach-Zangetsu-1-600x600.jpg 600w, https:\/\/mouldking.store\/wp-content\/uploads\/2022\/05\/QuanGuan-726-Bleach-Zangetsu-1-150x150.jpg 150w\" sizes=\"(max-width: 900px) 100vw, 900px\" \/><figcaption id=\"caption-attachment-31345\" class=\"wp-caption-text\">QuanGuan 726 Bleach Zangetsu v\u1edbi 373 mi\u1ebfng<\/figcaption><\/figure>\n<figure id=\"attachment_31343\" aria-describedby=\"caption-attachment-31343\" style=\"width: 895px\" class=\"wp-caption aligncenter\"><img decoding=\"async\" class=\"wp-image-31343 size-full\" src=\"https:\/\/mouldking.store\/wp-content\/uploads\/2022\/05\/QuanGuan-726-Bleach-Zangetsu-4.jpg\" alt=\"QuanGuan 726 Bleach Zangetsu with 373 pieces\" width=\"895\" height=\"865\" title=\"-\" srcset=\"https:\/\/mouldking.store\/wp-content\/uploads\/2022\/05\/QuanGuan-726-Bleach-Zangetsu-4.jpg 895w, https:\/\/mouldking.store\/wp-content\/uploads\/2022\/05\/QuanGuan-726-Bleach-Zangetsu-4-300x290.jpg 300w, https:\/\/mouldking.store\/wp-content\/uploads\/2022\/05\/QuanGuan-726-Bleach-Zangetsu-4-768x742.jpg 768w, https:\/\/mouldking.store\/wp-content\/uploads\/2022\/05\/QuanGuan-726-Bleach-Zangetsu-4-600x580.jpg 600w, https:\/\/mouldking.store\/wp-content\/uploads\/2022\/05\/QuanGuan-726-Bleach-Zangetsu-4-150x145.jpg 150w\" sizes=\"(max-width: 895px) 100vw, 895px\" \/><figcaption id=\"caption-attachment-31343\" class=\"wp-caption-text\">QuanGuan 726 Bleach Zangetsu v\u1edbi 373 mi\u1ebfng<\/figcaption><\/figure>\n<figure id=\"attachment_31344\" aria-describedby=\"caption-attachment-31344\" style=\"width: 894px\" class=\"wp-caption aligncenter\"><img decoding=\"async\" class=\"wp-image-31344 size-full\" src=\"https:\/\/mouldking.store\/wp-content\/uploads\/2022\/05\/QuanGuan-726-Bleach-Zangetsu-5.jpg\" alt=\"QuanGuan 726 Bleach Zangetsu with 373 pieces\" width=\"894\" height=\"868\" title=\"-\" srcset=\"https:\/\/mouldking.store\/wp-content\/uploads\/2022\/05\/QuanGuan-726-Bleach-Zangetsu-5.jpg 894w, https:\/\/mouldking.store\/wp-content\/uploads\/2022\/05\/QuanGuan-726-Bleach-Zangetsu-5-300x291.jpg 300w, https:\/\/mouldking.store\/wp-content\/uploads\/2022\/05\/QuanGuan-726-Bleach-Zangetsu-5-768x746.jpg 768w, https:\/\/mouldking.store\/wp-content\/uploads\/2022\/05\/QuanGuan-726-Bleach-Zangetsu-5-600x583.jpg 600w, https:\/\/mouldking.store\/wp-content\/uploads\/2022\/05\/QuanGuan-726-Bleach-Zangetsu-5-150x146.jpg 150w\" sizes=\"(max-width: 894px) 100vw, 894px\" \/><figcaption id=\"caption-attachment-31344\" class=\"wp-caption-text\">QuanGuan 726 Bleach Zangetsu v\u1edbi 373 mi\u1ebfng<\/figcaption><\/figure>\n<figure id=\"attachment_31342\" aria-describedby=\"caption-attachment-31342\" style=\"width: 891px\" class=\"wp-caption aligncenter\"><img loading=\"lazy\" decoding=\"async\" class=\"wp-image-31342 size-full\" src=\"https:\/\/mouldking.store\/wp-content\/uploads\/2022\/05\/QuanGuan-726-Bleach-Zangetsu-3.jpg\" alt=\"QuanGuan 726 Bleach Zangetsu with 373 pieces\" width=\"891\" height=\"882\" title=\"-\" srcset=\"https:\/\/mouldking.store\/wp-content\/uploads\/2022\/05\/QuanGuan-726-Bleach-Zangetsu-3.jpg 891w, https:\/\/mouldking.store\/wp-content\/uploads\/2022\/05\/QuanGuan-726-Bleach-Zangetsu-3-300x297.jpg 300w, https:\/\/mouldking.store\/wp-content\/uploads\/2022\/05\/QuanGuan-726-Bleach-Zangetsu-3-768x760.jpg 768w, https:\/\/mouldking.store\/wp-content\/uploads\/2022\/05\/QuanGuan-726-Bleach-Zangetsu-3-600x594.jpg 600w, https:\/\/mouldking.store\/wp-content\/uploads\/2022\/05\/QuanGuan-726-Bleach-Zangetsu-3-150x148.jpg 150w\" sizes=\"(max-width: 891px) 100vw, 891px\" \/><figcaption id=\"caption-attachment-31342\" class=\"wp-caption-text\">QuanGuan 726 Bleach Zangetsu v\u1edbi 373 mi\u1ebfng<\/figcaption><\/figure>\n<figure id=\"attachment_31341\" aria-describedby=\"caption-attachment-31341\" style=\"width: 896px\" class=\"wp-caption aligncenter\"><img loading=\"lazy\" decoding=\"async\" class=\"wp-image-31341 size-full\" src=\"https:\/\/mouldking.store\/wp-content\/uploads\/2022\/05\/QuanGuan-726-Bleach-Zangetsu-2.jpg\" alt=\"QuanGuan 726 Bleach Zangetsu with 373 pieces\" width=\"896\" height=\"872\" title=\"-\" srcset=\"https:\/\/mouldking.store\/wp-content\/uploads\/2022\/05\/QuanGuan-726-Bleach-Zangetsu-2.jpg 896w, https:\/\/mouldking.store\/wp-content\/uploads\/2022\/05\/QuanGuan-726-Bleach-Zangetsu-2-300x292.jpg 300w, https:\/\/mouldking.store\/wp-content\/uploads\/2022\/05\/QuanGuan-726-Bleach-Zangetsu-2-768x747.jpg 768w, https:\/\/mouldking.store\/wp-content\/uploads\/2022\/05\/QuanGuan-726-Bleach-Zangetsu-2-600x584.jpg 600w, https:\/\/mouldking.store\/wp-content\/uploads\/2022\/05\/QuanGuan-726-Bleach-Zangetsu-2-150x146.jpg 150w\" sizes=\"(max-width: 896px) 100vw, 896px\" \/><figcaption id=\"caption-attachment-31341\" class=\"wp-caption-text\">QuanGuan 726 Bleach Zangetsu v\u1edbi 373 mi\u1ebfng<\/figcaption><\/figure>","protected":false},"excerpt":{"rendered":"<p>Product information: Brand: QuanGuan Gender: Unisex Name: Bleach Zangetsu Age Range: &gt; 6 years old Model Number: 726 Classification: Assemblage Plastic Block Shape: Self-Locking Bricks Material: Plastic Plastic Type: ABS Bricks Blocks: 373 PCS Contains detailed assembly instructions. Notice: 1. Without an original box, but we guarantee our products have quality assurance and nice packaging. [&hellip;]<\/p>","protected":false},"featured_media":31345,"comment_status":"closed","ping_status":"closed","template":"","meta":{"_acf_changed":false},"product_cat":[581,1408],"product_tag":[5382,5383,5240,2290,5381,5380,5379,5241],"class_list":["product","first","instock","shipping-taxable","purchasable","product-type-simple"],"acf":[],"_links":{"self":[{"href":"https:\/\/mouldking.store\/vi\/wp-json\/wp\/v2\/product\/31340","targetHints":{"allow":["GET"]}}],"collection":[{"href":"https:\/\/mouldking.store\/vi\/wp-json\/wp\/v2\/product"}],"about":[{"href":"https:\/\/mouldking.store\/vi\/wp-json\/wp\/v2\/types\/product"}],"replies":[{"embeddable":true,"href":"https:\/\/mouldking.store\/vi\/wp-json\/wp\/v2\/comments?post=31340"}],"wp:featuredmedia":[{"embeddable":true,"href":"https:\/\/mouldking.store\/vi\/wp-json\/wp\/v2\/media\/31345"}],"wp:attachment":[{"href":"https:\/\/mouldking.store\/vi\/wp-json\/wp\/v2\/media?parent=31340"}],"wp:term":[{"taxonomy":"product_cat","embeddable":true,"href":"https:\/\/mouldking.store\/vi\/wp-json\/wp\/v2\/product_cat?post=31340"},{"taxonomy":"product_tag","embeddable":true,"href":"https:\/\/mouldking.store\/vi\/wp-json\/wp\/v2\/product_tag?post=31340"}],"curies":[{"name":"wp","href":"https:\/\/api.w.org\/{rel}","templated":true}]}}