{"id":31346,"date":"2022-05-27T11:35:41","date_gmt":"2022-05-27T04:35:41","guid":{"rendered":"https:\/\/mouldking.store\/?post_type=product&#038;p=31346"},"modified":"2022-05-27T11:36:20","modified_gmt":"2022-05-27T04:36:20","slug":"quanguan-723-demon-slayer-kimetsu-no-yaiba-shinobu-kocho-with-778-pieces","status":"publish","type":"product","link":"https:\/\/mouldking.store\/vi\/shop\/quanguan-723-demon-slayer-kimetsu-no-yaiba-shinobu-kocho-with-778-pieces\/","title":{"rendered":"QuanGuan 723 Demon Slayer: Kimetsu no Yaiba Shinobu Kocho v\u1edbi 778 mi\u1ebfng"},"content":{"rendered":"<p>Th\u00f4ng tin s\u1ea3n ph\u1ea9m:<\/p>\n<ol>\n<li>Th\u01b0\u01a1ng hi\u1ec7u: QuanGuan<\/li>\n<li>Gi\u1edbi t\u00ednh: Unisex<\/li>\n<li>Name: Demon Slayer: Kimetsu no Yaiba Shinobu Kocho<\/li>\n<li>\u0110\u1ed9 tu\u1ed5i: &gt; 6 tu\u1ed5i<\/li>\n<li>Model Number: 723<\/li>\n<li>Ph\u00e2n lo\u1ea1i: T\u1eadp h\u1ee3p<\/li>\n<li>H\u00ecnh d\u1ea1ng kh\u1ed1i nh\u1ef1a: G\u1ea1ch t\u1ef1 kh\u00f3a<\/li>\n<li>Ch\u1ea5t li\u1ec7u: Nh\u1ef1a<\/li>\n<li>Lo\u1ea1i nh\u1ef1a: ABS<\/li>\n<li>Bricks Blocks: 778 PCS<\/li>\n<li>Ch\u1ee9a h\u01b0\u1edbng d\u1eabn l\u1eafp r\u00e1p chi ti\u1ebft.<\/li>\n<\/ol>\n<p>\u0110\u1ec3 \u00fd:<br \/>\n1. Kh\u00f4ng c\u00f3 h\u1ed9p ban \u0111\u1ea7u, nh\u01b0ng ch\u00fang t\u00f4i \u0111\u1ea3m b\u1ea3o s\u1ea3n ph\u1ea9m c\u1ee7a ch\u00fang t\u00f4i c\u00f3 ch\u1ea5t l\u01b0\u1ee3ng \u0111\u1ea3m b\u1ea3o v\u00e0 bao b\u00ec \u0111\u1eb9p.<br \/>\n2. V\u00ec t\u1ea5t c\u1ea3 c\u00e1c b\u1ed9 ph\u1eadn ch\u00fang t\u00f4i \u0111\u00e3 ki\u1ec3m tra tr\u01b0\u1edbc khi v\u1eadn chuy\u1ec3n, v\u00ec v\u1eady n\u1ebfu b\u1ea1n th\u1ea5y m\u1ed9t s\u1ed1 b\u1ed9 ph\u1eadn b\u1ecb thi\u1ebfu ho\u1eb7c h\u01b0 h\u1ecfng, \u0111\u1eebng lo l\u1eafng v\u00e0 ch\u1ec9 c\u1ea7n vui l\u00f2ng li\u00ean h\u1ec7 v\u1edbi ch\u00fang t\u00f4i v\u00e0 ch\u00fang t\u00f4i c\u00f3 th\u1ec3 g\u1eedi l\u1ea1i mi\u1ec5n ph\u00ed cho b\u1ea1n ngay l\u1eadp t\u1ee9c.<\/p>\n<p>&nbsp;<\/p>\n<figure id=\"attachment_31347\" aria-describedby=\"caption-attachment-31347\" style=\"width: 896px\" class=\"wp-caption aligncenter\"><img fetchpriority=\"high\" decoding=\"async\" class=\"wp-image-31347 size-full\" src=\"https:\/\/mouldking.store\/wp-content\/uploads\/2022\/05\/QuanGuan-723-Demon-Slayer-Kimetsu-no-Yaiba-Shinobu-Kocho-4.jpg\" alt=\"QuanGuan 723 Demon Slayer: Kimetsu no Yaiba Shinobu Kocho with 778 pieces\" width=\"896\" height=\"893\" title=\"-\" srcset=\"https:\/\/mouldking.store\/wp-content\/uploads\/2022\/05\/QuanGuan-723-Demon-Slayer-Kimetsu-no-Yaiba-Shinobu-Kocho-4.jpg 896w, https:\/\/mouldking.store\/wp-content\/uploads\/2022\/05\/QuanGuan-723-Demon-Slayer-Kimetsu-no-Yaiba-Shinobu-Kocho-4-300x299.jpg 300w, https:\/\/mouldking.store\/wp-content\/uploads\/2022\/05\/QuanGuan-723-Demon-Slayer-Kimetsu-no-Yaiba-Shinobu-Kocho-4-768x765.jpg 768w, https:\/\/mouldking.store\/wp-content\/uploads\/2022\/05\/QuanGuan-723-Demon-Slayer-Kimetsu-no-Yaiba-Shinobu-Kocho-4-600x598.jpg 600w, https:\/\/mouldking.store\/wp-content\/uploads\/2022\/05\/QuanGuan-723-Demon-Slayer-Kimetsu-no-Yaiba-Shinobu-Kocho-4-150x150.jpg 150w\" sizes=\"(max-width: 896px) 100vw, 896px\" \/><figcaption id=\"caption-attachment-31347\" class=\"wp-caption-text\">QuanGuan 723 Demon Slayer: Kimetsu no Yaiba Shinobu Kocho v\u1edbi 778 mi\u1ebfng<\/figcaption><\/figure>\n<figure id=\"attachment_31349\" aria-describedby=\"caption-attachment-31349\" style=\"width: 888px\" class=\"wp-caption aligncenter\"><img decoding=\"async\" class=\"wp-image-31349 size-full\" src=\"https:\/\/mouldking.store\/wp-content\/uploads\/2022\/05\/QuanGuan-723-Demon-Slayer-Kimetsu-no-Yaiba-Shinobu-Kocho-2.jpg\" alt=\"QuanGuan 723 Demon Slayer: Kimetsu no Yaiba Shinobu Kocho with 778 pieces\" width=\"888\" height=\"892\" title=\"-\" srcset=\"https:\/\/mouldking.store\/wp-content\/uploads\/2022\/05\/QuanGuan-723-Demon-Slayer-Kimetsu-no-Yaiba-Shinobu-Kocho-2.jpg 888w, https:\/\/mouldking.store\/wp-content\/uploads\/2022\/05\/QuanGuan-723-Demon-Slayer-Kimetsu-no-Yaiba-Shinobu-Kocho-2-300x301.jpg 300w, https:\/\/mouldking.store\/wp-content\/uploads\/2022\/05\/QuanGuan-723-Demon-Slayer-Kimetsu-no-Yaiba-Shinobu-Kocho-2-768x771.jpg 768w, https:\/\/mouldking.store\/wp-content\/uploads\/2022\/05\/QuanGuan-723-Demon-Slayer-Kimetsu-no-Yaiba-Shinobu-Kocho-2-600x603.jpg 600w, https:\/\/mouldking.store\/wp-content\/uploads\/2022\/05\/QuanGuan-723-Demon-Slayer-Kimetsu-no-Yaiba-Shinobu-Kocho-2-150x150.jpg 150w\" sizes=\"(max-width: 888px) 100vw, 888px\" \/><figcaption id=\"caption-attachment-31349\" class=\"wp-caption-text\">QuanGuan 723 Demon Slayer: Kimetsu no Yaiba Shinobu Kocho v\u1edbi 778 mi\u1ebfng<\/figcaption><\/figure>\n<figure id=\"attachment_31350\" aria-describedby=\"caption-attachment-31350\" style=\"width: 904px\" class=\"wp-caption aligncenter\"><img decoding=\"async\" class=\"wp-image-31350 size-full\" src=\"https:\/\/mouldking.store\/wp-content\/uploads\/2022\/05\/QuanGuan-723-Demon-Slayer-Kimetsu-no-Yaiba-Shinobu-Kocho-3.jpg\" alt=\"QuanGuan 723 Demon Slayer: Kimetsu no Yaiba Shinobu Kocho with 778 pieces\" width=\"904\" height=\"883\" title=\"-\" srcset=\"https:\/\/mouldking.store\/wp-content\/uploads\/2022\/05\/QuanGuan-723-Demon-Slayer-Kimetsu-no-Yaiba-Shinobu-Kocho-3.jpg 904w, https:\/\/mouldking.store\/wp-content\/uploads\/2022\/05\/QuanGuan-723-Demon-Slayer-Kimetsu-no-Yaiba-Shinobu-Kocho-3-300x293.jpg 300w, https:\/\/mouldking.store\/wp-content\/uploads\/2022\/05\/QuanGuan-723-Demon-Slayer-Kimetsu-no-Yaiba-Shinobu-Kocho-3-768x750.jpg 768w, https:\/\/mouldking.store\/wp-content\/uploads\/2022\/05\/QuanGuan-723-Demon-Slayer-Kimetsu-no-Yaiba-Shinobu-Kocho-3-600x586.jpg 600w, https:\/\/mouldking.store\/wp-content\/uploads\/2022\/05\/QuanGuan-723-Demon-Slayer-Kimetsu-no-Yaiba-Shinobu-Kocho-3-150x147.jpg 150w\" sizes=\"(max-width: 904px) 100vw, 904px\" \/><figcaption id=\"caption-attachment-31350\" class=\"wp-caption-text\">QuanGuan 723 Demon Slayer: Kimetsu no Yaiba Shinobu Kocho v\u1edbi 778 mi\u1ebfng<\/figcaption><\/figure>\n<figure id=\"attachment_31348\" aria-describedby=\"caption-attachment-31348\" style=\"width: 900px\" class=\"wp-caption aligncenter\"><img loading=\"lazy\" decoding=\"async\" class=\"wp-image-31348 size-full\" src=\"https:\/\/mouldking.store\/wp-content\/uploads\/2022\/05\/QuanGuan-723-Demon-Slayer-Kimetsu-no-Yaiba-Shinobu-Kocho-1.jpg\" alt=\"QuanGuan 723 Demon Slayer: Kimetsu no Yaiba Shinobu Kocho with 778 pieces\" width=\"900\" height=\"886\" title=\"-\" srcset=\"https:\/\/mouldking.store\/wp-content\/uploads\/2022\/05\/QuanGuan-723-Demon-Slayer-Kimetsu-no-Yaiba-Shinobu-Kocho-1.jpg 900w, https:\/\/mouldking.store\/wp-content\/uploads\/2022\/05\/QuanGuan-723-Demon-Slayer-Kimetsu-no-Yaiba-Shinobu-Kocho-1-300x295.jpg 300w, https:\/\/mouldking.store\/wp-content\/uploads\/2022\/05\/QuanGuan-723-Demon-Slayer-Kimetsu-no-Yaiba-Shinobu-Kocho-1-768x756.jpg 768w, https:\/\/mouldking.store\/wp-content\/uploads\/2022\/05\/QuanGuan-723-Demon-Slayer-Kimetsu-no-Yaiba-Shinobu-Kocho-1-600x591.jpg 600w, https:\/\/mouldking.store\/wp-content\/uploads\/2022\/05\/QuanGuan-723-Demon-Slayer-Kimetsu-no-Yaiba-Shinobu-Kocho-1-150x148.jpg 150w\" sizes=\"(max-width: 900px) 100vw, 900px\" \/><figcaption id=\"caption-attachment-31348\" class=\"wp-caption-text\">QuanGuan 723 Demon Slayer: Kimetsu no Yaiba Shinobu Kocho v\u1edbi 778 mi\u1ebfng<\/figcaption><\/figure>","protected":false},"excerpt":{"rendered":"<p>Product information: Brand: QuanGuan Gender: Unisex Name: Demon Slayer: Kimetsu no Yaiba Shinobu Kocho Age Range: &gt; 6 years old Model Number: 723 Classification: Assemblage Plastic Block Shape: Self-Locking Bricks Material: Plastic Plastic Type: ABS Bricks Blocks: 778 PCS Contains detailed assembly instructions. Notice: 1. Without an original box, but we guarantee our products have [&hellip;]<\/p>","protected":false},"featured_media":31347,"comment_status":"closed","ping_status":"closed","template":"","meta":{"_acf_changed":false},"product_cat":[581,1408],"product_tag":[5390,2977,5387,5315,5389,2290,5386,5388,5385,5384,5391],"class_list":["product","first","instock","shipping-taxable","purchasable","product-type-simple"],"acf":[],"_links":{"self":[{"href":"https:\/\/mouldking.store\/vi\/wp-json\/wp\/v2\/product\/31346","targetHints":{"allow":["GET"]}}],"collection":[{"href":"https:\/\/mouldking.store\/vi\/wp-json\/wp\/v2\/product"}],"about":[{"href":"https:\/\/mouldking.store\/vi\/wp-json\/wp\/v2\/types\/product"}],"replies":[{"embeddable":true,"href":"https:\/\/mouldking.store\/vi\/wp-json\/wp\/v2\/comments?post=31346"}],"wp:featuredmedia":[{"embeddable":true,"href":"https:\/\/mouldking.store\/vi\/wp-json\/wp\/v2\/media\/31347"}],"wp:attachment":[{"href":"https:\/\/mouldking.store\/vi\/wp-json\/wp\/v2\/media?parent=31346"}],"wp:term":[{"taxonomy":"product_cat","embeddable":true,"href":"https:\/\/mouldking.store\/vi\/wp-json\/wp\/v2\/product_cat?post=31346"},{"taxonomy":"product_tag","embeddable":true,"href":"https:\/\/mouldking.store\/vi\/wp-json\/wp\/v2\/product_tag?post=31346"}],"curies":[{"name":"wp","href":"https:\/\/api.w.org\/{rel}","templated":true}]}}