{"id":31369,"date":"2022-05-27T11:53:35","date_gmt":"2022-05-27T04:53:35","guid":{"rendered":"https:\/\/mouldking.store\/?post_type=product&#038;p=31369"},"modified":"2022-05-27T11:53:36","modified_gmt":"2022-05-27T04:53:36","slug":"qman-k20606-crayon-shin-chans-living-room-with-289-pieces","status":"publish","type":"product","link":"https:\/\/mouldking.store\/vi\/shop\/qman-k20606-crayon-shin-chans-living-room-with-289-pieces\/","title":{"rendered":"Qman K20606 Ph\u00f2ng kh\u00e1ch c\u1ee7a Crayon Shin-Chan v\u1edbi 289 mi\u1ebfng gh\u00e9p"},"content":{"rendered":"<p>Th\u00f4ng tin s\u1ea3n ph\u1ea9m:<\/p>\n<ol>\n<li>Th\u01b0\u01a1ng hi\u1ec7u: Qman<\/li>\n<li>Gi\u1edbi t\u00ednh: Unisex<\/li>\n<li>Name: Crayon Shin-Chan&#8217;s Living Room<\/li>\n<li>\u0110\u1ed9 tu\u1ed5i: &gt; 6 tu\u1ed5i<\/li>\n<li>Model Number: K20606<\/li>\n<li>Ph\u00e2n lo\u1ea1i: T\u1eadp h\u1ee3p<\/li>\n<li>H\u00ecnh d\u1ea1ng kh\u1ed1i nh\u1ef1a: G\u1ea1ch t\u1ef1 kh\u00f3a<\/li>\n<li>Ch\u1ea5t li\u1ec7u: Nh\u1ef1a<\/li>\n<li>Lo\u1ea1i nh\u1ef1a: ABS<\/li>\n<li>Bricks Blocks: 289 PCS<\/li>\n<li>Ch\u1ee9a h\u01b0\u1edbng d\u1eabn l\u1eafp r\u00e1p chi ti\u1ebft.<\/li>\n<\/ol>\n<p>\u0110\u1ec3 \u00fd:<br \/>\n1. Kh\u00f4ng c\u00f3 h\u1ed9p ban \u0111\u1ea7u, nh\u01b0ng ch\u00fang t\u00f4i \u0111\u1ea3m b\u1ea3o s\u1ea3n ph\u1ea9m c\u1ee7a ch\u00fang t\u00f4i c\u00f3 ch\u1ea5t l\u01b0\u1ee3ng \u0111\u1ea3m b\u1ea3o v\u00e0 bao b\u00ec \u0111\u1eb9p.<br \/>\n2. V\u00ec t\u1ea5t c\u1ea3 c\u00e1c b\u1ed9 ph\u1eadn ch\u00fang t\u00f4i \u0111\u00e3 ki\u1ec3m tra tr\u01b0\u1edbc khi v\u1eadn chuy\u1ec3n, v\u00ec v\u1eady n\u1ebfu b\u1ea1n th\u1ea5y m\u1ed9t s\u1ed1 b\u1ed9 ph\u1eadn b\u1ecb thi\u1ebfu ho\u1eb7c h\u01b0 h\u1ecfng, \u0111\u1eebng lo l\u1eafng v\u00e0 ch\u1ec9 c\u1ea7n vui l\u00f2ng li\u00ean h\u1ec7 v\u1edbi ch\u00fang t\u00f4i v\u00e0 ch\u00fang t\u00f4i c\u00f3 th\u1ec3 g\u1eedi l\u1ea1i mi\u1ec5n ph\u00ed cho b\u1ea1n ngay l\u1eadp t\u1ee9c.<\/p>\n<p>&nbsp;<\/p>\n<figure id=\"attachment_31370\" aria-describedby=\"caption-attachment-31370\" style=\"width: 901px\" class=\"wp-caption aligncenter\"><img fetchpriority=\"high\" decoding=\"async\" class=\"wp-image-31370 size-full\" src=\"https:\/\/mouldking.store\/wp-content\/uploads\/2022\/05\/Qman-K20606-Crayon-Shin-Chans-Living-Room-1.jpg\" alt=\"Qman K20606 Crayon Shin-Chan&#039;s Living Room with 289 pieces\" width=\"901\" height=\"882\" title=\"-\" srcset=\"https:\/\/mouldking.store\/wp-content\/uploads\/2022\/05\/Qman-K20606-Crayon-Shin-Chans-Living-Room-1.jpg 901w, https:\/\/mouldking.store\/wp-content\/uploads\/2022\/05\/Qman-K20606-Crayon-Shin-Chans-Living-Room-1-300x294.jpg 300w, https:\/\/mouldking.store\/wp-content\/uploads\/2022\/05\/Qman-K20606-Crayon-Shin-Chans-Living-Room-1-768x752.jpg 768w, https:\/\/mouldking.store\/wp-content\/uploads\/2022\/05\/Qman-K20606-Crayon-Shin-Chans-Living-Room-1-600x587.jpg 600w, https:\/\/mouldking.store\/wp-content\/uploads\/2022\/05\/Qman-K20606-Crayon-Shin-Chans-Living-Room-1-150x147.jpg 150w\" sizes=\"(max-width: 901px) 100vw, 901px\" \/><figcaption id=\"caption-attachment-31370\" class=\"wp-caption-text\">Qman K20606 Ph\u00f2ng kh\u00e1ch c\u1ee7a Crayon Shin-Chan v\u1edbi 289 mi\u1ebfng gh\u00e9p<\/figcaption><\/figure>\n<figure id=\"attachment_31372\" aria-describedby=\"caption-attachment-31372\" style=\"width: 752px\" class=\"wp-caption aligncenter\"><img decoding=\"async\" class=\"wp-image-31372 size-full\" src=\"https:\/\/mouldking.store\/wp-content\/uploads\/2022\/05\/Qman-K20606-Crayon-Shin-Chans-Living-Room-3.jpg\" alt=\"Qman K20606 Crayon Shin-Chan&#039;s Living Room with 289 pieces\" width=\"752\" height=\"869\" title=\"-\" srcset=\"https:\/\/mouldking.store\/wp-content\/uploads\/2022\/05\/Qman-K20606-Crayon-Shin-Chans-Living-Room-3.jpg 752w, https:\/\/mouldking.store\/wp-content\/uploads\/2022\/05\/Qman-K20606-Crayon-Shin-Chans-Living-Room-3-260x300.jpg 260w, https:\/\/mouldking.store\/wp-content\/uploads\/2022\/05\/Qman-K20606-Crayon-Shin-Chans-Living-Room-3-300x347.jpg 300w, https:\/\/mouldking.store\/wp-content\/uploads\/2022\/05\/Qman-K20606-Crayon-Shin-Chans-Living-Room-3-600x693.jpg 600w, https:\/\/mouldking.store\/wp-content\/uploads\/2022\/05\/Qman-K20606-Crayon-Shin-Chans-Living-Room-3-130x150.jpg 130w\" sizes=\"(max-width: 752px) 100vw, 752px\" \/><figcaption id=\"caption-attachment-31372\" class=\"wp-caption-text\">Qman K20606 Ph\u00f2ng kh\u00e1ch c\u1ee7a Crayon Shin-Chan v\u1edbi 289 mi\u1ebfng gh\u00e9p<\/figcaption><\/figure>\n<figure id=\"attachment_31373\" aria-describedby=\"caption-attachment-31373\" style=\"width: 529px\" class=\"wp-caption aligncenter\"><img decoding=\"async\" class=\"wp-image-31373 size-full\" src=\"https:\/\/mouldking.store\/wp-content\/uploads\/2022\/05\/Qman-K20606-Crayon-Shin-Chans-Living-Room-4.jpg\" alt=\"Qman K20606 Crayon Shin-Chan&#039;s Living Room with 289 pieces\" width=\"529\" height=\"888\" title=\"-\" srcset=\"https:\/\/mouldking.store\/wp-content\/uploads\/2022\/05\/Qman-K20606-Crayon-Shin-Chans-Living-Room-4.jpg 529w, https:\/\/mouldking.store\/wp-content\/uploads\/2022\/05\/Qman-K20606-Crayon-Shin-Chans-Living-Room-4-179x300.jpg 179w, https:\/\/mouldking.store\/wp-content\/uploads\/2022\/05\/Qman-K20606-Crayon-Shin-Chans-Living-Room-4-300x504.jpg 300w, https:\/\/mouldking.store\/wp-content\/uploads\/2022\/05\/Qman-K20606-Crayon-Shin-Chans-Living-Room-4-89x150.jpg 89w\" sizes=\"(max-width: 529px) 100vw, 529px\" \/><figcaption id=\"caption-attachment-31373\" class=\"wp-caption-text\">Qman K20606 Ph\u00f2ng kh\u00e1ch c\u1ee7a Crayon Shin-Chan v\u1edbi 289 mi\u1ebfng gh\u00e9p<\/figcaption><\/figure>\n<figure id=\"attachment_31374\" aria-describedby=\"caption-attachment-31374\" style=\"width: 534px\" class=\"wp-caption aligncenter\"><img loading=\"lazy\" decoding=\"async\" class=\"wp-image-31374 size-full\" src=\"https:\/\/mouldking.store\/wp-content\/uploads\/2022\/05\/Qman-K20606-Crayon-Shin-Chans-Living-Room-5.jpg\" alt=\"Qman K20606 Crayon Shin-Chan&#039;s Living Room with 289 pieces\" width=\"534\" height=\"874\" title=\"-\" srcset=\"https:\/\/mouldking.store\/wp-content\/uploads\/2022\/05\/Qman-K20606-Crayon-Shin-Chans-Living-Room-5.jpg 534w, https:\/\/mouldking.store\/wp-content\/uploads\/2022\/05\/Qman-K20606-Crayon-Shin-Chans-Living-Room-5-183x300.jpg 183w, https:\/\/mouldking.store\/wp-content\/uploads\/2022\/05\/Qman-K20606-Crayon-Shin-Chans-Living-Room-5-300x491.jpg 300w, https:\/\/mouldking.store\/wp-content\/uploads\/2022\/05\/Qman-K20606-Crayon-Shin-Chans-Living-Room-5-92x150.jpg 92w\" sizes=\"(max-width: 534px) 100vw, 534px\" \/><figcaption id=\"caption-attachment-31374\" class=\"wp-caption-text\">Qman K20606 Ph\u00f2ng kh\u00e1ch c\u1ee7a Crayon Shin-Chan v\u1edbi 289 mi\u1ebfng gh\u00e9p<\/figcaption><\/figure>\n<figure id=\"attachment_31375\" aria-describedby=\"caption-attachment-31375\" style=\"width: 692px\" class=\"wp-caption aligncenter\"><img loading=\"lazy\" decoding=\"async\" class=\"wp-image-31375 size-full\" src=\"https:\/\/mouldking.store\/wp-content\/uploads\/2022\/05\/Qman-K20606-Crayon-Shin-Chans-Living-Room-6.jpg\" alt=\"Qman K20606 Crayon Shin-Chan&#039;s Living Room with 289 pieces\" width=\"692\" height=\"874\" title=\"-\" srcset=\"https:\/\/mouldking.store\/wp-content\/uploads\/2022\/05\/Qman-K20606-Crayon-Shin-Chans-Living-Room-6.jpg 692w, https:\/\/mouldking.store\/wp-content\/uploads\/2022\/05\/Qman-K20606-Crayon-Shin-Chans-Living-Room-6-238x300.jpg 238w, https:\/\/mouldking.store\/wp-content\/uploads\/2022\/05\/Qman-K20606-Crayon-Shin-Chans-Living-Room-6-300x379.jpg 300w, https:\/\/mouldking.store\/wp-content\/uploads\/2022\/05\/Qman-K20606-Crayon-Shin-Chans-Living-Room-6-600x758.jpg 600w, https:\/\/mouldking.store\/wp-content\/uploads\/2022\/05\/Qman-K20606-Crayon-Shin-Chans-Living-Room-6-119x150.jpg 119w\" sizes=\"(max-width: 692px) 100vw, 692px\" \/><figcaption id=\"caption-attachment-31375\" class=\"wp-caption-text\">Qman K20606 Ph\u00f2ng kh\u00e1ch c\u1ee7a Crayon Shin-Chan v\u1edbi 289 mi\u1ebfng gh\u00e9p<\/figcaption><\/figure>\n<figure id=\"attachment_31376\" aria-describedby=\"caption-attachment-31376\" style=\"width: 578px\" class=\"wp-caption aligncenter\"><img loading=\"lazy\" decoding=\"async\" class=\"wp-image-31376 size-full\" src=\"https:\/\/mouldking.store\/wp-content\/uploads\/2022\/05\/Qman-K20606-Crayon-Shin-Chans-Living-Room-7.jpg\" alt=\"Qman K20606 Crayon Shin-Chan&#039;s Living Room with 289 pieces\" width=\"578\" height=\"884\" title=\"-\" srcset=\"https:\/\/mouldking.store\/wp-content\/uploads\/2022\/05\/Qman-K20606-Crayon-Shin-Chans-Living-Room-7.jpg 578w, https:\/\/mouldking.store\/wp-content\/uploads\/2022\/05\/Qman-K20606-Crayon-Shin-Chans-Living-Room-7-196x300.jpg 196w, https:\/\/mouldking.store\/wp-content\/uploads\/2022\/05\/Qman-K20606-Crayon-Shin-Chans-Living-Room-7-300x459.jpg 300w, https:\/\/mouldking.store\/wp-content\/uploads\/2022\/05\/Qman-K20606-Crayon-Shin-Chans-Living-Room-7-98x150.jpg 98w\" sizes=\"(max-width: 578px) 100vw, 578px\" \/><figcaption id=\"caption-attachment-31376\" class=\"wp-caption-text\">Qman K20606 Ph\u00f2ng kh\u00e1ch c\u1ee7a Crayon Shin-Chan v\u1edbi 289 mi\u1ebfng gh\u00e9p<\/figcaption><\/figure>\n<figure id=\"attachment_31371\" aria-describedby=\"caption-attachment-31371\" style=\"width: 563px\" class=\"wp-caption aligncenter\"><img loading=\"lazy\" decoding=\"async\" class=\"wp-image-31371 size-full\" src=\"https:\/\/mouldking.store\/wp-content\/uploads\/2022\/05\/Qman-K20606-Crayon-Shin-Chans-Living-Room-2.jpg\" alt=\"Qman K20606 Crayon Shin-Chan&#039;s Living Room with 289 pieces\" width=\"563\" height=\"490\" title=\"-\" srcset=\"https:\/\/mouldking.store\/wp-content\/uploads\/2022\/05\/Qman-K20606-Crayon-Shin-Chans-Living-Room-2.jpg 563w, https:\/\/mouldking.store\/wp-content\/uploads\/2022\/05\/Qman-K20606-Crayon-Shin-Chans-Living-Room-2-300x261.jpg 300w, https:\/\/mouldking.store\/wp-content\/uploads\/2022\/05\/Qman-K20606-Crayon-Shin-Chans-Living-Room-2-150x131.jpg 150w\" sizes=\"(max-width: 563px) 100vw, 563px\" \/><figcaption id=\"caption-attachment-31371\" class=\"wp-caption-text\">Qman K20606 Ph\u00f2ng kh\u00e1ch c\u1ee7a Crayon Shin-Chan v\u1edbi 289 mi\u1ebfng gh\u00e9p<\/figcaption><\/figure>","protected":false},"excerpt":{"rendered":"<p>Product information: Brand: Qman Gender: Unisex Name: Crayon Shin-Chan&#8217;s Living Room Age Range: &gt; 6 years old Model Number: K20606 Classification: Assemblage Plastic Block Shape: Self-Locking Bricks Material: Plastic Plastic Type: ABS Bricks Blocks: 289 PCS Contains detailed assembly instructions. Notice: 1. Without an original box, but we guarantee our products have quality assurance and [&hellip;]<\/p>","protected":false},"featured_media":31370,"comment_status":"closed","ping_status":"closed","template":"","meta":{"_acf_changed":false},"product_cat":[581,1408],"product_tag":[5409,5407,5408,5413,4125,5406,5405,5404,5411,5412,5410],"class_list":["product","first","instock","shipping-taxable","purchasable","product-type-simple"],"acf":[],"_links":{"self":[{"href":"https:\/\/mouldking.store\/vi\/wp-json\/wp\/v2\/product\/31369","targetHints":{"allow":["GET"]}}],"collection":[{"href":"https:\/\/mouldking.store\/vi\/wp-json\/wp\/v2\/product"}],"about":[{"href":"https:\/\/mouldking.store\/vi\/wp-json\/wp\/v2\/types\/product"}],"replies":[{"embeddable":true,"href":"https:\/\/mouldking.store\/vi\/wp-json\/wp\/v2\/comments?post=31369"}],"wp:featuredmedia":[{"embeddable":true,"href":"https:\/\/mouldking.store\/vi\/wp-json\/wp\/v2\/media\/31370"}],"wp:attachment":[{"href":"https:\/\/mouldking.store\/vi\/wp-json\/wp\/v2\/media?parent=31369"}],"wp:term":[{"taxonomy":"product_cat","embeddable":true,"href":"https:\/\/mouldking.store\/vi\/wp-json\/wp\/v2\/product_cat?post=31369"},{"taxonomy":"product_tag","embeddable":true,"href":"https:\/\/mouldking.store\/vi\/wp-json\/wp\/v2\/product_tag?post=31369"}],"curies":[{"name":"wp","href":"https:\/\/api.w.org\/{rel}","templated":true}]}}