{"id":31401,"date":"2022-05-27T12:15:57","date_gmt":"2022-05-27T05:15:57","guid":{"rendered":"https:\/\/mouldking.store\/?post_type=product&#038;p=31401"},"modified":"2022-05-27T12:15:57","modified_gmt":"2022-05-27T05:15:57","slug":"qman-k20605-cat-school-bus-with-305-pieces","status":"publish","type":"product","link":"https:\/\/mouldking.store\/vi\/shop\/qman-k20605-cat-school-bus-with-305-pieces\/","title":{"rendered":"Xe \u0111\u01b0a \u0111\u00f3n h\u1ecdc sinh Qman K20605 Cat 305 chi ti\u1ebft"},"content":{"rendered":"<p>Th\u00f4ng tin s\u1ea3n ph\u1ea9m:<\/p>\n<ol>\n<li>Th\u01b0\u01a1ng hi\u1ec7u: Qman<\/li>\n<li>Gi\u1edbi t\u00ednh: Unisex<\/li>\n<li>T\u00ean: Xe bu\u00fdt tr\u01b0\u1eddng h\u1ecdc m\u00e8o<\/li>\n<li>\u0110\u1ed9 tu\u1ed5i: &gt; 6 tu\u1ed5i<\/li>\n<li>S\u1ed1 m\u00f4 h\u00ecnh: K20605<\/li>\n<li>Ph\u00e2n lo\u1ea1i: T\u1eadp h\u1ee3p<\/li>\n<li>H\u00ecnh d\u1ea1ng kh\u1ed1i nh\u1ef1a: G\u1ea1ch t\u1ef1 kh\u00f3a<\/li>\n<li>Ch\u1ea5t li\u1ec7u: Nh\u1ef1a<\/li>\n<li>Lo\u1ea1i nh\u1ef1a: ABS<\/li>\n<li>Kh\u1ed1i g\u1ea1ch: 305 C\u00c1I<\/li>\n<li>Ch\u1ee9a h\u01b0\u1edbng d\u1eabn l\u1eafp r\u00e1p chi ti\u1ebft.<\/li>\n<\/ol>\n<p>\u0110\u1ec3 \u00fd:<br \/>\n1. Kh\u00f4ng c\u00f3 h\u1ed9p ban \u0111\u1ea7u, nh\u01b0ng ch\u00fang t\u00f4i \u0111\u1ea3m b\u1ea3o s\u1ea3n ph\u1ea9m c\u1ee7a ch\u00fang t\u00f4i c\u00f3 ch\u1ea5t l\u01b0\u1ee3ng \u0111\u1ea3m b\u1ea3o v\u00e0 bao b\u00ec \u0111\u1eb9p.<br \/>\n2. V\u00ec t\u1ea5t c\u1ea3 c\u00e1c b\u1ed9 ph\u1eadn ch\u00fang t\u00f4i \u0111\u00e3 ki\u1ec3m tra tr\u01b0\u1edbc khi v\u1eadn chuy\u1ec3n, v\u00ec v\u1eady n\u1ebfu b\u1ea1n th\u1ea5y m\u1ed9t s\u1ed1 b\u1ed9 ph\u1eadn b\u1ecb thi\u1ebfu ho\u1eb7c h\u01b0 h\u1ecfng, \u0111\u1eebng lo l\u1eafng v\u00e0 ch\u1ec9 c\u1ea7n vui l\u00f2ng li\u00ean h\u1ec7 v\u1edbi ch\u00fang t\u00f4i v\u00e0 ch\u00fang t\u00f4i c\u00f3 th\u1ec3 g\u1eedi l\u1ea1i mi\u1ec5n ph\u00ed cho b\u1ea1n ngay l\u1eadp t\u1ee9c.<\/p>\n<p>&nbsp;<\/p>\n<figure id=\"attachment_31402\" aria-describedby=\"caption-attachment-31402\" style=\"width: 898px\" class=\"wp-caption aligncenter\"><img fetchpriority=\"high\" decoding=\"async\" class=\"wp-image-31402 size-full\" src=\"https:\/\/mouldking.store\/wp-content\/uploads\/2022\/05\/Qman-K20605-Cat-School-Bus-1.jpg\" alt=\"Qman K20605 Cat School Bus with 305 pieces\" width=\"898\" height=\"896\" title=\"-\" srcset=\"https:\/\/mouldking.store\/wp-content\/uploads\/2022\/05\/Qman-K20605-Cat-School-Bus-1.jpg 898w, https:\/\/mouldking.store\/wp-content\/uploads\/2022\/05\/Qman-K20605-Cat-School-Bus-1-300x299.jpg 300w, https:\/\/mouldking.store\/wp-content\/uploads\/2022\/05\/Qman-K20605-Cat-School-Bus-1-768x766.jpg 768w, https:\/\/mouldking.store\/wp-content\/uploads\/2022\/05\/Qman-K20605-Cat-School-Bus-1-600x599.jpg 600w, https:\/\/mouldking.store\/wp-content\/uploads\/2022\/05\/Qman-K20605-Cat-School-Bus-1-150x150.jpg 150w\" sizes=\"(max-width: 898px) 100vw, 898px\" \/><figcaption id=\"caption-attachment-31402\" class=\"wp-caption-text\">Xe \u0111\u01b0a \u0111\u00f3n h\u1ecdc sinh Qman K20605 Cat 305 chi ti\u1ebft<\/figcaption><\/figure>\n<figure id=\"attachment_31408\" aria-describedby=\"caption-attachment-31408\" style=\"width: 608px\" class=\"wp-caption aligncenter\"><img decoding=\"async\" class=\"wp-image-31408 size-full\" src=\"https:\/\/mouldking.store\/wp-content\/uploads\/2022\/05\/Qman-K20605-Cat-School-Bus-7.jpg\" alt=\"Qman K20605 Cat School Bus with 305 pieces\" width=\"608\" height=\"893\" title=\"-\" srcset=\"https:\/\/mouldking.store\/wp-content\/uploads\/2022\/05\/Qman-K20605-Cat-School-Bus-7.jpg 608w, https:\/\/mouldking.store\/wp-content\/uploads\/2022\/05\/Qman-K20605-Cat-School-Bus-7-204x300.jpg 204w, https:\/\/mouldking.store\/wp-content\/uploads\/2022\/05\/Qman-K20605-Cat-School-Bus-7-300x441.jpg 300w, https:\/\/mouldking.store\/wp-content\/uploads\/2022\/05\/Qman-K20605-Cat-School-Bus-7-600x881.jpg 600w, https:\/\/mouldking.store\/wp-content\/uploads\/2022\/05\/Qman-K20605-Cat-School-Bus-7-102x150.jpg 102w\" sizes=\"(max-width: 608px) 100vw, 608px\" \/><figcaption id=\"caption-attachment-31408\" class=\"wp-caption-text\">Xe \u0111\u01b0a \u0111\u00f3n h\u1ecdc sinh Qman K20605 Cat 305 chi ti\u1ebft<\/figcaption><\/figure>\n<figure id=\"attachment_31403\" aria-describedby=\"caption-attachment-31403\" style=\"width: 474px\" class=\"wp-caption aligncenter\"><img decoding=\"async\" class=\"wp-image-31403 size-full\" src=\"https:\/\/mouldking.store\/wp-content\/uploads\/2022\/05\/Qman-K20605-Cat-School-Bus-2.jpg\" alt=\"Qman K20605 Cat School Bus with 305 pieces\" width=\"474\" height=\"886\" title=\"-\" srcset=\"https:\/\/mouldking.store\/wp-content\/uploads\/2022\/05\/Qman-K20605-Cat-School-Bus-2.jpg 474w, https:\/\/mouldking.store\/wp-content\/uploads\/2022\/05\/Qman-K20605-Cat-School-Bus-2-160x300.jpg 160w, https:\/\/mouldking.store\/wp-content\/uploads\/2022\/05\/Qman-K20605-Cat-School-Bus-2-300x561.jpg 300w, https:\/\/mouldking.store\/wp-content\/uploads\/2022\/05\/Qman-K20605-Cat-School-Bus-2-80x150.jpg 80w\" sizes=\"(max-width: 474px) 100vw, 474px\" \/><figcaption id=\"caption-attachment-31403\" class=\"wp-caption-text\">Xe \u0111\u01b0a \u0111\u00f3n h\u1ecdc sinh Qman K20605 Cat 305 chi ti\u1ebft<\/figcaption><\/figure>\n<figure id=\"attachment_31404\" aria-describedby=\"caption-attachment-31404\" style=\"width: 524px\" class=\"wp-caption aligncenter\"><img loading=\"lazy\" decoding=\"async\" class=\"wp-image-31404 size-full\" src=\"https:\/\/mouldking.store\/wp-content\/uploads\/2022\/05\/Qman-K20605-Cat-School-Bus-3.jpg\" alt=\"Qman K20605 Cat School Bus with 305 pieces\" width=\"524\" height=\"863\" title=\"-\" srcset=\"https:\/\/mouldking.store\/wp-content\/uploads\/2022\/05\/Qman-K20605-Cat-School-Bus-3.jpg 524w, https:\/\/mouldking.store\/wp-content\/uploads\/2022\/05\/Qman-K20605-Cat-School-Bus-3-182x300.jpg 182w, https:\/\/mouldking.store\/wp-content\/uploads\/2022\/05\/Qman-K20605-Cat-School-Bus-3-300x494.jpg 300w, https:\/\/mouldking.store\/wp-content\/uploads\/2022\/05\/Qman-K20605-Cat-School-Bus-3-91x150.jpg 91w\" sizes=\"(max-width: 524px) 100vw, 524px\" \/><figcaption id=\"caption-attachment-31404\" class=\"wp-caption-text\">Xe \u0111\u01b0a \u0111\u00f3n h\u1ecdc sinh Qman K20605 Cat 305 chi ti\u1ebft<\/figcaption><\/figure>\n<figure id=\"attachment_31405\" aria-describedby=\"caption-attachment-31405\" style=\"width: 544px\" class=\"wp-caption aligncenter\"><img loading=\"lazy\" decoding=\"async\" class=\"wp-image-31405 size-full\" src=\"https:\/\/mouldking.store\/wp-content\/uploads\/2022\/05\/Qman-K20605-Cat-School-Bus-4.jpg\" alt=\"Qman K20605 Cat School Bus with 305 pieces\" width=\"544\" height=\"873\" title=\"-\" srcset=\"https:\/\/mouldking.store\/wp-content\/uploads\/2022\/05\/Qman-K20605-Cat-School-Bus-4.jpg 544w, https:\/\/mouldking.store\/wp-content\/uploads\/2022\/05\/Qman-K20605-Cat-School-Bus-4-187x300.jpg 187w, https:\/\/mouldking.store\/wp-content\/uploads\/2022\/05\/Qman-K20605-Cat-School-Bus-4-300x481.jpg 300w, https:\/\/mouldking.store\/wp-content\/uploads\/2022\/05\/Qman-K20605-Cat-School-Bus-4-93x150.jpg 93w\" sizes=\"(max-width: 544px) 100vw, 544px\" \/><figcaption id=\"caption-attachment-31405\" class=\"wp-caption-text\">Xe \u0111\u01b0a \u0111\u00f3n h\u1ecdc sinh Qman K20605 Cat 305 chi ti\u1ebft<\/figcaption><\/figure>\n<figure id=\"attachment_31406\" aria-describedby=\"caption-attachment-31406\" style=\"width: 468px\" class=\"wp-caption aligncenter\"><img loading=\"lazy\" decoding=\"async\" class=\"wp-image-31406 size-full\" src=\"https:\/\/mouldking.store\/wp-content\/uploads\/2022\/05\/Qman-K20605-Cat-School-Bus-5.jpg\" alt=\"Qman K20605 Cat School Bus with 305 pieces\" width=\"468\" height=\"669\" title=\"-\" srcset=\"https:\/\/mouldking.store\/wp-content\/uploads\/2022\/05\/Qman-K20605-Cat-School-Bus-5.jpg 468w, https:\/\/mouldking.store\/wp-content\/uploads\/2022\/05\/Qman-K20605-Cat-School-Bus-5-210x300.jpg 210w, https:\/\/mouldking.store\/wp-content\/uploads\/2022\/05\/Qman-K20605-Cat-School-Bus-5-300x429.jpg 300w, https:\/\/mouldking.store\/wp-content\/uploads\/2022\/05\/Qman-K20605-Cat-School-Bus-5-105x150.jpg 105w\" sizes=\"(max-width: 468px) 100vw, 468px\" \/><figcaption id=\"caption-attachment-31406\" class=\"wp-caption-text\">Xe \u0111\u01b0a \u0111\u00f3n h\u1ecdc sinh Qman K20605 Cat 305 chi ti\u1ebft<\/figcaption><\/figure>\n<figure id=\"attachment_31407\" aria-describedby=\"caption-attachment-31407\" style=\"width: 626px\" class=\"wp-caption aligncenter\"><img loading=\"lazy\" decoding=\"async\" class=\"wp-image-31407 size-full\" src=\"https:\/\/mouldking.store\/wp-content\/uploads\/2022\/05\/Qman-K20605-Cat-School-Bus-6.jpg\" alt=\"Qman K20605 Cat School Bus with 305 pieces\" width=\"626\" height=\"875\" title=\"-\" srcset=\"https:\/\/mouldking.store\/wp-content\/uploads\/2022\/05\/Qman-K20605-Cat-School-Bus-6.jpg 626w, https:\/\/mouldking.store\/wp-content\/uploads\/2022\/05\/Qman-K20605-Cat-School-Bus-6-215x300.jpg 215w, https:\/\/mouldking.store\/wp-content\/uploads\/2022\/05\/Qman-K20605-Cat-School-Bus-6-300x419.jpg 300w, https:\/\/mouldking.store\/wp-content\/uploads\/2022\/05\/Qman-K20605-Cat-School-Bus-6-600x839.jpg 600w, https:\/\/mouldking.store\/wp-content\/uploads\/2022\/05\/Qman-K20605-Cat-School-Bus-6-107x150.jpg 107w\" sizes=\"(max-width: 626px) 100vw, 626px\" \/><figcaption id=\"caption-attachment-31407\" class=\"wp-caption-text\">Xe \u0111\u01b0a \u0111\u00f3n h\u1ecdc sinh Qman K20605 Cat 305 chi ti\u1ebft<\/figcaption><\/figure>","protected":false},"excerpt":{"rendered":"<p>Product information: Brand: Qman Gender: Unisex Name: Cat School Bus Age Range: &gt; 6 years old Model Number: K20605 Classification: Assemblage Plastic Block Shape: Self-Locking Bricks Material: Plastic Plastic Type: ABS Bricks Blocks: 305 PCS Contains detailed assembly instructions. Notice: 1. Without an original box, but we guarantee our products have quality assurance and nice [&hellip;]<\/p>","protected":false},"featured_media":31402,"comment_status":"closed","ping_status":"closed","template":"","meta":{"_acf_changed":false},"product_cat":[581,1408],"product_tag":[4572,5428,5425,5426,4125,5424,5423,5422,5427,5411],"class_list":["product","first","instock","shipping-taxable","purchasable","product-type-simple"],"acf":[],"_links":{"self":[{"href":"https:\/\/mouldking.store\/vi\/wp-json\/wp\/v2\/product\/31401","targetHints":{"allow":["GET"]}}],"collection":[{"href":"https:\/\/mouldking.store\/vi\/wp-json\/wp\/v2\/product"}],"about":[{"href":"https:\/\/mouldking.store\/vi\/wp-json\/wp\/v2\/types\/product"}],"replies":[{"embeddable":true,"href":"https:\/\/mouldking.store\/vi\/wp-json\/wp\/v2\/comments?post=31401"}],"wp:featuredmedia":[{"embeddable":true,"href":"https:\/\/mouldking.store\/vi\/wp-json\/wp\/v2\/media\/31402"}],"wp:attachment":[{"href":"https:\/\/mouldking.store\/vi\/wp-json\/wp\/v2\/media?parent=31401"}],"wp:term":[{"taxonomy":"product_cat","embeddable":true,"href":"https:\/\/mouldking.store\/vi\/wp-json\/wp\/v2\/product_cat?post=31401"},{"taxonomy":"product_tag","embeddable":true,"href":"https:\/\/mouldking.store\/vi\/wp-json\/wp\/v2\/product_tag?post=31401"}],"curies":[{"name":"wp","href":"https:\/\/api.w.org\/{rel}","templated":true}]}}