{"id":31409,"date":"2022-05-27T12:28:33","date_gmt":"2022-05-27T05:28:33","guid":{"rendered":"https:\/\/mouldking.store\/?post_type=product&#038;p=31409"},"modified":"2023-03-14T09:49:30","modified_gmt":"2023-03-14T02:49:30","slug":"cada-c66006-japanese-steamed-bun-house-with-1108-pieces","status":"publish","type":"product","link":"https:\/\/mouldking.store\/vi\/shop\/cada-c66006-japanese-steamed-bun-house-with-1108-pieces\/","title":{"rendered":"CADA C66006 Nh\u00e0 B\u00e1nh H\u1ea5p Nh\u1eadt B\u1ea3n 1108 c\u00e1i"},"content":{"rendered":"<p>Th\u00f4ng tin s\u1ea3n ph\u1ea9m:<\/p>\n<ol>\n<li>Th\u01b0\u01a1ng hi\u1ec7u: CADA<\/li>\n<li>Gi\u1edbi t\u00ednh: Unisex<\/li>\n<li>T\u00ean: Nh\u00e0 B\u00fan H\u1ea5p Nh\u1eadt B\u1ea3n<\/li>\n<li>\u0110\u1ed9 tu\u1ed5i: &gt; 6 tu\u1ed5i<\/li>\n<li>S\u1ed1 m\u00f4 h\u00ecnh: C66006<\/li>\n<li>Ph\u00e2n lo\u1ea1i: T\u1eadp h\u1ee3p<\/li>\n<li>H\u00ecnh d\u1ea1ng kh\u1ed1i nh\u1ef1a: G\u1ea1ch t\u1ef1 kh\u00f3a<\/li>\n<li>Ch\u1ea5t li\u1ec7u: Nh\u1ef1a<\/li>\n<li>Lo\u1ea1i nh\u1ef1a: ABS<\/li>\n<li>Kh\u1ed1i g\u1ea1ch: 1108 C\u00c1I<\/li>\n<li>Ch\u1ee9a h\u01b0\u1edbng d\u1eabn l\u1eafp r\u00e1p chi ti\u1ebft.<\/li>\n<\/ol>\n<p>\u0110\u1ec3 \u00fd:<br \/>\n1. Kh\u00f4ng c\u00f3 h\u1ed9p ban \u0111\u1ea7u, nh\u01b0ng ch\u00fang t\u00f4i \u0111\u1ea3m b\u1ea3o s\u1ea3n ph\u1ea9m c\u1ee7a ch\u00fang t\u00f4i c\u00f3 ch\u1ea5t l\u01b0\u1ee3ng \u0111\u1ea3m b\u1ea3o v\u00e0 bao b\u00ec \u0111\u1eb9p.<br \/>\n2. V\u00ec t\u1ea5t c\u1ea3 c\u00e1c b\u1ed9 ph\u1eadn ch\u00fang t\u00f4i \u0111\u00e3 ki\u1ec3m tra tr\u01b0\u1edbc khi v\u1eadn chuy\u1ec3n, v\u00ec v\u1eady n\u1ebfu b\u1ea1n th\u1ea5y m\u1ed9t s\u1ed1 b\u1ed9 ph\u1eadn b\u1ecb thi\u1ebfu ho\u1eb7c h\u01b0 h\u1ecfng, \u0111\u1eebng lo l\u1eafng v\u00e0 ch\u1ec9 c\u1ea7n vui l\u00f2ng li\u00ean h\u1ec7 v\u1edbi ch\u00fang t\u00f4i v\u00e0 ch\u00fang t\u00f4i c\u00f3 th\u1ec3 g\u1eedi l\u1ea1i mi\u1ec5n ph\u00ed cho b\u1ea1n ngay l\u1eadp t\u1ee9c.<\/p>\n<p>&nbsp;<\/p>\n<figure id=\"attachment_31410\" aria-describedby=\"caption-attachment-31410\" style=\"width: 894px\" class=\"wp-caption aligncenter\"><img fetchpriority=\"high\" decoding=\"async\" class=\"wp-image-31410 size-full\" src=\"https:\/\/mouldking.store\/wp-content\/uploads\/2022\/05\/Cada-C66006-Japanese-Steam-Bun-Shop-1.jpg\" alt=\"CADA C66006 Japanese Steamed Bun House with 1108 pieces\" width=\"894\" height=\"885\" title=\"-\" srcset=\"https:\/\/mouldking.store\/wp-content\/uploads\/2022\/05\/Cada-C66006-Japanese-Steam-Bun-Shop-1.jpg 894w, https:\/\/mouldking.store\/wp-content\/uploads\/2022\/05\/Cada-C66006-Japanese-Steam-Bun-Shop-1-300x297.jpg 300w, https:\/\/mouldking.store\/wp-content\/uploads\/2022\/05\/Cada-C66006-Japanese-Steam-Bun-Shop-1-768x760.jpg 768w, https:\/\/mouldking.store\/wp-content\/uploads\/2022\/05\/Cada-C66006-Japanese-Steam-Bun-Shop-1-600x594.jpg 600w, https:\/\/mouldking.store\/wp-content\/uploads\/2022\/05\/Cada-C66006-Japanese-Steam-Bun-Shop-1-150x148.jpg 150w\" sizes=\"(max-width: 894px) 100vw, 894px\" \/><figcaption id=\"caption-attachment-31410\" class=\"wp-caption-text\">CADA C66006 Nh\u00e0 B\u00e1nh H\u1ea5p Nh\u1eadt B\u1ea3n 1108 c\u00e1i<\/figcaption><\/figure>\n<figure id=\"attachment_31412\" aria-describedby=\"caption-attachment-31412\" style=\"width: 895px\" class=\"wp-caption aligncenter\"><img decoding=\"async\" class=\"wp-image-31412 size-full\" src=\"https:\/\/mouldking.store\/wp-content\/uploads\/2022\/05\/Cada-C66006-Japanese-Steam-Bun-Shop-3.jpg\" alt=\"CADA C66006 Japanese Steamed Bun House with 1108 pieces\" width=\"895\" height=\"866\" title=\"-\" srcset=\"https:\/\/mouldking.store\/wp-content\/uploads\/2022\/05\/Cada-C66006-Japanese-Steam-Bun-Shop-3.jpg 895w, https:\/\/mouldking.store\/wp-content\/uploads\/2022\/05\/Cada-C66006-Japanese-Steam-Bun-Shop-3-300x290.jpg 300w, https:\/\/mouldking.store\/wp-content\/uploads\/2022\/05\/Cada-C66006-Japanese-Steam-Bun-Shop-3-768x743.jpg 768w, https:\/\/mouldking.store\/wp-content\/uploads\/2022\/05\/Cada-C66006-Japanese-Steam-Bun-Shop-3-600x581.jpg 600w, https:\/\/mouldking.store\/wp-content\/uploads\/2022\/05\/Cada-C66006-Japanese-Steam-Bun-Shop-3-150x145.jpg 150w\" sizes=\"(max-width: 895px) 100vw, 895px\" \/><figcaption id=\"caption-attachment-31412\" class=\"wp-caption-text\">CADA C66006 Nh\u00e0 B\u00e1nh H\u1ea5p Nh\u1eadt B\u1ea3n 1108 c\u00e1i<\/figcaption><\/figure>\n<figure id=\"attachment_31413\" aria-describedby=\"caption-attachment-31413\" style=\"width: 893px\" class=\"wp-caption aligncenter\"><img decoding=\"async\" class=\"wp-image-31413 size-full\" src=\"https:\/\/mouldking.store\/wp-content\/uploads\/2022\/05\/Cada-C66006-Japanese-Steam-Bun-Shop-4.jpg\" alt=\"CADA C66006 Japanese Steamed Bun House with 1108 pieces\" width=\"893\" height=\"851\" title=\"-\" srcset=\"https:\/\/mouldking.store\/wp-content\/uploads\/2022\/05\/Cada-C66006-Japanese-Steam-Bun-Shop-4.jpg 893w, https:\/\/mouldking.store\/wp-content\/uploads\/2022\/05\/Cada-C66006-Japanese-Steam-Bun-Shop-4-300x286.jpg 300w, https:\/\/mouldking.store\/wp-content\/uploads\/2022\/05\/Cada-C66006-Japanese-Steam-Bun-Shop-4-768x732.jpg 768w, https:\/\/mouldking.store\/wp-content\/uploads\/2022\/05\/Cada-C66006-Japanese-Steam-Bun-Shop-4-600x572.jpg 600w, https:\/\/mouldking.store\/wp-content\/uploads\/2022\/05\/Cada-C66006-Japanese-Steam-Bun-Shop-4-150x143.jpg 150w\" sizes=\"(max-width: 893px) 100vw, 893px\" \/><figcaption id=\"caption-attachment-31413\" class=\"wp-caption-text\">CADA C66006 Nh\u00e0 B\u00e1nh H\u1ea5p Nh\u1eadt B\u1ea3n 1108 c\u00e1i<\/figcaption><\/figure>\n<figure id=\"attachment_31411\" aria-describedby=\"caption-attachment-31411\" style=\"width: 894px\" class=\"wp-caption aligncenter\"><img loading=\"lazy\" decoding=\"async\" class=\"wp-image-31411 size-full\" src=\"https:\/\/mouldking.store\/wp-content\/uploads\/2022\/05\/Cada-C66006-Japanese-Steam-Bun-Shop-2.jpg\" alt=\"CADA C66006 Japanese Steamed Bun House with 1108 pieces\" width=\"894\" height=\"855\" title=\"-\" srcset=\"https:\/\/mouldking.store\/wp-content\/uploads\/2022\/05\/Cada-C66006-Japanese-Steam-Bun-Shop-2.jpg 894w, https:\/\/mouldking.store\/wp-content\/uploads\/2022\/05\/Cada-C66006-Japanese-Steam-Bun-Shop-2-300x287.jpg 300w, https:\/\/mouldking.store\/wp-content\/uploads\/2022\/05\/Cada-C66006-Japanese-Steam-Bun-Shop-2-768x734.jpg 768w, https:\/\/mouldking.store\/wp-content\/uploads\/2022\/05\/Cada-C66006-Japanese-Steam-Bun-Shop-2-600x574.jpg 600w, https:\/\/mouldking.store\/wp-content\/uploads\/2022\/05\/Cada-C66006-Japanese-Steam-Bun-Shop-2-150x143.jpg 150w\" sizes=\"(max-width: 894px) 100vw, 894px\" \/><figcaption id=\"caption-attachment-31411\" class=\"wp-caption-text\">CADA C66006 Nh\u00e0 B\u00e1nh H\u1ea5p Nh\u1eadt B\u1ea3n 1108 c\u00e1i<\/figcaption><\/figure>\n<figure id=\"attachment_31414\" aria-describedby=\"caption-attachment-31414\" style=\"width: 897px\" class=\"wp-caption aligncenter\"><img loading=\"lazy\" decoding=\"async\" class=\"wp-image-31414 size-full\" src=\"https:\/\/mouldking.store\/wp-content\/uploads\/2022\/05\/Cada-C66006-Japanese-Steam-Bun-Shop-5.jpg\" alt=\"CADA C66006 Japanese Steamed Bun House with 1108 pieces\" width=\"897\" height=\"876\" title=\"-\" srcset=\"https:\/\/mouldking.store\/wp-content\/uploads\/2022\/05\/Cada-C66006-Japanese-Steam-Bun-Shop-5.jpg 897w, https:\/\/mouldking.store\/wp-content\/uploads\/2022\/05\/Cada-C66006-Japanese-Steam-Bun-Shop-5-300x293.jpg 300w, https:\/\/mouldking.store\/wp-content\/uploads\/2022\/05\/Cada-C66006-Japanese-Steam-Bun-Shop-5-768x750.jpg 768w, https:\/\/mouldking.store\/wp-content\/uploads\/2022\/05\/Cada-C66006-Japanese-Steam-Bun-Shop-5-600x586.jpg 600w, https:\/\/mouldking.store\/wp-content\/uploads\/2022\/05\/Cada-C66006-Japanese-Steam-Bun-Shop-5-150x146.jpg 150w\" sizes=\"(max-width: 897px) 100vw, 897px\" \/><figcaption id=\"caption-attachment-31414\" class=\"wp-caption-text\">CADA C66006 Nh\u00e0 B\u00e1nh H\u1ea5p Nh\u1eadt B\u1ea3n 1108 c\u00e1i<\/figcaption><\/figure>","protected":false},"excerpt":{"rendered":"<p>Product information: Brand: CADA Gender: Unisex Name: Japanese Steamed Bun House Age Range: &gt; 6 years old Model Number: C66006 Classification: Assemblage Plastic Block Shape: Self-Locking Bricks Material: Plastic Plastic Type: ABS Bricks Blocks: 1108 PCS Contains detailed assembly instructions. Notice: 1. Without an original box, but we guarantee our products have quality assurance and [&hellip;]<\/p>","protected":false},"featured_media":31410,"comment_status":"closed","ping_status":"closed","template":"","meta":{"_acf_changed":false},"product_cat":[1395,390],"product_tag":[5433,1916,5431,5430,5429,5434,5436,5432,5435],"class_list":["product","first","instock","shipping-taxable","purchasable","product-type-simple"],"acf":[],"_links":{"self":[{"href":"https:\/\/mouldking.store\/vi\/wp-json\/wp\/v2\/product\/31409","targetHints":{"allow":["GET"]}}],"collection":[{"href":"https:\/\/mouldking.store\/vi\/wp-json\/wp\/v2\/product"}],"about":[{"href":"https:\/\/mouldking.store\/vi\/wp-json\/wp\/v2\/types\/product"}],"replies":[{"embeddable":true,"href":"https:\/\/mouldking.store\/vi\/wp-json\/wp\/v2\/comments?post=31409"}],"wp:featuredmedia":[{"embeddable":true,"href":"https:\/\/mouldking.store\/vi\/wp-json\/wp\/v2\/media\/31410"}],"wp:attachment":[{"href":"https:\/\/mouldking.store\/vi\/wp-json\/wp\/v2\/media?parent=31409"}],"wp:term":[{"taxonomy":"product_cat","embeddable":true,"href":"https:\/\/mouldking.store\/vi\/wp-json\/wp\/v2\/product_cat?post=31409"},{"taxonomy":"product_tag","embeddable":true,"href":"https:\/\/mouldking.store\/vi\/wp-json\/wp\/v2\/product_tag?post=31409"}],"curies":[{"name":"wp","href":"https:\/\/api.w.org\/{rel}","templated":true}]}}