{"id":31428,"date":"2022-05-27T14:21:21","date_gmt":"2022-05-27T07:21:21","guid":{"rendered":"https:\/\/mouldking.store\/?post_type=product&#038;p=31428"},"modified":"2022-05-27T14:21:22","modified_gmt":"2022-05-27T07:21:22","slug":"qman-k18001-hot-pot-restaurant-with-2482-pieces","status":"publish","type":"product","link":"https:\/\/mouldking.store\/vi\/shop\/qman-k18001-hot-pot-restaurant-with-2482-pieces\/","title":{"rendered":"Nh\u00e0 h\u00e0ng L\u1ea9u Qman K18001 v\u1edbi 2482 ph\u1ea7n"},"content":{"rendered":"<p>Th\u00f4ng tin s\u1ea3n ph\u1ea9m:<\/p>\n<ol>\n<li>Th\u01b0\u01a1ng hi\u1ec7u: Qman<\/li>\n<li>Gi\u1edbi t\u00ednh: Unisex<\/li>\n<li>T\u00ean: Qu\u00e1n L\u1ea9u<\/li>\n<li>\u0110\u1ed9 tu\u1ed5i: &gt; 6 tu\u1ed5i<\/li>\n<li>S\u1ed1 m\u00f4 h\u00ecnh: K18001<\/li>\n<li>Ph\u00e2n lo\u1ea1i: T\u1eadp h\u1ee3p<\/li>\n<li>H\u00ecnh d\u1ea1ng kh\u1ed1i nh\u1ef1a: G\u1ea1ch t\u1ef1 kh\u00f3a<\/li>\n<li>Ch\u1ea5t li\u1ec7u: Nh\u1ef1a<\/li>\n<li>Lo\u1ea1i nh\u1ef1a: ABS<\/li>\n<li>Kh\u1ed1i g\u1ea1ch: 2482 C\u00c1I<\/li>\n<li>Ch\u1ee9a h\u01b0\u1edbng d\u1eabn l\u1eafp r\u00e1p chi ti\u1ebft.<\/li>\n<\/ol>\n<p>\u0110\u1ec3 \u00fd:<br \/>\n1. Kh\u00f4ng c\u00f3 h\u1ed9p ban \u0111\u1ea7u, nh\u01b0ng ch\u00fang t\u00f4i \u0111\u1ea3m b\u1ea3o s\u1ea3n ph\u1ea9m c\u1ee7a ch\u00fang t\u00f4i c\u00f3 ch\u1ea5t l\u01b0\u1ee3ng \u0111\u1ea3m b\u1ea3o v\u00e0 bao b\u00ec \u0111\u1eb9p.<br \/>\n2. V\u00ec t\u1ea5t c\u1ea3 c\u00e1c b\u1ed9 ph\u1eadn ch\u00fang t\u00f4i \u0111\u00e3 ki\u1ec3m tra tr\u01b0\u1edbc khi v\u1eadn chuy\u1ec3n, v\u00ec v\u1eady n\u1ebfu b\u1ea1n th\u1ea5y m\u1ed9t s\u1ed1 b\u1ed9 ph\u1eadn b\u1ecb thi\u1ebfu ho\u1eb7c h\u01b0 h\u1ecfng, \u0111\u1eebng lo l\u1eafng v\u00e0 ch\u1ec9 c\u1ea7n vui l\u00f2ng li\u00ean h\u1ec7 v\u1edbi ch\u00fang t\u00f4i v\u00e0 ch\u00fang t\u00f4i c\u00f3 th\u1ec3 g\u1eedi l\u1ea1i mi\u1ec5n ph\u00ed cho b\u1ea1n ngay l\u1eadp t\u1ee9c.<\/p>\n<p>&nbsp;<\/p>\n<figure id=\"attachment_31429\" aria-describedby=\"caption-attachment-31429\" style=\"width: 896px\" class=\"wp-caption aligncenter\"><img fetchpriority=\"high\" decoding=\"async\" class=\"wp-image-31429 size-full\" src=\"https:\/\/mouldking.store\/wp-content\/uploads\/2022\/05\/Qman-K18001-Hot-Pot-Restaurant-1.jpg\" alt=\"Qman K18001 Hot Pot Restaurant with 2482 pieces\" width=\"896\" height=\"879\" title=\"-\" srcset=\"https:\/\/mouldking.store\/wp-content\/uploads\/2022\/05\/Qman-K18001-Hot-Pot-Restaurant-1.jpg 896w, https:\/\/mouldking.store\/wp-content\/uploads\/2022\/05\/Qman-K18001-Hot-Pot-Restaurant-1-300x294.jpg 300w, https:\/\/mouldking.store\/wp-content\/uploads\/2022\/05\/Qman-K18001-Hot-Pot-Restaurant-1-768x753.jpg 768w, https:\/\/mouldking.store\/wp-content\/uploads\/2022\/05\/Qman-K18001-Hot-Pot-Restaurant-1-600x589.jpg 600w, https:\/\/mouldking.store\/wp-content\/uploads\/2022\/05\/Qman-K18001-Hot-Pot-Restaurant-1-150x147.jpg 150w\" sizes=\"(max-width: 896px) 100vw, 896px\" \/><figcaption id=\"caption-attachment-31429\" class=\"wp-caption-text\">Nh\u00e0 h\u00e0ng L\u1ea9u Qman K18001 v\u1edbi 2482 ph\u1ea7n<\/figcaption><\/figure>\n<figure id=\"attachment_31434\" aria-describedby=\"caption-attachment-31434\" style=\"width: 419px\" class=\"wp-caption aligncenter\"><img decoding=\"async\" class=\"wp-image-31434 size-full\" src=\"https:\/\/mouldking.store\/wp-content\/uploads\/2022\/05\/Qman-K18001-Hot-Pot-Restaurant-6.jpg\" alt=\"Qman K18001 Hot Pot Restaurant with 2482 pieces\" width=\"419\" height=\"868\" title=\"-\" srcset=\"https:\/\/mouldking.store\/wp-content\/uploads\/2022\/05\/Qman-K18001-Hot-Pot-Restaurant-6.jpg 419w, https:\/\/mouldking.store\/wp-content\/uploads\/2022\/05\/Qman-K18001-Hot-Pot-Restaurant-6-145x300.jpg 145w, https:\/\/mouldking.store\/wp-content\/uploads\/2022\/05\/Qman-K18001-Hot-Pot-Restaurant-6-300x621.jpg 300w, https:\/\/mouldking.store\/wp-content\/uploads\/2022\/05\/Qman-K18001-Hot-Pot-Restaurant-6-72x150.jpg 72w\" sizes=\"(max-width: 419px) 100vw, 419px\" \/><figcaption id=\"caption-attachment-31434\" class=\"wp-caption-text\">Nh\u00e0 h\u00e0ng L\u1ea9u Qman K18001 v\u1edbi 2482 ph\u1ea7n<\/figcaption><\/figure>\n<figure id=\"attachment_31431\" aria-describedby=\"caption-attachment-31431\" style=\"width: 896px\" class=\"wp-caption aligncenter\"><img decoding=\"async\" class=\"wp-image-31431 size-full\" src=\"https:\/\/mouldking.store\/wp-content\/uploads\/2022\/05\/Qman-K18001-Hot-Pot-Restaurant-3.jpg\" alt=\"Qman K18001 Hot Pot Restaurant with 2482 pieces\" width=\"896\" height=\"895\" title=\"-\" srcset=\"https:\/\/mouldking.store\/wp-content\/uploads\/2022\/05\/Qman-K18001-Hot-Pot-Restaurant-3.jpg 896w, https:\/\/mouldking.store\/wp-content\/uploads\/2022\/05\/Qman-K18001-Hot-Pot-Restaurant-3-300x300.jpg 300w, https:\/\/mouldking.store\/wp-content\/uploads\/2022\/05\/Qman-K18001-Hot-Pot-Restaurant-3-768x767.jpg 768w, https:\/\/mouldking.store\/wp-content\/uploads\/2022\/05\/Qman-K18001-Hot-Pot-Restaurant-3-600x599.jpg 600w, https:\/\/mouldking.store\/wp-content\/uploads\/2022\/05\/Qman-K18001-Hot-Pot-Restaurant-3-150x150.jpg 150w\" sizes=\"(max-width: 896px) 100vw, 896px\" \/><figcaption id=\"caption-attachment-31431\" class=\"wp-caption-text\">Nh\u00e0 h\u00e0ng L\u1ea9u Qman K18001 v\u1edbi 2482 ph\u1ea7n<\/figcaption><\/figure>\n<figure id=\"attachment_31432\" aria-describedby=\"caption-attachment-31432\" style=\"width: 541px\" class=\"wp-caption aligncenter\"><img loading=\"lazy\" decoding=\"async\" class=\"wp-image-31432 size-full\" src=\"https:\/\/mouldking.store\/wp-content\/uploads\/2022\/05\/Qman-K18001-Hot-Pot-Restaurant-4.jpg\" alt=\"Qman K18001 Hot Pot Restaurant with 2482 pieces\" width=\"541\" height=\"880\" title=\"-\" srcset=\"https:\/\/mouldking.store\/wp-content\/uploads\/2022\/05\/Qman-K18001-Hot-Pot-Restaurant-4.jpg 541w, https:\/\/mouldking.store\/wp-content\/uploads\/2022\/05\/Qman-K18001-Hot-Pot-Restaurant-4-184x300.jpg 184w, https:\/\/mouldking.store\/wp-content\/uploads\/2022\/05\/Qman-K18001-Hot-Pot-Restaurant-4-300x488.jpg 300w, https:\/\/mouldking.store\/wp-content\/uploads\/2022\/05\/Qman-K18001-Hot-Pot-Restaurant-4-92x150.jpg 92w\" sizes=\"(max-width: 541px) 100vw, 541px\" \/><figcaption id=\"caption-attachment-31432\" class=\"wp-caption-text\">Nh\u00e0 h\u00e0ng L\u1ea9u Qman K18001 v\u1edbi 2482 ph\u1ea7n<\/figcaption><\/figure>\n<figure id=\"attachment_31433\" aria-describedby=\"caption-attachment-31433\" style=\"width: 405px\" class=\"wp-caption aligncenter\"><img loading=\"lazy\" decoding=\"async\" class=\"wp-image-31433 size-full\" src=\"https:\/\/mouldking.store\/wp-content\/uploads\/2022\/05\/Qman-K18001-Hot-Pot-Restaurant-5.jpg\" alt=\"Qman K18001 Hot Pot Restaurant with 2482 pieces\" width=\"405\" height=\"888\" title=\"-\" srcset=\"https:\/\/mouldking.store\/wp-content\/uploads\/2022\/05\/Qman-K18001-Hot-Pot-Restaurant-5.jpg 405w, https:\/\/mouldking.store\/wp-content\/uploads\/2022\/05\/Qman-K18001-Hot-Pot-Restaurant-5-137x300.jpg 137w, https:\/\/mouldking.store\/wp-content\/uploads\/2022\/05\/Qman-K18001-Hot-Pot-Restaurant-5-300x658.jpg 300w, https:\/\/mouldking.store\/wp-content\/uploads\/2022\/05\/Qman-K18001-Hot-Pot-Restaurant-5-68x150.jpg 68w\" sizes=\"(max-width: 405px) 100vw, 405px\" \/><figcaption id=\"caption-attachment-31433\" class=\"wp-caption-text\">Nh\u00e0 h\u00e0ng L\u1ea9u Qman K18001 v\u1edbi 2482 ph\u1ea7n<\/figcaption><\/figure>\n<figure id=\"attachment_31430\" aria-describedby=\"caption-attachment-31430\" style=\"width: 508px\" class=\"wp-caption aligncenter\"><img loading=\"lazy\" decoding=\"async\" class=\"wp-image-31430 size-full\" src=\"https:\/\/mouldking.store\/wp-content\/uploads\/2022\/05\/Qman-K18001-Hot-Pot-Restaurant-2.jpg\" alt=\"Qman K18001 Hot Pot Restaurant with 2482 pieces\" width=\"508\" height=\"873\" title=\"-\" srcset=\"https:\/\/mouldking.store\/wp-content\/uploads\/2022\/05\/Qman-K18001-Hot-Pot-Restaurant-2.jpg 508w, https:\/\/mouldking.store\/wp-content\/uploads\/2022\/05\/Qman-K18001-Hot-Pot-Restaurant-2-175x300.jpg 175w, https:\/\/mouldking.store\/wp-content\/uploads\/2022\/05\/Qman-K18001-Hot-Pot-Restaurant-2-300x516.jpg 300w, https:\/\/mouldking.store\/wp-content\/uploads\/2022\/05\/Qman-K18001-Hot-Pot-Restaurant-2-87x150.jpg 87w\" sizes=\"(max-width: 508px) 100vw, 508px\" \/><figcaption id=\"caption-attachment-31430\" class=\"wp-caption-text\">Nh\u00e0 h\u00e0ng L\u1ea9u Qman K18001 v\u1edbi 2482 ph\u1ea7n<\/figcaption><\/figure>","protected":false},"excerpt":{"rendered":"<p>Product information: Brand: Qman Gender: Unisex Name: Hot Pot Restaurant Age Range: &gt; 6 years old Model Number: K18001 Classification: Assemblage Plastic Block Shape: Self-Locking Bricks Material: Plastic Plastic Type: ABS Bricks Blocks: 2482 PCS Contains detailed assembly instructions. Notice: 1. Without an original box, but we guarantee our products have quality assurance and nice [&hellip;]<\/p>","protected":false},"featured_media":31429,"comment_status":"closed","ping_status":"closed","template":"","meta":{"_acf_changed":false},"product_cat":[1395,390],"product_tag":[5448,5446,5447,4125,5445,5444,5443,2870],"class_list":["product","first","instock","shipping-taxable","purchasable","product-type-simple"],"acf":[],"_links":{"self":[{"href":"https:\/\/mouldking.store\/vi\/wp-json\/wp\/v2\/product\/31428","targetHints":{"allow":["GET"]}}],"collection":[{"href":"https:\/\/mouldking.store\/vi\/wp-json\/wp\/v2\/product"}],"about":[{"href":"https:\/\/mouldking.store\/vi\/wp-json\/wp\/v2\/types\/product"}],"replies":[{"embeddable":true,"href":"https:\/\/mouldking.store\/vi\/wp-json\/wp\/v2\/comments?post=31428"}],"wp:featuredmedia":[{"embeddable":true,"href":"https:\/\/mouldking.store\/vi\/wp-json\/wp\/v2\/media\/31429"}],"wp:attachment":[{"href":"https:\/\/mouldking.store\/vi\/wp-json\/wp\/v2\/media?parent=31428"}],"wp:term":[{"taxonomy":"product_cat","embeddable":true,"href":"https:\/\/mouldking.store\/vi\/wp-json\/wp\/v2\/product_cat?post=31428"},{"taxonomy":"product_tag","embeddable":true,"href":"https:\/\/mouldking.store\/vi\/wp-json\/wp\/v2\/product_tag?post=31428"}],"curies":[{"name":"wp","href":"https:\/\/api.w.org\/{rel}","templated":true}]}}