{"id":31435,"date":"2022-05-27T14:27:18","date_gmt":"2022-05-27T07:27:18","guid":{"rendered":"https:\/\/mouldking.store\/?post_type=product&#038;p=31435"},"modified":"2022-05-27T14:27:18","modified_gmt":"2022-05-27T07:27:18","slug":"tgl-t5017b-ford-mustang-shelby-roadster-with-2814-pieces","status":"publish","type":"product","link":"https:\/\/mouldking.store\/vi\/shop\/tgl-t5017b-ford-mustang-shelby-roadster-with-2814-pieces\/","title":{"rendered":"TGL T5017B Ford Mustang Shelby Roadster v\u1edbi 2814 mi\u1ebfng"},"content":{"rendered":"<p>Th\u00f4ng tin s\u1ea3n ph\u1ea9m:<\/p>\n<ol>\n<li>Th\u01b0\u01a1ng hi\u1ec7u: TGL<\/li>\n<li>Gi\u1edbi t\u00ednh: Unisex<\/li>\n<li>T\u00ean: Ford Mustang Shelby Roadster<\/li>\n<li>\u0110\u1ed9 tu\u1ed5i: &gt; 6 tu\u1ed5i<\/li>\n<li>Model Number: T5017B<\/li>\n<li>Ph\u00e2n lo\u1ea1i: T\u1eadp h\u1ee3p<\/li>\n<li>H\u00ecnh d\u1ea1ng kh\u1ed1i nh\u1ef1a: G\u1ea1ch t\u1ef1 kh\u00f3a<\/li>\n<li>Ch\u1ea5t li\u1ec7u: Nh\u1ef1a<\/li>\n<li>Lo\u1ea1i nh\u1ef1a: ABS<\/li>\n<li>Kh\u1ed1i g\u1ea1ch: 2814 C\u00c1I<\/li>\n<li>Ch\u1ee9a h\u01b0\u1edbng d\u1eabn l\u1eafp r\u00e1p chi ti\u1ebft.<\/li>\n<\/ol>\n<p>\u0110\u1ec3 \u00fd:<br \/>\n1. Kh\u00f4ng c\u00f3 h\u1ed9p ban \u0111\u1ea7u, nh\u01b0ng ch\u00fang t\u00f4i \u0111\u1ea3m b\u1ea3o s\u1ea3n ph\u1ea9m c\u1ee7a ch\u00fang t\u00f4i c\u00f3 ch\u1ea5t l\u01b0\u1ee3ng \u0111\u1ea3m b\u1ea3o v\u00e0 bao b\u00ec \u0111\u1eb9p.<br \/>\n2. V\u00ec t\u1ea5t c\u1ea3 c\u00e1c b\u1ed9 ph\u1eadn ch\u00fang t\u00f4i \u0111\u00e3 ki\u1ec3m tra tr\u01b0\u1edbc khi v\u1eadn chuy\u1ec3n, v\u00ec v\u1eady n\u1ebfu b\u1ea1n th\u1ea5y m\u1ed9t s\u1ed1 b\u1ed9 ph\u1eadn b\u1ecb thi\u1ebfu ho\u1eb7c h\u01b0 h\u1ecfng, \u0111\u1eebng lo l\u1eafng v\u00e0 ch\u1ec9 c\u1ea7n vui l\u00f2ng li\u00ean h\u1ec7 v\u1edbi ch\u00fang t\u00f4i v\u00e0 ch\u00fang t\u00f4i c\u00f3 th\u1ec3 g\u1eedi l\u1ea1i mi\u1ec5n ph\u00ed cho b\u1ea1n ngay l\u1eadp t\u1ee9c.<\/p>\n<p>&nbsp;<\/p>\n<figure id=\"attachment_31444\" aria-describedby=\"caption-attachment-31444\" style=\"width: 893px\" class=\"wp-caption aligncenter\"><img fetchpriority=\"high\" decoding=\"async\" class=\"wp-image-31444 size-full\" src=\"https:\/\/mouldking.store\/wp-content\/uploads\/2022\/05\/TGL-T5017B-Ford-Mustang-Shelby-Roadster-1.jpg\" alt=\"TGL T5017B Ford Mustang Shelby Roadster with 2814 pieces\" width=\"893\" height=\"899\" title=\"-\" srcset=\"https:\/\/mouldking.store\/wp-content\/uploads\/2022\/05\/TGL-T5017B-Ford-Mustang-Shelby-Roadster-1.jpg 893w, https:\/\/mouldking.store\/wp-content\/uploads\/2022\/05\/TGL-T5017B-Ford-Mustang-Shelby-Roadster-1-298x300.jpg 298w, https:\/\/mouldking.store\/wp-content\/uploads\/2022\/05\/TGL-T5017B-Ford-Mustang-Shelby-Roadster-1-768x773.jpg 768w, https:\/\/mouldking.store\/wp-content\/uploads\/2022\/05\/TGL-T5017B-Ford-Mustang-Shelby-Roadster-1-300x302.jpg 300w, https:\/\/mouldking.store\/wp-content\/uploads\/2022\/05\/TGL-T5017B-Ford-Mustang-Shelby-Roadster-1-600x604.jpg 600w, https:\/\/mouldking.store\/wp-content\/uploads\/2022\/05\/TGL-T5017B-Ford-Mustang-Shelby-Roadster-1-150x150.jpg 150w\" sizes=\"(max-width: 893px) 100vw, 893px\" \/><figcaption id=\"caption-attachment-31444\" class=\"wp-caption-text\">TGL T5017B Ford Mustang Shelby Roadster v\u1edbi 2814 mi\u1ebfng<\/figcaption><\/figure>\n<figure id=\"attachment_31436\" aria-describedby=\"caption-attachment-31436\" style=\"width: 896px\" class=\"wp-caption aligncenter\"><img decoding=\"async\" class=\"wp-image-31436 size-full\" src=\"https:\/\/mouldking.store\/wp-content\/uploads\/2022\/05\/TGL-T5017B-Ford-Mustang-Shelby-Roadster-2.jpg\" alt=\"TGL T5017B Ford Mustang Shelby Roadster with 2814 pieces\" width=\"896\" height=\"889\" title=\"-\" srcset=\"https:\/\/mouldking.store\/wp-content\/uploads\/2022\/05\/TGL-T5017B-Ford-Mustang-Shelby-Roadster-2.jpg 896w, https:\/\/mouldking.store\/wp-content\/uploads\/2022\/05\/TGL-T5017B-Ford-Mustang-Shelby-Roadster-2-300x298.jpg 300w, https:\/\/mouldking.store\/wp-content\/uploads\/2022\/05\/TGL-T5017B-Ford-Mustang-Shelby-Roadster-2-768x762.jpg 768w, https:\/\/mouldking.store\/wp-content\/uploads\/2022\/05\/TGL-T5017B-Ford-Mustang-Shelby-Roadster-2-600x595.jpg 600w, https:\/\/mouldking.store\/wp-content\/uploads\/2022\/05\/TGL-T5017B-Ford-Mustang-Shelby-Roadster-2-150x150.jpg 150w\" sizes=\"(max-width: 896px) 100vw, 896px\" \/><figcaption id=\"caption-attachment-31436\" class=\"wp-caption-text\">TGL T5017B Ford Mustang Shelby Roadster v\u1edbi 2814 mi\u1ebfng<\/figcaption><\/figure>\n<figure id=\"attachment_31440\" aria-describedby=\"caption-attachment-31440\" style=\"width: 677px\" class=\"wp-caption aligncenter\"><img decoding=\"async\" class=\"wp-image-31440 size-full\" src=\"https:\/\/mouldking.store\/wp-content\/uploads\/2022\/05\/TGL-T5017B-Ford-Mustang-Shelby-Roadster-6.jpg\" alt=\"TGL T5017B Ford Mustang Shelby Roadster with 2814 pieces\" width=\"677\" height=\"867\" title=\"-\" srcset=\"https:\/\/mouldking.store\/wp-content\/uploads\/2022\/05\/TGL-T5017B-Ford-Mustang-Shelby-Roadster-6.jpg 677w, https:\/\/mouldking.store\/wp-content\/uploads\/2022\/05\/TGL-T5017B-Ford-Mustang-Shelby-Roadster-6-234x300.jpg 234w, https:\/\/mouldking.store\/wp-content\/uploads\/2022\/05\/TGL-T5017B-Ford-Mustang-Shelby-Roadster-6-300x384.jpg 300w, https:\/\/mouldking.store\/wp-content\/uploads\/2022\/05\/TGL-T5017B-Ford-Mustang-Shelby-Roadster-6-600x768.jpg 600w, https:\/\/mouldking.store\/wp-content\/uploads\/2022\/05\/TGL-T5017B-Ford-Mustang-Shelby-Roadster-6-117x150.jpg 117w\" sizes=\"(max-width: 677px) 100vw, 677px\" \/><figcaption id=\"caption-attachment-31440\" class=\"wp-caption-text\">TGL T5017B Ford Mustang Shelby Roadster v\u1edbi 2814 mi\u1ebfng<\/figcaption><\/figure>\n<figure id=\"attachment_31439\" aria-describedby=\"caption-attachment-31439\" style=\"width: 691px\" class=\"wp-caption aligncenter\"><img loading=\"lazy\" decoding=\"async\" class=\"wp-image-31439 size-full\" src=\"https:\/\/mouldking.store\/wp-content\/uploads\/2022\/05\/TGL-T5017B-Ford-Mustang-Shelby-Roadster-5.jpg\" alt=\"TGL T5017B Ford Mustang Shelby Roadster with 2814 pieces\" width=\"691\" height=\"880\" title=\"-\" srcset=\"https:\/\/mouldking.store\/wp-content\/uploads\/2022\/05\/TGL-T5017B-Ford-Mustang-Shelby-Roadster-5.jpg 691w, https:\/\/mouldking.store\/wp-content\/uploads\/2022\/05\/TGL-T5017B-Ford-Mustang-Shelby-Roadster-5-236x300.jpg 236w, https:\/\/mouldking.store\/wp-content\/uploads\/2022\/05\/TGL-T5017B-Ford-Mustang-Shelby-Roadster-5-300x382.jpg 300w, https:\/\/mouldking.store\/wp-content\/uploads\/2022\/05\/TGL-T5017B-Ford-Mustang-Shelby-Roadster-5-600x764.jpg 600w, https:\/\/mouldking.store\/wp-content\/uploads\/2022\/05\/TGL-T5017B-Ford-Mustang-Shelby-Roadster-5-118x150.jpg 118w\" sizes=\"(max-width: 691px) 100vw, 691px\" \/><figcaption id=\"caption-attachment-31439\" class=\"wp-caption-text\">TGL T5017B Ford Mustang Shelby Roadster v\u1edbi 2814 mi\u1ebfng<\/figcaption><\/figure>\n<figure id=\"attachment_31438\" aria-describedby=\"caption-attachment-31438\" style=\"width: 948px\" class=\"wp-caption aligncenter\"><img loading=\"lazy\" decoding=\"async\" class=\"wp-image-31438 size-full\" src=\"https:\/\/mouldking.store\/wp-content\/uploads\/2022\/05\/TGL-T5017B-Ford-Mustang-Shelby-Roadster-4.jpg\" alt=\"TGL T5017B Ford Mustang Shelby Roadster with 2814 pieces\" width=\"948\" height=\"886\" title=\"-\" srcset=\"https:\/\/mouldking.store\/wp-content\/uploads\/2022\/05\/TGL-T5017B-Ford-Mustang-Shelby-Roadster-4.jpg 948w, https:\/\/mouldking.store\/wp-content\/uploads\/2022\/05\/TGL-T5017B-Ford-Mustang-Shelby-Roadster-4-300x280.jpg 300w, https:\/\/mouldking.store\/wp-content\/uploads\/2022\/05\/TGL-T5017B-Ford-Mustang-Shelby-Roadster-4-768x718.jpg 768w, https:\/\/mouldking.store\/wp-content\/uploads\/2022\/05\/TGL-T5017B-Ford-Mustang-Shelby-Roadster-4-600x561.jpg 600w, https:\/\/mouldking.store\/wp-content\/uploads\/2022\/05\/TGL-T5017B-Ford-Mustang-Shelby-Roadster-4-150x140.jpg 150w\" sizes=\"(max-width: 948px) 100vw, 948px\" \/><figcaption id=\"caption-attachment-31438\" class=\"wp-caption-text\">TGL T5017B Ford Mustang Shelby Roadster v\u1edbi 2814 mi\u1ebfng<\/figcaption><\/figure>\n<figure id=\"attachment_31442\" aria-describedby=\"caption-attachment-31442\" style=\"width: 576px\" class=\"wp-caption aligncenter\"><img loading=\"lazy\" decoding=\"async\" class=\"wp-image-31442 size-full\" src=\"https:\/\/mouldking.store\/wp-content\/uploads\/2022\/05\/TGL-T5017B-Ford-Mustang-Shelby-Roadster-8.jpg\" alt=\"TGL T5017B Ford Mustang Shelby Roadster with 2814 pieces\" width=\"576\" height=\"845\" title=\"-\" srcset=\"https:\/\/mouldking.store\/wp-content\/uploads\/2022\/05\/TGL-T5017B-Ford-Mustang-Shelby-Roadster-8.jpg 576w, https:\/\/mouldking.store\/wp-content\/uploads\/2022\/05\/TGL-T5017B-Ford-Mustang-Shelby-Roadster-8-204x300.jpg 204w, https:\/\/mouldking.store\/wp-content\/uploads\/2022\/05\/TGL-T5017B-Ford-Mustang-Shelby-Roadster-8-300x440.jpg 300w, https:\/\/mouldking.store\/wp-content\/uploads\/2022\/05\/TGL-T5017B-Ford-Mustang-Shelby-Roadster-8-102x150.jpg 102w\" sizes=\"(max-width: 576px) 100vw, 576px\" \/><figcaption id=\"caption-attachment-31442\" class=\"wp-caption-text\">TGL T5017B Ford Mustang Shelby Roadster v\u1edbi 2814 mi\u1ebfng<\/figcaption><\/figure>\n<figure id=\"attachment_31443\" aria-describedby=\"caption-attachment-31443\" style=\"width: 601px\" class=\"wp-caption aligncenter\"><img loading=\"lazy\" decoding=\"async\" class=\"wp-image-31443 size-full\" src=\"https:\/\/mouldking.store\/wp-content\/uploads\/2022\/05\/TGL-T5017B-Ford-Mustang-Shelby-Roadster-9.jpg\" alt=\"TGL T5017B Ford Mustang Shelby Roadster with 2814 pieces\" width=\"601\" height=\"862\" title=\"-\" srcset=\"https:\/\/mouldking.store\/wp-content\/uploads\/2022\/05\/TGL-T5017B-Ford-Mustang-Shelby-Roadster-9.jpg 601w, https:\/\/mouldking.store\/wp-content\/uploads\/2022\/05\/TGL-T5017B-Ford-Mustang-Shelby-Roadster-9-209x300.jpg 209w, https:\/\/mouldking.store\/wp-content\/uploads\/2022\/05\/TGL-T5017B-Ford-Mustang-Shelby-Roadster-9-300x430.jpg 300w, https:\/\/mouldking.store\/wp-content\/uploads\/2022\/05\/TGL-T5017B-Ford-Mustang-Shelby-Roadster-9-105x150.jpg 105w\" sizes=\"(max-width: 601px) 100vw, 601px\" \/><figcaption id=\"caption-attachment-31443\" class=\"wp-caption-text\">TGL T5017B Ford Mustang Shelby Roadster v\u1edbi 2814 mi\u1ebfng<\/figcaption><\/figure>\n<figure id=\"attachment_31441\" aria-describedby=\"caption-attachment-31441\" style=\"width: 685px\" class=\"wp-caption aligncenter\"><img loading=\"lazy\" decoding=\"async\" class=\"wp-image-31441 size-full\" src=\"https:\/\/mouldking.store\/wp-content\/uploads\/2022\/05\/TGL-T5017B-Ford-Mustang-Shelby-Roadster-7.jpg\" alt=\"TGL T5017B Ford Mustang Shelby Roadster with 2814 pieces\" width=\"685\" height=\"883\" title=\"-\" srcset=\"https:\/\/mouldking.store\/wp-content\/uploads\/2022\/05\/TGL-T5017B-Ford-Mustang-Shelby-Roadster-7.jpg 685w, https:\/\/mouldking.store\/wp-content\/uploads\/2022\/05\/TGL-T5017B-Ford-Mustang-Shelby-Roadster-7-233x300.jpg 233w, https:\/\/mouldking.store\/wp-content\/uploads\/2022\/05\/TGL-T5017B-Ford-Mustang-Shelby-Roadster-7-300x387.jpg 300w, https:\/\/mouldking.store\/wp-content\/uploads\/2022\/05\/TGL-T5017B-Ford-Mustang-Shelby-Roadster-7-600x773.jpg 600w, https:\/\/mouldking.store\/wp-content\/uploads\/2022\/05\/TGL-T5017B-Ford-Mustang-Shelby-Roadster-7-116x150.jpg 116w\" sizes=\"(max-width: 685px) 100vw, 685px\" \/><figcaption id=\"caption-attachment-31441\" class=\"wp-caption-text\">TGL T5017B Ford Mustang Shelby Roadster v\u1edbi 2814 mi\u1ebfng<\/figcaption><\/figure>","protected":false},"excerpt":{"rendered":"<p>Product information: Brand: TGL Gender: Unisex Name: Ford Mustang Shelby Roadster Age Range: &gt; 6 years old Model Number: T5017B Classification: Assemblage Plastic Block Shape: Self-Locking Bricks Material: Plastic Plastic Type: ABS Bricks Blocks: 2814 PCS Contains detailed assembly instructions. Notice: 1. Without an original box, but we guarantee our products have quality assurance and [&hellip;]<\/p>","protected":false},"featured_media":31444,"comment_status":"closed","ping_status":"closed","template":"","meta":{"_acf_changed":false},"product_cat":[1357,364],"product_tag":[1747,5454,5452,5456,5455,5453,2739,5451,5450,5449],"class_list":["product","first","instock","shipping-taxable","purchasable","product-type-variable"],"acf":[],"_links":{"self":[{"href":"https:\/\/mouldking.store\/vi\/wp-json\/wp\/v2\/product\/31435","targetHints":{"allow":["GET"]}}],"collection":[{"href":"https:\/\/mouldking.store\/vi\/wp-json\/wp\/v2\/product"}],"about":[{"href":"https:\/\/mouldking.store\/vi\/wp-json\/wp\/v2\/types\/product"}],"replies":[{"embeddable":true,"href":"https:\/\/mouldking.store\/vi\/wp-json\/wp\/v2\/comments?post=31435"}],"wp:featuredmedia":[{"embeddable":true,"href":"https:\/\/mouldking.store\/vi\/wp-json\/wp\/v2\/media\/31444"}],"wp:attachment":[{"href":"https:\/\/mouldking.store\/vi\/wp-json\/wp\/v2\/media?parent=31435"}],"wp:term":[{"taxonomy":"product_cat","embeddable":true,"href":"https:\/\/mouldking.store\/vi\/wp-json\/wp\/v2\/product_cat?post=31435"},{"taxonomy":"product_tag","embeddable":true,"href":"https:\/\/mouldking.store\/vi\/wp-json\/wp\/v2\/product_tag?post=31435"}],"curies":[{"name":"wp","href":"https:\/\/api.w.org\/{rel}","templated":true}]}}