{"id":31447,"date":"2022-05-27T14:33:02","date_gmt":"2022-05-27T07:33:02","guid":{"rendered":"https:\/\/mouldking.store\/?post_type=product&#038;p=31447"},"modified":"2023-01-12T17:42:36","modified_gmt":"2023-01-12T10:42:36","slug":"tgl-t5017a-ford-mustang-shelby-roadster-with-2814-pieces","status":"publish","type":"product","link":"https:\/\/mouldking.store\/vi\/shop\/tgl-t5017a-ford-mustang-shelby-roadster-with-2814-pieces\/","title":{"rendered":"TGL T5017A Ford Mustang Shelby Roadster v\u1edbi 2814 mi\u1ebfng"},"content":{"rendered":"<p>Th\u00f4ng tin s\u1ea3n ph\u1ea9m:<\/p>\n<ol>\n<li>Th\u01b0\u01a1ng hi\u1ec7u: TGL<\/li>\n<li>Gi\u1edbi t\u00ednh: Unisex<\/li>\n<li>T\u00ean: Ford Mustang Shelby Roadster<\/li>\n<li>\u0110\u1ed9 tu\u1ed5i: &gt; 6 tu\u1ed5i<\/li>\n<li>S\u1ed1 m\u00f4 h\u00ecnh: T5017A<\/li>\n<li>Ph\u00e2n lo\u1ea1i: T\u1eadp h\u1ee3p<\/li>\n<li>H\u00ecnh d\u1ea1ng kh\u1ed1i nh\u1ef1a: G\u1ea1ch t\u1ef1 kh\u00f3a<\/li>\n<li>Ch\u1ea5t li\u1ec7u: Nh\u1ef1a<\/li>\n<li>Lo\u1ea1i nh\u1ef1a: ABS<\/li>\n<li>Kh\u1ed1i g\u1ea1ch: 2814 C\u00c1I<\/li>\n<li>Ch\u1ee9a h\u01b0\u1edbng d\u1eabn l\u1eafp r\u00e1p chi ti\u1ebft.<\/li>\n<\/ol>\n<p>\u0110\u1ec3 \u00fd:<br \/>\n1. Kh\u00f4ng c\u00f3 h\u1ed9p ban \u0111\u1ea7u, nh\u01b0ng ch\u00fang t\u00f4i \u0111\u1ea3m b\u1ea3o s\u1ea3n ph\u1ea9m c\u1ee7a ch\u00fang t\u00f4i c\u00f3 ch\u1ea5t l\u01b0\u1ee3ng \u0111\u1ea3m b\u1ea3o v\u00e0 bao b\u00ec \u0111\u1eb9p.<br \/>\n2. V\u00ec t\u1ea5t c\u1ea3 c\u00e1c b\u1ed9 ph\u1eadn ch\u00fang t\u00f4i \u0111\u00e3 ki\u1ec3m tra tr\u01b0\u1edbc khi v\u1eadn chuy\u1ec3n, v\u00ec v\u1eady n\u1ebfu b\u1ea1n th\u1ea5y m\u1ed9t s\u1ed1 b\u1ed9 ph\u1eadn b\u1ecb thi\u1ebfu ho\u1eb7c h\u01b0 h\u1ecfng, \u0111\u1eebng lo l\u1eafng v\u00e0 ch\u1ec9 c\u1ea7n vui l\u00f2ng li\u00ean h\u1ec7 v\u1edbi ch\u00fang t\u00f4i v\u00e0 ch\u00fang t\u00f4i c\u00f3 th\u1ec3 g\u1eedi l\u1ea1i mi\u1ec5n ph\u00ed cho b\u1ea1n ngay l\u1eadp t\u1ee9c.<\/p>\n<figure id=\"attachment_31448\" aria-describedby=\"caption-attachment-31448\" style=\"width: 899px\" class=\"wp-caption aligncenter\"><img fetchpriority=\"high\" decoding=\"async\" class=\"wp-image-31448 size-full\" src=\"https:\/\/mouldking.store\/wp-content\/uploads\/2022\/05\/TGL-T5017A-Ford-Mustang-Shelby-Roadster-1.jpg\" alt=\"TGL T5017A Ford Mustang Shelby Roadster with 2814 pieces\" width=\"899\" height=\"848\" title=\"-\" srcset=\"https:\/\/mouldking.store\/wp-content\/uploads\/2022\/05\/TGL-T5017A-Ford-Mustang-Shelby-Roadster-1.jpg 899w, https:\/\/mouldking.store\/wp-content\/uploads\/2022\/05\/TGL-T5017A-Ford-Mustang-Shelby-Roadster-1-300x283.jpg 300w, https:\/\/mouldking.store\/wp-content\/uploads\/2022\/05\/TGL-T5017A-Ford-Mustang-Shelby-Roadster-1-768x724.jpg 768w, https:\/\/mouldking.store\/wp-content\/uploads\/2022\/05\/TGL-T5017A-Ford-Mustang-Shelby-Roadster-1-600x566.jpg 600w, https:\/\/mouldking.store\/wp-content\/uploads\/2022\/05\/TGL-T5017A-Ford-Mustang-Shelby-Roadster-1-150x141.jpg 150w\" sizes=\"(max-width: 899px) 100vw, 899px\" \/><figcaption id=\"caption-attachment-31448\" class=\"wp-caption-text\">TGL T5017A Ford Mustang Shelby Roadster v\u1edbi 2814 mi\u1ebfng<\/figcaption><\/figure>\n<figure id=\"attachment_31456\" aria-describedby=\"caption-attachment-31456\" style=\"width: 721px\" class=\"wp-caption aligncenter\"><img decoding=\"async\" class=\"wp-image-31456 size-full\" src=\"https:\/\/mouldking.store\/wp-content\/uploads\/2022\/05\/TGL-T5017A-Ford-Mustang-Shelby-Roadster-9.jpg\" alt=\"TGL T5017A Ford Mustang Shelby Roadster with 2814 pieces\" width=\"721\" height=\"856\" title=\"-\" srcset=\"https:\/\/mouldking.store\/wp-content\/uploads\/2022\/05\/TGL-T5017A-Ford-Mustang-Shelby-Roadster-9.jpg 721w, https:\/\/mouldking.store\/wp-content\/uploads\/2022\/05\/TGL-T5017A-Ford-Mustang-Shelby-Roadster-9-253x300.jpg 253w, https:\/\/mouldking.store\/wp-content\/uploads\/2022\/05\/TGL-T5017A-Ford-Mustang-Shelby-Roadster-9-300x356.jpg 300w, https:\/\/mouldking.store\/wp-content\/uploads\/2022\/05\/TGL-T5017A-Ford-Mustang-Shelby-Roadster-9-600x712.jpg 600w, https:\/\/mouldking.store\/wp-content\/uploads\/2022\/05\/TGL-T5017A-Ford-Mustang-Shelby-Roadster-9-126x150.jpg 126w\" sizes=\"(max-width: 721px) 100vw, 721px\" \/><figcaption id=\"caption-attachment-31456\" class=\"wp-caption-text\">TGL T5017A Ford Mustang Shelby Roadster v\u1edbi 2814 mi\u1ebfng<\/figcaption><\/figure>\n<figure id=\"attachment_31458\" aria-describedby=\"caption-attachment-31458\" style=\"width: 898px\" class=\"wp-caption aligncenter\"><img decoding=\"async\" class=\"wp-image-31458 size-full\" src=\"https:\/\/mouldking.store\/wp-content\/uploads\/2022\/05\/TGL-T5017A-Ford-Mustang-Shelby-Roadster-11.jpg\" alt=\"TGL T5017A Ford Mustang Shelby Roadster with 2814 pieces\" width=\"898\" height=\"855\" title=\"-\" srcset=\"https:\/\/mouldking.store\/wp-content\/uploads\/2022\/05\/TGL-T5017A-Ford-Mustang-Shelby-Roadster-11.jpg 898w, https:\/\/mouldking.store\/wp-content\/uploads\/2022\/05\/TGL-T5017A-Ford-Mustang-Shelby-Roadster-11-300x286.jpg 300w, https:\/\/mouldking.store\/wp-content\/uploads\/2022\/05\/TGL-T5017A-Ford-Mustang-Shelby-Roadster-11-768x731.jpg 768w, https:\/\/mouldking.store\/wp-content\/uploads\/2022\/05\/TGL-T5017A-Ford-Mustang-Shelby-Roadster-11-600x571.jpg 600w, https:\/\/mouldking.store\/wp-content\/uploads\/2022\/05\/TGL-T5017A-Ford-Mustang-Shelby-Roadster-11-150x143.jpg 150w\" sizes=\"(max-width: 898px) 100vw, 898px\" \/><figcaption id=\"caption-attachment-31458\" class=\"wp-caption-text\">TGL T5017A Ford Mustang Shelby Roadster v\u1edbi 2814 mi\u1ebfng<\/figcaption><\/figure>\n<figure id=\"attachment_31449\" aria-describedby=\"caption-attachment-31449\" style=\"width: 887px\" class=\"wp-caption aligncenter\"><img loading=\"lazy\" decoding=\"async\" class=\"wp-image-31449 size-full\" src=\"https:\/\/mouldking.store\/wp-content\/uploads\/2022\/05\/TGL-T5017A-Ford-Mustang-Shelby-Roadster-2.jpg\" alt=\"TGL T5017A Ford Mustang Shelby Roadster with 2814 pieces\" width=\"887\" height=\"891\" title=\"-\" srcset=\"https:\/\/mouldking.store\/wp-content\/uploads\/2022\/05\/TGL-T5017A-Ford-Mustang-Shelby-Roadster-2.jpg 887w, https:\/\/mouldking.store\/wp-content\/uploads\/2022\/05\/TGL-T5017A-Ford-Mustang-Shelby-Roadster-2-300x301.jpg 300w, https:\/\/mouldking.store\/wp-content\/uploads\/2022\/05\/TGL-T5017A-Ford-Mustang-Shelby-Roadster-2-768x771.jpg 768w, https:\/\/mouldking.store\/wp-content\/uploads\/2022\/05\/TGL-T5017A-Ford-Mustang-Shelby-Roadster-2-600x603.jpg 600w, https:\/\/mouldking.store\/wp-content\/uploads\/2022\/05\/TGL-T5017A-Ford-Mustang-Shelby-Roadster-2-150x150.jpg 150w\" sizes=\"(max-width: 887px) 100vw, 887px\" \/><figcaption id=\"caption-attachment-31449\" class=\"wp-caption-text\">TGL T5017A Ford Mustang Shelby Roadster v\u1edbi 2814 mi\u1ebfng<\/figcaption><\/figure>\n<figure id=\"attachment_31450\" aria-describedby=\"caption-attachment-31450\" style=\"width: 706px\" class=\"wp-caption aligncenter\"><img loading=\"lazy\" decoding=\"async\" class=\"wp-image-31450 size-full\" src=\"https:\/\/mouldking.store\/wp-content\/uploads\/2022\/05\/TGL-T5017A-Ford-Mustang-Shelby-Roadster-3.jpg\" alt=\"TGL T5017A Ford Mustang Shelby Roadster with 2814 pieces\" width=\"706\" height=\"881\" title=\"-\" srcset=\"https:\/\/mouldking.store\/wp-content\/uploads\/2022\/05\/TGL-T5017A-Ford-Mustang-Shelby-Roadster-3.jpg 706w, https:\/\/mouldking.store\/wp-content\/uploads\/2022\/05\/TGL-T5017A-Ford-Mustang-Shelby-Roadster-3-240x300.jpg 240w, https:\/\/mouldking.store\/wp-content\/uploads\/2022\/05\/TGL-T5017A-Ford-Mustang-Shelby-Roadster-3-300x374.jpg 300w, https:\/\/mouldking.store\/wp-content\/uploads\/2022\/05\/TGL-T5017A-Ford-Mustang-Shelby-Roadster-3-600x749.jpg 600w, https:\/\/mouldking.store\/wp-content\/uploads\/2022\/05\/TGL-T5017A-Ford-Mustang-Shelby-Roadster-3-120x150.jpg 120w\" sizes=\"(max-width: 706px) 100vw, 706px\" \/><figcaption id=\"caption-attachment-31450\" class=\"wp-caption-text\">TGL T5017A Ford Mustang Shelby Roadster v\u1edbi 2814 mi\u1ebfng<\/figcaption><\/figure>\n<figure id=\"attachment_31455\" aria-describedby=\"caption-attachment-31455\" style=\"width: 575px\" class=\"wp-caption aligncenter\"><img loading=\"lazy\" decoding=\"async\" class=\"wp-image-31455 size-full\" src=\"https:\/\/mouldking.store\/wp-content\/uploads\/2022\/05\/TGL-T5017A-Ford-Mustang-Shelby-Roadster-8.jpg\" alt=\"TGL T5017A Ford Mustang Shelby Roadster with 2814 pieces\" width=\"575\" height=\"840\" title=\"-\" srcset=\"https:\/\/mouldking.store\/wp-content\/uploads\/2022\/05\/TGL-T5017A-Ford-Mustang-Shelby-Roadster-8.jpg 575w, https:\/\/mouldking.store\/wp-content\/uploads\/2022\/05\/TGL-T5017A-Ford-Mustang-Shelby-Roadster-8-205x300.jpg 205w, https:\/\/mouldking.store\/wp-content\/uploads\/2022\/05\/TGL-T5017A-Ford-Mustang-Shelby-Roadster-8-300x438.jpg 300w, https:\/\/mouldking.store\/wp-content\/uploads\/2022\/05\/TGL-T5017A-Ford-Mustang-Shelby-Roadster-8-103x150.jpg 103w\" sizes=\"(max-width: 575px) 100vw, 575px\" \/><figcaption id=\"caption-attachment-31455\" class=\"wp-caption-text\">TGL T5017A Ford Mustang Shelby Roadster v\u1edbi 2814 mi\u1ebfng<\/figcaption><\/figure>\n<figure id=\"attachment_31453\" aria-describedby=\"caption-attachment-31453\" style=\"width: 698px\" class=\"wp-caption aligncenter\"><img loading=\"lazy\" decoding=\"async\" class=\"wp-image-31453 size-full\" src=\"https:\/\/mouldking.store\/wp-content\/uploads\/2022\/05\/TGL-T5017A-Ford-Mustang-Shelby-Roadster-6.jpg\" alt=\"TGL T5017A Ford Mustang Shelby Roadster with 2814 pieces\" width=\"698\" height=\"890\" title=\"-\" srcset=\"https:\/\/mouldking.store\/wp-content\/uploads\/2022\/05\/TGL-T5017A-Ford-Mustang-Shelby-Roadster-6.jpg 698w, https:\/\/mouldking.store\/wp-content\/uploads\/2022\/05\/TGL-T5017A-Ford-Mustang-Shelby-Roadster-6-235x300.jpg 235w, https:\/\/mouldking.store\/wp-content\/uploads\/2022\/05\/TGL-T5017A-Ford-Mustang-Shelby-Roadster-6-300x383.jpg 300w, https:\/\/mouldking.store\/wp-content\/uploads\/2022\/05\/TGL-T5017A-Ford-Mustang-Shelby-Roadster-6-600x765.jpg 600w, https:\/\/mouldking.store\/wp-content\/uploads\/2022\/05\/TGL-T5017A-Ford-Mustang-Shelby-Roadster-6-118x150.jpg 118w\" sizes=\"(max-width: 698px) 100vw, 698px\" \/><figcaption id=\"caption-attachment-31453\" class=\"wp-caption-text\">TGL T5017A Ford Mustang Shelby Roadster v\u1edbi 2814 mi\u1ebfng<\/figcaption><\/figure>\n<figure id=\"attachment_31452\" aria-describedby=\"caption-attachment-31452\" style=\"width: 695px\" class=\"wp-caption aligncenter\"><img loading=\"lazy\" decoding=\"async\" class=\"wp-image-31452 size-full\" src=\"https:\/\/mouldking.store\/wp-content\/uploads\/2022\/05\/TGL-T5017A-Ford-Mustang-Shelby-Roadster-5.jpg\" alt=\"TGL T5017A Ford Mustang Shelby Roadster with 2814 pieces\" width=\"695\" height=\"883\" title=\"-\" srcset=\"https:\/\/mouldking.store\/wp-content\/uploads\/2022\/05\/TGL-T5017A-Ford-Mustang-Shelby-Roadster-5.jpg 695w, https:\/\/mouldking.store\/wp-content\/uploads\/2022\/05\/TGL-T5017A-Ford-Mustang-Shelby-Roadster-5-236x300.jpg 236w, https:\/\/mouldking.store\/wp-content\/uploads\/2022\/05\/TGL-T5017A-Ford-Mustang-Shelby-Roadster-5-300x381.jpg 300w, https:\/\/mouldking.store\/wp-content\/uploads\/2022\/05\/TGL-T5017A-Ford-Mustang-Shelby-Roadster-5-600x762.jpg 600w, https:\/\/mouldking.store\/wp-content\/uploads\/2022\/05\/TGL-T5017A-Ford-Mustang-Shelby-Roadster-5-118x150.jpg 118w\" sizes=\"(max-width: 695px) 100vw, 695px\" \/><figcaption id=\"caption-attachment-31452\" class=\"wp-caption-text\">TGL T5017A Ford Mustang Shelby Roadster v\u1edbi 2814 mi\u1ebfng<\/figcaption><\/figure>\n<figure id=\"attachment_31451\" aria-describedby=\"caption-attachment-31451\" style=\"width: 707px\" class=\"wp-caption aligncenter\"><img loading=\"lazy\" decoding=\"async\" class=\"wp-image-31451 size-full\" src=\"https:\/\/mouldking.store\/wp-content\/uploads\/2022\/05\/TGL-T5017A-Ford-Mustang-Shelby-Roadster-4.jpg\" alt=\"TGL T5017A Ford Mustang Shelby Roadster with 2814 pieces\" width=\"707\" height=\"872\" title=\"-\" srcset=\"https:\/\/mouldking.store\/wp-content\/uploads\/2022\/05\/TGL-T5017A-Ford-Mustang-Shelby-Roadster-4.jpg 707w, https:\/\/mouldking.store\/wp-content\/uploads\/2022\/05\/TGL-T5017A-Ford-Mustang-Shelby-Roadster-4-243x300.jpg 243w, https:\/\/mouldking.store\/wp-content\/uploads\/2022\/05\/TGL-T5017A-Ford-Mustang-Shelby-Roadster-4-300x370.jpg 300w, https:\/\/mouldking.store\/wp-content\/uploads\/2022\/05\/TGL-T5017A-Ford-Mustang-Shelby-Roadster-4-600x740.jpg 600w, https:\/\/mouldking.store\/wp-content\/uploads\/2022\/05\/TGL-T5017A-Ford-Mustang-Shelby-Roadster-4-122x150.jpg 122w\" sizes=\"(max-width: 707px) 100vw, 707px\" \/><figcaption id=\"caption-attachment-31451\" class=\"wp-caption-text\">TGL T5017A Ford Mustang Shelby Roadster v\u1edbi 2814 mi\u1ebfng<\/figcaption><\/figure>\n<figure id=\"attachment_31454\" aria-describedby=\"caption-attachment-31454\" style=\"width: 699px\" class=\"wp-caption aligncenter\"><img loading=\"lazy\" decoding=\"async\" class=\"wp-image-31454 size-full\" src=\"https:\/\/mouldking.store\/wp-content\/uploads\/2022\/05\/TGL-T5017A-Ford-Mustang-Shelby-Roadster-7.jpg\" alt=\"TGL T5017A Ford Mustang Shelby Roadster with 2814 pieces\" width=\"699\" height=\"890\" title=\"-\" srcset=\"https:\/\/mouldking.store\/wp-content\/uploads\/2022\/05\/TGL-T5017A-Ford-Mustang-Shelby-Roadster-7.jpg 699w, https:\/\/mouldking.store\/wp-content\/uploads\/2022\/05\/TGL-T5017A-Ford-Mustang-Shelby-Roadster-7-236x300.jpg 236w, https:\/\/mouldking.store\/wp-content\/uploads\/2022\/05\/TGL-T5017A-Ford-Mustang-Shelby-Roadster-7-300x382.jpg 300w, https:\/\/mouldking.store\/wp-content\/uploads\/2022\/05\/TGL-T5017A-Ford-Mustang-Shelby-Roadster-7-600x764.jpg 600w, https:\/\/mouldking.store\/wp-content\/uploads\/2022\/05\/TGL-T5017A-Ford-Mustang-Shelby-Roadster-7-118x150.jpg 118w\" sizes=\"(max-width: 699px) 100vw, 699px\" \/><figcaption id=\"caption-attachment-31454\" class=\"wp-caption-text\">TGL T5017A Ford Mustang Shelby Roadster v\u1edbi 2814 mi\u1ebfng<\/figcaption><\/figure>\n<figure id=\"attachment_31457\" aria-describedby=\"caption-attachment-31457\" style=\"width: 899px\" class=\"wp-caption aligncenter\"><img loading=\"lazy\" decoding=\"async\" class=\"wp-image-31457 size-full\" src=\"https:\/\/mouldking.store\/wp-content\/uploads\/2022\/05\/TGL-T5017A-Ford-Mustang-Shelby-Roadster-10.jpg\" alt=\"TGL T5017A Ford Mustang Shelby Roadster with 2814 pieces\" width=\"899\" height=\"839\" title=\"-\" srcset=\"https:\/\/mouldking.store\/wp-content\/uploads\/2022\/05\/TGL-T5017A-Ford-Mustang-Shelby-Roadster-10.jpg 899w, https:\/\/mouldking.store\/wp-content\/uploads\/2022\/05\/TGL-T5017A-Ford-Mustang-Shelby-Roadster-10-300x280.jpg 300w, https:\/\/mouldking.store\/wp-content\/uploads\/2022\/05\/TGL-T5017A-Ford-Mustang-Shelby-Roadster-10-768x717.jpg 768w, https:\/\/mouldking.store\/wp-content\/uploads\/2022\/05\/TGL-T5017A-Ford-Mustang-Shelby-Roadster-10-600x560.jpg 600w, https:\/\/mouldking.store\/wp-content\/uploads\/2022\/05\/TGL-T5017A-Ford-Mustang-Shelby-Roadster-10-150x140.jpg 150w\" sizes=\"(max-width: 899px) 100vw, 899px\" \/><figcaption id=\"caption-attachment-31457\" class=\"wp-caption-text\">TGL T5017A Ford Mustang Shelby Roadster v\u1edbi 2814 mi\u1ebfng<\/figcaption><\/figure>","protected":false},"excerpt":{"rendered":"<p>Product information: Brand: TGL Gender: Unisex Name: Ford Mustang Shelby Roadster Age Range: &gt; 6 years old Model Number: T5017A Classification: Assemblage Plastic Block Shape: Self-Locking Bricks Material: Plastic Plastic Type: ABS Bricks Blocks: 2814 PCS Contains detailed assembly instructions. Notice: 1. Without an original box, but we guarantee our products have quality assurance and [&hellip;]<\/p>","protected":false},"featured_media":31448,"comment_status":"closed","ping_status":"closed","template":"","meta":{"_acf_changed":false},"product_cat":[1357,364],"product_tag":[1747,5454,5452,5456,5455,5460,2739,5459,5458,5457],"class_list":["product","first","outofstock","shipping-taxable","purchasable","product-type-variable"],"acf":[],"_links":{"self":[{"href":"https:\/\/mouldking.store\/vi\/wp-json\/wp\/v2\/product\/31447","targetHints":{"allow":["GET"]}}],"collection":[{"href":"https:\/\/mouldking.store\/vi\/wp-json\/wp\/v2\/product"}],"about":[{"href":"https:\/\/mouldking.store\/vi\/wp-json\/wp\/v2\/types\/product"}],"replies":[{"embeddable":true,"href":"https:\/\/mouldking.store\/vi\/wp-json\/wp\/v2\/comments?post=31447"}],"wp:featuredmedia":[{"embeddable":true,"href":"https:\/\/mouldking.store\/vi\/wp-json\/wp\/v2\/media\/31448"}],"wp:attachment":[{"href":"https:\/\/mouldking.store\/vi\/wp-json\/wp\/v2\/media?parent=31447"}],"wp:term":[{"taxonomy":"product_cat","embeddable":true,"href":"https:\/\/mouldking.store\/vi\/wp-json\/wp\/v2\/product_cat?post=31447"},{"taxonomy":"product_tag","embeddable":true,"href":"https:\/\/mouldking.store\/vi\/wp-json\/wp\/v2\/product_tag?post=31447"}],"curies":[{"name":"wp","href":"https:\/\/api.w.org\/{rel}","templated":true}]}}