{"id":31471,"date":"2022-05-27T14:43:02","date_gmt":"2022-05-27T07:43:02","guid":{"rendered":"https:\/\/mouldking.store\/?post_type=product&#038;p=31471"},"modified":"2022-05-27T14:43:03","modified_gmt":"2022-05-27T07:43:03","slug":"quanguan-727-one-piece-wado-ichimonji-with-781-pieces","status":"publish","type":"product","link":"https:\/\/mouldking.store\/vi\/shop\/quanguan-727-one-piece-wado-ichimonji-with-781-pieces\/","title":{"rendered":"QuanGuan 727 One Piece Wado Ichimonji v\u1edbi 781 mi\u1ebfng"},"content":{"rendered":"<p>Th\u00f4ng tin s\u1ea3n ph\u1ea9m:<\/p>\n<ol>\n<li>Th\u01b0\u01a1ng hi\u1ec7u: QuanGuan<\/li>\n<li>Gi\u1edbi t\u00ednh: Unisex<\/li>\n<li>T\u00ean: One Piece Wado Ichimonji<\/li>\n<li>\u0110\u1ed9 tu\u1ed5i: &gt; 6 tu\u1ed5i<\/li>\n<li>S\u1ed1 m\u00f4 h\u00ecnh: 727<\/li>\n<li>Ph\u00e2n lo\u1ea1i: T\u1eadp h\u1ee3p<\/li>\n<li>H\u00ecnh d\u1ea1ng kh\u1ed1i nh\u1ef1a: G\u1ea1ch t\u1ef1 kh\u00f3a<\/li>\n<li>Ch\u1ea5t li\u1ec7u: Nh\u1ef1a<\/li>\n<li>Lo\u1ea1i nh\u1ef1a: ABS<\/li>\n<li>Kh\u1ed1i g\u1ea1ch: 781 C\u00c1I<\/li>\n<li>Ch\u1ee9a h\u01b0\u1edbng d\u1eabn l\u1eafp r\u00e1p chi ti\u1ebft.<\/li>\n<\/ol>\n<p>\u0110\u1ec3 \u00fd:<br \/>\n1. Kh\u00f4ng c\u00f3 h\u1ed9p ban \u0111\u1ea7u, nh\u01b0ng ch\u00fang t\u00f4i \u0111\u1ea3m b\u1ea3o s\u1ea3n ph\u1ea9m c\u1ee7a ch\u00fang t\u00f4i c\u00f3 ch\u1ea5t l\u01b0\u1ee3ng \u0111\u1ea3m b\u1ea3o v\u00e0 bao b\u00ec \u0111\u1eb9p.<br \/>\n2. V\u00ec t\u1ea5t c\u1ea3 c\u00e1c b\u1ed9 ph\u1eadn ch\u00fang t\u00f4i \u0111\u00e3 ki\u1ec3m tra tr\u01b0\u1edbc khi v\u1eadn chuy\u1ec3n, v\u00ec v\u1eady n\u1ebfu b\u1ea1n th\u1ea5y m\u1ed9t s\u1ed1 b\u1ed9 ph\u1eadn b\u1ecb thi\u1ebfu ho\u1eb7c h\u01b0 h\u1ecfng, \u0111\u1eebng lo l\u1eafng v\u00e0 ch\u1ec9 c\u1ea7n vui l\u00f2ng li\u00ean h\u1ec7 v\u1edbi ch\u00fang t\u00f4i v\u00e0 ch\u00fang t\u00f4i c\u00f3 th\u1ec3 g\u1eedi l\u1ea1i mi\u1ec5n ph\u00ed cho b\u1ea1n ngay l\u1eadp t\u1ee9c.<\/p>\n<p>&nbsp;<\/p>\n<figure id=\"attachment_31472\" aria-describedby=\"caption-attachment-31472\" style=\"width: 900px\" class=\"wp-caption aligncenter\"><img fetchpriority=\"high\" decoding=\"async\" class=\"wp-image-31472 size-full\" src=\"https:\/\/mouldking.store\/wp-content\/uploads\/2022\/05\/QuanGuan-727-One-Piece-Wado-Ichimonji-2.jpg\" alt=\"QuanGuan 727 One Piece Wado Ichimonji with 781 pieces\" width=\"900\" height=\"891\" title=\"-\" srcset=\"https:\/\/mouldking.store\/wp-content\/uploads\/2022\/05\/QuanGuan-727-One-Piece-Wado-Ichimonji-2.jpg 900w, https:\/\/mouldking.store\/wp-content\/uploads\/2022\/05\/QuanGuan-727-One-Piece-Wado-Ichimonji-2-300x297.jpg 300w, https:\/\/mouldking.store\/wp-content\/uploads\/2022\/05\/QuanGuan-727-One-Piece-Wado-Ichimonji-2-768x760.jpg 768w, https:\/\/mouldking.store\/wp-content\/uploads\/2022\/05\/QuanGuan-727-One-Piece-Wado-Ichimonji-2-600x594.jpg 600w, https:\/\/mouldking.store\/wp-content\/uploads\/2022\/05\/QuanGuan-727-One-Piece-Wado-Ichimonji-2-150x150.jpg 150w\" sizes=\"(max-width: 900px) 100vw, 900px\" \/><figcaption id=\"caption-attachment-31472\" class=\"wp-caption-text\">QuanGuan 727 One Piece Wado Ichimonji v\u1edbi 781 mi\u1ebfng<\/figcaption><\/figure>\n<figure id=\"attachment_31474\" aria-describedby=\"caption-attachment-31474\" style=\"width: 904px\" class=\"wp-caption aligncenter\"><img decoding=\"async\" class=\"wp-image-31474 size-full\" src=\"https:\/\/mouldking.store\/wp-content\/uploads\/2022\/05\/QuanGuan-727-One-Piece-Wado-Ichimonji-4.jpg\" alt=\"QuanGuan 727 One Piece Wado Ichimonji with 781 pieces\" width=\"904\" height=\"873\" title=\"-\" srcset=\"https:\/\/mouldking.store\/wp-content\/uploads\/2022\/05\/QuanGuan-727-One-Piece-Wado-Ichimonji-4.jpg 904w, https:\/\/mouldking.store\/wp-content\/uploads\/2022\/05\/QuanGuan-727-One-Piece-Wado-Ichimonji-4-300x290.jpg 300w, https:\/\/mouldking.store\/wp-content\/uploads\/2022\/05\/QuanGuan-727-One-Piece-Wado-Ichimonji-4-768x742.jpg 768w, https:\/\/mouldking.store\/wp-content\/uploads\/2022\/05\/QuanGuan-727-One-Piece-Wado-Ichimonji-4-600x579.jpg 600w, https:\/\/mouldking.store\/wp-content\/uploads\/2022\/05\/QuanGuan-727-One-Piece-Wado-Ichimonji-4-150x145.jpg 150w\" sizes=\"(max-width: 904px) 100vw, 904px\" \/><figcaption id=\"caption-attachment-31474\" class=\"wp-caption-text\">QuanGuan 727 One Piece Wado Ichimonji v\u1edbi 781 mi\u1ebfng<\/figcaption><\/figure>\n<figure id=\"attachment_31475\" aria-describedby=\"caption-attachment-31475\" style=\"width: 893px\" class=\"wp-caption aligncenter\"><img decoding=\"async\" class=\"wp-image-31475 size-full\" src=\"https:\/\/mouldking.store\/wp-content\/uploads\/2022\/05\/QuanGuan-727-One-Piece-Wado-Ichimonji-5.jpg\" alt=\"QuanGuan 727 One Piece Wado Ichimonji with 781 pieces\" width=\"893\" height=\"886\" title=\"-\" srcset=\"https:\/\/mouldking.store\/wp-content\/uploads\/2022\/05\/QuanGuan-727-One-Piece-Wado-Ichimonji-5.jpg 893w, https:\/\/mouldking.store\/wp-content\/uploads\/2022\/05\/QuanGuan-727-One-Piece-Wado-Ichimonji-5-300x298.jpg 300w, https:\/\/mouldking.store\/wp-content\/uploads\/2022\/05\/QuanGuan-727-One-Piece-Wado-Ichimonji-5-768x762.jpg 768w, https:\/\/mouldking.store\/wp-content\/uploads\/2022\/05\/QuanGuan-727-One-Piece-Wado-Ichimonji-5-600x595.jpg 600w, https:\/\/mouldking.store\/wp-content\/uploads\/2022\/05\/QuanGuan-727-One-Piece-Wado-Ichimonji-5-150x150.jpg 150w\" sizes=\"(max-width: 893px) 100vw, 893px\" \/><figcaption id=\"caption-attachment-31475\" class=\"wp-caption-text\">QuanGuan 727 One Piece Wado Ichimonji v\u1edbi 781 mi\u1ebfng<\/figcaption><\/figure>\n<figure id=\"attachment_31476\" aria-describedby=\"caption-attachment-31476\" style=\"width: 898px\" class=\"wp-caption aligncenter\"><img loading=\"lazy\" decoding=\"async\" class=\"wp-image-31476 size-full\" src=\"https:\/\/mouldking.store\/wp-content\/uploads\/2022\/05\/QuanGuan-727-One-Piece-Wado-Ichimonji-1.jpg\" alt=\"QuanGuan 727 One Piece Wado Ichimonji with 781 pieces\" width=\"898\" height=\"884\" title=\"-\" srcset=\"https:\/\/mouldking.store\/wp-content\/uploads\/2022\/05\/QuanGuan-727-One-Piece-Wado-Ichimonji-1.jpg 898w, https:\/\/mouldking.store\/wp-content\/uploads\/2022\/05\/QuanGuan-727-One-Piece-Wado-Ichimonji-1-300x295.jpg 300w, https:\/\/mouldking.store\/wp-content\/uploads\/2022\/05\/QuanGuan-727-One-Piece-Wado-Ichimonji-1-768x756.jpg 768w, https:\/\/mouldking.store\/wp-content\/uploads\/2022\/05\/QuanGuan-727-One-Piece-Wado-Ichimonji-1-600x591.jpg 600w, https:\/\/mouldking.store\/wp-content\/uploads\/2022\/05\/QuanGuan-727-One-Piece-Wado-Ichimonji-1-150x148.jpg 150w\" sizes=\"(max-width: 898px) 100vw, 898px\" \/><figcaption id=\"caption-attachment-31476\" class=\"wp-caption-text\">QuanGuan 727 One Piece Wado Ichimonji v\u1edbi 781 mi\u1ebfng<\/figcaption><\/figure>\n<figure id=\"attachment_31473\" aria-describedby=\"caption-attachment-31473\" style=\"width: 898px\" class=\"wp-caption aligncenter\"><img loading=\"lazy\" decoding=\"async\" class=\"wp-image-31473 size-full\" src=\"https:\/\/mouldking.store\/wp-content\/uploads\/2022\/05\/QuanGuan-727-One-Piece-Wado-Ichimonji-3.jpg\" alt=\"QuanGuan 727 One Piece Wado Ichimonji with 781 pieces\" width=\"898\" height=\"880\" title=\"-\" srcset=\"https:\/\/mouldking.store\/wp-content\/uploads\/2022\/05\/QuanGuan-727-One-Piece-Wado-Ichimonji-3.jpg 898w, https:\/\/mouldking.store\/wp-content\/uploads\/2022\/05\/QuanGuan-727-One-Piece-Wado-Ichimonji-3-300x294.jpg 300w, https:\/\/mouldking.store\/wp-content\/uploads\/2022\/05\/QuanGuan-727-One-Piece-Wado-Ichimonji-3-768x753.jpg 768w, https:\/\/mouldking.store\/wp-content\/uploads\/2022\/05\/QuanGuan-727-One-Piece-Wado-Ichimonji-3-600x588.jpg 600w, https:\/\/mouldking.store\/wp-content\/uploads\/2022\/05\/QuanGuan-727-One-Piece-Wado-Ichimonji-3-150x147.jpg 150w\" sizes=\"(max-width: 898px) 100vw, 898px\" \/><figcaption id=\"caption-attachment-31473\" class=\"wp-caption-text\">QuanGuan 727 One Piece Wado Ichimonji v\u1edbi 781 mi\u1ebfng<\/figcaption><\/figure>","protected":false},"excerpt":{"rendered":"<p>Product information: Brand: QuanGuan Gender: Unisex Name: One Piece Wado Ichimonji Age Range: &gt; 6 years old Model Number: 727 Classification: Assemblage Plastic Block Shape: Self-Locking Bricks Material: Plastic Plastic Type: ABS Bricks Blocks: 781 PCS Contains detailed assembly instructions. Notice: 1. Without an original box, but we guarantee our products have quality assurance and [&hellip;]<\/p>","protected":false},"featured_media":31472,"comment_status":"closed","ping_status":"closed","template":"","meta":{"_acf_changed":false},"product_cat":[581],"product_tag":[5474,1824,5473,2290,5472,5471,5470,5475],"class_list":["product","first","instock","shipping-taxable","purchasable","product-type-simple"],"acf":[],"_links":{"self":[{"href":"https:\/\/mouldking.store\/vi\/wp-json\/wp\/v2\/product\/31471","targetHints":{"allow":["GET"]}}],"collection":[{"href":"https:\/\/mouldking.store\/vi\/wp-json\/wp\/v2\/product"}],"about":[{"href":"https:\/\/mouldking.store\/vi\/wp-json\/wp\/v2\/types\/product"}],"replies":[{"embeddable":true,"href":"https:\/\/mouldking.store\/vi\/wp-json\/wp\/v2\/comments?post=31471"}],"wp:featuredmedia":[{"embeddable":true,"href":"https:\/\/mouldking.store\/vi\/wp-json\/wp\/v2\/media\/31472"}],"wp:attachment":[{"href":"https:\/\/mouldking.store\/vi\/wp-json\/wp\/v2\/media?parent=31471"}],"wp:term":[{"taxonomy":"product_cat","embeddable":true,"href":"https:\/\/mouldking.store\/vi\/wp-json\/wp\/v2\/product_cat?post=31471"},{"taxonomy":"product_tag","embeddable":true,"href":"https:\/\/mouldking.store\/vi\/wp-json\/wp\/v2\/product_tag?post=31471"}],"curies":[{"name":"wp","href":"https:\/\/api.w.org\/{rel}","templated":true}]}}