{"id":31477,"date":"2022-05-27T14:46:36","date_gmt":"2022-05-27T07:46:36","guid":{"rendered":"https:\/\/mouldking.store\/?post_type=product&#038;p=31477"},"modified":"2022-05-27T14:46:36","modified_gmt":"2022-05-27T07:46:36","slug":"reobrix-66011-the-royal-fleet-with-3162-pieces","status":"publish","type":"product","link":"https:\/\/mouldking.store\/vi\/shop\/reobrix-66011-the-royal-fleet-with-3162-pieces\/","title":{"rendered":"Reobrix 66011 H\u1ea1m \u0111\u1ed9i Ho\u00e0ng gia v\u1edbi 3162 mi\u1ebfng"},"content":{"rendered":"<p>Th\u00f4ng tin s\u1ea3n ph\u1ea9m:<\/p>\n<ol>\n<li>Th\u01b0\u01a1ng hi\u1ec7u: Reobrix<\/li>\n<li>Gi\u1edbi t\u00ednh: Unisex<\/li>\n<li>Name: The Royal Fleet<\/li>\n<li>\u0110\u1ed9 tu\u1ed5i: &gt; 6 tu\u1ed5i<\/li>\n<li>Model Number: 66011<\/li>\n<li>Ph\u00e2n lo\u1ea1i: T\u1eadp h\u1ee3p<\/li>\n<li>H\u00ecnh d\u1ea1ng kh\u1ed1i nh\u1ef1a: G\u1ea1ch t\u1ef1 kh\u00f3a<\/li>\n<li>Ch\u1ea5t li\u1ec7u: Nh\u1ef1a<\/li>\n<li>Lo\u1ea1i nh\u1ef1a: ABS<\/li>\n<li>Bricks Blocks: 3162 PCS<\/li>\n<li>Ch\u1ee9a h\u01b0\u1edbng d\u1eabn l\u1eafp r\u00e1p chi ti\u1ebft.<\/li>\n<\/ol>\n<p>\u0110\u1ec3 \u00fd:<br \/>\n1. Kh\u00f4ng c\u00f3 h\u1ed9p ban \u0111\u1ea7u, nh\u01b0ng ch\u00fang t\u00f4i \u0111\u1ea3m b\u1ea3o s\u1ea3n ph\u1ea9m c\u1ee7a ch\u00fang t\u00f4i c\u00f3 ch\u1ea5t l\u01b0\u1ee3ng \u0111\u1ea3m b\u1ea3o v\u00e0 bao b\u00ec \u0111\u1eb9p.<br \/>\n2. V\u00ec t\u1ea5t c\u1ea3 c\u00e1c b\u1ed9 ph\u1eadn ch\u00fang t\u00f4i \u0111\u00e3 ki\u1ec3m tra tr\u01b0\u1edbc khi v\u1eadn chuy\u1ec3n, v\u00ec v\u1eady n\u1ebfu b\u1ea1n th\u1ea5y m\u1ed9t s\u1ed1 b\u1ed9 ph\u1eadn b\u1ecb thi\u1ebfu ho\u1eb7c h\u01b0 h\u1ecfng, \u0111\u1eebng lo l\u1eafng v\u00e0 ch\u1ec9 c\u1ea7n vui l\u00f2ng li\u00ean h\u1ec7 v\u1edbi ch\u00fang t\u00f4i v\u00e0 ch\u00fang t\u00f4i c\u00f3 th\u1ec3 g\u1eedi l\u1ea1i mi\u1ec5n ph\u00ed cho b\u1ea1n ngay l\u1eadp t\u1ee9c.<\/p>\n<figure id=\"attachment_31478\" aria-describedby=\"caption-attachment-31478\" style=\"width: 898px\" class=\"wp-caption aligncenter\"><img fetchpriority=\"high\" decoding=\"async\" class=\"wp-image-31478 size-full\" src=\"https:\/\/mouldking.store\/wp-content\/uploads\/2022\/05\/Reobrix-66011-The-Royal-Fleet-1.jpg\" alt=\"Reobrix 66011 The Royal Fleet with 3162 pieces\" width=\"898\" height=\"894\" title=\"-\" srcset=\"https:\/\/mouldking.store\/wp-content\/uploads\/2022\/05\/Reobrix-66011-The-Royal-Fleet-1.jpg 898w, https:\/\/mouldking.store\/wp-content\/uploads\/2022\/05\/Reobrix-66011-The-Royal-Fleet-1-300x299.jpg 300w, https:\/\/mouldking.store\/wp-content\/uploads\/2022\/05\/Reobrix-66011-The-Royal-Fleet-1-768x765.jpg 768w, https:\/\/mouldking.store\/wp-content\/uploads\/2022\/05\/Reobrix-66011-The-Royal-Fleet-1-600x597.jpg 600w, https:\/\/mouldking.store\/wp-content\/uploads\/2022\/05\/Reobrix-66011-The-Royal-Fleet-1-150x150.jpg 150w\" sizes=\"(max-width: 898px) 100vw, 898px\" \/><figcaption id=\"caption-attachment-31478\" class=\"wp-caption-text\">Reobrix 66011 H\u1ea1m \u0111\u1ed9i Ho\u00e0ng gia v\u1edbi 3162 mi\u1ebfng<\/figcaption><\/figure>\n<figure id=\"attachment_31480\" aria-describedby=\"caption-attachment-31480\" style=\"width: 899px\" class=\"wp-caption aligncenter\"><img decoding=\"async\" class=\"wp-image-31480 size-full\" src=\"https:\/\/mouldking.store\/wp-content\/uploads\/2022\/05\/Reobrix-66011-The-Royal-Fleet-3.jpg\" alt=\"Reobrix 66011 The Royal Fleet with 3162 pieces\" width=\"899\" height=\"890\" title=\"-\" srcset=\"https:\/\/mouldking.store\/wp-content\/uploads\/2022\/05\/Reobrix-66011-The-Royal-Fleet-3.jpg 899w, https:\/\/mouldking.store\/wp-content\/uploads\/2022\/05\/Reobrix-66011-The-Royal-Fleet-3-300x297.jpg 300w, https:\/\/mouldking.store\/wp-content\/uploads\/2022\/05\/Reobrix-66011-The-Royal-Fleet-3-768x760.jpg 768w, https:\/\/mouldking.store\/wp-content\/uploads\/2022\/05\/Reobrix-66011-The-Royal-Fleet-3-600x594.jpg 600w, https:\/\/mouldking.store\/wp-content\/uploads\/2022\/05\/Reobrix-66011-The-Royal-Fleet-3-150x148.jpg 150w\" sizes=\"(max-width: 899px) 100vw, 899px\" \/><figcaption id=\"caption-attachment-31480\" class=\"wp-caption-text\">Reobrix 66011 H\u1ea1m \u0111\u1ed9i Ho\u00e0ng gia v\u1edbi 3162 mi\u1ebfng<\/figcaption><\/figure>\n<figure id=\"attachment_31482\" aria-describedby=\"caption-attachment-31482\" style=\"width: 895px\" class=\"wp-caption aligncenter\"><img decoding=\"async\" class=\"wp-image-31482 size-full\" src=\"https:\/\/mouldking.store\/wp-content\/uploads\/2022\/05\/Reobrix-66011-The-Royal-Fleet-5.jpg\" alt=\"Reobrix 66011 The Royal Fleet with 3162 pieces\" width=\"895\" height=\"893\" title=\"-\" srcset=\"https:\/\/mouldking.store\/wp-content\/uploads\/2022\/05\/Reobrix-66011-The-Royal-Fleet-5.jpg 895w, https:\/\/mouldking.store\/wp-content\/uploads\/2022\/05\/Reobrix-66011-The-Royal-Fleet-5-300x299.jpg 300w, https:\/\/mouldking.store\/wp-content\/uploads\/2022\/05\/Reobrix-66011-The-Royal-Fleet-5-768x766.jpg 768w, https:\/\/mouldking.store\/wp-content\/uploads\/2022\/05\/Reobrix-66011-The-Royal-Fleet-5-600x599.jpg 600w, https:\/\/mouldking.store\/wp-content\/uploads\/2022\/05\/Reobrix-66011-The-Royal-Fleet-5-150x150.jpg 150w\" sizes=\"(max-width: 895px) 100vw, 895px\" \/><figcaption id=\"caption-attachment-31482\" class=\"wp-caption-text\">Reobrix 66011 H\u1ea1m \u0111\u1ed9i Ho\u00e0ng gia v\u1edbi 3162 mi\u1ebfng<\/figcaption><\/figure>\n<figure id=\"attachment_31483\" aria-describedby=\"caption-attachment-31483\" style=\"width: 896px\" class=\"wp-caption aligncenter\"><img loading=\"lazy\" decoding=\"async\" class=\"wp-image-31483 size-full\" src=\"https:\/\/mouldking.store\/wp-content\/uploads\/2022\/05\/Reobrix-66011-The-Royal-Fleet-6.jpg\" alt=\"Reobrix 66011 The Royal Fleet with 3162 pieces\" width=\"896\" height=\"890\" title=\"-\" srcset=\"https:\/\/mouldking.store\/wp-content\/uploads\/2022\/05\/Reobrix-66011-The-Royal-Fleet-6.jpg 896w, https:\/\/mouldking.store\/wp-content\/uploads\/2022\/05\/Reobrix-66011-The-Royal-Fleet-6-300x298.jpg 300w, https:\/\/mouldking.store\/wp-content\/uploads\/2022\/05\/Reobrix-66011-The-Royal-Fleet-6-768x763.jpg 768w, https:\/\/mouldking.store\/wp-content\/uploads\/2022\/05\/Reobrix-66011-The-Royal-Fleet-6-600x596.jpg 600w, https:\/\/mouldking.store\/wp-content\/uploads\/2022\/05\/Reobrix-66011-The-Royal-Fleet-6-150x150.jpg 150w\" sizes=\"(max-width: 896px) 100vw, 896px\" \/><figcaption id=\"caption-attachment-31483\" class=\"wp-caption-text\">Reobrix 66011 H\u1ea1m \u0111\u1ed9i Ho\u00e0ng gia v\u1edbi 3162 mi\u1ebfng<\/figcaption><\/figure>\n<figure id=\"attachment_31481\" aria-describedby=\"caption-attachment-31481\" style=\"width: 897px\" class=\"wp-caption aligncenter\"><img loading=\"lazy\" decoding=\"async\" class=\"wp-image-31481 size-full\" src=\"https:\/\/mouldking.store\/wp-content\/uploads\/2022\/05\/Reobrix-66011-The-Royal-Fleet-4.jpg\" alt=\"Reobrix 66011 The Royal Fleet with 3162 pieces\" width=\"897\" height=\"891\" title=\"-\" srcset=\"https:\/\/mouldking.store\/wp-content\/uploads\/2022\/05\/Reobrix-66011-The-Royal-Fleet-4.jpg 897w, https:\/\/mouldking.store\/wp-content\/uploads\/2022\/05\/Reobrix-66011-The-Royal-Fleet-4-300x298.jpg 300w, https:\/\/mouldking.store\/wp-content\/uploads\/2022\/05\/Reobrix-66011-The-Royal-Fleet-4-768x763.jpg 768w, https:\/\/mouldking.store\/wp-content\/uploads\/2022\/05\/Reobrix-66011-The-Royal-Fleet-4-600x596.jpg 600w, https:\/\/mouldking.store\/wp-content\/uploads\/2022\/05\/Reobrix-66011-The-Royal-Fleet-4-150x150.jpg 150w\" sizes=\"(max-width: 897px) 100vw, 897px\" \/><figcaption id=\"caption-attachment-31481\" class=\"wp-caption-text\">Reobrix 66011 H\u1ea1m \u0111\u1ed9i Ho\u00e0ng gia v\u1edbi 3162 mi\u1ebfng<\/figcaption><\/figure>\n<figure id=\"attachment_31479\" aria-describedby=\"caption-attachment-31479\" style=\"width: 898px\" class=\"wp-caption aligncenter\"><img loading=\"lazy\" decoding=\"async\" class=\"wp-image-31479 size-full\" src=\"https:\/\/mouldking.store\/wp-content\/uploads\/2022\/05\/Reobrix-66011-The-Royal-Fleet-2.jpg\" alt=\"Reobrix 66011 The Royal Fleet with 3162 pieces\" width=\"898\" height=\"883\" title=\"-\" srcset=\"https:\/\/mouldking.store\/wp-content\/uploads\/2022\/05\/Reobrix-66011-The-Royal-Fleet-2.jpg 898w, https:\/\/mouldking.store\/wp-content\/uploads\/2022\/05\/Reobrix-66011-The-Royal-Fleet-2-300x295.jpg 300w, https:\/\/mouldking.store\/wp-content\/uploads\/2022\/05\/Reobrix-66011-The-Royal-Fleet-2-768x755.jpg 768w, https:\/\/mouldking.store\/wp-content\/uploads\/2022\/05\/Reobrix-66011-The-Royal-Fleet-2-600x590.jpg 600w, https:\/\/mouldking.store\/wp-content\/uploads\/2022\/05\/Reobrix-66011-The-Royal-Fleet-2-150x147.jpg 150w\" sizes=\"(max-width: 898px) 100vw, 898px\" \/><figcaption id=\"caption-attachment-31479\" class=\"wp-caption-text\">Reobrix 66011 H\u1ea1m \u0111\u1ed9i Ho\u00e0ng gia v\u1edbi 3162 mi\u1ebfng<\/figcaption><\/figure>","protected":false},"excerpt":{"rendered":"<p>Product information: Brand: Reobrix Gender: Unisex Name: The Royal Fleet Age Range: &gt; 6 years old Model Number: 66011 Classification: Assemblage Plastic Block Shape: Self-Locking Bricks Material: Plastic Plastic Type: ABS Bricks Blocks: 3162 PCS Contains detailed assembly instructions. Notice: 1. Without an original box, but we guarantee our products have quality assurance and nice [&hellip;]<\/p>","protected":false},"featured_media":31478,"comment_status":"closed","ping_status":"closed","template":"","meta":{"_acf_changed":false},"product_cat":[371],"product_tag":[5480,2669,5478,5477,5476,5479,5481],"class_list":["product","first","instock","shipping-taxable","purchasable","product-type-simple"],"acf":[],"_links":{"self":[{"href":"https:\/\/mouldking.store\/vi\/wp-json\/wp\/v2\/product\/31477","targetHints":{"allow":["GET"]}}],"collection":[{"href":"https:\/\/mouldking.store\/vi\/wp-json\/wp\/v2\/product"}],"about":[{"href":"https:\/\/mouldking.store\/vi\/wp-json\/wp\/v2\/types\/product"}],"replies":[{"embeddable":true,"href":"https:\/\/mouldking.store\/vi\/wp-json\/wp\/v2\/comments?post=31477"}],"wp:featuredmedia":[{"embeddable":true,"href":"https:\/\/mouldking.store\/vi\/wp-json\/wp\/v2\/media\/31478"}],"wp:attachment":[{"href":"https:\/\/mouldking.store\/vi\/wp-json\/wp\/v2\/media?parent=31477"}],"wp:term":[{"taxonomy":"product_cat","embeddable":true,"href":"https:\/\/mouldking.store\/vi\/wp-json\/wp\/v2\/product_cat?post=31477"},{"taxonomy":"product_tag","embeddable":true,"href":"https:\/\/mouldking.store\/vi\/wp-json\/wp\/v2\/product_tag?post=31477"}],"curies":[{"name":"wp","href":"https:\/\/api.w.org\/{rel}","templated":true}]}}