{"id":31484,"date":"2022-05-27T14:51:14","date_gmt":"2022-05-27T07:51:14","guid":{"rendered":"https:\/\/mouldking.store\/?post_type=product&#038;p=31484"},"modified":"2022-05-27T14:51:14","modified_gmt":"2022-05-27T07:51:14","slug":"reobrix-66010-pirate-revenge-with-3066-pieces","status":"publish","type":"product","link":"https:\/\/mouldking.store\/vi\/shop\/reobrix-66010-pirate-revenge-with-3066-pieces\/","title":{"rendered":"Reobrix 66010 C\u01b0\u1edbp bi\u1ec3n b\u00e1o th\u00f9 g\u1ed3m 3066 m\u1ea3nh gh\u00e9p"},"content":{"rendered":"<p>Th\u00f4ng tin s\u1ea3n ph\u1ea9m:<\/p>\n<ol>\n<li>Th\u01b0\u01a1ng hi\u1ec7u: Reobrix<\/li>\n<li>Gi\u1edbi t\u00ednh: Unisex<\/li>\n<li>T\u00ean: C\u01b0\u1edbp bi\u1ec3n b\u00e1o th\u00f9<\/li>\n<li>\u0110\u1ed9 tu\u1ed5i: &gt; 6 tu\u1ed5i<\/li>\n<li>S\u1ed1 m\u00f4 h\u00ecnh: 66010<\/li>\n<li>Ph\u00e2n lo\u1ea1i: T\u1eadp h\u1ee3p<\/li>\n<li>H\u00ecnh d\u1ea1ng kh\u1ed1i nh\u1ef1a: G\u1ea1ch t\u1ef1 kh\u00f3a<\/li>\n<li>Ch\u1ea5t li\u1ec7u: Nh\u1ef1a<\/li>\n<li>Lo\u1ea1i nh\u1ef1a: ABS<\/li>\n<li>Kh\u1ed1i g\u1ea1ch: 3066 C\u00c1I<\/li>\n<li>Ch\u1ee9a h\u01b0\u1edbng d\u1eabn l\u1eafp r\u00e1p chi ti\u1ebft.<\/li>\n<\/ol>\n<p>\u0110\u1ec3 \u00fd:<br \/>\n1. Kh\u00f4ng c\u00f3 h\u1ed9p ban \u0111\u1ea7u, nh\u01b0ng ch\u00fang t\u00f4i \u0111\u1ea3m b\u1ea3o s\u1ea3n ph\u1ea9m c\u1ee7a ch\u00fang t\u00f4i c\u00f3 ch\u1ea5t l\u01b0\u1ee3ng \u0111\u1ea3m b\u1ea3o v\u00e0 bao b\u00ec \u0111\u1eb9p.<br \/>\n2. V\u00ec t\u1ea5t c\u1ea3 c\u00e1c b\u1ed9 ph\u1eadn ch\u00fang t\u00f4i \u0111\u00e3 ki\u1ec3m tra tr\u01b0\u1edbc khi v\u1eadn chuy\u1ec3n, v\u00ec v\u1eady n\u1ebfu b\u1ea1n th\u1ea5y m\u1ed9t s\u1ed1 b\u1ed9 ph\u1eadn b\u1ecb thi\u1ebfu ho\u1eb7c h\u01b0 h\u1ecfng, \u0111\u1eebng lo l\u1eafng v\u00e0 ch\u1ec9 c\u1ea7n vui l\u00f2ng li\u00ean h\u1ec7 v\u1edbi ch\u00fang t\u00f4i v\u00e0 ch\u00fang t\u00f4i c\u00f3 th\u1ec3 g\u1eedi l\u1ea1i mi\u1ec5n ph\u00ed cho b\u1ea1n ngay l\u1eadp t\u1ee9c.<\/p>\n<figure id=\"attachment_31485\" aria-describedby=\"caption-attachment-31485\" style=\"width: 800px\" class=\"wp-caption aligncenter\"><img fetchpriority=\"high\" decoding=\"async\" class=\"wp-image-31485 size-full\" src=\"https:\/\/mouldking.store\/wp-content\/uploads\/2022\/05\/Reobrix-66010-Pirate-Revenge-1.webp\" alt=\"Reobrix 66010 Pirate Revenge with 3066 pieces\" width=\"800\" height=\"800\" title=\"-\"><figcaption id=\"caption-attachment-31485\" class=\"wp-caption-text\">Reobrix 66010 C\u01b0\u1edbp bi\u1ec3n b\u00e1o th\u00f9 g\u1ed3m 3066 m\u1ea3nh gh\u00e9p<\/figcaption><\/figure>\n<figure id=\"attachment_31486\" aria-describedby=\"caption-attachment-31486\" style=\"width: 800px\" class=\"wp-caption aligncenter\"><img decoding=\"async\" class=\"wp-image-31486 size-full\" src=\"https:\/\/mouldking.store\/wp-content\/uploads\/2022\/05\/Reobrix-66010-Pirate-Revenge-1.png\" alt=\"Reobrix 66010 Pirate Revenge with 3066 pieces\" width=\"800\" height=\"800\" title=\"-\" srcset=\"https:\/\/mouldking.store\/wp-content\/uploads\/2022\/05\/Reobrix-66010-Pirate-Revenge-1.png 800w, https:\/\/mouldking.store\/wp-content\/uploads\/2022\/05\/Reobrix-66010-Pirate-Revenge-1-300x300.png 300w, https:\/\/mouldking.store\/wp-content\/uploads\/2022\/05\/Reobrix-66010-Pirate-Revenge-1-768x768.png 768w, https:\/\/mouldking.store\/wp-content\/uploads\/2022\/05\/Reobrix-66010-Pirate-Revenge-1-600x600.png 600w, https:\/\/mouldking.store\/wp-content\/uploads\/2022\/05\/Reobrix-66010-Pirate-Revenge-1-150x150.png 150w\" sizes=\"(max-width: 800px) 100vw, 800px\" \/><figcaption id=\"caption-attachment-31486\" class=\"wp-caption-text\">Reobrix 66010 C\u01b0\u1edbp bi\u1ec3n b\u00e1o th\u00f9 g\u1ed3m 3066 m\u1ea3nh gh\u00e9p<\/figcaption><\/figure>\n<figure id=\"attachment_31488\" aria-describedby=\"caption-attachment-31488\" style=\"width: 800px\" class=\"wp-caption aligncenter\"><img decoding=\"async\" class=\"wp-image-31488 size-full\" src=\"https:\/\/mouldking.store\/wp-content\/uploads\/2022\/05\/Reobrix-66010-Pirate-Revenge-3.png\" alt=\"Reobrix 66010 Pirate Revenge with 3066 pieces\" width=\"800\" height=\"800\" title=\"-\" srcset=\"https:\/\/mouldking.store\/wp-content\/uploads\/2022\/05\/Reobrix-66010-Pirate-Revenge-3.png 800w, https:\/\/mouldking.store\/wp-content\/uploads\/2022\/05\/Reobrix-66010-Pirate-Revenge-3-300x300.png 300w, https:\/\/mouldking.store\/wp-content\/uploads\/2022\/05\/Reobrix-66010-Pirate-Revenge-3-768x768.png 768w, https:\/\/mouldking.store\/wp-content\/uploads\/2022\/05\/Reobrix-66010-Pirate-Revenge-3-600x600.png 600w, https:\/\/mouldking.store\/wp-content\/uploads\/2022\/05\/Reobrix-66010-Pirate-Revenge-3-150x150.png 150w\" sizes=\"(max-width: 800px) 100vw, 800px\" \/><figcaption id=\"caption-attachment-31488\" class=\"wp-caption-text\">Reobrix 66010 C\u01b0\u1edbp bi\u1ec3n b\u00e1o th\u00f9 g\u1ed3m 3066 m\u1ea3nh gh\u00e9p<\/figcaption><\/figure>\n<figure id=\"attachment_31487\" aria-describedby=\"caption-attachment-31487\" style=\"width: 800px\" class=\"wp-caption aligncenter\"><img loading=\"lazy\" decoding=\"async\" class=\"wp-image-31487 size-full\" src=\"https:\/\/mouldking.store\/wp-content\/uploads\/2022\/05\/Reobrix-66010-Pirate-Revenge-2.png\" alt=\"Reobrix 66010 Pirate Revenge with 3066 pieces\" width=\"800\" height=\"800\" title=\"-\" srcset=\"https:\/\/mouldking.store\/wp-content\/uploads\/2022\/05\/Reobrix-66010-Pirate-Revenge-2.png 800w, https:\/\/mouldking.store\/wp-content\/uploads\/2022\/05\/Reobrix-66010-Pirate-Revenge-2-300x300.png 300w, https:\/\/mouldking.store\/wp-content\/uploads\/2022\/05\/Reobrix-66010-Pirate-Revenge-2-768x768.png 768w, https:\/\/mouldking.store\/wp-content\/uploads\/2022\/05\/Reobrix-66010-Pirate-Revenge-2-600x600.png 600w, https:\/\/mouldking.store\/wp-content\/uploads\/2022\/05\/Reobrix-66010-Pirate-Revenge-2-150x150.png 150w\" sizes=\"(max-width: 800px) 100vw, 800px\" \/><figcaption id=\"caption-attachment-31487\" class=\"wp-caption-text\">Reobrix 66010 C\u01b0\u1edbp bi\u1ec3n b\u00e1o th\u00f9 g\u1ed3m 3066 m\u1ea3nh gh\u00e9p<\/figcaption><\/figure>\n<figure id=\"attachment_31490\" aria-describedby=\"caption-attachment-31490\" style=\"width: 717px\" class=\"wp-caption aligncenter\"><img loading=\"lazy\" decoding=\"async\" class=\"wp-image-31490 size-full\" src=\"https:\/\/mouldking.store\/wp-content\/uploads\/2022\/05\/Reobrix-66010-Pirate-Revenge-5.png\" alt=\"Reobrix 66010 Pirate Revenge with 3066 pieces\" width=\"717\" height=\"1024\" title=\"-\" srcset=\"https:\/\/mouldking.store\/wp-content\/uploads\/2022\/05\/Reobrix-66010-Pirate-Revenge-5.png 717w, https:\/\/mouldking.store\/wp-content\/uploads\/2022\/05\/Reobrix-66010-Pirate-Revenge-5-210x300.png 210w, https:\/\/mouldking.store\/wp-content\/uploads\/2022\/05\/Reobrix-66010-Pirate-Revenge-5-300x428.png 300w, https:\/\/mouldking.store\/wp-content\/uploads\/2022\/05\/Reobrix-66010-Pirate-Revenge-5-600x857.png 600w, https:\/\/mouldking.store\/wp-content\/uploads\/2022\/05\/Reobrix-66010-Pirate-Revenge-5-105x150.png 105w\" sizes=\"(max-width: 717px) 100vw, 717px\" \/><figcaption id=\"caption-attachment-31490\" class=\"wp-caption-text\">Reobrix 66010 C\u01b0\u1edbp bi\u1ec3n b\u00e1o th\u00f9 g\u1ed3m 3066 m\u1ea3nh gh\u00e9p<\/figcaption><\/figure>\n<figure id=\"attachment_31489\" aria-describedby=\"caption-attachment-31489\" style=\"width: 800px\" class=\"wp-caption aligncenter\"><img loading=\"lazy\" decoding=\"async\" class=\"wp-image-31489 size-full\" src=\"https:\/\/mouldking.store\/wp-content\/uploads\/2022\/05\/Reobrix-66010-Pirate-Revenge-4.png\" alt=\"Reobrix 66010 Pirate Revenge with 3066 pieces\" width=\"800\" height=\"800\" title=\"-\" srcset=\"https:\/\/mouldking.store\/wp-content\/uploads\/2022\/05\/Reobrix-66010-Pirate-Revenge-4.png 800w, https:\/\/mouldking.store\/wp-content\/uploads\/2022\/05\/Reobrix-66010-Pirate-Revenge-4-300x300.png 300w, https:\/\/mouldking.store\/wp-content\/uploads\/2022\/05\/Reobrix-66010-Pirate-Revenge-4-768x768.png 768w, https:\/\/mouldking.store\/wp-content\/uploads\/2022\/05\/Reobrix-66010-Pirate-Revenge-4-600x600.png 600w, https:\/\/mouldking.store\/wp-content\/uploads\/2022\/05\/Reobrix-66010-Pirate-Revenge-4-150x150.png 150w\" sizes=\"(max-width: 800px) 100vw, 800px\" \/><figcaption id=\"caption-attachment-31489\" class=\"wp-caption-text\">Reobrix 66010 C\u01b0\u1edbp bi\u1ec3n b\u00e1o th\u00f9 g\u1ed3m 3066 m\u1ea3nh gh\u00e9p<\/figcaption><\/figure>\n<figure id=\"attachment_31491\" aria-describedby=\"caption-attachment-31491\" style=\"width: 800px\" class=\"wp-caption aligncenter\"><img loading=\"lazy\" decoding=\"async\" class=\"wp-image-31491 size-full\" src=\"https:\/\/mouldking.store\/wp-content\/uploads\/2022\/05\/Reobrix-66010-Pirate-Revenge-6.png\" alt=\"Reobrix 66010 Pirate Revenge with 3066 pieces\" width=\"800\" height=\"800\" title=\"-\" srcset=\"https:\/\/mouldking.store\/wp-content\/uploads\/2022\/05\/Reobrix-66010-Pirate-Revenge-6.png 800w, https:\/\/mouldking.store\/wp-content\/uploads\/2022\/05\/Reobrix-66010-Pirate-Revenge-6-300x300.png 300w, https:\/\/mouldking.store\/wp-content\/uploads\/2022\/05\/Reobrix-66010-Pirate-Revenge-6-768x768.png 768w, https:\/\/mouldking.store\/wp-content\/uploads\/2022\/05\/Reobrix-66010-Pirate-Revenge-6-600x600.png 600w, https:\/\/mouldking.store\/wp-content\/uploads\/2022\/05\/Reobrix-66010-Pirate-Revenge-6-150x150.png 150w\" sizes=\"(max-width: 800px) 100vw, 800px\" \/><figcaption id=\"caption-attachment-31491\" class=\"wp-caption-text\">Reobrix 66010 C\u01b0\u1edbp bi\u1ec3n b\u00e1o th\u00f9 g\u1ed3m 3066 m\u1ea3nh gh\u00e9p<\/figcaption><\/figure>","protected":false},"excerpt":{"rendered":"<p>Product information: Brand: Reobrix Gender: Unisex Name: Pirate Revenge Age Range: &gt; 6 years old Model Number: 66010 Classification: Assemblage Plastic Block Shape: Self-Locking Bricks Material: Plastic Plastic Type: ABS Bricks Blocks: 3066 PCS Contains detailed assembly instructions. Notice: 1. Without an original box, but we guarantee our products have quality assurance and nice packaging. [&hellip;]<\/p>","protected":false},"featured_media":31485,"comment_status":"closed","ping_status":"closed","template":"","meta":{"_acf_changed":false},"product_cat":[581],"product_tag":[5486,5487,5485,2669,5484,5483,5482,5488],"class_list":["product","first","instock","shipping-taxable","purchasable","product-type-simple"],"acf":[],"_links":{"self":[{"href":"https:\/\/mouldking.store\/vi\/wp-json\/wp\/v2\/product\/31484","targetHints":{"allow":["GET"]}}],"collection":[{"href":"https:\/\/mouldking.store\/vi\/wp-json\/wp\/v2\/product"}],"about":[{"href":"https:\/\/mouldking.store\/vi\/wp-json\/wp\/v2\/types\/product"}],"replies":[{"embeddable":true,"href":"https:\/\/mouldking.store\/vi\/wp-json\/wp\/v2\/comments?post=31484"}],"wp:featuredmedia":[{"embeddable":true,"href":"https:\/\/mouldking.store\/vi\/wp-json\/wp\/v2\/media\/31485"}],"wp:attachment":[{"href":"https:\/\/mouldking.store\/vi\/wp-json\/wp\/v2\/media?parent=31484"}],"wp:term":[{"taxonomy":"product_cat","embeddable":true,"href":"https:\/\/mouldking.store\/vi\/wp-json\/wp\/v2\/product_cat?post=31484"},{"taxonomy":"product_tag","embeddable":true,"href":"https:\/\/mouldking.store\/vi\/wp-json\/wp\/v2\/product_tag?post=31484"}],"curies":[{"name":"wp","href":"https:\/\/api.w.org\/{rel}","templated":true}]}}