{"id":31508,"date":"2022-05-27T15:24:04","date_gmt":"2022-05-27T08:24:04","guid":{"rendered":"https:\/\/mouldking.store\/?post_type=product&#038;p=31508"},"modified":"2022-05-27T15:24:04","modified_gmt":"2022-05-27T08:24:04","slug":"k-box-10510-volkswagen-t1-with-2550-pieces","status":"publish","type":"product","link":"https:\/\/mouldking.store\/vi\/shop\/k-box-10510-volkswagen-t1-with-2550-pieces\/","title":{"rendered":"K-BOX 10510 Volkswagen T1 g\u1ed3m 2550 c\u00e1i"},"content":{"rendered":"<p>Th\u00f4ng tin s\u1ea3n ph\u1ea9m:<\/p>\n<ol>\n<li>Th\u01b0\u01a1ng hi\u1ec7u: K-BOX<\/li>\n<li>Gi\u1edbi t\u00ednh: Unisex<\/li>\n<li>T\u00ean: Volkswagen T1<\/li>\n<li>\u0110\u1ed9 tu\u1ed5i: &gt; 6 tu\u1ed5i<\/li>\n<li>S\u1ed1 m\u00f4 h\u00ecnh: 10510<\/li>\n<li>Ph\u00e2n lo\u1ea1i: T\u1eadp h\u1ee3p<\/li>\n<li>H\u00ecnh d\u1ea1ng kh\u1ed1i nh\u1ef1a: G\u1ea1ch t\u1ef1 kh\u00f3a<\/li>\n<li>Ch\u1ea5t li\u1ec7u: Nh\u1ef1a<\/li>\n<li>Lo\u1ea1i nh\u1ef1a: ABS<\/li>\n<li>Kh\u1ed1i g\u1ea1ch: 2550 chi\u1ebfc<\/li>\n<li>Ch\u1ee9a h\u01b0\u1edbng d\u1eabn l\u1eafp r\u00e1p chi ti\u1ebft.<\/li>\n<\/ol>\n<p>\u0110\u1ec3 \u00fd:<br \/>\n1. Kh\u00f4ng c\u00f3 h\u1ed9p ban \u0111\u1ea7u, nh\u01b0ng ch\u00fang t\u00f4i \u0111\u1ea3m b\u1ea3o s\u1ea3n ph\u1ea9m c\u1ee7a ch\u00fang t\u00f4i c\u00f3 ch\u1ea5t l\u01b0\u1ee3ng \u0111\u1ea3m b\u1ea3o v\u00e0 bao b\u00ec \u0111\u1eb9p.<br \/>\n2. V\u00ec t\u1ea5t c\u1ea3 c\u00e1c b\u1ed9 ph\u1eadn ch\u00fang t\u00f4i \u0111\u00e3 ki\u1ec3m tra tr\u01b0\u1edbc khi v\u1eadn chuy\u1ec3n, v\u00ec v\u1eady n\u1ebfu b\u1ea1n th\u1ea5y m\u1ed9t s\u1ed1 b\u1ed9 ph\u1eadn b\u1ecb thi\u1ebfu ho\u1eb7c h\u01b0 h\u1ecfng, \u0111\u1eebng lo l\u1eafng v\u00e0 ch\u1ec9 c\u1ea7n vui l\u00f2ng li\u00ean h\u1ec7 v\u1edbi ch\u00fang t\u00f4i v\u00e0 ch\u00fang t\u00f4i c\u00f3 th\u1ec3 g\u1eedi l\u1ea1i mi\u1ec5n ph\u00ed cho b\u1ea1n ngay l\u1eadp t\u1ee9c.<\/p>\n<p>&nbsp;<\/p>\n<figure id=\"attachment_31510\" aria-describedby=\"caption-attachment-31510\" style=\"width: 1024px\" class=\"wp-caption aligncenter\"><img fetchpriority=\"high\" decoding=\"async\" class=\"wp-image-31510 size-full\" src=\"https:\/\/mouldking.store\/wp-content\/uploads\/2022\/05\/K-BOX-10510-Volkswagen-T1-2.png\" alt=\"K-BOX 10510 Volkswagen T1 with 2550 pieces\" width=\"1024\" height=\"1024\" title=\"-\" srcset=\"https:\/\/mouldking.store\/wp-content\/uploads\/2022\/05\/K-BOX-10510-Volkswagen-T1-2.png 1024w, https:\/\/mouldking.store\/wp-content\/uploads\/2022\/05\/K-BOX-10510-Volkswagen-T1-2-300x300.png 300w, https:\/\/mouldking.store\/wp-content\/uploads\/2022\/05\/K-BOX-10510-Volkswagen-T1-2-768x768.png 768w, https:\/\/mouldking.store\/wp-content\/uploads\/2022\/05\/K-BOX-10510-Volkswagen-T1-2-600x600.png 600w, https:\/\/mouldking.store\/wp-content\/uploads\/2022\/05\/K-BOX-10510-Volkswagen-T1-2-150x150.png 150w\" sizes=\"(max-width: 1024px) 100vw, 1024px\" \/><figcaption id=\"caption-attachment-31510\" class=\"wp-caption-text\">K-BOX 10510 Volkswagen T1 g\u1ed3m 2550 c\u00e1i<\/figcaption><\/figure>\n<figure id=\"attachment_31511\" aria-describedby=\"caption-attachment-31511\" style=\"width: 1024px\" class=\"wp-caption aligncenter\"><img decoding=\"async\" class=\"wp-image-31511 size-full\" src=\"https:\/\/mouldking.store\/wp-content\/uploads\/2022\/05\/K-BOX-10510-Volkswagen-T1-3.png\" alt=\"K-BOX 10510 Volkswagen T1 with 2550 pieces\" width=\"1024\" height=\"1024\" title=\"-\" srcset=\"https:\/\/mouldking.store\/wp-content\/uploads\/2022\/05\/K-BOX-10510-Volkswagen-T1-3.png 1024w, https:\/\/mouldking.store\/wp-content\/uploads\/2022\/05\/K-BOX-10510-Volkswagen-T1-3-300x300.png 300w, https:\/\/mouldking.store\/wp-content\/uploads\/2022\/05\/K-BOX-10510-Volkswagen-T1-3-768x768.png 768w, https:\/\/mouldking.store\/wp-content\/uploads\/2022\/05\/K-BOX-10510-Volkswagen-T1-3-600x600.png 600w, https:\/\/mouldking.store\/wp-content\/uploads\/2022\/05\/K-BOX-10510-Volkswagen-T1-3-150x150.png 150w\" sizes=\"(max-width: 1024px) 100vw, 1024px\" \/><figcaption id=\"caption-attachment-31511\" class=\"wp-caption-text\">K-BOX 10510 Volkswagen T1 g\u1ed3m 2550 c\u00e1i<\/figcaption><\/figure>\n<figure id=\"attachment_31512\" aria-describedby=\"caption-attachment-31512\" style=\"width: 1024px\" class=\"wp-caption aligncenter\"><img decoding=\"async\" class=\"wp-image-31512 size-full\" src=\"https:\/\/mouldking.store\/wp-content\/uploads\/2022\/05\/K-BOX-10510-Volkswagen-T1-4.png\" alt=\"K-BOX 10510 Volkswagen T1 with 2550 pieces\" width=\"1024\" height=\"1024\" title=\"-\" srcset=\"https:\/\/mouldking.store\/wp-content\/uploads\/2022\/05\/K-BOX-10510-Volkswagen-T1-4.png 1024w, https:\/\/mouldking.store\/wp-content\/uploads\/2022\/05\/K-BOX-10510-Volkswagen-T1-4-300x300.png 300w, https:\/\/mouldking.store\/wp-content\/uploads\/2022\/05\/K-BOX-10510-Volkswagen-T1-4-768x768.png 768w, https:\/\/mouldking.store\/wp-content\/uploads\/2022\/05\/K-BOX-10510-Volkswagen-T1-4-600x600.png 600w, https:\/\/mouldking.store\/wp-content\/uploads\/2022\/05\/K-BOX-10510-Volkswagen-T1-4-150x150.png 150w\" sizes=\"(max-width: 1024px) 100vw, 1024px\" \/><figcaption id=\"caption-attachment-31512\" class=\"wp-caption-text\">K-BOX 10510 Volkswagen T1 g\u1ed3m 2550 c\u00e1i<\/figcaption><\/figure>\n<figure id=\"attachment_31514\" aria-describedby=\"caption-attachment-31514\" style=\"width: 1024px\" class=\"wp-caption aligncenter\"><img loading=\"lazy\" decoding=\"async\" class=\"wp-image-31514 size-full\" src=\"https:\/\/mouldking.store\/wp-content\/uploads\/2022\/05\/K-BOX-10510-Volkswagen-T1-6.png\" alt=\"K-BOX 10510 Volkswagen T1 with 2550 pieces\" width=\"1024\" height=\"1024\" title=\"-\" srcset=\"https:\/\/mouldking.store\/wp-content\/uploads\/2022\/05\/K-BOX-10510-Volkswagen-T1-6.png 1024w, https:\/\/mouldking.store\/wp-content\/uploads\/2022\/05\/K-BOX-10510-Volkswagen-T1-6-300x300.png 300w, https:\/\/mouldking.store\/wp-content\/uploads\/2022\/05\/K-BOX-10510-Volkswagen-T1-6-768x768.png 768w, https:\/\/mouldking.store\/wp-content\/uploads\/2022\/05\/K-BOX-10510-Volkswagen-T1-6-600x600.png 600w, https:\/\/mouldking.store\/wp-content\/uploads\/2022\/05\/K-BOX-10510-Volkswagen-T1-6-150x150.png 150w\" sizes=\"(max-width: 1024px) 100vw, 1024px\" \/><figcaption id=\"caption-attachment-31514\" class=\"wp-caption-text\">K-BOX 10510 Volkswagen T1 g\u1ed3m 2550 c\u00e1i<\/figcaption><\/figure>\n<figure id=\"attachment_31515\" aria-describedby=\"caption-attachment-31515\" style=\"width: 1024px\" class=\"wp-caption aligncenter\"><img loading=\"lazy\" decoding=\"async\" class=\"wp-image-31515 size-full\" src=\"https:\/\/mouldking.store\/wp-content\/uploads\/2022\/05\/K-BOX-10510-Volkswagen-T1-1.png\" alt=\"K-BOX 10510 Volkswagen T1 with 2550 pieces\" width=\"1024\" height=\"1024\" title=\"-\" srcset=\"https:\/\/mouldking.store\/wp-content\/uploads\/2022\/05\/K-BOX-10510-Volkswagen-T1-1.png 1024w, https:\/\/mouldking.store\/wp-content\/uploads\/2022\/05\/K-BOX-10510-Volkswagen-T1-1-300x300.png 300w, https:\/\/mouldking.store\/wp-content\/uploads\/2022\/05\/K-BOX-10510-Volkswagen-T1-1-768x768.png 768w, https:\/\/mouldking.store\/wp-content\/uploads\/2022\/05\/K-BOX-10510-Volkswagen-T1-1-600x600.png 600w, https:\/\/mouldking.store\/wp-content\/uploads\/2022\/05\/K-BOX-10510-Volkswagen-T1-1-150x150.png 150w\" sizes=\"(max-width: 1024px) 100vw, 1024px\" \/><figcaption id=\"caption-attachment-31515\" class=\"wp-caption-text\">K-BOX 10510 Volkswagen T1 g\u1ed3m 2550 c\u00e1i<\/figcaption><\/figure>\n<figure id=\"attachment_31513\" aria-describedby=\"caption-attachment-31513\" style=\"width: 1024px\" class=\"wp-caption aligncenter\"><img loading=\"lazy\" decoding=\"async\" class=\"wp-image-31513 size-full\" src=\"https:\/\/mouldking.store\/wp-content\/uploads\/2022\/05\/K-BOX-10510-Volkswagen-T1-5.png\" alt=\"K-BOX 10510 Volkswagen T1 with 2550 pieces\" width=\"1024\" height=\"1024\" title=\"-\" srcset=\"https:\/\/mouldking.store\/wp-content\/uploads\/2022\/05\/K-BOX-10510-Volkswagen-T1-5.png 1024w, https:\/\/mouldking.store\/wp-content\/uploads\/2022\/05\/K-BOX-10510-Volkswagen-T1-5-300x300.png 300w, https:\/\/mouldking.store\/wp-content\/uploads\/2022\/05\/K-BOX-10510-Volkswagen-T1-5-768x768.png 768w, https:\/\/mouldking.store\/wp-content\/uploads\/2022\/05\/K-BOX-10510-Volkswagen-T1-5-600x600.png 600w, https:\/\/mouldking.store\/wp-content\/uploads\/2022\/05\/K-BOX-10510-Volkswagen-T1-5-150x150.png 150w\" sizes=\"(max-width: 1024px) 100vw, 1024px\" \/><figcaption id=\"caption-attachment-31513\" class=\"wp-caption-text\">K-BOX 10510 Volkswagen T1 g\u1ed3m 2550 c\u00e1i<\/figcaption><\/figure>","protected":false},"excerpt":{"rendered":"<p>Product information: Brand: K-BOX Gender: Unisex Name: Volkswagen T1 Age Range: &gt; 6 years old Model Number: 10510 Classification: Assemblage Plastic Block Shape: Self-Locking Bricks Material: Plastic Plastic Type: ABS Bricks Blocks: 2550 PCS Contains detailed assembly instructions. Notice: 1. Without an original box, but we guarantee our products have quality assurance and nice packaging. [&hellip;]<\/p>","protected":false},"featured_media":31510,"comment_status":"closed","ping_status":"closed","template":"","meta":{"_acf_changed":false},"product_cat":[364],"product_tag":[5512,2969,5510,5509,5508,5513,5511],"class_list":["product","first","instock","shipping-taxable","purchasable","product-type-simple"],"acf":[],"_links":{"self":[{"href":"https:\/\/mouldking.store\/vi\/wp-json\/wp\/v2\/product\/31508","targetHints":{"allow":["GET"]}}],"collection":[{"href":"https:\/\/mouldking.store\/vi\/wp-json\/wp\/v2\/product"}],"about":[{"href":"https:\/\/mouldking.store\/vi\/wp-json\/wp\/v2\/types\/product"}],"replies":[{"embeddable":true,"href":"https:\/\/mouldking.store\/vi\/wp-json\/wp\/v2\/comments?post=31508"}],"wp:featuredmedia":[{"embeddable":true,"href":"https:\/\/mouldking.store\/vi\/wp-json\/wp\/v2\/media\/31510"}],"wp:attachment":[{"href":"https:\/\/mouldking.store\/vi\/wp-json\/wp\/v2\/media?parent=31508"}],"wp:term":[{"taxonomy":"product_cat","embeddable":true,"href":"https:\/\/mouldking.store\/vi\/wp-json\/wp\/v2\/product_cat?post=31508"},{"taxonomy":"product_tag","embeddable":true,"href":"https:\/\/mouldking.store\/vi\/wp-json\/wp\/v2\/product_tag?post=31508"}],"curies":[{"name":"wp","href":"https:\/\/api.w.org\/{rel}","templated":true}]}}