{"id":31516,"date":"2022-05-27T15:30:37","date_gmt":"2022-05-27T08:30:37","guid":{"rendered":"https:\/\/mouldking.store\/?post_type=product&#038;p=31516"},"modified":"2022-05-27T15:30:38","modified_gmt":"2022-05-27T08:30:38","slug":"cada-c61042-18-rc-ferrari-488-pista-with-3187-pieces","status":"publish","type":"product","link":"https:\/\/mouldking.store\/vi\/shop\/cada-c61042-18-rc-ferrari-488-pista-with-3187-pieces\/","title":{"rendered":"CADA C61042 1:8 RC Ferrari 488 Pista v\u1edbi 3187 m\u1ea3nh gh\u00e9p"},"content":{"rendered":"<p>Th\u00f4ng tin s\u1ea3n ph\u1ea9m:<\/p>\n<ol>\n<li>Th\u01b0\u01a1ng hi\u1ec7u: CADA<\/li>\n<li>Gi\u1edbi t\u00ednh: Unisex<\/li>\n<li>T\u00ean: 1:8 RC Ferrari 488 Pista<\/li>\n<li>\u0110\u1ed9 tu\u1ed5i: &gt; 6 tu\u1ed5i<\/li>\n<li>S\u1ed1 m\u00f4 h\u00ecnh: C61042<\/li>\n<li>Ph\u00e2n lo\u1ea1i: T\u1eadp h\u1ee3p<\/li>\n<li>H\u00ecnh d\u1ea1ng kh\u1ed1i nh\u1ef1a: G\u1ea1ch t\u1ef1 kh\u00f3a<\/li>\n<li>Ch\u1ea5t li\u1ec7u: Nh\u1ef1a<\/li>\n<li>Lo\u1ea1i nh\u1ef1a: ABS<\/li>\n<li>Kh\u1ed1i g\u1ea1ch: 3187 C\u00c1I<\/li>\n<li>Ch\u1ee9a h\u01b0\u1edbng d\u1eabn l\u1eafp r\u00e1p chi ti\u1ebft.<\/li>\n<\/ol>\n<p>\u0110\u1ec3 \u00fd:<br \/>\n1. Kh\u00f4ng c\u00f3 h\u1ed9p ban \u0111\u1ea7u, nh\u01b0ng ch\u00fang t\u00f4i \u0111\u1ea3m b\u1ea3o s\u1ea3n ph\u1ea9m c\u1ee7a ch\u00fang t\u00f4i c\u00f3 ch\u1ea5t l\u01b0\u1ee3ng \u0111\u1ea3m b\u1ea3o v\u00e0 bao b\u00ec \u0111\u1eb9p.<br \/>\n2. V\u00ec t\u1ea5t c\u1ea3 c\u00e1c b\u1ed9 ph\u1eadn ch\u00fang t\u00f4i \u0111\u00e3 ki\u1ec3m tra tr\u01b0\u1edbc khi v\u1eadn chuy\u1ec3n, v\u00ec v\u1eady n\u1ebfu b\u1ea1n th\u1ea5y m\u1ed9t s\u1ed1 b\u1ed9 ph\u1eadn b\u1ecb thi\u1ebfu ho\u1eb7c h\u01b0 h\u1ecfng, \u0111\u1eebng lo l\u1eafng v\u00e0 ch\u1ec9 c\u1ea7n vui l\u00f2ng li\u00ean h\u1ec7 v\u1edbi ch\u00fang t\u00f4i v\u00e0 ch\u00fang t\u00f4i c\u00f3 th\u1ec3 g\u1eedi l\u1ea1i mi\u1ec5n ph\u00ed cho b\u1ea1n ngay l\u1eadp t\u1ee9c.<\/p>\n<p>&nbsp;<\/p>\n<figure id=\"attachment_31517\" aria-describedby=\"caption-attachment-31517\" style=\"width: 800px\" class=\"wp-caption aligncenter\"><img fetchpriority=\"high\" decoding=\"async\" class=\"wp-image-31517 size-full\" src=\"https:\/\/mouldking.store\/wp-content\/uploads\/2022\/05\/CADA-C61042-18-RC-Ferrari-488-Pista-1.jpg\" alt=\"CADA C61042 1:8 RC Ferrari 488 Pista with 3187 pieces\" width=\"800\" height=\"800\" title=\"-\" srcset=\"https:\/\/mouldking.store\/wp-content\/uploads\/2022\/05\/CADA-C61042-18-RC-Ferrari-488-Pista-1.jpg 800w, https:\/\/mouldking.store\/wp-content\/uploads\/2022\/05\/CADA-C61042-18-RC-Ferrari-488-Pista-1-300x300.jpg 300w, https:\/\/mouldking.store\/wp-content\/uploads\/2022\/05\/CADA-C61042-18-RC-Ferrari-488-Pista-1-768x768.jpg 768w, https:\/\/mouldking.store\/wp-content\/uploads\/2022\/05\/CADA-C61042-18-RC-Ferrari-488-Pista-1-600x600.jpg 600w, https:\/\/mouldking.store\/wp-content\/uploads\/2022\/05\/CADA-C61042-18-RC-Ferrari-488-Pista-1-150x150.jpg 150w\" sizes=\"(max-width: 800px) 100vw, 800px\" \/><figcaption id=\"caption-attachment-31517\" class=\"wp-caption-text\">CADA C61042 1:8 RC Ferrari 488 Pista v\u1edbi 3187 m\u1ea3nh gh\u00e9p<\/figcaption><\/figure>\n<figure id=\"attachment_31518\" aria-describedby=\"caption-attachment-31518\" style=\"width: 790px\" class=\"wp-caption aligncenter\"><img decoding=\"async\" class=\"wp-image-31518 size-full\" src=\"https:\/\/mouldking.store\/wp-content\/uploads\/2022\/05\/CADA-C61042-18-RC-Ferrari-488-Pista-2.png\" alt=\"CADA C61042 1:8 RC Ferrari 488 Pista with 3187 pieces\" width=\"790\" height=\"743\" title=\"-\" srcset=\"https:\/\/mouldking.store\/wp-content\/uploads\/2022\/05\/CADA-C61042-18-RC-Ferrari-488-Pista-2.png 790w, https:\/\/mouldking.store\/wp-content\/uploads\/2022\/05\/CADA-C61042-18-RC-Ferrari-488-Pista-2-300x282.png 300w, https:\/\/mouldking.store\/wp-content\/uploads\/2022\/05\/CADA-C61042-18-RC-Ferrari-488-Pista-2-768x722.png 768w, https:\/\/mouldking.store\/wp-content\/uploads\/2022\/05\/CADA-C61042-18-RC-Ferrari-488-Pista-2-600x564.png 600w, https:\/\/mouldking.store\/wp-content\/uploads\/2022\/05\/CADA-C61042-18-RC-Ferrari-488-Pista-2-150x141.png 150w\" sizes=\"(max-width: 790px) 100vw, 790px\" \/><figcaption id=\"caption-attachment-31518\" class=\"wp-caption-text\">CADA C61042 1:8 RC Ferrari 488 Pista v\u1edbi 3187 m\u1ea3nh gh\u00e9p<\/figcaption><\/figure>\n<figure id=\"attachment_31523\" aria-describedby=\"caption-attachment-31523\" style=\"width: 532px\" class=\"wp-caption aligncenter\"><img decoding=\"async\" class=\"wp-image-31523 size-full\" src=\"https:\/\/mouldking.store\/wp-content\/uploads\/2022\/05\/CADA-C61042-18-RC-Ferrari-488-Pista-7.png\" alt=\"CADA C61042 1:8 RC Ferrari 488 Pista with 3187 pieces\" width=\"532\" height=\"1024\" title=\"-\" srcset=\"https:\/\/mouldking.store\/wp-content\/uploads\/2022\/05\/CADA-C61042-18-RC-Ferrari-488-Pista-7.png 532w, https:\/\/mouldking.store\/wp-content\/uploads\/2022\/05\/CADA-C61042-18-RC-Ferrari-488-Pista-7-156x300.png 156w, https:\/\/mouldking.store\/wp-content\/uploads\/2022\/05\/CADA-C61042-18-RC-Ferrari-488-Pista-7-300x577.png 300w, https:\/\/mouldking.store\/wp-content\/uploads\/2022\/05\/CADA-C61042-18-RC-Ferrari-488-Pista-7-78x150.png 78w\" sizes=\"(max-width: 532px) 100vw, 532px\" \/><figcaption id=\"caption-attachment-31523\" class=\"wp-caption-text\">CADA C61042 1:8 RC Ferrari 488 Pista v\u1edbi 3187 m\u1ea3nh gh\u00e9p<\/figcaption><\/figure>\n<figure id=\"attachment_31529\" aria-describedby=\"caption-attachment-31529\" style=\"width: 705px\" class=\"wp-caption aligncenter\"><img loading=\"lazy\" decoding=\"async\" class=\"wp-image-31529 size-full\" src=\"https:\/\/mouldking.store\/wp-content\/uploads\/2022\/05\/CADA-C61042-18-RC-Ferrari-488-Pista-1.png\" alt=\"CADA C61042 1:8 RC Ferrari 488 Pista with 3187 pieces\" width=\"705\" height=\"1024\" title=\"-\" srcset=\"https:\/\/mouldking.store\/wp-content\/uploads\/2022\/05\/CADA-C61042-18-RC-Ferrari-488-Pista-1.png 705w, https:\/\/mouldking.store\/wp-content\/uploads\/2022\/05\/CADA-C61042-18-RC-Ferrari-488-Pista-1-207x300.png 207w, https:\/\/mouldking.store\/wp-content\/uploads\/2022\/05\/CADA-C61042-18-RC-Ferrari-488-Pista-1-300x436.png 300w, https:\/\/mouldking.store\/wp-content\/uploads\/2022\/05\/CADA-C61042-18-RC-Ferrari-488-Pista-1-600x871.png 600w, https:\/\/mouldking.store\/wp-content\/uploads\/2022\/05\/CADA-C61042-18-RC-Ferrari-488-Pista-1-103x150.png 103w\" sizes=\"(max-width: 705px) 100vw, 705px\" \/><figcaption id=\"caption-attachment-31529\" class=\"wp-caption-text\">CADA C61042 1:8 RC Ferrari 488 Pista v\u1edbi 3187 m\u1ea3nh gh\u00e9p<\/figcaption><\/figure>\n<figure id=\"attachment_31519\" aria-describedby=\"caption-attachment-31519\" style=\"width: 465px\" class=\"wp-caption aligncenter\"><img loading=\"lazy\" decoding=\"async\" class=\"wp-image-31519 size-full\" src=\"https:\/\/mouldking.store\/wp-content\/uploads\/2022\/05\/CADA-C61042-18-RC-Ferrari-488-Pista-3.png\" alt=\"CADA C61042 1:8 RC Ferrari 488 Pista with 3187 pieces\" width=\"465\" height=\"1024\" title=\"-\" srcset=\"https:\/\/mouldking.store\/wp-content\/uploads\/2022\/05\/CADA-C61042-18-RC-Ferrari-488-Pista-3.png 465w, https:\/\/mouldking.store\/wp-content\/uploads\/2022\/05\/CADA-C61042-18-RC-Ferrari-488-Pista-3-136x300.png 136w, https:\/\/mouldking.store\/wp-content\/uploads\/2022\/05\/CADA-C61042-18-RC-Ferrari-488-Pista-3-300x661.png 300w, https:\/\/mouldking.store\/wp-content\/uploads\/2022\/05\/CADA-C61042-18-RC-Ferrari-488-Pista-3-68x150.png 68w\" sizes=\"(max-width: 465px) 100vw, 465px\" \/><figcaption id=\"caption-attachment-31519\" class=\"wp-caption-text\">CADA C61042 1:8 RC Ferrari 488 Pista v\u1edbi 3187 m\u1ea3nh gh\u00e9p<\/figcaption><\/figure>\n<figure id=\"attachment_31520\" aria-describedby=\"caption-attachment-31520\" style=\"width: 747px\" class=\"wp-caption aligncenter\"><img loading=\"lazy\" decoding=\"async\" class=\"wp-image-31520 size-full\" src=\"https:\/\/mouldking.store\/wp-content\/uploads\/2022\/05\/CADA-C61042-18-RC-Ferrari-488-Pista-4.png\" alt=\"CADA C61042 1:8 RC Ferrari 488 Pista with 3187 pieces\" width=\"747\" height=\"1024\" title=\"-\" srcset=\"https:\/\/mouldking.store\/wp-content\/uploads\/2022\/05\/CADA-C61042-18-RC-Ferrari-488-Pista-4.png 747w, https:\/\/mouldking.store\/wp-content\/uploads\/2022\/05\/CADA-C61042-18-RC-Ferrari-488-Pista-4-219x300.png 219w, https:\/\/mouldking.store\/wp-content\/uploads\/2022\/05\/CADA-C61042-18-RC-Ferrari-488-Pista-4-300x411.png 300w, https:\/\/mouldking.store\/wp-content\/uploads\/2022\/05\/CADA-C61042-18-RC-Ferrari-488-Pista-4-600x822.png 600w, https:\/\/mouldking.store\/wp-content\/uploads\/2022\/05\/CADA-C61042-18-RC-Ferrari-488-Pista-4-109x150.png 109w\" sizes=\"(max-width: 747px) 100vw, 747px\" \/><figcaption id=\"caption-attachment-31520\" class=\"wp-caption-text\">CADA C61042 1:8 RC Ferrari 488 Pista v\u1edbi 3187 m\u1ea3nh gh\u00e9p<\/figcaption><\/figure>\n<figure id=\"attachment_31521\" aria-describedby=\"caption-attachment-31521\" style=\"width: 593px\" class=\"wp-caption aligncenter\"><img loading=\"lazy\" decoding=\"async\" class=\"wp-image-31521 size-full\" src=\"https:\/\/mouldking.store\/wp-content\/uploads\/2022\/05\/CADA-C61042-18-RC-Ferrari-488-Pista-5.png\" alt=\"CADA C61042 1:8 RC Ferrari 488 Pista with 3187 pieces\" width=\"593\" height=\"1024\" title=\"-\" srcset=\"https:\/\/mouldking.store\/wp-content\/uploads\/2022\/05\/CADA-C61042-18-RC-Ferrari-488-Pista-5.png 593w, https:\/\/mouldking.store\/wp-content\/uploads\/2022\/05\/CADA-C61042-18-RC-Ferrari-488-Pista-5-174x300.png 174w, https:\/\/mouldking.store\/wp-content\/uploads\/2022\/05\/CADA-C61042-18-RC-Ferrari-488-Pista-5-300x518.png 300w, https:\/\/mouldking.store\/wp-content\/uploads\/2022\/05\/CADA-C61042-18-RC-Ferrari-488-Pista-5-87x150.png 87w\" sizes=\"(max-width: 593px) 100vw, 593px\" \/><figcaption id=\"caption-attachment-31521\" class=\"wp-caption-text\">CADA C61042 1:8 RC Ferrari 488 Pista v\u1edbi 3187 m\u1ea3nh gh\u00e9p<\/figcaption><\/figure>\n<figure id=\"attachment_31522\" aria-describedby=\"caption-attachment-31522\" style=\"width: 790px\" class=\"wp-caption aligncenter\"><img loading=\"lazy\" decoding=\"async\" class=\"wp-image-31522 size-full\" src=\"https:\/\/mouldking.store\/wp-content\/uploads\/2022\/05\/CADA-C61042-18-RC-Ferrari-488-Pista-6.png\" alt=\"CADA C61042 1:8 RC Ferrari 488 Pista with 3187 pieces\" width=\"790\" height=\"615\" title=\"-\" srcset=\"https:\/\/mouldking.store\/wp-content\/uploads\/2022\/05\/CADA-C61042-18-RC-Ferrari-488-Pista-6.png 790w, https:\/\/mouldking.store\/wp-content\/uploads\/2022\/05\/CADA-C61042-18-RC-Ferrari-488-Pista-6-300x234.png 300w, https:\/\/mouldking.store\/wp-content\/uploads\/2022\/05\/CADA-C61042-18-RC-Ferrari-488-Pista-6-768x598.png 768w, https:\/\/mouldking.store\/wp-content\/uploads\/2022\/05\/CADA-C61042-18-RC-Ferrari-488-Pista-6-600x467.png 600w, https:\/\/mouldking.store\/wp-content\/uploads\/2022\/05\/CADA-C61042-18-RC-Ferrari-488-Pista-6-150x117.png 150w\" sizes=\"(max-width: 790px) 100vw, 790px\" \/><figcaption id=\"caption-attachment-31522\" class=\"wp-caption-text\">CADA C61042 1:8 RC Ferrari 488 Pista v\u1edbi 3187 m\u1ea3nh gh\u00e9p<\/figcaption><\/figure>\n<figure id=\"attachment_31527\" aria-describedby=\"caption-attachment-31527\" style=\"width: 626px\" class=\"wp-caption aligncenter\"><img loading=\"lazy\" decoding=\"async\" class=\"wp-image-31527 size-full\" src=\"https:\/\/mouldking.store\/wp-content\/uploads\/2022\/05\/CADA-C61042-18-RC-Ferrari-488-Pista-11.png\" alt=\"CADA C61042 1:8 RC Ferrari 488 Pista with 3187 pieces\" width=\"626\" height=\"1024\" title=\"-\" srcset=\"https:\/\/mouldking.store\/wp-content\/uploads\/2022\/05\/CADA-C61042-18-RC-Ferrari-488-Pista-11.png 626w, https:\/\/mouldking.store\/wp-content\/uploads\/2022\/05\/CADA-C61042-18-RC-Ferrari-488-Pista-11-183x300.png 183w, https:\/\/mouldking.store\/wp-content\/uploads\/2022\/05\/CADA-C61042-18-RC-Ferrari-488-Pista-11-300x491.png 300w, https:\/\/mouldking.store\/wp-content\/uploads\/2022\/05\/CADA-C61042-18-RC-Ferrari-488-Pista-11-600x981.png 600w, https:\/\/mouldking.store\/wp-content\/uploads\/2022\/05\/CADA-C61042-18-RC-Ferrari-488-Pista-11-92x150.png 92w\" sizes=\"(max-width: 626px) 100vw, 626px\" \/><figcaption id=\"caption-attachment-31527\" class=\"wp-caption-text\">CADA C61042 1:8 RC Ferrari 488 Pista v\u1edbi 3187 m\u1ea3nh gh\u00e9p<\/figcaption><\/figure>\n<figure id=\"attachment_31526\" aria-describedby=\"caption-attachment-31526\" style=\"width: 556px\" class=\"wp-caption aligncenter\"><img loading=\"lazy\" decoding=\"async\" class=\"wp-image-31526 size-full\" src=\"https:\/\/mouldking.store\/wp-content\/uploads\/2022\/05\/CADA-C61042-18-RC-Ferrari-488-Pista-10.png\" alt=\"CADA C61042 1:8 RC Ferrari 488 Pista with 3187 pieces\" width=\"556\" height=\"1024\" title=\"-\" srcset=\"https:\/\/mouldking.store\/wp-content\/uploads\/2022\/05\/CADA-C61042-18-RC-Ferrari-488-Pista-10.png 556w, https:\/\/mouldking.store\/wp-content\/uploads\/2022\/05\/CADA-C61042-18-RC-Ferrari-488-Pista-10-163x300.png 163w, https:\/\/mouldking.store\/wp-content\/uploads\/2022\/05\/CADA-C61042-18-RC-Ferrari-488-Pista-10-300x553.png 300w, https:\/\/mouldking.store\/wp-content\/uploads\/2022\/05\/CADA-C61042-18-RC-Ferrari-488-Pista-10-81x150.png 81w\" sizes=\"(max-width: 556px) 100vw, 556px\" \/><figcaption id=\"caption-attachment-31526\" class=\"wp-caption-text\">CADA C61042 1:8 RC Ferrari 488 Pista v\u1edbi 3187 m\u1ea3nh gh\u00e9p<\/figcaption><\/figure>\n<figure id=\"attachment_31524\" aria-describedby=\"caption-attachment-31524\" style=\"width: 760px\" class=\"wp-caption aligncenter\"><img loading=\"lazy\" decoding=\"async\" class=\"wp-image-31524 size-full\" src=\"https:\/\/mouldking.store\/wp-content\/uploads\/2022\/05\/CADA-C61042-18-RC-Ferrari-488-Pista-8.png\" alt=\"CADA C61042 1:8 RC Ferrari 488 Pista with 3187 pieces\" width=\"760\" height=\"1024\" title=\"-\" srcset=\"https:\/\/mouldking.store\/wp-content\/uploads\/2022\/05\/CADA-C61042-18-RC-Ferrari-488-Pista-8.png 760w, https:\/\/mouldking.store\/wp-content\/uploads\/2022\/05\/CADA-C61042-18-RC-Ferrari-488-Pista-8-223x300.png 223w, https:\/\/mouldking.store\/wp-content\/uploads\/2022\/05\/CADA-C61042-18-RC-Ferrari-488-Pista-8-300x404.png 300w, https:\/\/mouldking.store\/wp-content\/uploads\/2022\/05\/CADA-C61042-18-RC-Ferrari-488-Pista-8-600x808.png 600w, https:\/\/mouldking.store\/wp-content\/uploads\/2022\/05\/CADA-C61042-18-RC-Ferrari-488-Pista-8-111x150.png 111w\" sizes=\"(max-width: 760px) 100vw, 760px\" \/><figcaption id=\"caption-attachment-31524\" class=\"wp-caption-text\">CADA C61042 1:8 RC Ferrari 488 Pista v\u1edbi 3187 m\u1ea3nh gh\u00e9p<\/figcaption><\/figure>\n<figure id=\"attachment_31528\" aria-describedby=\"caption-attachment-31528\" style=\"width: 594px\" class=\"wp-caption aligncenter\"><img loading=\"lazy\" decoding=\"async\" class=\"wp-image-31528 size-full\" src=\"https:\/\/mouldking.store\/wp-content\/uploads\/2022\/05\/CADA-C61042-18-RC-Ferrari-488-Pista-12.png\" alt=\"CADA C61042 1:8 RC Ferrari 488 Pista with 3187 pieces\" width=\"594\" height=\"1024\" title=\"-\" srcset=\"https:\/\/mouldking.store\/wp-content\/uploads\/2022\/05\/CADA-C61042-18-RC-Ferrari-488-Pista-12.png 594w, https:\/\/mouldking.store\/wp-content\/uploads\/2022\/05\/CADA-C61042-18-RC-Ferrari-488-Pista-12-174x300.png 174w, https:\/\/mouldking.store\/wp-content\/uploads\/2022\/05\/CADA-C61042-18-RC-Ferrari-488-Pista-12-300x517.png 300w, https:\/\/mouldking.store\/wp-content\/uploads\/2022\/05\/CADA-C61042-18-RC-Ferrari-488-Pista-12-87x150.png 87w\" sizes=\"(max-width: 594px) 100vw, 594px\" \/><figcaption id=\"caption-attachment-31528\" class=\"wp-caption-text\">CADA C61042 1:8 RC Ferrari 488 Pista v\u1edbi 3187 m\u1ea3nh gh\u00e9p<\/figcaption><\/figure>\n<figure id=\"attachment_31525\" aria-describedby=\"caption-attachment-31525\" style=\"width: 693px\" class=\"wp-caption aligncenter\"><img loading=\"lazy\" decoding=\"async\" class=\"wp-image-31525 size-full\" src=\"https:\/\/mouldking.store\/wp-content\/uploads\/2022\/05\/CADA-C61042-18-RC-Ferrari-488-Pista-9.png\" alt=\"CADA C61042 1:8 RC Ferrari 488 Pista with 3187 pieces\" width=\"693\" height=\"1024\" title=\"-\" srcset=\"https:\/\/mouldking.store\/wp-content\/uploads\/2022\/05\/CADA-C61042-18-RC-Ferrari-488-Pista-9.png 693w, https:\/\/mouldking.store\/wp-content\/uploads\/2022\/05\/CADA-C61042-18-RC-Ferrari-488-Pista-9-203x300.png 203w, https:\/\/mouldking.store\/wp-content\/uploads\/2022\/05\/CADA-C61042-18-RC-Ferrari-488-Pista-9-300x443.png 300w, https:\/\/mouldking.store\/wp-content\/uploads\/2022\/05\/CADA-C61042-18-RC-Ferrari-488-Pista-9-600x887.png 600w, https:\/\/mouldking.store\/wp-content\/uploads\/2022\/05\/CADA-C61042-18-RC-Ferrari-488-Pista-9-102x150.png 102w\" sizes=\"(max-width: 693px) 100vw, 693px\" \/><figcaption id=\"caption-attachment-31525\" class=\"wp-caption-text\">CADA C61042 1:8 RC Ferrari 488 Pista v\u1edbi 3187 m\u1ea3nh gh\u00e9p<\/figcaption><\/figure>","protected":false},"excerpt":{"rendered":"<p>Product information: Brand: CADA Gender: Unisex Name: 1:8 RC Ferrari 488 Pista Age Range: &gt; 6 years old Model Number: C61042 Classification: Assemblage Plastic Block Shape: Self-Locking Bricks Material: Plastic Plastic Type: ABS Bricks Blocks: 3187 PCS Contains detailed assembly instructions. Notice: 1. Without an original box, but we guarantee our products have quality assurance [&hellip;]<\/p>","protected":false},"featured_media":31517,"comment_status":"closed","ping_status":"closed","template":"","meta":{"_acf_changed":false},"product_cat":[364],"product_tag":[5517,5518,1916,5516,5515,5514,1585,5520,5519],"class_list":["product","first","instock","shipping-taxable","purchasable","product-type-simple"],"acf":[],"_links":{"self":[{"href":"https:\/\/mouldking.store\/vi\/wp-json\/wp\/v2\/product\/31516","targetHints":{"allow":["GET"]}}],"collection":[{"href":"https:\/\/mouldking.store\/vi\/wp-json\/wp\/v2\/product"}],"about":[{"href":"https:\/\/mouldking.store\/vi\/wp-json\/wp\/v2\/types\/product"}],"replies":[{"embeddable":true,"href":"https:\/\/mouldking.store\/vi\/wp-json\/wp\/v2\/comments?post=31516"}],"wp:featuredmedia":[{"embeddable":true,"href":"https:\/\/mouldking.store\/vi\/wp-json\/wp\/v2\/media\/31517"}],"wp:attachment":[{"href":"https:\/\/mouldking.store\/vi\/wp-json\/wp\/v2\/media?parent=31516"}],"wp:term":[{"taxonomy":"product_cat","embeddable":true,"href":"https:\/\/mouldking.store\/vi\/wp-json\/wp\/v2\/product_cat?post=31516"},{"taxonomy":"product_tag","embeddable":true,"href":"https:\/\/mouldking.store\/vi\/wp-json\/wp\/v2\/product_tag?post=31516"}],"curies":[{"name":"wp","href":"https:\/\/api.w.org\/{rel}","templated":true}]}}