{"id":31551,"date":"2022-05-27T15:53:02","date_gmt":"2022-05-27T08:53:02","guid":{"rendered":"https:\/\/mouldking.store\/?post_type=product&#038;p=31551"},"modified":"2022-05-27T15:53:03","modified_gmt":"2022-05-27T08:53:03","slug":"tgl-t4020-ducati-15-motorcycle-with-1809-pieces","status":"publish","type":"product","link":"https:\/\/mouldking.store\/vi\/shop\/tgl-t4020-ducati-15-motorcycle-with-1809-pieces\/","title":{"rendered":"TGL T4020 M\u00f4 t\u00f4 Ducati t\u1ef7 l\u1ec7 1:5 v\u1edbi 1809 m\u1ea3nh gh\u00e9p"},"content":{"rendered":"<p>Th\u00f4ng tin s\u1ea3n ph\u1ea9m:<\/p>\n<ol>\n<li>Th\u01b0\u01a1ng hi\u1ec7u: TGL<\/li>\n<li>Gi\u1edbi t\u00ednh: Unisex<\/li>\n<li>T\u00ean: Xe ben RC<\/li>\n<li>\u0110\u1ed9 tu\u1ed5i: &gt; 6 tu\u1ed5i<\/li>\n<li>S\u1ed1 m\u00f4 h\u00ecnh: T4020<\/li>\n<li>Ph\u00e2n lo\u1ea1i: T\u1eadp h\u1ee3p<\/li>\n<li>H\u00ecnh d\u1ea1ng kh\u1ed1i nh\u1ef1a: G\u1ea1ch t\u1ef1 kh\u00f3a<\/li>\n<li>Ch\u1ea5t li\u1ec7u: Nh\u1ef1a<\/li>\n<li>Lo\u1ea1i nh\u1ef1a: ABS<\/li>\n<li>Kh\u1ed1i g\u1ea1ch: 1809 C\u00c1I<\/li>\n<li>Ch\u1ee9a h\u01b0\u1edbng d\u1eabn l\u1eafp r\u00e1p chi ti\u1ebft.<\/li>\n<\/ol>\n<p>\u0110\u1ec3 \u00fd:<br \/>\n1. Kh\u00f4ng c\u00f3 h\u1ed9p ban \u0111\u1ea7u, nh\u01b0ng ch\u00fang t\u00f4i \u0111\u1ea3m b\u1ea3o s\u1ea3n ph\u1ea9m c\u1ee7a ch\u00fang t\u00f4i c\u00f3 ch\u1ea5t l\u01b0\u1ee3ng \u0111\u1ea3m b\u1ea3o v\u00e0 bao b\u00ec \u0111\u1eb9p.<br \/>\n2. V\u00ec t\u1ea5t c\u1ea3 c\u00e1c b\u1ed9 ph\u1eadn ch\u00fang t\u00f4i \u0111\u00e3 ki\u1ec3m tra tr\u01b0\u1edbc khi v\u1eadn chuy\u1ec3n, v\u00ec v\u1eady n\u1ebfu b\u1ea1n th\u1ea5y m\u1ed9t s\u1ed1 b\u1ed9 ph\u1eadn b\u1ecb thi\u1ebfu ho\u1eb7c h\u01b0 h\u1ecfng, \u0111\u1eebng lo l\u1eafng v\u00e0 ch\u1ec9 c\u1ea7n vui l\u00f2ng li\u00ean h\u1ec7 v\u1edbi ch\u00fang t\u00f4i v\u00e0 ch\u00fang t\u00f4i c\u00f3 th\u1ec3 g\u1eedi l\u1ea1i mi\u1ec5n ph\u00ed cho b\u1ea1n ngay l\u1eadp t\u1ee9c.<\/p>\n<p>&nbsp;<\/p>\n<figure id=\"attachment_31552\" aria-describedby=\"caption-attachment-31552\" style=\"width: 800px\" class=\"wp-caption aligncenter\"><img fetchpriority=\"high\" decoding=\"async\" class=\"wp-image-31552 size-full\" src=\"https:\/\/mouldking.store\/wp-content\/uploads\/2022\/05\/TaiGaoLe-T4020R-Ducati-1299-Panigale-S-15-2.png\" alt=\"TGL T4020 Ducati 1:5 Motorcycle with 1809 pieces\" width=\"800\" height=\"800\" title=\"-\" srcset=\"https:\/\/mouldking.store\/wp-content\/uploads\/2022\/05\/TaiGaoLe-T4020R-Ducati-1299-Panigale-S-15-2.png 800w, https:\/\/mouldking.store\/wp-content\/uploads\/2022\/05\/TaiGaoLe-T4020R-Ducati-1299-Panigale-S-15-2-300x300.png 300w, https:\/\/mouldking.store\/wp-content\/uploads\/2022\/05\/TaiGaoLe-T4020R-Ducati-1299-Panigale-S-15-2-768x768.png 768w, https:\/\/mouldking.store\/wp-content\/uploads\/2022\/05\/TaiGaoLe-T4020R-Ducati-1299-Panigale-S-15-2-600x600.png 600w, https:\/\/mouldking.store\/wp-content\/uploads\/2022\/05\/TaiGaoLe-T4020R-Ducati-1299-Panigale-S-15-2-150x150.png 150w\" sizes=\"(max-width: 800px) 100vw, 800px\" \/><figcaption id=\"caption-attachment-31552\" class=\"wp-caption-text\">TGL T4020 M\u00f4 t\u00f4 Ducati t\u1ef7 l\u1ec7 1:5 v\u1edbi 1809 m\u1ea3nh gh\u00e9p<\/figcaption><\/figure>\n<figure id=\"attachment_31553\" aria-describedby=\"caption-attachment-31553\" style=\"width: 800px\" class=\"wp-caption aligncenter\"><img decoding=\"async\" class=\"wp-image-31553 size-full\" src=\"https:\/\/mouldking.store\/wp-content\/uploads\/2022\/05\/TaiGaoLe-T4020R-Ducati-1299-Panigale-S-15-3.png\" alt=\"TGL T4020 Ducati 1:5 Motorcycle with 1809 pieces\" width=\"800\" height=\"800\" title=\"-\" srcset=\"https:\/\/mouldking.store\/wp-content\/uploads\/2022\/05\/TaiGaoLe-T4020R-Ducati-1299-Panigale-S-15-3.png 800w, https:\/\/mouldking.store\/wp-content\/uploads\/2022\/05\/TaiGaoLe-T4020R-Ducati-1299-Panigale-S-15-3-300x300.png 300w, https:\/\/mouldking.store\/wp-content\/uploads\/2022\/05\/TaiGaoLe-T4020R-Ducati-1299-Panigale-S-15-3-768x768.png 768w, https:\/\/mouldking.store\/wp-content\/uploads\/2022\/05\/TaiGaoLe-T4020R-Ducati-1299-Panigale-S-15-3-600x600.png 600w, https:\/\/mouldking.store\/wp-content\/uploads\/2022\/05\/TaiGaoLe-T4020R-Ducati-1299-Panigale-S-15-3-150x150.png 150w\" sizes=\"(max-width: 800px) 100vw, 800px\" \/><figcaption id=\"caption-attachment-31553\" class=\"wp-caption-text\">TGL T4020 M\u00f4 t\u00f4 Ducati t\u1ef7 l\u1ec7 1:5 v\u1edbi 1809 m\u1ea3nh gh\u00e9p<\/figcaption><\/figure>\n<figure id=\"attachment_31554\" aria-describedby=\"caption-attachment-31554\" style=\"width: 800px\" class=\"wp-caption aligncenter\"><img decoding=\"async\" class=\"wp-image-31554 size-full\" src=\"https:\/\/mouldking.store\/wp-content\/uploads\/2022\/05\/TaiGaoLe-T4020R-Ducati-1299-Panigale-S-15-1.png\" alt=\"TGL T4020 Ducati 1:5 Motorcycle with 1809 pieces\" width=\"800\" height=\"800\" title=\"-\" srcset=\"https:\/\/mouldking.store\/wp-content\/uploads\/2022\/05\/TaiGaoLe-T4020R-Ducati-1299-Panigale-S-15-1.png 800w, https:\/\/mouldking.store\/wp-content\/uploads\/2022\/05\/TaiGaoLe-T4020R-Ducati-1299-Panigale-S-15-1-300x300.png 300w, https:\/\/mouldking.store\/wp-content\/uploads\/2022\/05\/TaiGaoLe-T4020R-Ducati-1299-Panigale-S-15-1-768x768.png 768w, https:\/\/mouldking.store\/wp-content\/uploads\/2022\/05\/TaiGaoLe-T4020R-Ducati-1299-Panigale-S-15-1-600x600.png 600w, https:\/\/mouldking.store\/wp-content\/uploads\/2022\/05\/TaiGaoLe-T4020R-Ducati-1299-Panigale-S-15-1-150x150.png 150w\" sizes=\"(max-width: 800px) 100vw, 800px\" \/><figcaption id=\"caption-attachment-31554\" class=\"wp-caption-text\">TGL T4020 M\u00f4 t\u00f4 Ducati t\u1ef7 l\u1ec7 1:5 v\u1edbi 1809 m\u1ea3nh gh\u00e9p<\/figcaption><\/figure>","protected":false},"excerpt":{"rendered":"<p>Product information: Brand: TGL Gender: Unisex Name: RC Dump Truck Age Range: &gt; 6 years old Model Number: T4020 Classification: Assemblage Plastic Block Shape: Self-Locking Bricks Material: Plastic Plastic Type: ABS Bricks Blocks: 1809 PCS Contains detailed assembly instructions. Notice: 1. Without an original box, but we guarantee our products have quality assurance and nice [&hellip;]<\/p>","protected":false},"featured_media":31552,"comment_status":"closed","ping_status":"closed","template":"","meta":{"_acf_changed":false},"product_cat":[364],"product_tag":[5553,5551,2449,5552,2739,5550,5549,5548],"class_list":["product","first","instock","shipping-taxable","purchasable","product-type-simple"],"acf":[],"_links":{"self":[{"href":"https:\/\/mouldking.store\/vi\/wp-json\/wp\/v2\/product\/31551","targetHints":{"allow":["GET"]}}],"collection":[{"href":"https:\/\/mouldking.store\/vi\/wp-json\/wp\/v2\/product"}],"about":[{"href":"https:\/\/mouldking.store\/vi\/wp-json\/wp\/v2\/types\/product"}],"replies":[{"embeddable":true,"href":"https:\/\/mouldking.store\/vi\/wp-json\/wp\/v2\/comments?post=31551"}],"wp:featuredmedia":[{"embeddable":true,"href":"https:\/\/mouldking.store\/vi\/wp-json\/wp\/v2\/media\/31552"}],"wp:attachment":[{"href":"https:\/\/mouldking.store\/vi\/wp-json\/wp\/v2\/media?parent=31551"}],"wp:term":[{"taxonomy":"product_cat","embeddable":true,"href":"https:\/\/mouldking.store\/vi\/wp-json\/wp\/v2\/product_cat?post=31551"},{"taxonomy":"product_tag","embeddable":true,"href":"https:\/\/mouldking.store\/vi\/wp-json\/wp\/v2\/product_tag?post=31551"}],"curies":[{"name":"wp","href":"https:\/\/api.w.org\/{rel}","templated":true}]}}