{"id":31595,"date":"2022-05-27T16:27:37","date_gmt":"2022-05-27T09:27:37","guid":{"rendered":"https:\/\/mouldking.store\/?post_type=product&#038;p=31595"},"modified":"2025-12-25T09:12:30","modified_gmt":"2025-12-25T02:12:30","slug":"moc-89669-horizon-forbidden-west-tallneck-light-kit-for-76989-with-1222-pieces","status":"publish","type":"product","link":"https:\/\/mouldking.store\/vi\/shop\/moc-89669-horizon-forbidden-west-tallneck-light-kit-for-76989-with-1222-pieces\/","title":{"rendered":"MOC-89669 Horizon Forbidden West: B\u1ed9 \u0111\u00e8n c\u1ed5 cao cho 76989 v\u1edbi 1222 mi\u1ebfng"},"content":{"rendered":"<p>Th\u00f4ng tin s\u1ea3n ph\u1ea9m:<\/p>\n<ol>\n<li>Th\u01b0\u01a1ng hi\u1ec7u: M\u1ed8C<\/li>\n<li>Gi\u1edbi t\u00ednh: Unisex<\/li>\n<li>Name: Horizon Forbidden West: Tallneck Light Kit for 76989<\/li>\n<li>\u0110\u1ed9 tu\u1ed5i: &gt; 6 tu\u1ed5i<\/li>\n<li>Model Number: MOC-89669<\/li>\n<li>Ph\u00e2n lo\u1ea1i: T\u1eadp h\u1ee3p<\/li>\n<li>H\u00ecnh d\u1ea1ng kh\u1ed1i nh\u1ef1a: G\u1ea1ch t\u1ef1 kh\u00f3a<\/li>\n<li>Ch\u1ea5t li\u1ec7u: Nh\u1ef1a<\/li>\n<li>Lo\u1ea1i nh\u1ef1a: ABS<\/li>\n<li>Bricks Blocks: 1222 PCS<\/li>\n<li>Ch\u1ee9a h\u01b0\u1edbng d\u1eabn l\u1eafp r\u00e1p chi ti\u1ebft.<\/li>\n<\/ol>\n<p>\u0110\u1ec3 \u00fd:<br \/>\n1. Kh\u00f4ng c\u00f3 h\u1ed9p ban \u0111\u1ea7u, nh\u01b0ng ch\u00fang t\u00f4i \u0111\u1ea3m b\u1ea3o s\u1ea3n ph\u1ea9m c\u1ee7a ch\u00fang t\u00f4i c\u00f3 ch\u1ea5t l\u01b0\u1ee3ng \u0111\u1ea3m b\u1ea3o v\u00e0 bao b\u00ec \u0111\u1eb9p.<br \/>\n2. V\u00ec t\u1ea5t c\u1ea3 c\u00e1c b\u1ed9 ph\u1eadn ch\u00fang t\u00f4i \u0111\u00e3 ki\u1ec3m tra tr\u01b0\u1edbc khi v\u1eadn chuy\u1ec3n, v\u00ec v\u1eady n\u1ebfu b\u1ea1n th\u1ea5y m\u1ed9t s\u1ed1 b\u1ed9 ph\u1eadn b\u1ecb thi\u1ebfu ho\u1eb7c h\u01b0 h\u1ecfng, \u0111\u1eebng lo l\u1eafng v\u00e0 ch\u1ec9 c\u1ea7n vui l\u00f2ng li\u00ean h\u1ec7 v\u1edbi ch\u00fang t\u00f4i v\u00e0 ch\u00fang t\u00f4i c\u00f3 th\u1ec3 g\u1eedi l\u1ea1i mi\u1ec5n ph\u00ed cho b\u1ea1n ngay l\u1eadp t\u1ee9c.<\/p>\n<p>&nbsp;<\/p>\n<figure id=\"attachment_31596\" aria-describedby=\"caption-attachment-31596\" style=\"width: 1024px\" class=\"wp-caption aligncenter\"><img fetchpriority=\"high\" decoding=\"async\" class=\"wp-image-31596 size-large\" src=\"https:\/\/mouldking.store\/wp-content\/uploads\/2022\/05\/MOCBRICKLAND-MOC-89669-Horizon-Forbidden-West-Tallneck-Light-Kit-for-76989-3-1024x1024.jpg\" alt=\"MOC-89669 Horizon Forbidden West: Tallneck Light Kit for 76989 with 1222 pieces\" width=\"1024\" height=\"1024\" title=\"-\" srcset=\"https:\/\/mouldking.store\/wp-content\/uploads\/2022\/05\/MOCBRICKLAND-MOC-89669-Horizon-Forbidden-West-Tallneck-Light-Kit-for-76989-3-1024x1024.jpg 1024w, https:\/\/mouldking.store\/wp-content\/uploads\/2022\/05\/MOCBRICKLAND-MOC-89669-Horizon-Forbidden-West-Tallneck-Light-Kit-for-76989-3-300x300.jpg 300w, https:\/\/mouldking.store\/wp-content\/uploads\/2022\/05\/MOCBRICKLAND-MOC-89669-Horizon-Forbidden-West-Tallneck-Light-Kit-for-76989-3-768x768.jpg 768w, https:\/\/mouldking.store\/wp-content\/uploads\/2022\/05\/MOCBRICKLAND-MOC-89669-Horizon-Forbidden-West-Tallneck-Light-Kit-for-76989-3-600x600.jpg 600w, https:\/\/mouldking.store\/wp-content\/uploads\/2022\/05\/MOCBRICKLAND-MOC-89669-Horizon-Forbidden-West-Tallneck-Light-Kit-for-76989-3-150x150.jpg 150w, https:\/\/mouldking.store\/wp-content\/uploads\/2022\/05\/MOCBRICKLAND-MOC-89669-Horizon-Forbidden-West-Tallneck-Light-Kit-for-76989-3.jpg 1200w\" sizes=\"(max-width: 1024px) 100vw, 1024px\" \/><figcaption id=\"caption-attachment-31596\" class=\"wp-caption-text\">MOC-89669 Horizon Forbidden West: B\u1ed9 \u0111\u00e8n c\u1ed5 cao cho 76989 v\u1edbi 1222 mi\u1ebfng<\/figcaption><\/figure>\n<figure id=\"attachment_31597\" aria-describedby=\"caption-attachment-31597\" style=\"width: 1024px\" class=\"wp-caption aligncenter\"><img decoding=\"async\" class=\"wp-image-31597 size-large\" src=\"https:\/\/mouldking.store\/wp-content\/uploads\/2022\/05\/MOCBRICKLAND-MOC-89669-Horizon-Forbidden-West-Tallneck-Light-Kit-for-76989-4-1024x1024.jpg\" alt=\"MOC-89669 Horizon Forbidden West: Tallneck Light Kit for 76989 with 1222 pieces\" width=\"1024\" height=\"1024\" title=\"-\" srcset=\"https:\/\/mouldking.store\/wp-content\/uploads\/2022\/05\/MOCBRICKLAND-MOC-89669-Horizon-Forbidden-West-Tallneck-Light-Kit-for-76989-4-1024x1024.jpg 1024w, https:\/\/mouldking.store\/wp-content\/uploads\/2022\/05\/MOCBRICKLAND-MOC-89669-Horizon-Forbidden-West-Tallneck-Light-Kit-for-76989-4-300x300.jpg 300w, https:\/\/mouldking.store\/wp-content\/uploads\/2022\/05\/MOCBRICKLAND-MOC-89669-Horizon-Forbidden-West-Tallneck-Light-Kit-for-76989-4-768x768.jpg 768w, https:\/\/mouldking.store\/wp-content\/uploads\/2022\/05\/MOCBRICKLAND-MOC-89669-Horizon-Forbidden-West-Tallneck-Light-Kit-for-76989-4-600x600.jpg 600w, https:\/\/mouldking.store\/wp-content\/uploads\/2022\/05\/MOCBRICKLAND-MOC-89669-Horizon-Forbidden-West-Tallneck-Light-Kit-for-76989-4-150x150.jpg 150w, https:\/\/mouldking.store\/wp-content\/uploads\/2022\/05\/MOCBRICKLAND-MOC-89669-Horizon-Forbidden-West-Tallneck-Light-Kit-for-76989-4.jpg 1200w\" sizes=\"(max-width: 1024px) 100vw, 1024px\" \/><figcaption id=\"caption-attachment-31597\" class=\"wp-caption-text\">MOC-89669 Horizon Forbidden West: B\u1ed9 \u0111\u00e8n c\u1ed5 cao cho 76989 v\u1edbi 1222 mi\u1ebfng<\/figcaption><\/figure>\n<figure id=\"attachment_31598\" aria-describedby=\"caption-attachment-31598\" style=\"width: 1024px\" class=\"wp-caption aligncenter\"><img decoding=\"async\" class=\"wp-image-31598 size-large\" src=\"https:\/\/mouldking.store\/wp-content\/uploads\/2022\/05\/MOCBRICKLAND-MOC-89669-Horizon-Forbidden-West-Tallneck-Light-Kit-for-76989-1-1024x1024.jpg\" alt=\"MOC-89669 Horizon Forbidden West: Tallneck Light Kit for 76989 with 1222 pieces\" width=\"1024\" height=\"1024\" title=\"-\" srcset=\"https:\/\/mouldking.store\/wp-content\/uploads\/2022\/05\/MOCBRICKLAND-MOC-89669-Horizon-Forbidden-West-Tallneck-Light-Kit-for-76989-1-1024x1024.jpg 1024w, https:\/\/mouldking.store\/wp-content\/uploads\/2022\/05\/MOCBRICKLAND-MOC-89669-Horizon-Forbidden-West-Tallneck-Light-Kit-for-76989-1-300x300.jpg 300w, https:\/\/mouldking.store\/wp-content\/uploads\/2022\/05\/MOCBRICKLAND-MOC-89669-Horizon-Forbidden-West-Tallneck-Light-Kit-for-76989-1-768x768.jpg 768w, https:\/\/mouldking.store\/wp-content\/uploads\/2022\/05\/MOCBRICKLAND-MOC-89669-Horizon-Forbidden-West-Tallneck-Light-Kit-for-76989-1-600x600.jpg 600w, https:\/\/mouldking.store\/wp-content\/uploads\/2022\/05\/MOCBRICKLAND-MOC-89669-Horizon-Forbidden-West-Tallneck-Light-Kit-for-76989-1-150x150.jpg 150w, https:\/\/mouldking.store\/wp-content\/uploads\/2022\/05\/MOCBRICKLAND-MOC-89669-Horizon-Forbidden-West-Tallneck-Light-Kit-for-76989-1.jpg 1200w\" sizes=\"(max-width: 1024px) 100vw, 1024px\" \/><figcaption id=\"caption-attachment-31598\" class=\"wp-caption-text\">MOC-89669 Horizon Forbidden West: B\u1ed9 \u0111\u00e8n c\u1ed5 cao cho 76989 v\u1edbi 1222 mi\u1ebfng<\/figcaption><\/figure>","protected":false},"excerpt":{"rendered":"<p>Product information: Brand: MOC Gender: Unisex Name: Horizon Forbidden West: Tallneck Light Kit for 76989 Age Range: &gt; 6 years old Model Number: MOC-89669 Classification: Assemblage Plastic Block Shape: Self-Locking Bricks Material: Plastic Plastic Type: ABS Bricks Blocks: 1222 PCS Contains detailed assembly instructions. Notice: 1. Without an original box, but we guarantee our products [&hellip;]<\/p>","protected":false},"featured_media":31596,"comment_status":"closed","ping_status":"closed","template":"","meta":{"_acf_changed":false},"product_cat":[371],"product_tag":[5605,5606,5607,5608,5604],"class_list":["product","first","outofstock","shipping-taxable","purchasable","product-type-variable"],"acf":[],"_links":{"self":[{"href":"https:\/\/mouldking.store\/vi\/wp-json\/wp\/v2\/product\/31595","targetHints":{"allow":["GET"]}}],"collection":[{"href":"https:\/\/mouldking.store\/vi\/wp-json\/wp\/v2\/product"}],"about":[{"href":"https:\/\/mouldking.store\/vi\/wp-json\/wp\/v2\/types\/product"}],"replies":[{"embeddable":true,"href":"https:\/\/mouldking.store\/vi\/wp-json\/wp\/v2\/comments?post=31595"}],"wp:featuredmedia":[{"embeddable":true,"href":"https:\/\/mouldking.store\/vi\/wp-json\/wp\/v2\/media\/31596"}],"wp:attachment":[{"href":"https:\/\/mouldking.store\/vi\/wp-json\/wp\/v2\/media?parent=31595"}],"wp:term":[{"taxonomy":"product_cat","embeddable":true,"href":"https:\/\/mouldking.store\/vi\/wp-json\/wp\/v2\/product_cat?post=31595"},{"taxonomy":"product_tag","embeddable":true,"href":"https:\/\/mouldking.store\/vi\/wp-json\/wp\/v2\/product_tag?post=31595"}],"curies":[{"name":"wp","href":"https:\/\/api.w.org\/{rel}","templated":true}]}}