{"id":31633,"date":"2022-05-27T16:43:54","date_gmt":"2022-05-27T09:43:54","guid":{"rendered":"https:\/\/mouldking.store\/?post_type=product&#038;p=31633"},"modified":"2025-12-25T09:12:29","modified_gmt":"2025-12-25T02:12:29","slug":"moc-106524-yodas-hut-starfighter-stand-with-194-pieces","status":"publish","type":"product","link":"https:\/\/mouldking.store\/vi\/shop\/moc-106524-yodas-hut-starfighter-stand-with-194-pieces\/","title":{"rendered":"MOC-106524 Gi\u00e1 \u0111\u1ee1 Starfighter c\u1ee7a Yoda v\u1edbi 194 mi\u1ebfng"},"content":{"rendered":"<p>Th\u00f4ng tin s\u1ea3n ph\u1ea9m:<\/p>\n<ol>\n<li>Th\u01b0\u01a1ng hi\u1ec7u: M\u1ed8C<\/li>\n<li>Gi\u1edbi t\u00ednh: Unisex<\/li>\n<li>T\u00ean: Gian h\u00e0ng Starfighter c\u1ee7a Yoda<\/li>\n<li>\u0110\u1ed9 tu\u1ed5i: &gt; 6 tu\u1ed5i<\/li>\n<li>S\u1ed1 m\u00f4 h\u00ecnh: MOC-106524<\/li>\n<li>Ph\u00e2n lo\u1ea1i: T\u1eadp h\u1ee3p<\/li>\n<li>H\u00ecnh d\u1ea1ng kh\u1ed1i nh\u1ef1a: G\u1ea1ch t\u1ef1 kh\u00f3a<\/li>\n<li>Ch\u1ea5t li\u1ec7u: Nh\u1ef1a<\/li>\n<li>Lo\u1ea1i nh\u1ef1a: ABS<\/li>\n<li>Kh\u1ed1i g\u1ea1ch: 194 C\u00c1I<\/li>\n<li>Ch\u1ee9a h\u01b0\u1edbng d\u1eabn l\u1eafp r\u00e1p chi ti\u1ebft.<\/li>\n<\/ol>\n<p>\u0110\u1ec3 \u00fd:<br \/>\n1. Kh\u00f4ng c\u00f3 h\u1ed9p ban \u0111\u1ea7u, nh\u01b0ng ch\u00fang t\u00f4i \u0111\u1ea3m b\u1ea3o s\u1ea3n ph\u1ea9m c\u1ee7a ch\u00fang t\u00f4i c\u00f3 ch\u1ea5t l\u01b0\u1ee3ng \u0111\u1ea3m b\u1ea3o v\u00e0 bao b\u00ec \u0111\u1eb9p.<br \/>\n2. V\u00ec t\u1ea5t c\u1ea3 c\u00e1c b\u1ed9 ph\u1eadn ch\u00fang t\u00f4i \u0111\u00e3 ki\u1ec3m tra tr\u01b0\u1edbc khi v\u1eadn chuy\u1ec3n, v\u00ec v\u1eady n\u1ebfu b\u1ea1n th\u1ea5y m\u1ed9t s\u1ed1 b\u1ed9 ph\u1eadn b\u1ecb thi\u1ebfu ho\u1eb7c h\u01b0 h\u1ecfng, \u0111\u1eebng lo l\u1eafng v\u00e0 ch\u1ec9 c\u1ea7n vui l\u00f2ng li\u00ean h\u1ec7 v\u1edbi ch\u00fang t\u00f4i v\u00e0 ch\u00fang t\u00f4i c\u00f3 th\u1ec3 g\u1eedi l\u1ea1i mi\u1ec5n ph\u00ed cho b\u1ea1n ngay l\u1eadp t\u1ee9c.<\/p>\n<figure id=\"attachment_31634\" aria-describedby=\"caption-attachment-31634\" style=\"width: 800px\" class=\"wp-caption aligncenter\"><img fetchpriority=\"high\" decoding=\"async\" class=\"wp-image-31634 size-full\" src=\"https:\/\/mouldking.store\/wp-content\/uploads\/2022\/05\/MOCBRICKLAND-MOC-106524-Yodas-Hut-Starfighter-Stand-3.jpg\" alt=\"MOC-106524 Yoda\u2019s Hut Starfighter Stand with 194 pieces\" width=\"800\" height=\"800\" title=\"-\" srcset=\"https:\/\/mouldking.store\/wp-content\/uploads\/2022\/05\/MOCBRICKLAND-MOC-106524-Yodas-Hut-Starfighter-Stand-3.jpg 800w, https:\/\/mouldking.store\/wp-content\/uploads\/2022\/05\/MOCBRICKLAND-MOC-106524-Yodas-Hut-Starfighter-Stand-3-300x300.jpg 300w, https:\/\/mouldking.store\/wp-content\/uploads\/2022\/05\/MOCBRICKLAND-MOC-106524-Yodas-Hut-Starfighter-Stand-3-768x768.jpg 768w, https:\/\/mouldking.store\/wp-content\/uploads\/2022\/05\/MOCBRICKLAND-MOC-106524-Yodas-Hut-Starfighter-Stand-3-600x600.jpg 600w, https:\/\/mouldking.store\/wp-content\/uploads\/2022\/05\/MOCBRICKLAND-MOC-106524-Yodas-Hut-Starfighter-Stand-3-150x150.jpg 150w\" sizes=\"(max-width: 800px) 100vw, 800px\" \/><figcaption id=\"caption-attachment-31634\" class=\"wp-caption-text\">MOC-106524 Gi\u00e1 \u0111\u1ee1 Starfighter c\u1ee7a Yoda v\u1edbi 194 mi\u1ebfng<\/figcaption><\/figure>\n<figure id=\"attachment_31635\" aria-describedby=\"caption-attachment-31635\" style=\"width: 800px\" class=\"wp-caption aligncenter\"><img decoding=\"async\" class=\"wp-image-31635 size-full\" src=\"https:\/\/mouldking.store\/wp-content\/uploads\/2022\/05\/MOCBRICKLAND-MOC-106524-Yodas-Hut-Starfighter-Stand-2.jpg\" alt=\"MOC-106524 Yoda\u2019s Hut Starfighter Stand with 194 pieces\" width=\"800\" height=\"800\" title=\"-\" srcset=\"https:\/\/mouldking.store\/wp-content\/uploads\/2022\/05\/MOCBRICKLAND-MOC-106524-Yodas-Hut-Starfighter-Stand-2.jpg 800w, https:\/\/mouldking.store\/wp-content\/uploads\/2022\/05\/MOCBRICKLAND-MOC-106524-Yodas-Hut-Starfighter-Stand-2-300x300.jpg 300w, https:\/\/mouldking.store\/wp-content\/uploads\/2022\/05\/MOCBRICKLAND-MOC-106524-Yodas-Hut-Starfighter-Stand-2-768x768.jpg 768w, https:\/\/mouldking.store\/wp-content\/uploads\/2022\/05\/MOCBRICKLAND-MOC-106524-Yodas-Hut-Starfighter-Stand-2-600x600.jpg 600w, https:\/\/mouldking.store\/wp-content\/uploads\/2022\/05\/MOCBRICKLAND-MOC-106524-Yodas-Hut-Starfighter-Stand-2-150x150.jpg 150w\" sizes=\"(max-width: 800px) 100vw, 800px\" \/><figcaption id=\"caption-attachment-31635\" class=\"wp-caption-text\">MOC-106524 Gi\u00e1 \u0111\u1ee1 Starfighter c\u1ee7a Yoda v\u1edbi 194 mi\u1ebfng<\/figcaption><\/figure>\n<figure id=\"attachment_31636\" aria-describedby=\"caption-attachment-31636\" style=\"width: 800px\" class=\"wp-caption aligncenter\"><img decoding=\"async\" class=\"wp-image-31636 size-full\" src=\"https:\/\/mouldking.store\/wp-content\/uploads\/2022\/05\/MOCBRICKLAND-MOC-106524-Yodas-Hut-Starfighter-Stand.jpg\" alt=\"MOC-106524 Yoda\u2019s Hut Starfighter Stand with 194 pieces\" width=\"800\" height=\"800\" title=\"-\" srcset=\"https:\/\/mouldking.store\/wp-content\/uploads\/2022\/05\/MOCBRICKLAND-MOC-106524-Yodas-Hut-Starfighter-Stand.jpg 800w, https:\/\/mouldking.store\/wp-content\/uploads\/2022\/05\/MOCBRICKLAND-MOC-106524-Yodas-Hut-Starfighter-Stand-300x300.jpg 300w, https:\/\/mouldking.store\/wp-content\/uploads\/2022\/05\/MOCBRICKLAND-MOC-106524-Yodas-Hut-Starfighter-Stand-768x768.jpg 768w, https:\/\/mouldking.store\/wp-content\/uploads\/2022\/05\/MOCBRICKLAND-MOC-106524-Yodas-Hut-Starfighter-Stand-600x600.jpg 600w, https:\/\/mouldking.store\/wp-content\/uploads\/2022\/05\/MOCBRICKLAND-MOC-106524-Yodas-Hut-Starfighter-Stand-150x150.jpg 150w\" sizes=\"(max-width: 800px) 100vw, 800px\" \/><figcaption id=\"caption-attachment-31636\" class=\"wp-caption-text\">MOC-106524 Gi\u00e1 \u0111\u1ee1 Starfighter c\u1ee7a Yoda v\u1edbi 194 mi\u1ebfng<\/figcaption><\/figure>\n<figure id=\"attachment_31638\" aria-describedby=\"caption-attachment-31638\" style=\"width: 800px\" class=\"wp-caption aligncenter\"><img loading=\"lazy\" decoding=\"async\" class=\"wp-image-31638 size-full\" src=\"https:\/\/mouldking.store\/wp-content\/uploads\/2022\/05\/MOCBRICKLAND-MOC-106524-Yodas-Hut-Starfighter-Stand-4.jpg\" alt=\"MOC-106524 Yoda\u2019s Hut Starfighter Stand with 194 pieces\" width=\"800\" height=\"800\" title=\"-\" srcset=\"https:\/\/mouldking.store\/wp-content\/uploads\/2022\/05\/MOCBRICKLAND-MOC-106524-Yodas-Hut-Starfighter-Stand-4.jpg 800w, https:\/\/mouldking.store\/wp-content\/uploads\/2022\/05\/MOCBRICKLAND-MOC-106524-Yodas-Hut-Starfighter-Stand-4-300x300.jpg 300w, https:\/\/mouldking.store\/wp-content\/uploads\/2022\/05\/MOCBRICKLAND-MOC-106524-Yodas-Hut-Starfighter-Stand-4-768x768.jpg 768w, https:\/\/mouldking.store\/wp-content\/uploads\/2022\/05\/MOCBRICKLAND-MOC-106524-Yodas-Hut-Starfighter-Stand-4-600x600.jpg 600w, https:\/\/mouldking.store\/wp-content\/uploads\/2022\/05\/MOCBRICKLAND-MOC-106524-Yodas-Hut-Starfighter-Stand-4-150x150.jpg 150w\" sizes=\"(max-width: 800px) 100vw, 800px\" \/><figcaption id=\"caption-attachment-31638\" class=\"wp-caption-text\">MOC-106524 Gi\u00e1 \u0111\u1ee1 Starfighter c\u1ee7a Yoda v\u1edbi 194 mi\u1ebfng<\/figcaption><\/figure>\n<figure id=\"attachment_31637\" aria-describedby=\"caption-attachment-31637\" style=\"width: 800px\" class=\"wp-caption aligncenter\"><img loading=\"lazy\" decoding=\"async\" class=\"wp-image-31637 size-full\" src=\"https:\/\/mouldking.store\/wp-content\/uploads\/2022\/05\/MOCBRICKLAND-MOC-106524-Yodas-Hut-Starfighter-Stand-1.jpg\" alt=\"MOC-106524 Yoda\u2019s Hut Starfighter Stand with 194 pieces\" width=\"800\" height=\"1046\" title=\"-\" srcset=\"https:\/\/mouldking.store\/wp-content\/uploads\/2022\/05\/MOCBRICKLAND-MOC-106524-Yodas-Hut-Starfighter-Stand-1.jpg 800w, https:\/\/mouldking.store\/wp-content\/uploads\/2022\/05\/MOCBRICKLAND-MOC-106524-Yodas-Hut-Starfighter-Stand-1-229x300.jpg 229w, https:\/\/mouldking.store\/wp-content\/uploads\/2022\/05\/MOCBRICKLAND-MOC-106524-Yodas-Hut-Starfighter-Stand-1-783x1024.jpg 783w, https:\/\/mouldking.store\/wp-content\/uploads\/2022\/05\/MOCBRICKLAND-MOC-106524-Yodas-Hut-Starfighter-Stand-1-768x1004.jpg 768w, https:\/\/mouldking.store\/wp-content\/uploads\/2022\/05\/MOCBRICKLAND-MOC-106524-Yodas-Hut-Starfighter-Stand-1-300x392.jpg 300w, https:\/\/mouldking.store\/wp-content\/uploads\/2022\/05\/MOCBRICKLAND-MOC-106524-Yodas-Hut-Starfighter-Stand-1-600x785.jpg 600w, https:\/\/mouldking.store\/wp-content\/uploads\/2022\/05\/MOCBRICKLAND-MOC-106524-Yodas-Hut-Starfighter-Stand-1-115x150.jpg 115w\" sizes=\"(max-width: 800px) 100vw, 800px\" \/><figcaption id=\"caption-attachment-31637\" class=\"wp-caption-text\">MOC-106524 Gi\u00e1 \u0111\u1ee1 Starfighter c\u1ee7a Yoda v\u1edbi 194 mi\u1ebfng<\/figcaption><\/figure>","protected":false},"excerpt":{"rendered":"<p>Product information: Brand: MOC Gender: Unisex Name: Yoda\u2019s Hut Starfighter Stand Age Range: &gt; 6 years old Model Number: MOC-106524 Classification: Assemblage Plastic Block Shape: Self-Locking Bricks Material: Plastic Plastic Type: ABS Bricks Blocks: 194 PCS Contains detailed assembly instructions. Notice: 1. Without an original box, but we guarantee our products have quality assurance and [&hellip;]<\/p>","protected":false},"featured_media":31635,"comment_status":"closed","ping_status":"closed","template":"","meta":{"_acf_changed":false},"product_cat":[415],"product_tag":[5629,5630,5631,5628,5632,5633,5634],"class_list":["product","first","instock","shipping-taxable","purchasable","product-type-simple"],"acf":[],"_links":{"self":[{"href":"https:\/\/mouldking.store\/vi\/wp-json\/wp\/v2\/product\/31633","targetHints":{"allow":["GET"]}}],"collection":[{"href":"https:\/\/mouldking.store\/vi\/wp-json\/wp\/v2\/product"}],"about":[{"href":"https:\/\/mouldking.store\/vi\/wp-json\/wp\/v2\/types\/product"}],"replies":[{"embeddable":true,"href":"https:\/\/mouldking.store\/vi\/wp-json\/wp\/v2\/comments?post=31633"}],"wp:featuredmedia":[{"embeddable":true,"href":"https:\/\/mouldking.store\/vi\/wp-json\/wp\/v2\/media\/31635"}],"wp:attachment":[{"href":"https:\/\/mouldking.store\/vi\/wp-json\/wp\/v2\/media?parent=31633"}],"wp:term":[{"taxonomy":"product_cat","embeddable":true,"href":"https:\/\/mouldking.store\/vi\/wp-json\/wp\/v2\/product_cat?post=31633"},{"taxonomy":"product_tag","embeddable":true,"href":"https:\/\/mouldking.store\/vi\/wp-json\/wp\/v2\/product_tag?post=31633"}],"curies":[{"name":"wp","href":"https:\/\/api.w.org\/{rel}","templated":true}]}}