{"id":31639,"date":"2022-05-27T17:12:41","date_gmt":"2022-05-27T10:12:41","guid":{"rendered":"https:\/\/mouldking.store\/?post_type=product&#038;p=31639"},"modified":"2025-12-25T09:12:29","modified_gmt":"2025-12-25T02:12:29","slug":"moc-89666-cellist-with-242-pieces","status":"publish","type":"product","link":"https:\/\/mouldking.store\/vi\/shop\/moc-89666-cellist-with-242-pieces\/","title":{"rendered":"MOC-89666 Cellist with 242 pieces"},"content":{"rendered":"<p>Th\u00f4ng tin s\u1ea3n ph\u1ea9m:<\/p>\n<ol>\n<li>Th\u01b0\u01a1ng hi\u1ec7u: M\u1ed8C<\/li>\n<li>Gi\u1edbi t\u00ednh: Unisex<\/li>\n<li>T\u00ean: Cellist<\/li>\n<li>\u0110\u1ed9 tu\u1ed5i: &gt; 6 tu\u1ed5i<\/li>\n<li>S\u1ed1 m\u00f4 h\u00ecnh: MOC-89666<\/li>\n<li>Ph\u00e2n lo\u1ea1i: T\u1eadp h\u1ee3p<\/li>\n<li>H\u00ecnh d\u1ea1ng kh\u1ed1i nh\u1ef1a: G\u1ea1ch t\u1ef1 kh\u00f3a<\/li>\n<li>Ch\u1ea5t li\u1ec7u: Nh\u1ef1a<\/li>\n<li>Lo\u1ea1i nh\u1ef1a: ABS<\/li>\n<li>Kh\u1ed1i g\u1ea1ch: 242 C\u00c1I<\/li>\n<li>Ch\u1ee9a h\u01b0\u1edbng d\u1eabn l\u1eafp r\u00e1p chi ti\u1ebft.<\/li>\n<\/ol>\n<p>\u0110\u1ec3 \u00fd:<br \/>\n1. Kh\u00f4ng c\u00f3 h\u1ed9p ban \u0111\u1ea7u, nh\u01b0ng ch\u00fang t\u00f4i \u0111\u1ea3m b\u1ea3o s\u1ea3n ph\u1ea9m c\u1ee7a ch\u00fang t\u00f4i c\u00f3 ch\u1ea5t l\u01b0\u1ee3ng \u0111\u1ea3m b\u1ea3o v\u00e0 bao b\u00ec \u0111\u1eb9p.<br \/>\n2. V\u00ec t\u1ea5t c\u1ea3 c\u00e1c b\u1ed9 ph\u1eadn ch\u00fang t\u00f4i \u0111\u00e3 ki\u1ec3m tra tr\u01b0\u1edbc khi v\u1eadn chuy\u1ec3n, v\u00ec v\u1eady n\u1ebfu b\u1ea1n th\u1ea5y m\u1ed9t s\u1ed1 b\u1ed9 ph\u1eadn b\u1ecb thi\u1ebfu ho\u1eb7c h\u01b0 h\u1ecfng, \u0111\u1eebng lo l\u1eafng v\u00e0 ch\u1ec9 c\u1ea7n vui l\u00f2ng li\u00ean h\u1ec7 v\u1edbi ch\u00fang t\u00f4i v\u00e0 ch\u00fang t\u00f4i c\u00f3 th\u1ec3 g\u1eedi l\u1ea1i mi\u1ec5n ph\u00ed cho b\u1ea1n ngay l\u1eadp t\u1ee9c.<\/p>\n<figure id=\"attachment_31640\" aria-describedby=\"caption-attachment-31640\" style=\"width: 800px\" class=\"wp-caption aligncenter\"><img fetchpriority=\"high\" decoding=\"async\" class=\"wp-image-31640 size-full\" src=\"https:\/\/mouldking.store\/wp-content\/uploads\/2022\/05\/MOC-89666-9.jpg\" alt=\"MOC-89666 Cellist with 242 pieces\" width=\"800\" height=\"800\" title=\"-\" srcset=\"https:\/\/mouldking.store\/wp-content\/uploads\/2022\/05\/MOC-89666-9.jpg 800w, https:\/\/mouldking.store\/wp-content\/uploads\/2022\/05\/MOC-89666-9-300x300.jpg 300w, https:\/\/mouldking.store\/wp-content\/uploads\/2022\/05\/MOC-89666-9-768x768.jpg 768w, https:\/\/mouldking.store\/wp-content\/uploads\/2022\/05\/MOC-89666-9-600x600.jpg 600w, https:\/\/mouldking.store\/wp-content\/uploads\/2022\/05\/MOC-89666-9-150x150.jpg 150w\" sizes=\"(max-width: 800px) 100vw, 800px\" \/><figcaption id=\"caption-attachment-31640\" class=\"wp-caption-text\">MOC-89666 Cellist with 242 pieces<\/figcaption><\/figure>\n<figure id=\"attachment_31644\" aria-describedby=\"caption-attachment-31644\" style=\"width: 800px\" class=\"wp-caption aligncenter\"><img decoding=\"async\" class=\"wp-image-31644 size-full\" src=\"https:\/\/mouldking.store\/wp-content\/uploads\/2022\/05\/MOC-89666-7.jpg\" alt=\"MOC-89666 Cellist with 242 pieces\" width=\"800\" height=\"800\" title=\"-\" srcset=\"https:\/\/mouldking.store\/wp-content\/uploads\/2022\/05\/MOC-89666-7.jpg 800w, https:\/\/mouldking.store\/wp-content\/uploads\/2022\/05\/MOC-89666-7-300x300.jpg 300w, https:\/\/mouldking.store\/wp-content\/uploads\/2022\/05\/MOC-89666-7-768x768.jpg 768w, https:\/\/mouldking.store\/wp-content\/uploads\/2022\/05\/MOC-89666-7-600x600.jpg 600w, https:\/\/mouldking.store\/wp-content\/uploads\/2022\/05\/MOC-89666-7-150x150.jpg 150w\" sizes=\"(max-width: 800px) 100vw, 800px\" \/><figcaption id=\"caption-attachment-31644\" class=\"wp-caption-text\">MOC-89666 Cellist with 242 pieces<\/figcaption><\/figure>\n<figure id=\"attachment_31643\" aria-describedby=\"caption-attachment-31643\" style=\"width: 800px\" class=\"wp-caption aligncenter\"><img decoding=\"async\" class=\"wp-image-31643 size-full\" src=\"https:\/\/mouldking.store\/wp-content\/uploads\/2022\/05\/MOC-89666-8.jpg\" alt=\"MOC-89666 Cellist with 242 pieces\" width=\"800\" height=\"800\" title=\"-\" srcset=\"https:\/\/mouldking.store\/wp-content\/uploads\/2022\/05\/MOC-89666-8.jpg 800w, https:\/\/mouldking.store\/wp-content\/uploads\/2022\/05\/MOC-89666-8-300x300.jpg 300w, https:\/\/mouldking.store\/wp-content\/uploads\/2022\/05\/MOC-89666-8-768x768.jpg 768w, https:\/\/mouldking.store\/wp-content\/uploads\/2022\/05\/MOC-89666-8-600x600.jpg 600w, https:\/\/mouldking.store\/wp-content\/uploads\/2022\/05\/MOC-89666-8-150x150.jpg 150w\" sizes=\"(max-width: 800px) 100vw, 800px\" \/><figcaption id=\"caption-attachment-31643\" class=\"wp-caption-text\">MOC-89666 Cellist with 242 pieces<\/figcaption><\/figure>\n<figure id=\"attachment_31649\" aria-describedby=\"caption-attachment-31649\" style=\"width: 800px\" class=\"wp-caption aligncenter\"><img loading=\"lazy\" decoding=\"async\" class=\"wp-image-31649 size-full\" src=\"https:\/\/mouldking.store\/wp-content\/uploads\/2022\/05\/MOC-89666-2.jpg\" alt=\"MOC-89666 Cellist with 242 pieces\" width=\"800\" height=\"800\" title=\"-\" srcset=\"https:\/\/mouldking.store\/wp-content\/uploads\/2022\/05\/MOC-89666-2.jpg 800w, https:\/\/mouldking.store\/wp-content\/uploads\/2022\/05\/MOC-89666-2-300x300.jpg 300w, https:\/\/mouldking.store\/wp-content\/uploads\/2022\/05\/MOC-89666-2-768x768.jpg 768w, https:\/\/mouldking.store\/wp-content\/uploads\/2022\/05\/MOC-89666-2-600x600.jpg 600w, https:\/\/mouldking.store\/wp-content\/uploads\/2022\/05\/MOC-89666-2-150x150.jpg 150w\" sizes=\"(max-width: 800px) 100vw, 800px\" \/><figcaption id=\"caption-attachment-31649\" class=\"wp-caption-text\">MOC-89666 Cellist with 242 pieces<\/figcaption><\/figure>\n<figure id=\"attachment_31648\" aria-describedby=\"caption-attachment-31648\" style=\"width: 800px\" class=\"wp-caption aligncenter\"><img loading=\"lazy\" decoding=\"async\" class=\"wp-image-31648 size-full\" src=\"https:\/\/mouldking.store\/wp-content\/uploads\/2022\/05\/MOC-89666-3.jpg\" alt=\"MOC-89666 Cellist with 242 pieces\" width=\"800\" height=\"800\" title=\"-\" srcset=\"https:\/\/mouldking.store\/wp-content\/uploads\/2022\/05\/MOC-89666-3.jpg 800w, https:\/\/mouldking.store\/wp-content\/uploads\/2022\/05\/MOC-89666-3-300x300.jpg 300w, https:\/\/mouldking.store\/wp-content\/uploads\/2022\/05\/MOC-89666-3-768x768.jpg 768w, https:\/\/mouldking.store\/wp-content\/uploads\/2022\/05\/MOC-89666-3-600x600.jpg 600w, https:\/\/mouldking.store\/wp-content\/uploads\/2022\/05\/MOC-89666-3-150x150.jpg 150w\" sizes=\"(max-width: 800px) 100vw, 800px\" \/><figcaption id=\"caption-attachment-31648\" class=\"wp-caption-text\">MOC-89666 Cellist with 242 pieces<\/figcaption><\/figure>\n<figure id=\"attachment_31647\" aria-describedby=\"caption-attachment-31647\" style=\"width: 800px\" class=\"wp-caption aligncenter\"><img loading=\"lazy\" decoding=\"async\" class=\"wp-image-31647 size-full\" src=\"https:\/\/mouldking.store\/wp-content\/uploads\/2022\/05\/MOC-89666-4.jpg\" alt=\"MOC-89666 Cellist with 242 pieces\" width=\"800\" height=\"800\" title=\"-\" srcset=\"https:\/\/mouldking.store\/wp-content\/uploads\/2022\/05\/MOC-89666-4.jpg 800w, https:\/\/mouldking.store\/wp-content\/uploads\/2022\/05\/MOC-89666-4-300x300.jpg 300w, https:\/\/mouldking.store\/wp-content\/uploads\/2022\/05\/MOC-89666-4-768x768.jpg 768w, https:\/\/mouldking.store\/wp-content\/uploads\/2022\/05\/MOC-89666-4-600x600.jpg 600w, https:\/\/mouldking.store\/wp-content\/uploads\/2022\/05\/MOC-89666-4-150x150.jpg 150w\" sizes=\"(max-width: 800px) 100vw, 800px\" \/><figcaption id=\"caption-attachment-31647\" class=\"wp-caption-text\">MOC-89666 Cellist with 242 pieces<\/figcaption><\/figure>\n<figure id=\"attachment_31646\" aria-describedby=\"caption-attachment-31646\" style=\"width: 800px\" class=\"wp-caption aligncenter\"><img loading=\"lazy\" decoding=\"async\" class=\"wp-image-31646 size-full\" src=\"https:\/\/mouldking.store\/wp-content\/uploads\/2022\/05\/MOC-89666-5.jpg\" alt=\"MOC-89666 Cellist with 242 pieces\" width=\"800\" height=\"800\" title=\"-\" srcset=\"https:\/\/mouldking.store\/wp-content\/uploads\/2022\/05\/MOC-89666-5.jpg 800w, https:\/\/mouldking.store\/wp-content\/uploads\/2022\/05\/MOC-89666-5-300x300.jpg 300w, https:\/\/mouldking.store\/wp-content\/uploads\/2022\/05\/MOC-89666-5-768x768.jpg 768w, https:\/\/mouldking.store\/wp-content\/uploads\/2022\/05\/MOC-89666-5-600x600.jpg 600w, https:\/\/mouldking.store\/wp-content\/uploads\/2022\/05\/MOC-89666-5-150x150.jpg 150w\" sizes=\"(max-width: 800px) 100vw, 800px\" \/><figcaption id=\"caption-attachment-31646\" class=\"wp-caption-text\">MOC-89666 Cellist with 242 pieces<\/figcaption><\/figure>\n<figure id=\"attachment_31645\" aria-describedby=\"caption-attachment-31645\" style=\"width: 800px\" class=\"wp-caption aligncenter\"><img loading=\"lazy\" decoding=\"async\" class=\"wp-image-31645 size-full\" src=\"https:\/\/mouldking.store\/wp-content\/uploads\/2022\/05\/MOC-89666-6.jpg\" alt=\"MOC-89666 Cellist with 242 pieces\" width=\"800\" height=\"800\" title=\"-\" srcset=\"https:\/\/mouldking.store\/wp-content\/uploads\/2022\/05\/MOC-89666-6.jpg 800w, https:\/\/mouldking.store\/wp-content\/uploads\/2022\/05\/MOC-89666-6-300x300.jpg 300w, https:\/\/mouldking.store\/wp-content\/uploads\/2022\/05\/MOC-89666-6-768x768.jpg 768w, https:\/\/mouldking.store\/wp-content\/uploads\/2022\/05\/MOC-89666-6-600x600.jpg 600w, https:\/\/mouldking.store\/wp-content\/uploads\/2022\/05\/MOC-89666-6-150x150.jpg 150w\" sizes=\"(max-width: 800px) 100vw, 800px\" \/><figcaption id=\"caption-attachment-31645\" class=\"wp-caption-text\">MOC-89666 Cellist with 242 pieces<\/figcaption><\/figure>\n<figure id=\"attachment_31642\" aria-describedby=\"caption-attachment-31642\" style=\"width: 800px\" class=\"wp-caption aligncenter\"><img loading=\"lazy\" decoding=\"async\" class=\"wp-image-31642 size-full\" src=\"https:\/\/mouldking.store\/wp-content\/uploads\/2022\/05\/MOC-89666-10.jpg\" alt=\"MOC-89666 Cellist with 242 pieces\" width=\"800\" height=\"800\" title=\"-\" srcset=\"https:\/\/mouldking.store\/wp-content\/uploads\/2022\/05\/MOC-89666-10.jpg 800w, https:\/\/mouldking.store\/wp-content\/uploads\/2022\/05\/MOC-89666-10-300x300.jpg 300w, https:\/\/mouldking.store\/wp-content\/uploads\/2022\/05\/MOC-89666-10-768x768.jpg 768w, https:\/\/mouldking.store\/wp-content\/uploads\/2022\/05\/MOC-89666-10-600x600.jpg 600w, https:\/\/mouldking.store\/wp-content\/uploads\/2022\/05\/MOC-89666-10-150x150.jpg 150w\" sizes=\"(max-width: 800px) 100vw, 800px\" \/><figcaption id=\"caption-attachment-31642\" class=\"wp-caption-text\">MOC-89666 Cellist with 242 pieces<\/figcaption><\/figure>\n<figure id=\"attachment_31641\" aria-describedby=\"caption-attachment-31641\" style=\"width: 800px\" class=\"wp-caption aligncenter\"><img loading=\"lazy\" decoding=\"async\" class=\"wp-image-31641 size-full\" src=\"https:\/\/mouldking.store\/wp-content\/uploads\/2022\/05\/MOC-89666-1.jpg\" alt=\"MOC-89666 Cellist with 242 pieces\" width=\"800\" height=\"800\" title=\"-\" srcset=\"https:\/\/mouldking.store\/wp-content\/uploads\/2022\/05\/MOC-89666-1.jpg 800w, https:\/\/mouldking.store\/wp-content\/uploads\/2022\/05\/MOC-89666-1-300x300.jpg 300w, https:\/\/mouldking.store\/wp-content\/uploads\/2022\/05\/MOC-89666-1-768x768.jpg 768w, https:\/\/mouldking.store\/wp-content\/uploads\/2022\/05\/MOC-89666-1-600x600.jpg 600w, https:\/\/mouldking.store\/wp-content\/uploads\/2022\/05\/MOC-89666-1-150x150.jpg 150w\" sizes=\"(max-width: 800px) 100vw, 800px\" \/><figcaption id=\"caption-attachment-31641\" class=\"wp-caption-text\">MOC-89666 Cellist with 242 pieces<\/figcaption><\/figure>","protected":false},"excerpt":{"rendered":"<p>Product information: Brand: MOC Gender: Unisex Name: Cellist Age Range: &gt; 6 years old Model Number: MOC-89666 Classification: Assemblage Plastic Block Shape: Self-Locking Bricks Material: Plastic Plastic Type: ABS Bricks Blocks: 242 PCS Contains detailed assembly instructions. Notice: 1. Without an original box, but we guarantee our products have quality assurance and nice packaging. 2. [&hellip;]<\/p>","protected":false},"featured_media":31643,"comment_status":"closed","ping_status":"closed","template":"","meta":{"_acf_changed":false},"product_cat":[371],"product_tag":[5638,5637,5636,5635],"class_list":["product","first","instock","shipping-taxable","purchasable","product-type-simple"],"acf":[],"_links":{"self":[{"href":"https:\/\/mouldking.store\/vi\/wp-json\/wp\/v2\/product\/31639","targetHints":{"allow":["GET"]}}],"collection":[{"href":"https:\/\/mouldking.store\/vi\/wp-json\/wp\/v2\/product"}],"about":[{"href":"https:\/\/mouldking.store\/vi\/wp-json\/wp\/v2\/types\/product"}],"replies":[{"embeddable":true,"href":"https:\/\/mouldking.store\/vi\/wp-json\/wp\/v2\/comments?post=31639"}],"wp:featuredmedia":[{"embeddable":true,"href":"https:\/\/mouldking.store\/vi\/wp-json\/wp\/v2\/media\/31643"}],"wp:attachment":[{"href":"https:\/\/mouldking.store\/vi\/wp-json\/wp\/v2\/media?parent=31639"}],"wp:term":[{"taxonomy":"product_cat","embeddable":true,"href":"https:\/\/mouldking.store\/vi\/wp-json\/wp\/v2\/product_cat?post=31639"},{"taxonomy":"product_tag","embeddable":true,"href":"https:\/\/mouldking.store\/vi\/wp-json\/wp\/v2\/product_tag?post=31639"}],"curies":[{"name":"wp","href":"https:\/\/api.w.org\/{rel}","templated":true}]}}