{"id":31662,"date":"2022-05-27T17:25:06","date_gmt":"2022-05-27T10:25:06","guid":{"rendered":"https:\/\/mouldking.store\/?post_type=product&#038;p=31662"},"modified":"2025-12-25T09:12:29","modified_gmt":"2025-12-25T02:12:29","slug":"moc-82242-medieval-castle-ii-with-2570-pieces","status":"publish","type":"product","link":"https:\/\/mouldking.store\/vi\/shop\/moc-82242-medieval-castle-ii-with-2570-pieces\/","title":{"rendered":"MOC-82242 L\u00e2u \u0111\u00e0i th\u1eddi trung c\u1ed5 II v\u1edbi 2570 mi\u1ebfng"},"content":{"rendered":"<p>Th\u00f4ng tin s\u1ea3n ph\u1ea9m:<\/p>\n<ol>\n<li>Th\u01b0\u01a1ng hi\u1ec7u: M\u1ed8C<\/li>\n<li>Gi\u1edbi t\u00ednh: Unisex<\/li>\n<li>Name: Medieval Castle II<\/li>\n<li>\u0110\u1ed9 tu\u1ed5i: &gt; 6 tu\u1ed5i<\/li>\n<li>Model Number: MOC-82242<\/li>\n<li>Ph\u00e2n lo\u1ea1i: T\u1eadp h\u1ee3p<\/li>\n<li>H\u00ecnh d\u1ea1ng kh\u1ed1i nh\u1ef1a: G\u1ea1ch t\u1ef1 kh\u00f3a<\/li>\n<li>Ch\u1ea5t li\u1ec7u: Nh\u1ef1a<\/li>\n<li>Lo\u1ea1i nh\u1ef1a: ABS<\/li>\n<li>Bricks Blocks: 2570 PCS<\/li>\n<li>Ch\u1ee9a h\u01b0\u1edbng d\u1eabn l\u1eafp r\u00e1p chi ti\u1ebft.<\/li>\n<li>Th\u1eddi gian s\u1eafp x\u1ebfp: 4-8 tu\u1ea7n<\/li>\n<\/ol>\n<p>\u0110\u1ec3 \u00fd:<br \/>\n1. Kh\u00f4ng c\u00f3 h\u1ed9p ban \u0111\u1ea7u, nh\u01b0ng ch\u00fang t\u00f4i \u0111\u1ea3m b\u1ea3o s\u1ea3n ph\u1ea9m c\u1ee7a ch\u00fang t\u00f4i c\u00f3 ch\u1ea5t l\u01b0\u1ee3ng \u0111\u1ea3m b\u1ea3o v\u00e0 bao b\u00ec \u0111\u1eb9p.<br \/>\n2. V\u00ec t\u1ea5t c\u1ea3 c\u00e1c b\u1ed9 ph\u1eadn ch\u00fang t\u00f4i \u0111\u00e3 ki\u1ec3m tra tr\u01b0\u1edbc khi v\u1eadn chuy\u1ec3n, v\u00ec v\u1eady n\u1ebfu b\u1ea1n th\u1ea5y m\u1ed9t s\u1ed1 b\u1ed9 ph\u1eadn b\u1ecb thi\u1ebfu ho\u1eb7c h\u01b0 h\u1ecfng, \u0111\u1eebng lo l\u1eafng v\u00e0 ch\u1ec9 c\u1ea7n vui l\u00f2ng li\u00ean h\u1ec7 v\u1edbi ch\u00fang t\u00f4i v\u00e0 ch\u00fang t\u00f4i c\u00f3 th\u1ec3 g\u1eedi l\u1ea1i mi\u1ec5n ph\u00ed cho b\u1ea1n ngay l\u1eadp t\u1ee9c.<\/p>\n<figure id=\"attachment_31664\" aria-describedby=\"caption-attachment-31664\" style=\"width: 800px\" class=\"wp-caption aligncenter\"><img fetchpriority=\"high\" decoding=\"async\" class=\"wp-image-31664 size-full\" src=\"https:\/\/mouldking.store\/wp-content\/uploads\/2022\/05\/MOC-82242-Medieval-Castle-II-7.jpg\" alt=\"MOC-82242 Medieval Castle II with 2570 pieces\" width=\"800\" height=\"800\" title=\"-\" srcset=\"https:\/\/mouldking.store\/wp-content\/uploads\/2022\/05\/MOC-82242-Medieval-Castle-II-7.jpg 800w, https:\/\/mouldking.store\/wp-content\/uploads\/2022\/05\/MOC-82242-Medieval-Castle-II-7-300x300.jpg 300w, https:\/\/mouldking.store\/wp-content\/uploads\/2022\/05\/MOC-82242-Medieval-Castle-II-7-768x768.jpg 768w, https:\/\/mouldking.store\/wp-content\/uploads\/2022\/05\/MOC-82242-Medieval-Castle-II-7-600x600.jpg 600w, https:\/\/mouldking.store\/wp-content\/uploads\/2022\/05\/MOC-82242-Medieval-Castle-II-7-150x150.jpg 150w\" sizes=\"(max-width: 800px) 100vw, 800px\" \/><figcaption id=\"caption-attachment-31664\" class=\"wp-caption-text\">MOC-82242 L\u00e2u \u0111\u00e0i th\u1eddi trung c\u1ed5 II v\u1edbi 2570 mi\u1ebfng<\/figcaption><\/figure>\n<figure id=\"attachment_31663\" aria-describedby=\"caption-attachment-31663\" style=\"width: 800px\" class=\"wp-caption aligncenter\"><img decoding=\"async\" class=\"wp-image-31663 size-full\" src=\"https:\/\/mouldking.store\/wp-content\/uploads\/2022\/05\/MOC-82242-Medieval-Castle-II-1.jpg\" alt=\"MOC-82242 Medieval Castle II with 2570 pieces\" width=\"800\" height=\"800\" title=\"-\" srcset=\"https:\/\/mouldking.store\/wp-content\/uploads\/2022\/05\/MOC-82242-Medieval-Castle-II-1.jpg 800w, https:\/\/mouldking.store\/wp-content\/uploads\/2022\/05\/MOC-82242-Medieval-Castle-II-1-300x300.jpg 300w, https:\/\/mouldking.store\/wp-content\/uploads\/2022\/05\/MOC-82242-Medieval-Castle-II-1-768x768.jpg 768w, https:\/\/mouldking.store\/wp-content\/uploads\/2022\/05\/MOC-82242-Medieval-Castle-II-1-600x600.jpg 600w, https:\/\/mouldking.store\/wp-content\/uploads\/2022\/05\/MOC-82242-Medieval-Castle-II-1-150x150.jpg 150w\" sizes=\"(max-width: 800px) 100vw, 800px\" \/><figcaption id=\"caption-attachment-31663\" class=\"wp-caption-text\">MOC-82242 L\u00e2u \u0111\u00e0i th\u1eddi trung c\u1ed5 II v\u1edbi 2570 mi\u1ebfng<\/figcaption><\/figure>\n<figure id=\"attachment_31669\" aria-describedby=\"caption-attachment-31669\" style=\"width: 800px\" class=\"wp-caption aligncenter\"><img decoding=\"async\" class=\"wp-image-31669 size-full\" src=\"https:\/\/mouldking.store\/wp-content\/uploads\/2022\/05\/MOC-82242-Medieval-Castle-II-2.jpg\" alt=\"MOC-82242 Medieval Castle II with 2570 pieces\" width=\"800\" height=\"800\" title=\"-\" srcset=\"https:\/\/mouldking.store\/wp-content\/uploads\/2022\/05\/MOC-82242-Medieval-Castle-II-2.jpg 800w, https:\/\/mouldking.store\/wp-content\/uploads\/2022\/05\/MOC-82242-Medieval-Castle-II-2-300x300.jpg 300w, https:\/\/mouldking.store\/wp-content\/uploads\/2022\/05\/MOC-82242-Medieval-Castle-II-2-768x768.jpg 768w, https:\/\/mouldking.store\/wp-content\/uploads\/2022\/05\/MOC-82242-Medieval-Castle-II-2-600x600.jpg 600w, https:\/\/mouldking.store\/wp-content\/uploads\/2022\/05\/MOC-82242-Medieval-Castle-II-2-150x150.jpg 150w\" sizes=\"(max-width: 800px) 100vw, 800px\" \/><figcaption id=\"caption-attachment-31669\" class=\"wp-caption-text\">MOC-82242 L\u00e2u \u0111\u00e0i th\u1eddi trung c\u1ed5 II v\u1edbi 2570 mi\u1ebfng<\/figcaption><\/figure>\n<figure id=\"attachment_31666\" aria-describedby=\"caption-attachment-31666\" style=\"width: 800px\" class=\"wp-caption aligncenter\"><img loading=\"lazy\" decoding=\"async\" class=\"wp-image-31666 size-full\" src=\"https:\/\/mouldking.store\/wp-content\/uploads\/2022\/05\/MOC-82242-Medieval-Castle-II-5.jpg\" alt=\"MOC-82242 Medieval Castle II with 2570 pieces\" width=\"800\" height=\"800\" title=\"-\" srcset=\"https:\/\/mouldking.store\/wp-content\/uploads\/2022\/05\/MOC-82242-Medieval-Castle-II-5.jpg 800w, https:\/\/mouldking.store\/wp-content\/uploads\/2022\/05\/MOC-82242-Medieval-Castle-II-5-300x300.jpg 300w, https:\/\/mouldking.store\/wp-content\/uploads\/2022\/05\/MOC-82242-Medieval-Castle-II-5-768x768.jpg 768w, https:\/\/mouldking.store\/wp-content\/uploads\/2022\/05\/MOC-82242-Medieval-Castle-II-5-600x600.jpg 600w, https:\/\/mouldking.store\/wp-content\/uploads\/2022\/05\/MOC-82242-Medieval-Castle-II-5-150x150.jpg 150w\" sizes=\"(max-width: 800px) 100vw, 800px\" \/><figcaption id=\"caption-attachment-31666\" class=\"wp-caption-text\">MOC-82242 L\u00e2u \u0111\u00e0i th\u1eddi trung c\u1ed5 II v\u1edbi 2570 mi\u1ebfng<\/figcaption><\/figure>\n<figure id=\"attachment_31667\" aria-describedby=\"caption-attachment-31667\" style=\"width: 800px\" class=\"wp-caption aligncenter\"><img loading=\"lazy\" decoding=\"async\" class=\"wp-image-31667 size-full\" src=\"https:\/\/mouldking.store\/wp-content\/uploads\/2022\/05\/MOC-82242-Medieval-Castle-II-4.jpg\" alt=\"MOC-82242 Medieval Castle II with 2570 pieces\" width=\"800\" height=\"800\" title=\"-\" srcset=\"https:\/\/mouldking.store\/wp-content\/uploads\/2022\/05\/MOC-82242-Medieval-Castle-II-4.jpg 800w, https:\/\/mouldking.store\/wp-content\/uploads\/2022\/05\/MOC-82242-Medieval-Castle-II-4-300x300.jpg 300w, https:\/\/mouldking.store\/wp-content\/uploads\/2022\/05\/MOC-82242-Medieval-Castle-II-4-768x768.jpg 768w, https:\/\/mouldking.store\/wp-content\/uploads\/2022\/05\/MOC-82242-Medieval-Castle-II-4-600x600.jpg 600w, https:\/\/mouldking.store\/wp-content\/uploads\/2022\/05\/MOC-82242-Medieval-Castle-II-4-150x150.jpg 150w\" sizes=\"(max-width: 800px) 100vw, 800px\" \/><figcaption id=\"caption-attachment-31667\" class=\"wp-caption-text\">MOC-82242 L\u00e2u \u0111\u00e0i th\u1eddi trung c\u1ed5 II v\u1edbi 2570 mi\u1ebfng<\/figcaption><\/figure>\n<figure id=\"attachment_31668\" aria-describedby=\"caption-attachment-31668\" style=\"width: 800px\" class=\"wp-caption aligncenter\"><img loading=\"lazy\" decoding=\"async\" class=\"wp-image-31668 size-full\" src=\"https:\/\/mouldking.store\/wp-content\/uploads\/2022\/05\/MOC-82242-Medieval-Castle-II-3.jpg\" alt=\"MOC-82242 Medieval Castle II with 2570 pieces\" width=\"800\" height=\"800\" title=\"-\" srcset=\"https:\/\/mouldking.store\/wp-content\/uploads\/2022\/05\/MOC-82242-Medieval-Castle-II-3.jpg 800w, https:\/\/mouldking.store\/wp-content\/uploads\/2022\/05\/MOC-82242-Medieval-Castle-II-3-300x300.jpg 300w, https:\/\/mouldking.store\/wp-content\/uploads\/2022\/05\/MOC-82242-Medieval-Castle-II-3-768x768.jpg 768w, https:\/\/mouldking.store\/wp-content\/uploads\/2022\/05\/MOC-82242-Medieval-Castle-II-3-600x600.jpg 600w, https:\/\/mouldking.store\/wp-content\/uploads\/2022\/05\/MOC-82242-Medieval-Castle-II-3-150x150.jpg 150w\" sizes=\"(max-width: 800px) 100vw, 800px\" \/><figcaption id=\"caption-attachment-31668\" class=\"wp-caption-text\">MOC-82242 L\u00e2u \u0111\u00e0i th\u1eddi trung c\u1ed5 II v\u1edbi 2570 mi\u1ebfng<\/figcaption><\/figure>\n<figure id=\"attachment_31665\" aria-describedby=\"caption-attachment-31665\" style=\"width: 800px\" class=\"wp-caption aligncenter\"><img loading=\"lazy\" decoding=\"async\" class=\"wp-image-31665 size-full\" src=\"https:\/\/mouldking.store\/wp-content\/uploads\/2022\/05\/MOC-82242-Medieval-Castle-II-6.jpg\" alt=\"MOC-82242 Medieval Castle II with 2570 pieces\" width=\"800\" height=\"800\" title=\"-\" srcset=\"https:\/\/mouldking.store\/wp-content\/uploads\/2022\/05\/MOC-82242-Medieval-Castle-II-6.jpg 800w, https:\/\/mouldking.store\/wp-content\/uploads\/2022\/05\/MOC-82242-Medieval-Castle-II-6-300x300.jpg 300w, https:\/\/mouldking.store\/wp-content\/uploads\/2022\/05\/MOC-82242-Medieval-Castle-II-6-768x768.jpg 768w, https:\/\/mouldking.store\/wp-content\/uploads\/2022\/05\/MOC-82242-Medieval-Castle-II-6-600x600.jpg 600w, https:\/\/mouldking.store\/wp-content\/uploads\/2022\/05\/MOC-82242-Medieval-Castle-II-6-150x150.jpg 150w\" sizes=\"(max-width: 800px) 100vw, 800px\" \/><figcaption id=\"caption-attachment-31665\" class=\"wp-caption-text\">MOC-82242 L\u00e2u \u0111\u00e0i th\u1eddi trung c\u1ed5 II v\u1edbi 2570 mi\u1ebfng<\/figcaption><\/figure>","protected":false},"excerpt":{"rendered":"<p>Product information: Brand: MOC Gender: Unisex Name: Medieval Castle II Age Range: &gt; 6 years old Model Number: MOC-82242 Classification: Assemblage Plastic Block Shape: Self-Locking Bricks Material: Plastic Plastic Type: ABS Bricks Blocks: 2570 PCS Contains detailed assembly instructions. Time arrange: 4-8 weeks Notice: 1. Without an original box, but we guarantee our products have [&hellip;]<\/p>","protected":false},"featured_media":31664,"comment_status":"closed","ping_status":"closed","template":"","meta":{"_acf_changed":false},"product_cat":[390],"product_tag":[5644,5645,5646,5647,5648,5643],"class_list":["product","first","instock","shipping-taxable","purchasable","product-type-simple"],"acf":[],"_links":{"self":[{"href":"https:\/\/mouldking.store\/vi\/wp-json\/wp\/v2\/product\/31662","targetHints":{"allow":["GET"]}}],"collection":[{"href":"https:\/\/mouldking.store\/vi\/wp-json\/wp\/v2\/product"}],"about":[{"href":"https:\/\/mouldking.store\/vi\/wp-json\/wp\/v2\/types\/product"}],"replies":[{"embeddable":true,"href":"https:\/\/mouldking.store\/vi\/wp-json\/wp\/v2\/comments?post=31662"}],"wp:featuredmedia":[{"embeddable":true,"href":"https:\/\/mouldking.store\/vi\/wp-json\/wp\/v2\/media\/31664"}],"wp:attachment":[{"href":"https:\/\/mouldking.store\/vi\/wp-json\/wp\/v2\/media?parent=31662"}],"wp:term":[{"taxonomy":"product_cat","embeddable":true,"href":"https:\/\/mouldking.store\/vi\/wp-json\/wp\/v2\/product_cat?post=31662"},{"taxonomy":"product_tag","embeddable":true,"href":"https:\/\/mouldking.store\/vi\/wp-json\/wp\/v2\/product_tag?post=31662"}],"curies":[{"name":"wp","href":"https:\/\/api.w.org\/{rel}","templated":true}]}}