{"id":32187,"date":"2022-08-31T16:23:46","date_gmt":"2022-08-31T09:23:46","guid":{"rendered":"https:\/\/mouldking.store\/?post_type=product&#038;p=32187"},"modified":"2025-12-25T09:12:28","modified_gmt":"2025-12-25T02:12:28","slug":"moc-95438-medieval-prisoner-carriage-with-354-pieces","status":"publish","type":"product","link":"https:\/\/mouldking.store\/vi\/shop\/moc-95438-medieval-prisoner-carriage-with-354-pieces\/","title":{"rendered":"MOC-95438 Xe ch\u1edf t\u00f9 nh\u00e2n th\u1eddi trung c\u1ed5 v\u1edbi 354 m\u1ea3nh gh\u00e9p"},"content":{"rendered":"<p>Th\u00f4ng tin s\u1ea3n ph\u1ea9m:<\/p>\n<ol>\n<li>Th\u01b0\u01a1ng hi\u1ec7u: M\u1ed8C<\/li>\n<li>Gi\u1edbi t\u00ednh: Unisex<\/li>\n<li>T\u00ean: Xe ch\u1edf t\u00f9 nh\u00e2n th\u1eddi trung c\u1ed5<\/li>\n<li>\u0110\u1ed9 tu\u1ed5i: &gt; 6 tu\u1ed5i<\/li>\n<li>S\u1ed1 hi\u1ec7u: MOC-95438 \u2013 C7947<\/li>\n<li>Ph\u00e2n lo\u1ea1i: T\u1eadp h\u1ee3p<\/li>\n<li>H\u00ecnh d\u1ea1ng kh\u1ed1i nh\u1ef1a: G\u1ea1ch t\u1ef1 kh\u00f3a<\/li>\n<li>Ch\u1ea5t li\u1ec7u: Nh\u1ef1a<\/li>\n<li>Lo\u1ea1i nh\u1ef1a: ABS<\/li>\n<li>Kh\u1ed1i g\u1ea1ch: 354 C\u00c1I<\/li>\n<li>K\u00edch th\u01b0\u1edbc: 42,8 x 8 x 12 cm<\/li>\n<li>C\u00e2n n\u1eb7ng: 0,34kg<\/li>\n<li>Ch\u1ee9a h\u01b0\u1edbng d\u1eabn l\u1eafp r\u00e1p chi ti\u1ebft.<\/li>\n<\/ol>\n<p>\u0110\u1ec3 \u00fd:<br \/>\n1. Kh\u00f4ng c\u00f3 h\u1ed9p ban \u0111\u1ea7u, nh\u01b0ng ch\u00fang t\u00f4i \u0111\u1ea3m b\u1ea3o s\u1ea3n ph\u1ea9m c\u1ee7a ch\u00fang t\u00f4i c\u00f3 ch\u1ea5t l\u01b0\u1ee3ng \u0111\u1ea3m b\u1ea3o v\u00e0 bao b\u00ec \u0111\u1eb9p.<br \/>\n2. V\u00ec t\u1ea5t c\u1ea3 c\u00e1c b\u1ed9 ph\u1eadn ch\u00fang t\u00f4i \u0111\u00e3 ki\u1ec3m tra tr\u01b0\u1edbc khi v\u1eadn chuy\u1ec3n, v\u00ec v\u1eady n\u1ebfu b\u1ea1n th\u1ea5y m\u1ed9t s\u1ed1 b\u1ed9 ph\u1eadn b\u1ecb thi\u1ebfu ho\u1eb7c h\u01b0 h\u1ecfng, \u0111\u1eebng lo l\u1eafng v\u00e0 ch\u1ec9 c\u1ea7n vui l\u00f2ng li\u00ean h\u1ec7 v\u1edbi ch\u00fang t\u00f4i v\u00e0 ch\u00fang t\u00f4i c\u00f3 th\u1ec3 g\u1eedi l\u1ea1i mi\u1ec5n ph\u00ed cho b\u1ea1n ngay l\u1eadp t\u1ee9c.<\/p>\n<figure id=\"attachment_32189\" aria-describedby=\"caption-attachment-32189\" style=\"width: 800px\" class=\"wp-caption aligncenter\"><img fetchpriority=\"high\" decoding=\"async\" class=\"wp-image-32189 size-full\" src=\"https:\/\/mouldking.store\/wp-content\/uploads\/2022\/08\/MOCBRICKLAND-MOC-95438-Medieval-Prisoner-Carriage-3.jpg\" alt=\"MOC-95438 Medieval Prisoner Carriage with 354 Pieces\" width=\"800\" height=\"800\" title=\"-\" srcset=\"https:\/\/mouldking.store\/wp-content\/uploads\/2022\/08\/MOCBRICKLAND-MOC-95438-Medieval-Prisoner-Carriage-3.jpg 800w, https:\/\/mouldking.store\/wp-content\/uploads\/2022\/08\/MOCBRICKLAND-MOC-95438-Medieval-Prisoner-Carriage-3-300x300.jpg 300w, https:\/\/mouldking.store\/wp-content\/uploads\/2022\/08\/MOCBRICKLAND-MOC-95438-Medieval-Prisoner-Carriage-3-768x768.jpg 768w, https:\/\/mouldking.store\/wp-content\/uploads\/2022\/08\/MOCBRICKLAND-MOC-95438-Medieval-Prisoner-Carriage-3-600x600.jpg 600w, https:\/\/mouldking.store\/wp-content\/uploads\/2022\/08\/MOCBRICKLAND-MOC-95438-Medieval-Prisoner-Carriage-3-150x150.jpg 150w, https:\/\/mouldking.store\/wp-content\/uploads\/2022\/08\/MOCBRICKLAND-MOC-95438-Medieval-Prisoner-Carriage-3-60x60.jpg 60w, https:\/\/mouldking.store\/wp-content\/uploads\/2022\/08\/MOCBRICKLAND-MOC-95438-Medieval-Prisoner-Carriage-3-90x90.jpg 90w\" sizes=\"(max-width: 800px) 100vw, 800px\" \/><figcaption id=\"caption-attachment-32189\" class=\"wp-caption-text\">MOC-95438 Xe ch\u1edf t\u00f9 nh\u00e2n th\u1eddi trung c\u1ed5 v\u1edbi 354 m\u1ea3nh gh\u00e9p<\/figcaption><\/figure>\n<figure id=\"attachment_32190\" aria-describedby=\"caption-attachment-32190\" style=\"width: 800px\" class=\"wp-caption aligncenter\"><img decoding=\"async\" class=\"wp-image-32190 size-full\" src=\"https:\/\/mouldking.store\/wp-content\/uploads\/2022\/08\/MOCBRICKLAND-MOC-95438-Medieval-Prisoner-Carriage-2.jpg\" alt=\"MOC-95438 Medieval Prisoner Carriage with 354 Pieces\" width=\"800\" height=\"800\" title=\"-\" srcset=\"https:\/\/mouldking.store\/wp-content\/uploads\/2022\/08\/MOCBRICKLAND-MOC-95438-Medieval-Prisoner-Carriage-2.jpg 800w, https:\/\/mouldking.store\/wp-content\/uploads\/2022\/08\/MOCBRICKLAND-MOC-95438-Medieval-Prisoner-Carriage-2-300x300.jpg 300w, https:\/\/mouldking.store\/wp-content\/uploads\/2022\/08\/MOCBRICKLAND-MOC-95438-Medieval-Prisoner-Carriage-2-768x768.jpg 768w, https:\/\/mouldking.store\/wp-content\/uploads\/2022\/08\/MOCBRICKLAND-MOC-95438-Medieval-Prisoner-Carriage-2-600x600.jpg 600w, https:\/\/mouldking.store\/wp-content\/uploads\/2022\/08\/MOCBRICKLAND-MOC-95438-Medieval-Prisoner-Carriage-2-150x150.jpg 150w, https:\/\/mouldking.store\/wp-content\/uploads\/2022\/08\/MOCBRICKLAND-MOC-95438-Medieval-Prisoner-Carriage-2-60x60.jpg 60w, https:\/\/mouldking.store\/wp-content\/uploads\/2022\/08\/MOCBRICKLAND-MOC-95438-Medieval-Prisoner-Carriage-2-90x90.jpg 90w\" sizes=\"(max-width: 800px) 100vw, 800px\" \/><figcaption id=\"caption-attachment-32190\" class=\"wp-caption-text\">MOC-95438 Xe ch\u1edf t\u00f9 nh\u00e2n th\u1eddi trung c\u1ed5 v\u1edbi 354 m\u1ea3nh gh\u00e9p<\/figcaption><\/figure>\n<figure id=\"attachment_32188\" aria-describedby=\"caption-attachment-32188\" style=\"width: 800px\" class=\"wp-caption aligncenter\"><img decoding=\"async\" class=\"wp-image-32188 size-full\" src=\"https:\/\/mouldking.store\/wp-content\/uploads\/2022\/08\/MOCBRICKLAND-MOC-95438-Medieval-Prisoner-Carriage-4.jpg\" alt=\"MOC-95438 Medieval Prisoner Carriage with 354 Pieces\" width=\"800\" height=\"800\" title=\"-\" srcset=\"https:\/\/mouldking.store\/wp-content\/uploads\/2022\/08\/MOCBRICKLAND-MOC-95438-Medieval-Prisoner-Carriage-4.jpg 800w, https:\/\/mouldking.store\/wp-content\/uploads\/2022\/08\/MOCBRICKLAND-MOC-95438-Medieval-Prisoner-Carriage-4-300x300.jpg 300w, https:\/\/mouldking.store\/wp-content\/uploads\/2022\/08\/MOCBRICKLAND-MOC-95438-Medieval-Prisoner-Carriage-4-768x768.jpg 768w, https:\/\/mouldking.store\/wp-content\/uploads\/2022\/08\/MOCBRICKLAND-MOC-95438-Medieval-Prisoner-Carriage-4-600x600.jpg 600w, https:\/\/mouldking.store\/wp-content\/uploads\/2022\/08\/MOCBRICKLAND-MOC-95438-Medieval-Prisoner-Carriage-4-150x150.jpg 150w, https:\/\/mouldking.store\/wp-content\/uploads\/2022\/08\/MOCBRICKLAND-MOC-95438-Medieval-Prisoner-Carriage-4-60x60.jpg 60w, https:\/\/mouldking.store\/wp-content\/uploads\/2022\/08\/MOCBRICKLAND-MOC-95438-Medieval-Prisoner-Carriage-4-90x90.jpg 90w\" sizes=\"(max-width: 800px) 100vw, 800px\" \/><figcaption id=\"caption-attachment-32188\" class=\"wp-caption-text\">MOC-95438 Xe ch\u1edf t\u00f9 nh\u00e2n th\u1eddi trung c\u1ed5 v\u1edbi 354 m\u1ea3nh gh\u00e9p<\/figcaption><\/figure>\n<figure id=\"attachment_32193\" aria-describedby=\"caption-attachment-32193\" style=\"width: 800px\" class=\"wp-caption aligncenter\"><img loading=\"lazy\" decoding=\"async\" class=\"wp-image-32193 size-full\" src=\"https:\/\/mouldking.store\/wp-content\/uploads\/2022\/08\/MOCBRICKLAND-MOC-95438-Medieval-Prisoner-Carriage-5.jpg\" alt=\"MOC-95438 Medieval Prisoner Carriage with 354 Pieces\" width=\"800\" height=\"800\" title=\"-\" srcset=\"https:\/\/mouldking.store\/wp-content\/uploads\/2022\/08\/MOCBRICKLAND-MOC-95438-Medieval-Prisoner-Carriage-5.jpg 800w, https:\/\/mouldking.store\/wp-content\/uploads\/2022\/08\/MOCBRICKLAND-MOC-95438-Medieval-Prisoner-Carriage-5-300x300.jpg 300w, https:\/\/mouldking.store\/wp-content\/uploads\/2022\/08\/MOCBRICKLAND-MOC-95438-Medieval-Prisoner-Carriage-5-768x768.jpg 768w, https:\/\/mouldking.store\/wp-content\/uploads\/2022\/08\/MOCBRICKLAND-MOC-95438-Medieval-Prisoner-Carriage-5-600x600.jpg 600w, https:\/\/mouldking.store\/wp-content\/uploads\/2022\/08\/MOCBRICKLAND-MOC-95438-Medieval-Prisoner-Carriage-5-150x150.jpg 150w, https:\/\/mouldking.store\/wp-content\/uploads\/2022\/08\/MOCBRICKLAND-MOC-95438-Medieval-Prisoner-Carriage-5-60x60.jpg 60w, https:\/\/mouldking.store\/wp-content\/uploads\/2022\/08\/MOCBRICKLAND-MOC-95438-Medieval-Prisoner-Carriage-5-90x90.jpg 90w\" sizes=\"(max-width: 800px) 100vw, 800px\" \/><figcaption id=\"caption-attachment-32193\" class=\"wp-caption-text\">MOC-95438 Xe ch\u1edf t\u00f9 nh\u00e2n th\u1eddi trung c\u1ed5 v\u1edbi 354 m\u1ea3nh gh\u00e9p<\/figcaption><\/figure>\n<figure id=\"attachment_32192\" aria-describedby=\"caption-attachment-32192\" style=\"width: 800px\" class=\"wp-caption aligncenter\"><img loading=\"lazy\" decoding=\"async\" class=\"wp-image-32192 size-full\" src=\"https:\/\/mouldking.store\/wp-content\/uploads\/2022\/08\/MOCBRICKLAND-MOC-95438-Medieval-Prisoner-Carriage-6.jpg\" alt=\"MOC-95438 Medieval Prisoner Carriage with 354 Pieces\" width=\"800\" height=\"800\" title=\"-\" srcset=\"https:\/\/mouldking.store\/wp-content\/uploads\/2022\/08\/MOCBRICKLAND-MOC-95438-Medieval-Prisoner-Carriage-6.jpg 800w, https:\/\/mouldking.store\/wp-content\/uploads\/2022\/08\/MOCBRICKLAND-MOC-95438-Medieval-Prisoner-Carriage-6-300x300.jpg 300w, https:\/\/mouldking.store\/wp-content\/uploads\/2022\/08\/MOCBRICKLAND-MOC-95438-Medieval-Prisoner-Carriage-6-768x768.jpg 768w, https:\/\/mouldking.store\/wp-content\/uploads\/2022\/08\/MOCBRICKLAND-MOC-95438-Medieval-Prisoner-Carriage-6-600x600.jpg 600w, https:\/\/mouldking.store\/wp-content\/uploads\/2022\/08\/MOCBRICKLAND-MOC-95438-Medieval-Prisoner-Carriage-6-150x150.jpg 150w, https:\/\/mouldking.store\/wp-content\/uploads\/2022\/08\/MOCBRICKLAND-MOC-95438-Medieval-Prisoner-Carriage-6-60x60.jpg 60w, https:\/\/mouldking.store\/wp-content\/uploads\/2022\/08\/MOCBRICKLAND-MOC-95438-Medieval-Prisoner-Carriage-6-90x90.jpg 90w\" sizes=\"(max-width: 800px) 100vw, 800px\" \/><figcaption id=\"caption-attachment-32192\" class=\"wp-caption-text\">MOC-95438 Xe ch\u1edf t\u00f9 nh\u00e2n th\u1eddi trung c\u1ed5 v\u1edbi 354 m\u1ea3nh gh\u00e9p<\/figcaption><\/figure>\n<figure id=\"attachment_32191\" aria-describedby=\"caption-attachment-32191\" style=\"width: 800px\" class=\"wp-caption aligncenter\"><img loading=\"lazy\" decoding=\"async\" class=\"wp-image-32191 size-full\" src=\"https:\/\/mouldking.store\/wp-content\/uploads\/2022\/08\/MOCBRICKLAND-MOC-95438-Medieval-Prisoner-Carriage-1.jpg\" alt=\"MOC-95438 Medieval Prisoner Carriage with 354 Pieces\" width=\"800\" height=\"1126\" title=\"-\" srcset=\"https:\/\/mouldking.store\/wp-content\/uploads\/2022\/08\/MOCBRICKLAND-MOC-95438-Medieval-Prisoner-Carriage-1.jpg 800w, https:\/\/mouldking.store\/wp-content\/uploads\/2022\/08\/MOCBRICKLAND-MOC-95438-Medieval-Prisoner-Carriage-1-213x300.jpg 213w, https:\/\/mouldking.store\/wp-content\/uploads\/2022\/08\/MOCBRICKLAND-MOC-95438-Medieval-Prisoner-Carriage-1-728x1024.jpg 728w, https:\/\/mouldking.store\/wp-content\/uploads\/2022\/08\/MOCBRICKLAND-MOC-95438-Medieval-Prisoner-Carriage-1-768x1081.jpg 768w, https:\/\/mouldking.store\/wp-content\/uploads\/2022\/08\/MOCBRICKLAND-MOC-95438-Medieval-Prisoner-Carriage-1-300x422.jpg 300w, https:\/\/mouldking.store\/wp-content\/uploads\/2022\/08\/MOCBRICKLAND-MOC-95438-Medieval-Prisoner-Carriage-1-600x845.jpg 600w, https:\/\/mouldking.store\/wp-content\/uploads\/2022\/08\/MOCBRICKLAND-MOC-95438-Medieval-Prisoner-Carriage-1-107x150.jpg 107w, https:\/\/mouldking.store\/wp-content\/uploads\/2022\/08\/MOCBRICKLAND-MOC-95438-Medieval-Prisoner-Carriage-1-43x60.jpg 43w, https:\/\/mouldking.store\/wp-content\/uploads\/2022\/08\/MOCBRICKLAND-MOC-95438-Medieval-Prisoner-Carriage-1-64x90.jpg 64w\" sizes=\"(max-width: 800px) 100vw, 800px\" \/><figcaption id=\"caption-attachment-32191\" class=\"wp-caption-text\">MOC-95438 Xe ch\u1edf t\u00f9 nh\u00e2n th\u1eddi trung c\u1ed5 v\u1edbi 354 m\u1ea3nh gh\u00e9p<\/figcaption><\/figure>","protected":false},"excerpt":{"rendered":"<p>Product information: Brand: MOC Gender: Unisex Name: Medieval Prisoner Carriage Age Range: &gt; 6 years old Model Number: MOC-95438 &#8211; C7947 Classification: Assemblage Plastic Block Shape: Self-Locking Bricks Material: Plastic Plastic Type: ABS Bricks Blocks: 354 PCS Dimensions: 42.8 x 8 x 12 cm Weight: 0.34 kg Contains detailed assembly instructions. Notice: 1. Without an [&hellip;]<\/p>","protected":false},"featured_media":32190,"comment_status":"closed","ping_status":"closed","template":"","meta":{"_acf_changed":false},"product_cat":[371],"product_tag":[991,5758,5757,5756,5755],"class_list":["product","first","instock","shipping-taxable","purchasable","product-type-simple"],"acf":[],"_links":{"self":[{"href":"https:\/\/mouldking.store\/vi\/wp-json\/wp\/v2\/product\/32187","targetHints":{"allow":["GET"]}}],"collection":[{"href":"https:\/\/mouldking.store\/vi\/wp-json\/wp\/v2\/product"}],"about":[{"href":"https:\/\/mouldking.store\/vi\/wp-json\/wp\/v2\/types\/product"}],"replies":[{"embeddable":true,"href":"https:\/\/mouldking.store\/vi\/wp-json\/wp\/v2\/comments?post=32187"}],"wp:featuredmedia":[{"embeddable":true,"href":"https:\/\/mouldking.store\/vi\/wp-json\/wp\/v2\/media\/32190"}],"wp:attachment":[{"href":"https:\/\/mouldking.store\/vi\/wp-json\/wp\/v2\/media?parent=32187"}],"wp:term":[{"taxonomy":"product_cat","embeddable":true,"href":"https:\/\/mouldking.store\/vi\/wp-json\/wp\/v2\/product_cat?post=32187"},{"taxonomy":"product_tag","embeddable":true,"href":"https:\/\/mouldking.store\/vi\/wp-json\/wp\/v2\/product_tag?post=32187"}],"curies":[{"name":"wp","href":"https:\/\/api.w.org\/{rel}","templated":true}]}}