{"id":32262,"date":"2022-08-31T17:39:20","date_gmt":"2022-08-31T10:39:20","guid":{"rendered":"https:\/\/mouldking.store\/?post_type=product&#038;p=32262"},"modified":"2025-12-25T09:12:27","modified_gmt":"2025-12-25T02:12:27","slug":"moc-53395-halloween-surprise-spider-prank-scare-box-with-225-pieces","status":"publish","type":"product","link":"https:\/\/mouldking.store\/vi\/shop\/moc-53395-halloween-surprise-spider-prank-scare-box-with-225-pieces\/","title":{"rendered":"MOC-53395 \u0110i\u1ec1u b\u1ea5t ng\u1edd trong l\u1ec5 Halloween: H\u1ed8P S\u1ee2 H\u00c3I NG\u01af\u1edcI NH\u1ec6N v\u1edbi 225 mi\u1ebfng gh\u00e9p"},"content":{"rendered":"<p>Th\u00f4ng tin s\u1ea3n ph\u1ea9m:<\/p>\n<ol>\n<li>Th\u01b0\u01a1ng hi\u1ec7u: M\u1ed8C<\/li>\n<li>Gi\u1edbi t\u00ednh: Unisex<\/li>\n<li>Name: Halloween Surprise: SPIDER PRANK SCARE BOX<\/li>\n<li>\u0110\u1ed9 tu\u1ed5i: &gt; 6 tu\u1ed5i<\/li>\n<li>Model Number: MOC-53395 &#8211; C9073<\/li>\n<li>Ph\u00e2n lo\u1ea1i: T\u1eadp h\u1ee3p<\/li>\n<li>H\u00ecnh d\u1ea1ng kh\u1ed1i nh\u1ef1a: G\u1ea1ch t\u1ef1 kh\u00f3a<\/li>\n<li>Ch\u1ea5t li\u1ec7u: Nh\u1ef1a<\/li>\n<li>Lo\u1ea1i nh\u1ef1a: ABS<\/li>\n<li>Bricks Blocks: 225 PCS<\/li>\n<li>Dimensions: 15 x 10 x 10 cm<\/li>\n<li>Weight: 0.35 kg<\/li>\n<li>Ch\u1ee9a h\u01b0\u1edbng d\u1eabn l\u1eafp r\u00e1p chi ti\u1ebft.<\/li>\n<\/ol>\n<p>\u0110\u1ec3 \u00fd:<br \/>\n1. Kh\u00f4ng c\u00f3 h\u1ed9p ban \u0111\u1ea7u, nh\u01b0ng ch\u00fang t\u00f4i \u0111\u1ea3m b\u1ea3o s\u1ea3n ph\u1ea9m c\u1ee7a ch\u00fang t\u00f4i c\u00f3 ch\u1ea5t l\u01b0\u1ee3ng \u0111\u1ea3m b\u1ea3o v\u00e0 bao b\u00ec \u0111\u1eb9p.<br \/>\n2. V\u00ec t\u1ea5t c\u1ea3 c\u00e1c b\u1ed9 ph\u1eadn ch\u00fang t\u00f4i \u0111\u00e3 ki\u1ec3m tra tr\u01b0\u1edbc khi v\u1eadn chuy\u1ec3n, v\u00ec v\u1eady n\u1ebfu b\u1ea1n th\u1ea5y m\u1ed9t s\u1ed1 b\u1ed9 ph\u1eadn b\u1ecb thi\u1ebfu ho\u1eb7c h\u01b0 h\u1ecfng, \u0111\u1eebng lo l\u1eafng v\u00e0 ch\u1ec9 c\u1ea7n vui l\u00f2ng li\u00ean h\u1ec7 v\u1edbi ch\u00fang t\u00f4i v\u00e0 ch\u00fang t\u00f4i c\u00f3 th\u1ec3 g\u1eedi l\u1ea1i mi\u1ec5n ph\u00ed cho b\u1ea1n ngay l\u1eadp t\u1ee9c.<\/p>\n<figure id=\"attachment_32265\" aria-describedby=\"caption-attachment-32265\" style=\"width: 800px\" class=\"wp-caption aligncenter\"><img fetchpriority=\"high\" decoding=\"async\" class=\"wp-image-32265 size-full\" src=\"https:\/\/mouldking.store\/wp-content\/uploads\/2022\/08\/MOCBRICKLAND-MOC-53395-Halloween-Surprise-SPIDER-PRANK-SCARE-BOX-3.jpg\" alt=\"MOC-53395 Halloween Surprise: SPIDER PRANK SCARE BOX with 225 Pieces\" width=\"800\" height=\"800\" title=\"-\" srcset=\"https:\/\/mouldking.store\/wp-content\/uploads\/2022\/08\/MOCBRICKLAND-MOC-53395-Halloween-Surprise-SPIDER-PRANK-SCARE-BOX-3.jpg 800w, https:\/\/mouldking.store\/wp-content\/uploads\/2022\/08\/MOCBRICKLAND-MOC-53395-Halloween-Surprise-SPIDER-PRANK-SCARE-BOX-3-300x300.jpg 300w, https:\/\/mouldking.store\/wp-content\/uploads\/2022\/08\/MOCBRICKLAND-MOC-53395-Halloween-Surprise-SPIDER-PRANK-SCARE-BOX-3-768x768.jpg 768w, https:\/\/mouldking.store\/wp-content\/uploads\/2022\/08\/MOCBRICKLAND-MOC-53395-Halloween-Surprise-SPIDER-PRANK-SCARE-BOX-3-600x600.jpg 600w, https:\/\/mouldking.store\/wp-content\/uploads\/2022\/08\/MOCBRICKLAND-MOC-53395-Halloween-Surprise-SPIDER-PRANK-SCARE-BOX-3-150x150.jpg 150w, https:\/\/mouldking.store\/wp-content\/uploads\/2022\/08\/MOCBRICKLAND-MOC-53395-Halloween-Surprise-SPIDER-PRANK-SCARE-BOX-3-60x60.jpg 60w, https:\/\/mouldking.store\/wp-content\/uploads\/2022\/08\/MOCBRICKLAND-MOC-53395-Halloween-Surprise-SPIDER-PRANK-SCARE-BOX-3-90x90.jpg 90w\" sizes=\"(max-width: 800px) 100vw, 800px\" \/><figcaption id=\"caption-attachment-32265\" class=\"wp-caption-text\">MOC-53395 \u0110i\u1ec1u b\u1ea5t ng\u1edd trong l\u1ec5 Halloween: H\u1ed8P S\u1ee2 H\u00c3I NG\u01af\u1edcI NH\u1ec6N v\u1edbi 225 mi\u1ebfng gh\u00e9p<\/figcaption><\/figure>\n<figure id=\"attachment_32266\" aria-describedby=\"caption-attachment-32266\" style=\"width: 800px\" class=\"wp-caption aligncenter\"><img decoding=\"async\" class=\"wp-image-32266 size-full\" src=\"https:\/\/mouldking.store\/wp-content\/uploads\/2022\/08\/MOCBRICKLAND-MOC-53395-Halloween-Surprise-SPIDER-PRANK-SCARE-BOX-2.jpg\" alt=\"MOC-53395 Halloween Surprise: SPIDER PRANK SCARE BOX with 225 Pieces\" width=\"800\" height=\"800\" title=\"-\" srcset=\"https:\/\/mouldking.store\/wp-content\/uploads\/2022\/08\/MOCBRICKLAND-MOC-53395-Halloween-Surprise-SPIDER-PRANK-SCARE-BOX-2.jpg 800w, https:\/\/mouldking.store\/wp-content\/uploads\/2022\/08\/MOCBRICKLAND-MOC-53395-Halloween-Surprise-SPIDER-PRANK-SCARE-BOX-2-300x300.jpg 300w, https:\/\/mouldking.store\/wp-content\/uploads\/2022\/08\/MOCBRICKLAND-MOC-53395-Halloween-Surprise-SPIDER-PRANK-SCARE-BOX-2-768x768.jpg 768w, https:\/\/mouldking.store\/wp-content\/uploads\/2022\/08\/MOCBRICKLAND-MOC-53395-Halloween-Surprise-SPIDER-PRANK-SCARE-BOX-2-600x600.jpg 600w, https:\/\/mouldking.store\/wp-content\/uploads\/2022\/08\/MOCBRICKLAND-MOC-53395-Halloween-Surprise-SPIDER-PRANK-SCARE-BOX-2-150x150.jpg 150w, https:\/\/mouldking.store\/wp-content\/uploads\/2022\/08\/MOCBRICKLAND-MOC-53395-Halloween-Surprise-SPIDER-PRANK-SCARE-BOX-2-60x60.jpg 60w, https:\/\/mouldking.store\/wp-content\/uploads\/2022\/08\/MOCBRICKLAND-MOC-53395-Halloween-Surprise-SPIDER-PRANK-SCARE-BOX-2-90x90.jpg 90w\" sizes=\"(max-width: 800px) 100vw, 800px\" \/><figcaption id=\"caption-attachment-32266\" class=\"wp-caption-text\">MOC-53395 \u0110i\u1ec1u b\u1ea5t ng\u1edd trong l\u1ec5 Halloween: H\u1ed8P S\u1ee2 H\u00c3I NG\u01af\u1edcI NH\u1ec6N v\u1edbi 225 mi\u1ebfng gh\u00e9p<\/figcaption><\/figure>\n<figure id=\"attachment_32264\" aria-describedby=\"caption-attachment-32264\" style=\"width: 800px\" class=\"wp-caption aligncenter\"><img decoding=\"async\" class=\"wp-image-32264 size-full\" src=\"https:\/\/mouldking.store\/wp-content\/uploads\/2022\/08\/MOCBRICKLAND-MOC-53395-Halloween-Surprise-SPIDER-PRANK-SCARE-BOX-1.jpg\" alt=\"MOC-53395 Halloween Surprise: SPIDER PRANK SCARE BOX with 225 Pieces\" width=\"800\" height=\"1159\" title=\"-\" srcset=\"https:\/\/mouldking.store\/wp-content\/uploads\/2022\/08\/MOCBRICKLAND-MOC-53395-Halloween-Surprise-SPIDER-PRANK-SCARE-BOX-1.jpg 800w, https:\/\/mouldking.store\/wp-content\/uploads\/2022\/08\/MOCBRICKLAND-MOC-53395-Halloween-Surprise-SPIDER-PRANK-SCARE-BOX-1-207x300.jpg 207w, https:\/\/mouldking.store\/wp-content\/uploads\/2022\/08\/MOCBRICKLAND-MOC-53395-Halloween-Surprise-SPIDER-PRANK-SCARE-BOX-1-707x1024.jpg 707w, https:\/\/mouldking.store\/wp-content\/uploads\/2022\/08\/MOCBRICKLAND-MOC-53395-Halloween-Surprise-SPIDER-PRANK-SCARE-BOX-1-768x1113.jpg 768w, https:\/\/mouldking.store\/wp-content\/uploads\/2022\/08\/MOCBRICKLAND-MOC-53395-Halloween-Surprise-SPIDER-PRANK-SCARE-BOX-1-300x435.jpg 300w, https:\/\/mouldking.store\/wp-content\/uploads\/2022\/08\/MOCBRICKLAND-MOC-53395-Halloween-Surprise-SPIDER-PRANK-SCARE-BOX-1-600x869.jpg 600w, https:\/\/mouldking.store\/wp-content\/uploads\/2022\/08\/MOCBRICKLAND-MOC-53395-Halloween-Surprise-SPIDER-PRANK-SCARE-BOX-1-104x150.jpg 104w, https:\/\/mouldking.store\/wp-content\/uploads\/2022\/08\/MOCBRICKLAND-MOC-53395-Halloween-Surprise-SPIDER-PRANK-SCARE-BOX-1-41x60.jpg 41w, https:\/\/mouldking.store\/wp-content\/uploads\/2022\/08\/MOCBRICKLAND-MOC-53395-Halloween-Surprise-SPIDER-PRANK-SCARE-BOX-1-62x90.jpg 62w\" sizes=\"(max-width: 800px) 100vw, 800px\" \/><figcaption id=\"caption-attachment-32264\" class=\"wp-caption-text\">MOC-53395 \u0110i\u1ec1u b\u1ea5t ng\u1edd trong l\u1ec5 Halloween: H\u1ed8P S\u1ee2 H\u00c3I NG\u01af\u1edcI NH\u1ec6N v\u1edbi 225 mi\u1ebfng gh\u00e9p<\/figcaption><\/figure>\n<figure id=\"attachment_32263\" aria-describedby=\"caption-attachment-32263\" style=\"width: 800px\" class=\"wp-caption aligncenter\"><img loading=\"lazy\" decoding=\"async\" class=\"wp-image-32263 size-full\" src=\"https:\/\/mouldking.store\/wp-content\/uploads\/2022\/08\/MOCBRICKLAND-MOC-53395-Halloween-Surprise-SPIDER-PRANK-SCARE-BOX-4.jpg\" alt=\"MOC-53395 Halloween Surprise: SPIDER PRANK SCARE BOX with 225 Pieces\" width=\"800\" height=\"800\" title=\"-\" srcset=\"https:\/\/mouldking.store\/wp-content\/uploads\/2022\/08\/MOCBRICKLAND-MOC-53395-Halloween-Surprise-SPIDER-PRANK-SCARE-BOX-4.jpg 800w, https:\/\/mouldking.store\/wp-content\/uploads\/2022\/08\/MOCBRICKLAND-MOC-53395-Halloween-Surprise-SPIDER-PRANK-SCARE-BOX-4-300x300.jpg 300w, https:\/\/mouldking.store\/wp-content\/uploads\/2022\/08\/MOCBRICKLAND-MOC-53395-Halloween-Surprise-SPIDER-PRANK-SCARE-BOX-4-768x768.jpg 768w, https:\/\/mouldking.store\/wp-content\/uploads\/2022\/08\/MOCBRICKLAND-MOC-53395-Halloween-Surprise-SPIDER-PRANK-SCARE-BOX-4-600x600.jpg 600w, https:\/\/mouldking.store\/wp-content\/uploads\/2022\/08\/MOCBRICKLAND-MOC-53395-Halloween-Surprise-SPIDER-PRANK-SCARE-BOX-4-150x150.jpg 150w, https:\/\/mouldking.store\/wp-content\/uploads\/2022\/08\/MOCBRICKLAND-MOC-53395-Halloween-Surprise-SPIDER-PRANK-SCARE-BOX-4-60x60.jpg 60w, https:\/\/mouldking.store\/wp-content\/uploads\/2022\/08\/MOCBRICKLAND-MOC-53395-Halloween-Surprise-SPIDER-PRANK-SCARE-BOX-4-90x90.jpg 90w\" sizes=\"(max-width: 800px) 100vw, 800px\" \/><figcaption id=\"caption-attachment-32263\" class=\"wp-caption-text\">MOC-53395 \u0110i\u1ec1u b\u1ea5t ng\u1edd trong l\u1ec5 Halloween: H\u1ed8P S\u1ee2 H\u00c3I NG\u01af\u1edcI NH\u1ec6N v\u1edbi 225 mi\u1ebfng gh\u00e9p<\/figcaption><\/figure>","protected":false},"excerpt":{"rendered":"<p>Product information: Brand: MOC Gender: Unisex Name: Halloween Surprise: SPIDER PRANK SCARE BOX Age Range: &gt; 6 years old Model Number: MOC-53395 &#8211; C9073 Classification: Assemblage Plastic Block Shape: Self-Locking Bricks Material: Plastic Plastic Type: ABS Bricks Blocks: 225 PCS Dimensions: 15 x 10 x 10 cm Weight: 0.35 kg Contains detailed assembly instructions. Notice: [&hellip;]<\/p>","protected":false},"featured_media":32265,"comment_status":"closed","ping_status":"closed","template":"","meta":{"_acf_changed":false},"product_cat":[371],"product_tag":[5813,5812,5811,5810,5814],"class_list":["product","first","instock","shipping-taxable","purchasable","product-type-simple"],"acf":[],"_links":{"self":[{"href":"https:\/\/mouldking.store\/vi\/wp-json\/wp\/v2\/product\/32262","targetHints":{"allow":["GET"]}}],"collection":[{"href":"https:\/\/mouldking.store\/vi\/wp-json\/wp\/v2\/product"}],"about":[{"href":"https:\/\/mouldking.store\/vi\/wp-json\/wp\/v2\/types\/product"}],"replies":[{"embeddable":true,"href":"https:\/\/mouldking.store\/vi\/wp-json\/wp\/v2\/comments?post=32262"}],"wp:featuredmedia":[{"embeddable":true,"href":"https:\/\/mouldking.store\/vi\/wp-json\/wp\/v2\/media\/32265"}],"wp:attachment":[{"href":"https:\/\/mouldking.store\/vi\/wp-json\/wp\/v2\/media?parent=32262"}],"wp:term":[{"taxonomy":"product_cat","embeddable":true,"href":"https:\/\/mouldking.store\/vi\/wp-json\/wp\/v2\/product_cat?post=32262"},{"taxonomy":"product_tag","embeddable":true,"href":"https:\/\/mouldking.store\/vi\/wp-json\/wp\/v2\/product_tag?post=32262"}],"curies":[{"name":"wp","href":"https:\/\/api.w.org\/{rel}","templated":true}]}}