{"id":32275,"date":"2022-08-31T17:53:02","date_gmt":"2022-08-31T10:53:02","guid":{"rendered":"https:\/\/mouldking.store\/?post_type=product&#038;p=32275"},"modified":"2025-12-25T09:12:27","modified_gmt":"2025-12-25T02:12:27","slug":"moc-89589-star-wars-j-1-proton-cannon-with-923-pieces","status":"publish","type":"product","link":"https:\/\/mouldking.store\/vi\/shop\/moc-89589-star-wars-j-1-proton-cannon-with-923-pieces\/","title":{"rendered":"MOC-89589 Star Wars J-1 Proton Cannon v\u1edbi 923 m\u1ea3nh gh\u00e9p"},"content":{"rendered":"<p>Th\u00f4ng tin s\u1ea3n ph\u1ea9m:<\/p>\n<ol>\n<li>Th\u01b0\u01a1ng hi\u1ec7u: M\u1ed8C<\/li>\n<li>Gi\u1edbi t\u00ednh: Unisex<\/li>\n<li>T\u00ean: Star Wars J-1 Proton Cannon<\/li>\n<li>\u0110\u1ed9 tu\u1ed5i: &gt; 6 tu\u1ed5i<\/li>\n<li>S\u1ed1 hi\u1ec7u: MOC-89589 \u2013 C7956<\/li>\n<li>Ph\u00e2n lo\u1ea1i: T\u1eadp h\u1ee3p<\/li>\n<li>H\u00ecnh d\u1ea1ng kh\u1ed1i nh\u1ef1a: G\u1ea1ch t\u1ef1 kh\u00f3a<\/li>\n<li>Ch\u1ea5t li\u1ec7u: Nh\u1ef1a<\/li>\n<li>Lo\u1ea1i nh\u1ef1a: ABS<\/li>\n<li>Kh\u1ed1i g\u1ea1ch: 923 C\u00c1I<\/li>\n<li>K\u00edch th\u01b0\u1edbc: 35 x 32 x 16 cm<\/li>\n<li>C\u00e2n n\u1eb7ng: 0,52kg<\/li>\n<li>Ch\u1ee9a h\u01b0\u1edbng d\u1eabn l\u1eafp r\u00e1p chi ti\u1ebft.<\/li>\n<\/ol>\n<p>\u0110\u1ec3 \u00fd:<br \/>\n1. Kh\u00f4ng c\u00f3 h\u1ed9p ban \u0111\u1ea7u, nh\u01b0ng ch\u00fang t\u00f4i \u0111\u1ea3m b\u1ea3o s\u1ea3n ph\u1ea9m c\u1ee7a ch\u00fang t\u00f4i c\u00f3 ch\u1ea5t l\u01b0\u1ee3ng \u0111\u1ea3m b\u1ea3o v\u00e0 bao b\u00ec \u0111\u1eb9p.<br \/>\n2. V\u00ec t\u1ea5t c\u1ea3 c\u00e1c b\u1ed9 ph\u1eadn ch\u00fang t\u00f4i \u0111\u00e3 ki\u1ec3m tra tr\u01b0\u1edbc khi v\u1eadn chuy\u1ec3n, v\u00ec v\u1eady n\u1ebfu b\u1ea1n th\u1ea5y m\u1ed9t s\u1ed1 b\u1ed9 ph\u1eadn b\u1ecb thi\u1ebfu ho\u1eb7c h\u01b0 h\u1ecfng, \u0111\u1eebng lo l\u1eafng v\u00e0 ch\u1ec9 c\u1ea7n vui l\u00f2ng li\u00ean h\u1ec7 v\u1edbi ch\u00fang t\u00f4i v\u00e0 ch\u00fang t\u00f4i c\u00f3 th\u1ec3 g\u1eedi l\u1ea1i mi\u1ec5n ph\u00ed cho b\u1ea1n ngay l\u1eadp t\u1ee9c.<\/p>\n<figure id=\"attachment_32279\" aria-describedby=\"caption-attachment-32279\" style=\"width: 800px\" class=\"wp-caption aligncenter\"><img fetchpriority=\"high\" decoding=\"async\" class=\"wp-image-32279 size-full\" src=\"https:\/\/mouldking.store\/wp-content\/uploads\/2022\/08\/MOCBRICKLAND-MOC-89589-Star-Wars-J-1-Proton-Cannon-2.jpg\" alt=\"MOC-89589 Star Wars J-1 Proton Cannon with 923 Pieces\" width=\"800\" height=\"800\" title=\"-\" srcset=\"https:\/\/mouldking.store\/wp-content\/uploads\/2022\/08\/MOCBRICKLAND-MOC-89589-Star-Wars-J-1-Proton-Cannon-2.jpg 800w, https:\/\/mouldking.store\/wp-content\/uploads\/2022\/08\/MOCBRICKLAND-MOC-89589-Star-Wars-J-1-Proton-Cannon-2-300x300.jpg 300w, https:\/\/mouldking.store\/wp-content\/uploads\/2022\/08\/MOCBRICKLAND-MOC-89589-Star-Wars-J-1-Proton-Cannon-2-768x768.jpg 768w, https:\/\/mouldking.store\/wp-content\/uploads\/2022\/08\/MOCBRICKLAND-MOC-89589-Star-Wars-J-1-Proton-Cannon-2-600x600.jpg 600w, https:\/\/mouldking.store\/wp-content\/uploads\/2022\/08\/MOCBRICKLAND-MOC-89589-Star-Wars-J-1-Proton-Cannon-2-150x150.jpg 150w, https:\/\/mouldking.store\/wp-content\/uploads\/2022\/08\/MOCBRICKLAND-MOC-89589-Star-Wars-J-1-Proton-Cannon-2-60x60.jpg 60w, https:\/\/mouldking.store\/wp-content\/uploads\/2022\/08\/MOCBRICKLAND-MOC-89589-Star-Wars-J-1-Proton-Cannon-2-90x90.jpg 90w\" sizes=\"(max-width: 800px) 100vw, 800px\" \/><figcaption id=\"caption-attachment-32279\" class=\"wp-caption-text\">MOC-89589 Star Wars J-1 Proton Cannon v\u1edbi 923 m\u1ea3nh gh\u00e9p<\/figcaption><\/figure>\n<figure id=\"attachment_32280\" aria-describedby=\"caption-attachment-32280\" style=\"width: 800px\" class=\"wp-caption aligncenter\"><img decoding=\"async\" class=\"wp-image-32280 size-full\" src=\"https:\/\/mouldking.store\/wp-content\/uploads\/2022\/08\/MOCBRICKLAND-MOC-89589-Star-Wars-J-1-Proton-Cannon-3.jpg\" alt=\"MOC-89589 Star Wars J-1 Proton Cannon with 923 Pieces\" width=\"800\" height=\"800\" title=\"-\" srcset=\"https:\/\/mouldking.store\/wp-content\/uploads\/2022\/08\/MOCBRICKLAND-MOC-89589-Star-Wars-J-1-Proton-Cannon-3.jpg 800w, https:\/\/mouldking.store\/wp-content\/uploads\/2022\/08\/MOCBRICKLAND-MOC-89589-Star-Wars-J-1-Proton-Cannon-3-300x300.jpg 300w, https:\/\/mouldking.store\/wp-content\/uploads\/2022\/08\/MOCBRICKLAND-MOC-89589-Star-Wars-J-1-Proton-Cannon-3-768x768.jpg 768w, https:\/\/mouldking.store\/wp-content\/uploads\/2022\/08\/MOCBRICKLAND-MOC-89589-Star-Wars-J-1-Proton-Cannon-3-600x600.jpg 600w, https:\/\/mouldking.store\/wp-content\/uploads\/2022\/08\/MOCBRICKLAND-MOC-89589-Star-Wars-J-1-Proton-Cannon-3-150x150.jpg 150w, https:\/\/mouldking.store\/wp-content\/uploads\/2022\/08\/MOCBRICKLAND-MOC-89589-Star-Wars-J-1-Proton-Cannon-3-60x60.jpg 60w, https:\/\/mouldking.store\/wp-content\/uploads\/2022\/08\/MOCBRICKLAND-MOC-89589-Star-Wars-J-1-Proton-Cannon-3-90x90.jpg 90w\" sizes=\"(max-width: 800px) 100vw, 800px\" \/><figcaption id=\"caption-attachment-32280\" class=\"wp-caption-text\">MOC-89589 Star Wars J-1 Proton Cannon v\u1edbi 923 m\u1ea3nh gh\u00e9p<\/figcaption><\/figure>\n<figure id=\"attachment_32277\" aria-describedby=\"caption-attachment-32277\" style=\"width: 800px\" class=\"wp-caption aligncenter\"><img decoding=\"async\" class=\"wp-image-32277 size-full\" src=\"https:\/\/mouldking.store\/wp-content\/uploads\/2022\/08\/MOCBRICKLAND-MOC-89589-Star-Wars-J-1-Proton-Cannon-4.jpg\" alt=\"MOC-89589 Star Wars J-1 Proton Cannon with 923 Pieces\" width=\"800\" height=\"800\" title=\"-\" srcset=\"https:\/\/mouldking.store\/wp-content\/uploads\/2022\/08\/MOCBRICKLAND-MOC-89589-Star-Wars-J-1-Proton-Cannon-4.jpg 800w, https:\/\/mouldking.store\/wp-content\/uploads\/2022\/08\/MOCBRICKLAND-MOC-89589-Star-Wars-J-1-Proton-Cannon-4-300x300.jpg 300w, https:\/\/mouldking.store\/wp-content\/uploads\/2022\/08\/MOCBRICKLAND-MOC-89589-Star-Wars-J-1-Proton-Cannon-4-768x768.jpg 768w, https:\/\/mouldking.store\/wp-content\/uploads\/2022\/08\/MOCBRICKLAND-MOC-89589-Star-Wars-J-1-Proton-Cannon-4-600x600.jpg 600w, https:\/\/mouldking.store\/wp-content\/uploads\/2022\/08\/MOCBRICKLAND-MOC-89589-Star-Wars-J-1-Proton-Cannon-4-150x150.jpg 150w, https:\/\/mouldking.store\/wp-content\/uploads\/2022\/08\/MOCBRICKLAND-MOC-89589-Star-Wars-J-1-Proton-Cannon-4-60x60.jpg 60w, https:\/\/mouldking.store\/wp-content\/uploads\/2022\/08\/MOCBRICKLAND-MOC-89589-Star-Wars-J-1-Proton-Cannon-4-90x90.jpg 90w\" sizes=\"(max-width: 800px) 100vw, 800px\" \/><figcaption id=\"caption-attachment-32277\" class=\"wp-caption-text\">MOC-89589 Star Wars J-1 Proton Cannon v\u1edbi 923 m\u1ea3nh gh\u00e9p<\/figcaption><\/figure>\n<figure id=\"attachment_32278\" aria-describedby=\"caption-attachment-32278\" style=\"width: 800px\" class=\"wp-caption aligncenter\"><img loading=\"lazy\" decoding=\"async\" class=\"wp-image-32278 size-full\" src=\"https:\/\/mouldking.store\/wp-content\/uploads\/2022\/08\/MOCBRICKLAND-MOC-89589-Star-Wars-J-1-Proton-Cannon-1.jpg\" alt=\"MOC-89589 Star Wars J-1 Proton Cannon with 923 Pieces\" width=\"800\" height=\"1159\" title=\"-\" srcset=\"https:\/\/mouldking.store\/wp-content\/uploads\/2022\/08\/MOCBRICKLAND-MOC-89589-Star-Wars-J-1-Proton-Cannon-1.jpg 800w, https:\/\/mouldking.store\/wp-content\/uploads\/2022\/08\/MOCBRICKLAND-MOC-89589-Star-Wars-J-1-Proton-Cannon-1-207x300.jpg 207w, https:\/\/mouldking.store\/wp-content\/uploads\/2022\/08\/MOCBRICKLAND-MOC-89589-Star-Wars-J-1-Proton-Cannon-1-707x1024.jpg 707w, https:\/\/mouldking.store\/wp-content\/uploads\/2022\/08\/MOCBRICKLAND-MOC-89589-Star-Wars-J-1-Proton-Cannon-1-768x1113.jpg 768w, https:\/\/mouldking.store\/wp-content\/uploads\/2022\/08\/MOCBRICKLAND-MOC-89589-Star-Wars-J-1-Proton-Cannon-1-300x435.jpg 300w, https:\/\/mouldking.store\/wp-content\/uploads\/2022\/08\/MOCBRICKLAND-MOC-89589-Star-Wars-J-1-Proton-Cannon-1-600x869.jpg 600w, https:\/\/mouldking.store\/wp-content\/uploads\/2022\/08\/MOCBRICKLAND-MOC-89589-Star-Wars-J-1-Proton-Cannon-1-104x150.jpg 104w, https:\/\/mouldking.store\/wp-content\/uploads\/2022\/08\/MOCBRICKLAND-MOC-89589-Star-Wars-J-1-Proton-Cannon-1-41x60.jpg 41w, https:\/\/mouldking.store\/wp-content\/uploads\/2022\/08\/MOCBRICKLAND-MOC-89589-Star-Wars-J-1-Proton-Cannon-1-62x90.jpg 62w\" sizes=\"(max-width: 800px) 100vw, 800px\" \/><figcaption id=\"caption-attachment-32278\" class=\"wp-caption-text\">MOC-89589 Star Wars J-1 Proton Cannon v\u1edbi 923 m\u1ea3nh gh\u00e9p<\/figcaption><\/figure>\n<figure id=\"attachment_32276\" aria-describedby=\"caption-attachment-32276\" style=\"width: 800px\" class=\"wp-caption aligncenter\"><img loading=\"lazy\" decoding=\"async\" class=\"wp-image-32276 size-full\" src=\"https:\/\/mouldking.store\/wp-content\/uploads\/2022\/08\/MOCBRICKLAND-MOC-89589-Star-Wars-J-1-Proton-Cannon-5.jpg\" alt=\"MOC-89589 Star Wars J-1 Proton Cannon with 923 Pieces\" width=\"800\" height=\"800\" title=\"-\" srcset=\"https:\/\/mouldking.store\/wp-content\/uploads\/2022\/08\/MOCBRICKLAND-MOC-89589-Star-Wars-J-1-Proton-Cannon-5.jpg 800w, https:\/\/mouldking.store\/wp-content\/uploads\/2022\/08\/MOCBRICKLAND-MOC-89589-Star-Wars-J-1-Proton-Cannon-5-300x300.jpg 300w, https:\/\/mouldking.store\/wp-content\/uploads\/2022\/08\/MOCBRICKLAND-MOC-89589-Star-Wars-J-1-Proton-Cannon-5-768x768.jpg 768w, https:\/\/mouldking.store\/wp-content\/uploads\/2022\/08\/MOCBRICKLAND-MOC-89589-Star-Wars-J-1-Proton-Cannon-5-600x600.jpg 600w, https:\/\/mouldking.store\/wp-content\/uploads\/2022\/08\/MOCBRICKLAND-MOC-89589-Star-Wars-J-1-Proton-Cannon-5-150x150.jpg 150w, https:\/\/mouldking.store\/wp-content\/uploads\/2022\/08\/MOCBRICKLAND-MOC-89589-Star-Wars-J-1-Proton-Cannon-5-60x60.jpg 60w, https:\/\/mouldking.store\/wp-content\/uploads\/2022\/08\/MOCBRICKLAND-MOC-89589-Star-Wars-J-1-Proton-Cannon-5-90x90.jpg 90w\" sizes=\"(max-width: 800px) 100vw, 800px\" \/><figcaption id=\"caption-attachment-32276\" class=\"wp-caption-text\">MOC-89589 Star Wars J-1 Proton Cannon v\u1edbi 923 m\u1ea3nh gh\u00e9p<\/figcaption><\/figure>","protected":false},"excerpt":{"rendered":"<p>Product information: Brand: MOC Gender: Unisex Name: Star Wars J-1 Proton Cannon Age Range: &gt; 6 years old Model Number: MOC-89589 &#8211; C7956 Classification: Assemblage Plastic Block Shape: Self-Locking Bricks Material: Plastic Plastic Type: ABS Bricks Blocks: 923 PCS Dimensions: 35 x 32 x 16 cm Weight: 0.52 kg Contains detailed assembly instructions. Notice: 1. [&hellip;]<\/p>","protected":false},"featured_media":32279,"comment_status":"closed","ping_status":"closed","template":"","meta":{"_acf_changed":false},"product_cat":[415],"product_tag":[5822,5821,5820,436],"class_list":["product","first","instock","shipping-taxable","purchasable","product-type-simple"],"acf":[],"_links":{"self":[{"href":"https:\/\/mouldking.store\/vi\/wp-json\/wp\/v2\/product\/32275","targetHints":{"allow":["GET"]}}],"collection":[{"href":"https:\/\/mouldking.store\/vi\/wp-json\/wp\/v2\/product"}],"about":[{"href":"https:\/\/mouldking.store\/vi\/wp-json\/wp\/v2\/types\/product"}],"replies":[{"embeddable":true,"href":"https:\/\/mouldking.store\/vi\/wp-json\/wp\/v2\/comments?post=32275"}],"wp:featuredmedia":[{"embeddable":true,"href":"https:\/\/mouldking.store\/vi\/wp-json\/wp\/v2\/media\/32279"}],"wp:attachment":[{"href":"https:\/\/mouldking.store\/vi\/wp-json\/wp\/v2\/media?parent=32275"}],"wp:term":[{"taxonomy":"product_cat","embeddable":true,"href":"https:\/\/mouldking.store\/vi\/wp-json\/wp\/v2\/product_cat?post=32275"},{"taxonomy":"product_tag","embeddable":true,"href":"https:\/\/mouldking.store\/vi\/wp-json\/wp\/v2\/product_tag?post=32275"}],"curies":[{"name":"wp","href":"https:\/\/api.w.org\/{rel}","templated":true}]}}