{"id":32329,"date":"2022-09-14T09:56:00","date_gmt":"2022-09-14T02:56:00","guid":{"rendered":"https:\/\/mouldking.store\/?post_type=product&#038;p=32329"},"modified":"2022-09-14T09:56:00","modified_gmt":"2022-09-14T02:56:00","slug":"mould-king-21011-ucs-command-shuttle-upsilon-shuttle-with-6860-pieces","status":"publish","type":"product","link":"https:\/\/mouldking.store\/vi\/shop\/mould-king-21011-ucs-command-shuttle-upsilon-shuttle-with-6860-pieces\/","title":{"rendered":"Mold King 21011 T\u00e0u con thoi ch\u1ec9 huy UCS (Con t\u00e0u con thoi Upsilon) v\u1edbi 6860 mi\u1ebfng"},"content":{"rendered":"<p>Th\u00f4ng tin s\u1ea3n ph\u1ea9m:<\/p>\n<ol>\n<li>Th\u01b0\u01a1ng hi\u1ec7u: Khu\u00f4n Vua<\/li>\n<li>Gi\u1edbi t\u00ednh: Unisex<\/li>\n<li>T\u00ean: T\u00e0u con thoi ch\u1ec9 huy UCS (Con t\u00e0u con thoi Upsilon)<\/li>\n<li>\u0110\u1ed9 tu\u1ed5i: &gt; 6 tu\u1ed5i<\/li>\n<li>S\u1ed1 m\u00f4 h\u00ecnh: 21011<\/li>\n<li>Ph\u00e2n lo\u1ea1i: T\u1eadp h\u1ee3p<\/li>\n<li>H\u00ecnh d\u1ea1ng kh\u1ed1i nh\u1ef1a: G\u1ea1ch t\u1ef1 kh\u00f3a<\/li>\n<li>Ch\u1ea5t li\u1ec7u: Nh\u1ef1a<\/li>\n<li>Lo\u1ea1i nh\u1ef1a: ABS<\/li>\n<li>Kh\u1ed1i g\u1ea1ch: 6860 C\u00c1I<\/li>\n<li>K\u00edch th\u01b0\u1edbc: 46,8 \u00d7 39,9 \u00d7 83,4 cm<\/li>\n<li>Ch\u1ee9a h\u01b0\u1edbng d\u1eabn l\u1eafp r\u00e1p chi ti\u1ebft.<\/li>\n<\/ol>\n<p>\u0110\u1ec3 \u00fd:<br \/>\n1. Kh\u00f4ng c\u00f3 h\u1ed9p ban \u0111\u1ea7u, nh\u01b0ng ch\u00fang t\u00f4i \u0111\u1ea3m b\u1ea3o s\u1ea3n ph\u1ea9m c\u1ee7a ch\u00fang t\u00f4i c\u00f3 ch\u1ea5t l\u01b0\u1ee3ng \u0111\u1ea3m b\u1ea3o v\u00e0 bao b\u00ec \u0111\u1eb9p.<br \/>\n2. V\u00ec t\u1ea5t c\u1ea3 c\u00e1c b\u1ed9 ph\u1eadn ch\u00fang t\u00f4i \u0111\u00e3 ki\u1ec3m tra tr\u01b0\u1edbc khi v\u1eadn chuy\u1ec3n, v\u00ec v\u1eady n\u1ebfu b\u1ea1n th\u1ea5y m\u1ed9t s\u1ed1 b\u1ed9 ph\u1eadn b\u1ecb thi\u1ebfu ho\u1eb7c h\u01b0 h\u1ecfng, \u0111\u1eebng lo l\u1eafng v\u00e0 ch\u1ec9 c\u1ea7n vui l\u00f2ng li\u00ean h\u1ec7 v\u1edbi ch\u00fang t\u00f4i v\u00e0 ch\u00fang t\u00f4i c\u00f3 th\u1ec3 g\u1eedi l\u1ea1i mi\u1ec5n ph\u00ed cho b\u1ea1n ngay l\u1eadp t\u1ee9c.<\/p>\n<p>&nbsp;<\/p>\n<figure id=\"attachment_32330\" aria-describedby=\"caption-attachment-32330\" style=\"width: 800px\" class=\"wp-caption aligncenter\"><img fetchpriority=\"high\" decoding=\"async\" class=\"wp-image-32330 size-full\" src=\"https:\/\/mouldking.store\/wp-content\/uploads\/2022\/09\/Star-Wars-Mould-King-21011-UCS-Command-Shuttle-Upsilon-Shuttle-1.jpg\" alt=\"Mould King 21011 UCS Command Shuttle (Upsilon Shuttle) with 6860 Pieces\" width=\"800\" height=\"800\" title=\"-\" srcset=\"https:\/\/mouldking.store\/wp-content\/uploads\/2022\/09\/Star-Wars-Mould-King-21011-UCS-Command-Shuttle-Upsilon-Shuttle-1.jpg 800w, https:\/\/mouldking.store\/wp-content\/uploads\/2022\/09\/Star-Wars-Mould-King-21011-UCS-Command-Shuttle-Upsilon-Shuttle-1-300x300.jpg 300w, https:\/\/mouldking.store\/wp-content\/uploads\/2022\/09\/Star-Wars-Mould-King-21011-UCS-Command-Shuttle-Upsilon-Shuttle-1-768x768.jpg 768w, https:\/\/mouldking.store\/wp-content\/uploads\/2022\/09\/Star-Wars-Mould-King-21011-UCS-Command-Shuttle-Upsilon-Shuttle-1-600x600.jpg 600w, https:\/\/mouldking.store\/wp-content\/uploads\/2022\/09\/Star-Wars-Mould-King-21011-UCS-Command-Shuttle-Upsilon-Shuttle-1-150x150.jpg 150w, https:\/\/mouldking.store\/wp-content\/uploads\/2022\/09\/Star-Wars-Mould-King-21011-UCS-Command-Shuttle-Upsilon-Shuttle-1-60x60.jpg 60w, https:\/\/mouldking.store\/wp-content\/uploads\/2022\/09\/Star-Wars-Mould-King-21011-UCS-Command-Shuttle-Upsilon-Shuttle-1-90x90.jpg 90w\" sizes=\"(max-width: 800px) 100vw, 800px\" \/><figcaption id=\"caption-attachment-32330\" class=\"wp-caption-text\">Mold King 21011 T\u00e0u con thoi ch\u1ec9 huy UCS (Con t\u00e0u con thoi Upsilon) v\u1edbi 6860 mi\u1ebfng<\/figcaption><\/figure>\n<figure id=\"attachment_32334\" aria-describedby=\"caption-attachment-32334\" style=\"width: 800px\" class=\"wp-caption aligncenter\"><img decoding=\"async\" class=\"wp-image-32334 size-full\" src=\"https:\/\/mouldking.store\/wp-content\/uploads\/2022\/09\/Star-Wars-Mould-King-21011-UCS-Command-Shuttle-Upsilon-Shuttle-5.jpg\" alt=\"Mould King 21011 UCS Command Shuttle (Upsilon Shuttle) with 6860 Pieces\" width=\"800\" height=\"800\" title=\"-\" srcset=\"https:\/\/mouldking.store\/wp-content\/uploads\/2022\/09\/Star-Wars-Mould-King-21011-UCS-Command-Shuttle-Upsilon-Shuttle-5.jpg 800w, https:\/\/mouldking.store\/wp-content\/uploads\/2022\/09\/Star-Wars-Mould-King-21011-UCS-Command-Shuttle-Upsilon-Shuttle-5-300x300.jpg 300w, https:\/\/mouldking.store\/wp-content\/uploads\/2022\/09\/Star-Wars-Mould-King-21011-UCS-Command-Shuttle-Upsilon-Shuttle-5-768x768.jpg 768w, https:\/\/mouldking.store\/wp-content\/uploads\/2022\/09\/Star-Wars-Mould-King-21011-UCS-Command-Shuttle-Upsilon-Shuttle-5-600x600.jpg 600w, https:\/\/mouldking.store\/wp-content\/uploads\/2022\/09\/Star-Wars-Mould-King-21011-UCS-Command-Shuttle-Upsilon-Shuttle-5-150x150.jpg 150w, https:\/\/mouldking.store\/wp-content\/uploads\/2022\/09\/Star-Wars-Mould-King-21011-UCS-Command-Shuttle-Upsilon-Shuttle-5-60x60.jpg 60w, https:\/\/mouldking.store\/wp-content\/uploads\/2022\/09\/Star-Wars-Mould-King-21011-UCS-Command-Shuttle-Upsilon-Shuttle-5-90x90.jpg 90w\" sizes=\"(max-width: 800px) 100vw, 800px\" \/><figcaption id=\"caption-attachment-32334\" class=\"wp-caption-text\">Mold King 21011 T\u00e0u con thoi ch\u1ec9 huy UCS (Con t\u00e0u con thoi Upsilon) v\u1edbi 6860 mi\u1ebfng<\/figcaption><\/figure>\n<figure id=\"attachment_32333\" aria-describedby=\"caption-attachment-32333\" style=\"width: 800px\" class=\"wp-caption aligncenter\"><img decoding=\"async\" class=\"wp-image-32333 size-full\" src=\"https:\/\/mouldking.store\/wp-content\/uploads\/2022\/09\/Star-Wars-Mould-King-21011-UCS-Command-Shuttle-Upsilon-Shuttle-4.jpg\" alt=\"Mould King 21011 UCS Command Shuttle (Upsilon Shuttle) with 6860 Pieces\" width=\"800\" height=\"800\" title=\"-\" srcset=\"https:\/\/mouldking.store\/wp-content\/uploads\/2022\/09\/Star-Wars-Mould-King-21011-UCS-Command-Shuttle-Upsilon-Shuttle-4.jpg 800w, https:\/\/mouldking.store\/wp-content\/uploads\/2022\/09\/Star-Wars-Mould-King-21011-UCS-Command-Shuttle-Upsilon-Shuttle-4-300x300.jpg 300w, https:\/\/mouldking.store\/wp-content\/uploads\/2022\/09\/Star-Wars-Mould-King-21011-UCS-Command-Shuttle-Upsilon-Shuttle-4-768x768.jpg 768w, https:\/\/mouldking.store\/wp-content\/uploads\/2022\/09\/Star-Wars-Mould-King-21011-UCS-Command-Shuttle-Upsilon-Shuttle-4-600x600.jpg 600w, https:\/\/mouldking.store\/wp-content\/uploads\/2022\/09\/Star-Wars-Mould-King-21011-UCS-Command-Shuttle-Upsilon-Shuttle-4-150x150.jpg 150w, https:\/\/mouldking.store\/wp-content\/uploads\/2022\/09\/Star-Wars-Mould-King-21011-UCS-Command-Shuttle-Upsilon-Shuttle-4-60x60.jpg 60w, https:\/\/mouldking.store\/wp-content\/uploads\/2022\/09\/Star-Wars-Mould-King-21011-UCS-Command-Shuttle-Upsilon-Shuttle-4-90x90.jpg 90w\" sizes=\"(max-width: 800px) 100vw, 800px\" \/><figcaption id=\"caption-attachment-32333\" class=\"wp-caption-text\">Mold King 21011 T\u00e0u con thoi ch\u1ec9 huy UCS (Con t\u00e0u con thoi Upsilon) v\u1edbi 6860 mi\u1ebfng<\/figcaption><\/figure>\n<figure id=\"attachment_32332\" aria-describedby=\"caption-attachment-32332\" style=\"width: 800px\" class=\"wp-caption aligncenter\"><img loading=\"lazy\" decoding=\"async\" class=\"wp-image-32332 size-full\" src=\"https:\/\/mouldking.store\/wp-content\/uploads\/2022\/09\/Star-Wars-Mould-King-21011-UCS-Command-Shuttle-Upsilon-Shuttle-3.jpg\" alt=\"Mould King 21011 UCS Command Shuttle (Upsilon Shuttle) with 6860 Pieces\" width=\"800\" height=\"800\" title=\"-\" srcset=\"https:\/\/mouldking.store\/wp-content\/uploads\/2022\/09\/Star-Wars-Mould-King-21011-UCS-Command-Shuttle-Upsilon-Shuttle-3.jpg 800w, https:\/\/mouldking.store\/wp-content\/uploads\/2022\/09\/Star-Wars-Mould-King-21011-UCS-Command-Shuttle-Upsilon-Shuttle-3-300x300.jpg 300w, https:\/\/mouldking.store\/wp-content\/uploads\/2022\/09\/Star-Wars-Mould-King-21011-UCS-Command-Shuttle-Upsilon-Shuttle-3-768x768.jpg 768w, https:\/\/mouldking.store\/wp-content\/uploads\/2022\/09\/Star-Wars-Mould-King-21011-UCS-Command-Shuttle-Upsilon-Shuttle-3-600x600.jpg 600w, https:\/\/mouldking.store\/wp-content\/uploads\/2022\/09\/Star-Wars-Mould-King-21011-UCS-Command-Shuttle-Upsilon-Shuttle-3-150x150.jpg 150w, https:\/\/mouldking.store\/wp-content\/uploads\/2022\/09\/Star-Wars-Mould-King-21011-UCS-Command-Shuttle-Upsilon-Shuttle-3-60x60.jpg 60w, https:\/\/mouldking.store\/wp-content\/uploads\/2022\/09\/Star-Wars-Mould-King-21011-UCS-Command-Shuttle-Upsilon-Shuttle-3-90x90.jpg 90w\" sizes=\"(max-width: 800px) 100vw, 800px\" \/><figcaption id=\"caption-attachment-32332\" class=\"wp-caption-text\">Mold King 21011 T\u00e0u con thoi ch\u1ec9 huy UCS (Con t\u00e0u con thoi Upsilon) v\u1edbi 6860 mi\u1ebfng<\/figcaption><\/figure>\n<figure id=\"attachment_32331\" aria-describedby=\"caption-attachment-32331\" style=\"width: 800px\" class=\"wp-caption aligncenter\"><img loading=\"lazy\" decoding=\"async\" class=\"wp-image-32331 size-full\" src=\"https:\/\/mouldking.store\/wp-content\/uploads\/2022\/09\/Star-Wars-Mould-King-21011-UCS-Command-Shuttle-Upsilon-Shuttle-2.jpg\" alt=\"Mould King 21011 UCS Command Shuttle (Upsilon Shuttle) with 6860 Pieces\" width=\"800\" height=\"800\" title=\"-\" srcset=\"https:\/\/mouldking.store\/wp-content\/uploads\/2022\/09\/Star-Wars-Mould-King-21011-UCS-Command-Shuttle-Upsilon-Shuttle-2.jpg 800w, https:\/\/mouldking.store\/wp-content\/uploads\/2022\/09\/Star-Wars-Mould-King-21011-UCS-Command-Shuttle-Upsilon-Shuttle-2-300x300.jpg 300w, https:\/\/mouldking.store\/wp-content\/uploads\/2022\/09\/Star-Wars-Mould-King-21011-UCS-Command-Shuttle-Upsilon-Shuttle-2-768x768.jpg 768w, https:\/\/mouldking.store\/wp-content\/uploads\/2022\/09\/Star-Wars-Mould-King-21011-UCS-Command-Shuttle-Upsilon-Shuttle-2-600x600.jpg 600w, https:\/\/mouldking.store\/wp-content\/uploads\/2022\/09\/Star-Wars-Mould-King-21011-UCS-Command-Shuttle-Upsilon-Shuttle-2-150x150.jpg 150w, https:\/\/mouldking.store\/wp-content\/uploads\/2022\/09\/Star-Wars-Mould-King-21011-UCS-Command-Shuttle-Upsilon-Shuttle-2-60x60.jpg 60w, https:\/\/mouldking.store\/wp-content\/uploads\/2022\/09\/Star-Wars-Mould-King-21011-UCS-Command-Shuttle-Upsilon-Shuttle-2-90x90.jpg 90w\" sizes=\"(max-width: 800px) 100vw, 800px\" \/><figcaption id=\"caption-attachment-32331\" class=\"wp-caption-text\">Mold King 21011 T\u00e0u con thoi ch\u1ec9 huy UCS (Con t\u00e0u con thoi Upsilon) v\u1edbi 6860 mi\u1ebfng<\/figcaption><\/figure>","protected":false},"excerpt":{"rendered":"<p>Product information: Brand: Mould King Gender: Unisex Name: UCS Command Shuttle (Upsilon Shuttle) Age Range: &gt; 6 years old Model Number: 21011 Classification: Assemblage Plastic Block Shape: Self-Locking Bricks Material: Plastic Plastic Type: ABS Bricks Blocks: 6860 PCS Size: 46.8 \u00d7 39.9 \u00d7 83.4 cm Contains detailed assembly instructions. Notice: 1. Without an original box, [&hellip;]<\/p>","protected":false},"featured_media":32330,"comment_status":"closed","ping_status":"closed","template":"","meta":{"_acf_changed":false},"product_cat":[415],"product_tag":[5827,5826,5829,5828],"class_list":["product","first","instock","shipping-taxable","purchasable","product-type-simple"],"acf":[],"_links":{"self":[{"href":"https:\/\/mouldking.store\/vi\/wp-json\/wp\/v2\/product\/32329","targetHints":{"allow":["GET"]}}],"collection":[{"href":"https:\/\/mouldking.store\/vi\/wp-json\/wp\/v2\/product"}],"about":[{"href":"https:\/\/mouldking.store\/vi\/wp-json\/wp\/v2\/types\/product"}],"replies":[{"embeddable":true,"href":"https:\/\/mouldking.store\/vi\/wp-json\/wp\/v2\/comments?post=32329"}],"wp:featuredmedia":[{"embeddable":true,"href":"https:\/\/mouldking.store\/vi\/wp-json\/wp\/v2\/media\/32330"}],"wp:attachment":[{"href":"https:\/\/mouldking.store\/vi\/wp-json\/wp\/v2\/media?parent=32329"}],"wp:term":[{"taxonomy":"product_cat","embeddable":true,"href":"https:\/\/mouldking.store\/vi\/wp-json\/wp\/v2\/product_cat?post=32329"},{"taxonomy":"product_tag","embeddable":true,"href":"https:\/\/mouldking.store\/vi\/wp-json\/wp\/v2\/product_tag?post=32329"}],"curies":[{"name":"wp","href":"https:\/\/api.w.org\/{rel}","templated":true}]}}